{"id":2825,"date":"2020-04-16T10:29:33","date_gmt":"2020-04-16T08:29:33","guid":{"rendered":"https:\/\/pans.krosno.pl\/pracownicy\/?page_id=2825"},"modified":"2025-05-15T14:40:15","modified_gmt":"2025-05-15T12:40:15","slug":"barbara-lulek-najwazniejsze-publikacje","status":"publish","type":"page","link":"https:\/\/pans.krosno.pl\/pracownicy\/barbara-lulek\/barbara-lulek-najwazniejsze-publikacje\/","title":{"rendered":"dr Barbara Lulek &#8211; Najwa\u017cniejsze publikacje"},"content":{"rendered":"<hr>\n<p>Dorobek naukowy obejmuje 3 monografie autorskie, 5 monografii wielo-autorskich, kilkadziesi\u0105t artyku\u0142\u00f3w naukowych opublikowanych w czasopismach o zasi\u0119gu og\u00f3lnopolskim i mi\u0119dzynarodowym.<\/p>\n<p><strong>Wybrane publikacje:<\/strong><\/p>\n<ul>\n<li>Powi\u0105zania szko\u0142y z rodzina i \u015brodowiskiem lokalnym- pr\u00f3ba uj\u0119cia modelowego, Rocznik Komisji Nauk Pedagogicznych, Krak\u00f3w 2010, s. 53-68.<\/li>\n<li>Wybrane problemy z pedagogiki rodziny, Uniwersytet Rzeszowski, Rzesz\u00f3w 2010.<\/li>\n<li>How open are Polish teachers and parents for Maria Montessori\u2019s pedagogy? More-Montessori Research Europe, Newsletter December 2\/2012, Rzym, Centrum Studi\u00f3w M. Montessori, s.4-9.<\/li>\n<li>Szko\u0142a w percepcji uczni\u00f3w klas pocz\u0105tkowych. Kilka uwag do dyskusji, w: J.Burgerova, Komplexnos\u0165 a integrita v predprim\u00e1rnej, prim\u00e1rnej a \u0161peci\u00e1lnej eduk\u00e1cii. Zborn\u00edk pr\u00edspevkov z vedeckej konferencie s medzin\u00e1rodnou \u00fa\u010das\u0165ou organizovanej Pedagogickou fakultou PU pri pr\u00edle\u017eitosti 15. v\u00fdro\u010dia zalo\u017eenia Pre\u0161ovskej univerzity v Pre\u0161ove, Presov2012, s.163-170.<\/li>\n<li>Rodzina i szko\u0142a \u2013 mi\u0119dzy wsp\u00f3\u0142prac\u0105 a wsp\u00f3\u0142zawodnictwem, Krosno 2012, s. 326.<\/li>\n<li>Edukacja wobec wyzwa\u0144 wsp\u00f3\u0142czesno\u015bci. Rodzina-szko\u0142a-region-kultura. Krosno 2014, wyd. PWSZ w Kro\u015bnie, s. 425 (wsp\u00f3\u0142redaktor K. Szmyd).<\/li>\n<li>Rodzina i szko\u0142a w zmieniaj\u0105cej si\u0119 przestrzeni edukacyjnej. Dylematy czasu przemian, Rzesz\u00f3w 2014, rec. prof. zw. dr hab. S. Palka, rozdzia\u0142y I i IV, Wydawnictwo Bonus Liber, Towarzystwo Naukowe w Rzeszowie.<\/li>\n<li>O koncentracji, sp\u00f3jno\u015bci i aktywizacji jako strategiach budowania zaanga\u017cowania rodziny w \u017cycie szko\u0142y i spo\u0142eczno\u015bci lokalnej, Pedagogika Rodziny, 2014\/4, s. 167-177.<\/li>\n<li>W poszukiwaniu dr\u00f3g urzeczywistniania dobra dziecka. Pomi\u0119dzy wsp\u00f3\u0142prac\u0105 a rywalizacj\u0105, [w] Rodzina i szko\u0142a \u015brodowiskami urzeczywistniania warto\u015bci, red. W. Furmanek i A. D\u0142ugosz, Rzesz\u00f3w 2015, UR, s. 137-146.<\/li>\n<li>Pomi\u0119dzy koncentracj\u0105 a rozproszeniem. O r\u00f3wnowadze i nier\u00f3wnowadze si\u0142 w relacjach rodzic\u00f3w i nauczycieli, w: W trosce o rozw\u00f3j i wczesn\u0105 edukacj\u0119 dziecka, red. S. Guz, M. Centner-Guz, I. Zwierzchowska, Wydawnictwo UMCS, Lublin 201, s. 147-163.<\/li>\n<li>Miejsce rodzic\u00f3w w przestrzeni szko\u0142y. W kierunku budowania partycypacji spo\u0142ecznej, w: Wielowymiarowy obraz wsp\u00f3\u0142czesnej rodziny, red. naukowa Janusz Bielski, Akademia Humanistyczna im. Aleksandra Gieysztora, Pu\u0142tusk 2015, s. 15-32.<\/li>\n<li>Rada rodzic\u00f3w pomi\u0119dzy formaln\u0105 a nieformaln\u0105 edukacj\u0105 dziecka, Edukacja \u2013 Technika \u2013 Informatyka nr 3(17)2016, s. 22-32.<\/li>\n<li>Rodzice &#8211; nieujawniane czy niewykorzystane zasoby w procesie edukacji dziecka? w: E. Czerka-Fortuna, K. Kmita-Zaniewska, A. Zbierzchowska, Wydawnictwo Naukowe Katedra, Gda\u0144sk 2016, s. 464-487.<\/li>\n<li>Adaptacja \u2013 aktywizacja \u2013 animacja. O strategiach rodzicielskiego dzia\u0142ania w edukacji ma\u0142ego dziecka, [w:] Edukacja ma\u0142ego dziecka. Nauczyciel i dziecko w dobie kryzysu edukacji, tom 11, red. E.Ogrodzka-Mazur, U.Szu\u015bcik, B.Oelszlaeger-Kosturek, Impuls, Cieszyn &#8211; Krak\u00f3w 2017, s. 169-180.<\/li>\n<li>Ucze\u0144 wczesnej edukacji \u2013 pomi\u0119dzy oczekiwaniami rodzic\u00f3w i nauczycieli, [w:] Pedagogika wczesnoszkolna. Rekonstrukcje kluczowych problem\u00f3w, red. M.Magda-Adamowicz, I. Kopaczy\u0144ska, M.Nyczaj-Dr\u0105g, Toru\u0144 2017, s. 101-113.<\/li>\n<li>Od edukowania do rodzicielskiego dzia\u0142ania. O dostrzeganiu problem\u00f3w, gotowo\u015bci poszukiwania rozwi\u0105za\u0144 i podejmowaniu ryzyka w edukacji szkolnej dziecka, red J. Malinowska, E.Jezierska-Wiejak, Dziecko w sytuacjach uczenia si\u0119. Codzienno\u015b\u0107 w poznawaniu \u015bwiata i siebie, Wroc\u0142aw 2017, s. 175-186.<\/li>\n<li>Od rytua\u0142u przej\u015bcia do pu\u0142apek izonomii. Sposoby rozumienia rodzicielstwa przez rodzic\u00f3w uczni\u00f3w szko\u0142y podstawowej, Edukacja \u2013 Technika \u2013 Informatyka nr 4\/2018, s. 488-496.<\/li>\n<\/ul>\n<hr>\n<p>&nbsp;<\/p>\n","protected":false},"excerpt":{"rendered":"<p>Dorobek naukowy obejmuje 3 monografie autorskie, 5 monografii wielo-autorskich, kilkadziesi\u0105t artyku\u0142\u00f3w naukowych opublikowanych w czasopismach o zasi\u0119gu og\u00f3lnopolskim i mi\u0119dzynarodowym. Wybrane publikacje: Powi\u0105zania szko\u0142y z rodzina i \u015brodowiskiem lokalnym- pr\u00f3ba uj\u0119cia modelowego, Rocznik Komisji Nauk Pedagogicznych, Krak\u00f3w 2010, s. 53-68. Wybrane problemy z pedagogiki rodziny, Uniwersytet Rzeszowski, Rzesz\u00f3w 2010. How [\u2026] <\/p>\n<div class=\"clear\"><\/div>\n<p><a class=\"more_link clearfix\" href=\"https:\/\/pans.krosno.pl\/pracownicy\/barbara-lulek\/barbara-lulek-najwazniejsze-publikacje\/\" rel=\"nofollow\">Read More<\/a><\/p>\n","protected":false},"author":34,"featured_media":0,"parent":2816,"menu_order":0,"comment_status":"closed","ping_status":"closed","template":"","meta":{"ngg_post_thumbnail":0,"footnotes":""},"class_list":["post-2825","page","type-page","status-publish","hentry"],"yoast_head":"<!-- This site is optimized with the Yoast SEO Premium plugin v27.3 (Yoast SEO v27.3) - https:\/\/yoast.com\/product\/yoast-seo-premium-wordpress\/ -->\n<title>dr Barbara Lulek - Najwa\u017cniejsze publikacje - Pracownicy PANS w Kro\u015bnie<\/title>\n<meta name=\"robots\" content=\"index, follow, max-snippet:-1, max-image-preview:large, max-video-preview:-1\" \/>\n<link rel=\"canonical\" href=\"https:\/\/pans.krosno.pl\/pracownicy\/barbara-lulek\/barbara-lulek-najwazniejsze-publikacje\/\" \/>\n<meta property=\"og:locale\" content=\"pl_PL\" \/>\n<meta property=\"og:type\" content=\"article\" \/>\n<meta property=\"og:title\" content=\"dr Barbara Lulek - Najwa\u017cniejsze publikacje\" \/>\n<meta property=\"og:description\" content=\"Dorobek naukowy obejmuje 3 monografie autorskie, 5 monografii wielo-autorskich, kilkadziesi\u0105t artyku\u0142\u00f3w naukowych opublikowanych w czasopismach o zasi\u0119gu og\u00f3lnopolskim i mi\u0119dzynarodowym. Wybrane publikacje: Powi\u0105zania szko\u0142y z rodzina i \u015brodowiskiem lokalnym- pr\u00f3ba uj\u0119cia modelowego, Rocznik Komisji Nauk Pedagogicznych, Krak\u00f3w 2010, s. 53-68. Wybrane problemy z pedagogiki rodziny, Uniwersytet Rzeszowski, Rzesz\u00f3w 2010. How [\u2026] Read More\" \/>\n<meta property=\"og:url\" content=\"https:\/\/pans.krosno.pl\/pracownicy\/barbara-lulek\/barbara-lulek-najwazniejsze-publikacje\/\" \/>\n<meta property=\"og:site_name\" content=\"Pracownicy PANS w Kro\u015bnie\" \/>\n<meta property=\"article:modified_time\" content=\"2025-05-15T12:40:15+00:00\" \/>\n<meta name=\"twitter:card\" content=\"summary_large_image\" \/>\n<meta name=\"twitter:label1\" content=\"Szacowany czas czytania\" \/>\n\t<meta name=\"twitter:data1\" content=\"3 minuty\" \/>\n<script type=\"application\/ld+json\" class=\"yoast-schema-graph\">{\"@context\":\"https:\\\/\\\/schema.org\",\"@graph\":[{\"@type\":\"WebPage\",\"@id\":\"https:\\\/\\\/pans.krosno.pl\\\/pracownicy\\\/barbara-lulek\\\/barbara-lulek-najwazniejsze-publikacje\\\/\",\"url\":\"https:\\\/\\\/pans.krosno.pl\\\/pracownicy\\\/barbara-lulek\\\/barbara-lulek-najwazniejsze-publikacje\\\/\",\"name\":\"dr Barbara Lulek - Najwa\u017cniejsze publikacje - Pracownicy PANS w Kro\u015bnie\",\"isPartOf\":{\"@id\":\"https:\\\/\\\/pans.krosno.pl\\\/pracownicy\\\/#website\"},\"datePublished\":\"2020-04-16T08:29:33+00:00\",\"dateModified\":\"2025-05-15T12:40:15+00:00\",\"breadcrumb\":{\"@id\":\"https:\\\/\\\/pans.krosno.pl\\\/pracownicy\\\/barbara-lulek\\\/barbara-lulek-najwazniejsze-publikacje\\\/#breadcrumb\"},\"inLanguage\":\"pl-PL\",\"potentialAction\":[{\"@type\":\"ReadAction\",\"target\":[\"https:\\\/\\\/pans.krosno.pl\\\/pracownicy\\\/barbara-lulek\\\/barbara-lulek-najwazniejsze-publikacje\\\/\"]}]},{\"@type\":\"BreadcrumbList\",\"@id\":\"https:\\\/\\\/pans.krosno.pl\\\/pracownicy\\\/barbara-lulek\\\/barbara-lulek-najwazniejsze-publikacje\\\/#breadcrumb\",\"itemListElement\":[{\"@type\":\"ListItem\",\"position\":1,\"name\":\"Strona g\u0142\u00f3wna\",\"item\":\"https:\\\/\\\/pans.krosno.pl\\\/pracownicy\\\/\"},{\"@type\":\"ListItem\",\"position\":2,\"name\":\"dr Barbara Lulek\",\"item\":\"https:\\\/\\\/pans.krosno.pl\\\/pracownicy\\\/barbara-lulek\\\/\"},{\"@type\":\"ListItem\",\"position\":3,\"name\":\"dr Barbara Lulek &#8211; Najwa\u017cniejsze publikacje\"}]},{\"@type\":\"WebSite\",\"@id\":\"https:\\\/\\\/pans.krosno.pl\\\/pracownicy\\\/#website\",\"url\":\"https:\\\/\\\/pans.krosno.pl\\\/pracownicy\\\/\",\"name\":\"Pracownicy PANS w Kro\u015bnie\",\"description\":\"Pracownicy - Pa\u0144stwowa Akademia Nauk Stosowanych\",\"publisher\":{\"@id\":\"https:\\\/\\\/pans.krosno.pl\\\/pracownicy\\\/#organization\"},\"potentialAction\":[{\"@type\":\"SearchAction\",\"target\":{\"@type\":\"EntryPoint\",\"urlTemplate\":\"https:\\\/\\\/pans.krosno.pl\\\/pracownicy\\\/?s={search_term_string}\"},\"query-input\":{\"@type\":\"PropertyValueSpecification\",\"valueRequired\":true,\"valueName\":\"search_term_string\"}}],\"inLanguage\":\"pl-PL\"},{\"@type\":\"Organization\",\"@id\":\"https:\\\/\\\/pans.krosno.pl\\\/pracownicy\\\/#organization\",\"name\":\"Pracownicy PANS w Kro\u015bnie\",\"url\":\"https:\\\/\\\/pans.krosno.pl\\\/pracownicy\\\/\",\"logo\":{\"@type\":\"ImageObject\",\"inLanguage\":\"pl-PL\",\"@id\":\"https:\\\/\\\/pans.krosno.pl\\\/pracownicy\\\/#\\\/schema\\\/logo\\\/image\\\/\",\"url\":\"https:\\\/\\\/pans.krosno.pl\\\/pracownicy\\\/wp-content\\\/uploads\\\/sites\\\/41\\\/2023\\\/01\\\/Logo-PANS-2022-pelne.png\",\"contentUrl\":\"https:\\\/\\\/pans.krosno.pl\\\/pracownicy\\\/wp-content\\\/uploads\\\/sites\\\/41\\\/2023\\\/01\\\/Logo-PANS-2022-pelne.png\",\"width\":3096,\"height\":696,\"caption\":\"Pracownicy PANS w Kro\u015bnie\"},\"image\":{\"@id\":\"https:\\\/\\\/pans.krosno.pl\\\/pracownicy\\\/#\\\/schema\\\/logo\\\/image\\\/\"}}]}<\/script>\n<!-- \/ Yoast SEO Premium plugin. -->","yoast_head_json":{"title":"dr Barbara Lulek - Najwa\u017cniejsze publikacje - Pracownicy PANS w Kro\u015bnie","robots":{"index":"index","follow":"follow","max-snippet":"max-snippet:-1","max-image-preview":"max-image-preview:large","max-video-preview":"max-video-preview:-1"},"canonical":"https:\/\/pans.krosno.pl\/pracownicy\/barbara-lulek\/barbara-lulek-najwazniejsze-publikacje\/","og_locale":"pl_PL","og_type":"article","og_title":"dr Barbara Lulek - Najwa\u017cniejsze publikacje","og_description":"Dorobek naukowy obejmuje 3 monografie autorskie, 5 monografii wielo-autorskich, kilkadziesi\u0105t artyku\u0142\u00f3w naukowych opublikowanych w czasopismach o zasi\u0119gu og\u00f3lnopolskim i mi\u0119dzynarodowym. Wybrane publikacje: Powi\u0105zania szko\u0142y z rodzina i \u015brodowiskiem lokalnym- pr\u00f3ba uj\u0119cia modelowego, Rocznik Komisji Nauk Pedagogicznych, Krak\u00f3w 2010, s. 53-68. Wybrane problemy z pedagogiki rodziny, Uniwersytet Rzeszowski, Rzesz\u00f3w 2010. How [\u2026] Read More","og_url":"https:\/\/pans.krosno.pl\/pracownicy\/barbara-lulek\/barbara-lulek-najwazniejsze-publikacje\/","og_site_name":"Pracownicy PANS w Kro\u015bnie","article_modified_time":"2025-05-15T12:40:15+00:00","twitter_card":"summary_large_image","twitter_misc":{"Szacowany czas czytania":"3 minuty"},"schema":{"@context":"https:\/\/schema.org","@graph":[{"@type":"WebPage","@id":"https:\/\/pans.krosno.pl\/pracownicy\/barbara-lulek\/barbara-lulek-najwazniejsze-publikacje\/","url":"https:\/\/pans.krosno.pl\/pracownicy\/barbara-lulek\/barbara-lulek-najwazniejsze-publikacje\/","name":"dr Barbara Lulek - Najwa\u017cniejsze publikacje - Pracownicy PANS w Kro\u015bnie","isPartOf":{"@id":"https:\/\/pans.krosno.pl\/pracownicy\/#website"},"datePublished":"2020-04-16T08:29:33+00:00","dateModified":"2025-05-15T12:40:15+00:00","breadcrumb":{"@id":"https:\/\/pans.krosno.pl\/pracownicy\/barbara-lulek\/barbara-lulek-najwazniejsze-publikacje\/#breadcrumb"},"inLanguage":"pl-PL","potentialAction":[{"@type":"ReadAction","target":["https:\/\/pans.krosno.pl\/pracownicy\/barbara-lulek\/barbara-lulek-najwazniejsze-publikacje\/"]}]},{"@type":"BreadcrumbList","@id":"https:\/\/pans.krosno.pl\/pracownicy\/barbara-lulek\/barbara-lulek-najwazniejsze-publikacje\/#breadcrumb","itemListElement":[{"@type":"ListItem","position":1,"name":"Strona g\u0142\u00f3wna","item":"https:\/\/pans.krosno.pl\/pracownicy\/"},{"@type":"ListItem","position":2,"name":"dr Barbara Lulek","item":"https:\/\/pans.krosno.pl\/pracownicy\/barbara-lulek\/"},{"@type":"ListItem","position":3,"name":"dr Barbara Lulek &#8211; Najwa\u017cniejsze publikacje"}]},{"@type":"WebSite","@id":"https:\/\/pans.krosno.pl\/pracownicy\/#website","url":"https:\/\/pans.krosno.pl\/pracownicy\/","name":"Pracownicy PANS w Kro\u015bnie","description":"Pracownicy - Pa\u0144stwowa Akademia Nauk Stosowanych","publisher":{"@id":"https:\/\/pans.krosno.pl\/pracownicy\/#organization"},"potentialAction":[{"@type":"SearchAction","target":{"@type":"EntryPoint","urlTemplate":"https:\/\/pans.krosno.pl\/pracownicy\/?s={search_term_string}"},"query-input":{"@type":"PropertyValueSpecification","valueRequired":true,"valueName":"search_term_string"}}],"inLanguage":"pl-PL"},{"@type":"Organization","@id":"https:\/\/pans.krosno.pl\/pracownicy\/#organization","name":"Pracownicy PANS w Kro\u015bnie","url":"https:\/\/pans.krosno.pl\/pracownicy\/","logo":{"@type":"ImageObject","inLanguage":"pl-PL","@id":"https:\/\/pans.krosno.pl\/pracownicy\/#\/schema\/logo\/image\/","url":"https:\/\/pans.krosno.pl\/pracownicy\/wp-content\/uploads\/sites\/41\/2023\/01\/Logo-PANS-2022-pelne.png","contentUrl":"https:\/\/pans.krosno.pl\/pracownicy\/wp-content\/uploads\/sites\/41\/2023\/01\/Logo-PANS-2022-pelne.png","width":3096,"height":696,"caption":"Pracownicy PANS w Kro\u015bnie"},"image":{"@id":"https:\/\/pans.krosno.pl\/pracownicy\/#\/schema\/logo\/image\/"}}]}},"_links":{"self":[{"href":"https:\/\/pans.krosno.pl\/pracownicy\/wp-json\/wp\/v2\/pages\/2825","targetHints":{"allow":["GET"]}}],"collection":[{"href":"https:\/\/pans.krosno.pl\/pracownicy\/wp-json\/wp\/v2\/pages"}],"about":[{"href":"https:\/\/pans.krosno.pl\/pracownicy\/wp-json\/wp\/v2\/types\/page"}],"author":[{"embeddable":true,"href":"https:\/\/pans.krosno.pl\/pracownicy\/wp-json\/wp\/v2\/users\/34"}],"replies":[{"embeddable":true,"href":"https:\/\/pans.krosno.pl\/pracownicy\/wp-json\/wp\/v2\/comments?post=2825"}],"version-history":[{"count":3,"href":"https:\/\/pans.krosno.pl\/pracownicy\/wp-json\/wp\/v2\/pages\/2825\/revisions"}],"predecessor-version":[{"id":6432,"href":"https:\/\/pans.krosno.pl\/pracownicy\/wp-json\/wp\/v2\/pages\/2825\/revisions\/6432"}],"up":[{"embeddable":true,"href":"https:\/\/pans.krosno.pl\/pracownicy\/wp-json\/wp\/v2\/pages\/2816"}],"wp:attachment":[{"href":"https:\/\/pans.krosno.pl\/pracownicy\/wp-json\/wp\/v2\/media?parent=2825"}],"curies":[{"name":"wp","href":"https:\/\/api.w.org\/{rel}","templated":true}]}}