{"id":2821,"date":"2020-04-16T10:28:27","date_gmt":"2020-04-16T08:28:27","guid":{"rendered":"https:\/\/pans.krosno.pl\/pracownicy\/?page_id=2821"},"modified":"2025-05-15T14:39:59","modified_gmt":"2025-05-15T12:39:59","slug":"barbara-lulek-doswiadczenie-pozauczelniane","status":"publish","type":"page","link":"https:\/\/pans.krosno.pl\/pracownicy\/barbara-lulek\/barbara-lulek-doswiadczenie-pozauczelniane\/","title":{"rendered":"dr Barbara Lulek &#8211; Do\u015bwiadczenie pozauczelniane"},"content":{"rendered":"<hr>\n<ul>\n<li>Wieloletni wsp\u00f3\u0142pracownik podmiot\u00f3w \u015brodowiskowych zaanga\u017cowana w prace woluntarystyczne na rzecz dzieci, rodzic\u00f3w, nauczycieli przedszkoli i szk\u00f3\u0142 podstawowych.&nbsp;<\/li>\n<\/ul>\n<p><strong>Pe\u0142nione funkcje w projektach<\/strong><\/p>\n<ul>\n<li>Autorka projektu badawczego realizowanego na rzecz Podkarpackiego Stowarzyszenia Rodzicielstwa Zast\u0119pczego \u201eWielkie Serce. Wymiary funkcjonowania rodzin zast\u0119pczych\u201d. Rezultatami projektu zainteresowany by\u0142 Rzecznik Praw Dziecka,<\/li>\n<li>Autorka projektu pn.: \u201eTw\u00f3rcze dzieci-w poszukiwaniu indywidualno\u015bci\u201d nr POWR.03.01.00-00-U043\/17,<\/li>\n<li>Kierowniczka projektu pn.: \u201ePrzestrze\u0144 dla rodzic\u00f3w w szko\u0142ach podstawowych. O poziomach partycypacji rodzic\u00f3w w edukacji w\u0142asnego dziecka\u201d \u2013 indywidualny grant badawczy (cz\u0119\u015b\u0107 I, II, III, lata 2014-2016),<\/li>\n<li>Specjalistka w dziedzinie wsp\u00f3\u0142pracy \u015brodowiskowej w projekcie pn.: &#8222;Concepts and methods of an active parent work from the aspect of a possible education advice and educational planning&#8221; Reference N: 2012-1-DE2-GRU06-11335, lata 2013-2014,<\/li>\n<li>Specjalistka w zakresie organizacji wsp\u00f3\u0142pracy w \u015brodowisku lokalnym, konsultantka i cz\u0142onkini zespo\u0142u ewaluacyjnego w projekcie pn.: &#8222;Wdra\u017canie programu opieki dziennej na terenie powiatu brzozowskiego, jasielskiego, kro\u015bnie\u0144skiego i m. Krosna&#8221; nr RPPK.07.04.00-18-0028\/16,<\/li>\n<li>Specjalistka koordynuj\u0105ca prace nad opracowaniem program\u00f3w kszta\u0142cenia w projekcie pn.: \u201eStawiam na nauk\u0119. Akademia ma\u0142ego odkrywcy w PWSZ w Kro\u015bnie\u201d nr POWR.03.01.00-00-U053\/17.<\/li>\n<\/ul>\n<hr>\n<p>&nbsp;<\/p>\n","protected":false},"excerpt":{"rendered":"<p>Wieloletni wsp\u00f3\u0142pracownik podmiot\u00f3w \u015brodowiskowych zaanga\u017cowana w prace woluntarystyczne na rzecz dzieci, rodzic\u00f3w, nauczycieli przedszkoli i szk\u00f3\u0142 podstawowych.&nbsp; Pe\u0142nione funkcje w projektach Autorka projektu badawczego realizowanego na rzecz Podkarpackiego Stowarzyszenia Rodzicielstwa Zast\u0119pczego \u201eWielkie Serce. Wymiary funkcjonowania rodzin zast\u0119pczych\u201d. Rezultatami projektu zainteresowany by\u0142 Rzecznik Praw Dziecka, Autorka projektu pn.: \u201eTw\u00f3rcze dzieci-w poszukiwaniu [\u2026] <\/p>\n<div class=\"clear\"><\/div>\n<p><a class=\"more_link clearfix\" href=\"https:\/\/pans.krosno.pl\/pracownicy\/barbara-lulek\/barbara-lulek-doswiadczenie-pozauczelniane\/\" rel=\"nofollow\">Read More<\/a><\/p>\n","protected":false},"author":34,"featured_media":0,"parent":2816,"menu_order":0,"comment_status":"closed","ping_status":"closed","template":"","meta":{"ngg_post_thumbnail":0,"footnotes":""},"class_list":["post-2821","page","type-page","status-publish","hentry"],"yoast_head":"<!-- This site is optimized with the Yoast SEO Premium plugin v27.3 (Yoast SEO v27.3) - https:\/\/yoast.com\/product\/yoast-seo-premium-wordpress\/ -->\n<title>dr Barbara Lulek - Do\u015bwiadczenie pozauczelniane - Pracownicy PANS w Kro\u015bnie<\/title>\n<meta name=\"robots\" content=\"index, follow, max-snippet:-1, max-image-preview:large, max-video-preview:-1\" \/>\n<link rel=\"canonical\" href=\"https:\/\/pans.krosno.pl\/pracownicy\/barbara-lulek\/barbara-lulek-doswiadczenie-pozauczelniane\/\" \/>\n<meta property=\"og:locale\" content=\"pl_PL\" \/>\n<meta property=\"og:type\" content=\"article\" \/>\n<meta property=\"og:title\" content=\"dr Barbara Lulek - Do\u015bwiadczenie pozauczelniane\" \/>\n<meta property=\"og:description\" content=\"Wieloletni wsp\u00f3\u0142pracownik podmiot\u00f3w \u015brodowiskowych zaanga\u017cowana w prace woluntarystyczne na rzecz dzieci, rodzic\u00f3w, nauczycieli przedszkoli i szk\u00f3\u0142 podstawowych.&nbsp; Pe\u0142nione funkcje w projektach Autorka projektu badawczego realizowanego na rzecz Podkarpackiego Stowarzyszenia Rodzicielstwa Zast\u0119pczego \u201eWielkie Serce. Wymiary funkcjonowania rodzin zast\u0119pczych\u201d. Rezultatami projektu zainteresowany by\u0142 Rzecznik Praw Dziecka, Autorka projektu pn.: \u201eTw\u00f3rcze dzieci-w poszukiwaniu [\u2026] Read More\" \/>\n<meta property=\"og:url\" content=\"https:\/\/pans.krosno.pl\/pracownicy\/barbara-lulek\/barbara-lulek-doswiadczenie-pozauczelniane\/\" \/>\n<meta property=\"og:site_name\" content=\"Pracownicy PANS w Kro\u015bnie\" \/>\n<meta property=\"article:modified_time\" content=\"2025-05-15T12:39:59+00:00\" \/>\n<meta name=\"twitter:card\" content=\"summary_large_image\" \/>\n<meta name=\"twitter:label1\" content=\"Szacowany czas czytania\" \/>\n\t<meta name=\"twitter:data1\" content=\"1 minuta\" \/>\n<script type=\"application\/ld+json\" class=\"yoast-schema-graph\">{\"@context\":\"https:\\\/\\\/schema.org\",\"@graph\":[{\"@type\":\"WebPage\",\"@id\":\"https:\\\/\\\/pans.krosno.pl\\\/pracownicy\\\/barbara-lulek\\\/barbara-lulek-doswiadczenie-pozauczelniane\\\/\",\"url\":\"https:\\\/\\\/pans.krosno.pl\\\/pracownicy\\\/barbara-lulek\\\/barbara-lulek-doswiadczenie-pozauczelniane\\\/\",\"name\":\"dr Barbara Lulek - Do\u015bwiadczenie pozauczelniane - Pracownicy PANS w Kro\u015bnie\",\"isPartOf\":{\"@id\":\"https:\\\/\\\/pans.krosno.pl\\\/pracownicy\\\/#website\"},\"datePublished\":\"2020-04-16T08:28:27+00:00\",\"dateModified\":\"2025-05-15T12:39:59+00:00\",\"breadcrumb\":{\"@id\":\"https:\\\/\\\/pans.krosno.pl\\\/pracownicy\\\/barbara-lulek\\\/barbara-lulek-doswiadczenie-pozauczelniane\\\/#breadcrumb\"},\"inLanguage\":\"pl-PL\",\"potentialAction\":[{\"@type\":\"ReadAction\",\"target\":[\"https:\\\/\\\/pans.krosno.pl\\\/pracownicy\\\/barbara-lulek\\\/barbara-lulek-doswiadczenie-pozauczelniane\\\/\"]}]},{\"@type\":\"BreadcrumbList\",\"@id\":\"https:\\\/\\\/pans.krosno.pl\\\/pracownicy\\\/barbara-lulek\\\/barbara-lulek-doswiadczenie-pozauczelniane\\\/#breadcrumb\",\"itemListElement\":[{\"@type\":\"ListItem\",\"position\":1,\"name\":\"Strona g\u0142\u00f3wna\",\"item\":\"https:\\\/\\\/pans.krosno.pl\\\/pracownicy\\\/\"},{\"@type\":\"ListItem\",\"position\":2,\"name\":\"dr Barbara Lulek\",\"item\":\"https:\\\/\\\/pans.krosno.pl\\\/pracownicy\\\/barbara-lulek\\\/\"},{\"@type\":\"ListItem\",\"position\":3,\"name\":\"dr Barbara Lulek &#8211; Do\u015bwiadczenie pozauczelniane\"}]},{\"@type\":\"WebSite\",\"@id\":\"https:\\\/\\\/pans.krosno.pl\\\/pracownicy\\\/#website\",\"url\":\"https:\\\/\\\/pans.krosno.pl\\\/pracownicy\\\/\",\"name\":\"Pracownicy PANS w Kro\u015bnie\",\"description\":\"Pracownicy - Pa\u0144stwowa Akademia Nauk Stosowanych\",\"publisher\":{\"@id\":\"https:\\\/\\\/pans.krosno.pl\\\/pracownicy\\\/#organization\"},\"potentialAction\":[{\"@type\":\"SearchAction\",\"target\":{\"@type\":\"EntryPoint\",\"urlTemplate\":\"https:\\\/\\\/pans.krosno.pl\\\/pracownicy\\\/?s={search_term_string}\"},\"query-input\":{\"@type\":\"PropertyValueSpecification\",\"valueRequired\":true,\"valueName\":\"search_term_string\"}}],\"inLanguage\":\"pl-PL\"},{\"@type\":\"Organization\",\"@id\":\"https:\\\/\\\/pans.krosno.pl\\\/pracownicy\\\/#organization\",\"name\":\"Pracownicy PANS w Kro\u015bnie\",\"url\":\"https:\\\/\\\/pans.krosno.pl\\\/pracownicy\\\/\",\"logo\":{\"@type\":\"ImageObject\",\"inLanguage\":\"pl-PL\",\"@id\":\"https:\\\/\\\/pans.krosno.pl\\\/pracownicy\\\/#\\\/schema\\\/logo\\\/image\\\/\",\"url\":\"https:\\\/\\\/pans.krosno.pl\\\/pracownicy\\\/wp-content\\\/uploads\\\/sites\\\/41\\\/2023\\\/01\\\/Logo-PANS-2022-pelne.png\",\"contentUrl\":\"https:\\\/\\\/pans.krosno.pl\\\/pracownicy\\\/wp-content\\\/uploads\\\/sites\\\/41\\\/2023\\\/01\\\/Logo-PANS-2022-pelne.png\",\"width\":3096,\"height\":696,\"caption\":\"Pracownicy PANS w Kro\u015bnie\"},\"image\":{\"@id\":\"https:\\\/\\\/pans.krosno.pl\\\/pracownicy\\\/#\\\/schema\\\/logo\\\/image\\\/\"}}]}<\/script>\n<!-- \/ Yoast SEO Premium plugin. -->","yoast_head_json":{"title":"dr Barbara Lulek - Do\u015bwiadczenie pozauczelniane - Pracownicy PANS w Kro\u015bnie","robots":{"index":"index","follow":"follow","max-snippet":"max-snippet:-1","max-image-preview":"max-image-preview:large","max-video-preview":"max-video-preview:-1"},"canonical":"https:\/\/pans.krosno.pl\/pracownicy\/barbara-lulek\/barbara-lulek-doswiadczenie-pozauczelniane\/","og_locale":"pl_PL","og_type":"article","og_title":"dr Barbara Lulek - Do\u015bwiadczenie pozauczelniane","og_description":"Wieloletni wsp\u00f3\u0142pracownik podmiot\u00f3w \u015brodowiskowych zaanga\u017cowana w prace woluntarystyczne na rzecz dzieci, rodzic\u00f3w, nauczycieli przedszkoli i szk\u00f3\u0142 podstawowych.&nbsp; Pe\u0142nione funkcje w projektach Autorka projektu badawczego realizowanego na rzecz Podkarpackiego Stowarzyszenia Rodzicielstwa Zast\u0119pczego \u201eWielkie Serce. Wymiary funkcjonowania rodzin zast\u0119pczych\u201d. Rezultatami projektu zainteresowany by\u0142 Rzecznik Praw Dziecka, Autorka projektu pn.: \u201eTw\u00f3rcze dzieci-w poszukiwaniu [\u2026] Read More","og_url":"https:\/\/pans.krosno.pl\/pracownicy\/barbara-lulek\/barbara-lulek-doswiadczenie-pozauczelniane\/","og_site_name":"Pracownicy PANS w Kro\u015bnie","article_modified_time":"2025-05-15T12:39:59+00:00","twitter_card":"summary_large_image","twitter_misc":{"Szacowany czas czytania":"1 minuta"},"schema":{"@context":"https:\/\/schema.org","@graph":[{"@type":"WebPage","@id":"https:\/\/pans.krosno.pl\/pracownicy\/barbara-lulek\/barbara-lulek-doswiadczenie-pozauczelniane\/","url":"https:\/\/pans.krosno.pl\/pracownicy\/barbara-lulek\/barbara-lulek-doswiadczenie-pozauczelniane\/","name":"dr Barbara Lulek - Do\u015bwiadczenie pozauczelniane - Pracownicy PANS w Kro\u015bnie","isPartOf":{"@id":"https:\/\/pans.krosno.pl\/pracownicy\/#website"},"datePublished":"2020-04-16T08:28:27+00:00","dateModified":"2025-05-15T12:39:59+00:00","breadcrumb":{"@id":"https:\/\/pans.krosno.pl\/pracownicy\/barbara-lulek\/barbara-lulek-doswiadczenie-pozauczelniane\/#breadcrumb"},"inLanguage":"pl-PL","potentialAction":[{"@type":"ReadAction","target":["https:\/\/pans.krosno.pl\/pracownicy\/barbara-lulek\/barbara-lulek-doswiadczenie-pozauczelniane\/"]}]},{"@type":"BreadcrumbList","@id":"https:\/\/pans.krosno.pl\/pracownicy\/barbara-lulek\/barbara-lulek-doswiadczenie-pozauczelniane\/#breadcrumb","itemListElement":[{"@type":"ListItem","position":1,"name":"Strona g\u0142\u00f3wna","item":"https:\/\/pans.krosno.pl\/pracownicy\/"},{"@type":"ListItem","position":2,"name":"dr Barbara Lulek","item":"https:\/\/pans.krosno.pl\/pracownicy\/barbara-lulek\/"},{"@type":"ListItem","position":3,"name":"dr Barbara Lulek &#8211; Do\u015bwiadczenie pozauczelniane"}]},{"@type":"WebSite","@id":"https:\/\/pans.krosno.pl\/pracownicy\/#website","url":"https:\/\/pans.krosno.pl\/pracownicy\/","name":"Pracownicy PANS w Kro\u015bnie","description":"Pracownicy - Pa\u0144stwowa Akademia Nauk Stosowanych","publisher":{"@id":"https:\/\/pans.krosno.pl\/pracownicy\/#organization"},"potentialAction":[{"@type":"SearchAction","target":{"@type":"EntryPoint","urlTemplate":"https:\/\/pans.krosno.pl\/pracownicy\/?s={search_term_string}"},"query-input":{"@type":"PropertyValueSpecification","valueRequired":true,"valueName":"search_term_string"}}],"inLanguage":"pl-PL"},{"@type":"Organization","@id":"https:\/\/pans.krosno.pl\/pracownicy\/#organization","name":"Pracownicy PANS w Kro\u015bnie","url":"https:\/\/pans.krosno.pl\/pracownicy\/","logo":{"@type":"ImageObject","inLanguage":"pl-PL","@id":"https:\/\/pans.krosno.pl\/pracownicy\/#\/schema\/logo\/image\/","url":"https:\/\/pans.krosno.pl\/pracownicy\/wp-content\/uploads\/sites\/41\/2023\/01\/Logo-PANS-2022-pelne.png","contentUrl":"https:\/\/pans.krosno.pl\/pracownicy\/wp-content\/uploads\/sites\/41\/2023\/01\/Logo-PANS-2022-pelne.png","width":3096,"height":696,"caption":"Pracownicy PANS w Kro\u015bnie"},"image":{"@id":"https:\/\/pans.krosno.pl\/pracownicy\/#\/schema\/logo\/image\/"}}]}},"_links":{"self":[{"href":"https:\/\/pans.krosno.pl\/pracownicy\/wp-json\/wp\/v2\/pages\/2821","targetHints":{"allow":["GET"]}}],"collection":[{"href":"https:\/\/pans.krosno.pl\/pracownicy\/wp-json\/wp\/v2\/pages"}],"about":[{"href":"https:\/\/pans.krosno.pl\/pracownicy\/wp-json\/wp\/v2\/types\/page"}],"author":[{"embeddable":true,"href":"https:\/\/pans.krosno.pl\/pracownicy\/wp-json\/wp\/v2\/users\/34"}],"replies":[{"embeddable":true,"href":"https:\/\/pans.krosno.pl\/pracownicy\/wp-json\/wp\/v2\/comments?post=2821"}],"version-history":[{"count":35,"href":"https:\/\/pans.krosno.pl\/pracownicy\/wp-json\/wp\/v2\/pages\/2821\/revisions"}],"predecessor-version":[{"id":8181,"href":"https:\/\/pans.krosno.pl\/pracownicy\/wp-json\/wp\/v2\/pages\/2821\/revisions\/8181"}],"up":[{"embeddable":true,"href":"https:\/\/pans.krosno.pl\/pracownicy\/wp-json\/wp\/v2\/pages\/2816"}],"wp:attachment":[{"href":"https:\/\/pans.krosno.pl\/pracownicy\/wp-json\/wp\/v2\/media?parent=2821"}],"curies":[{"name":"wp","href":"https:\/\/api.w.org\/{rel}","templated":true}]}}