{"id":2803,"date":"2020-04-16T09:54:46","date_gmt":"2020-04-16T07:54:46","guid":{"rendered":"https:\/\/pans.krosno.pl\/pracownicy\/?page_id=2803"},"modified":"2025-05-20T13:51:46","modified_gmt":"2025-05-20T11:51:46","slug":"alicja-ungeheuer-golab-najwazniejsze-publikacje","status":"publish","type":"page","link":"https:\/\/pans.krosno.pl\/pracownicy\/alicja-ungeheuer-golab\/alicja-ungeheuer-golab-najwazniejsze-publikacje\/","title":{"rendered":"dr hab. Alicja Ungeheuer-Go\u0142\u0105b, prof. PANS &#8211; Najwa\u017cniejsze publikacje"},"content":{"rendered":"<hr>\n<p style=\"text-align: center\"><strong>Publikacje (wybrane)<\/strong><\/p>\n<p><strong>Prace zwarte<\/strong><\/p>\n<ol>\n<li>Poezja dzieci\u0144stwa, czyli droga ku wra\u017cliwo\u015bci, Wydawnictwo Wy\u017cszej Szko\u0142y Pedagogicznej, Rzesz\u00f3w 1999.<\/li>\n<li>Tekst poetycki w edukacji estetycznej dziecka, Wydawnictwo Uniwersytetu Rzeszowskiego, Rzesz\u00f3w 2007.<\/li>\n<li>Wzorce ruchowe utwor\u00f3w dla dzieci. O literaturze dzieci\u0119cej jako w\u0119dr\u00f3wce, walce, tajemnicy, bezpiecznym miejscu i zabawie, Wydawnictwo Uniwersytetu Rzeszowskiego, Rzesz\u00f3w 2009.<\/li>\n<li>Rozw\u00f3j kontakt\u00f3w ma\u0142ego dziecka z ksi\u0105\u017ck\u0105. Podr\u0119cznik, Wydawnictwo SBP, Warszawa 2011, ss. 123.<\/li>\n<li>Literackie inspiracje w rozwoju przedszkolaka, Wydawnictwo SBP, Warszawa 2012, ss. 156.<\/li>\n<\/ol>\n<p><strong>Prace pod redakcj\u0105<\/strong><\/p>\n<ol>\n<li>W pobli\u017cu literatury dzieci\u0119cej, Wydawnictwo Uniwersytetu Rzeszowskiego, Rzesz\u00f3w 2008.<\/li>\n<li>Noosfera literacka. Problemy wychowania i terapii poprzez literatur\u0119 dla dzieci, Wydawnictwo UR, Rzesz\u00f3w 2012. (wsp\u00f3\u0142red. Ma\u0142gorzata Chrobak).<\/li>\n<li>O tym, co Alicja odkry\u0142a\u2026 W kr\u0119gu bada\u0144 nad toposem dzieci\u0144stwa i literatur\u0105 dla dzieci i m\u0142odzie\u017cy, Wydawnictwo Naukowe UP, Krak\u00f3w 2015. (wsp\u00f3\u0142red. Malgorzata Chrobak, Micha\u0142 Rogo\u017c).<\/li>\n<li>Literatura i inne sztuki w przestrzeni edukacyjnej dziecka (wsp\u00f3\u0142red. Urszula Kope\u0107), Wydawnictwo Uniwersytetu Rzeszowskiego, Rzesz\u00f3w 2016, ss. 357.<\/li>\n<\/ol>\n<p><strong>Artyku\u0142y &#8211; (tylko z ostatnich kilku lat)<\/strong><\/p>\n<ol>\n<li>O dobrej dziewczynie (w przestrzeni wybranych ba\u015bni ludowych), \u201eAnnales Universitatis Paedagogicae Cracoviensis. Studia Historicolitteraria\u201d, t. XIV, z. 173, 2014.<\/li>\n<li>Children&#8217;s theatricalization of the world or between &#8222;for real&#8221; and &#8222;make &#8211; believe&#8221;, \u201eFiloteknos\u201d Mimesis and Beyond in Fictional Worlds, ed. by Dorota Ko\u0142odziejczyk, Stephanie Branson, D. Michu\u0142ka i R. Waksmund, \u201eFiloteknos\u201d 2013\/2014, nr 4, s. 195- 203.<\/li>\n<li>Intersemiotyczne ceremonie Alicji Baluch [w:] O tym, co Alicja odkry\u0142a\u2026 W kr\u0119gu bada\u0144 nad toposem dzieci\u0144stwa i literatur\u0105 dla dzieci i m\u0142odzie\u017cy, pod red. A. Ungeheuer-Go\u0142\u0105b, M. Chrobak, M. Rogo\u017ca, Wydawnictwo Naukowe UP, Krak\u00f3w 2015, s. 22-32.<\/li>\n<li>Gdy ta\u0144cz\u0119, to m\u00f3wi\u0119. Pro- i parataneczne komunikowanie si\u0119 dziecka ze \u015bwiatem, \u201eGlissando\u201d 2015, nr 27(27).<\/li>\n<li>Obrazek na ca\u0142e \u017cycie. O roli pierwszych obraz\u00f3w\/ilustracji w \u017cyciu dziecka na przyk\u0142adzie autodo\u015bwiadczania, \u201eChowanna\u201d 2015, nr 2, s. 105-117.<\/li>\n<li>O terapeutycznych warto\u015bciach dzie\u0142a literackiego i wynikaj\u0105cych st\u0105d w\u0105tpliwo\u015bciach [w:] Wsparcie wczesnorozwojowe dzieci zagro\u017conych niepe\u0142nosprawno\u015bci\u0105 i niepe\u0142nosprawnych pod red. Krystyny Bar\u0142\u00f3g, Wydawnictwo UR, Rzesz\u00f3w 2015, s. 62-71.<\/li>\n<li>Literatura dla dzieci jako narz\u0119dzie pedagogiki (uj\u0119cie teoretyczne) [w:] W trosce o rozw\u00f3j i wczesn\u0105 edukacj\u0119 dziecka pod red. Sabiny Guz i in., Wydawnictwo Uniwersytetu Marii Curie-Sk\u0142odowskiej, Lublin 2015, s. 310-316. ISBN 978-83-7784-709-1.<\/li>\n<li>Ma\u0142e dziecko i literatura, czyli o tym jak ca\u0142a Polska czyta dzieciom nie wiadomo co [w:] (Przed)szkolne spotkania z lektur\u0105 pod red. B. Niesporek-Szamburskiej i M. W\u00f3jcik-Dudek, Wydawnictwo Uniwersytetu \u015al\u0105skiego, Katowice 2015, s. 41-52. ISBN 978-83-8012-623-7.<\/li>\n<\/ol>\n<hr>\n<p>&nbsp;<\/p>\n","protected":false},"excerpt":{"rendered":"<p>Publikacje (wybrane) Prace zwarte Poezja dzieci\u0144stwa, czyli droga ku wra\u017cliwo\u015bci, Wydawnictwo Wy\u017cszej Szko\u0142y Pedagogicznej, Rzesz\u00f3w 1999. Tekst poetycki w edukacji estetycznej dziecka, Wydawnictwo Uniwersytetu Rzeszowskiego, Rzesz\u00f3w 2007. Wzorce ruchowe utwor\u00f3w dla dzieci. O literaturze dzieci\u0119cej jako w\u0119dr\u00f3wce, walce, tajemnicy, bezpiecznym miejscu i zabawie, Wydawnictwo Uniwersytetu Rzeszowskiego, Rzesz\u00f3w 2009. Rozw\u00f3j kontakt\u00f3w [\u2026] <\/p>\n<div class=\"clear\"><\/div>\n<p><a class=\"more_link clearfix\" href=\"https:\/\/pans.krosno.pl\/pracownicy\/alicja-ungeheuer-golab\/alicja-ungeheuer-golab-najwazniejsze-publikacje\/\" rel=\"nofollow\">Read More<\/a><\/p>\n","protected":false},"author":34,"featured_media":0,"parent":2795,"menu_order":0,"comment_status":"closed","ping_status":"closed","template":"","meta":{"ngg_post_thumbnail":0,"footnotes":""},"class_list":["post-2803","page","type-page","status-publish","hentry"],"yoast_head":"<!-- This site is optimized with the Yoast SEO Premium plugin v27.3 (Yoast SEO v27.3) - https:\/\/yoast.com\/product\/yoast-seo-premium-wordpress\/ -->\n<title>dr hab. Alicja Ungeheuer-Go\u0142\u0105b, prof. PANS - Najwa\u017cniejsze publikacje - Pracownicy PANS w Kro\u015bnie<\/title>\n<meta name=\"robots\" content=\"index, follow, max-snippet:-1, max-image-preview:large, max-video-preview:-1\" \/>\n<link rel=\"canonical\" href=\"https:\/\/pans.krosno.pl\/pracownicy\/alicja-ungeheuer-golab\/alicja-ungeheuer-golab-najwazniejsze-publikacje\/\" \/>\n<meta property=\"og:locale\" content=\"pl_PL\" \/>\n<meta property=\"og:type\" content=\"article\" \/>\n<meta property=\"og:title\" content=\"dr hab. Alicja Ungeheuer-Go\u0142\u0105b, prof. PANS - Najwa\u017cniejsze publikacje\" \/>\n<meta property=\"og:description\" content=\"Publikacje (wybrane) Prace zwarte Poezja dzieci\u0144stwa, czyli droga ku wra\u017cliwo\u015bci, Wydawnictwo Wy\u017cszej Szko\u0142y Pedagogicznej, Rzesz\u00f3w 1999. Tekst poetycki w edukacji estetycznej dziecka, Wydawnictwo Uniwersytetu Rzeszowskiego, Rzesz\u00f3w 2007. Wzorce ruchowe utwor\u00f3w dla dzieci. O literaturze dzieci\u0119cej jako w\u0119dr\u00f3wce, walce, tajemnicy, bezpiecznym miejscu i zabawie, Wydawnictwo Uniwersytetu Rzeszowskiego, Rzesz\u00f3w 2009. Rozw\u00f3j kontakt\u00f3w [\u2026] Read More\" \/>\n<meta property=\"og:url\" content=\"https:\/\/pans.krosno.pl\/pracownicy\/alicja-ungeheuer-golab\/alicja-ungeheuer-golab-najwazniejsze-publikacje\/\" \/>\n<meta property=\"og:site_name\" content=\"Pracownicy PANS w Kro\u015bnie\" \/>\n<meta property=\"article:modified_time\" content=\"2025-05-20T11:51:46+00:00\" \/>\n<meta name=\"twitter:card\" content=\"summary_large_image\" \/>\n<meta name=\"twitter:label1\" content=\"Szacowany czas czytania\" \/>\n\t<meta name=\"twitter:data1\" content=\"3 minuty\" \/>\n<script type=\"application\/ld+json\" class=\"yoast-schema-graph\">{\"@context\":\"https:\\\/\\\/schema.org\",\"@graph\":[{\"@type\":\"WebPage\",\"@id\":\"https:\\\/\\\/pans.krosno.pl\\\/pracownicy\\\/alicja-ungeheuer-golab\\\/alicja-ungeheuer-golab-najwazniejsze-publikacje\\\/\",\"url\":\"https:\\\/\\\/pans.krosno.pl\\\/pracownicy\\\/alicja-ungeheuer-golab\\\/alicja-ungeheuer-golab-najwazniejsze-publikacje\\\/\",\"name\":\"dr hab. Alicja Ungeheuer-Go\u0142\u0105b, prof. PANS - Najwa\u017cniejsze publikacje - Pracownicy PANS w Kro\u015bnie\",\"isPartOf\":{\"@id\":\"https:\\\/\\\/pans.krosno.pl\\\/pracownicy\\\/#website\"},\"datePublished\":\"2020-04-16T07:54:46+00:00\",\"dateModified\":\"2025-05-20T11:51:46+00:00\",\"breadcrumb\":{\"@id\":\"https:\\\/\\\/pans.krosno.pl\\\/pracownicy\\\/alicja-ungeheuer-golab\\\/alicja-ungeheuer-golab-najwazniejsze-publikacje\\\/#breadcrumb\"},\"inLanguage\":\"pl-PL\",\"potentialAction\":[{\"@type\":\"ReadAction\",\"target\":[\"https:\\\/\\\/pans.krosno.pl\\\/pracownicy\\\/alicja-ungeheuer-golab\\\/alicja-ungeheuer-golab-najwazniejsze-publikacje\\\/\"]}]},{\"@type\":\"BreadcrumbList\",\"@id\":\"https:\\\/\\\/pans.krosno.pl\\\/pracownicy\\\/alicja-ungeheuer-golab\\\/alicja-ungeheuer-golab-najwazniejsze-publikacje\\\/#breadcrumb\",\"itemListElement\":[{\"@type\":\"ListItem\",\"position\":1,\"name\":\"Strona g\u0142\u00f3wna\",\"item\":\"https:\\\/\\\/pans.krosno.pl\\\/pracownicy\\\/\"},{\"@type\":\"ListItem\",\"position\":2,\"name\":\"dr hab. Alicja Ungeheuer-Go\u0142\u0105b, prof. PANS\",\"item\":\"https:\\\/\\\/pans.krosno.pl\\\/pracownicy\\\/alicja-ungeheuer-golab\\\/\"},{\"@type\":\"ListItem\",\"position\":3,\"name\":\"dr hab. Alicja Ungeheuer-Go\u0142\u0105b, prof. PANS &#8211; Najwa\u017cniejsze publikacje\"}]},{\"@type\":\"WebSite\",\"@id\":\"https:\\\/\\\/pans.krosno.pl\\\/pracownicy\\\/#website\",\"url\":\"https:\\\/\\\/pans.krosno.pl\\\/pracownicy\\\/\",\"name\":\"Pracownicy PANS w Kro\u015bnie\",\"description\":\"Pracownicy - Pa\u0144stwowa Akademia Nauk Stosowanych\",\"publisher\":{\"@id\":\"https:\\\/\\\/pans.krosno.pl\\\/pracownicy\\\/#organization\"},\"potentialAction\":[{\"@type\":\"SearchAction\",\"target\":{\"@type\":\"EntryPoint\",\"urlTemplate\":\"https:\\\/\\\/pans.krosno.pl\\\/pracownicy\\\/?s={search_term_string}\"},\"query-input\":{\"@type\":\"PropertyValueSpecification\",\"valueRequired\":true,\"valueName\":\"search_term_string\"}}],\"inLanguage\":\"pl-PL\"},{\"@type\":\"Organization\",\"@id\":\"https:\\\/\\\/pans.krosno.pl\\\/pracownicy\\\/#organization\",\"name\":\"Pracownicy PANS w Kro\u015bnie\",\"url\":\"https:\\\/\\\/pans.krosno.pl\\\/pracownicy\\\/\",\"logo\":{\"@type\":\"ImageObject\",\"inLanguage\":\"pl-PL\",\"@id\":\"https:\\\/\\\/pans.krosno.pl\\\/pracownicy\\\/#\\\/schema\\\/logo\\\/image\\\/\",\"url\":\"https:\\\/\\\/pans.krosno.pl\\\/pracownicy\\\/wp-content\\\/uploads\\\/sites\\\/41\\\/2023\\\/01\\\/Logo-PANS-2022-pelne.png\",\"contentUrl\":\"https:\\\/\\\/pans.krosno.pl\\\/pracownicy\\\/wp-content\\\/uploads\\\/sites\\\/41\\\/2023\\\/01\\\/Logo-PANS-2022-pelne.png\",\"width\":3096,\"height\":696,\"caption\":\"Pracownicy PANS w Kro\u015bnie\"},\"image\":{\"@id\":\"https:\\\/\\\/pans.krosno.pl\\\/pracownicy\\\/#\\\/schema\\\/logo\\\/image\\\/\"}}]}<\/script>\n<!-- \/ Yoast SEO Premium plugin. -->","yoast_head_json":{"title":"dr hab. Alicja Ungeheuer-Go\u0142\u0105b, prof. PANS - Najwa\u017cniejsze publikacje - Pracownicy PANS w Kro\u015bnie","robots":{"index":"index","follow":"follow","max-snippet":"max-snippet:-1","max-image-preview":"max-image-preview:large","max-video-preview":"max-video-preview:-1"},"canonical":"https:\/\/pans.krosno.pl\/pracownicy\/alicja-ungeheuer-golab\/alicja-ungeheuer-golab-najwazniejsze-publikacje\/","og_locale":"pl_PL","og_type":"article","og_title":"dr hab. Alicja Ungeheuer-Go\u0142\u0105b, prof. PANS - Najwa\u017cniejsze publikacje","og_description":"Publikacje (wybrane) Prace zwarte Poezja dzieci\u0144stwa, czyli droga ku wra\u017cliwo\u015bci, Wydawnictwo Wy\u017cszej Szko\u0142y Pedagogicznej, Rzesz\u00f3w 1999. Tekst poetycki w edukacji estetycznej dziecka, Wydawnictwo Uniwersytetu Rzeszowskiego, Rzesz\u00f3w 2007. Wzorce ruchowe utwor\u00f3w dla dzieci. O literaturze dzieci\u0119cej jako w\u0119dr\u00f3wce, walce, tajemnicy, bezpiecznym miejscu i zabawie, Wydawnictwo Uniwersytetu Rzeszowskiego, Rzesz\u00f3w 2009. Rozw\u00f3j kontakt\u00f3w [\u2026] Read More","og_url":"https:\/\/pans.krosno.pl\/pracownicy\/alicja-ungeheuer-golab\/alicja-ungeheuer-golab-najwazniejsze-publikacje\/","og_site_name":"Pracownicy PANS w Kro\u015bnie","article_modified_time":"2025-05-20T11:51:46+00:00","twitter_card":"summary_large_image","twitter_misc":{"Szacowany czas czytania":"3 minuty"},"schema":{"@context":"https:\/\/schema.org","@graph":[{"@type":"WebPage","@id":"https:\/\/pans.krosno.pl\/pracownicy\/alicja-ungeheuer-golab\/alicja-ungeheuer-golab-najwazniejsze-publikacje\/","url":"https:\/\/pans.krosno.pl\/pracownicy\/alicja-ungeheuer-golab\/alicja-ungeheuer-golab-najwazniejsze-publikacje\/","name":"dr hab. Alicja Ungeheuer-Go\u0142\u0105b, prof. PANS - Najwa\u017cniejsze publikacje - Pracownicy PANS w Kro\u015bnie","isPartOf":{"@id":"https:\/\/pans.krosno.pl\/pracownicy\/#website"},"datePublished":"2020-04-16T07:54:46+00:00","dateModified":"2025-05-20T11:51:46+00:00","breadcrumb":{"@id":"https:\/\/pans.krosno.pl\/pracownicy\/alicja-ungeheuer-golab\/alicja-ungeheuer-golab-najwazniejsze-publikacje\/#breadcrumb"},"inLanguage":"pl-PL","potentialAction":[{"@type":"ReadAction","target":["https:\/\/pans.krosno.pl\/pracownicy\/alicja-ungeheuer-golab\/alicja-ungeheuer-golab-najwazniejsze-publikacje\/"]}]},{"@type":"BreadcrumbList","@id":"https:\/\/pans.krosno.pl\/pracownicy\/alicja-ungeheuer-golab\/alicja-ungeheuer-golab-najwazniejsze-publikacje\/#breadcrumb","itemListElement":[{"@type":"ListItem","position":1,"name":"Strona g\u0142\u00f3wna","item":"https:\/\/pans.krosno.pl\/pracownicy\/"},{"@type":"ListItem","position":2,"name":"dr hab. Alicja Ungeheuer-Go\u0142\u0105b, prof. PANS","item":"https:\/\/pans.krosno.pl\/pracownicy\/alicja-ungeheuer-golab\/"},{"@type":"ListItem","position":3,"name":"dr hab. Alicja Ungeheuer-Go\u0142\u0105b, prof. PANS &#8211; Najwa\u017cniejsze publikacje"}]},{"@type":"WebSite","@id":"https:\/\/pans.krosno.pl\/pracownicy\/#website","url":"https:\/\/pans.krosno.pl\/pracownicy\/","name":"Pracownicy PANS w Kro\u015bnie","description":"Pracownicy - Pa\u0144stwowa Akademia Nauk Stosowanych","publisher":{"@id":"https:\/\/pans.krosno.pl\/pracownicy\/#organization"},"potentialAction":[{"@type":"SearchAction","target":{"@type":"EntryPoint","urlTemplate":"https:\/\/pans.krosno.pl\/pracownicy\/?s={search_term_string}"},"query-input":{"@type":"PropertyValueSpecification","valueRequired":true,"valueName":"search_term_string"}}],"inLanguage":"pl-PL"},{"@type":"Organization","@id":"https:\/\/pans.krosno.pl\/pracownicy\/#organization","name":"Pracownicy PANS w Kro\u015bnie","url":"https:\/\/pans.krosno.pl\/pracownicy\/","logo":{"@type":"ImageObject","inLanguage":"pl-PL","@id":"https:\/\/pans.krosno.pl\/pracownicy\/#\/schema\/logo\/image\/","url":"https:\/\/pans.krosno.pl\/pracownicy\/wp-content\/uploads\/sites\/41\/2023\/01\/Logo-PANS-2022-pelne.png","contentUrl":"https:\/\/pans.krosno.pl\/pracownicy\/wp-content\/uploads\/sites\/41\/2023\/01\/Logo-PANS-2022-pelne.png","width":3096,"height":696,"caption":"Pracownicy PANS w Kro\u015bnie"},"image":{"@id":"https:\/\/pans.krosno.pl\/pracownicy\/#\/schema\/logo\/image\/"}}]}},"_links":{"self":[{"href":"https:\/\/pans.krosno.pl\/pracownicy\/wp-json\/wp\/v2\/pages\/2803","targetHints":{"allow":["GET"]}}],"collection":[{"href":"https:\/\/pans.krosno.pl\/pracownicy\/wp-json\/wp\/v2\/pages"}],"about":[{"href":"https:\/\/pans.krosno.pl\/pracownicy\/wp-json\/wp\/v2\/types\/page"}],"author":[{"embeddable":true,"href":"https:\/\/pans.krosno.pl\/pracownicy\/wp-json\/wp\/v2\/users\/34"}],"replies":[{"embeddable":true,"href":"https:\/\/pans.krosno.pl\/pracownicy\/wp-json\/wp\/v2\/comments?post=2803"}],"version-history":[{"count":12,"href":"https:\/\/pans.krosno.pl\/pracownicy\/wp-json\/wp\/v2\/pages\/2803\/revisions"}],"predecessor-version":[{"id":11024,"href":"https:\/\/pans.krosno.pl\/pracownicy\/wp-json\/wp\/v2\/pages\/2803\/revisions\/11024"}],"up":[{"embeddable":true,"href":"https:\/\/pans.krosno.pl\/pracownicy\/wp-json\/wp\/v2\/pages\/2795"}],"wp:attachment":[{"href":"https:\/\/pans.krosno.pl\/pracownicy\/wp-json\/wp\/v2\/media?parent=2803"}],"curies":[{"name":"wp","href":"https:\/\/api.w.org\/{rel}","templated":true}]}}