{"id":2788,"date":"2020-04-16T09:31:34","date_gmt":"2020-04-16T07:31:34","guid":{"rendered":"https:\/\/pans.krosno.pl\/pracownicy\/?page_id=2788"},"modified":"2025-05-16T12:10:11","modified_gmt":"2025-05-16T10:10:11","slug":"adam-przybysz-najwazniejsze-publikacje","status":"publish","type":"page","link":"https:\/\/pans.krosno.pl\/pracownicy\/adam-przybysz\/adam-przybysz-najwazniejsze-publikacje\/","title":{"rendered":"dr Adam Przybysz &#8211; Najwa\u017cniejsze publikacje"},"content":{"rendered":"<hr>\n<p><strong>Publikacje<\/strong><\/p>\n<ol>\n<li>Lekkoatletyka w mie\u015bcie Kro\u015bnie w latach 1990-2005, \u201eRocznik Naukowy\u201d, tom XIII, Zamiejscowy Wydzia\u0142 Wychowania Fizycznego Bia\u0142a Podlaska 2006 r.<\/li>\n<li>Historia Miejskiego Klubu Sportowego (MKS) ,,Kro\u015bnianka\u201d Krosno (1991 -1999), ,,Przegl\u0105d Naukowy Kultury Fizycznej Uniwersytetu Rzeszowskiego\u201d, Rzesz\u00f3w 2006.<\/li>\n<li>Znaczenie kariery sportowej Izabeli Zatorskiej dla rozwoju lekkoatletyki na Ziemi Kro\u015bnie\u0144skiej, ,,Prace Naukowo-Dydaktyczne PWSZ w Kro\u015bnie\u201d, 2007.<\/li>\n<li>Dzia\u0142alno\u015b\u0107 Mi\u0119dzyszkolnego O\u015brodka Sportowego w Kro\u015bnie 1996-2004, \u201ePrace Naukowo-Dydaktyczne PWSZ w Kro\u015bnie\u201d, 2007.<\/li>\n<li>Wybrane problemy teoretyczno-praktyczne sportu szkolnego w procesie wychowania fizycznego, ,,Prace Naukowo-Dydaktyczne PWSZ w Kro\u015bnie\u201d, 2007.<\/li>\n<li>O sporcie szkolnym i wychowaniu fizycznym jako szkole charakteru, ,,Lider\u201d, Warszawa 2007 r, nr 4.<\/li>\n<li>O szkole i nauczycielu jako sprzymierze\u0144cach, w kszta\u0142towaniu pe\u0142nej osobowo\u015bci ucznia, ,,Lider\u201d, Warszawa 2007, nr 11.<\/li>\n<li>Tadeusz Ciupryk \u2013 wybitny sportowiec, trener i dzia\u0142acz, a przede wszystkim wspania\u0142y cz\u0142owiek, Siedlce 2008.<\/li>\n<li>Stosunek nauczycieli przedmiot\u00f3w og\u00f3lnokszta\u0142c\u0105cych \u2013 do wychowania fizycznego, ,,Wychowanie fizyczne i zdrowotne\u201d, Warszawa 2008, nr 3.<\/li>\n<li>Dzia\u0142alno\u015b\u0107 Akademickiego Zwi\u0105zku Sportowego w Kro\u015bnie, \u201ePrzegl\u0105d Naukowy Kultury Fizycznej Uniwersytetu Rzeszowskiego\u201d, Rzesz\u00f3w 2008.<\/li>\n<li>Aktualny stan sportu szkolnego w Kro\u015bnie i powiecie kro\u015bnie\u0144skim, ,,Prace Naukowo-Dydaktyczne PWSZ w Kro\u015bnie\u201d, 2009, nr 38.<\/li>\n<li>Miejsce i rola wychowania fizycznego w kszta\u0142ceniu zintegrowanym, ,,Prace Naukowo-Dydaktyczne PWSZ w Kro\u015bnie\u201d2009, nr 39.<\/li>\n<li>Aktywno\u015b\u0107ruchowaos\u00f3bstarszychnaprzyk\u0142adziestudent\u00f3wUniwersytetuTrzeciegoWieku w Kro\u015bnie \u2013 jest to artyku\u0142 w wersjiangielskiej- Physical activity of elderly people on the example of the course participants of the University of the Third Age in Krosno, tytu\u0142czasopisma: Health Problems of Cirilization, Volume 8\/ Number 2, year 2014,Bia\u0142aPodlaska.<\/li>\n<li>Dzia\u0142alno\u015b\u0107 Klubu Sportowego G\u0142uchych w Kro\u015bnie w latach 1973- 2005, URZ, Rzesz\u00f3w 2014.<\/li>\n<\/ol>\n<hr>\n<p>&nbsp;<\/p>\n","protected":false},"excerpt":{"rendered":"<p>Publikacje Lekkoatletyka w mie\u015bcie Kro\u015bnie w latach 1990-2005, \u201eRocznik Naukowy\u201d, tom XIII, Zamiejscowy Wydzia\u0142 Wychowania Fizycznego Bia\u0142a Podlaska 2006 r. Historia Miejskiego Klubu Sportowego (MKS) ,,Kro\u015bnianka\u201d Krosno (1991 -1999), ,,Przegl\u0105d Naukowy Kultury Fizycznej Uniwersytetu Rzeszowskiego\u201d, Rzesz\u00f3w 2006. Znaczenie kariery sportowej Izabeli Zatorskiej dla rozwoju lekkoatletyki na Ziemi Kro\u015bnie\u0144skiej, ,,Prace Naukowo-Dydaktyczne [\u2026] <\/p>\n<div class=\"clear\"><\/div>\n<p><a class=\"more_link clearfix\" href=\"https:\/\/pans.krosno.pl\/pracownicy\/adam-przybysz\/adam-przybysz-najwazniejsze-publikacje\/\" rel=\"nofollow\">Read More<\/a><\/p>\n","protected":false},"author":34,"featured_media":0,"parent":2780,"menu_order":0,"comment_status":"closed","ping_status":"closed","template":"","meta":{"ngg_post_thumbnail":0,"footnotes":""},"class_list":["post-2788","page","type-page","status-publish","hentry"],"yoast_head":"<!-- This site is optimized with the Yoast SEO Premium plugin v27.3 (Yoast SEO v27.3) - https:\/\/yoast.com\/product\/yoast-seo-premium-wordpress\/ -->\n<title>dr Adam Przybysz - Najwa\u017cniejsze publikacje - Pracownicy PANS w Kro\u015bnie<\/title>\n<meta name=\"robots\" content=\"index, follow, max-snippet:-1, max-image-preview:large, max-video-preview:-1\" \/>\n<link rel=\"canonical\" href=\"https:\/\/pans.krosno.pl\/pracownicy\/adam-przybysz\/adam-przybysz-najwazniejsze-publikacje\/\" \/>\n<meta property=\"og:locale\" content=\"pl_PL\" \/>\n<meta property=\"og:type\" content=\"article\" \/>\n<meta property=\"og:title\" content=\"dr Adam Przybysz - Najwa\u017cniejsze publikacje\" \/>\n<meta property=\"og:description\" content=\"Publikacje Lekkoatletyka w mie\u015bcie Kro\u015bnie w latach 1990-2005, \u201eRocznik Naukowy\u201d, tom XIII, Zamiejscowy Wydzia\u0142 Wychowania Fizycznego Bia\u0142a Podlaska 2006 r. Historia Miejskiego Klubu Sportowego (MKS) ,,Kro\u015bnianka\u201d Krosno (1991 -1999), ,,Przegl\u0105d Naukowy Kultury Fizycznej Uniwersytetu Rzeszowskiego\u201d, Rzesz\u00f3w 2006. Znaczenie kariery sportowej Izabeli Zatorskiej dla rozwoju lekkoatletyki na Ziemi Kro\u015bnie\u0144skiej, ,,Prace Naukowo-Dydaktyczne [\u2026] Read More\" \/>\n<meta property=\"og:url\" content=\"https:\/\/pans.krosno.pl\/pracownicy\/adam-przybysz\/adam-przybysz-najwazniejsze-publikacje\/\" \/>\n<meta property=\"og:site_name\" content=\"Pracownicy PANS w Kro\u015bnie\" \/>\n<meta property=\"article:modified_time\" content=\"2025-05-16T10:10:11+00:00\" \/>\n<meta name=\"twitter:card\" content=\"summary_large_image\" \/>\n<meta name=\"twitter:label1\" content=\"Szacowany czas czytania\" \/>\n\t<meta name=\"twitter:data1\" content=\"2 minuty\" \/>\n<script type=\"application\/ld+json\" class=\"yoast-schema-graph\">{\"@context\":\"https:\\\/\\\/schema.org\",\"@graph\":[{\"@type\":\"WebPage\",\"@id\":\"https:\\\/\\\/pans.krosno.pl\\\/pracownicy\\\/adam-przybysz\\\/adam-przybysz-najwazniejsze-publikacje\\\/\",\"url\":\"https:\\\/\\\/pans.krosno.pl\\\/pracownicy\\\/adam-przybysz\\\/adam-przybysz-najwazniejsze-publikacje\\\/\",\"name\":\"dr Adam Przybysz - Najwa\u017cniejsze publikacje - Pracownicy PANS w Kro\u015bnie\",\"isPartOf\":{\"@id\":\"https:\\\/\\\/pans.krosno.pl\\\/pracownicy\\\/#website\"},\"datePublished\":\"2020-04-16T07:31:34+00:00\",\"dateModified\":\"2025-05-16T10:10:11+00:00\",\"breadcrumb\":{\"@id\":\"https:\\\/\\\/pans.krosno.pl\\\/pracownicy\\\/adam-przybysz\\\/adam-przybysz-najwazniejsze-publikacje\\\/#breadcrumb\"},\"inLanguage\":\"pl-PL\",\"potentialAction\":[{\"@type\":\"ReadAction\",\"target\":[\"https:\\\/\\\/pans.krosno.pl\\\/pracownicy\\\/adam-przybysz\\\/adam-przybysz-najwazniejsze-publikacje\\\/\"]}]},{\"@type\":\"BreadcrumbList\",\"@id\":\"https:\\\/\\\/pans.krosno.pl\\\/pracownicy\\\/adam-przybysz\\\/adam-przybysz-najwazniejsze-publikacje\\\/#breadcrumb\",\"itemListElement\":[{\"@type\":\"ListItem\",\"position\":1,\"name\":\"Strona g\u0142\u00f3wna\",\"item\":\"https:\\\/\\\/pans.krosno.pl\\\/pracownicy\\\/\"},{\"@type\":\"ListItem\",\"position\":2,\"name\":\"dr Adam Przybysz\",\"item\":\"https:\\\/\\\/pans.krosno.pl\\\/pracownicy\\\/adam-przybysz\\\/\"},{\"@type\":\"ListItem\",\"position\":3,\"name\":\"dr Adam Przybysz &#8211; Najwa\u017cniejsze publikacje\"}]},{\"@type\":\"WebSite\",\"@id\":\"https:\\\/\\\/pans.krosno.pl\\\/pracownicy\\\/#website\",\"url\":\"https:\\\/\\\/pans.krosno.pl\\\/pracownicy\\\/\",\"name\":\"Pracownicy PANS w Kro\u015bnie\",\"description\":\"Pracownicy - Pa\u0144stwowa Akademia Nauk Stosowanych\",\"publisher\":{\"@id\":\"https:\\\/\\\/pans.krosno.pl\\\/pracownicy\\\/#organization\"},\"potentialAction\":[{\"@type\":\"SearchAction\",\"target\":{\"@type\":\"EntryPoint\",\"urlTemplate\":\"https:\\\/\\\/pans.krosno.pl\\\/pracownicy\\\/?s={search_term_string}\"},\"query-input\":{\"@type\":\"PropertyValueSpecification\",\"valueRequired\":true,\"valueName\":\"search_term_string\"}}],\"inLanguage\":\"pl-PL\"},{\"@type\":\"Organization\",\"@id\":\"https:\\\/\\\/pans.krosno.pl\\\/pracownicy\\\/#organization\",\"name\":\"Pracownicy PANS w Kro\u015bnie\",\"url\":\"https:\\\/\\\/pans.krosno.pl\\\/pracownicy\\\/\",\"logo\":{\"@type\":\"ImageObject\",\"inLanguage\":\"pl-PL\",\"@id\":\"https:\\\/\\\/pans.krosno.pl\\\/pracownicy\\\/#\\\/schema\\\/logo\\\/image\\\/\",\"url\":\"https:\\\/\\\/pans.krosno.pl\\\/pracownicy\\\/wp-content\\\/uploads\\\/sites\\\/41\\\/2023\\\/01\\\/Logo-PANS-2022-pelne.png\",\"contentUrl\":\"https:\\\/\\\/pans.krosno.pl\\\/pracownicy\\\/wp-content\\\/uploads\\\/sites\\\/41\\\/2023\\\/01\\\/Logo-PANS-2022-pelne.png\",\"width\":3096,\"height\":696,\"caption\":\"Pracownicy PANS w Kro\u015bnie\"},\"image\":{\"@id\":\"https:\\\/\\\/pans.krosno.pl\\\/pracownicy\\\/#\\\/schema\\\/logo\\\/image\\\/\"}}]}<\/script>\n<!-- \/ Yoast SEO Premium plugin. -->","yoast_head_json":{"title":"dr Adam Przybysz - Najwa\u017cniejsze publikacje - Pracownicy PANS w Kro\u015bnie","robots":{"index":"index","follow":"follow","max-snippet":"max-snippet:-1","max-image-preview":"max-image-preview:large","max-video-preview":"max-video-preview:-1"},"canonical":"https:\/\/pans.krosno.pl\/pracownicy\/adam-przybysz\/adam-przybysz-najwazniejsze-publikacje\/","og_locale":"pl_PL","og_type":"article","og_title":"dr Adam Przybysz - Najwa\u017cniejsze publikacje","og_description":"Publikacje Lekkoatletyka w mie\u015bcie Kro\u015bnie w latach 1990-2005, \u201eRocznik Naukowy\u201d, tom XIII, Zamiejscowy Wydzia\u0142 Wychowania Fizycznego Bia\u0142a Podlaska 2006 r. Historia Miejskiego Klubu Sportowego (MKS) ,,Kro\u015bnianka\u201d Krosno (1991 -1999), ,,Przegl\u0105d Naukowy Kultury Fizycznej Uniwersytetu Rzeszowskiego\u201d, Rzesz\u00f3w 2006. Znaczenie kariery sportowej Izabeli Zatorskiej dla rozwoju lekkoatletyki na Ziemi Kro\u015bnie\u0144skiej, ,,Prace Naukowo-Dydaktyczne [\u2026] Read More","og_url":"https:\/\/pans.krosno.pl\/pracownicy\/adam-przybysz\/adam-przybysz-najwazniejsze-publikacje\/","og_site_name":"Pracownicy PANS w Kro\u015bnie","article_modified_time":"2025-05-16T10:10:11+00:00","twitter_card":"summary_large_image","twitter_misc":{"Szacowany czas czytania":"2 minuty"},"schema":{"@context":"https:\/\/schema.org","@graph":[{"@type":"WebPage","@id":"https:\/\/pans.krosno.pl\/pracownicy\/adam-przybysz\/adam-przybysz-najwazniejsze-publikacje\/","url":"https:\/\/pans.krosno.pl\/pracownicy\/adam-przybysz\/adam-przybysz-najwazniejsze-publikacje\/","name":"dr Adam Przybysz - Najwa\u017cniejsze publikacje - Pracownicy PANS w Kro\u015bnie","isPartOf":{"@id":"https:\/\/pans.krosno.pl\/pracownicy\/#website"},"datePublished":"2020-04-16T07:31:34+00:00","dateModified":"2025-05-16T10:10:11+00:00","breadcrumb":{"@id":"https:\/\/pans.krosno.pl\/pracownicy\/adam-przybysz\/adam-przybysz-najwazniejsze-publikacje\/#breadcrumb"},"inLanguage":"pl-PL","potentialAction":[{"@type":"ReadAction","target":["https:\/\/pans.krosno.pl\/pracownicy\/adam-przybysz\/adam-przybysz-najwazniejsze-publikacje\/"]}]},{"@type":"BreadcrumbList","@id":"https:\/\/pans.krosno.pl\/pracownicy\/adam-przybysz\/adam-przybysz-najwazniejsze-publikacje\/#breadcrumb","itemListElement":[{"@type":"ListItem","position":1,"name":"Strona g\u0142\u00f3wna","item":"https:\/\/pans.krosno.pl\/pracownicy\/"},{"@type":"ListItem","position":2,"name":"dr Adam Przybysz","item":"https:\/\/pans.krosno.pl\/pracownicy\/adam-przybysz\/"},{"@type":"ListItem","position":3,"name":"dr Adam Przybysz &#8211; Najwa\u017cniejsze publikacje"}]},{"@type":"WebSite","@id":"https:\/\/pans.krosno.pl\/pracownicy\/#website","url":"https:\/\/pans.krosno.pl\/pracownicy\/","name":"Pracownicy PANS w Kro\u015bnie","description":"Pracownicy - Pa\u0144stwowa Akademia Nauk Stosowanych","publisher":{"@id":"https:\/\/pans.krosno.pl\/pracownicy\/#organization"},"potentialAction":[{"@type":"SearchAction","target":{"@type":"EntryPoint","urlTemplate":"https:\/\/pans.krosno.pl\/pracownicy\/?s={search_term_string}"},"query-input":{"@type":"PropertyValueSpecification","valueRequired":true,"valueName":"search_term_string"}}],"inLanguage":"pl-PL"},{"@type":"Organization","@id":"https:\/\/pans.krosno.pl\/pracownicy\/#organization","name":"Pracownicy PANS w Kro\u015bnie","url":"https:\/\/pans.krosno.pl\/pracownicy\/","logo":{"@type":"ImageObject","inLanguage":"pl-PL","@id":"https:\/\/pans.krosno.pl\/pracownicy\/#\/schema\/logo\/image\/","url":"https:\/\/pans.krosno.pl\/pracownicy\/wp-content\/uploads\/sites\/41\/2023\/01\/Logo-PANS-2022-pelne.png","contentUrl":"https:\/\/pans.krosno.pl\/pracownicy\/wp-content\/uploads\/sites\/41\/2023\/01\/Logo-PANS-2022-pelne.png","width":3096,"height":696,"caption":"Pracownicy PANS w Kro\u015bnie"},"image":{"@id":"https:\/\/pans.krosno.pl\/pracownicy\/#\/schema\/logo\/image\/"}}]}},"_links":{"self":[{"href":"https:\/\/pans.krosno.pl\/pracownicy\/wp-json\/wp\/v2\/pages\/2788","targetHints":{"allow":["GET"]}}],"collection":[{"href":"https:\/\/pans.krosno.pl\/pracownicy\/wp-json\/wp\/v2\/pages"}],"about":[{"href":"https:\/\/pans.krosno.pl\/pracownicy\/wp-json\/wp\/v2\/types\/page"}],"author":[{"embeddable":true,"href":"https:\/\/pans.krosno.pl\/pracownicy\/wp-json\/wp\/v2\/users\/34"}],"replies":[{"embeddable":true,"href":"https:\/\/pans.krosno.pl\/pracownicy\/wp-json\/wp\/v2\/comments?post=2788"}],"version-history":[{"count":5,"href":"https:\/\/pans.krosno.pl\/pracownicy\/wp-json\/wp\/v2\/pages\/2788\/revisions"}],"predecessor-version":[{"id":8215,"href":"https:\/\/pans.krosno.pl\/pracownicy\/wp-json\/wp\/v2\/pages\/2788\/revisions\/8215"}],"up":[{"embeddable":true,"href":"https:\/\/pans.krosno.pl\/pracownicy\/wp-json\/wp\/v2\/pages\/2780"}],"wp:attachment":[{"href":"https:\/\/pans.krosno.pl\/pracownicy\/wp-json\/wp\/v2\/media?parent=2788"}],"curies":[{"name":"wp","href":"https:\/\/api.w.org\/{rel}","templated":true}]}}