{"id":276,"date":"2020-03-26T16:28:02","date_gmt":"2020-03-26T15:28:02","guid":{"rendered":"https:\/\/pans.krosno.pl\/pracownicy\/?page_id=276"},"modified":"2025-05-15T12:26:40","modified_gmt":"2025-05-15T10:26:40","slug":"wojciech-krukar-najwazniejsze-publikacje","status":"publish","type":"page","link":"https:\/\/pans.krosno.pl\/pracownicy\/wojciech-krukar\/wojciech-krukar-najwazniejsze-publikacje\/","title":{"rendered":"dr Wojciech Krukar &#8211; Najwa\u017cniejsze publikacje"},"content":{"rendered":"<hr>\n<p><strong>Autor ponad 80 publikacji z zakresu geografii, turystyki i krajoznawstwa, w tym przewodnik\u00f3w turystycznych oraz map turystyczno-nazewniczych:<\/strong><\/p>\n<ul>\n<li>Mapa \u201eBieszczady Wysokie 1 : 40 000\u201d nagrodzona przez Ministra Infrastruktury w 2004 r.,<\/li>\n<li>Mapa \u201eBieszczady Wysokie 1 : 30 000\u201d &#8211; I miejsce w 3 Mi\u0119dzynarodowym Konkursie \u201eNajlepsze Wydawnictwa o G\u00f3rach\u201d w kategorii mapy na Mi\u0119dzynarodowych Targach Ksi\u0105zki w Krakowie w 2018 r.<\/li>\n<\/ul>\n<p><strong>Najwa\u017cniejsze artyku\u0142y<\/strong><\/p>\n<ol>\n<li>Wojenne i powojenne migracje Bojk\u00f3w, [W:] Bojkowszczyzna Zachodnia \u2013 wczoraj, dzi\u015b i jutro, T. 2, IGiPZ PAN, Warszawa 2016, s. 17-63;<\/li>\n<li>Nazwy terenowe Bojkowszczyzny Zachodniej, [W:] Bojkowszczyzna Zachodnia \u2013 wczoraj, dzi\u015b i jutro, T. 2, IGiPZ PAN, Warszawa 2016, s. 271-345;<\/li>\n<li>Problem desygnacji g\u0142\u00f3wnego \u017ar\u00f3d\u0142a rzeki na przyk\u0142adzie Sanu, [W:] Nauczyciel i Szko\u0142a Nr 7: Og\u00f3lnopolska Konferencja Naukowa: Badania geograficzne w wojew\u00f3dztwie podkarpackim \u2013 historia, wsp\u00f3\u0142czesno\u015b\u0107 i przysz\u0142o\u015b\u0107, PCEN, Rzesz\u00f3w 2019, s. 8-9.<\/li>\n<li>Zaginiony krajobraz bieszczadzkich po\u0142onin, [W:] P\u0142aj 56, TK, Warszawa 2018, s. 5-64.<\/li>\n<\/ol>\n<hr>\n<p>&nbsp;<\/p>\n","protected":false},"excerpt":{"rendered":"<p>Autor ponad 80 publikacji z zakresu geografii, turystyki i krajoznawstwa, w tym przewodnik\u00f3w turystycznych oraz map turystyczno-nazewniczych: Mapa \u201eBieszczady Wysokie 1 : 40 000\u201d nagrodzona przez Ministra Infrastruktury w 2004 r., Mapa \u201eBieszczady Wysokie 1 : 30 000\u201d &#8211; I miejsce w 3 Mi\u0119dzynarodowym Konkursie \u201eNajlepsze Wydawnictwa o G\u00f3rach\u201d w [\u2026] <\/p>\n<div class=\"clear\"><\/div>\n<p><a class=\"more_link clearfix\" href=\"https:\/\/pans.krosno.pl\/pracownicy\/wojciech-krukar\/wojciech-krukar-najwazniejsze-publikacje\/\" rel=\"nofollow\">Read More<\/a><\/p>\n","protected":false},"author":36,"featured_media":0,"parent":267,"menu_order":0,"comment_status":"closed","ping_status":"closed","template":"","meta":{"ngg_post_thumbnail":0,"footnotes":""},"class_list":["post-276","page","type-page","status-publish","hentry"],"yoast_head":"<!-- This site is optimized with the Yoast SEO Premium plugin v27.3 (Yoast SEO v27.3) - https:\/\/yoast.com\/product\/yoast-seo-premium-wordpress\/ -->\n<title>dr Wojciech Krukar - Najwa\u017cniejsze publikacje - Pracownicy PANS w Kro\u015bnie<\/title>\n<meta name=\"robots\" content=\"index, follow, max-snippet:-1, max-image-preview:large, max-video-preview:-1\" \/>\n<link rel=\"canonical\" href=\"https:\/\/pans.krosno.pl\/pracownicy\/wojciech-krukar\/wojciech-krukar-najwazniejsze-publikacje\/\" \/>\n<meta property=\"og:locale\" content=\"pl_PL\" \/>\n<meta property=\"og:type\" content=\"article\" \/>\n<meta property=\"og:title\" content=\"dr Wojciech Krukar - Najwa\u017cniejsze publikacje\" \/>\n<meta property=\"og:description\" content=\"Autor ponad 80 publikacji z zakresu geografii, turystyki i krajoznawstwa, w tym przewodnik\u00f3w turystycznych oraz map turystyczno-nazewniczych: Mapa \u201eBieszczady Wysokie 1 : 40 000\u201d nagrodzona przez Ministra Infrastruktury w 2004 r., Mapa \u201eBieszczady Wysokie 1 : 30 000\u201d &#8211; I miejsce w 3 Mi\u0119dzynarodowym Konkursie \u201eNajlepsze Wydawnictwa o G\u00f3rach\u201d w [\u2026] Read More\" \/>\n<meta property=\"og:url\" content=\"https:\/\/pans.krosno.pl\/pracownicy\/wojciech-krukar\/wojciech-krukar-najwazniejsze-publikacje\/\" \/>\n<meta property=\"og:site_name\" content=\"Pracownicy PANS w Kro\u015bnie\" \/>\n<meta property=\"article:modified_time\" content=\"2025-05-15T10:26:40+00:00\" \/>\n<meta name=\"twitter:card\" content=\"summary_large_image\" \/>\n<meta name=\"twitter:label1\" content=\"Szacowany czas czytania\" \/>\n\t<meta name=\"twitter:data1\" content=\"1 minuta\" \/>\n<script type=\"application\/ld+json\" class=\"yoast-schema-graph\">{\"@context\":\"https:\\\/\\\/schema.org\",\"@graph\":[{\"@type\":\"WebPage\",\"@id\":\"https:\\\/\\\/pans.krosno.pl\\\/pracownicy\\\/wojciech-krukar\\\/wojciech-krukar-najwazniejsze-publikacje\\\/\",\"url\":\"https:\\\/\\\/pans.krosno.pl\\\/pracownicy\\\/wojciech-krukar\\\/wojciech-krukar-najwazniejsze-publikacje\\\/\",\"name\":\"dr Wojciech Krukar - Najwa\u017cniejsze publikacje - Pracownicy PANS w Kro\u015bnie\",\"isPartOf\":{\"@id\":\"https:\\\/\\\/pans.krosno.pl\\\/pracownicy\\\/#website\"},\"datePublished\":\"2020-03-26T15:28:02+00:00\",\"dateModified\":\"2025-05-15T10:26:40+00:00\",\"breadcrumb\":{\"@id\":\"https:\\\/\\\/pans.krosno.pl\\\/pracownicy\\\/wojciech-krukar\\\/wojciech-krukar-najwazniejsze-publikacje\\\/#breadcrumb\"},\"inLanguage\":\"pl-PL\",\"potentialAction\":[{\"@type\":\"ReadAction\",\"target\":[\"https:\\\/\\\/pans.krosno.pl\\\/pracownicy\\\/wojciech-krukar\\\/wojciech-krukar-najwazniejsze-publikacje\\\/\"]}]},{\"@type\":\"BreadcrumbList\",\"@id\":\"https:\\\/\\\/pans.krosno.pl\\\/pracownicy\\\/wojciech-krukar\\\/wojciech-krukar-najwazniejsze-publikacje\\\/#breadcrumb\",\"itemListElement\":[{\"@type\":\"ListItem\",\"position\":1,\"name\":\"Strona g\u0142\u00f3wna\",\"item\":\"https:\\\/\\\/pans.krosno.pl\\\/pracownicy\\\/\"},{\"@type\":\"ListItem\",\"position\":2,\"name\":\"dr Wojciech Krukar\",\"item\":\"https:\\\/\\\/pans.krosno.pl\\\/pracownicy\\\/wojciech-krukar\\\/\"},{\"@type\":\"ListItem\",\"position\":3,\"name\":\"dr Wojciech Krukar &#8211; Najwa\u017cniejsze publikacje\"}]},{\"@type\":\"WebSite\",\"@id\":\"https:\\\/\\\/pans.krosno.pl\\\/pracownicy\\\/#website\",\"url\":\"https:\\\/\\\/pans.krosno.pl\\\/pracownicy\\\/\",\"name\":\"Pracownicy PANS w Kro\u015bnie\",\"description\":\"Pracownicy - Pa\u0144stwowa Akademia Nauk Stosowanych\",\"publisher\":{\"@id\":\"https:\\\/\\\/pans.krosno.pl\\\/pracownicy\\\/#organization\"},\"potentialAction\":[{\"@type\":\"SearchAction\",\"target\":{\"@type\":\"EntryPoint\",\"urlTemplate\":\"https:\\\/\\\/pans.krosno.pl\\\/pracownicy\\\/?s={search_term_string}\"},\"query-input\":{\"@type\":\"PropertyValueSpecification\",\"valueRequired\":true,\"valueName\":\"search_term_string\"}}],\"inLanguage\":\"pl-PL\"},{\"@type\":\"Organization\",\"@id\":\"https:\\\/\\\/pans.krosno.pl\\\/pracownicy\\\/#organization\",\"name\":\"Pracownicy PANS w Kro\u015bnie\",\"url\":\"https:\\\/\\\/pans.krosno.pl\\\/pracownicy\\\/\",\"logo\":{\"@type\":\"ImageObject\",\"inLanguage\":\"pl-PL\",\"@id\":\"https:\\\/\\\/pans.krosno.pl\\\/pracownicy\\\/#\\\/schema\\\/logo\\\/image\\\/\",\"url\":\"https:\\\/\\\/pans.krosno.pl\\\/pracownicy\\\/wp-content\\\/uploads\\\/sites\\\/41\\\/2023\\\/01\\\/Logo-PANS-2022-pelne.png\",\"contentUrl\":\"https:\\\/\\\/pans.krosno.pl\\\/pracownicy\\\/wp-content\\\/uploads\\\/sites\\\/41\\\/2023\\\/01\\\/Logo-PANS-2022-pelne.png\",\"width\":3096,\"height\":696,\"caption\":\"Pracownicy PANS w Kro\u015bnie\"},\"image\":{\"@id\":\"https:\\\/\\\/pans.krosno.pl\\\/pracownicy\\\/#\\\/schema\\\/logo\\\/image\\\/\"}}]}<\/script>\n<!-- \/ Yoast SEO Premium plugin. -->","yoast_head_json":{"title":"dr Wojciech Krukar - Najwa\u017cniejsze publikacje - Pracownicy PANS w Kro\u015bnie","robots":{"index":"index","follow":"follow","max-snippet":"max-snippet:-1","max-image-preview":"max-image-preview:large","max-video-preview":"max-video-preview:-1"},"canonical":"https:\/\/pans.krosno.pl\/pracownicy\/wojciech-krukar\/wojciech-krukar-najwazniejsze-publikacje\/","og_locale":"pl_PL","og_type":"article","og_title":"dr Wojciech Krukar - Najwa\u017cniejsze publikacje","og_description":"Autor ponad 80 publikacji z zakresu geografii, turystyki i krajoznawstwa, w tym przewodnik\u00f3w turystycznych oraz map turystyczno-nazewniczych: Mapa \u201eBieszczady Wysokie 1 : 40 000\u201d nagrodzona przez Ministra Infrastruktury w 2004 r., Mapa \u201eBieszczady Wysokie 1 : 30 000\u201d &#8211; I miejsce w 3 Mi\u0119dzynarodowym Konkursie \u201eNajlepsze Wydawnictwa o G\u00f3rach\u201d w [\u2026] Read More","og_url":"https:\/\/pans.krosno.pl\/pracownicy\/wojciech-krukar\/wojciech-krukar-najwazniejsze-publikacje\/","og_site_name":"Pracownicy PANS w Kro\u015bnie","article_modified_time":"2025-05-15T10:26:40+00:00","twitter_card":"summary_large_image","twitter_misc":{"Szacowany czas czytania":"1 minuta"},"schema":{"@context":"https:\/\/schema.org","@graph":[{"@type":"WebPage","@id":"https:\/\/pans.krosno.pl\/pracownicy\/wojciech-krukar\/wojciech-krukar-najwazniejsze-publikacje\/","url":"https:\/\/pans.krosno.pl\/pracownicy\/wojciech-krukar\/wojciech-krukar-najwazniejsze-publikacje\/","name":"dr Wojciech Krukar - Najwa\u017cniejsze publikacje - Pracownicy PANS w Kro\u015bnie","isPartOf":{"@id":"https:\/\/pans.krosno.pl\/pracownicy\/#website"},"datePublished":"2020-03-26T15:28:02+00:00","dateModified":"2025-05-15T10:26:40+00:00","breadcrumb":{"@id":"https:\/\/pans.krosno.pl\/pracownicy\/wojciech-krukar\/wojciech-krukar-najwazniejsze-publikacje\/#breadcrumb"},"inLanguage":"pl-PL","potentialAction":[{"@type":"ReadAction","target":["https:\/\/pans.krosno.pl\/pracownicy\/wojciech-krukar\/wojciech-krukar-najwazniejsze-publikacje\/"]}]},{"@type":"BreadcrumbList","@id":"https:\/\/pans.krosno.pl\/pracownicy\/wojciech-krukar\/wojciech-krukar-najwazniejsze-publikacje\/#breadcrumb","itemListElement":[{"@type":"ListItem","position":1,"name":"Strona g\u0142\u00f3wna","item":"https:\/\/pans.krosno.pl\/pracownicy\/"},{"@type":"ListItem","position":2,"name":"dr Wojciech Krukar","item":"https:\/\/pans.krosno.pl\/pracownicy\/wojciech-krukar\/"},{"@type":"ListItem","position":3,"name":"dr Wojciech Krukar &#8211; Najwa\u017cniejsze publikacje"}]},{"@type":"WebSite","@id":"https:\/\/pans.krosno.pl\/pracownicy\/#website","url":"https:\/\/pans.krosno.pl\/pracownicy\/","name":"Pracownicy PANS w Kro\u015bnie","description":"Pracownicy - Pa\u0144stwowa Akademia Nauk Stosowanych","publisher":{"@id":"https:\/\/pans.krosno.pl\/pracownicy\/#organization"},"potentialAction":[{"@type":"SearchAction","target":{"@type":"EntryPoint","urlTemplate":"https:\/\/pans.krosno.pl\/pracownicy\/?s={search_term_string}"},"query-input":{"@type":"PropertyValueSpecification","valueRequired":true,"valueName":"search_term_string"}}],"inLanguage":"pl-PL"},{"@type":"Organization","@id":"https:\/\/pans.krosno.pl\/pracownicy\/#organization","name":"Pracownicy PANS w Kro\u015bnie","url":"https:\/\/pans.krosno.pl\/pracownicy\/","logo":{"@type":"ImageObject","inLanguage":"pl-PL","@id":"https:\/\/pans.krosno.pl\/pracownicy\/#\/schema\/logo\/image\/","url":"https:\/\/pans.krosno.pl\/pracownicy\/wp-content\/uploads\/sites\/41\/2023\/01\/Logo-PANS-2022-pelne.png","contentUrl":"https:\/\/pans.krosno.pl\/pracownicy\/wp-content\/uploads\/sites\/41\/2023\/01\/Logo-PANS-2022-pelne.png","width":3096,"height":696,"caption":"Pracownicy PANS w Kro\u015bnie"},"image":{"@id":"https:\/\/pans.krosno.pl\/pracownicy\/#\/schema\/logo\/image\/"}}]}},"_links":{"self":[{"href":"https:\/\/pans.krosno.pl\/pracownicy\/wp-json\/wp\/v2\/pages\/276","targetHints":{"allow":["GET"]}}],"collection":[{"href":"https:\/\/pans.krosno.pl\/pracownicy\/wp-json\/wp\/v2\/pages"}],"about":[{"href":"https:\/\/pans.krosno.pl\/pracownicy\/wp-json\/wp\/v2\/types\/page"}],"author":[{"embeddable":true,"href":"https:\/\/pans.krosno.pl\/pracownicy\/wp-json\/wp\/v2\/users\/36"}],"replies":[{"embeddable":true,"href":"https:\/\/pans.krosno.pl\/pracownicy\/wp-json\/wp\/v2\/comments?post=276"}],"version-history":[{"count":11,"href":"https:\/\/pans.krosno.pl\/pracownicy\/wp-json\/wp\/v2\/pages\/276\/revisions"}],"predecessor-version":[{"id":8080,"href":"https:\/\/pans.krosno.pl\/pracownicy\/wp-json\/wp\/v2\/pages\/276\/revisions\/8080"}],"up":[{"embeddable":true,"href":"https:\/\/pans.krosno.pl\/pracownicy\/wp-json\/wp\/v2\/pages\/267"}],"wp:attachment":[{"href":"https:\/\/pans.krosno.pl\/pracownicy\/wp-json\/wp\/v2\/media?parent=276"}],"curies":[{"name":"wp","href":"https:\/\/api.w.org\/{rel}","templated":true}]}}