{"id":2743,"date":"2020-04-16T08:50:57","date_gmt":"2020-04-16T06:50:57","guid":{"rendered":"https:\/\/pans.krosno.pl\/pracownicy\/?page_id=2743"},"modified":"2025-10-17T14:29:44","modified_gmt":"2025-10-17T12:29:44","slug":"elzbieta-pawlik","status":"publish","type":"page","link":"https:\/\/pans.krosno.pl\/pracownicy\/elzbieta-pawlik\/","title":{"rendered":"mgr El\u017cbieta Pawlik"},"content":{"rendered":"\n<h3 class=\"wp-block-heading\" id=\"h-studium-jezykow-obcych\"><strong>Studium J\u0119zyk\u00f3w Obcych<\/strong><\/h3>\n\n\n\n<hr class=\"wp-block-separator has-css-opacity\"\/>\n\n\n<p>Lektor j\u0119zyka angielskiego w Studium J\u0119zyk\u00f3w Obcych w Pa\u0144stwowej Akademii Nauk Stosowanych w Kro\u015bnie. Prowadzi zaj\u0119cia lektoratowe z j\u0119zyka angielskiego z grupami o r\u00f3\u017cnym zaawansowaniu j\u0119zyka angielskiego og\u00f3lnego i specjalistycznego (biznesowy, medyczny, techniczny). Prowadzi r\u00f3wnie\u017c kursy j\u0119zykowe w Academii. Przygotowuje kandydat\u00f3w do egzamin\u00f3w mi\u0119dzynarodowych Cambridge. Jej zainteresowania zawodowe koncentruj\u0105 si\u0119 na t\u0142umaczeniach i metodyce nauczania j\u0119zyka biznesowego.&nbsp; Autorka skrypt\u00f3w do nauki j\u0119zyka angielskiego w biznesie.<\/p>\n\n\n<hr class=\"wp-block-separator has-css-opacity\"\/>\n\n\n\n<div class=\"wp-block-columns is-layout-flex wp-container-core-columns-is-layout-28f84493 wp-block-columns-is-layout-flex\">\n<div class=\"wp-block-column is-layout-flow wp-block-column-is-layout-flow\" style=\"flex-basis:22%\">\n<figure class=\"wp-block-image size-full\"><img loading=\"lazy\" decoding=\"async\" width=\"393\" height=\"457\" src=\"https:\/\/pans.krosno.pl\/pracownicy\/wp-content\/uploads\/sites\/41\/2025\/10\/image.png\" alt=\"\" class=\"wp-image-11531\" srcset=\"https:\/\/pans.krosno.pl\/pracownicy\/wp-content\/uploads\/sites\/41\/2025\/10\/image.png 393w, https:\/\/pans.krosno.pl\/pracownicy\/wp-content\/uploads\/sites\/41\/2025\/10\/image-258x300.png 258w\" sizes=\"auto, (max-width: 393px) 100vw, 393px\" \/><\/figure>\n\n\n\n<p><\/p>\n<\/div>\n\n\n\n<div class=\"wp-block-column is-layout-flow wp-block-column-is-layout-flow\" style=\"flex-basis:78%\">\n<ul class=\"wp-block-list\">\n<li><a href=\"https:\/\/pans.krosno.pl\/pracownicy\/elzbieta-pawlik\/elzbieta-pawlik-zyciorys-naukowy\/\">\u017byciorys naukowy<\/a><\/li>\n\n\n\n<li><a href=\"https:\/\/pans.krosno.pl\/pracownicy\/elzbieta-pawlik\/elzbieta-pawlik-doswiadczenie-pozauczelniane\/\">Do\u015bwiadczenie pozauczelniane<\/a><\/li>\n\n\n\n<li><a href=\"https:\/\/pans.krosno.pl\/pracownicy\/elzbieta-pawlik\/elzbieta-pawlik-najwazniejsze-publikacje\/\">Najwa\u017cniejsze publikacje<\/a><\/li>\n\n\n\n<li>Najwa\u017cniejsze nagrody i wyr\u00f3\u017cnienia<\/li>\n<\/ul>\n\n\n\n<hr class=\"wp-block-separator has-css-opacity\"\/>\n\n\n\n<figure class=\"wp-block-table aligncenter is-style-stripes\"><table><tbody><tr><td class=\"has-text-align-left\" data-align=\"left\">Telefon: 13 43 650 67<\/td><\/tr><tr><td class=\"has-text-align-left\" data-align=\"left\">E-mail: <a href=\"mailto:elzbieta.pawlik@pans.krosno.pl\">elzbieta.pawlik@pans.krosno.pl<\/a><\/td><\/tr><tr><td class=\"has-text-align-left\" data-align=\"left\">Konsultacje: <a href=\"https:\/\/pans.krosno.pl\/sjo\/dyzury\/\" target=\"_blank\" rel=\"noreferrer noopener\">Dy\u017cur pracownika<\/a><\/td><\/tr><\/tbody><\/table><\/figure>\n<\/div>\n<\/div>\n\n\n\n<hr class=\"wp-block-separator has-css-opacity\"\/>\n\n\n\n<p><\/p>\n","protected":false},"excerpt":{"rendered":"<p>Studium J\u0119zyk\u00f3w Obcych Lektor j\u0119zyka angielskiego w Studium J\u0119zyk\u00f3w Obcych w Pa\u0144stwowej Akademii Nauk Stosowanych w Kro\u015bnie. Prowadzi zaj\u0119cia lektoratowe z j\u0119zyka angielskiego z grupami o r\u00f3\u017cnym zaawansowaniu j\u0119zyka angielskiego og\u00f3lnego i specjalistycznego (biznesowy, medyczny, techniczny). Prowadzi r\u00f3wnie\u017c kursy j\u0119zykowe w Academii. Przygotowuje kandydat\u00f3w do egzamin\u00f3w mi\u0119dzynarodowych Cambridge. Jej zainteresowania [\u2026] <\/p>\n<div class=\"clear\"><\/div>\n<p><a class=\"more_link clearfix\" href=\"https:\/\/pans.krosno.pl\/pracownicy\/elzbieta-pawlik\/\" rel=\"nofollow\">Read More<\/a><\/p>\n","protected":false},"author":34,"featured_media":0,"parent":0,"menu_order":0,"comment_status":"closed","ping_status":"closed","template":"","meta":{"ngg_post_thumbnail":0,"footnotes":""},"class_list":["post-2743","page","type-page","status-publish","hentry"],"yoast_head":"<!-- This site is optimized with the Yoast SEO Premium plugin v27.3 (Yoast SEO v27.3) - https:\/\/yoast.com\/product\/yoast-seo-premium-wordpress\/ -->\n<title>mgr El\u017cbieta Pawlik - Pracownicy PANS w Kro\u015bnie<\/title>\n<meta name=\"robots\" content=\"index, follow, max-snippet:-1, max-image-preview:large, max-video-preview:-1\" \/>\n<link rel=\"canonical\" href=\"https:\/\/pans.krosno.pl\/pracownicy\/elzbieta-pawlik\/\" \/>\n<meta property=\"og:locale\" content=\"pl_PL\" \/>\n<meta property=\"og:type\" content=\"article\" \/>\n<meta property=\"og:title\" content=\"mgr El\u017cbieta Pawlik\" \/>\n<meta property=\"og:description\" content=\"Studium J\u0119zyk\u00f3w Obcych Lektor j\u0119zyka angielskiego w Studium J\u0119zyk\u00f3w Obcych w Pa\u0144stwowej Akademii Nauk Stosowanych w Kro\u015bnie. Prowadzi zaj\u0119cia lektoratowe z j\u0119zyka angielskiego z grupami o r\u00f3\u017cnym zaawansowaniu j\u0119zyka angielskiego og\u00f3lnego i specjalistycznego (biznesowy, medyczny, techniczny). Prowadzi r\u00f3wnie\u017c kursy j\u0119zykowe w Academii. Przygotowuje kandydat\u00f3w do egzamin\u00f3w mi\u0119dzynarodowych Cambridge. Jej zainteresowania [\u2026] Read More\" \/>\n<meta property=\"og:url\" content=\"https:\/\/pans.krosno.pl\/pracownicy\/elzbieta-pawlik\/\" \/>\n<meta property=\"og:site_name\" content=\"Pracownicy PANS w Kro\u015bnie\" \/>\n<meta property=\"article:modified_time\" content=\"2025-10-17T12:29:44+00:00\" \/>\n<meta property=\"og:image\" content=\"https:\/\/pans.krosno.pl\/pracownicy\/wp-content\/uploads\/sites\/41\/2025\/10\/image.png\" \/>\n\t<meta property=\"og:image:width\" content=\"393\" \/>\n\t<meta property=\"og:image:height\" content=\"457\" \/>\n\t<meta property=\"og:image:type\" content=\"image\/png\" \/>\n<meta name=\"twitter:card\" content=\"summary_large_image\" \/>\n<meta name=\"twitter:label1\" content=\"Szacowany czas czytania\" \/>\n\t<meta name=\"twitter:data1\" content=\"1 minuta\" \/>\n<script type=\"application\/ld+json\" class=\"yoast-schema-graph\">{\"@context\":\"https:\\\/\\\/schema.org\",\"@graph\":[{\"@type\":\"WebPage\",\"@id\":\"https:\\\/\\\/pans.krosno.pl\\\/pracownicy\\\/elzbieta-pawlik\\\/\",\"url\":\"https:\\\/\\\/pans.krosno.pl\\\/pracownicy\\\/elzbieta-pawlik\\\/\",\"name\":\"mgr El\u017cbieta Pawlik - Pracownicy PANS w Kro\u015bnie\",\"isPartOf\":{\"@id\":\"https:\\\/\\\/pans.krosno.pl\\\/pracownicy\\\/#website\"},\"primaryImageOfPage\":{\"@id\":\"https:\\\/\\\/pans.krosno.pl\\\/pracownicy\\\/elzbieta-pawlik\\\/#primaryimage\"},\"image\":{\"@id\":\"https:\\\/\\\/pans.krosno.pl\\\/pracownicy\\\/elzbieta-pawlik\\\/#primaryimage\"},\"thumbnailUrl\":\"https:\\\/\\\/pans.krosno.pl\\\/pracownicy\\\/wp-content\\\/uploads\\\/sites\\\/41\\\/2025\\\/10\\\/image.png\",\"datePublished\":\"2020-04-16T06:50:57+00:00\",\"dateModified\":\"2025-10-17T12:29:44+00:00\",\"breadcrumb\":{\"@id\":\"https:\\\/\\\/pans.krosno.pl\\\/pracownicy\\\/elzbieta-pawlik\\\/#breadcrumb\"},\"inLanguage\":\"pl-PL\",\"potentialAction\":[{\"@type\":\"ReadAction\",\"target\":[\"https:\\\/\\\/pans.krosno.pl\\\/pracownicy\\\/elzbieta-pawlik\\\/\"]}]},{\"@type\":\"ImageObject\",\"inLanguage\":\"pl-PL\",\"@id\":\"https:\\\/\\\/pans.krosno.pl\\\/pracownicy\\\/elzbieta-pawlik\\\/#primaryimage\",\"url\":\"https:\\\/\\\/pans.krosno.pl\\\/pracownicy\\\/wp-content\\\/uploads\\\/sites\\\/41\\\/2025\\\/10\\\/image.png\",\"contentUrl\":\"https:\\\/\\\/pans.krosno.pl\\\/pracownicy\\\/wp-content\\\/uploads\\\/sites\\\/41\\\/2025\\\/10\\\/image.png\",\"width\":393,\"height\":457},{\"@type\":\"BreadcrumbList\",\"@id\":\"https:\\\/\\\/pans.krosno.pl\\\/pracownicy\\\/elzbieta-pawlik\\\/#breadcrumb\",\"itemListElement\":[{\"@type\":\"ListItem\",\"position\":1,\"name\":\"Strona g\u0142\u00f3wna\",\"item\":\"https:\\\/\\\/pans.krosno.pl\\\/pracownicy\\\/\"},{\"@type\":\"ListItem\",\"position\":2,\"name\":\"mgr El\u017cbieta Pawlik\"}]},{\"@type\":\"WebSite\",\"@id\":\"https:\\\/\\\/pans.krosno.pl\\\/pracownicy\\\/#website\",\"url\":\"https:\\\/\\\/pans.krosno.pl\\\/pracownicy\\\/\",\"name\":\"Pracownicy PANS w Kro\u015bnie\",\"description\":\"Pracownicy - Pa\u0144stwowa Akademia Nauk Stosowanych\",\"publisher\":{\"@id\":\"https:\\\/\\\/pans.krosno.pl\\\/pracownicy\\\/#organization\"},\"potentialAction\":[{\"@type\":\"SearchAction\",\"target\":{\"@type\":\"EntryPoint\",\"urlTemplate\":\"https:\\\/\\\/pans.krosno.pl\\\/pracownicy\\\/?s={search_term_string}\"},\"query-input\":{\"@type\":\"PropertyValueSpecification\",\"valueRequired\":true,\"valueName\":\"search_term_string\"}}],\"inLanguage\":\"pl-PL\"},{\"@type\":\"Organization\",\"@id\":\"https:\\\/\\\/pans.krosno.pl\\\/pracownicy\\\/#organization\",\"name\":\"Pracownicy PANS w Kro\u015bnie\",\"url\":\"https:\\\/\\\/pans.krosno.pl\\\/pracownicy\\\/\",\"logo\":{\"@type\":\"ImageObject\",\"inLanguage\":\"pl-PL\",\"@id\":\"https:\\\/\\\/pans.krosno.pl\\\/pracownicy\\\/#\\\/schema\\\/logo\\\/image\\\/\",\"url\":\"https:\\\/\\\/pans.krosno.pl\\\/pracownicy\\\/wp-content\\\/uploads\\\/sites\\\/41\\\/2023\\\/01\\\/Logo-PANS-2022-pelne.png\",\"contentUrl\":\"https:\\\/\\\/pans.krosno.pl\\\/pracownicy\\\/wp-content\\\/uploads\\\/sites\\\/41\\\/2023\\\/01\\\/Logo-PANS-2022-pelne.png\",\"width\":3096,\"height\":696,\"caption\":\"Pracownicy PANS w Kro\u015bnie\"},\"image\":{\"@id\":\"https:\\\/\\\/pans.krosno.pl\\\/pracownicy\\\/#\\\/schema\\\/logo\\\/image\\\/\"}}]}<\/script>\n<!-- \/ Yoast SEO Premium plugin. -->","yoast_head_json":{"title":"mgr El\u017cbieta Pawlik - Pracownicy PANS w Kro\u015bnie","robots":{"index":"index","follow":"follow","max-snippet":"max-snippet:-1","max-image-preview":"max-image-preview:large","max-video-preview":"max-video-preview:-1"},"canonical":"https:\/\/pans.krosno.pl\/pracownicy\/elzbieta-pawlik\/","og_locale":"pl_PL","og_type":"article","og_title":"mgr El\u017cbieta Pawlik","og_description":"Studium J\u0119zyk\u00f3w Obcych Lektor j\u0119zyka angielskiego w Studium J\u0119zyk\u00f3w Obcych w Pa\u0144stwowej Akademii Nauk Stosowanych w Kro\u015bnie. Prowadzi zaj\u0119cia lektoratowe z j\u0119zyka angielskiego z grupami o r\u00f3\u017cnym zaawansowaniu j\u0119zyka angielskiego og\u00f3lnego i specjalistycznego (biznesowy, medyczny, techniczny). Prowadzi r\u00f3wnie\u017c kursy j\u0119zykowe w Academii. Przygotowuje kandydat\u00f3w do egzamin\u00f3w mi\u0119dzynarodowych Cambridge. Jej zainteresowania [\u2026] Read More","og_url":"https:\/\/pans.krosno.pl\/pracownicy\/elzbieta-pawlik\/","og_site_name":"Pracownicy PANS w Kro\u015bnie","article_modified_time":"2025-10-17T12:29:44+00:00","og_image":[{"width":393,"height":457,"url":"https:\/\/pans.krosno.pl\/pracownicy\/wp-content\/uploads\/sites\/41\/2025\/10\/image.png","type":"image\/png"}],"twitter_card":"summary_large_image","twitter_misc":{"Szacowany czas czytania":"1 minuta"},"schema":{"@context":"https:\/\/schema.org","@graph":[{"@type":"WebPage","@id":"https:\/\/pans.krosno.pl\/pracownicy\/elzbieta-pawlik\/","url":"https:\/\/pans.krosno.pl\/pracownicy\/elzbieta-pawlik\/","name":"mgr El\u017cbieta Pawlik - Pracownicy PANS w Kro\u015bnie","isPartOf":{"@id":"https:\/\/pans.krosno.pl\/pracownicy\/#website"},"primaryImageOfPage":{"@id":"https:\/\/pans.krosno.pl\/pracownicy\/elzbieta-pawlik\/#primaryimage"},"image":{"@id":"https:\/\/pans.krosno.pl\/pracownicy\/elzbieta-pawlik\/#primaryimage"},"thumbnailUrl":"https:\/\/pans.krosno.pl\/pracownicy\/wp-content\/uploads\/sites\/41\/2025\/10\/image.png","datePublished":"2020-04-16T06:50:57+00:00","dateModified":"2025-10-17T12:29:44+00:00","breadcrumb":{"@id":"https:\/\/pans.krosno.pl\/pracownicy\/elzbieta-pawlik\/#breadcrumb"},"inLanguage":"pl-PL","potentialAction":[{"@type":"ReadAction","target":["https:\/\/pans.krosno.pl\/pracownicy\/elzbieta-pawlik\/"]}]},{"@type":"ImageObject","inLanguage":"pl-PL","@id":"https:\/\/pans.krosno.pl\/pracownicy\/elzbieta-pawlik\/#primaryimage","url":"https:\/\/pans.krosno.pl\/pracownicy\/wp-content\/uploads\/sites\/41\/2025\/10\/image.png","contentUrl":"https:\/\/pans.krosno.pl\/pracownicy\/wp-content\/uploads\/sites\/41\/2025\/10\/image.png","width":393,"height":457},{"@type":"BreadcrumbList","@id":"https:\/\/pans.krosno.pl\/pracownicy\/elzbieta-pawlik\/#breadcrumb","itemListElement":[{"@type":"ListItem","position":1,"name":"Strona g\u0142\u00f3wna","item":"https:\/\/pans.krosno.pl\/pracownicy\/"},{"@type":"ListItem","position":2,"name":"mgr El\u017cbieta Pawlik"}]},{"@type":"WebSite","@id":"https:\/\/pans.krosno.pl\/pracownicy\/#website","url":"https:\/\/pans.krosno.pl\/pracownicy\/","name":"Pracownicy PANS w Kro\u015bnie","description":"Pracownicy - Pa\u0144stwowa Akademia Nauk Stosowanych","publisher":{"@id":"https:\/\/pans.krosno.pl\/pracownicy\/#organization"},"potentialAction":[{"@type":"SearchAction","target":{"@type":"EntryPoint","urlTemplate":"https:\/\/pans.krosno.pl\/pracownicy\/?s={search_term_string}"},"query-input":{"@type":"PropertyValueSpecification","valueRequired":true,"valueName":"search_term_string"}}],"inLanguage":"pl-PL"},{"@type":"Organization","@id":"https:\/\/pans.krosno.pl\/pracownicy\/#organization","name":"Pracownicy PANS w Kro\u015bnie","url":"https:\/\/pans.krosno.pl\/pracownicy\/","logo":{"@type":"ImageObject","inLanguage":"pl-PL","@id":"https:\/\/pans.krosno.pl\/pracownicy\/#\/schema\/logo\/image\/","url":"https:\/\/pans.krosno.pl\/pracownicy\/wp-content\/uploads\/sites\/41\/2023\/01\/Logo-PANS-2022-pelne.png","contentUrl":"https:\/\/pans.krosno.pl\/pracownicy\/wp-content\/uploads\/sites\/41\/2023\/01\/Logo-PANS-2022-pelne.png","width":3096,"height":696,"caption":"Pracownicy PANS w Kro\u015bnie"},"image":{"@id":"https:\/\/pans.krosno.pl\/pracownicy\/#\/schema\/logo\/image\/"}}]}},"_links":{"self":[{"href":"https:\/\/pans.krosno.pl\/pracownicy\/wp-json\/wp\/v2\/pages\/2743","targetHints":{"allow":["GET"]}}],"collection":[{"href":"https:\/\/pans.krosno.pl\/pracownicy\/wp-json\/wp\/v2\/pages"}],"about":[{"href":"https:\/\/pans.krosno.pl\/pracownicy\/wp-json\/wp\/v2\/types\/page"}],"author":[{"embeddable":true,"href":"https:\/\/pans.krosno.pl\/pracownicy\/wp-json\/wp\/v2\/users\/34"}],"replies":[{"embeddable":true,"href":"https:\/\/pans.krosno.pl\/pracownicy\/wp-json\/wp\/v2\/comments?post=2743"}],"version-history":[{"count":14,"href":"https:\/\/pans.krosno.pl\/pracownicy\/wp-json\/wp\/v2\/pages\/2743\/revisions"}],"predecessor-version":[{"id":11533,"href":"https:\/\/pans.krosno.pl\/pracownicy\/wp-json\/wp\/v2\/pages\/2743\/revisions\/11533"}],"wp:attachment":[{"href":"https:\/\/pans.krosno.pl\/pracownicy\/wp-json\/wp\/v2\/media?parent=2743"}],"curies":[{"name":"wp","href":"https:\/\/api.w.org\/{rel}","templated":true}]}}