{"id":2713,"date":"2020-04-15T21:31:36","date_gmt":"2020-04-15T19:31:36","guid":{"rendered":"https:\/\/pans.krosno.pl\/pracownicy\/?page_id=2713"},"modified":"2025-05-16T09:00:37","modified_gmt":"2025-05-16T07:00:37","slug":"wieslaw-niedoba-najwazniejsze-publikacje","status":"publish","type":"page","link":"https:\/\/pans.krosno.pl\/pracownicy\/wieslaw-niedoba\/wieslaw-niedoba-najwazniejsze-publikacje\/","title":{"rendered":"dr Wies\u0142aw Niedoba &#8211; Najwa\u017cniejsze publikacje"},"content":{"rendered":"<hr>\n<ul>\n<li>Jest autorem lub wsp\u00f3\u0142autorem kilkunastu artyku\u0142\u00f3w naukowych i kilkunastu skrypt\u00f3w i podr\u0119cznik\u00f3w oraz licznych opracowa\u0144 naukowych dla przemys\u0142u g\u00f3rniczego.<\/li>\n<\/ul>\n<p><strong>Publikacje naukowe<\/strong><\/p>\n<ol>\n<li>A difference method for a non linear integro -differential equation of the first order. Zeszyty Naukowe UJ 1974.<\/li>\n<li>On the difference method for a non linear parabolic functional equations. Zeszyty Naukowe UJ 1977.<\/li>\n<li>On the difference method for a non linear parabolic functional-differential equation. Zeszyty Naukowe UJ 1978.<\/li>\n<li>On the difference method for a non linear system of differential functionale equations. Wydawnictwa AGH 1981.<\/li>\n<li>Minimalizacja zamro\u017cenia w procesie inwestycyjnym Przegl\u0105d Statystyczny 1978.<\/li>\n<\/ol>\n<p><strong>Podr\u0119czniki i skrypty<\/strong><\/p>\n<ol>\n<li>R\u00f3wnania r\u00f3\u017cniczkowe zwyczajne i cz\u0105stkowe Wydawnictwo AGH 2001.<\/li>\n<li>Matematyka wy\u017csza dla licencjat\u00f3w Wydawnictwo WSZiB w Krakowie 2002.<\/li>\n<li>Miara i ca\u0142ka .Rachunek prawdopodobie\u0144stwa. Wydwnictwa AGH 2003.<\/li>\n<li>Rachunek ca\u0142kowy funkcji jednej zmiennej Prace naukowo-dydaktyczne PWSZ w Kro\u015bnie 2003.<\/li>\n<li>Rachunek r\u00f3\u017cniczkowy funkcji jednej zmiennej prace naukowo -dydaktyczne PWSZ w Kro\u015bnie 2003.<\/li>\n<li>Algebra Prace naukowo-dydaktyczne PWSZ w Kro\u015bnie 2005.&nbsp;<\/li>\n<\/ol>\n<hr>\n<p>&nbsp;<\/p>\n","protected":false},"excerpt":{"rendered":"<p>Jest autorem lub wsp\u00f3\u0142autorem kilkunastu artyku\u0142\u00f3w naukowych i kilkunastu skrypt\u00f3w i podr\u0119cznik\u00f3w oraz licznych opracowa\u0144 naukowych dla przemys\u0142u g\u00f3rniczego. Publikacje naukowe A difference method for a non linear integro -differential equation of the first order. Zeszyty Naukowe UJ 1974. On the difference method for a non linear parabolic functional equations. [\u2026] <\/p>\n<div class=\"clear\"><\/div>\n<p><a class=\"more_link clearfix\" href=\"https:\/\/pans.krosno.pl\/pracownicy\/wieslaw-niedoba\/wieslaw-niedoba-najwazniejsze-publikacje\/\" rel=\"nofollow\">Read More<\/a><\/p>\n","protected":false},"author":36,"featured_media":0,"parent":2705,"menu_order":0,"comment_status":"closed","ping_status":"closed","template":"","meta":{"ngg_post_thumbnail":0,"footnotes":""},"class_list":["post-2713","page","type-page","status-publish","hentry"],"yoast_head":"<!-- This site is optimized with the Yoast SEO Premium plugin v27.3 (Yoast SEO v27.3) - https:\/\/yoast.com\/product\/yoast-seo-premium-wordpress\/ -->\n<title>dr Wies\u0142aw Niedoba - Najwa\u017cniejsze publikacje - Pracownicy PANS w Kro\u015bnie<\/title>\n<meta name=\"robots\" content=\"index, follow, max-snippet:-1, max-image-preview:large, max-video-preview:-1\" \/>\n<link rel=\"canonical\" href=\"https:\/\/pans.krosno.pl\/pracownicy\/wieslaw-niedoba\/wieslaw-niedoba-najwazniejsze-publikacje\/\" \/>\n<meta property=\"og:locale\" content=\"pl_PL\" \/>\n<meta property=\"og:type\" content=\"article\" \/>\n<meta property=\"og:title\" content=\"dr Wies\u0142aw Niedoba - Najwa\u017cniejsze publikacje\" \/>\n<meta property=\"og:description\" content=\"Jest autorem lub wsp\u00f3\u0142autorem kilkunastu artyku\u0142\u00f3w naukowych i kilkunastu skrypt\u00f3w i podr\u0119cznik\u00f3w oraz licznych opracowa\u0144 naukowych dla przemys\u0142u g\u00f3rniczego. Publikacje naukowe A difference method for a non linear integro -differential equation of the first order. Zeszyty Naukowe UJ 1974. On the difference method for a non linear parabolic functional equations. [\u2026] Read More\" \/>\n<meta property=\"og:url\" content=\"https:\/\/pans.krosno.pl\/pracownicy\/wieslaw-niedoba\/wieslaw-niedoba-najwazniejsze-publikacje\/\" \/>\n<meta property=\"og:site_name\" content=\"Pracownicy PANS w Kro\u015bnie\" \/>\n<meta property=\"article:modified_time\" content=\"2025-05-16T07:00:37+00:00\" \/>\n<meta name=\"twitter:card\" content=\"summary_large_image\" \/>\n<meta name=\"twitter:label1\" content=\"Szacowany czas czytania\" \/>\n\t<meta name=\"twitter:data1\" content=\"1 minuta\" \/>\n<script type=\"application\/ld+json\" class=\"yoast-schema-graph\">{\"@context\":\"https:\\\/\\\/schema.org\",\"@graph\":[{\"@type\":\"WebPage\",\"@id\":\"https:\\\/\\\/pans.krosno.pl\\\/pracownicy\\\/wieslaw-niedoba\\\/wieslaw-niedoba-najwazniejsze-publikacje\\\/\",\"url\":\"https:\\\/\\\/pans.krosno.pl\\\/pracownicy\\\/wieslaw-niedoba\\\/wieslaw-niedoba-najwazniejsze-publikacje\\\/\",\"name\":\"dr Wies\u0142aw Niedoba - Najwa\u017cniejsze publikacje - Pracownicy PANS w Kro\u015bnie\",\"isPartOf\":{\"@id\":\"https:\\\/\\\/pans.krosno.pl\\\/pracownicy\\\/#website\"},\"datePublished\":\"2020-04-15T19:31:36+00:00\",\"dateModified\":\"2025-05-16T07:00:37+00:00\",\"breadcrumb\":{\"@id\":\"https:\\\/\\\/pans.krosno.pl\\\/pracownicy\\\/wieslaw-niedoba\\\/wieslaw-niedoba-najwazniejsze-publikacje\\\/#breadcrumb\"},\"inLanguage\":\"pl-PL\",\"potentialAction\":[{\"@type\":\"ReadAction\",\"target\":[\"https:\\\/\\\/pans.krosno.pl\\\/pracownicy\\\/wieslaw-niedoba\\\/wieslaw-niedoba-najwazniejsze-publikacje\\\/\"]}]},{\"@type\":\"BreadcrumbList\",\"@id\":\"https:\\\/\\\/pans.krosno.pl\\\/pracownicy\\\/wieslaw-niedoba\\\/wieslaw-niedoba-najwazniejsze-publikacje\\\/#breadcrumb\",\"itemListElement\":[{\"@type\":\"ListItem\",\"position\":1,\"name\":\"Strona g\u0142\u00f3wna\",\"item\":\"https:\\\/\\\/pans.krosno.pl\\\/pracownicy\\\/\"},{\"@type\":\"ListItem\",\"position\":2,\"name\":\"dr Wies\u0142aw Niedoba\",\"item\":\"https:\\\/\\\/pans.krosno.pl\\\/pracownicy\\\/wieslaw-niedoba\\\/\"},{\"@type\":\"ListItem\",\"position\":3,\"name\":\"dr Wies\u0142aw Niedoba &#8211; Najwa\u017cniejsze publikacje\"}]},{\"@type\":\"WebSite\",\"@id\":\"https:\\\/\\\/pans.krosno.pl\\\/pracownicy\\\/#website\",\"url\":\"https:\\\/\\\/pans.krosno.pl\\\/pracownicy\\\/\",\"name\":\"Pracownicy PANS w Kro\u015bnie\",\"description\":\"Pracownicy - Pa\u0144stwowa Akademia Nauk Stosowanych\",\"publisher\":{\"@id\":\"https:\\\/\\\/pans.krosno.pl\\\/pracownicy\\\/#organization\"},\"potentialAction\":[{\"@type\":\"SearchAction\",\"target\":{\"@type\":\"EntryPoint\",\"urlTemplate\":\"https:\\\/\\\/pans.krosno.pl\\\/pracownicy\\\/?s={search_term_string}\"},\"query-input\":{\"@type\":\"PropertyValueSpecification\",\"valueRequired\":true,\"valueName\":\"search_term_string\"}}],\"inLanguage\":\"pl-PL\"},{\"@type\":\"Organization\",\"@id\":\"https:\\\/\\\/pans.krosno.pl\\\/pracownicy\\\/#organization\",\"name\":\"Pracownicy PANS w Kro\u015bnie\",\"url\":\"https:\\\/\\\/pans.krosno.pl\\\/pracownicy\\\/\",\"logo\":{\"@type\":\"ImageObject\",\"inLanguage\":\"pl-PL\",\"@id\":\"https:\\\/\\\/pans.krosno.pl\\\/pracownicy\\\/#\\\/schema\\\/logo\\\/image\\\/\",\"url\":\"https:\\\/\\\/pans.krosno.pl\\\/pracownicy\\\/wp-content\\\/uploads\\\/sites\\\/41\\\/2023\\\/01\\\/Logo-PANS-2022-pelne.png\",\"contentUrl\":\"https:\\\/\\\/pans.krosno.pl\\\/pracownicy\\\/wp-content\\\/uploads\\\/sites\\\/41\\\/2023\\\/01\\\/Logo-PANS-2022-pelne.png\",\"width\":3096,\"height\":696,\"caption\":\"Pracownicy PANS w Kro\u015bnie\"},\"image\":{\"@id\":\"https:\\\/\\\/pans.krosno.pl\\\/pracownicy\\\/#\\\/schema\\\/logo\\\/image\\\/\"}}]}<\/script>\n<!-- \/ Yoast SEO Premium plugin. -->","yoast_head_json":{"title":"dr Wies\u0142aw Niedoba - Najwa\u017cniejsze publikacje - Pracownicy PANS w Kro\u015bnie","robots":{"index":"index","follow":"follow","max-snippet":"max-snippet:-1","max-image-preview":"max-image-preview:large","max-video-preview":"max-video-preview:-1"},"canonical":"https:\/\/pans.krosno.pl\/pracownicy\/wieslaw-niedoba\/wieslaw-niedoba-najwazniejsze-publikacje\/","og_locale":"pl_PL","og_type":"article","og_title":"dr Wies\u0142aw Niedoba - Najwa\u017cniejsze publikacje","og_description":"Jest autorem lub wsp\u00f3\u0142autorem kilkunastu artyku\u0142\u00f3w naukowych i kilkunastu skrypt\u00f3w i podr\u0119cznik\u00f3w oraz licznych opracowa\u0144 naukowych dla przemys\u0142u g\u00f3rniczego. Publikacje naukowe A difference method for a non linear integro -differential equation of the first order. Zeszyty Naukowe UJ 1974. On the difference method for a non linear parabolic functional equations. [\u2026] Read More","og_url":"https:\/\/pans.krosno.pl\/pracownicy\/wieslaw-niedoba\/wieslaw-niedoba-najwazniejsze-publikacje\/","og_site_name":"Pracownicy PANS w Kro\u015bnie","article_modified_time":"2025-05-16T07:00:37+00:00","twitter_card":"summary_large_image","twitter_misc":{"Szacowany czas czytania":"1 minuta"},"schema":{"@context":"https:\/\/schema.org","@graph":[{"@type":"WebPage","@id":"https:\/\/pans.krosno.pl\/pracownicy\/wieslaw-niedoba\/wieslaw-niedoba-najwazniejsze-publikacje\/","url":"https:\/\/pans.krosno.pl\/pracownicy\/wieslaw-niedoba\/wieslaw-niedoba-najwazniejsze-publikacje\/","name":"dr Wies\u0142aw Niedoba - Najwa\u017cniejsze publikacje - Pracownicy PANS w Kro\u015bnie","isPartOf":{"@id":"https:\/\/pans.krosno.pl\/pracownicy\/#website"},"datePublished":"2020-04-15T19:31:36+00:00","dateModified":"2025-05-16T07:00:37+00:00","breadcrumb":{"@id":"https:\/\/pans.krosno.pl\/pracownicy\/wieslaw-niedoba\/wieslaw-niedoba-najwazniejsze-publikacje\/#breadcrumb"},"inLanguage":"pl-PL","potentialAction":[{"@type":"ReadAction","target":["https:\/\/pans.krosno.pl\/pracownicy\/wieslaw-niedoba\/wieslaw-niedoba-najwazniejsze-publikacje\/"]}]},{"@type":"BreadcrumbList","@id":"https:\/\/pans.krosno.pl\/pracownicy\/wieslaw-niedoba\/wieslaw-niedoba-najwazniejsze-publikacje\/#breadcrumb","itemListElement":[{"@type":"ListItem","position":1,"name":"Strona g\u0142\u00f3wna","item":"https:\/\/pans.krosno.pl\/pracownicy\/"},{"@type":"ListItem","position":2,"name":"dr Wies\u0142aw Niedoba","item":"https:\/\/pans.krosno.pl\/pracownicy\/wieslaw-niedoba\/"},{"@type":"ListItem","position":3,"name":"dr Wies\u0142aw Niedoba &#8211; Najwa\u017cniejsze publikacje"}]},{"@type":"WebSite","@id":"https:\/\/pans.krosno.pl\/pracownicy\/#website","url":"https:\/\/pans.krosno.pl\/pracownicy\/","name":"Pracownicy PANS w Kro\u015bnie","description":"Pracownicy - Pa\u0144stwowa Akademia Nauk Stosowanych","publisher":{"@id":"https:\/\/pans.krosno.pl\/pracownicy\/#organization"},"potentialAction":[{"@type":"SearchAction","target":{"@type":"EntryPoint","urlTemplate":"https:\/\/pans.krosno.pl\/pracownicy\/?s={search_term_string}"},"query-input":{"@type":"PropertyValueSpecification","valueRequired":true,"valueName":"search_term_string"}}],"inLanguage":"pl-PL"},{"@type":"Organization","@id":"https:\/\/pans.krosno.pl\/pracownicy\/#organization","name":"Pracownicy PANS w Kro\u015bnie","url":"https:\/\/pans.krosno.pl\/pracownicy\/","logo":{"@type":"ImageObject","inLanguage":"pl-PL","@id":"https:\/\/pans.krosno.pl\/pracownicy\/#\/schema\/logo\/image\/","url":"https:\/\/pans.krosno.pl\/pracownicy\/wp-content\/uploads\/sites\/41\/2023\/01\/Logo-PANS-2022-pelne.png","contentUrl":"https:\/\/pans.krosno.pl\/pracownicy\/wp-content\/uploads\/sites\/41\/2023\/01\/Logo-PANS-2022-pelne.png","width":3096,"height":696,"caption":"Pracownicy PANS w Kro\u015bnie"},"image":{"@id":"https:\/\/pans.krosno.pl\/pracownicy\/#\/schema\/logo\/image\/"}}]}},"_links":{"self":[{"href":"https:\/\/pans.krosno.pl\/pracownicy\/wp-json\/wp\/v2\/pages\/2713","targetHints":{"allow":["GET"]}}],"collection":[{"href":"https:\/\/pans.krosno.pl\/pracownicy\/wp-json\/wp\/v2\/pages"}],"about":[{"href":"https:\/\/pans.krosno.pl\/pracownicy\/wp-json\/wp\/v2\/types\/page"}],"author":[{"embeddable":true,"href":"https:\/\/pans.krosno.pl\/pracownicy\/wp-json\/wp\/v2\/users\/36"}],"replies":[{"embeddable":true,"href":"https:\/\/pans.krosno.pl\/pracownicy\/wp-json\/wp\/v2\/comments?post=2713"}],"version-history":[{"count":4,"href":"https:\/\/pans.krosno.pl\/pracownicy\/wp-json\/wp\/v2\/pages\/2713\/revisions"}],"predecessor-version":[{"id":8202,"href":"https:\/\/pans.krosno.pl\/pracownicy\/wp-json\/wp\/v2\/pages\/2713\/revisions\/8202"}],"up":[{"embeddable":true,"href":"https:\/\/pans.krosno.pl\/pracownicy\/wp-json\/wp\/v2\/pages\/2705"}],"wp:attachment":[{"href":"https:\/\/pans.krosno.pl\/pracownicy\/wp-json\/wp\/v2\/media?parent=2713"}],"curies":[{"name":"wp","href":"https:\/\/api.w.org\/{rel}","templated":true}]}}