{"id":2699,"date":"2020-04-15T21:14:10","date_gmt":"2020-04-15T19:14:10","guid":{"rendered":"https:\/\/pans.krosno.pl\/pracownicy\/?page_id=2699"},"modified":"2025-05-20T13:24:06","modified_gmt":"2025-05-20T11:24:06","slug":"robert-rajs-najwazniejsze-publikacje","status":"publish","type":"page","link":"https:\/\/pans.krosno.pl\/pracownicy\/robert-rajs\/robert-rajs-najwazniejsze-publikacje\/","title":{"rendered":"mgr Robert Rajs &#8211; Najwa\u017cniejsze publikacje"},"content":{"rendered":"<hr>\n<p><strong>Monografie<\/strong><\/p>\n<ol>\n<li>Skrypt z Konferencji naukowej \u201eEdukacja og\u00f3lnotechniczna w wybranych krajach \u015bwiata \u201d. Tarnobrzeg 1995.<\/li>\n<li>Skrypt \u2013 \u201eWielozadaniowe i wielodost\u0119pne systemy operacyjne\u201d Wyd. PWSZ Krosno 2005.<\/li>\n<li>Skrypt \u2013 \u201eInformatyczne systemy w turystyce\u201d. dla Kierunku Turystyka i Rekreacja. Wyd. PWSZ Krosno 2007.<\/li>\n<li>Skrypt z system\u00f3w operacyjnych dla uczni\u00f3w i s\u0142uchaczy Centrum Kszta\u0142cenia Ustawicznego w Kro\u015bnie Wyd. CKU 2007<\/li>\n<\/ol>\n<p><strong>Badania naukowe:<\/strong><\/p>\n<ol>\n<li>Zastosowanie algorytm\u00f3w genetycznych do badania efektywno\u015bci kszta\u0142cenia na wy\u017cszej uczelni technicznej.<\/li>\n<li>Kwantyfikowanie wiedzy i jej analiza z przedmiot\u00f3w informatycznych na specjalno\u015bci:<br \/>\nSieciowe Systemy Informatyczne PWSZ Krosno.<\/li>\n<li>Ocena test\u00f3w sprawdzaj\u0105cych wiedz\u0119 studenta metodami testowania hipotez statystycznych<\/li>\n<\/ol>\n<p><strong>Publikacje<\/strong><\/p>\n<ol>\n<li>Skrypt z Konferencji naukowej \u201eEdukacja og\u00f3lnotechniczna w wybranych krajach \u015bwiata \u201d. Tarnobrzeg 1995<\/li>\n<li>Skrypt \u2013 \u201eWielozadaniowe i wielodost\u0119pne systemy operacyjne\u201d ponad 200 stron materia\u0142\u00f3w dydaktycznych<br \/>\nWyd. PWSZ Krosno 2005<\/li>\n<li>Prowadzone zaawansowane prace nad skryptem dla Kierunku Turystyka i Rekreacja przewodnikiem<br \/>\nmultimedialnym z system\u00f3w informatycznych w turystyce<\/li>\n<li>Skrypt z system\u00f3w operacyjnych dla uczni\u00f3w i s\u0142uchaczy Centrum Kszta\u0142cenia Ustawicznego w Kro\u015bnie<br \/>\nWyd. CKU 2006<\/li>\n<\/ol>\n<p><strong>Artyku\u0142y &#8211; Konferencje<\/strong><\/p>\n<ol>\n<li>Robert Rajs: \u201ePoj\u0119cie systemu o\u015bwiatowego\u201d. Artyku\u0142 w materia\u0142ach konferencyjnych. Wyd. FOSZE \u2013Tarnobrzeg 1995.<\/li>\n<li>Robert Rajs \u201eProblemy szko\u0142y i o\u015bwiaty podstawowej\u201d. Artyku\u0142 w materia\u0142ach konferencyjnych. Wyd. FOSZE \u2013 Tarnobrzeg 1995.<\/li>\n<li>Robert Rajs: \u201e\u201eProblemy szko\u0142y \u015bredniej\u201d. Artyku\u0142 w materia\u0142ach konferencyjnych. Wyd. FOSZE \u2013Tarnobrzeg 1995.<\/li>\n<li>Robert Rajs: \u201eUczenie si\u0119 przez badanie jako dochodzenie do zrozumienia\u201d. Edukacja Og\u00f3lnotechniczna \u2013 inaczej. Wyd. FOSZE Nr.1\/95.<\/li>\n<li>Robert Rajs: \u201eInnowacje pedagogiczne bez techniki\u201d. Edukacja og\u00f3lnotechniczna \u2013 inaczej. Wyd. FOSZE Nr.2\/96.<\/li>\n<li>Robert Rajs: \u201eKszta\u0142towanie kultury informatycznej\u201d Artyku\u0142 w czasopi\u015bmie Edukacja og\u00f3lnotechniczna \u2013 inaczej. Wyd. FOSZE Nr.3\/96.<\/li>\n<li>Robert Rajs: \u201e.Tre\u015b\u0107 kszta\u0142cenia i jej powi\u0105zania z celami wychowania i nauczania oraz wymaganiami programowymi\u201d. Wyd. FOSZE Nr.7\/97.<\/li>\n<li>Robert Rajs: \u201eBadanie wzrostu poziomu efektywno\u015bci kszta\u0142cenia na wy\u017cszej uczelni\u201d. Artyku\u0142 w materia\u0142ach konferencyjnych PWSZ Che\u0142m 2003.<\/li>\n<li>Robert Rajs: \u201eZastosowanie algorytm\u00f3w genetycznych w modelowaniu doboru tre\u015bci kszta\u0142cenia informatycznego\u201d . Artyku\u0142 w materia\u0142ach konferencyjnych PWSZ Che\u0142m 2004.<\/li>\n<li>Robert Rajs: \u201eZastosowanie program\u00f3w komputerowych do analizy wody, powietrza oraz gospodarki odpadami\u201d. Artyku\u0142 w materia\u0142ach konferencyjnych PWSZ Krosno, wrzesie\u0144 2004.<\/li>\n<li>Robert Rajs: \u201eZastosowanie analizy wynik\u00f3w test\u00f3w komputerowych w wy\u017cszym szkolnictwie zawodowym wa\u017cnym elementem systemu jako\u015bci kszta\u0142cenia\u201d. Artyku\u0142 w materia\u0142ach konferencyjnych PWSZ Che\u0142m 2005.<\/li>\n<li>Robert Rajs: \u201eIdentyfikacja i budowa modelu weryfikacji kszta\u0142cenia informatycznego<br \/>\nw wy\u017cszym szkolnictwie zawodowym na przyk\u0142adzie specjalno\u015bci Sieciowe Systemy Informatyczne\u201d. III Mi\u0119dzynarodowa Konferencja naukowa \u2013 Edukacja w XXI wieku. Pi\u0142a 2005.<\/li>\n<li>Robert Rajs: \u201eOcena test\u00f3w sprawdzaj\u0105cych wiedz\u0119 studenta metodami testowania hipotez statystycznych\u201d. Konferencja Informatyki Stosowanej. PWSZ Che\u0142m 2006.<\/li>\n<li>Robert Rajs: \u201eAnaliza systemu weryfikuj\u0105cego wyniki nauczania przedmiot\u00f3w informatycznych na przyk\u0142adzie specjalno\u015bci Sieciowe Systemy Informatyczne PWSZ Krosno\u201d. IV Mi\u0119dzynarodowa Konferencja Naukowa TECHNIKA \u2013 INFORMATYKA \u2013 EDUKACJA Uniwersytet Rzeszowski &#8211; Zak\u0142ad Dydaktyki Techniki i Informatyki ,<br \/>\nIwonicz Zdr\u00f3j, 2006.<\/li>\n<li>Robert Rajs: &#8222;Identyfikacja i budowa modelu weryfikacji kszta\u0142cenia informatycznego w wy\u017cszym szkolnictwie zawodowym na przyk\u0142adzie specjalno\u015bci: Sieciowe systemy informatyczne\u201d. Kszta\u0142cenie zawodowe w teorii i praktyce edukacyjnej. Tom 1. Publikacja pod red. Alicji Kozubskiej i Andrzeja Zduniaka. Wyd. WWSB Pozna\u0144 2006.<\/li>\n<li>Robert Rajs: \u201eKomputerowe platformy rezerwacyjne\u201d . VII Konferencja Informatyki Stosowanej PWSZ Che\u0142m 2008.<\/li>\n<li>Robert Rajs: &#8222;Analiza progresu wiedzy informatycznej w\u015br\u00f3d student\u00f3w w odniesieniu do portalu edukacyjnego E-student PWSZ Krosno&#8221; . Konferencja naukowa &#8222;Zastosowanie Informatyki Wsp\u00f3\u0142czesnej&#8221;. PWSZ Legnica 2009.<\/li>\n<li>Robert Rajs: \u201eProgres specjalistycznej wiedzy informatycznej w\u015br\u00f3d student\u00f3w w oparciu o nauczanie Blended learning\u201d. IX Mi\u0119dzynarodowa Konferencja \u201eInformatyka \u2013 Badania i Zastosowania\u201d. UMCS Lublin \u2013 Kazimierz Dolny luty 2010.<\/li>\n<li>Robert Rajs: &#8222;\u201eNarz\u0119dzia e-learningu wspomagaj\u0105ce proces edukacji informatycznej w odniesieniu do progresu wiedzy informatycznej w\u015br\u00f3d s\u0142abszych student\u00f3w\u201d. VIII Mi\u0119dzynarodowa Konferencja Naukowa TECHNIKA \u2013 INFORMATYKA \u2013 EDUKACJA Uniwersytet Rzeszowski &#8211; Zak\u0142ad Dydaktyki Techniki i Informatyki \u20132010.<\/li>\n<li>Robert Rajs: &#8222;\u201eNarz\u0119dzia e-learningu wspomagaj\u0105ce proces edukacji informatycznej w odniesieniu do progresu wiedzy w\u015br\u00f3d student\u00f3w\u201d. Nauka dla Gospodarki. Publikacja pod red. Colina F. Halesa. Uniwersytet Rzeszowski 2010.<\/li>\n<li>Robert Rajs: \u201eWp\u0142yw zastosowania prezentacji wiedzy na portalu e-learningowym E-Student na wzrost wiedzy informatycznej z przedmiotu Informatyka w zarz\u0105dzaniu\u201d.<br \/>\nPrace naukowo-dydaktyczne. Zeszyt 68 Wyd. PWSZ Krosno 2015.<\/li>\n<li>Robert Rajs: \u201eRzeczowy wykaz akt oraz Instrukcja kancelaryjna w zarz\u0105dzaniu organizacji, urz\u0119du w pracy biurowej\u201d. Prace naukowo-dydaktyczne. Zeszyt \u2026.. Wyd. PWSZ Krosno 2016.<\/li>\n<\/ol>\n<hr>\n<p>&nbsp;<\/p>\n","protected":false},"excerpt":{"rendered":"<p>Monografie Skrypt z Konferencji naukowej \u201eEdukacja og\u00f3lnotechniczna w wybranych krajach \u015bwiata \u201d. Tarnobrzeg 1995. Skrypt \u2013 \u201eWielozadaniowe i wielodost\u0119pne systemy operacyjne\u201d Wyd. PWSZ Krosno 2005. Skrypt \u2013 \u201eInformatyczne systemy w turystyce\u201d. dla Kierunku Turystyka i Rekreacja. Wyd. PWSZ Krosno 2007. Skrypt z system\u00f3w operacyjnych dla uczni\u00f3w i s\u0142uchaczy Centrum Kszta\u0142cenia [\u2026] <\/p>\n<div class=\"clear\"><\/div>\n<p><a class=\"more_link clearfix\" href=\"https:\/\/pans.krosno.pl\/pracownicy\/robert-rajs\/robert-rajs-najwazniejsze-publikacje\/\" rel=\"nofollow\">Read More<\/a><\/p>\n","protected":false},"author":36,"featured_media":0,"parent":2690,"menu_order":0,"comment_status":"closed","ping_status":"closed","template":"","meta":{"ngg_post_thumbnail":0,"footnotes":""},"class_list":["post-2699","page","type-page","status-publish","hentry"],"yoast_head":"<!-- This site is optimized with the Yoast SEO Premium plugin v27.4 (Yoast SEO v27.4) - https:\/\/yoast.com\/product\/yoast-seo-premium-wordpress\/ -->\n<title>mgr Robert Rajs - Najwa\u017cniejsze publikacje - Pracownicy PANS w Kro\u015bnie<\/title>\n<meta name=\"robots\" content=\"index, follow, max-snippet:-1, max-image-preview:large, max-video-preview:-1\" \/>\n<link rel=\"canonical\" href=\"https:\/\/pans.krosno.pl\/pracownicy\/robert-rajs\/robert-rajs-najwazniejsze-publikacje\/\" \/>\n<meta property=\"og:locale\" content=\"pl_PL\" \/>\n<meta property=\"og:type\" content=\"article\" \/>\n<meta property=\"og:title\" content=\"mgr Robert Rajs - Najwa\u017cniejsze publikacje\" \/>\n<meta property=\"og:description\" content=\"Monografie Skrypt z Konferencji naukowej \u201eEdukacja og\u00f3lnotechniczna w wybranych krajach \u015bwiata \u201d. Tarnobrzeg 1995. Skrypt \u2013 \u201eWielozadaniowe i wielodost\u0119pne systemy operacyjne\u201d Wyd. PWSZ Krosno 2005. Skrypt \u2013 \u201eInformatyczne systemy w turystyce\u201d. dla Kierunku Turystyka i Rekreacja. Wyd. PWSZ Krosno 2007. Skrypt z system\u00f3w operacyjnych dla uczni\u00f3w i s\u0142uchaczy Centrum Kszta\u0142cenia [\u2026] Read More\" \/>\n<meta property=\"og:url\" content=\"https:\/\/pans.krosno.pl\/pracownicy\/robert-rajs\/robert-rajs-najwazniejsze-publikacje\/\" \/>\n<meta property=\"og:site_name\" content=\"Pracownicy PANS w Kro\u015bnie\" \/>\n<meta property=\"article:modified_time\" content=\"2025-05-20T11:24:06+00:00\" \/>\n<meta name=\"twitter:card\" content=\"summary_large_image\" \/>\n<meta name=\"twitter:label1\" content=\"Szacowany czas czytania\" \/>\n\t<meta name=\"twitter:data1\" content=\"4 minuty\" \/>\n<script type=\"application\/ld+json\" class=\"yoast-schema-graph\">{\"@context\":\"https:\\\/\\\/schema.org\",\"@graph\":[{\"@type\":\"WebPage\",\"@id\":\"https:\\\/\\\/pans.krosno.pl\\\/pracownicy\\\/robert-rajs\\\/robert-rajs-najwazniejsze-publikacje\\\/\",\"url\":\"https:\\\/\\\/pans.krosno.pl\\\/pracownicy\\\/robert-rajs\\\/robert-rajs-najwazniejsze-publikacje\\\/\",\"name\":\"mgr Robert Rajs - Najwa\u017cniejsze publikacje - Pracownicy PANS w Kro\u015bnie\",\"isPartOf\":{\"@id\":\"https:\\\/\\\/pans.krosno.pl\\\/pracownicy\\\/#website\"},\"datePublished\":\"2020-04-15T19:14:10+00:00\",\"dateModified\":\"2025-05-20T11:24:06+00:00\",\"breadcrumb\":{\"@id\":\"https:\\\/\\\/pans.krosno.pl\\\/pracownicy\\\/robert-rajs\\\/robert-rajs-najwazniejsze-publikacje\\\/#breadcrumb\"},\"inLanguage\":\"pl-PL\",\"potentialAction\":[{\"@type\":\"ReadAction\",\"target\":[\"https:\\\/\\\/pans.krosno.pl\\\/pracownicy\\\/robert-rajs\\\/robert-rajs-najwazniejsze-publikacje\\\/\"]}]},{\"@type\":\"BreadcrumbList\",\"@id\":\"https:\\\/\\\/pans.krosno.pl\\\/pracownicy\\\/robert-rajs\\\/robert-rajs-najwazniejsze-publikacje\\\/#breadcrumb\",\"itemListElement\":[{\"@type\":\"ListItem\",\"position\":1,\"name\":\"Strona g\u0142\u00f3wna\",\"item\":\"https:\\\/\\\/pans.krosno.pl\\\/pracownicy\\\/\"},{\"@type\":\"ListItem\",\"position\":2,\"name\":\"mgr Robert Rajs\",\"item\":\"https:\\\/\\\/pans.krosno.pl\\\/pracownicy\\\/robert-rajs\\\/\"},{\"@type\":\"ListItem\",\"position\":3,\"name\":\"mgr Robert Rajs &#8211; Najwa\u017cniejsze publikacje\"}]},{\"@type\":\"WebSite\",\"@id\":\"https:\\\/\\\/pans.krosno.pl\\\/pracownicy\\\/#website\",\"url\":\"https:\\\/\\\/pans.krosno.pl\\\/pracownicy\\\/\",\"name\":\"Pracownicy PANS w Kro\u015bnie\",\"description\":\"Pracownicy - Pa\u0144stwowa Akademia Nauk Stosowanych\",\"publisher\":{\"@id\":\"https:\\\/\\\/pans.krosno.pl\\\/pracownicy\\\/#organization\"},\"potentialAction\":[{\"@type\":\"SearchAction\",\"target\":{\"@type\":\"EntryPoint\",\"urlTemplate\":\"https:\\\/\\\/pans.krosno.pl\\\/pracownicy\\\/?s={search_term_string}\"},\"query-input\":{\"@type\":\"PropertyValueSpecification\",\"valueRequired\":true,\"valueName\":\"search_term_string\"}}],\"inLanguage\":\"pl-PL\"},{\"@type\":\"Organization\",\"@id\":\"https:\\\/\\\/pans.krosno.pl\\\/pracownicy\\\/#organization\",\"name\":\"Pracownicy PANS w Kro\u015bnie\",\"url\":\"https:\\\/\\\/pans.krosno.pl\\\/pracownicy\\\/\",\"logo\":{\"@type\":\"ImageObject\",\"inLanguage\":\"pl-PL\",\"@id\":\"https:\\\/\\\/pans.krosno.pl\\\/pracownicy\\\/#\\\/schema\\\/logo\\\/image\\\/\",\"url\":\"https:\\\/\\\/pans.krosno.pl\\\/pracownicy\\\/wp-content\\\/uploads\\\/sites\\\/41\\\/2023\\\/01\\\/Logo-PANS-2022-pelne.png\",\"contentUrl\":\"https:\\\/\\\/pans.krosno.pl\\\/pracownicy\\\/wp-content\\\/uploads\\\/sites\\\/41\\\/2023\\\/01\\\/Logo-PANS-2022-pelne.png\",\"width\":3096,\"height\":696,\"caption\":\"Pracownicy PANS w Kro\u015bnie\"},\"image\":{\"@id\":\"https:\\\/\\\/pans.krosno.pl\\\/pracownicy\\\/#\\\/schema\\\/logo\\\/image\\\/\"}}]}<\/script>\n<!-- \/ Yoast SEO Premium plugin. -->","yoast_head_json":{"title":"mgr Robert Rajs - Najwa\u017cniejsze publikacje - Pracownicy PANS w Kro\u015bnie","robots":{"index":"index","follow":"follow","max-snippet":"max-snippet:-1","max-image-preview":"max-image-preview:large","max-video-preview":"max-video-preview:-1"},"canonical":"https:\/\/pans.krosno.pl\/pracownicy\/robert-rajs\/robert-rajs-najwazniejsze-publikacje\/","og_locale":"pl_PL","og_type":"article","og_title":"mgr Robert Rajs - Najwa\u017cniejsze publikacje","og_description":"Monografie Skrypt z Konferencji naukowej \u201eEdukacja og\u00f3lnotechniczna w wybranych krajach \u015bwiata \u201d. Tarnobrzeg 1995. Skrypt \u2013 \u201eWielozadaniowe i wielodost\u0119pne systemy operacyjne\u201d Wyd. PWSZ Krosno 2005. Skrypt \u2013 \u201eInformatyczne systemy w turystyce\u201d. dla Kierunku Turystyka i Rekreacja. Wyd. PWSZ Krosno 2007. Skrypt z system\u00f3w operacyjnych dla uczni\u00f3w i s\u0142uchaczy Centrum Kszta\u0142cenia [\u2026] Read More","og_url":"https:\/\/pans.krosno.pl\/pracownicy\/robert-rajs\/robert-rajs-najwazniejsze-publikacje\/","og_site_name":"Pracownicy PANS w Kro\u015bnie","article_modified_time":"2025-05-20T11:24:06+00:00","twitter_card":"summary_large_image","twitter_misc":{"Szacowany czas czytania":"4 minuty"},"schema":{"@context":"https:\/\/schema.org","@graph":[{"@type":"WebPage","@id":"https:\/\/pans.krosno.pl\/pracownicy\/robert-rajs\/robert-rajs-najwazniejsze-publikacje\/","url":"https:\/\/pans.krosno.pl\/pracownicy\/robert-rajs\/robert-rajs-najwazniejsze-publikacje\/","name":"mgr Robert Rajs - Najwa\u017cniejsze publikacje - Pracownicy PANS w Kro\u015bnie","isPartOf":{"@id":"https:\/\/pans.krosno.pl\/pracownicy\/#website"},"datePublished":"2020-04-15T19:14:10+00:00","dateModified":"2025-05-20T11:24:06+00:00","breadcrumb":{"@id":"https:\/\/pans.krosno.pl\/pracownicy\/robert-rajs\/robert-rajs-najwazniejsze-publikacje\/#breadcrumb"},"inLanguage":"pl-PL","potentialAction":[{"@type":"ReadAction","target":["https:\/\/pans.krosno.pl\/pracownicy\/robert-rajs\/robert-rajs-najwazniejsze-publikacje\/"]}]},{"@type":"BreadcrumbList","@id":"https:\/\/pans.krosno.pl\/pracownicy\/robert-rajs\/robert-rajs-najwazniejsze-publikacje\/#breadcrumb","itemListElement":[{"@type":"ListItem","position":1,"name":"Strona g\u0142\u00f3wna","item":"https:\/\/pans.krosno.pl\/pracownicy\/"},{"@type":"ListItem","position":2,"name":"mgr Robert Rajs","item":"https:\/\/pans.krosno.pl\/pracownicy\/robert-rajs\/"},{"@type":"ListItem","position":3,"name":"mgr Robert Rajs &#8211; Najwa\u017cniejsze publikacje"}]},{"@type":"WebSite","@id":"https:\/\/pans.krosno.pl\/pracownicy\/#website","url":"https:\/\/pans.krosno.pl\/pracownicy\/","name":"Pracownicy PANS w Kro\u015bnie","description":"Pracownicy - Pa\u0144stwowa Akademia Nauk Stosowanych","publisher":{"@id":"https:\/\/pans.krosno.pl\/pracownicy\/#organization"},"potentialAction":[{"@type":"SearchAction","target":{"@type":"EntryPoint","urlTemplate":"https:\/\/pans.krosno.pl\/pracownicy\/?s={search_term_string}"},"query-input":{"@type":"PropertyValueSpecification","valueRequired":true,"valueName":"search_term_string"}}],"inLanguage":"pl-PL"},{"@type":"Organization","@id":"https:\/\/pans.krosno.pl\/pracownicy\/#organization","name":"Pracownicy PANS w Kro\u015bnie","url":"https:\/\/pans.krosno.pl\/pracownicy\/","logo":{"@type":"ImageObject","inLanguage":"pl-PL","@id":"https:\/\/pans.krosno.pl\/pracownicy\/#\/schema\/logo\/image\/","url":"https:\/\/pans.krosno.pl\/pracownicy\/wp-content\/uploads\/sites\/41\/2023\/01\/Logo-PANS-2022-pelne.png","contentUrl":"https:\/\/pans.krosno.pl\/pracownicy\/wp-content\/uploads\/sites\/41\/2023\/01\/Logo-PANS-2022-pelne.png","width":3096,"height":696,"caption":"Pracownicy PANS w Kro\u015bnie"},"image":{"@id":"https:\/\/pans.krosno.pl\/pracownicy\/#\/schema\/logo\/image\/"}}]}},"_links":{"self":[{"href":"https:\/\/pans.krosno.pl\/pracownicy\/wp-json\/wp\/v2\/pages\/2699","targetHints":{"allow":["GET"]}}],"collection":[{"href":"https:\/\/pans.krosno.pl\/pracownicy\/wp-json\/wp\/v2\/pages"}],"about":[{"href":"https:\/\/pans.krosno.pl\/pracownicy\/wp-json\/wp\/v2\/types\/page"}],"author":[{"embeddable":true,"href":"https:\/\/pans.krosno.pl\/pracownicy\/wp-json\/wp\/v2\/users\/36"}],"replies":[{"embeddable":true,"href":"https:\/\/pans.krosno.pl\/pracownicy\/wp-json\/wp\/v2\/comments?post=2699"}],"version-history":[{"count":6,"href":"https:\/\/pans.krosno.pl\/pracownicy\/wp-json\/wp\/v2\/pages\/2699\/revisions"}],"predecessor-version":[{"id":10918,"href":"https:\/\/pans.krosno.pl\/pracownicy\/wp-json\/wp\/v2\/pages\/2699\/revisions\/10918"}],"up":[{"embeddable":true,"href":"https:\/\/pans.krosno.pl\/pracownicy\/wp-json\/wp\/v2\/pages\/2690"}],"wp:attachment":[{"href":"https:\/\/pans.krosno.pl\/pracownicy\/wp-json\/wp\/v2\/media?parent=2699"}],"curies":[{"name":"wp","href":"https:\/\/api.w.org\/{rel}","templated":true}]}}