{"id":258,"date":"2020-03-26T15:25:21","date_gmt":"2020-03-26T14:25:21","guid":{"rendered":"https:\/\/pans.krosno.pl\/pracownicy\/?page_id=258"},"modified":"2025-05-15T12:05:32","modified_gmt":"2025-05-15T10:05:32","slug":"jacek-kras-doswiadczenie-pozauczelniane","status":"publish","type":"page","link":"https:\/\/pans.krosno.pl\/pracownicy\/jacek-kras\/jacek-kras-doswiadczenie-pozauczelniane\/","title":{"rendered":"dr Jacek Kra\u015b &#8211; Do\u015bwiadczenie pozauczelniane"},"content":{"rendered":"<hr>\n<ul>\n<li>Wsp\u00f3\u0142praca Z Komend\u0105 Wojew\u00f3dzk\u0105 Policji w Rzeszowie w realizacji projektu \u2013 \u201eRozw\u00f3j polsko-s\u0142owackiej wsp\u00f3\u0142pracy transgranicznej w zakresie zapobiegania i zwalczania przest\u0119pczo\u015bci.<\/li>\n<li>Wieloletnia wsp\u00f3\u0142praca z&nbsp; podmiotami gospodarczymi i instytucjami pa\u0144stwowymi w zakresie organizacji praktyk studenckich,<\/li>\n<li>Wsp\u00f3\u0142organizowanie wraz ze szko\u0142ami i prowadzenie zaj\u0119\u0107 na szkoleniach z zakresu dzia\u0142alno\u015bci gospodarczej oraz nabywania uprawnie\u0144 zawodowych pilota wycieczek i przewodnika turystycznego.<\/li>\n<\/ul>\n<p><strong>Uczestnik projekt\u00f3w finansowanych ze \u015brodk\u00f3w UE:<\/strong><\/p>\n<ul>\n<li>w 2009 r. \u2013 projekt pn. \u201eRozw\u00f3j polsko \u2013 s\u0142owackiej wsp\u00f3\u0142pracy transgranicznej w zakresie zapobiegania i zwalczania przest\u0119pczo\u015bci\u201d,<\/li>\n<li>w 2007 r. \u2013 projekt pn. \u201eZapobieganie i zwalczanie przest\u0119pczo\u015bci 2007\u201d.<\/li>\n<\/ul>\n<p><strong>Ponadto:<\/strong><\/p>\n<p>Posiada r\u00f3wnie\u017c kilkuletnie do\u015bwiadczenie na stanowiskach kierowniczych w administracji publicznej,<\/p>\n<ul>\n<li>w okresie od 1998 r. do 2006 r. \u2013 radny powiatu kro\u015bnie\u0144skiego,<\/li>\n<li>w okresie od 1998 r. do 2002 r. \u2013 cz\u0142onek zarz\u0105du powiatu kro\u015bnie\u0144skiego,<\/li>\n<li>w okresie od 1999 r. do 2004 r. \u2013 pe\u0142ni\u0142 funkcje kierownicze w administracji publicznej (kierownik dzia\u0142u administracji, kierownik dzia\u0142u szkole\u0144).<\/li>\n<\/ul>\n<hr>\n<p>&nbsp;<\/p>\n","protected":false},"excerpt":{"rendered":"<p>Wsp\u00f3\u0142praca Z Komend\u0105 Wojew\u00f3dzk\u0105 Policji w Rzeszowie w realizacji projektu \u2013 \u201eRozw\u00f3j polsko-s\u0142owackiej wsp\u00f3\u0142pracy transgranicznej w zakresie zapobiegania i zwalczania przest\u0119pczo\u015bci. Wieloletnia wsp\u00f3\u0142praca z&nbsp; podmiotami gospodarczymi i instytucjami pa\u0144stwowymi w zakresie organizacji praktyk studenckich, Wsp\u00f3\u0142organizowanie wraz ze szko\u0142ami i prowadzenie zaj\u0119\u0107 na szkoleniach z zakresu dzia\u0142alno\u015bci gospodarczej oraz nabywania uprawnie\u0144 [\u2026] <\/p>\n<div class=\"clear\"><\/div>\n<p><a class=\"more_link clearfix\" href=\"https:\/\/pans.krosno.pl\/pracownicy\/jacek-kras\/jacek-kras-doswiadczenie-pozauczelniane\/\" rel=\"nofollow\">Read More<\/a><\/p>\n","protected":false},"author":36,"featured_media":0,"parent":245,"menu_order":0,"comment_status":"closed","ping_status":"closed","template":"","meta":{"ngg_post_thumbnail":0,"footnotes":""},"class_list":["post-258","page","type-page","status-publish","hentry"],"yoast_head":"<!-- This site is optimized with the Yoast SEO Premium plugin v27.3 (Yoast SEO v27.3) - https:\/\/yoast.com\/product\/yoast-seo-premium-wordpress\/ -->\n<title>dr Jacek Kra\u015b - Do\u015bwiadczenie pozauczelniane - Pracownicy PANS w Kro\u015bnie<\/title>\n<meta name=\"robots\" content=\"index, follow, max-snippet:-1, max-image-preview:large, max-video-preview:-1\" \/>\n<link rel=\"canonical\" href=\"https:\/\/pans.krosno.pl\/pracownicy\/jacek-kras\/jacek-kras-doswiadczenie-pozauczelniane\/\" \/>\n<meta property=\"og:locale\" content=\"pl_PL\" \/>\n<meta property=\"og:type\" content=\"article\" \/>\n<meta property=\"og:title\" content=\"dr Jacek Kra\u015b - Do\u015bwiadczenie pozauczelniane\" \/>\n<meta property=\"og:description\" content=\"Wsp\u00f3\u0142praca Z Komend\u0105 Wojew\u00f3dzk\u0105 Policji w Rzeszowie w realizacji projektu \u2013 \u201eRozw\u00f3j polsko-s\u0142owackiej wsp\u00f3\u0142pracy transgranicznej w zakresie zapobiegania i zwalczania przest\u0119pczo\u015bci. Wieloletnia wsp\u00f3\u0142praca z&nbsp; podmiotami gospodarczymi i instytucjami pa\u0144stwowymi w zakresie organizacji praktyk studenckich, Wsp\u00f3\u0142organizowanie wraz ze szko\u0142ami i prowadzenie zaj\u0119\u0107 na szkoleniach z zakresu dzia\u0142alno\u015bci gospodarczej oraz nabywania uprawnie\u0144 [\u2026] Read More\" \/>\n<meta property=\"og:url\" content=\"https:\/\/pans.krosno.pl\/pracownicy\/jacek-kras\/jacek-kras-doswiadczenie-pozauczelniane\/\" \/>\n<meta property=\"og:site_name\" content=\"Pracownicy PANS w Kro\u015bnie\" \/>\n<meta property=\"article:modified_time\" content=\"2025-05-15T10:05:32+00:00\" \/>\n<meta name=\"twitter:card\" content=\"summary_large_image\" \/>\n<meta name=\"twitter:label1\" content=\"Szacowany czas czytania\" \/>\n\t<meta name=\"twitter:data1\" content=\"1 minuta\" \/>\n<script type=\"application\/ld+json\" class=\"yoast-schema-graph\">{\"@context\":\"https:\\\/\\\/schema.org\",\"@graph\":[{\"@type\":\"WebPage\",\"@id\":\"https:\\\/\\\/pans.krosno.pl\\\/pracownicy\\\/jacek-kras\\\/jacek-kras-doswiadczenie-pozauczelniane\\\/\",\"url\":\"https:\\\/\\\/pans.krosno.pl\\\/pracownicy\\\/jacek-kras\\\/jacek-kras-doswiadczenie-pozauczelniane\\\/\",\"name\":\"dr Jacek Kra\u015b - Do\u015bwiadczenie pozauczelniane - Pracownicy PANS w Kro\u015bnie\",\"isPartOf\":{\"@id\":\"https:\\\/\\\/pans.krosno.pl\\\/pracownicy\\\/#website\"},\"datePublished\":\"2020-03-26T14:25:21+00:00\",\"dateModified\":\"2025-05-15T10:05:32+00:00\",\"breadcrumb\":{\"@id\":\"https:\\\/\\\/pans.krosno.pl\\\/pracownicy\\\/jacek-kras\\\/jacek-kras-doswiadczenie-pozauczelniane\\\/#breadcrumb\"},\"inLanguage\":\"pl-PL\",\"potentialAction\":[{\"@type\":\"ReadAction\",\"target\":[\"https:\\\/\\\/pans.krosno.pl\\\/pracownicy\\\/jacek-kras\\\/jacek-kras-doswiadczenie-pozauczelniane\\\/\"]}]},{\"@type\":\"BreadcrumbList\",\"@id\":\"https:\\\/\\\/pans.krosno.pl\\\/pracownicy\\\/jacek-kras\\\/jacek-kras-doswiadczenie-pozauczelniane\\\/#breadcrumb\",\"itemListElement\":[{\"@type\":\"ListItem\",\"position\":1,\"name\":\"Strona g\u0142\u00f3wna\",\"item\":\"https:\\\/\\\/pans.krosno.pl\\\/pracownicy\\\/\"},{\"@type\":\"ListItem\",\"position\":2,\"name\":\"dr Jacek Kra\u015b\",\"item\":\"https:\\\/\\\/pans.krosno.pl\\\/pracownicy\\\/jacek-kras\\\/\"},{\"@type\":\"ListItem\",\"position\":3,\"name\":\"dr Jacek Kra\u015b &#8211; Do\u015bwiadczenie pozauczelniane\"}]},{\"@type\":\"WebSite\",\"@id\":\"https:\\\/\\\/pans.krosno.pl\\\/pracownicy\\\/#website\",\"url\":\"https:\\\/\\\/pans.krosno.pl\\\/pracownicy\\\/\",\"name\":\"Pracownicy PANS w Kro\u015bnie\",\"description\":\"Pracownicy - Pa\u0144stwowa Akademia Nauk Stosowanych\",\"publisher\":{\"@id\":\"https:\\\/\\\/pans.krosno.pl\\\/pracownicy\\\/#organization\"},\"potentialAction\":[{\"@type\":\"SearchAction\",\"target\":{\"@type\":\"EntryPoint\",\"urlTemplate\":\"https:\\\/\\\/pans.krosno.pl\\\/pracownicy\\\/?s={search_term_string}\"},\"query-input\":{\"@type\":\"PropertyValueSpecification\",\"valueRequired\":true,\"valueName\":\"search_term_string\"}}],\"inLanguage\":\"pl-PL\"},{\"@type\":\"Organization\",\"@id\":\"https:\\\/\\\/pans.krosno.pl\\\/pracownicy\\\/#organization\",\"name\":\"Pracownicy PANS w Kro\u015bnie\",\"url\":\"https:\\\/\\\/pans.krosno.pl\\\/pracownicy\\\/\",\"logo\":{\"@type\":\"ImageObject\",\"inLanguage\":\"pl-PL\",\"@id\":\"https:\\\/\\\/pans.krosno.pl\\\/pracownicy\\\/#\\\/schema\\\/logo\\\/image\\\/\",\"url\":\"https:\\\/\\\/pans.krosno.pl\\\/pracownicy\\\/wp-content\\\/uploads\\\/sites\\\/41\\\/2023\\\/01\\\/Logo-PANS-2022-pelne.png\",\"contentUrl\":\"https:\\\/\\\/pans.krosno.pl\\\/pracownicy\\\/wp-content\\\/uploads\\\/sites\\\/41\\\/2023\\\/01\\\/Logo-PANS-2022-pelne.png\",\"width\":3096,\"height\":696,\"caption\":\"Pracownicy PANS w Kro\u015bnie\"},\"image\":{\"@id\":\"https:\\\/\\\/pans.krosno.pl\\\/pracownicy\\\/#\\\/schema\\\/logo\\\/image\\\/\"}}]}<\/script>\n<!-- \/ Yoast SEO Premium plugin. -->","yoast_head_json":{"title":"dr Jacek Kra\u015b - Do\u015bwiadczenie pozauczelniane - Pracownicy PANS w Kro\u015bnie","robots":{"index":"index","follow":"follow","max-snippet":"max-snippet:-1","max-image-preview":"max-image-preview:large","max-video-preview":"max-video-preview:-1"},"canonical":"https:\/\/pans.krosno.pl\/pracownicy\/jacek-kras\/jacek-kras-doswiadczenie-pozauczelniane\/","og_locale":"pl_PL","og_type":"article","og_title":"dr Jacek Kra\u015b - Do\u015bwiadczenie pozauczelniane","og_description":"Wsp\u00f3\u0142praca Z Komend\u0105 Wojew\u00f3dzk\u0105 Policji w Rzeszowie w realizacji projektu \u2013 \u201eRozw\u00f3j polsko-s\u0142owackiej wsp\u00f3\u0142pracy transgranicznej w zakresie zapobiegania i zwalczania przest\u0119pczo\u015bci. Wieloletnia wsp\u00f3\u0142praca z&nbsp; podmiotami gospodarczymi i instytucjami pa\u0144stwowymi w zakresie organizacji praktyk studenckich, Wsp\u00f3\u0142organizowanie wraz ze szko\u0142ami i prowadzenie zaj\u0119\u0107 na szkoleniach z zakresu dzia\u0142alno\u015bci gospodarczej oraz nabywania uprawnie\u0144 [\u2026] Read More","og_url":"https:\/\/pans.krosno.pl\/pracownicy\/jacek-kras\/jacek-kras-doswiadczenie-pozauczelniane\/","og_site_name":"Pracownicy PANS w Kro\u015bnie","article_modified_time":"2025-05-15T10:05:32+00:00","twitter_card":"summary_large_image","twitter_misc":{"Szacowany czas czytania":"1 minuta"},"schema":{"@context":"https:\/\/schema.org","@graph":[{"@type":"WebPage","@id":"https:\/\/pans.krosno.pl\/pracownicy\/jacek-kras\/jacek-kras-doswiadczenie-pozauczelniane\/","url":"https:\/\/pans.krosno.pl\/pracownicy\/jacek-kras\/jacek-kras-doswiadczenie-pozauczelniane\/","name":"dr Jacek Kra\u015b - Do\u015bwiadczenie pozauczelniane - Pracownicy PANS w Kro\u015bnie","isPartOf":{"@id":"https:\/\/pans.krosno.pl\/pracownicy\/#website"},"datePublished":"2020-03-26T14:25:21+00:00","dateModified":"2025-05-15T10:05:32+00:00","breadcrumb":{"@id":"https:\/\/pans.krosno.pl\/pracownicy\/jacek-kras\/jacek-kras-doswiadczenie-pozauczelniane\/#breadcrumb"},"inLanguage":"pl-PL","potentialAction":[{"@type":"ReadAction","target":["https:\/\/pans.krosno.pl\/pracownicy\/jacek-kras\/jacek-kras-doswiadczenie-pozauczelniane\/"]}]},{"@type":"BreadcrumbList","@id":"https:\/\/pans.krosno.pl\/pracownicy\/jacek-kras\/jacek-kras-doswiadczenie-pozauczelniane\/#breadcrumb","itemListElement":[{"@type":"ListItem","position":1,"name":"Strona g\u0142\u00f3wna","item":"https:\/\/pans.krosno.pl\/pracownicy\/"},{"@type":"ListItem","position":2,"name":"dr Jacek Kra\u015b","item":"https:\/\/pans.krosno.pl\/pracownicy\/jacek-kras\/"},{"@type":"ListItem","position":3,"name":"dr Jacek Kra\u015b &#8211; Do\u015bwiadczenie pozauczelniane"}]},{"@type":"WebSite","@id":"https:\/\/pans.krosno.pl\/pracownicy\/#website","url":"https:\/\/pans.krosno.pl\/pracownicy\/","name":"Pracownicy PANS w Kro\u015bnie","description":"Pracownicy - Pa\u0144stwowa Akademia Nauk Stosowanych","publisher":{"@id":"https:\/\/pans.krosno.pl\/pracownicy\/#organization"},"potentialAction":[{"@type":"SearchAction","target":{"@type":"EntryPoint","urlTemplate":"https:\/\/pans.krosno.pl\/pracownicy\/?s={search_term_string}"},"query-input":{"@type":"PropertyValueSpecification","valueRequired":true,"valueName":"search_term_string"}}],"inLanguage":"pl-PL"},{"@type":"Organization","@id":"https:\/\/pans.krosno.pl\/pracownicy\/#organization","name":"Pracownicy PANS w Kro\u015bnie","url":"https:\/\/pans.krosno.pl\/pracownicy\/","logo":{"@type":"ImageObject","inLanguage":"pl-PL","@id":"https:\/\/pans.krosno.pl\/pracownicy\/#\/schema\/logo\/image\/","url":"https:\/\/pans.krosno.pl\/pracownicy\/wp-content\/uploads\/sites\/41\/2023\/01\/Logo-PANS-2022-pelne.png","contentUrl":"https:\/\/pans.krosno.pl\/pracownicy\/wp-content\/uploads\/sites\/41\/2023\/01\/Logo-PANS-2022-pelne.png","width":3096,"height":696,"caption":"Pracownicy PANS w Kro\u015bnie"},"image":{"@id":"https:\/\/pans.krosno.pl\/pracownicy\/#\/schema\/logo\/image\/"}}]}},"_links":{"self":[{"href":"https:\/\/pans.krosno.pl\/pracownicy\/wp-json\/wp\/v2\/pages\/258","targetHints":{"allow":["GET"]}}],"collection":[{"href":"https:\/\/pans.krosno.pl\/pracownicy\/wp-json\/wp\/v2\/pages"}],"about":[{"href":"https:\/\/pans.krosno.pl\/pracownicy\/wp-json\/wp\/v2\/types\/page"}],"author":[{"embeddable":true,"href":"https:\/\/pans.krosno.pl\/pracownicy\/wp-json\/wp\/v2\/users\/36"}],"replies":[{"embeddable":true,"href":"https:\/\/pans.krosno.pl\/pracownicy\/wp-json\/wp\/v2\/comments?post=258"}],"version-history":[{"count":8,"href":"https:\/\/pans.krosno.pl\/pracownicy\/wp-json\/wp\/v2\/pages\/258\/revisions"}],"predecessor-version":[{"id":10098,"href":"https:\/\/pans.krosno.pl\/pracownicy\/wp-json\/wp\/v2\/pages\/258\/revisions\/10098"}],"up":[{"embeddable":true,"href":"https:\/\/pans.krosno.pl\/pracownicy\/wp-json\/wp\/v2\/pages\/245"}],"wp:attachment":[{"href":"https:\/\/pans.krosno.pl\/pracownicy\/wp-json\/wp\/v2\/media?parent=258"}],"curies":[{"name":"wp","href":"https:\/\/api.w.org\/{rel}","templated":true}]}}