{"id":2516,"date":"2020-04-15T13:44:53","date_gmt":"2020-04-15T11:44:53","guid":{"rendered":"https:\/\/pans.krosno.pl\/pracownicy\/?page_id=2516"},"modified":"2025-05-14T10:22:06","modified_gmt":"2025-05-14T08:22:06","slug":"jerzy-borcz-doswiadczenie-pozauczelniane","status":"publish","type":"page","link":"https:\/\/pans.krosno.pl\/pracownicy\/jerzy-borcz\/jerzy-borcz-doswiadczenie-pozauczelniane\/","title":{"rendered":"mgr Jerzy Borcz &#8211; Do\u015bwiadczenie pozauczelniane"},"content":{"rendered":"<hr>\n<ul>\n<li>w okresie od 2008 r. do 2015 r. &#8211; Wicedyrektor oddzia\u0142u Agencji Nieruchomo\u015bci Rolnych w Rzeszowie,<\/li>\n<li>od 2015 r. &#8211; Dyrektor oddzia\u0142u Agencji Nieruchomo\u015bci Rolnych (po przekszta\u0142ceniach &#8211; Dyrektor oddzia\u0142u Krajowego O\u015brodka Wsparcia Rolnictwa,<\/li>\n<li>w okresie od 1997 r. do 2001 r. &#8211; Senator RP IV kadencji wybrany z ramienia AWS (zasiada\u0142 w Komisji Nauki i Edukacji oraz grupach bilateralnych polsko-francuskiej i polsko-japo\u0144skiej, by\u0142 te\u017c wiceprzewodnicz\u0105cym Panelu O\u015bwiatowego Mi\u0119dzyparlamentarnej Inicjatywy \u015arodkowo-Europejskiej),<\/li>\n<li>w okresie od 1998 r. do 2002 r. oraz ponownie od 2006 r. &#8211; Radny Wojew\u00f3dztwa Podkarpackiego,<\/li>\n<li>w 2015 r. oraz od 2018 r. &#8211; Przewodnicz\u0105cy Sejmiku Wojew\u00f3dztwa Podkarpackiego,<\/li>\n<li>By\u0142y Prezes Okr\u0119gowego Zwi\u0105zku Szachowego w Kro\u015bnie,<\/li>\n<li>By\u0142y Prezes Kro\u015bnie\u0144skiego Stowarzyszenia \u017bu\u017clowego.<\/li>\n<\/ul>\n<hr>\n<p>&nbsp;<\/p>\n","protected":false},"excerpt":{"rendered":"<p>w okresie od 2008 r. do 2015 r. &#8211; Wicedyrektor oddzia\u0142u Agencji Nieruchomo\u015bci Rolnych w Rzeszowie, od 2015 r. &#8211; Dyrektor oddzia\u0142u Agencji Nieruchomo\u015bci Rolnych (po przekszta\u0142ceniach &#8211; Dyrektor oddzia\u0142u Krajowego O\u015brodka Wsparcia Rolnictwa, w okresie od 1997 r. do 2001 r. &#8211; Senator RP IV kadencji wybrany z ramienia [\u2026] <\/p>\n<div class=\"clear\"><\/div>\n<p><a class=\"more_link clearfix\" href=\"https:\/\/pans.krosno.pl\/pracownicy\/jerzy-borcz\/jerzy-borcz-doswiadczenie-pozauczelniane\/\" rel=\"nofollow\">Read More<\/a><\/p>\n","protected":false},"author":36,"featured_media":0,"parent":2509,"menu_order":0,"comment_status":"closed","ping_status":"closed","template":"","meta":{"ngg_post_thumbnail":0,"footnotes":""},"class_list":["post-2516","page","type-page","status-publish","hentry"],"yoast_head":"<!-- This site is optimized with the Yoast SEO Premium plugin v27.3 (Yoast SEO v27.3) - https:\/\/yoast.com\/product\/yoast-seo-premium-wordpress\/ -->\n<title>mgr Jerzy Borcz - Do\u015bwiadczenie pozauczelniane - Pracownicy PANS w Kro\u015bnie<\/title>\n<meta name=\"robots\" content=\"index, follow, max-snippet:-1, max-image-preview:large, max-video-preview:-1\" \/>\n<link rel=\"canonical\" href=\"https:\/\/pans.krosno.pl\/pracownicy\/jerzy-borcz\/jerzy-borcz-doswiadczenie-pozauczelniane\/\" \/>\n<meta property=\"og:locale\" content=\"pl_PL\" \/>\n<meta property=\"og:type\" content=\"article\" \/>\n<meta property=\"og:title\" content=\"mgr Jerzy Borcz - Do\u015bwiadczenie pozauczelniane\" \/>\n<meta property=\"og:description\" content=\"w okresie od 2008 r. do 2015 r. &#8211; Wicedyrektor oddzia\u0142u Agencji Nieruchomo\u015bci Rolnych w Rzeszowie, od 2015 r. &#8211; Dyrektor oddzia\u0142u Agencji Nieruchomo\u015bci Rolnych (po przekszta\u0142ceniach &#8211; Dyrektor oddzia\u0142u Krajowego O\u015brodka Wsparcia Rolnictwa, w okresie od 1997 r. do 2001 r. &#8211; Senator RP IV kadencji wybrany z ramienia [\u2026] Read More\" \/>\n<meta property=\"og:url\" content=\"https:\/\/pans.krosno.pl\/pracownicy\/jerzy-borcz\/jerzy-borcz-doswiadczenie-pozauczelniane\/\" \/>\n<meta property=\"og:site_name\" content=\"Pracownicy PANS w Kro\u015bnie\" \/>\n<meta property=\"article:modified_time\" content=\"2025-05-14T08:22:06+00:00\" \/>\n<meta name=\"twitter:card\" content=\"summary_large_image\" \/>\n<meta name=\"twitter:label1\" content=\"Szacowany czas czytania\" \/>\n\t<meta name=\"twitter:data1\" content=\"1 minuta\" \/>\n<script type=\"application\/ld+json\" class=\"yoast-schema-graph\">{\"@context\":\"https:\\\/\\\/schema.org\",\"@graph\":[{\"@type\":\"WebPage\",\"@id\":\"https:\\\/\\\/pans.krosno.pl\\\/pracownicy\\\/jerzy-borcz\\\/jerzy-borcz-doswiadczenie-pozauczelniane\\\/\",\"url\":\"https:\\\/\\\/pans.krosno.pl\\\/pracownicy\\\/jerzy-borcz\\\/jerzy-borcz-doswiadczenie-pozauczelniane\\\/\",\"name\":\"mgr Jerzy Borcz - Do\u015bwiadczenie pozauczelniane - Pracownicy PANS w Kro\u015bnie\",\"isPartOf\":{\"@id\":\"https:\\\/\\\/pans.krosno.pl\\\/pracownicy\\\/#website\"},\"datePublished\":\"2020-04-15T11:44:53+00:00\",\"dateModified\":\"2025-05-14T08:22:06+00:00\",\"breadcrumb\":{\"@id\":\"https:\\\/\\\/pans.krosno.pl\\\/pracownicy\\\/jerzy-borcz\\\/jerzy-borcz-doswiadczenie-pozauczelniane\\\/#breadcrumb\"},\"inLanguage\":\"pl-PL\",\"potentialAction\":[{\"@type\":\"ReadAction\",\"target\":[\"https:\\\/\\\/pans.krosno.pl\\\/pracownicy\\\/jerzy-borcz\\\/jerzy-borcz-doswiadczenie-pozauczelniane\\\/\"]}]},{\"@type\":\"BreadcrumbList\",\"@id\":\"https:\\\/\\\/pans.krosno.pl\\\/pracownicy\\\/jerzy-borcz\\\/jerzy-borcz-doswiadczenie-pozauczelniane\\\/#breadcrumb\",\"itemListElement\":[{\"@type\":\"ListItem\",\"position\":1,\"name\":\"Strona g\u0142\u00f3wna\",\"item\":\"https:\\\/\\\/pans.krosno.pl\\\/pracownicy\\\/\"},{\"@type\":\"ListItem\",\"position\":2,\"name\":\"mgr Jerzy Borcz\",\"item\":\"https:\\\/\\\/pans.krosno.pl\\\/pracownicy\\\/jerzy-borcz\\\/\"},{\"@type\":\"ListItem\",\"position\":3,\"name\":\"mgr Jerzy Borcz &#8211; Do\u015bwiadczenie pozauczelniane\"}]},{\"@type\":\"WebSite\",\"@id\":\"https:\\\/\\\/pans.krosno.pl\\\/pracownicy\\\/#website\",\"url\":\"https:\\\/\\\/pans.krosno.pl\\\/pracownicy\\\/\",\"name\":\"Pracownicy PANS w Kro\u015bnie\",\"description\":\"Pracownicy - Pa\u0144stwowa Akademia Nauk Stosowanych\",\"publisher\":{\"@id\":\"https:\\\/\\\/pans.krosno.pl\\\/pracownicy\\\/#organization\"},\"potentialAction\":[{\"@type\":\"SearchAction\",\"target\":{\"@type\":\"EntryPoint\",\"urlTemplate\":\"https:\\\/\\\/pans.krosno.pl\\\/pracownicy\\\/?s={search_term_string}\"},\"query-input\":{\"@type\":\"PropertyValueSpecification\",\"valueRequired\":true,\"valueName\":\"search_term_string\"}}],\"inLanguage\":\"pl-PL\"},{\"@type\":\"Organization\",\"@id\":\"https:\\\/\\\/pans.krosno.pl\\\/pracownicy\\\/#organization\",\"name\":\"Pracownicy PANS w Kro\u015bnie\",\"url\":\"https:\\\/\\\/pans.krosno.pl\\\/pracownicy\\\/\",\"logo\":{\"@type\":\"ImageObject\",\"inLanguage\":\"pl-PL\",\"@id\":\"https:\\\/\\\/pans.krosno.pl\\\/pracownicy\\\/#\\\/schema\\\/logo\\\/image\\\/\",\"url\":\"https:\\\/\\\/pans.krosno.pl\\\/pracownicy\\\/wp-content\\\/uploads\\\/sites\\\/41\\\/2023\\\/01\\\/Logo-PANS-2022-pelne.png\",\"contentUrl\":\"https:\\\/\\\/pans.krosno.pl\\\/pracownicy\\\/wp-content\\\/uploads\\\/sites\\\/41\\\/2023\\\/01\\\/Logo-PANS-2022-pelne.png\",\"width\":3096,\"height\":696,\"caption\":\"Pracownicy PANS w Kro\u015bnie\"},\"image\":{\"@id\":\"https:\\\/\\\/pans.krosno.pl\\\/pracownicy\\\/#\\\/schema\\\/logo\\\/image\\\/\"}}]}<\/script>\n<!-- \/ Yoast SEO Premium plugin. -->","yoast_head_json":{"title":"mgr Jerzy Borcz - Do\u015bwiadczenie pozauczelniane - Pracownicy PANS w Kro\u015bnie","robots":{"index":"index","follow":"follow","max-snippet":"max-snippet:-1","max-image-preview":"max-image-preview:large","max-video-preview":"max-video-preview:-1"},"canonical":"https:\/\/pans.krosno.pl\/pracownicy\/jerzy-borcz\/jerzy-borcz-doswiadczenie-pozauczelniane\/","og_locale":"pl_PL","og_type":"article","og_title":"mgr Jerzy Borcz - Do\u015bwiadczenie pozauczelniane","og_description":"w okresie od 2008 r. do 2015 r. &#8211; Wicedyrektor oddzia\u0142u Agencji Nieruchomo\u015bci Rolnych w Rzeszowie, od 2015 r. &#8211; Dyrektor oddzia\u0142u Agencji Nieruchomo\u015bci Rolnych (po przekszta\u0142ceniach &#8211; Dyrektor oddzia\u0142u Krajowego O\u015brodka Wsparcia Rolnictwa, w okresie od 1997 r. do 2001 r. &#8211; Senator RP IV kadencji wybrany z ramienia [\u2026] Read More","og_url":"https:\/\/pans.krosno.pl\/pracownicy\/jerzy-borcz\/jerzy-borcz-doswiadczenie-pozauczelniane\/","og_site_name":"Pracownicy PANS w Kro\u015bnie","article_modified_time":"2025-05-14T08:22:06+00:00","twitter_card":"summary_large_image","twitter_misc":{"Szacowany czas czytania":"1 minuta"},"schema":{"@context":"https:\/\/schema.org","@graph":[{"@type":"WebPage","@id":"https:\/\/pans.krosno.pl\/pracownicy\/jerzy-borcz\/jerzy-borcz-doswiadczenie-pozauczelniane\/","url":"https:\/\/pans.krosno.pl\/pracownicy\/jerzy-borcz\/jerzy-borcz-doswiadczenie-pozauczelniane\/","name":"mgr Jerzy Borcz - Do\u015bwiadczenie pozauczelniane - Pracownicy PANS w Kro\u015bnie","isPartOf":{"@id":"https:\/\/pans.krosno.pl\/pracownicy\/#website"},"datePublished":"2020-04-15T11:44:53+00:00","dateModified":"2025-05-14T08:22:06+00:00","breadcrumb":{"@id":"https:\/\/pans.krosno.pl\/pracownicy\/jerzy-borcz\/jerzy-borcz-doswiadczenie-pozauczelniane\/#breadcrumb"},"inLanguage":"pl-PL","potentialAction":[{"@type":"ReadAction","target":["https:\/\/pans.krosno.pl\/pracownicy\/jerzy-borcz\/jerzy-borcz-doswiadczenie-pozauczelniane\/"]}]},{"@type":"BreadcrumbList","@id":"https:\/\/pans.krosno.pl\/pracownicy\/jerzy-borcz\/jerzy-borcz-doswiadczenie-pozauczelniane\/#breadcrumb","itemListElement":[{"@type":"ListItem","position":1,"name":"Strona g\u0142\u00f3wna","item":"https:\/\/pans.krosno.pl\/pracownicy\/"},{"@type":"ListItem","position":2,"name":"mgr Jerzy Borcz","item":"https:\/\/pans.krosno.pl\/pracownicy\/jerzy-borcz\/"},{"@type":"ListItem","position":3,"name":"mgr Jerzy Borcz &#8211; Do\u015bwiadczenie pozauczelniane"}]},{"@type":"WebSite","@id":"https:\/\/pans.krosno.pl\/pracownicy\/#website","url":"https:\/\/pans.krosno.pl\/pracownicy\/","name":"Pracownicy PANS w Kro\u015bnie","description":"Pracownicy - Pa\u0144stwowa Akademia Nauk Stosowanych","publisher":{"@id":"https:\/\/pans.krosno.pl\/pracownicy\/#organization"},"potentialAction":[{"@type":"SearchAction","target":{"@type":"EntryPoint","urlTemplate":"https:\/\/pans.krosno.pl\/pracownicy\/?s={search_term_string}"},"query-input":{"@type":"PropertyValueSpecification","valueRequired":true,"valueName":"search_term_string"}}],"inLanguage":"pl-PL"},{"@type":"Organization","@id":"https:\/\/pans.krosno.pl\/pracownicy\/#organization","name":"Pracownicy PANS w Kro\u015bnie","url":"https:\/\/pans.krosno.pl\/pracownicy\/","logo":{"@type":"ImageObject","inLanguage":"pl-PL","@id":"https:\/\/pans.krosno.pl\/pracownicy\/#\/schema\/logo\/image\/","url":"https:\/\/pans.krosno.pl\/pracownicy\/wp-content\/uploads\/sites\/41\/2023\/01\/Logo-PANS-2022-pelne.png","contentUrl":"https:\/\/pans.krosno.pl\/pracownicy\/wp-content\/uploads\/sites\/41\/2023\/01\/Logo-PANS-2022-pelne.png","width":3096,"height":696,"caption":"Pracownicy PANS w Kro\u015bnie"},"image":{"@id":"https:\/\/pans.krosno.pl\/pracownicy\/#\/schema\/logo\/image\/"}}]}},"_links":{"self":[{"href":"https:\/\/pans.krosno.pl\/pracownicy\/wp-json\/wp\/v2\/pages\/2516","targetHints":{"allow":["GET"]}}],"collection":[{"href":"https:\/\/pans.krosno.pl\/pracownicy\/wp-json\/wp\/v2\/pages"}],"about":[{"href":"https:\/\/pans.krosno.pl\/pracownicy\/wp-json\/wp\/v2\/types\/page"}],"author":[{"embeddable":true,"href":"https:\/\/pans.krosno.pl\/pracownicy\/wp-json\/wp\/v2\/users\/36"}],"replies":[{"embeddable":true,"href":"https:\/\/pans.krosno.pl\/pracownicy\/wp-json\/wp\/v2\/comments?post=2516"}],"version-history":[{"count":6,"href":"https:\/\/pans.krosno.pl\/pracownicy\/wp-json\/wp\/v2\/pages\/2516\/revisions"}],"predecessor-version":[{"id":6476,"href":"https:\/\/pans.krosno.pl\/pracownicy\/wp-json\/wp\/v2\/pages\/2516\/revisions\/6476"}],"up":[{"embeddable":true,"href":"https:\/\/pans.krosno.pl\/pracownicy\/wp-json\/wp\/v2\/pages\/2509"}],"wp:attachment":[{"href":"https:\/\/pans.krosno.pl\/pracownicy\/wp-json\/wp\/v2\/media?parent=2516"}],"curies":[{"name":"wp","href":"https:\/\/api.w.org\/{rel}","templated":true}]}}