{"id":247,"date":"2020-03-26T15:12:16","date_gmt":"2020-03-26T14:12:16","guid":{"rendered":"https:\/\/pans.krosno.pl\/pracownicy\/?page_id=247"},"modified":"2025-05-15T12:05:16","modified_gmt":"2025-05-15T10:05:16","slug":"jacek-kras-zyciorys-naukowy","status":"publish","type":"page","link":"https:\/\/pans.krosno.pl\/pracownicy\/jacek-kras\/jacek-kras-zyciorys-naukowy\/","title":{"rendered":"dr Jacek Kra\u015b &#8211; \u017byciorys naukowy"},"content":{"rendered":"<hr>\n<ul>\n<li>Doktor nauk humanistycznych, magister prawa, Master of Business Administration (tytu\u0142 potwierdzony przez Apsley Business School \u2013 London),<\/li>\n<li>Uko\u0144czy\u0142 r\u00f3wnie\u017c studia podyplomowe z zakresu ekonomii,<br \/>\nPosiada potwierdzone&nbsp; kwalifikacje do zasiadania w organach nadzorczych sp\u00f3\u0142ek z udzia\u0142em Skarbu Pa\u0144stwa,<\/li>\n<li>Pracownik o kilkunastoletnim do\u015bwiadczeniu dydaktycznym w pracy na uczelni wy\u017cszej &#8211; <strong>PWSZ w Kro\u015bnie, Uniwersytet Rzeszowski, Wy\u017csza Szko\u0142a Spo\u0142eczno-Gospodarcza w Tyczynie.<\/strong> Koordynator i osoba prowadz\u0105ca zaj\u0119cia dydaktyczne z przedmiot\u00f3w takich jak mi\u0119dzy innymi: Prawo o\u015bwiatowe, Organizacja i prawo w o\u015bwiacie, Ochrona w\u0142asno\u015bci intelektualnej, Wst\u0119p do prawa UE, Prawo w turystyce i rekreacji, <strong>Prawo mi\u0119dzynarodowe<\/strong>. Prowadzi\u0142 zaj\u0119cia z zakresu prawa o\u015bwiatowego na studiach podyplomowych organizowanych przez Pa\u0144stwow\u0105 Wy\u017csz\u0105 Szko\u0142\u0119 Zawodow\u0105 im. Stanis\u0142awa Pigonia w Kro\u015bnie, przez Karpack\u0105 Pa\u0144stwow\u0105 Uczelni\u0119 w Kro\u015bnie. A obecnie Pa\u0144stwow\u0105 Akademi\u0119 Nauk Stosowanych w Kro\u015bnie.<\/li>\n<li><strong>A<\/strong>utor ponad czterdziestu publikacji z zakresu prawa turystycznego, administracji i o\u015bwiaty. Opiekun praktyk zawodowych. Uczestnik wielu konferencji zagranicznych, mi\u0119dzynarodowych i og\u00f3lnopolskich,<\/li>\n<li>Promotor licznych prac magisterskich i licencjackich w Uniwersytecie Rzeszowskim.<strong>&nbsp;<\/strong><\/li>\n<\/ul>\n<hr>\n<p>&nbsp;<\/p>\n","protected":false},"excerpt":{"rendered":"<p>Doktor nauk humanistycznych, magister prawa, Master of Business Administration (tytu\u0142 potwierdzony przez Apsley Business School \u2013 London), Uko\u0144czy\u0142 r\u00f3wnie\u017c studia podyplomowe z zakresu ekonomii, Posiada potwierdzone&nbsp; kwalifikacje do zasiadania w organach nadzorczych sp\u00f3\u0142ek z udzia\u0142em Skarbu Pa\u0144stwa, Pracownik o kilkunastoletnim do\u015bwiadczeniu dydaktycznym w pracy na uczelni wy\u017cszej &#8211; PWSZ w [\u2026] <\/p>\n<div class=\"clear\"><\/div>\n<p><a class=\"more_link clearfix\" href=\"https:\/\/pans.krosno.pl\/pracownicy\/jacek-kras\/jacek-kras-zyciorys-naukowy\/\" rel=\"nofollow\">Read More<\/a><\/p>\n","protected":false},"author":36,"featured_media":0,"parent":245,"menu_order":0,"comment_status":"closed","ping_status":"closed","template":"","meta":{"ngg_post_thumbnail":0,"footnotes":""},"class_list":["post-247","page","type-page","status-publish","hentry"],"yoast_head":"<!-- This site is optimized with the Yoast SEO Premium plugin v27.3 (Yoast SEO v27.3) - https:\/\/yoast.com\/product\/yoast-seo-premium-wordpress\/ -->\n<title>dr Jacek Kra\u015b - \u017byciorys naukowy - Pracownicy PANS w Kro\u015bnie<\/title>\n<meta name=\"robots\" content=\"index, follow, max-snippet:-1, max-image-preview:large, max-video-preview:-1\" \/>\n<link rel=\"canonical\" href=\"https:\/\/pans.krosno.pl\/pracownicy\/jacek-kras\/jacek-kras-zyciorys-naukowy\/\" \/>\n<meta property=\"og:locale\" content=\"pl_PL\" \/>\n<meta property=\"og:type\" content=\"article\" \/>\n<meta property=\"og:title\" content=\"dr Jacek Kra\u015b - \u017byciorys naukowy\" \/>\n<meta property=\"og:description\" content=\"Doktor nauk humanistycznych, magister prawa, Master of Business Administration (tytu\u0142 potwierdzony przez Apsley Business School \u2013 London), Uko\u0144czy\u0142 r\u00f3wnie\u017c studia podyplomowe z zakresu ekonomii, Posiada potwierdzone&nbsp; kwalifikacje do zasiadania w organach nadzorczych sp\u00f3\u0142ek z udzia\u0142em Skarbu Pa\u0144stwa, Pracownik o kilkunastoletnim do\u015bwiadczeniu dydaktycznym w pracy na uczelni wy\u017cszej &#8211; PWSZ w [\u2026] Read More\" \/>\n<meta property=\"og:url\" content=\"https:\/\/pans.krosno.pl\/pracownicy\/jacek-kras\/jacek-kras-zyciorys-naukowy\/\" \/>\n<meta property=\"og:site_name\" content=\"Pracownicy PANS w Kro\u015bnie\" \/>\n<meta property=\"article:modified_time\" content=\"2025-05-15T10:05:16+00:00\" \/>\n<meta name=\"twitter:card\" content=\"summary_large_image\" \/>\n<meta name=\"twitter:label1\" content=\"Szacowany czas czytania\" \/>\n\t<meta name=\"twitter:data1\" content=\"1 minuta\" \/>\n<script type=\"application\/ld+json\" class=\"yoast-schema-graph\">{\"@context\":\"https:\\\/\\\/schema.org\",\"@graph\":[{\"@type\":\"WebPage\",\"@id\":\"https:\\\/\\\/pans.krosno.pl\\\/pracownicy\\\/jacek-kras\\\/jacek-kras-zyciorys-naukowy\\\/\",\"url\":\"https:\\\/\\\/pans.krosno.pl\\\/pracownicy\\\/jacek-kras\\\/jacek-kras-zyciorys-naukowy\\\/\",\"name\":\"dr Jacek Kra\u015b - \u017byciorys naukowy - Pracownicy PANS w Kro\u015bnie\",\"isPartOf\":{\"@id\":\"https:\\\/\\\/pans.krosno.pl\\\/pracownicy\\\/#website\"},\"datePublished\":\"2020-03-26T14:12:16+00:00\",\"dateModified\":\"2025-05-15T10:05:16+00:00\",\"breadcrumb\":{\"@id\":\"https:\\\/\\\/pans.krosno.pl\\\/pracownicy\\\/jacek-kras\\\/jacek-kras-zyciorys-naukowy\\\/#breadcrumb\"},\"inLanguage\":\"pl-PL\",\"potentialAction\":[{\"@type\":\"ReadAction\",\"target\":[\"https:\\\/\\\/pans.krosno.pl\\\/pracownicy\\\/jacek-kras\\\/jacek-kras-zyciorys-naukowy\\\/\"]}]},{\"@type\":\"BreadcrumbList\",\"@id\":\"https:\\\/\\\/pans.krosno.pl\\\/pracownicy\\\/jacek-kras\\\/jacek-kras-zyciorys-naukowy\\\/#breadcrumb\",\"itemListElement\":[{\"@type\":\"ListItem\",\"position\":1,\"name\":\"Strona g\u0142\u00f3wna\",\"item\":\"https:\\\/\\\/pans.krosno.pl\\\/pracownicy\\\/\"},{\"@type\":\"ListItem\",\"position\":2,\"name\":\"dr Jacek Kra\u015b\",\"item\":\"https:\\\/\\\/pans.krosno.pl\\\/pracownicy\\\/jacek-kras\\\/\"},{\"@type\":\"ListItem\",\"position\":3,\"name\":\"dr Jacek Kra\u015b &#8211; \u017byciorys naukowy\"}]},{\"@type\":\"WebSite\",\"@id\":\"https:\\\/\\\/pans.krosno.pl\\\/pracownicy\\\/#website\",\"url\":\"https:\\\/\\\/pans.krosno.pl\\\/pracownicy\\\/\",\"name\":\"Pracownicy PANS w Kro\u015bnie\",\"description\":\"Pracownicy - Pa\u0144stwowa Akademia Nauk Stosowanych\",\"publisher\":{\"@id\":\"https:\\\/\\\/pans.krosno.pl\\\/pracownicy\\\/#organization\"},\"potentialAction\":[{\"@type\":\"SearchAction\",\"target\":{\"@type\":\"EntryPoint\",\"urlTemplate\":\"https:\\\/\\\/pans.krosno.pl\\\/pracownicy\\\/?s={search_term_string}\"},\"query-input\":{\"@type\":\"PropertyValueSpecification\",\"valueRequired\":true,\"valueName\":\"search_term_string\"}}],\"inLanguage\":\"pl-PL\"},{\"@type\":\"Organization\",\"@id\":\"https:\\\/\\\/pans.krosno.pl\\\/pracownicy\\\/#organization\",\"name\":\"Pracownicy PANS w Kro\u015bnie\",\"url\":\"https:\\\/\\\/pans.krosno.pl\\\/pracownicy\\\/\",\"logo\":{\"@type\":\"ImageObject\",\"inLanguage\":\"pl-PL\",\"@id\":\"https:\\\/\\\/pans.krosno.pl\\\/pracownicy\\\/#\\\/schema\\\/logo\\\/image\\\/\",\"url\":\"https:\\\/\\\/pans.krosno.pl\\\/pracownicy\\\/wp-content\\\/uploads\\\/sites\\\/41\\\/2023\\\/01\\\/Logo-PANS-2022-pelne.png\",\"contentUrl\":\"https:\\\/\\\/pans.krosno.pl\\\/pracownicy\\\/wp-content\\\/uploads\\\/sites\\\/41\\\/2023\\\/01\\\/Logo-PANS-2022-pelne.png\",\"width\":3096,\"height\":696,\"caption\":\"Pracownicy PANS w Kro\u015bnie\"},\"image\":{\"@id\":\"https:\\\/\\\/pans.krosno.pl\\\/pracownicy\\\/#\\\/schema\\\/logo\\\/image\\\/\"}}]}<\/script>\n<!-- \/ Yoast SEO Premium plugin. -->","yoast_head_json":{"title":"dr Jacek Kra\u015b - \u017byciorys naukowy - Pracownicy PANS w Kro\u015bnie","robots":{"index":"index","follow":"follow","max-snippet":"max-snippet:-1","max-image-preview":"max-image-preview:large","max-video-preview":"max-video-preview:-1"},"canonical":"https:\/\/pans.krosno.pl\/pracownicy\/jacek-kras\/jacek-kras-zyciorys-naukowy\/","og_locale":"pl_PL","og_type":"article","og_title":"dr Jacek Kra\u015b - \u017byciorys naukowy","og_description":"Doktor nauk humanistycznych, magister prawa, Master of Business Administration (tytu\u0142 potwierdzony przez Apsley Business School \u2013 London), Uko\u0144czy\u0142 r\u00f3wnie\u017c studia podyplomowe z zakresu ekonomii, Posiada potwierdzone&nbsp; kwalifikacje do zasiadania w organach nadzorczych sp\u00f3\u0142ek z udzia\u0142em Skarbu Pa\u0144stwa, Pracownik o kilkunastoletnim do\u015bwiadczeniu dydaktycznym w pracy na uczelni wy\u017cszej &#8211; PWSZ w [\u2026] Read More","og_url":"https:\/\/pans.krosno.pl\/pracownicy\/jacek-kras\/jacek-kras-zyciorys-naukowy\/","og_site_name":"Pracownicy PANS w Kro\u015bnie","article_modified_time":"2025-05-15T10:05:16+00:00","twitter_card":"summary_large_image","twitter_misc":{"Szacowany czas czytania":"1 minuta"},"schema":{"@context":"https:\/\/schema.org","@graph":[{"@type":"WebPage","@id":"https:\/\/pans.krosno.pl\/pracownicy\/jacek-kras\/jacek-kras-zyciorys-naukowy\/","url":"https:\/\/pans.krosno.pl\/pracownicy\/jacek-kras\/jacek-kras-zyciorys-naukowy\/","name":"dr Jacek Kra\u015b - \u017byciorys naukowy - Pracownicy PANS w Kro\u015bnie","isPartOf":{"@id":"https:\/\/pans.krosno.pl\/pracownicy\/#website"},"datePublished":"2020-03-26T14:12:16+00:00","dateModified":"2025-05-15T10:05:16+00:00","breadcrumb":{"@id":"https:\/\/pans.krosno.pl\/pracownicy\/jacek-kras\/jacek-kras-zyciorys-naukowy\/#breadcrumb"},"inLanguage":"pl-PL","potentialAction":[{"@type":"ReadAction","target":["https:\/\/pans.krosno.pl\/pracownicy\/jacek-kras\/jacek-kras-zyciorys-naukowy\/"]}]},{"@type":"BreadcrumbList","@id":"https:\/\/pans.krosno.pl\/pracownicy\/jacek-kras\/jacek-kras-zyciorys-naukowy\/#breadcrumb","itemListElement":[{"@type":"ListItem","position":1,"name":"Strona g\u0142\u00f3wna","item":"https:\/\/pans.krosno.pl\/pracownicy\/"},{"@type":"ListItem","position":2,"name":"dr Jacek Kra\u015b","item":"https:\/\/pans.krosno.pl\/pracownicy\/jacek-kras\/"},{"@type":"ListItem","position":3,"name":"dr Jacek Kra\u015b &#8211; \u017byciorys naukowy"}]},{"@type":"WebSite","@id":"https:\/\/pans.krosno.pl\/pracownicy\/#website","url":"https:\/\/pans.krosno.pl\/pracownicy\/","name":"Pracownicy PANS w Kro\u015bnie","description":"Pracownicy - Pa\u0144stwowa Akademia Nauk Stosowanych","publisher":{"@id":"https:\/\/pans.krosno.pl\/pracownicy\/#organization"},"potentialAction":[{"@type":"SearchAction","target":{"@type":"EntryPoint","urlTemplate":"https:\/\/pans.krosno.pl\/pracownicy\/?s={search_term_string}"},"query-input":{"@type":"PropertyValueSpecification","valueRequired":true,"valueName":"search_term_string"}}],"inLanguage":"pl-PL"},{"@type":"Organization","@id":"https:\/\/pans.krosno.pl\/pracownicy\/#organization","name":"Pracownicy PANS w Kro\u015bnie","url":"https:\/\/pans.krosno.pl\/pracownicy\/","logo":{"@type":"ImageObject","inLanguage":"pl-PL","@id":"https:\/\/pans.krosno.pl\/pracownicy\/#\/schema\/logo\/image\/","url":"https:\/\/pans.krosno.pl\/pracownicy\/wp-content\/uploads\/sites\/41\/2023\/01\/Logo-PANS-2022-pelne.png","contentUrl":"https:\/\/pans.krosno.pl\/pracownicy\/wp-content\/uploads\/sites\/41\/2023\/01\/Logo-PANS-2022-pelne.png","width":3096,"height":696,"caption":"Pracownicy PANS w Kro\u015bnie"},"image":{"@id":"https:\/\/pans.krosno.pl\/pracownicy\/#\/schema\/logo\/image\/"}}]}},"_links":{"self":[{"href":"https:\/\/pans.krosno.pl\/pracownicy\/wp-json\/wp\/v2\/pages\/247","targetHints":{"allow":["GET"]}}],"collection":[{"href":"https:\/\/pans.krosno.pl\/pracownicy\/wp-json\/wp\/v2\/pages"}],"about":[{"href":"https:\/\/pans.krosno.pl\/pracownicy\/wp-json\/wp\/v2\/types\/page"}],"author":[{"embeddable":true,"href":"https:\/\/pans.krosno.pl\/pracownicy\/wp-json\/wp\/v2\/users\/36"}],"replies":[{"embeddable":true,"href":"https:\/\/pans.krosno.pl\/pracownicy\/wp-json\/wp\/v2\/comments?post=247"}],"version-history":[{"count":20,"href":"https:\/\/pans.krosno.pl\/pracownicy\/wp-json\/wp\/v2\/pages\/247\/revisions"}],"predecessor-version":[{"id":9402,"href":"https:\/\/pans.krosno.pl\/pracownicy\/wp-json\/wp\/v2\/pages\/247\/revisions\/9402"}],"up":[{"embeddable":true,"href":"https:\/\/pans.krosno.pl\/pracownicy\/wp-json\/wp\/v2\/pages\/245"}],"wp:attachment":[{"href":"https:\/\/pans.krosno.pl\/pracownicy\/wp-json\/wp\/v2\/media?parent=247"}],"curies":[{"name":"wp","href":"https:\/\/api.w.org\/{rel}","templated":true}]}}