{"id":2446,"date":"2020-04-15T10:52:39","date_gmt":"2020-04-15T08:52:39","guid":{"rendered":"https:\/\/pans.krosno.pl\/pracownicy\/?page_id=2446"},"modified":"2025-05-20T13:20:43","modified_gmt":"2025-05-20T11:20:43","slug":"igor-przebinda-najwazniejsze-publikacje","status":"publish","type":"page","link":"https:\/\/pans.krosno.pl\/pracownicy\/igor-przebinda\/igor-przebinda-najwazniejsze-publikacje\/","title":{"rendered":"mgr Igor Przebinda &#8211; Najwa\u017cniejsze publikacje"},"content":{"rendered":"<hr>\n<p><strong>Artyku\u0142y<\/strong><\/p>\n<p>Uchwyci\u0107 melodi\u0119, \u201eZnak\u201d, nr 2 (741), 2017, 97-99.<br \/>\nOblicza Wolanda. Literackie studium postaci, w druku, uka\u017ce si\u0119 w 2020 w czasopi\u015bmie naukowym Studia Historicolitteraria Annales Universitatis Paedagogicae Cracoviensis.<\/p>\n<p><strong>T\u0142umaczenia<\/strong><\/p>\n<p>M. Bu\u0142hakow, Mistrz i Ma\u0142gorzata. T\u0142um. L.A. Przebinda, G. Przebinda, I. Przebinda. Opracowanie tekstu i przypisy G. Przebinda, Krak\u00f3w: Znak 2016.<\/p>\n<p><strong>Inne publikacje<\/strong><\/p>\n<p>Bu\u0142hakow, pierwszy po Bogu. Rozmowa Tomasza Fia\u0142kowskiego z Leokadi\u0105 Ann\u0105 Przebind\u0105, Grzegorzem Przebind\u0105, Igorem Przebind\u0105, \u201eTygodnik Powszechny\u201d, nr 51\u201352 (3519\u20133520), 18\u201325 XII 2016, s. 92\u201395.<\/p>\n<hr>\n<p>&nbsp;<\/p>\n","protected":false},"excerpt":{"rendered":"<p>Artyku\u0142y Uchwyci\u0107 melodi\u0119, \u201eZnak\u201d, nr 2 (741), 2017, 97-99. Oblicza Wolanda. Literackie studium postaci, w druku, uka\u017ce si\u0119 w 2020 w czasopi\u015bmie naukowym Studia Historicolitteraria Annales Universitatis Paedagogicae Cracoviensis. T\u0142umaczenia M. Bu\u0142hakow, Mistrz i Ma\u0142gorzata. T\u0142um. L.A. Przebinda, G. Przebinda, I. Przebinda. Opracowanie tekstu i przypisy G. Przebinda, Krak\u00f3w: Znak [\u2026] <\/p>\n<div class=\"clear\"><\/div>\n<p><a class=\"more_link clearfix\" href=\"https:\/\/pans.krosno.pl\/pracownicy\/igor-przebinda\/igor-przebinda-najwazniejsze-publikacje\/\" rel=\"nofollow\">Read More<\/a><\/p>\n","protected":false},"author":36,"featured_media":0,"parent":2430,"menu_order":0,"comment_status":"closed","ping_status":"closed","template":"","meta":{"ngg_post_thumbnail":0,"footnotes":""},"class_list":["post-2446","page","type-page","status-publish","hentry"],"yoast_head":"<!-- This site is optimized with the Yoast SEO Premium plugin v27.3 (Yoast SEO v27.3) - https:\/\/yoast.com\/product\/yoast-seo-premium-wordpress\/ -->\n<title>mgr Igor Przebinda - Najwa\u017cniejsze publikacje - Pracownicy PANS w Kro\u015bnie<\/title>\n<meta name=\"robots\" content=\"index, follow, max-snippet:-1, max-image-preview:large, max-video-preview:-1\" \/>\n<link rel=\"canonical\" href=\"https:\/\/pans.krosno.pl\/pracownicy\/igor-przebinda\/igor-przebinda-najwazniejsze-publikacje\/\" \/>\n<meta property=\"og:locale\" content=\"pl_PL\" \/>\n<meta property=\"og:type\" content=\"article\" \/>\n<meta property=\"og:title\" content=\"mgr Igor Przebinda - Najwa\u017cniejsze publikacje\" \/>\n<meta property=\"og:description\" content=\"Artyku\u0142y Uchwyci\u0107 melodi\u0119, \u201eZnak\u201d, nr 2 (741), 2017, 97-99. Oblicza Wolanda. Literackie studium postaci, w druku, uka\u017ce si\u0119 w 2020 w czasopi\u015bmie naukowym Studia Historicolitteraria Annales Universitatis Paedagogicae Cracoviensis. T\u0142umaczenia M. Bu\u0142hakow, Mistrz i Ma\u0142gorzata. T\u0142um. L.A. Przebinda, G. Przebinda, I. Przebinda. Opracowanie tekstu i przypisy G. Przebinda, Krak\u00f3w: Znak [\u2026] Read More\" \/>\n<meta property=\"og:url\" content=\"https:\/\/pans.krosno.pl\/pracownicy\/igor-przebinda\/igor-przebinda-najwazniejsze-publikacje\/\" \/>\n<meta property=\"og:site_name\" content=\"Pracownicy PANS w Kro\u015bnie\" \/>\n<meta property=\"article:modified_time\" content=\"2025-05-20T11:20:43+00:00\" \/>\n<meta name=\"twitter:card\" content=\"summary_large_image\" \/>\n<meta name=\"twitter:label1\" content=\"Szacowany czas czytania\" \/>\n\t<meta name=\"twitter:data1\" content=\"1 minuta\" \/>\n<script type=\"application\/ld+json\" class=\"yoast-schema-graph\">{\"@context\":\"https:\\\/\\\/schema.org\",\"@graph\":[{\"@type\":\"WebPage\",\"@id\":\"https:\\\/\\\/pans.krosno.pl\\\/pracownicy\\\/igor-przebinda\\\/igor-przebinda-najwazniejsze-publikacje\\\/\",\"url\":\"https:\\\/\\\/pans.krosno.pl\\\/pracownicy\\\/igor-przebinda\\\/igor-przebinda-najwazniejsze-publikacje\\\/\",\"name\":\"mgr Igor Przebinda - Najwa\u017cniejsze publikacje - Pracownicy PANS w Kro\u015bnie\",\"isPartOf\":{\"@id\":\"https:\\\/\\\/pans.krosno.pl\\\/pracownicy\\\/#website\"},\"datePublished\":\"2020-04-15T08:52:39+00:00\",\"dateModified\":\"2025-05-20T11:20:43+00:00\",\"breadcrumb\":{\"@id\":\"https:\\\/\\\/pans.krosno.pl\\\/pracownicy\\\/igor-przebinda\\\/igor-przebinda-najwazniejsze-publikacje\\\/#breadcrumb\"},\"inLanguage\":\"pl-PL\",\"potentialAction\":[{\"@type\":\"ReadAction\",\"target\":[\"https:\\\/\\\/pans.krosno.pl\\\/pracownicy\\\/igor-przebinda\\\/igor-przebinda-najwazniejsze-publikacje\\\/\"]}]},{\"@type\":\"BreadcrumbList\",\"@id\":\"https:\\\/\\\/pans.krosno.pl\\\/pracownicy\\\/igor-przebinda\\\/igor-przebinda-najwazniejsze-publikacje\\\/#breadcrumb\",\"itemListElement\":[{\"@type\":\"ListItem\",\"position\":1,\"name\":\"Strona g\u0142\u00f3wna\",\"item\":\"https:\\\/\\\/pans.krosno.pl\\\/pracownicy\\\/\"},{\"@type\":\"ListItem\",\"position\":2,\"name\":\"mgr Igor Przebinda\",\"item\":\"https:\\\/\\\/pans.krosno.pl\\\/pracownicy\\\/igor-przebinda\\\/\"},{\"@type\":\"ListItem\",\"position\":3,\"name\":\"mgr Igor Przebinda &#8211; Najwa\u017cniejsze publikacje\"}]},{\"@type\":\"WebSite\",\"@id\":\"https:\\\/\\\/pans.krosno.pl\\\/pracownicy\\\/#website\",\"url\":\"https:\\\/\\\/pans.krosno.pl\\\/pracownicy\\\/\",\"name\":\"Pracownicy PANS w Kro\u015bnie\",\"description\":\"Pracownicy - Pa\u0144stwowa Akademia Nauk Stosowanych\",\"publisher\":{\"@id\":\"https:\\\/\\\/pans.krosno.pl\\\/pracownicy\\\/#organization\"},\"potentialAction\":[{\"@type\":\"SearchAction\",\"target\":{\"@type\":\"EntryPoint\",\"urlTemplate\":\"https:\\\/\\\/pans.krosno.pl\\\/pracownicy\\\/?s={search_term_string}\"},\"query-input\":{\"@type\":\"PropertyValueSpecification\",\"valueRequired\":true,\"valueName\":\"search_term_string\"}}],\"inLanguage\":\"pl-PL\"},{\"@type\":\"Organization\",\"@id\":\"https:\\\/\\\/pans.krosno.pl\\\/pracownicy\\\/#organization\",\"name\":\"Pracownicy PANS w Kro\u015bnie\",\"url\":\"https:\\\/\\\/pans.krosno.pl\\\/pracownicy\\\/\",\"logo\":{\"@type\":\"ImageObject\",\"inLanguage\":\"pl-PL\",\"@id\":\"https:\\\/\\\/pans.krosno.pl\\\/pracownicy\\\/#\\\/schema\\\/logo\\\/image\\\/\",\"url\":\"https:\\\/\\\/pans.krosno.pl\\\/pracownicy\\\/wp-content\\\/uploads\\\/sites\\\/41\\\/2023\\\/01\\\/Logo-PANS-2022-pelne.png\",\"contentUrl\":\"https:\\\/\\\/pans.krosno.pl\\\/pracownicy\\\/wp-content\\\/uploads\\\/sites\\\/41\\\/2023\\\/01\\\/Logo-PANS-2022-pelne.png\",\"width\":3096,\"height\":696,\"caption\":\"Pracownicy PANS w Kro\u015bnie\"},\"image\":{\"@id\":\"https:\\\/\\\/pans.krosno.pl\\\/pracownicy\\\/#\\\/schema\\\/logo\\\/image\\\/\"}}]}<\/script>\n<!-- \/ Yoast SEO Premium plugin. -->","yoast_head_json":{"title":"mgr Igor Przebinda - Najwa\u017cniejsze publikacje - Pracownicy PANS w Kro\u015bnie","robots":{"index":"index","follow":"follow","max-snippet":"max-snippet:-1","max-image-preview":"max-image-preview:large","max-video-preview":"max-video-preview:-1"},"canonical":"https:\/\/pans.krosno.pl\/pracownicy\/igor-przebinda\/igor-przebinda-najwazniejsze-publikacje\/","og_locale":"pl_PL","og_type":"article","og_title":"mgr Igor Przebinda - Najwa\u017cniejsze publikacje","og_description":"Artyku\u0142y Uchwyci\u0107 melodi\u0119, \u201eZnak\u201d, nr 2 (741), 2017, 97-99. Oblicza Wolanda. Literackie studium postaci, w druku, uka\u017ce si\u0119 w 2020 w czasopi\u015bmie naukowym Studia Historicolitteraria Annales Universitatis Paedagogicae Cracoviensis. T\u0142umaczenia M. Bu\u0142hakow, Mistrz i Ma\u0142gorzata. T\u0142um. L.A. Przebinda, G. Przebinda, I. Przebinda. Opracowanie tekstu i przypisy G. Przebinda, Krak\u00f3w: Znak [\u2026] Read More","og_url":"https:\/\/pans.krosno.pl\/pracownicy\/igor-przebinda\/igor-przebinda-najwazniejsze-publikacje\/","og_site_name":"Pracownicy PANS w Kro\u015bnie","article_modified_time":"2025-05-20T11:20:43+00:00","twitter_card":"summary_large_image","twitter_misc":{"Szacowany czas czytania":"1 minuta"},"schema":{"@context":"https:\/\/schema.org","@graph":[{"@type":"WebPage","@id":"https:\/\/pans.krosno.pl\/pracownicy\/igor-przebinda\/igor-przebinda-najwazniejsze-publikacje\/","url":"https:\/\/pans.krosno.pl\/pracownicy\/igor-przebinda\/igor-przebinda-najwazniejsze-publikacje\/","name":"mgr Igor Przebinda - Najwa\u017cniejsze publikacje - Pracownicy PANS w Kro\u015bnie","isPartOf":{"@id":"https:\/\/pans.krosno.pl\/pracownicy\/#website"},"datePublished":"2020-04-15T08:52:39+00:00","dateModified":"2025-05-20T11:20:43+00:00","breadcrumb":{"@id":"https:\/\/pans.krosno.pl\/pracownicy\/igor-przebinda\/igor-przebinda-najwazniejsze-publikacje\/#breadcrumb"},"inLanguage":"pl-PL","potentialAction":[{"@type":"ReadAction","target":["https:\/\/pans.krosno.pl\/pracownicy\/igor-przebinda\/igor-przebinda-najwazniejsze-publikacje\/"]}]},{"@type":"BreadcrumbList","@id":"https:\/\/pans.krosno.pl\/pracownicy\/igor-przebinda\/igor-przebinda-najwazniejsze-publikacje\/#breadcrumb","itemListElement":[{"@type":"ListItem","position":1,"name":"Strona g\u0142\u00f3wna","item":"https:\/\/pans.krosno.pl\/pracownicy\/"},{"@type":"ListItem","position":2,"name":"mgr Igor Przebinda","item":"https:\/\/pans.krosno.pl\/pracownicy\/igor-przebinda\/"},{"@type":"ListItem","position":3,"name":"mgr Igor Przebinda &#8211; Najwa\u017cniejsze publikacje"}]},{"@type":"WebSite","@id":"https:\/\/pans.krosno.pl\/pracownicy\/#website","url":"https:\/\/pans.krosno.pl\/pracownicy\/","name":"Pracownicy PANS w Kro\u015bnie","description":"Pracownicy - Pa\u0144stwowa Akademia Nauk Stosowanych","publisher":{"@id":"https:\/\/pans.krosno.pl\/pracownicy\/#organization"},"potentialAction":[{"@type":"SearchAction","target":{"@type":"EntryPoint","urlTemplate":"https:\/\/pans.krosno.pl\/pracownicy\/?s={search_term_string}"},"query-input":{"@type":"PropertyValueSpecification","valueRequired":true,"valueName":"search_term_string"}}],"inLanguage":"pl-PL"},{"@type":"Organization","@id":"https:\/\/pans.krosno.pl\/pracownicy\/#organization","name":"Pracownicy PANS w Kro\u015bnie","url":"https:\/\/pans.krosno.pl\/pracownicy\/","logo":{"@type":"ImageObject","inLanguage":"pl-PL","@id":"https:\/\/pans.krosno.pl\/pracownicy\/#\/schema\/logo\/image\/","url":"https:\/\/pans.krosno.pl\/pracownicy\/wp-content\/uploads\/sites\/41\/2023\/01\/Logo-PANS-2022-pelne.png","contentUrl":"https:\/\/pans.krosno.pl\/pracownicy\/wp-content\/uploads\/sites\/41\/2023\/01\/Logo-PANS-2022-pelne.png","width":3096,"height":696,"caption":"Pracownicy PANS w Kro\u015bnie"},"image":{"@id":"https:\/\/pans.krosno.pl\/pracownicy\/#\/schema\/logo\/image\/"}}]}},"_links":{"self":[{"href":"https:\/\/pans.krosno.pl\/pracownicy\/wp-json\/wp\/v2\/pages\/2446","targetHints":{"allow":["GET"]}}],"collection":[{"href":"https:\/\/pans.krosno.pl\/pracownicy\/wp-json\/wp\/v2\/pages"}],"about":[{"href":"https:\/\/pans.krosno.pl\/pracownicy\/wp-json\/wp\/v2\/types\/page"}],"author":[{"embeddable":true,"href":"https:\/\/pans.krosno.pl\/pracownicy\/wp-json\/wp\/v2\/users\/36"}],"replies":[{"embeddable":true,"href":"https:\/\/pans.krosno.pl\/pracownicy\/wp-json\/wp\/v2\/comments?post=2446"}],"version-history":[{"count":8,"href":"https:\/\/pans.krosno.pl\/pracownicy\/wp-json\/wp\/v2\/pages\/2446\/revisions"}],"predecessor-version":[{"id":10909,"href":"https:\/\/pans.krosno.pl\/pracownicy\/wp-json\/wp\/v2\/pages\/2446\/revisions\/10909"}],"up":[{"embeddable":true,"href":"https:\/\/pans.krosno.pl\/pracownicy\/wp-json\/wp\/v2\/pages\/2430"}],"wp:attachment":[{"href":"https:\/\/pans.krosno.pl\/pracownicy\/wp-json\/wp\/v2\/media?parent=2446"}],"curies":[{"name":"wp","href":"https:\/\/api.w.org\/{rel}","templated":true}]}}