{"id":2427,"date":"2020-04-14T15:51:14","date_gmt":"2020-04-14T13:51:14","guid":{"rendered":"https:\/\/pans.krosno.pl\/pracownicy\/?page_id=2427"},"modified":"2025-05-15T12:08:46","modified_gmt":"2025-05-15T10:08:46","slug":"joanna-krochmal-doswiadczenie-pozauczelniane","status":"publish","type":"page","link":"https:\/\/pans.krosno.pl\/pracownicy\/joanna-krochmal\/joanna-krochmal-doswiadczenie-pozauczelniane\/","title":{"rendered":"mgr Joanna Krochmal &#8211; Do\u015bwiadczenie pozauczelniane"},"content":{"rendered":"<hr>\n<ul>\n<li>Do\u015bwiadczenie zawodowe lektora zdobywa\u0142a prowadz\u0105c kursy j\u0119zykowe do egzamin\u00f3w Cambridge English i kursy angielskiego w biznesie w Szkole J\u0119zyk\u00f3w i Zarz\u0105dzania PROMAR International i w Podkarpackiej Izbie Gospodarczej,<\/li>\n<li><span style=\"font-size: inherit\">Pracowa\u0142a przy tworzeniu Wewn\u0119trznego O\u015brodka Egzaminacyjnego British Council w Pa\u0144stwowej Wy\u017cszej Szkole Zawodowej im. Stanis\u0142awa Pigonia w Kro\u015bnie, Karpackiej Pa\u0144stwowej Uczelni w Kro\u015bnie, obecnie &#8211; w Pa\u0144stwowej Akademii Nauk Stosowanych w Kro\u015bnie.<\/span><\/li>\n<li><span style=\"font-size: inherit\"> Pe\u0142ni funkcj\u0119 Supervisora, Invigilatora i Marshala w sesjach egzaminacyjnych,<\/span><\/li>\n<li>Od 2007 r. jest wsp\u00f3\u0142organizatork\u0105 i cz\u0142onkini\u0105 komisji corocznego Konkursu J\u0119zyka Angielskiego dla Szk\u00f3\u0142 Ponadgimnazjalnych,<\/li>\n<li>Wsp\u00f3\u0142autorka czasopisma Academia Star.<\/li>\n<li>Posiada uprawnienia egzaminatora ustnego Cambridge English Assessment<\/li>\n<li>Jest certyfikowanym egzaminatorem matury i testu \u00f3smoklasisty &#8211; bierze udzia\u0142 w pracach komisji poprawiaj\u0105cych arkusze z j\u0119zyka angielskiego.<\/li>\n<\/ul>\n<p><strong style=\"font-size: inherit\">Pe\u0142nione funkcje w projektach<\/strong><\/p>\n<ul>\n<li>Prowadzi\u0142a kursy j\u0119zyka angielskiego technicznego w mechanice w ramach projektu pn.:&#8221;Silna kadra in\u017cynierska &#8211; wsparcie kierunk\u00f3w zamawianych w PWSZ w Kro\u015bnie&#8221; nr POKL 04.01.02.-00-068\/09,<\/li>\n<li>Prowadzi\u0142a kursy j\u0119zyka angielskiego medycznego dla pracownik\u00f3w PWSZ im. Stanis\u0142awa Pigonia w Kro\u015bnie w ramach projektu pn.: &#8222;Innowacyjne kszta\u0142cenie na kierunku Piel\u0119gniarstwo &#8211; utworzenie Centrum Symulacji Medycznej w PWSZ w Kro\u015bnie&#8221; nr POWR.05.03.00-00-0076\/17.<\/li>\n<\/ul>\n<hr>\n<p>&nbsp;<\/p>\n\n\n<p><\/p>\n","protected":false},"excerpt":{"rendered":"<p>Do\u015bwiadczenie zawodowe lektora zdobywa\u0142a prowadz\u0105c kursy j\u0119zykowe do egzamin\u00f3w Cambridge English i kursy angielskiego w biznesie w Szkole J\u0119zyk\u00f3w i Zarz\u0105dzania PROMAR International i w Podkarpackiej Izbie Gospodarczej, Pracowa\u0142a przy tworzeniu Wewn\u0119trznego O\u015brodka Egzaminacyjnego British Council w Pa\u0144stwowej Wy\u017cszej Szkole Zawodowej im. Stanis\u0142awa Pigonia w Kro\u015bnie, Karpackiej Pa\u0144stwowej Uczelni w [\u2026] <\/p>\n<div class=\"clear\"><\/div>\n<p><a class=\"more_link clearfix\" href=\"https:\/\/pans.krosno.pl\/pracownicy\/joanna-krochmal\/joanna-krochmal-doswiadczenie-pozauczelniane\/\" rel=\"nofollow\">Read More<\/a><\/p>\n","protected":false},"author":34,"featured_media":0,"parent":2420,"menu_order":0,"comment_status":"closed","ping_status":"closed","template":"","meta":{"ngg_post_thumbnail":0,"footnotes":""},"class_list":["post-2427","page","type-page","status-publish","hentry"],"yoast_head":"<!-- This site is optimized with the Yoast SEO Premium plugin v27.3 (Yoast SEO v27.3) - https:\/\/yoast.com\/product\/yoast-seo-premium-wordpress\/ -->\n<title>mgr Joanna Krochmal - Do\u015bwiadczenie pozauczelniane - Pracownicy PANS w Kro\u015bnie<\/title>\n<meta name=\"robots\" content=\"index, follow, max-snippet:-1, max-image-preview:large, max-video-preview:-1\" \/>\n<link rel=\"canonical\" href=\"https:\/\/pans.krosno.pl\/pracownicy\/joanna-krochmal\/joanna-krochmal-doswiadczenie-pozauczelniane\/\" \/>\n<meta property=\"og:locale\" content=\"pl_PL\" \/>\n<meta property=\"og:type\" content=\"article\" \/>\n<meta property=\"og:title\" content=\"mgr Joanna Krochmal - Do\u015bwiadczenie pozauczelniane\" \/>\n<meta property=\"og:description\" content=\"Do\u015bwiadczenie zawodowe lektora zdobywa\u0142a prowadz\u0105c kursy j\u0119zykowe do egzamin\u00f3w Cambridge English i kursy angielskiego w biznesie w Szkole J\u0119zyk\u00f3w i Zarz\u0105dzania PROMAR International i w Podkarpackiej Izbie Gospodarczej, Pracowa\u0142a przy tworzeniu Wewn\u0119trznego O\u015brodka Egzaminacyjnego British Council w Pa\u0144stwowej Wy\u017cszej Szkole Zawodowej im. Stanis\u0142awa Pigonia w Kro\u015bnie, Karpackiej Pa\u0144stwowej Uczelni w [\u2026] Read More\" \/>\n<meta property=\"og:url\" content=\"https:\/\/pans.krosno.pl\/pracownicy\/joanna-krochmal\/joanna-krochmal-doswiadczenie-pozauczelniane\/\" \/>\n<meta property=\"og:site_name\" content=\"Pracownicy PANS w Kro\u015bnie\" \/>\n<meta property=\"article:modified_time\" content=\"2025-05-15T10:08:46+00:00\" \/>\n<meta name=\"twitter:card\" content=\"summary_large_image\" \/>\n<meta name=\"twitter:label1\" content=\"Szacowany czas czytania\" \/>\n\t<meta name=\"twitter:data1\" content=\"2 minuty\" \/>\n<script type=\"application\/ld+json\" class=\"yoast-schema-graph\">{\"@context\":\"https:\\\/\\\/schema.org\",\"@graph\":[{\"@type\":\"WebPage\",\"@id\":\"https:\\\/\\\/pans.krosno.pl\\\/pracownicy\\\/joanna-krochmal\\\/joanna-krochmal-doswiadczenie-pozauczelniane\\\/\",\"url\":\"https:\\\/\\\/pans.krosno.pl\\\/pracownicy\\\/joanna-krochmal\\\/joanna-krochmal-doswiadczenie-pozauczelniane\\\/\",\"name\":\"mgr Joanna Krochmal - Do\u015bwiadczenie pozauczelniane - Pracownicy PANS w Kro\u015bnie\",\"isPartOf\":{\"@id\":\"https:\\\/\\\/pans.krosno.pl\\\/pracownicy\\\/#website\"},\"datePublished\":\"2020-04-14T13:51:14+00:00\",\"dateModified\":\"2025-05-15T10:08:46+00:00\",\"breadcrumb\":{\"@id\":\"https:\\\/\\\/pans.krosno.pl\\\/pracownicy\\\/joanna-krochmal\\\/joanna-krochmal-doswiadczenie-pozauczelniane\\\/#breadcrumb\"},\"inLanguage\":\"pl-PL\",\"potentialAction\":[{\"@type\":\"ReadAction\",\"target\":[\"https:\\\/\\\/pans.krosno.pl\\\/pracownicy\\\/joanna-krochmal\\\/joanna-krochmal-doswiadczenie-pozauczelniane\\\/\"]}]},{\"@type\":\"BreadcrumbList\",\"@id\":\"https:\\\/\\\/pans.krosno.pl\\\/pracownicy\\\/joanna-krochmal\\\/joanna-krochmal-doswiadczenie-pozauczelniane\\\/#breadcrumb\",\"itemListElement\":[{\"@type\":\"ListItem\",\"position\":1,\"name\":\"Strona g\u0142\u00f3wna\",\"item\":\"https:\\\/\\\/pans.krosno.pl\\\/pracownicy\\\/\"},{\"@type\":\"ListItem\",\"position\":2,\"name\":\"mgr Joanna Krochmal\",\"item\":\"https:\\\/\\\/pans.krosno.pl\\\/pracownicy\\\/joanna-krochmal\\\/\"},{\"@type\":\"ListItem\",\"position\":3,\"name\":\"mgr Joanna Krochmal &#8211; Do\u015bwiadczenie pozauczelniane\"}]},{\"@type\":\"WebSite\",\"@id\":\"https:\\\/\\\/pans.krosno.pl\\\/pracownicy\\\/#website\",\"url\":\"https:\\\/\\\/pans.krosno.pl\\\/pracownicy\\\/\",\"name\":\"Pracownicy PANS w Kro\u015bnie\",\"description\":\"Pracownicy - Pa\u0144stwowa Akademia Nauk Stosowanych\",\"publisher\":{\"@id\":\"https:\\\/\\\/pans.krosno.pl\\\/pracownicy\\\/#organization\"},\"potentialAction\":[{\"@type\":\"SearchAction\",\"target\":{\"@type\":\"EntryPoint\",\"urlTemplate\":\"https:\\\/\\\/pans.krosno.pl\\\/pracownicy\\\/?s={search_term_string}\"},\"query-input\":{\"@type\":\"PropertyValueSpecification\",\"valueRequired\":true,\"valueName\":\"search_term_string\"}}],\"inLanguage\":\"pl-PL\"},{\"@type\":\"Organization\",\"@id\":\"https:\\\/\\\/pans.krosno.pl\\\/pracownicy\\\/#organization\",\"name\":\"Pracownicy PANS w Kro\u015bnie\",\"url\":\"https:\\\/\\\/pans.krosno.pl\\\/pracownicy\\\/\",\"logo\":{\"@type\":\"ImageObject\",\"inLanguage\":\"pl-PL\",\"@id\":\"https:\\\/\\\/pans.krosno.pl\\\/pracownicy\\\/#\\\/schema\\\/logo\\\/image\\\/\",\"url\":\"https:\\\/\\\/pans.krosno.pl\\\/pracownicy\\\/wp-content\\\/uploads\\\/sites\\\/41\\\/2023\\\/01\\\/Logo-PANS-2022-pelne.png\",\"contentUrl\":\"https:\\\/\\\/pans.krosno.pl\\\/pracownicy\\\/wp-content\\\/uploads\\\/sites\\\/41\\\/2023\\\/01\\\/Logo-PANS-2022-pelne.png\",\"width\":3096,\"height\":696,\"caption\":\"Pracownicy PANS w Kro\u015bnie\"},\"image\":{\"@id\":\"https:\\\/\\\/pans.krosno.pl\\\/pracownicy\\\/#\\\/schema\\\/logo\\\/image\\\/\"}}]}<\/script>\n<!-- \/ Yoast SEO Premium plugin. -->","yoast_head_json":{"title":"mgr Joanna Krochmal - Do\u015bwiadczenie pozauczelniane - Pracownicy PANS w Kro\u015bnie","robots":{"index":"index","follow":"follow","max-snippet":"max-snippet:-1","max-image-preview":"max-image-preview:large","max-video-preview":"max-video-preview:-1"},"canonical":"https:\/\/pans.krosno.pl\/pracownicy\/joanna-krochmal\/joanna-krochmal-doswiadczenie-pozauczelniane\/","og_locale":"pl_PL","og_type":"article","og_title":"mgr Joanna Krochmal - Do\u015bwiadczenie pozauczelniane","og_description":"Do\u015bwiadczenie zawodowe lektora zdobywa\u0142a prowadz\u0105c kursy j\u0119zykowe do egzamin\u00f3w Cambridge English i kursy angielskiego w biznesie w Szkole J\u0119zyk\u00f3w i Zarz\u0105dzania PROMAR International i w Podkarpackiej Izbie Gospodarczej, Pracowa\u0142a przy tworzeniu Wewn\u0119trznego O\u015brodka Egzaminacyjnego British Council w Pa\u0144stwowej Wy\u017cszej Szkole Zawodowej im. Stanis\u0142awa Pigonia w Kro\u015bnie, Karpackiej Pa\u0144stwowej Uczelni w [\u2026] Read More","og_url":"https:\/\/pans.krosno.pl\/pracownicy\/joanna-krochmal\/joanna-krochmal-doswiadczenie-pozauczelniane\/","og_site_name":"Pracownicy PANS w Kro\u015bnie","article_modified_time":"2025-05-15T10:08:46+00:00","twitter_card":"summary_large_image","twitter_misc":{"Szacowany czas czytania":"2 minuty"},"schema":{"@context":"https:\/\/schema.org","@graph":[{"@type":"WebPage","@id":"https:\/\/pans.krosno.pl\/pracownicy\/joanna-krochmal\/joanna-krochmal-doswiadczenie-pozauczelniane\/","url":"https:\/\/pans.krosno.pl\/pracownicy\/joanna-krochmal\/joanna-krochmal-doswiadczenie-pozauczelniane\/","name":"mgr Joanna Krochmal - Do\u015bwiadczenie pozauczelniane - Pracownicy PANS w Kro\u015bnie","isPartOf":{"@id":"https:\/\/pans.krosno.pl\/pracownicy\/#website"},"datePublished":"2020-04-14T13:51:14+00:00","dateModified":"2025-05-15T10:08:46+00:00","breadcrumb":{"@id":"https:\/\/pans.krosno.pl\/pracownicy\/joanna-krochmal\/joanna-krochmal-doswiadczenie-pozauczelniane\/#breadcrumb"},"inLanguage":"pl-PL","potentialAction":[{"@type":"ReadAction","target":["https:\/\/pans.krosno.pl\/pracownicy\/joanna-krochmal\/joanna-krochmal-doswiadczenie-pozauczelniane\/"]}]},{"@type":"BreadcrumbList","@id":"https:\/\/pans.krosno.pl\/pracownicy\/joanna-krochmal\/joanna-krochmal-doswiadczenie-pozauczelniane\/#breadcrumb","itemListElement":[{"@type":"ListItem","position":1,"name":"Strona g\u0142\u00f3wna","item":"https:\/\/pans.krosno.pl\/pracownicy\/"},{"@type":"ListItem","position":2,"name":"mgr Joanna Krochmal","item":"https:\/\/pans.krosno.pl\/pracownicy\/joanna-krochmal\/"},{"@type":"ListItem","position":3,"name":"mgr Joanna Krochmal &#8211; Do\u015bwiadczenie pozauczelniane"}]},{"@type":"WebSite","@id":"https:\/\/pans.krosno.pl\/pracownicy\/#website","url":"https:\/\/pans.krosno.pl\/pracownicy\/","name":"Pracownicy PANS w Kro\u015bnie","description":"Pracownicy - Pa\u0144stwowa Akademia Nauk Stosowanych","publisher":{"@id":"https:\/\/pans.krosno.pl\/pracownicy\/#organization"},"potentialAction":[{"@type":"SearchAction","target":{"@type":"EntryPoint","urlTemplate":"https:\/\/pans.krosno.pl\/pracownicy\/?s={search_term_string}"},"query-input":{"@type":"PropertyValueSpecification","valueRequired":true,"valueName":"search_term_string"}}],"inLanguage":"pl-PL"},{"@type":"Organization","@id":"https:\/\/pans.krosno.pl\/pracownicy\/#organization","name":"Pracownicy PANS w Kro\u015bnie","url":"https:\/\/pans.krosno.pl\/pracownicy\/","logo":{"@type":"ImageObject","inLanguage":"pl-PL","@id":"https:\/\/pans.krosno.pl\/pracownicy\/#\/schema\/logo\/image\/","url":"https:\/\/pans.krosno.pl\/pracownicy\/wp-content\/uploads\/sites\/41\/2023\/01\/Logo-PANS-2022-pelne.png","contentUrl":"https:\/\/pans.krosno.pl\/pracownicy\/wp-content\/uploads\/sites\/41\/2023\/01\/Logo-PANS-2022-pelne.png","width":3096,"height":696,"caption":"Pracownicy PANS w Kro\u015bnie"},"image":{"@id":"https:\/\/pans.krosno.pl\/pracownicy\/#\/schema\/logo\/image\/"}}]}},"_links":{"self":[{"href":"https:\/\/pans.krosno.pl\/pracownicy\/wp-json\/wp\/v2\/pages\/2427","targetHints":{"allow":["GET"]}}],"collection":[{"href":"https:\/\/pans.krosno.pl\/pracownicy\/wp-json\/wp\/v2\/pages"}],"about":[{"href":"https:\/\/pans.krosno.pl\/pracownicy\/wp-json\/wp\/v2\/types\/page"}],"author":[{"embeddable":true,"href":"https:\/\/pans.krosno.pl\/pracownicy\/wp-json\/wp\/v2\/users\/34"}],"replies":[{"embeddable":true,"href":"https:\/\/pans.krosno.pl\/pracownicy\/wp-json\/wp\/v2\/comments?post=2427"}],"version-history":[{"count":40,"href":"https:\/\/pans.krosno.pl\/pracownicy\/wp-json\/wp\/v2\/pages\/2427\/revisions"}],"predecessor-version":[{"id":10489,"href":"https:\/\/pans.krosno.pl\/pracownicy\/wp-json\/wp\/v2\/pages\/2427\/revisions\/10489"}],"up":[{"embeddable":true,"href":"https:\/\/pans.krosno.pl\/pracownicy\/wp-json\/wp\/v2\/pages\/2420"}],"wp:attachment":[{"href":"https:\/\/pans.krosno.pl\/pracownicy\/wp-json\/wp\/v2\/media?parent=2427"}],"curies":[{"name":"wp","href":"https:\/\/api.w.org\/{rel}","templated":true}]}}