{"id":2417,"date":"2020-04-14T15:15:12","date_gmt":"2020-04-14T13:15:12","guid":{"rendered":"https:\/\/pans.krosno.pl\/pracownicy\/?page_id=2417"},"modified":"2025-11-15T14:27:00","modified_gmt":"2025-11-15T13:27:00","slug":"agnieszka-antosz-kasprzyk-najwazniejsze-publikacje","status":"publish","type":"page","link":"https:\/\/pans.krosno.pl\/pracownicy\/agnieszka-antosz-kasprzyk\/agnieszka-antosz-kasprzyk-najwazniejsze-publikacje\/","title":{"rendered":"mgr Agnieszka Antosz-Kasprzyk &#8211; Najwa\u017cniejsze publikacje"},"content":{"rendered":"\n<p><strong>Wykaz publikacji<\/strong><\/p>\n\n\n\n<p><strong>2025<\/strong><\/p>\n\n\n\n<ul class=\"wp-block-list\">\n<li>T\u0142umaczenie ksi\u0105\u017cki:Amee Baird, \u201eSex in the Brain \u2013 Czy choroby m\u00f3zgu zmieniaj\u0105 zachowania seksualne\u201d, PZWL Wydawnictwo Lekarskie PWN SA, Warszawa 2025, ISBN 978-83-01-24420-0<\/li>\n\n\n\n<li>Poster: \u201cBrain-friendly learning: What the brain likes\u201d<\/li>\n<\/ul>\n\n\n\n<p><strong>2024<\/strong><\/p>\n\n\n\n<ul class=\"wp-block-list\">\n<li>Artyku\u0142: \u201eWypalony ucze\u0144\u201d, Porady na zdrowie, nr 4 (71), ISSN 1897-8592<\/li>\n\n\n\n<li>Artyku\u0142: \u201eBy\u0107 tu i teraz, czyli jak nie wpa\u015b\u0107 w sid\u0142a FOMO\u201d, Porady na zdrowie, nr 1 (72), ISSN 1897-8592<\/li>\n\n\n\n<li>Publikacje w magazynie \u201eAcademia Stars\u201d, nr 6\/2024, ISBN 978-83-64457-92-0<\/li>\n<\/ul>\n\n\n\n<p><strong>W przygotowaniu<\/strong><\/p>\n\n\n\n<ul class=\"wp-block-list\">\n<li>Skrypt dydaktyczny:<br>\u201ePractical Magic of Teaching English to Young Learners \u2013 nauczanie j\u0119zyka angielskiego w przedszkolu i edukacji wczesnoszkolnej\u201d<\/li>\n<\/ul>\n\n\n\n<p><strong>Lata wcze\u015bniejsze<\/strong><\/p>\n\n\n\n<ul class=\"wp-block-list\">\n<li>Basic English in Medicine and Nursing<\/li>\n\n\n\n<li>English Vocabulary for Nurses and Medical Professionals<\/li>\n\n\n\n<li>Materia\u0142y do Nauczania J\u0119zyka Angielskiego Technicznego dla Student\u00f3w Kierunku Mechanika i Budowa Maszyn<\/li>\n\n\n\n<li>Materia\u0142y do Nauczania J\u0119zyka Angielskiego Technicznego dla Student\u00f3w Kierunku Informatyka<\/li>\n\n\n\n<li>Materia\u0142y do Nauczania J\u0119zyka Angielskiego Technicznego dla Student\u00f3w Kierunku In\u017cynieria \u015arodowiska<\/li>\n\n\n\n<li>Materia\u0142y do Nauczania J\u0119zyka Angielskiego Technicznego dla Student\u00f3w Kierunku Budownictwo<\/li>\n\n\n\n<li>Materia\u0142y do Nauczania J\u0119zyka Angielskiego Technicznego dla Student\u00f3w Kierunku Energetyka<\/li>\n\n\n\n<li>Publikacje w magazynie <em>Academia Stars<\/em><\/li>\n<\/ul>\n","protected":false},"excerpt":{"rendered":"<p>Wykaz publikacji 2025 2024 W przygotowaniu Lata wcze\u015bniejsze<\/p>\n","protected":false},"author":34,"featured_media":0,"parent":2407,"menu_order":0,"comment_status":"closed","ping_status":"closed","template":"","meta":{"ngg_post_thumbnail":0,"footnotes":""},"class_list":["post-2417","page","type-page","status-publish","hentry"],"yoast_head":"<!-- This site is optimized with the Yoast SEO Premium plugin v27.4 (Yoast SEO v27.4) - https:\/\/yoast.com\/product\/yoast-seo-premium-wordpress\/ -->\n<title>mgr Agnieszka Antosz-Kasprzyk - Najwa\u017cniejsze publikacje - Pracownicy PANS w Kro\u015bnie<\/title>\n<meta name=\"robots\" content=\"index, follow, max-snippet:-1, max-image-preview:large, max-video-preview:-1\" \/>\n<link rel=\"canonical\" href=\"https:\/\/pans.krosno.pl\/pracownicy\/agnieszka-antosz-kasprzyk\/agnieszka-antosz-kasprzyk-najwazniejsze-publikacje\/\" \/>\n<meta property=\"og:locale\" content=\"pl_PL\" \/>\n<meta property=\"og:type\" content=\"article\" \/>\n<meta property=\"og:title\" content=\"mgr Agnieszka Antosz-Kasprzyk - Najwa\u017cniejsze publikacje\" \/>\n<meta property=\"og:description\" content=\"Wykaz publikacji 2025 2024 W przygotowaniu Lata wcze\u015bniejsze\" \/>\n<meta property=\"og:url\" content=\"https:\/\/pans.krosno.pl\/pracownicy\/agnieszka-antosz-kasprzyk\/agnieszka-antosz-kasprzyk-najwazniejsze-publikacje\/\" \/>\n<meta property=\"og:site_name\" content=\"Pracownicy PANS w Kro\u015bnie\" \/>\n<meta property=\"article:modified_time\" content=\"2025-11-15T13:27:00+00:00\" \/>\n<meta name=\"twitter:card\" content=\"summary_large_image\" \/>\n<meta name=\"twitter:label1\" content=\"Szacowany czas czytania\" \/>\n\t<meta name=\"twitter:data1\" content=\"2 minuty\" \/>\n<script type=\"application\/ld+json\" class=\"yoast-schema-graph\">{\"@context\":\"https:\\\/\\\/schema.org\",\"@graph\":[{\"@type\":\"WebPage\",\"@id\":\"https:\\\/\\\/pans.krosno.pl\\\/pracownicy\\\/agnieszka-antosz-kasprzyk\\\/agnieszka-antosz-kasprzyk-najwazniejsze-publikacje\\\/\",\"url\":\"https:\\\/\\\/pans.krosno.pl\\\/pracownicy\\\/agnieszka-antosz-kasprzyk\\\/agnieszka-antosz-kasprzyk-najwazniejsze-publikacje\\\/\",\"name\":\"mgr Agnieszka Antosz-Kasprzyk - Najwa\u017cniejsze publikacje - Pracownicy PANS w Kro\u015bnie\",\"isPartOf\":{\"@id\":\"https:\\\/\\\/pans.krosno.pl\\\/pracownicy\\\/#website\"},\"datePublished\":\"2020-04-14T13:15:12+00:00\",\"dateModified\":\"2025-11-15T13:27:00+00:00\",\"breadcrumb\":{\"@id\":\"https:\\\/\\\/pans.krosno.pl\\\/pracownicy\\\/agnieszka-antosz-kasprzyk\\\/agnieszka-antosz-kasprzyk-najwazniejsze-publikacje\\\/#breadcrumb\"},\"inLanguage\":\"pl-PL\",\"potentialAction\":[{\"@type\":\"ReadAction\",\"target\":[\"https:\\\/\\\/pans.krosno.pl\\\/pracownicy\\\/agnieszka-antosz-kasprzyk\\\/agnieszka-antosz-kasprzyk-najwazniejsze-publikacje\\\/\"]}]},{\"@type\":\"BreadcrumbList\",\"@id\":\"https:\\\/\\\/pans.krosno.pl\\\/pracownicy\\\/agnieszka-antosz-kasprzyk\\\/agnieszka-antosz-kasprzyk-najwazniejsze-publikacje\\\/#breadcrumb\",\"itemListElement\":[{\"@type\":\"ListItem\",\"position\":1,\"name\":\"Strona g\u0142\u00f3wna\",\"item\":\"https:\\\/\\\/pans.krosno.pl\\\/pracownicy\\\/\"},{\"@type\":\"ListItem\",\"position\":2,\"name\":\"mgr Agnieszka Antosz-Kasprzyk\",\"item\":\"https:\\\/\\\/pans.krosno.pl\\\/pracownicy\\\/agnieszka-antosz-kasprzyk\\\/\"},{\"@type\":\"ListItem\",\"position\":3,\"name\":\"mgr Agnieszka Antosz-Kasprzyk &#8211; Najwa\u017cniejsze publikacje\"}]},{\"@type\":\"WebSite\",\"@id\":\"https:\\\/\\\/pans.krosno.pl\\\/pracownicy\\\/#website\",\"url\":\"https:\\\/\\\/pans.krosno.pl\\\/pracownicy\\\/\",\"name\":\"Pracownicy PANS w Kro\u015bnie\",\"description\":\"Pracownicy - Pa\u0144stwowa Akademia Nauk Stosowanych\",\"publisher\":{\"@id\":\"https:\\\/\\\/pans.krosno.pl\\\/pracownicy\\\/#organization\"},\"potentialAction\":[{\"@type\":\"SearchAction\",\"target\":{\"@type\":\"EntryPoint\",\"urlTemplate\":\"https:\\\/\\\/pans.krosno.pl\\\/pracownicy\\\/?s={search_term_string}\"},\"query-input\":{\"@type\":\"PropertyValueSpecification\",\"valueRequired\":true,\"valueName\":\"search_term_string\"}}],\"inLanguage\":\"pl-PL\"},{\"@type\":\"Organization\",\"@id\":\"https:\\\/\\\/pans.krosno.pl\\\/pracownicy\\\/#organization\",\"name\":\"Pracownicy PANS w Kro\u015bnie\",\"url\":\"https:\\\/\\\/pans.krosno.pl\\\/pracownicy\\\/\",\"logo\":{\"@type\":\"ImageObject\",\"inLanguage\":\"pl-PL\",\"@id\":\"https:\\\/\\\/pans.krosno.pl\\\/pracownicy\\\/#\\\/schema\\\/logo\\\/image\\\/\",\"url\":\"https:\\\/\\\/pans.krosno.pl\\\/pracownicy\\\/wp-content\\\/uploads\\\/sites\\\/41\\\/2023\\\/01\\\/Logo-PANS-2022-pelne.png\",\"contentUrl\":\"https:\\\/\\\/pans.krosno.pl\\\/pracownicy\\\/wp-content\\\/uploads\\\/sites\\\/41\\\/2023\\\/01\\\/Logo-PANS-2022-pelne.png\",\"width\":3096,\"height\":696,\"caption\":\"Pracownicy PANS w Kro\u015bnie\"},\"image\":{\"@id\":\"https:\\\/\\\/pans.krosno.pl\\\/pracownicy\\\/#\\\/schema\\\/logo\\\/image\\\/\"}}]}<\/script>\n<!-- \/ Yoast SEO Premium plugin. -->","yoast_head_json":{"title":"mgr Agnieszka Antosz-Kasprzyk - Najwa\u017cniejsze publikacje - Pracownicy PANS w Kro\u015bnie","robots":{"index":"index","follow":"follow","max-snippet":"max-snippet:-1","max-image-preview":"max-image-preview:large","max-video-preview":"max-video-preview:-1"},"canonical":"https:\/\/pans.krosno.pl\/pracownicy\/agnieszka-antosz-kasprzyk\/agnieszka-antosz-kasprzyk-najwazniejsze-publikacje\/","og_locale":"pl_PL","og_type":"article","og_title":"mgr Agnieszka Antosz-Kasprzyk - Najwa\u017cniejsze publikacje","og_description":"Wykaz publikacji 2025 2024 W przygotowaniu Lata wcze\u015bniejsze","og_url":"https:\/\/pans.krosno.pl\/pracownicy\/agnieszka-antosz-kasprzyk\/agnieszka-antosz-kasprzyk-najwazniejsze-publikacje\/","og_site_name":"Pracownicy PANS w Kro\u015bnie","article_modified_time":"2025-11-15T13:27:00+00:00","twitter_card":"summary_large_image","twitter_misc":{"Szacowany czas czytania":"2 minuty"},"schema":{"@context":"https:\/\/schema.org","@graph":[{"@type":"WebPage","@id":"https:\/\/pans.krosno.pl\/pracownicy\/agnieszka-antosz-kasprzyk\/agnieszka-antosz-kasprzyk-najwazniejsze-publikacje\/","url":"https:\/\/pans.krosno.pl\/pracownicy\/agnieszka-antosz-kasprzyk\/agnieszka-antosz-kasprzyk-najwazniejsze-publikacje\/","name":"mgr Agnieszka Antosz-Kasprzyk - Najwa\u017cniejsze publikacje - Pracownicy PANS w Kro\u015bnie","isPartOf":{"@id":"https:\/\/pans.krosno.pl\/pracownicy\/#website"},"datePublished":"2020-04-14T13:15:12+00:00","dateModified":"2025-11-15T13:27:00+00:00","breadcrumb":{"@id":"https:\/\/pans.krosno.pl\/pracownicy\/agnieszka-antosz-kasprzyk\/agnieszka-antosz-kasprzyk-najwazniejsze-publikacje\/#breadcrumb"},"inLanguage":"pl-PL","potentialAction":[{"@type":"ReadAction","target":["https:\/\/pans.krosno.pl\/pracownicy\/agnieszka-antosz-kasprzyk\/agnieszka-antosz-kasprzyk-najwazniejsze-publikacje\/"]}]},{"@type":"BreadcrumbList","@id":"https:\/\/pans.krosno.pl\/pracownicy\/agnieszka-antosz-kasprzyk\/agnieszka-antosz-kasprzyk-najwazniejsze-publikacje\/#breadcrumb","itemListElement":[{"@type":"ListItem","position":1,"name":"Strona g\u0142\u00f3wna","item":"https:\/\/pans.krosno.pl\/pracownicy\/"},{"@type":"ListItem","position":2,"name":"mgr Agnieszka Antosz-Kasprzyk","item":"https:\/\/pans.krosno.pl\/pracownicy\/agnieszka-antosz-kasprzyk\/"},{"@type":"ListItem","position":3,"name":"mgr Agnieszka Antosz-Kasprzyk &#8211; Najwa\u017cniejsze publikacje"}]},{"@type":"WebSite","@id":"https:\/\/pans.krosno.pl\/pracownicy\/#website","url":"https:\/\/pans.krosno.pl\/pracownicy\/","name":"Pracownicy PANS w Kro\u015bnie","description":"Pracownicy - Pa\u0144stwowa Akademia Nauk Stosowanych","publisher":{"@id":"https:\/\/pans.krosno.pl\/pracownicy\/#organization"},"potentialAction":[{"@type":"SearchAction","target":{"@type":"EntryPoint","urlTemplate":"https:\/\/pans.krosno.pl\/pracownicy\/?s={search_term_string}"},"query-input":{"@type":"PropertyValueSpecification","valueRequired":true,"valueName":"search_term_string"}}],"inLanguage":"pl-PL"},{"@type":"Organization","@id":"https:\/\/pans.krosno.pl\/pracownicy\/#organization","name":"Pracownicy PANS w Kro\u015bnie","url":"https:\/\/pans.krosno.pl\/pracownicy\/","logo":{"@type":"ImageObject","inLanguage":"pl-PL","@id":"https:\/\/pans.krosno.pl\/pracownicy\/#\/schema\/logo\/image\/","url":"https:\/\/pans.krosno.pl\/pracownicy\/wp-content\/uploads\/sites\/41\/2023\/01\/Logo-PANS-2022-pelne.png","contentUrl":"https:\/\/pans.krosno.pl\/pracownicy\/wp-content\/uploads\/sites\/41\/2023\/01\/Logo-PANS-2022-pelne.png","width":3096,"height":696,"caption":"Pracownicy PANS w Kro\u015bnie"},"image":{"@id":"https:\/\/pans.krosno.pl\/pracownicy\/#\/schema\/logo\/image\/"}}]}},"_links":{"self":[{"href":"https:\/\/pans.krosno.pl\/pracownicy\/wp-json\/wp\/v2\/pages\/2417","targetHints":{"allow":["GET"]}}],"collection":[{"href":"https:\/\/pans.krosno.pl\/pracownicy\/wp-json\/wp\/v2\/pages"}],"about":[{"href":"https:\/\/pans.krosno.pl\/pracownicy\/wp-json\/wp\/v2\/types\/page"}],"author":[{"embeddable":true,"href":"https:\/\/pans.krosno.pl\/pracownicy\/wp-json\/wp\/v2\/users\/34"}],"replies":[{"embeddable":true,"href":"https:\/\/pans.krosno.pl\/pracownicy\/wp-json\/wp\/v2\/comments?post=2417"}],"version-history":[{"count":4,"href":"https:\/\/pans.krosno.pl\/pracownicy\/wp-json\/wp\/v2\/pages\/2417\/revisions"}],"predecessor-version":[{"id":11563,"href":"https:\/\/pans.krosno.pl\/pracownicy\/wp-json\/wp\/v2\/pages\/2417\/revisions\/11563"}],"up":[{"embeddable":true,"href":"https:\/\/pans.krosno.pl\/pracownicy\/wp-json\/wp\/v2\/pages\/2407"}],"wp:attachment":[{"href":"https:\/\/pans.krosno.pl\/pracownicy\/wp-json\/wp\/v2\/media?parent=2417"}],"curies":[{"name":"wp","href":"https:\/\/api.w.org\/{rel}","templated":true}]}}