{"id":2407,"date":"2020-04-14T14:57:56","date_gmt":"2020-04-14T12:57:56","guid":{"rendered":"https:\/\/pans.krosno.pl\/pracownicy\/?page_id=2407"},"modified":"2025-11-15T14:24:50","modified_gmt":"2025-11-15T13:24:50","slug":"agnieszka-antosz-kasprzyk","status":"publish","type":"page","link":"https:\/\/pans.krosno.pl\/pracownicy\/agnieszka-antosz-kasprzyk\/","title":{"rendered":"mgr Agnieszka Antosz-Kasprzyk"},"content":{"rendered":"\n<h3 class=\"wp-block-heading\" id=\"h-lektor-jezyka-angielskiego-wykladowca-panstwowej-akademii-nauk-stosowanych-w-krosnie\">Lektor j\u0119zyka angielskiego, wyk\u0142adowca Pa\u0144stwowej Akademii Nauk Stosowanych w Kro\u015bnie<\/h3>\n\n\n\n<hr class=\"wp-block-separator has-css-opacity\"\/>\n\n\n<p>Mgr Agnieszka Antosz-Kasprzyk jest do\u015bwiadczonym filologiem, wyk\u0142adowc\u0105 w Studium J\u0119zyk\u00f3w Obcych PANS w Kro\u015bnie. Od wielu lat \u0142\u0105czy pasj\u0119 z dydaktyk\u0119 akademick\u0105 i praktyk\u0105 nauczania j\u0119zyka angielskiego na r\u00f3\u017cnych poziomach zaawansowania od edukacji przedszkolnej po kursy specjalistyczne i akademickie. Jej dzia\u0142alno\u015b\u0107 zawodowa obejmuje zar\u00f3wno kszta\u0142cenie student\u00f3w, jak i prowadzenie kurs\u00f3w j\u0119zykowych dla dzieci, m\u0142odzie\u017cy oraz doros\u0142ych.<\/p>\n<p>Specjalizuje si\u0119 w nauczaniu j\u0119zyka angielskiego specjalistycznego, w tym j\u0119zyka medycznego, technicznego oraz w edukacji wczesnoszkolnej, ze szczeg\u00f3lnym uwzgl\u0119dnieniem pracy z uczniami z dysleksj\u0105. Jej zainteresowania naukowe koncentruj\u0105 si\u0119 wok\u00f3\u0142 neurodydaktyki i nowoczesnych metod wspieraj\u0105cych proces uczenia si\u0119. Przygotowuje kandydat\u00f3w do mi\u0119dzynarodowych certyfikat\u00f3w j\u0119zykowych: YLE (Young Learners English), A2 Key, B1 Preliminary, B2 First, C1 Advanced oraz TOEIC, a tak\u017ce aktywnie wsp\u00f3\u0142pracuje z Wewn\u0119trznym O\u015brodkiem Egzaminacyjnym British Council.<\/p>\n<p>Jest cz\u0142onkiem Uczelnianej Komisji ds. Zapewniania Jako\u015bci Kszta\u0142cenia, opiekunem Ko\u0142a Naukowego PANSgloci, a tak\u017ce organizatorem konkurs\u00f3w j\u0119zykowych dla student\u00f3w i uczni\u00f3w szk\u00f3\u0142 ponadpodstawowych. Regularnie anga\u017cuje si\u0119 w konferencje i wydarzenia popularyzuj\u0105ce nauk\u0119, przygotowuj\u0105c m.in. materia\u0142y i prezentacje z zakresu neurodydaktyki.<\/p>\n\n\n<hr class=\"wp-block-separator has-css-opacity\"\/>\n\n\n\n<div class=\"wp-block-columns is-layout-flex wp-container-core-columns-is-layout-28f84493 wp-block-columns-is-layout-flex\">\n<div class=\"wp-block-column is-layout-flow wp-block-column-is-layout-flow\" style=\"flex-basis:22%\">\n<figure class=\"wp-block-image size-large\"><img loading=\"lazy\" decoding=\"async\" width=\"665\" height=\"997\" src=\"https:\/\/pans.krosno.pl\/pracownicy\/wp-content\/uploads\/sites\/41\/2020\/04\/Agnieszka-Kasprzyk-Antosz.jpg\" alt=\"\" class=\"wp-image-4028\" srcset=\"https:\/\/pans.krosno.pl\/pracownicy\/wp-content\/uploads\/sites\/41\/2020\/04\/Agnieszka-Kasprzyk-Antosz.jpg 665w, https:\/\/pans.krosno.pl\/pracownicy\/wp-content\/uploads\/sites\/41\/2020\/04\/Agnieszka-Kasprzyk-Antosz-200x300.jpg 200w, https:\/\/pans.krosno.pl\/pracownicy\/wp-content\/uploads\/sites\/41\/2020\/04\/Agnieszka-Kasprzyk-Antosz-580x870.jpg 580w\" sizes=\"auto, (max-width: 665px) 100vw, 665px\" \/><\/figure>\n\n\n\n<p><\/p>\n<\/div>\n\n\n\n<div class=\"wp-block-column is-layout-flow wp-block-column-is-layout-flow\" style=\"flex-basis:78%\">\n<ul class=\"wp-block-list\">\n<li><a href=\"https:\/\/pans.krosno.pl\/pracownicy\/agnieszka-antosz-kasprzyk\/agnieszka-antosz-kasprzyk-zyciorys-naukowy\/\">\u017byciorys naukowy<\/a><\/li>\n\n\n\n<li><a href=\"https:\/\/pans.krosno.pl\/pracownicy\/agnieszka-antosz-kasprzyk\/agnieszka-antosz-kasprzyk-doswiadczenie-pozauczelniane\/\">Do\u015bwiadczenie pozauczelniane<\/a><\/li>\n\n\n\n<li><a href=\"https:\/\/pans.krosno.pl\/pracownicy\/agnieszka-antosz-kasprzyk\/agnieszka-antosz-kasprzyk-najwazniejsze-publikacje\/\">Najwa\u017cniejsze publikacje<\/a><\/li>\n\n\n\n<li>Najwa\u017cniejsze nagrody i wyr\u00f3\u017cnienia<\/li>\n<\/ul>\n\n\n\n<hr class=\"wp-block-separator has-css-opacity\"\/>\n\n\n\n<figure class=\"wp-block-table aligncenter is-style-stripes\"><table><tbody><tr><td class=\"has-text-align-left\" data-align=\"left\">Telefon: 13 43 650 67<\/td><\/tr><tr><td class=\"has-text-align-left\" data-align=\"left\">E-mail: <a href=\"mailto:agnieszka.kasprzyk@pans.krosno.pl\">agnieszka.kasprzyk@pans.krosno.pl<\/a><\/td><\/tr><tr><td class=\"has-text-align-left\" data-align=\"left\">Konsultacje: <a href=\"https:\/\/pans.krosno.pl\/sjo\/dyzury\/\" target=\"_blank\" rel=\"noreferrer noopener\">Dy\u017cur pracownika<\/a><\/td><\/tr><\/tbody><\/table><\/figure>\n<\/div>\n<\/div>\n\n\n\n<hr class=\"wp-block-separator has-css-opacity\"\/>\n\n\n\n<p><\/p>\n","protected":false},"excerpt":{"rendered":"<p>Lektor j\u0119zyka angielskiego, wyk\u0142adowca Pa\u0144stwowej Akademii Nauk Stosowanych w Kro\u015bnie Mgr Agnieszka Antosz-Kasprzyk jest do\u015bwiadczonym filologiem, wyk\u0142adowc\u0105 w Studium J\u0119zyk\u00f3w Obcych PANS w Kro\u015bnie. Od wielu lat \u0142\u0105czy pasj\u0119 z dydaktyk\u0119 akademick\u0105 i praktyk\u0105 nauczania j\u0119zyka angielskiego na r\u00f3\u017cnych poziomach zaawansowania od edukacji przedszkolnej po kursy specjalistyczne i akademickie. Jej [\u2026] <\/p>\n<div class=\"clear\"><\/div>\n<p><a class=\"more_link clearfix\" href=\"https:\/\/pans.krosno.pl\/pracownicy\/agnieszka-antosz-kasprzyk\/\" rel=\"nofollow\">Read More<\/a><\/p>\n","protected":false},"author":34,"featured_media":0,"parent":0,"menu_order":0,"comment_status":"closed","ping_status":"closed","template":"","meta":{"ngg_post_thumbnail":0,"footnotes":""},"class_list":["post-2407","page","type-page","status-publish","hentry"],"yoast_head":"<!-- This site is optimized with the Yoast SEO Premium plugin v27.4 (Yoast SEO v27.4) - https:\/\/yoast.com\/product\/yoast-seo-premium-wordpress\/ -->\n<title>mgr Agnieszka Antosz-Kasprzyk - Pracownicy PANS w Kro\u015bnie<\/title>\n<meta name=\"robots\" content=\"index, follow, max-snippet:-1, max-image-preview:large, max-video-preview:-1\" \/>\n<link rel=\"canonical\" href=\"https:\/\/pans.krosno.pl\/pracownicy\/agnieszka-antosz-kasprzyk\/\" \/>\n<meta property=\"og:locale\" content=\"pl_PL\" \/>\n<meta property=\"og:type\" content=\"article\" \/>\n<meta property=\"og:title\" content=\"mgr Agnieszka Antosz-Kasprzyk\" \/>\n<meta property=\"og:description\" content=\"Lektor j\u0119zyka angielskiego, wyk\u0142adowca Pa\u0144stwowej Akademii Nauk Stosowanych w Kro\u015bnie Mgr Agnieszka Antosz-Kasprzyk jest do\u015bwiadczonym filologiem, wyk\u0142adowc\u0105 w Studium J\u0119zyk\u00f3w Obcych PANS w Kro\u015bnie. Od wielu lat \u0142\u0105czy pasj\u0119 z dydaktyk\u0119 akademick\u0105 i praktyk\u0105 nauczania j\u0119zyka angielskiego na r\u00f3\u017cnych poziomach zaawansowania od edukacji przedszkolnej po kursy specjalistyczne i akademickie. Jej [\u2026] Read More\" \/>\n<meta property=\"og:url\" content=\"https:\/\/pans.krosno.pl\/pracownicy\/agnieszka-antosz-kasprzyk\/\" \/>\n<meta property=\"og:site_name\" content=\"Pracownicy PANS w Kro\u015bnie\" \/>\n<meta property=\"article:modified_time\" content=\"2025-11-15T13:24:50+00:00\" \/>\n<meta property=\"og:image\" content=\"https:\/\/pans.krosno.pl\/pracownicy\/wp-content\/uploads\/sites\/41\/2020\/04\/Agnieszka-Kasprzyk-Antosz.jpg\" \/>\n\t<meta property=\"og:image:width\" content=\"665\" \/>\n\t<meta property=\"og:image:height\" content=\"997\" \/>\n\t<meta property=\"og:image:type\" content=\"image\/jpeg\" \/>\n<meta name=\"twitter:card\" content=\"summary_large_image\" \/>\n<meta name=\"twitter:label1\" content=\"Szacowany czas czytania\" \/>\n\t<meta name=\"twitter:data1\" content=\"2 minuty\" \/>\n<script type=\"application\/ld+json\" class=\"yoast-schema-graph\">{\"@context\":\"https:\\\/\\\/schema.org\",\"@graph\":[{\"@type\":\"WebPage\",\"@id\":\"https:\\\/\\\/pans.krosno.pl\\\/pracownicy\\\/agnieszka-antosz-kasprzyk\\\/\",\"url\":\"https:\\\/\\\/pans.krosno.pl\\\/pracownicy\\\/agnieszka-antosz-kasprzyk\\\/\",\"name\":\"mgr Agnieszka Antosz-Kasprzyk - Pracownicy PANS w Kro\u015bnie\",\"isPartOf\":{\"@id\":\"https:\\\/\\\/pans.krosno.pl\\\/pracownicy\\\/#website\"},\"primaryImageOfPage\":{\"@id\":\"https:\\\/\\\/pans.krosno.pl\\\/pracownicy\\\/agnieszka-antosz-kasprzyk\\\/#primaryimage\"},\"image\":{\"@id\":\"https:\\\/\\\/pans.krosno.pl\\\/pracownicy\\\/agnieszka-antosz-kasprzyk\\\/#primaryimage\"},\"thumbnailUrl\":\"https:\\\/\\\/pans.krosno.pl\\\/pracownicy\\\/wp-content\\\/uploads\\\/sites\\\/41\\\/2020\\\/04\\\/Agnieszka-Kasprzyk-Antosz.jpg\",\"datePublished\":\"2020-04-14T12:57:56+00:00\",\"dateModified\":\"2025-11-15T13:24:50+00:00\",\"breadcrumb\":{\"@id\":\"https:\\\/\\\/pans.krosno.pl\\\/pracownicy\\\/agnieszka-antosz-kasprzyk\\\/#breadcrumb\"},\"inLanguage\":\"pl-PL\",\"potentialAction\":[{\"@type\":\"ReadAction\",\"target\":[\"https:\\\/\\\/pans.krosno.pl\\\/pracownicy\\\/agnieszka-antosz-kasprzyk\\\/\"]}]},{\"@type\":\"ImageObject\",\"inLanguage\":\"pl-PL\",\"@id\":\"https:\\\/\\\/pans.krosno.pl\\\/pracownicy\\\/agnieszka-antosz-kasprzyk\\\/#primaryimage\",\"url\":\"https:\\\/\\\/pans.krosno.pl\\\/pracownicy\\\/wp-content\\\/uploads\\\/sites\\\/41\\\/2020\\\/04\\\/Agnieszka-Kasprzyk-Antosz.jpg\",\"contentUrl\":\"https:\\\/\\\/pans.krosno.pl\\\/pracownicy\\\/wp-content\\\/uploads\\\/sites\\\/41\\\/2020\\\/04\\\/Agnieszka-Kasprzyk-Antosz.jpg\",\"width\":665,\"height\":997},{\"@type\":\"BreadcrumbList\",\"@id\":\"https:\\\/\\\/pans.krosno.pl\\\/pracownicy\\\/agnieszka-antosz-kasprzyk\\\/#breadcrumb\",\"itemListElement\":[{\"@type\":\"ListItem\",\"position\":1,\"name\":\"Strona g\u0142\u00f3wna\",\"item\":\"https:\\\/\\\/pans.krosno.pl\\\/pracownicy\\\/\"},{\"@type\":\"ListItem\",\"position\":2,\"name\":\"mgr Agnieszka Antosz-Kasprzyk\"}]},{\"@type\":\"WebSite\",\"@id\":\"https:\\\/\\\/pans.krosno.pl\\\/pracownicy\\\/#website\",\"url\":\"https:\\\/\\\/pans.krosno.pl\\\/pracownicy\\\/\",\"name\":\"Pracownicy PANS w Kro\u015bnie\",\"description\":\"Pracownicy - Pa\u0144stwowa Akademia Nauk Stosowanych\",\"publisher\":{\"@id\":\"https:\\\/\\\/pans.krosno.pl\\\/pracownicy\\\/#organization\"},\"potentialAction\":[{\"@type\":\"SearchAction\",\"target\":{\"@type\":\"EntryPoint\",\"urlTemplate\":\"https:\\\/\\\/pans.krosno.pl\\\/pracownicy\\\/?s={search_term_string}\"},\"query-input\":{\"@type\":\"PropertyValueSpecification\",\"valueRequired\":true,\"valueName\":\"search_term_string\"}}],\"inLanguage\":\"pl-PL\"},{\"@type\":\"Organization\",\"@id\":\"https:\\\/\\\/pans.krosno.pl\\\/pracownicy\\\/#organization\",\"name\":\"Pracownicy PANS w Kro\u015bnie\",\"url\":\"https:\\\/\\\/pans.krosno.pl\\\/pracownicy\\\/\",\"logo\":{\"@type\":\"ImageObject\",\"inLanguage\":\"pl-PL\",\"@id\":\"https:\\\/\\\/pans.krosno.pl\\\/pracownicy\\\/#\\\/schema\\\/logo\\\/image\\\/\",\"url\":\"https:\\\/\\\/pans.krosno.pl\\\/pracownicy\\\/wp-content\\\/uploads\\\/sites\\\/41\\\/2023\\\/01\\\/Logo-PANS-2022-pelne.png\",\"contentUrl\":\"https:\\\/\\\/pans.krosno.pl\\\/pracownicy\\\/wp-content\\\/uploads\\\/sites\\\/41\\\/2023\\\/01\\\/Logo-PANS-2022-pelne.png\",\"width\":3096,\"height\":696,\"caption\":\"Pracownicy PANS w Kro\u015bnie\"},\"image\":{\"@id\":\"https:\\\/\\\/pans.krosno.pl\\\/pracownicy\\\/#\\\/schema\\\/logo\\\/image\\\/\"}}]}<\/script>\n<!-- \/ Yoast SEO Premium plugin. -->","yoast_head_json":{"title":"mgr Agnieszka Antosz-Kasprzyk - Pracownicy PANS w Kro\u015bnie","robots":{"index":"index","follow":"follow","max-snippet":"max-snippet:-1","max-image-preview":"max-image-preview:large","max-video-preview":"max-video-preview:-1"},"canonical":"https:\/\/pans.krosno.pl\/pracownicy\/agnieszka-antosz-kasprzyk\/","og_locale":"pl_PL","og_type":"article","og_title":"mgr Agnieszka Antosz-Kasprzyk","og_description":"Lektor j\u0119zyka angielskiego, wyk\u0142adowca Pa\u0144stwowej Akademii Nauk Stosowanych w Kro\u015bnie Mgr Agnieszka Antosz-Kasprzyk jest do\u015bwiadczonym filologiem, wyk\u0142adowc\u0105 w Studium J\u0119zyk\u00f3w Obcych PANS w Kro\u015bnie. Od wielu lat \u0142\u0105czy pasj\u0119 z dydaktyk\u0119 akademick\u0105 i praktyk\u0105 nauczania j\u0119zyka angielskiego na r\u00f3\u017cnych poziomach zaawansowania od edukacji przedszkolnej po kursy specjalistyczne i akademickie. Jej [\u2026] Read More","og_url":"https:\/\/pans.krosno.pl\/pracownicy\/agnieszka-antosz-kasprzyk\/","og_site_name":"Pracownicy PANS w Kro\u015bnie","article_modified_time":"2025-11-15T13:24:50+00:00","og_image":[{"width":665,"height":997,"url":"https:\/\/pans.krosno.pl\/pracownicy\/wp-content\/uploads\/sites\/41\/2020\/04\/Agnieszka-Kasprzyk-Antosz.jpg","type":"image\/jpeg"}],"twitter_card":"summary_large_image","twitter_misc":{"Szacowany czas czytania":"2 minuty"},"schema":{"@context":"https:\/\/schema.org","@graph":[{"@type":"WebPage","@id":"https:\/\/pans.krosno.pl\/pracownicy\/agnieszka-antosz-kasprzyk\/","url":"https:\/\/pans.krosno.pl\/pracownicy\/agnieszka-antosz-kasprzyk\/","name":"mgr Agnieszka Antosz-Kasprzyk - Pracownicy PANS w Kro\u015bnie","isPartOf":{"@id":"https:\/\/pans.krosno.pl\/pracownicy\/#website"},"primaryImageOfPage":{"@id":"https:\/\/pans.krosno.pl\/pracownicy\/agnieszka-antosz-kasprzyk\/#primaryimage"},"image":{"@id":"https:\/\/pans.krosno.pl\/pracownicy\/agnieszka-antosz-kasprzyk\/#primaryimage"},"thumbnailUrl":"https:\/\/pans.krosno.pl\/pracownicy\/wp-content\/uploads\/sites\/41\/2020\/04\/Agnieszka-Kasprzyk-Antosz.jpg","datePublished":"2020-04-14T12:57:56+00:00","dateModified":"2025-11-15T13:24:50+00:00","breadcrumb":{"@id":"https:\/\/pans.krosno.pl\/pracownicy\/agnieszka-antosz-kasprzyk\/#breadcrumb"},"inLanguage":"pl-PL","potentialAction":[{"@type":"ReadAction","target":["https:\/\/pans.krosno.pl\/pracownicy\/agnieszka-antosz-kasprzyk\/"]}]},{"@type":"ImageObject","inLanguage":"pl-PL","@id":"https:\/\/pans.krosno.pl\/pracownicy\/agnieszka-antosz-kasprzyk\/#primaryimage","url":"https:\/\/pans.krosno.pl\/pracownicy\/wp-content\/uploads\/sites\/41\/2020\/04\/Agnieszka-Kasprzyk-Antosz.jpg","contentUrl":"https:\/\/pans.krosno.pl\/pracownicy\/wp-content\/uploads\/sites\/41\/2020\/04\/Agnieszka-Kasprzyk-Antosz.jpg","width":665,"height":997},{"@type":"BreadcrumbList","@id":"https:\/\/pans.krosno.pl\/pracownicy\/agnieszka-antosz-kasprzyk\/#breadcrumb","itemListElement":[{"@type":"ListItem","position":1,"name":"Strona g\u0142\u00f3wna","item":"https:\/\/pans.krosno.pl\/pracownicy\/"},{"@type":"ListItem","position":2,"name":"mgr Agnieszka Antosz-Kasprzyk"}]},{"@type":"WebSite","@id":"https:\/\/pans.krosno.pl\/pracownicy\/#website","url":"https:\/\/pans.krosno.pl\/pracownicy\/","name":"Pracownicy PANS w Kro\u015bnie","description":"Pracownicy - Pa\u0144stwowa Akademia Nauk Stosowanych","publisher":{"@id":"https:\/\/pans.krosno.pl\/pracownicy\/#organization"},"potentialAction":[{"@type":"SearchAction","target":{"@type":"EntryPoint","urlTemplate":"https:\/\/pans.krosno.pl\/pracownicy\/?s={search_term_string}"},"query-input":{"@type":"PropertyValueSpecification","valueRequired":true,"valueName":"search_term_string"}}],"inLanguage":"pl-PL"},{"@type":"Organization","@id":"https:\/\/pans.krosno.pl\/pracownicy\/#organization","name":"Pracownicy PANS w Kro\u015bnie","url":"https:\/\/pans.krosno.pl\/pracownicy\/","logo":{"@type":"ImageObject","inLanguage":"pl-PL","@id":"https:\/\/pans.krosno.pl\/pracownicy\/#\/schema\/logo\/image\/","url":"https:\/\/pans.krosno.pl\/pracownicy\/wp-content\/uploads\/sites\/41\/2023\/01\/Logo-PANS-2022-pelne.png","contentUrl":"https:\/\/pans.krosno.pl\/pracownicy\/wp-content\/uploads\/sites\/41\/2023\/01\/Logo-PANS-2022-pelne.png","width":3096,"height":696,"caption":"Pracownicy PANS w Kro\u015bnie"},"image":{"@id":"https:\/\/pans.krosno.pl\/pracownicy\/#\/schema\/logo\/image\/"}}]}},"_links":{"self":[{"href":"https:\/\/pans.krosno.pl\/pracownicy\/wp-json\/wp\/v2\/pages\/2407","targetHints":{"allow":["GET"]}}],"collection":[{"href":"https:\/\/pans.krosno.pl\/pracownicy\/wp-json\/wp\/v2\/pages"}],"about":[{"href":"https:\/\/pans.krosno.pl\/pracownicy\/wp-json\/wp\/v2\/types\/page"}],"author":[{"embeddable":true,"href":"https:\/\/pans.krosno.pl\/pracownicy\/wp-json\/wp\/v2\/users\/34"}],"replies":[{"embeddable":true,"href":"https:\/\/pans.krosno.pl\/pracownicy\/wp-json\/wp\/v2\/comments?post=2407"}],"version-history":[{"count":20,"href":"https:\/\/pans.krosno.pl\/pracownicy\/wp-json\/wp\/v2\/pages\/2407\/revisions"}],"predecessor-version":[{"id":11562,"href":"https:\/\/pans.krosno.pl\/pracownicy\/wp-json\/wp\/v2\/pages\/2407\/revisions\/11562"}],"wp:attachment":[{"href":"https:\/\/pans.krosno.pl\/pracownicy\/wp-json\/wp\/v2\/media?parent=2407"}],"curies":[{"name":"wp","href":"https:\/\/api.w.org\/{rel}","templated":true}]}}