{"id":2397,"date":"2020-04-14T14:27:20","date_gmt":"2020-04-14T12:27:20","guid":{"rendered":"https:\/\/pans.krosno.pl\/pracownicy\/?page_id=2397"},"modified":"2025-11-15T14:35:51","modified_gmt":"2025-11-15T13:35:51","slug":"sylwia-bronska-putzig","status":"publish","type":"page","link":"https:\/\/pans.krosno.pl\/pracownicy\/sylwia-bronska-putzig\/","title":{"rendered":"mgr Sylwia Bro\u0144ska-Putzig"},"content":{"rendered":"\n<h3 class=\"wp-block-heading\" id=\"h-studium-jezykow-obcych\"><strong>Studium J\u0119zyk\u00f3w Obcych<\/strong><\/h3>\n\n\n\n<hr class=\"wp-block-separator has-css-opacity\"\/>\n\n\n<p>Lektor j\u0119zyka angielskiego w Studium J\u0119zyk\u00f3w Obcych w Pa\u0144stwowej Akademii Nauk Stosowanych w Kro\u015bnie. Prowadzi zaj\u0119cia lektoratowe z j\u0119zyka angielskiego og\u00f3lnego i specjalistycznego ze studentami na r\u00f3\u017cnych poziomach zaawansowania. Od 2007 r. jest wsp\u00f3\u0142organizatork\u0105 i cz\u0142onkiem komisji corocznego Konkursu J\u0119zyka Angielskiego dla Szk\u00f3\u0142 Ponadgimnazjalnych oraz Konkursu dla Student\u00f3w PANS. Wsp\u00f3\u0142autorka&nbsp;czasopisma Academia Stars.<\/p>\n<p>Prowadzi r\u00f3wnie\u017c kursy dla r\u00f3\u017cnych grup wiekowych w szkole j\u0119zykowej Academia. Przygotowuje kandydat\u00f3w do egzamin\u00f3w mi\u0119dzynarodowych Cambridge i wsp\u00f3\u0142pracuje z Wewn\u0119trznym O\u015brodkiem Egzaminacyjnym British Council w Pa\u0144stwowej Akademii Nauk Stosowanych w Kro\u015bnie. Zainteresowania zawodowe koncentruj\u0105 si\u0119 na nauczaniu j\u0119zyka angielskiego technicznego, g\u0142\u00f3wnie w in\u017cynierii \u015brodowiska.<\/p>\n\n\n<hr class=\"wp-block-separator has-css-opacity\"\/>\n\n\n\n<div class=\"wp-block-columns is-layout-flex wp-container-core-columns-is-layout-28f84493 wp-block-columns-is-layout-flex\">\n<div class=\"wp-block-column is-layout-flow wp-block-column-is-layout-flow\" style=\"flex-basis:22%\">\n<figure class=\"wp-block-image size-large\"><img loading=\"lazy\" decoding=\"async\" width=\"768\" height=\"1024\" src=\"https:\/\/pans.krosno.pl\/pracownicy\/wp-content\/uploads\/sites\/41\/2025\/11\/25e10100-99a8-4b01-83cc-8c3de8d7699a-768x1024.jpg\" alt=\"\" class=\"wp-image-11574\" srcset=\"https:\/\/pans.krosno.pl\/pracownicy\/wp-content\/uploads\/sites\/41\/2025\/11\/25e10100-99a8-4b01-83cc-8c3de8d7699a-768x1024.jpg 768w, https:\/\/pans.krosno.pl\/pracownicy\/wp-content\/uploads\/sites\/41\/2025\/11\/25e10100-99a8-4b01-83cc-8c3de8d7699a-225x300.jpg 225w, https:\/\/pans.krosno.pl\/pracownicy\/wp-content\/uploads\/sites\/41\/2025\/11\/25e10100-99a8-4b01-83cc-8c3de8d7699a-1152x1536.jpg 1152w, https:\/\/pans.krosno.pl\/pracownicy\/wp-content\/uploads\/sites\/41\/2025\/11\/25e10100-99a8-4b01-83cc-8c3de8d7699a-1536x2048.jpg 1536w, https:\/\/pans.krosno.pl\/pracownicy\/wp-content\/uploads\/sites\/41\/2025\/11\/25e10100-99a8-4b01-83cc-8c3de8d7699a-800x1067.jpg 800w, https:\/\/pans.krosno.pl\/pracownicy\/wp-content\/uploads\/sites\/41\/2025\/11\/25e10100-99a8-4b01-83cc-8c3de8d7699a-580x773.jpg 580w, https:\/\/pans.krosno.pl\/pracownicy\/wp-content\/uploads\/sites\/41\/2025\/11\/25e10100-99a8-4b01-83cc-8c3de8d7699a.jpg 1728w\" sizes=\"auto, (max-width: 768px) 100vw, 768px\" \/><\/figure>\n\n\n\n<p><\/p>\n<\/div>\n\n\n\n<div class=\"wp-block-column is-layout-flow wp-block-column-is-layout-flow\" style=\"flex-basis:78%\">\n<ul class=\"wp-block-list\">\n<li><a href=\"https:\/\/pans.krosno.pl\/pracownicy\/sylwia-bronska-putzig\/sylwia-bronska-putzig-zyciorys-naukowy\/\">\u017byciorys naukowy <\/a><\/li>\n\n\n\n<li><a href=\"https:\/\/pans.krosno.pl\/pracownicy\/sylwia-bronska-putzig\/sylwia-bronska-putzig-doswiadczenie-pozauczelniane\/\">Do\u015bwiadczenie pozauczelniane<\/a><\/li>\n\n\n\n<li><a href=\"https:\/\/pans.krosno.pl\/pracownicy\/sylwia-bronska-putzig\/mgr-sylwia-bronska-putzig-najwazniejsze-publikacje\/\">Najwa\u017cniejsze publikacje<\/a><\/li>\n\n\n\n<li><a href=\"https:\/\/pans.krosno.pl\/pracownicy\/sylwia-bronska-putzig\/mgr-sylwia-bronska-putzig-najwazniejsze-nagrody-i-wyroznienia\/\">Najwa\u017cniejsze nagrody i wyr\u00f3\u017cnienia<\/a><\/li>\n<\/ul>\n\n\n\n<hr class=\"wp-block-separator has-css-opacity\"\/>\n\n\n\n<figure class=\"wp-block-table aligncenter is-style-stripes\"><table><tbody><tr><td class=\"has-text-align-left\" data-align=\"left\">Telefon: 13 43 650 67<\/td><\/tr><tr><td class=\"has-text-align-left\" data-align=\"left\">E-mail: <a href=\"mailto:sylwia.widota-bronska@pans.krosno.pl\">sylwia.widota-bronska@pans.krosno.pl<\/a><\/td><\/tr><tr><td class=\"has-text-align-left\" data-align=\"left\">Konsultacje: <a href=\"https:\/\/pans.krosno.pl\/sjo\/dyzury\/\" target=\"_blank\" rel=\"noreferrer noopener\">Dy\u017cur pracownika<\/a><\/td><\/tr><\/tbody><\/table><\/figure>\n<\/div>\n<\/div>\n\n\n\n<hr class=\"wp-block-separator has-css-opacity\"\/>\n\n\n\n<p><\/p>\n","protected":false},"excerpt":{"rendered":"<p>Studium J\u0119zyk\u00f3w Obcych Lektor j\u0119zyka angielskiego w Studium J\u0119zyk\u00f3w Obcych w Pa\u0144stwowej Akademii Nauk Stosowanych w Kro\u015bnie. Prowadzi zaj\u0119cia lektoratowe z j\u0119zyka angielskiego og\u00f3lnego i specjalistycznego ze studentami na r\u00f3\u017cnych poziomach zaawansowania. Od 2007 r. jest wsp\u00f3\u0142organizatork\u0105 i cz\u0142onkiem komisji corocznego Konkursu J\u0119zyka Angielskiego dla Szk\u00f3\u0142 Ponadgimnazjalnych oraz Konkursu dla [\u2026] <\/p>\n<div class=\"clear\"><\/div>\n<p><a class=\"more_link clearfix\" href=\"https:\/\/pans.krosno.pl\/pracownicy\/sylwia-bronska-putzig\/\" rel=\"nofollow\">Read More<\/a><\/p>\n","protected":false},"author":34,"featured_media":0,"parent":0,"menu_order":0,"comment_status":"closed","ping_status":"closed","template":"","meta":{"ngg_post_thumbnail":0,"footnotes":""},"class_list":["post-2397","page","type-page","status-publish","hentry"],"yoast_head":"<!-- This site is optimized with the Yoast SEO Premium plugin v27.3 (Yoast SEO v27.3) - https:\/\/yoast.com\/product\/yoast-seo-premium-wordpress\/ -->\n<title>mgr Sylwia Bro\u0144ska-Putzig - Pracownicy PANS w Kro\u015bnie<\/title>\n<meta name=\"robots\" content=\"index, follow, max-snippet:-1, max-image-preview:large, max-video-preview:-1\" \/>\n<link rel=\"canonical\" href=\"https:\/\/pans.krosno.pl\/pracownicy\/sylwia-bronska-putzig\/\" \/>\n<meta property=\"og:locale\" content=\"pl_PL\" \/>\n<meta property=\"og:type\" content=\"article\" \/>\n<meta property=\"og:title\" content=\"mgr Sylwia Bro\u0144ska-Putzig\" \/>\n<meta property=\"og:description\" content=\"Studium J\u0119zyk\u00f3w Obcych Lektor j\u0119zyka angielskiego w Studium J\u0119zyk\u00f3w Obcych w Pa\u0144stwowej Akademii Nauk Stosowanych w Kro\u015bnie. Prowadzi zaj\u0119cia lektoratowe z j\u0119zyka angielskiego og\u00f3lnego i specjalistycznego ze studentami na r\u00f3\u017cnych poziomach zaawansowania. Od 2007 r. jest wsp\u00f3\u0142organizatork\u0105 i cz\u0142onkiem komisji corocznego Konkursu J\u0119zyka Angielskiego dla Szk\u00f3\u0142 Ponadgimnazjalnych oraz Konkursu dla [\u2026] Read More\" \/>\n<meta property=\"og:url\" content=\"https:\/\/pans.krosno.pl\/pracownicy\/sylwia-bronska-putzig\/\" \/>\n<meta property=\"og:site_name\" content=\"Pracownicy PANS w Kro\u015bnie\" \/>\n<meta property=\"article:modified_time\" content=\"2025-11-15T13:35:51+00:00\" \/>\n<meta property=\"og:image\" content=\"https:\/\/pans.krosno.pl\/pracownicy\/wp-content\/uploads\/sites\/41\/2025\/11\/25e10100-99a8-4b01-83cc-8c3de8d7699a.jpg\" \/>\n\t<meta property=\"og:image:width\" content=\"1728\" \/>\n\t<meta property=\"og:image:height\" content=\"2304\" \/>\n\t<meta property=\"og:image:type\" content=\"image\/jpeg\" \/>\n<meta name=\"twitter:card\" content=\"summary_large_image\" \/>\n<meta name=\"twitter:label1\" content=\"Szacowany czas czytania\" \/>\n\t<meta name=\"twitter:data1\" content=\"1 minuta\" \/>\n<script type=\"application\/ld+json\" class=\"yoast-schema-graph\">{\"@context\":\"https:\\\/\\\/schema.org\",\"@graph\":[{\"@type\":\"WebPage\",\"@id\":\"https:\\\/\\\/pans.krosno.pl\\\/pracownicy\\\/sylwia-bronska-putzig\\\/\",\"url\":\"https:\\\/\\\/pans.krosno.pl\\\/pracownicy\\\/sylwia-bronska-putzig\\\/\",\"name\":\"mgr Sylwia Bro\u0144ska-Putzig - Pracownicy PANS w Kro\u015bnie\",\"isPartOf\":{\"@id\":\"https:\\\/\\\/pans.krosno.pl\\\/pracownicy\\\/#website\"},\"primaryImageOfPage\":{\"@id\":\"https:\\\/\\\/pans.krosno.pl\\\/pracownicy\\\/sylwia-bronska-putzig\\\/#primaryimage\"},\"image\":{\"@id\":\"https:\\\/\\\/pans.krosno.pl\\\/pracownicy\\\/sylwia-bronska-putzig\\\/#primaryimage\"},\"thumbnailUrl\":\"https:\\\/\\\/pans.krosno.pl\\\/pracownicy\\\/wp-content\\\/uploads\\\/sites\\\/41\\\/2025\\\/11\\\/25e10100-99a8-4b01-83cc-8c3de8d7699a-768x1024.jpg\",\"datePublished\":\"2020-04-14T12:27:20+00:00\",\"dateModified\":\"2025-11-15T13:35:51+00:00\",\"breadcrumb\":{\"@id\":\"https:\\\/\\\/pans.krosno.pl\\\/pracownicy\\\/sylwia-bronska-putzig\\\/#breadcrumb\"},\"inLanguage\":\"pl-PL\",\"potentialAction\":[{\"@type\":\"ReadAction\",\"target\":[\"https:\\\/\\\/pans.krosno.pl\\\/pracownicy\\\/sylwia-bronska-putzig\\\/\"]}]},{\"@type\":\"ImageObject\",\"inLanguage\":\"pl-PL\",\"@id\":\"https:\\\/\\\/pans.krosno.pl\\\/pracownicy\\\/sylwia-bronska-putzig\\\/#primaryimage\",\"url\":\"https:\\\/\\\/pans.krosno.pl\\\/pracownicy\\\/wp-content\\\/uploads\\\/sites\\\/41\\\/2025\\\/11\\\/25e10100-99a8-4b01-83cc-8c3de8d7699a.jpg\",\"contentUrl\":\"https:\\\/\\\/pans.krosno.pl\\\/pracownicy\\\/wp-content\\\/uploads\\\/sites\\\/41\\\/2025\\\/11\\\/25e10100-99a8-4b01-83cc-8c3de8d7699a.jpg\",\"width\":1728,\"height\":2304},{\"@type\":\"BreadcrumbList\",\"@id\":\"https:\\\/\\\/pans.krosno.pl\\\/pracownicy\\\/sylwia-bronska-putzig\\\/#breadcrumb\",\"itemListElement\":[{\"@type\":\"ListItem\",\"position\":1,\"name\":\"Strona g\u0142\u00f3wna\",\"item\":\"https:\\\/\\\/pans.krosno.pl\\\/pracownicy\\\/\"},{\"@type\":\"ListItem\",\"position\":2,\"name\":\"mgr Sylwia Bro\u0144ska-Putzig\"}]},{\"@type\":\"WebSite\",\"@id\":\"https:\\\/\\\/pans.krosno.pl\\\/pracownicy\\\/#website\",\"url\":\"https:\\\/\\\/pans.krosno.pl\\\/pracownicy\\\/\",\"name\":\"Pracownicy PANS w Kro\u015bnie\",\"description\":\"Pracownicy - Pa\u0144stwowa Akademia Nauk Stosowanych\",\"publisher\":{\"@id\":\"https:\\\/\\\/pans.krosno.pl\\\/pracownicy\\\/#organization\"},\"potentialAction\":[{\"@type\":\"SearchAction\",\"target\":{\"@type\":\"EntryPoint\",\"urlTemplate\":\"https:\\\/\\\/pans.krosno.pl\\\/pracownicy\\\/?s={search_term_string}\"},\"query-input\":{\"@type\":\"PropertyValueSpecification\",\"valueRequired\":true,\"valueName\":\"search_term_string\"}}],\"inLanguage\":\"pl-PL\"},{\"@type\":\"Organization\",\"@id\":\"https:\\\/\\\/pans.krosno.pl\\\/pracownicy\\\/#organization\",\"name\":\"Pracownicy PANS w Kro\u015bnie\",\"url\":\"https:\\\/\\\/pans.krosno.pl\\\/pracownicy\\\/\",\"logo\":{\"@type\":\"ImageObject\",\"inLanguage\":\"pl-PL\",\"@id\":\"https:\\\/\\\/pans.krosno.pl\\\/pracownicy\\\/#\\\/schema\\\/logo\\\/image\\\/\",\"url\":\"https:\\\/\\\/pans.krosno.pl\\\/pracownicy\\\/wp-content\\\/uploads\\\/sites\\\/41\\\/2023\\\/01\\\/Logo-PANS-2022-pelne.png\",\"contentUrl\":\"https:\\\/\\\/pans.krosno.pl\\\/pracownicy\\\/wp-content\\\/uploads\\\/sites\\\/41\\\/2023\\\/01\\\/Logo-PANS-2022-pelne.png\",\"width\":3096,\"height\":696,\"caption\":\"Pracownicy PANS w Kro\u015bnie\"},\"image\":{\"@id\":\"https:\\\/\\\/pans.krosno.pl\\\/pracownicy\\\/#\\\/schema\\\/logo\\\/image\\\/\"}}]}<\/script>\n<!-- \/ Yoast SEO Premium plugin. -->","yoast_head_json":{"title":"mgr Sylwia Bro\u0144ska-Putzig - Pracownicy PANS w Kro\u015bnie","robots":{"index":"index","follow":"follow","max-snippet":"max-snippet:-1","max-image-preview":"max-image-preview:large","max-video-preview":"max-video-preview:-1"},"canonical":"https:\/\/pans.krosno.pl\/pracownicy\/sylwia-bronska-putzig\/","og_locale":"pl_PL","og_type":"article","og_title":"mgr Sylwia Bro\u0144ska-Putzig","og_description":"Studium J\u0119zyk\u00f3w Obcych Lektor j\u0119zyka angielskiego w Studium J\u0119zyk\u00f3w Obcych w Pa\u0144stwowej Akademii Nauk Stosowanych w Kro\u015bnie. Prowadzi zaj\u0119cia lektoratowe z j\u0119zyka angielskiego og\u00f3lnego i specjalistycznego ze studentami na r\u00f3\u017cnych poziomach zaawansowania. Od 2007 r. jest wsp\u00f3\u0142organizatork\u0105 i cz\u0142onkiem komisji corocznego Konkursu J\u0119zyka Angielskiego dla Szk\u00f3\u0142 Ponadgimnazjalnych oraz Konkursu dla [\u2026] Read More","og_url":"https:\/\/pans.krosno.pl\/pracownicy\/sylwia-bronska-putzig\/","og_site_name":"Pracownicy PANS w Kro\u015bnie","article_modified_time":"2025-11-15T13:35:51+00:00","og_image":[{"width":1728,"height":2304,"url":"https:\/\/pans.krosno.pl\/pracownicy\/wp-content\/uploads\/sites\/41\/2025\/11\/25e10100-99a8-4b01-83cc-8c3de8d7699a.jpg","type":"image\/jpeg"}],"twitter_card":"summary_large_image","twitter_misc":{"Szacowany czas czytania":"1 minuta"},"schema":{"@context":"https:\/\/schema.org","@graph":[{"@type":"WebPage","@id":"https:\/\/pans.krosno.pl\/pracownicy\/sylwia-bronska-putzig\/","url":"https:\/\/pans.krosno.pl\/pracownicy\/sylwia-bronska-putzig\/","name":"mgr Sylwia Bro\u0144ska-Putzig - Pracownicy PANS w Kro\u015bnie","isPartOf":{"@id":"https:\/\/pans.krosno.pl\/pracownicy\/#website"},"primaryImageOfPage":{"@id":"https:\/\/pans.krosno.pl\/pracownicy\/sylwia-bronska-putzig\/#primaryimage"},"image":{"@id":"https:\/\/pans.krosno.pl\/pracownicy\/sylwia-bronska-putzig\/#primaryimage"},"thumbnailUrl":"https:\/\/pans.krosno.pl\/pracownicy\/wp-content\/uploads\/sites\/41\/2025\/11\/25e10100-99a8-4b01-83cc-8c3de8d7699a-768x1024.jpg","datePublished":"2020-04-14T12:27:20+00:00","dateModified":"2025-11-15T13:35:51+00:00","breadcrumb":{"@id":"https:\/\/pans.krosno.pl\/pracownicy\/sylwia-bronska-putzig\/#breadcrumb"},"inLanguage":"pl-PL","potentialAction":[{"@type":"ReadAction","target":["https:\/\/pans.krosno.pl\/pracownicy\/sylwia-bronska-putzig\/"]}]},{"@type":"ImageObject","inLanguage":"pl-PL","@id":"https:\/\/pans.krosno.pl\/pracownicy\/sylwia-bronska-putzig\/#primaryimage","url":"https:\/\/pans.krosno.pl\/pracownicy\/wp-content\/uploads\/sites\/41\/2025\/11\/25e10100-99a8-4b01-83cc-8c3de8d7699a.jpg","contentUrl":"https:\/\/pans.krosno.pl\/pracownicy\/wp-content\/uploads\/sites\/41\/2025\/11\/25e10100-99a8-4b01-83cc-8c3de8d7699a.jpg","width":1728,"height":2304},{"@type":"BreadcrumbList","@id":"https:\/\/pans.krosno.pl\/pracownicy\/sylwia-bronska-putzig\/#breadcrumb","itemListElement":[{"@type":"ListItem","position":1,"name":"Strona g\u0142\u00f3wna","item":"https:\/\/pans.krosno.pl\/pracownicy\/"},{"@type":"ListItem","position":2,"name":"mgr Sylwia Bro\u0144ska-Putzig"}]},{"@type":"WebSite","@id":"https:\/\/pans.krosno.pl\/pracownicy\/#website","url":"https:\/\/pans.krosno.pl\/pracownicy\/","name":"Pracownicy PANS w Kro\u015bnie","description":"Pracownicy - Pa\u0144stwowa Akademia Nauk Stosowanych","publisher":{"@id":"https:\/\/pans.krosno.pl\/pracownicy\/#organization"},"potentialAction":[{"@type":"SearchAction","target":{"@type":"EntryPoint","urlTemplate":"https:\/\/pans.krosno.pl\/pracownicy\/?s={search_term_string}"},"query-input":{"@type":"PropertyValueSpecification","valueRequired":true,"valueName":"search_term_string"}}],"inLanguage":"pl-PL"},{"@type":"Organization","@id":"https:\/\/pans.krosno.pl\/pracownicy\/#organization","name":"Pracownicy PANS w Kro\u015bnie","url":"https:\/\/pans.krosno.pl\/pracownicy\/","logo":{"@type":"ImageObject","inLanguage":"pl-PL","@id":"https:\/\/pans.krosno.pl\/pracownicy\/#\/schema\/logo\/image\/","url":"https:\/\/pans.krosno.pl\/pracownicy\/wp-content\/uploads\/sites\/41\/2023\/01\/Logo-PANS-2022-pelne.png","contentUrl":"https:\/\/pans.krosno.pl\/pracownicy\/wp-content\/uploads\/sites\/41\/2023\/01\/Logo-PANS-2022-pelne.png","width":3096,"height":696,"caption":"Pracownicy PANS w Kro\u015bnie"},"image":{"@id":"https:\/\/pans.krosno.pl\/pracownicy\/#\/schema\/logo\/image\/"}}]}},"_links":{"self":[{"href":"https:\/\/pans.krosno.pl\/pracownicy\/wp-json\/wp\/v2\/pages\/2397","targetHints":{"allow":["GET"]}}],"collection":[{"href":"https:\/\/pans.krosno.pl\/pracownicy\/wp-json\/wp\/v2\/pages"}],"about":[{"href":"https:\/\/pans.krosno.pl\/pracownicy\/wp-json\/wp\/v2\/types\/page"}],"author":[{"embeddable":true,"href":"https:\/\/pans.krosno.pl\/pracownicy\/wp-json\/wp\/v2\/users\/34"}],"replies":[{"embeddable":true,"href":"https:\/\/pans.krosno.pl\/pracownicy\/wp-json\/wp\/v2\/comments?post=2397"}],"version-history":[{"count":16,"href":"https:\/\/pans.krosno.pl\/pracownicy\/wp-json\/wp\/v2\/pages\/2397\/revisions"}],"predecessor-version":[{"id":11576,"href":"https:\/\/pans.krosno.pl\/pracownicy\/wp-json\/wp\/v2\/pages\/2397\/revisions\/11576"}],"wp:attachment":[{"href":"https:\/\/pans.krosno.pl\/pracownicy\/wp-json\/wp\/v2\/media?parent=2397"}],"curies":[{"name":"wp","href":"https:\/\/api.w.org\/{rel}","templated":true}]}}