{"id":2355,"date":"2020-04-14T09:47:43","date_gmt":"2020-04-14T07:47:43","guid":{"rendered":"https:\/\/pans.krosno.pl\/pracownicy\/?page_id=2355"},"modified":"2025-05-20T13:31:47","modified_gmt":"2025-05-20T11:31:47","slug":"grzegorz-sobolewski-najwazniejsze-publikacje","status":"publish","type":"page","link":"https:\/\/pans.krosno.pl\/pracownicy\/grzegorz-sobolewski\/grzegorz-sobolewski-najwazniejsze-publikacje\/","title":{"rendered":"dr Grzegorz Sobolewski &#8211; Najwa\u017cniejsze publikacje"},"content":{"rendered":"<hr>\n<ol>\n<li>Sobolewski G., Przybysz A.: Dzia\u0142alno\u015b\u0107 Akademickiego Zwi\u0105zku Sportowego w Kro\u015bnie w latach (1996\u20132006), 2007,[w:] K. Obody\u0144ski (red.), Przegl\u0105d Naukowy Kultury Fizycznej, t. X, z. 4. Uniwersytet Rzeszowski.<\/li>\n<li>Sobolewski G., Go\u0142\u0105b W.: Oczekiwania student\u00f3w Pa\u0144stwowej Wy\u017cszej Szko\u0142y Zawodowej w Kro\u015bnie wobec zaj\u0119\u0107 wychowania fizycznego, 2009, [w:] E. Zadarko, Z. Barabasz (red.), Akademicka kultura fizyczna na prze\u0142omie stuleci, tom 2, Uwarunkowania historyczno \u2013 socjologiczne. PWSZ Krosno.<\/li>\n<li>Wyst\u0105pienie na konferencji \u201eAkademicka kultura fizyczna na prze\u0142omie stuleci\u201d 4-6.06.2009 r. PWSZ Krosno.<\/li>\n<li>Go\u0142\u0105b W., Sobolewski G., Gmyrek K.: Budowa cia\u0142a i wynik sportowy polskich student\u00f3w \u2013 zawodnik\u00f3w snowboardu, 2009, [w:] E. Zadarko, Z. Barabasz (red.) Akademicka kultura fizyczna na prze\u0142omie stuleci, tom 3, Sprawno\u015b\u0107 fizyczna. Uniwersytet Rzeszowski.<br \/>\nWyst\u0105pienie na konferencji \u201eAkademicka kultura fizyczna na prze\u0142omie stuleci\u201d 4-6.06.2009r. PWSZ Krosno.<\/li>\n<li>Sobolewski G.: Analiza wp\u0142ywu wynik\u00f3w element\u00f3w technicznych oraz czystego p\u0142ywania rezultat ko\u0144cowy na dystansie 200 metr\u00f3w stylem motylkowym, 2009, [w:] K. Obody\u0144ski (red.), Przegl\u0105d Naukowy Kultury Fizycznej, t. XII, z. 1. Uniwersytet Rzeszowski.<\/li>\n<li>Sobolewski G.: Analiza struktury wy\u015bcigu p\u0142ywackiego Otylii J\u0119drzejczak na dystansie 200 metr\u00f3w delfinem na Mistrzostwach Europy na \u201ekr\u00f3tkim\u201d basenie, 2009, [w:] E. Zadarko, Z. Barabasz (red.), Wybrane zagadnienia z teorii sportu. PWSZ Krosno.<\/li>\n<\/ol>\n<hr>\n<p>&nbsp;<\/p>\n","protected":false},"excerpt":{"rendered":"<p>Sobolewski G., Przybysz A.: Dzia\u0142alno\u015b\u0107 Akademickiego Zwi\u0105zku Sportowego w Kro\u015bnie w latach (1996\u20132006), 2007,[w:] K. Obody\u0144ski (red.), Przegl\u0105d Naukowy Kultury Fizycznej, t. X, z. 4. Uniwersytet Rzeszowski. Sobolewski G., Go\u0142\u0105b W.: Oczekiwania student\u00f3w Pa\u0144stwowej Wy\u017cszej Szko\u0142y Zawodowej w Kro\u015bnie wobec zaj\u0119\u0107 wychowania fizycznego, 2009, [w:] E. Zadarko, Z. Barabasz (red.), [\u2026] <\/p>\n<div class=\"clear\"><\/div>\n<p><a class=\"more_link clearfix\" href=\"https:\/\/pans.krosno.pl\/pracownicy\/grzegorz-sobolewski\/grzegorz-sobolewski-najwazniejsze-publikacje\/\" rel=\"nofollow\">Read More<\/a><\/p>\n","protected":false},"author":34,"featured_media":0,"parent":2346,"menu_order":0,"comment_status":"closed","ping_status":"closed","template":"","meta":{"ngg_post_thumbnail":0,"footnotes":""},"class_list":["post-2355","page","type-page","status-publish","hentry"],"yoast_head":"<!-- This site is optimized with the Yoast SEO Premium plugin v27.4 (Yoast SEO v27.4) - https:\/\/yoast.com\/product\/yoast-seo-premium-wordpress\/ -->\n<title>dr Grzegorz Sobolewski - Najwa\u017cniejsze publikacje - Pracownicy PANS w Kro\u015bnie<\/title>\n<meta name=\"robots\" content=\"index, follow, max-snippet:-1, max-image-preview:large, max-video-preview:-1\" \/>\n<link rel=\"canonical\" href=\"https:\/\/pans.krosno.pl\/pracownicy\/grzegorz-sobolewski\/grzegorz-sobolewski-najwazniejsze-publikacje\/\" \/>\n<meta property=\"og:locale\" content=\"pl_PL\" \/>\n<meta property=\"og:type\" content=\"article\" \/>\n<meta property=\"og:title\" content=\"dr Grzegorz Sobolewski - Najwa\u017cniejsze publikacje\" \/>\n<meta property=\"og:description\" content=\"Sobolewski G., Przybysz A.: Dzia\u0142alno\u015b\u0107 Akademickiego Zwi\u0105zku Sportowego w Kro\u015bnie w latach (1996\u20132006), 2007,[w:] K. Obody\u0144ski (red.), Przegl\u0105d Naukowy Kultury Fizycznej, t. X, z. 4. Uniwersytet Rzeszowski. Sobolewski G., Go\u0142\u0105b W.: Oczekiwania student\u00f3w Pa\u0144stwowej Wy\u017cszej Szko\u0142y Zawodowej w Kro\u015bnie wobec zaj\u0119\u0107 wychowania fizycznego, 2009, [w:] E. Zadarko, Z. Barabasz (red.), [\u2026] Read More\" \/>\n<meta property=\"og:url\" content=\"https:\/\/pans.krosno.pl\/pracownicy\/grzegorz-sobolewski\/grzegorz-sobolewski-najwazniejsze-publikacje\/\" \/>\n<meta property=\"og:site_name\" content=\"Pracownicy PANS w Kro\u015bnie\" \/>\n<meta property=\"article:modified_time\" content=\"2025-05-20T11:31:47+00:00\" \/>\n<meta name=\"twitter:card\" content=\"summary_large_image\" \/>\n<meta name=\"twitter:label1\" content=\"Szacowany czas czytania\" \/>\n\t<meta name=\"twitter:data1\" content=\"2 minuty\" \/>\n<script type=\"application\/ld+json\" class=\"yoast-schema-graph\">{\"@context\":\"https:\\\/\\\/schema.org\",\"@graph\":[{\"@type\":\"WebPage\",\"@id\":\"https:\\\/\\\/pans.krosno.pl\\\/pracownicy\\\/grzegorz-sobolewski\\\/grzegorz-sobolewski-najwazniejsze-publikacje\\\/\",\"url\":\"https:\\\/\\\/pans.krosno.pl\\\/pracownicy\\\/grzegorz-sobolewski\\\/grzegorz-sobolewski-najwazniejsze-publikacje\\\/\",\"name\":\"dr Grzegorz Sobolewski - Najwa\u017cniejsze publikacje - Pracownicy PANS w Kro\u015bnie\",\"isPartOf\":{\"@id\":\"https:\\\/\\\/pans.krosno.pl\\\/pracownicy\\\/#website\"},\"datePublished\":\"2020-04-14T07:47:43+00:00\",\"dateModified\":\"2025-05-20T11:31:47+00:00\",\"breadcrumb\":{\"@id\":\"https:\\\/\\\/pans.krosno.pl\\\/pracownicy\\\/grzegorz-sobolewski\\\/grzegorz-sobolewski-najwazniejsze-publikacje\\\/#breadcrumb\"},\"inLanguage\":\"pl-PL\",\"potentialAction\":[{\"@type\":\"ReadAction\",\"target\":[\"https:\\\/\\\/pans.krosno.pl\\\/pracownicy\\\/grzegorz-sobolewski\\\/grzegorz-sobolewski-najwazniejsze-publikacje\\\/\"]}]},{\"@type\":\"BreadcrumbList\",\"@id\":\"https:\\\/\\\/pans.krosno.pl\\\/pracownicy\\\/grzegorz-sobolewski\\\/grzegorz-sobolewski-najwazniejsze-publikacje\\\/#breadcrumb\",\"itemListElement\":[{\"@type\":\"ListItem\",\"position\":1,\"name\":\"Strona g\u0142\u00f3wna\",\"item\":\"https:\\\/\\\/pans.krosno.pl\\\/pracownicy\\\/\"},{\"@type\":\"ListItem\",\"position\":2,\"name\":\"dr Grzegorz Sobolewski\",\"item\":\"https:\\\/\\\/pans.krosno.pl\\\/pracownicy\\\/grzegorz-sobolewski\\\/\"},{\"@type\":\"ListItem\",\"position\":3,\"name\":\"dr Grzegorz Sobolewski &#8211; Najwa\u017cniejsze publikacje\"}]},{\"@type\":\"WebSite\",\"@id\":\"https:\\\/\\\/pans.krosno.pl\\\/pracownicy\\\/#website\",\"url\":\"https:\\\/\\\/pans.krosno.pl\\\/pracownicy\\\/\",\"name\":\"Pracownicy PANS w Kro\u015bnie\",\"description\":\"Pracownicy - Pa\u0144stwowa Akademia Nauk Stosowanych\",\"publisher\":{\"@id\":\"https:\\\/\\\/pans.krosno.pl\\\/pracownicy\\\/#organization\"},\"potentialAction\":[{\"@type\":\"SearchAction\",\"target\":{\"@type\":\"EntryPoint\",\"urlTemplate\":\"https:\\\/\\\/pans.krosno.pl\\\/pracownicy\\\/?s={search_term_string}\"},\"query-input\":{\"@type\":\"PropertyValueSpecification\",\"valueRequired\":true,\"valueName\":\"search_term_string\"}}],\"inLanguage\":\"pl-PL\"},{\"@type\":\"Organization\",\"@id\":\"https:\\\/\\\/pans.krosno.pl\\\/pracownicy\\\/#organization\",\"name\":\"Pracownicy PANS w Kro\u015bnie\",\"url\":\"https:\\\/\\\/pans.krosno.pl\\\/pracownicy\\\/\",\"logo\":{\"@type\":\"ImageObject\",\"inLanguage\":\"pl-PL\",\"@id\":\"https:\\\/\\\/pans.krosno.pl\\\/pracownicy\\\/#\\\/schema\\\/logo\\\/image\\\/\",\"url\":\"https:\\\/\\\/pans.krosno.pl\\\/pracownicy\\\/wp-content\\\/uploads\\\/sites\\\/41\\\/2023\\\/01\\\/Logo-PANS-2022-pelne.png\",\"contentUrl\":\"https:\\\/\\\/pans.krosno.pl\\\/pracownicy\\\/wp-content\\\/uploads\\\/sites\\\/41\\\/2023\\\/01\\\/Logo-PANS-2022-pelne.png\",\"width\":3096,\"height\":696,\"caption\":\"Pracownicy PANS w Kro\u015bnie\"},\"image\":{\"@id\":\"https:\\\/\\\/pans.krosno.pl\\\/pracownicy\\\/#\\\/schema\\\/logo\\\/image\\\/\"}}]}<\/script>\n<!-- \/ Yoast SEO Premium plugin. -->","yoast_head_json":{"title":"dr Grzegorz Sobolewski - Najwa\u017cniejsze publikacje - Pracownicy PANS w Kro\u015bnie","robots":{"index":"index","follow":"follow","max-snippet":"max-snippet:-1","max-image-preview":"max-image-preview:large","max-video-preview":"max-video-preview:-1"},"canonical":"https:\/\/pans.krosno.pl\/pracownicy\/grzegorz-sobolewski\/grzegorz-sobolewski-najwazniejsze-publikacje\/","og_locale":"pl_PL","og_type":"article","og_title":"dr Grzegorz Sobolewski - Najwa\u017cniejsze publikacje","og_description":"Sobolewski G., Przybysz A.: Dzia\u0142alno\u015b\u0107 Akademickiego Zwi\u0105zku Sportowego w Kro\u015bnie w latach (1996\u20132006), 2007,[w:] K. Obody\u0144ski (red.), Przegl\u0105d Naukowy Kultury Fizycznej, t. X, z. 4. Uniwersytet Rzeszowski. Sobolewski G., Go\u0142\u0105b W.: Oczekiwania student\u00f3w Pa\u0144stwowej Wy\u017cszej Szko\u0142y Zawodowej w Kro\u015bnie wobec zaj\u0119\u0107 wychowania fizycznego, 2009, [w:] E. Zadarko, Z. Barabasz (red.), [\u2026] Read More","og_url":"https:\/\/pans.krosno.pl\/pracownicy\/grzegorz-sobolewski\/grzegorz-sobolewski-najwazniejsze-publikacje\/","og_site_name":"Pracownicy PANS w Kro\u015bnie","article_modified_time":"2025-05-20T11:31:47+00:00","twitter_card":"summary_large_image","twitter_misc":{"Szacowany czas czytania":"2 minuty"},"schema":{"@context":"https:\/\/schema.org","@graph":[{"@type":"WebPage","@id":"https:\/\/pans.krosno.pl\/pracownicy\/grzegorz-sobolewski\/grzegorz-sobolewski-najwazniejsze-publikacje\/","url":"https:\/\/pans.krosno.pl\/pracownicy\/grzegorz-sobolewski\/grzegorz-sobolewski-najwazniejsze-publikacje\/","name":"dr Grzegorz Sobolewski - Najwa\u017cniejsze publikacje - Pracownicy PANS w Kro\u015bnie","isPartOf":{"@id":"https:\/\/pans.krosno.pl\/pracownicy\/#website"},"datePublished":"2020-04-14T07:47:43+00:00","dateModified":"2025-05-20T11:31:47+00:00","breadcrumb":{"@id":"https:\/\/pans.krosno.pl\/pracownicy\/grzegorz-sobolewski\/grzegorz-sobolewski-najwazniejsze-publikacje\/#breadcrumb"},"inLanguage":"pl-PL","potentialAction":[{"@type":"ReadAction","target":["https:\/\/pans.krosno.pl\/pracownicy\/grzegorz-sobolewski\/grzegorz-sobolewski-najwazniejsze-publikacje\/"]}]},{"@type":"BreadcrumbList","@id":"https:\/\/pans.krosno.pl\/pracownicy\/grzegorz-sobolewski\/grzegorz-sobolewski-najwazniejsze-publikacje\/#breadcrumb","itemListElement":[{"@type":"ListItem","position":1,"name":"Strona g\u0142\u00f3wna","item":"https:\/\/pans.krosno.pl\/pracownicy\/"},{"@type":"ListItem","position":2,"name":"dr Grzegorz Sobolewski","item":"https:\/\/pans.krosno.pl\/pracownicy\/grzegorz-sobolewski\/"},{"@type":"ListItem","position":3,"name":"dr Grzegorz Sobolewski &#8211; Najwa\u017cniejsze publikacje"}]},{"@type":"WebSite","@id":"https:\/\/pans.krosno.pl\/pracownicy\/#website","url":"https:\/\/pans.krosno.pl\/pracownicy\/","name":"Pracownicy PANS w Kro\u015bnie","description":"Pracownicy - Pa\u0144stwowa Akademia Nauk Stosowanych","publisher":{"@id":"https:\/\/pans.krosno.pl\/pracownicy\/#organization"},"potentialAction":[{"@type":"SearchAction","target":{"@type":"EntryPoint","urlTemplate":"https:\/\/pans.krosno.pl\/pracownicy\/?s={search_term_string}"},"query-input":{"@type":"PropertyValueSpecification","valueRequired":true,"valueName":"search_term_string"}}],"inLanguage":"pl-PL"},{"@type":"Organization","@id":"https:\/\/pans.krosno.pl\/pracownicy\/#organization","name":"Pracownicy PANS w Kro\u015bnie","url":"https:\/\/pans.krosno.pl\/pracownicy\/","logo":{"@type":"ImageObject","inLanguage":"pl-PL","@id":"https:\/\/pans.krosno.pl\/pracownicy\/#\/schema\/logo\/image\/","url":"https:\/\/pans.krosno.pl\/pracownicy\/wp-content\/uploads\/sites\/41\/2023\/01\/Logo-PANS-2022-pelne.png","contentUrl":"https:\/\/pans.krosno.pl\/pracownicy\/wp-content\/uploads\/sites\/41\/2023\/01\/Logo-PANS-2022-pelne.png","width":3096,"height":696,"caption":"Pracownicy PANS w Kro\u015bnie"},"image":{"@id":"https:\/\/pans.krosno.pl\/pracownicy\/#\/schema\/logo\/image\/"}}]}},"_links":{"self":[{"href":"https:\/\/pans.krosno.pl\/pracownicy\/wp-json\/wp\/v2\/pages\/2355","targetHints":{"allow":["GET"]}}],"collection":[{"href":"https:\/\/pans.krosno.pl\/pracownicy\/wp-json\/wp\/v2\/pages"}],"about":[{"href":"https:\/\/pans.krosno.pl\/pracownicy\/wp-json\/wp\/v2\/types\/page"}],"author":[{"embeddable":true,"href":"https:\/\/pans.krosno.pl\/pracownicy\/wp-json\/wp\/v2\/users\/34"}],"replies":[{"embeddable":true,"href":"https:\/\/pans.krosno.pl\/pracownicy\/wp-json\/wp\/v2\/comments?post=2355"}],"version-history":[{"count":6,"href":"https:\/\/pans.krosno.pl\/pracownicy\/wp-json\/wp\/v2\/pages\/2355\/revisions"}],"predecessor-version":[{"id":10953,"href":"https:\/\/pans.krosno.pl\/pracownicy\/wp-json\/wp\/v2\/pages\/2355\/revisions\/10953"}],"up":[{"embeddable":true,"href":"https:\/\/pans.krosno.pl\/pracownicy\/wp-json\/wp\/v2\/pages\/2346"}],"wp:attachment":[{"href":"https:\/\/pans.krosno.pl\/pracownicy\/wp-json\/wp\/v2\/media?parent=2355"}],"curies":[{"name":"wp","href":"https:\/\/api.w.org\/{rel}","templated":true}]}}