{"id":2326,"date":"2020-04-14T09:25:03","date_gmt":"2020-04-14T07:25:03","guid":{"rendered":"https:\/\/pans.krosno.pl\/pracownicy\/?page_id=2326"},"modified":"2025-05-16T08:56:08","modified_gmt":"2025-05-16T06:56:08","slug":"monika-musijowska-najwazniejsze-publikacje","status":"publish","type":"page","link":"https:\/\/pans.krosno.pl\/pracownicy\/monika-musijowska\/monika-musijowska-najwazniejsze-publikacje\/","title":{"rendered":"dr Monika Musijowska &#8211; Najwa\u017cniejsze publikacje"},"content":{"rendered":"\n<ul class=\"wp-block-list\">\n<li>Musijowska, M., Kwilosz, E., Association between Physical Activity Level, Body Composition, and Phase Angle in University Students from Bioelectrical Impedance Analysis (BIA). J. Clin. Med. 2024, Volume 13, Issue 10, 2743; (IF: 3.0, MN: 140)  <a href=\"https:\/\/www.mdpi.com\/2077-0383\/13\/10\/2743\" target=\"_blank\" rel=\"noreferrer noopener\">https:\/\/www.mdpi.com\/2077-0383\/13\/10\/2743<\/a><\/li>\n\n\n\n<li>Musijowska, M., Barabasz, Z., Zadarko, E., Ozimek, M., Fr\u0105czek, K., Nizio\u0142-Babiarz, E., &amp; Zadarko-Domaradzka, M. (2024). Body mass index and cardiorespiratory endurance of 15-19- year-old girls from the Polish-Ukrainian borderland. W 5th International Scientific Conference &#8222;Physical Activity, Health and Quality of Life&#8221; Ko\u0161ce, Slovakia, 24-26 April 2024: Book of abstracts (pp. 53). <a href=\"https:\/\/unibook.upjs.sk\/img\/cms\/2024\/physical-activity-health-and-quality-of-life.pdf\" target=\"_blank\" rel=\"noreferrer noopener\">https:\/\/unibook.upjs.sk\/img\/cms\/2024\/physical-activity-health-and-quality-of-life.pdf<\/a><\/li>\n\n\n\n<li>Musijowska, M., Kwilosz E., Sobolewski G. (2024). Association between physical activity level, body composition and phase angle in university students from Krosno. W 5th International Scientific Conference &#8222;Physical Activity, Health and Quality of Life&#8221; Ko\u0161ce, Slovakia, 24-26 April 2024: Book of abstracts (pp. 52).  <a href=\"https:\/\/unibook.upjs.sk\/img\/cms\/2024\/physical-activity-health-and-quality-of-life.pdf\" target=\"_blank\" rel=\"noreferrer noopener\">https:\/\/unibook.upjs.sk\/img\/cms\/2024\/physical-activity-health-and-quality-of-life.pdf<\/a><\/li>\n\n\n\n<li>Barabasz M, Lwow F, Zadarko E. Kwestionariusz Aktywno\u015bci Fizycznej Czasu Wolnego Minnesota w praktyce lekarskiej i promocji zdrowia. Physiotherapy 2015, 23(2): 34-41. <a href=\"https:\/\/www.researchgate.net\/publication\/305875771_Minnesota_Leisure_Time_Physical_Activity_Questionnaire_in_medical_practice_and_health_promotion\" target=\"_blank\" rel=\"noreferrer noopener\">https:\/\/www.researchgate.net\/publication\/305875771_Minnesota_Leisure_Time_Physical_Activity_Questionnaire_in_medical_practice_and_health_promotion<\/a><\/li>\n\n\n\n<li>Zadarko E, Barabasz Z, Nizio\u0142-Babiarz E, Zadarko-Domaradzka M, Barabasz M, Sobolewski M, Palanska A, Bergier J, Junger J. Leisure time physical activity of young women from the Carpathian Euroregion in relation to the Body Mass Index, Ann Agric Environ Med. 2014, 21(3): 622-626. (IF 3,0)  <a href=\"https:\/\/www.aaem.pl\/Leisure-time-physical-activity-of-young-women-from-the-Carpathian-Euroregion-in-relation,72167,0,2.html\" target=\"_blank\" rel=\"noreferrer noopener\">https:\/\/www.aaem.pl\/Leisure-time-physical-activity-of-young-women-from-the-Carpathian-Euroregion-in-relation,72167,0,2.html<\/a> <\/li>\n\n\n\n<li>Zadarko-Domaradzka M, Zadarko E, Skret K, Barabasz M. Leisure time physical activity in professionally active men. Acta Facultatis exercitationis corporis Universitatis Presoviensis, Presov 2014, 126-132.<\/li>\n\n\n\n<li>Zadarko E, Barabasz Z, Shyyan O, Nizio\u0142-Babiarz E, Slyvka Y, Zadarko-Domaradzka M, Turchyk I, Barabasz M, Fr\u0105czek K. Wybrane aspekty szkolnej edukacji zdrowotnej na przyk\u0142adzie stylu \u017cycia m\u0142odzie\u017cy polsko-ukrai\u0144skiej, skrypt dla wyk\u0142adowc\u00f3w, nauczycieli i student\u00f3w. Lwowski regionalny Instytut Doskonalenia Nauczycieli we Lwowie, Lw\u00f3w 2014. <a href=\"https:\/\/www.academia.edu\/41249779\/Wybrane_aspekty_szkolnej_edukacji_zdrowotnej_na_przyk%C5%82adzie_stylu_%C5%BCycia_m%C5%82odzie%C5%BCy_polsko_ukrai%C5%84skiej\" target=\"_blank\" rel=\"noreferrer noopener\">https:\/\/www.academia.edu\/41249779\/Wybrane_aspekty_szkolnej_edukacji_zdrowotnej_na_przyk%C5%82adzie_stylu_%C5%BCycia_m%C5%82odzie%C5%BCy_polsko_ukrai%C5%84skiej<\/a><\/li>\n<\/ul>\n","protected":false},"excerpt":{"rendered":"","protected":false},"author":34,"featured_media":0,"parent":2315,"menu_order":0,"comment_status":"closed","ping_status":"closed","template":"page-templates\/template-full-width.php","meta":{"ngg_post_thumbnail":0,"footnotes":""},"class_list":["post-2326","page","type-page","status-publish","hentry"],"yoast_head":"<!-- This site is optimized with the Yoast SEO Premium plugin v27.4 (Yoast SEO v27.4) - https:\/\/yoast.com\/product\/yoast-seo-premium-wordpress\/ -->\n<title>dr Monika Musijowska - Najwa\u017cniejsze publikacje - Pracownicy PANS w Kro\u015bnie<\/title>\n<meta name=\"robots\" content=\"index, follow, max-snippet:-1, max-image-preview:large, max-video-preview:-1\" \/>\n<link rel=\"canonical\" href=\"https:\/\/pans.krosno.pl\/pracownicy\/monika-musijowska\/monika-musijowska-najwazniejsze-publikacje\/\" \/>\n<meta property=\"og:locale\" content=\"pl_PL\" \/>\n<meta property=\"og:type\" content=\"article\" \/>\n<meta property=\"og:title\" content=\"dr Monika Musijowska - Najwa\u017cniejsze publikacje\" \/>\n<meta property=\"og:url\" content=\"https:\/\/pans.krosno.pl\/pracownicy\/monika-musijowska\/monika-musijowska-najwazniejsze-publikacje\/\" \/>\n<meta property=\"og:site_name\" content=\"Pracownicy PANS w Kro\u015bnie\" \/>\n<meta property=\"article:modified_time\" content=\"2025-05-16T06:56:08+00:00\" \/>\n<meta name=\"twitter:card\" content=\"summary_large_image\" \/>\n<meta name=\"twitter:label1\" content=\"Szacowany czas czytania\" \/>\n\t<meta name=\"twitter:data1\" content=\"2 minuty\" \/>\n<script type=\"application\/ld+json\" class=\"yoast-schema-graph\">{\"@context\":\"https:\\\/\\\/schema.org\",\"@graph\":[{\"@type\":\"WebPage\",\"@id\":\"https:\\\/\\\/pans.krosno.pl\\\/pracownicy\\\/monika-musijowska\\\/monika-musijowska-najwazniejsze-publikacje\\\/\",\"url\":\"https:\\\/\\\/pans.krosno.pl\\\/pracownicy\\\/monika-musijowska\\\/monika-musijowska-najwazniejsze-publikacje\\\/\",\"name\":\"dr Monika Musijowska - Najwa\u017cniejsze publikacje - Pracownicy PANS w Kro\u015bnie\",\"isPartOf\":{\"@id\":\"https:\\\/\\\/pans.krosno.pl\\\/pracownicy\\\/#website\"},\"datePublished\":\"2020-04-14T07:25:03+00:00\",\"dateModified\":\"2025-05-16T06:56:08+00:00\",\"breadcrumb\":{\"@id\":\"https:\\\/\\\/pans.krosno.pl\\\/pracownicy\\\/monika-musijowska\\\/monika-musijowska-najwazniejsze-publikacje\\\/#breadcrumb\"},\"inLanguage\":\"pl-PL\",\"potentialAction\":[{\"@type\":\"ReadAction\",\"target\":[\"https:\\\/\\\/pans.krosno.pl\\\/pracownicy\\\/monika-musijowska\\\/monika-musijowska-najwazniejsze-publikacje\\\/\"]}]},{\"@type\":\"BreadcrumbList\",\"@id\":\"https:\\\/\\\/pans.krosno.pl\\\/pracownicy\\\/monika-musijowska\\\/monika-musijowska-najwazniejsze-publikacje\\\/#breadcrumb\",\"itemListElement\":[{\"@type\":\"ListItem\",\"position\":1,\"name\":\"Strona g\u0142\u00f3wna\",\"item\":\"https:\\\/\\\/pans.krosno.pl\\\/pracownicy\\\/\"},{\"@type\":\"ListItem\",\"position\":2,\"name\":\"dr Monika Musijowska\",\"item\":\"https:\\\/\\\/pans.krosno.pl\\\/pracownicy\\\/monika-musijowska\\\/\"},{\"@type\":\"ListItem\",\"position\":3,\"name\":\"dr Monika Musijowska &#8211; Najwa\u017cniejsze publikacje\"}]},{\"@type\":\"WebSite\",\"@id\":\"https:\\\/\\\/pans.krosno.pl\\\/pracownicy\\\/#website\",\"url\":\"https:\\\/\\\/pans.krosno.pl\\\/pracownicy\\\/\",\"name\":\"Pracownicy PANS w Kro\u015bnie\",\"description\":\"Pracownicy - Pa\u0144stwowa Akademia Nauk Stosowanych\",\"publisher\":{\"@id\":\"https:\\\/\\\/pans.krosno.pl\\\/pracownicy\\\/#organization\"},\"potentialAction\":[{\"@type\":\"SearchAction\",\"target\":{\"@type\":\"EntryPoint\",\"urlTemplate\":\"https:\\\/\\\/pans.krosno.pl\\\/pracownicy\\\/?s={search_term_string}\"},\"query-input\":{\"@type\":\"PropertyValueSpecification\",\"valueRequired\":true,\"valueName\":\"search_term_string\"}}],\"inLanguage\":\"pl-PL\"},{\"@type\":\"Organization\",\"@id\":\"https:\\\/\\\/pans.krosno.pl\\\/pracownicy\\\/#organization\",\"name\":\"Pracownicy PANS w Kro\u015bnie\",\"url\":\"https:\\\/\\\/pans.krosno.pl\\\/pracownicy\\\/\",\"logo\":{\"@type\":\"ImageObject\",\"inLanguage\":\"pl-PL\",\"@id\":\"https:\\\/\\\/pans.krosno.pl\\\/pracownicy\\\/#\\\/schema\\\/logo\\\/image\\\/\",\"url\":\"https:\\\/\\\/pans.krosno.pl\\\/pracownicy\\\/wp-content\\\/uploads\\\/sites\\\/41\\\/2023\\\/01\\\/Logo-PANS-2022-pelne.png\",\"contentUrl\":\"https:\\\/\\\/pans.krosno.pl\\\/pracownicy\\\/wp-content\\\/uploads\\\/sites\\\/41\\\/2023\\\/01\\\/Logo-PANS-2022-pelne.png\",\"width\":3096,\"height\":696,\"caption\":\"Pracownicy PANS w Kro\u015bnie\"},\"image\":{\"@id\":\"https:\\\/\\\/pans.krosno.pl\\\/pracownicy\\\/#\\\/schema\\\/logo\\\/image\\\/\"}}]}<\/script>\n<!-- \/ Yoast SEO Premium plugin. -->","yoast_head_json":{"title":"dr Monika Musijowska - Najwa\u017cniejsze publikacje - Pracownicy PANS w Kro\u015bnie","robots":{"index":"index","follow":"follow","max-snippet":"max-snippet:-1","max-image-preview":"max-image-preview:large","max-video-preview":"max-video-preview:-1"},"canonical":"https:\/\/pans.krosno.pl\/pracownicy\/monika-musijowska\/monika-musijowska-najwazniejsze-publikacje\/","og_locale":"pl_PL","og_type":"article","og_title":"dr Monika Musijowska - Najwa\u017cniejsze publikacje","og_url":"https:\/\/pans.krosno.pl\/pracownicy\/monika-musijowska\/monika-musijowska-najwazniejsze-publikacje\/","og_site_name":"Pracownicy PANS w Kro\u015bnie","article_modified_time":"2025-05-16T06:56:08+00:00","twitter_card":"summary_large_image","twitter_misc":{"Szacowany czas czytania":"2 minuty"},"schema":{"@context":"https:\/\/schema.org","@graph":[{"@type":"WebPage","@id":"https:\/\/pans.krosno.pl\/pracownicy\/monika-musijowska\/monika-musijowska-najwazniejsze-publikacje\/","url":"https:\/\/pans.krosno.pl\/pracownicy\/monika-musijowska\/monika-musijowska-najwazniejsze-publikacje\/","name":"dr Monika Musijowska - Najwa\u017cniejsze publikacje - Pracownicy PANS w Kro\u015bnie","isPartOf":{"@id":"https:\/\/pans.krosno.pl\/pracownicy\/#website"},"datePublished":"2020-04-14T07:25:03+00:00","dateModified":"2025-05-16T06:56:08+00:00","breadcrumb":{"@id":"https:\/\/pans.krosno.pl\/pracownicy\/monika-musijowska\/monika-musijowska-najwazniejsze-publikacje\/#breadcrumb"},"inLanguage":"pl-PL","potentialAction":[{"@type":"ReadAction","target":["https:\/\/pans.krosno.pl\/pracownicy\/monika-musijowska\/monika-musijowska-najwazniejsze-publikacje\/"]}]},{"@type":"BreadcrumbList","@id":"https:\/\/pans.krosno.pl\/pracownicy\/monika-musijowska\/monika-musijowska-najwazniejsze-publikacje\/#breadcrumb","itemListElement":[{"@type":"ListItem","position":1,"name":"Strona g\u0142\u00f3wna","item":"https:\/\/pans.krosno.pl\/pracownicy\/"},{"@type":"ListItem","position":2,"name":"dr Monika Musijowska","item":"https:\/\/pans.krosno.pl\/pracownicy\/monika-musijowska\/"},{"@type":"ListItem","position":3,"name":"dr Monika Musijowska &#8211; Najwa\u017cniejsze publikacje"}]},{"@type":"WebSite","@id":"https:\/\/pans.krosno.pl\/pracownicy\/#website","url":"https:\/\/pans.krosno.pl\/pracownicy\/","name":"Pracownicy PANS w Kro\u015bnie","description":"Pracownicy - Pa\u0144stwowa Akademia Nauk Stosowanych","publisher":{"@id":"https:\/\/pans.krosno.pl\/pracownicy\/#organization"},"potentialAction":[{"@type":"SearchAction","target":{"@type":"EntryPoint","urlTemplate":"https:\/\/pans.krosno.pl\/pracownicy\/?s={search_term_string}"},"query-input":{"@type":"PropertyValueSpecification","valueRequired":true,"valueName":"search_term_string"}}],"inLanguage":"pl-PL"},{"@type":"Organization","@id":"https:\/\/pans.krosno.pl\/pracownicy\/#organization","name":"Pracownicy PANS w Kro\u015bnie","url":"https:\/\/pans.krosno.pl\/pracownicy\/","logo":{"@type":"ImageObject","inLanguage":"pl-PL","@id":"https:\/\/pans.krosno.pl\/pracownicy\/#\/schema\/logo\/image\/","url":"https:\/\/pans.krosno.pl\/pracownicy\/wp-content\/uploads\/sites\/41\/2023\/01\/Logo-PANS-2022-pelne.png","contentUrl":"https:\/\/pans.krosno.pl\/pracownicy\/wp-content\/uploads\/sites\/41\/2023\/01\/Logo-PANS-2022-pelne.png","width":3096,"height":696,"caption":"Pracownicy PANS w Kro\u015bnie"},"image":{"@id":"https:\/\/pans.krosno.pl\/pracownicy\/#\/schema\/logo\/image\/"}}]}},"_links":{"self":[{"href":"https:\/\/pans.krosno.pl\/pracownicy\/wp-json\/wp\/v2\/pages\/2326","targetHints":{"allow":["GET"]}}],"collection":[{"href":"https:\/\/pans.krosno.pl\/pracownicy\/wp-json\/wp\/v2\/pages"}],"about":[{"href":"https:\/\/pans.krosno.pl\/pracownicy\/wp-json\/wp\/v2\/types\/page"}],"author":[{"embeddable":true,"href":"https:\/\/pans.krosno.pl\/pracownicy\/wp-json\/wp\/v2\/users\/34"}],"replies":[{"embeddable":true,"href":"https:\/\/pans.krosno.pl\/pracownicy\/wp-json\/wp\/v2\/comments?post=2326"}],"version-history":[{"count":8,"href":"https:\/\/pans.krosno.pl\/pracownicy\/wp-json\/wp\/v2\/pages\/2326\/revisions"}],"predecessor-version":[{"id":10123,"href":"https:\/\/pans.krosno.pl\/pracownicy\/wp-json\/wp\/v2\/pages\/2326\/revisions\/10123"}],"up":[{"embeddable":true,"href":"https:\/\/pans.krosno.pl\/pracownicy\/wp-json\/wp\/v2\/pages\/2315"}],"wp:attachment":[{"href":"https:\/\/pans.krosno.pl\/pracownicy\/wp-json\/wp\/v2\/media?parent=2326"}],"curies":[{"name":"wp","href":"https:\/\/api.w.org\/{rel}","templated":true}]}}