{"id":23,"date":"2020-03-24T08:45:47","date_gmt":"2020-03-24T07:45:47","guid":{"rendered":"https:\/\/pans.krosno.pl\/pracownicy\/?page_id=23"},"modified":"2025-05-14T14:06:39","modified_gmt":"2025-05-14T12:06:39","slug":"wojciech-gruchala-najwazniejsze-publikacje","status":"publish","type":"page","link":"https:\/\/pans.krosno.pl\/pracownicy\/wojciech-gruchala\/wojciech-gruchala-najwazniejsze-publikacje\/","title":{"rendered":"dr Wojciech Grucha\u0142a &#8211; Najwa\u017cniejsze publikacje"},"content":{"rendered":"\n<p><\/p>\n\n\n\n<p><strong>Ksi\u0105\u017cki<\/strong><\/p>\n\n\n\n<ul class=\"wp-block-list\">\n<li><em>Architekt prozy. Retoryczna analiza stylu wybranych powie\u015bci Wac\u0142awa Berenta<\/em>, Krak\u00f3w 2007, Collegium Columbinum, s. 237.<\/li>\n\n\n\n<li><em>W brzuchu wieloryba. Obraz Rosji w prozie modernizmu, <\/em>Bia\u0142ystok 2016, Wydawnictwo Prymat, s. 379.<\/li>\n\n\n\n<li>Edycja \u2013 Kazimierz W\u0142adys\u0142aw W\u00f3jcicki. <em>Wyb\u00f3r pism literackich,<\/em> Krak\u00f3w 2017, Ksi\u0119garnia Akademicka, s. 367.<\/li>\n\n\n\n<li><em>Dobosz. Stefan \u017beromski na drogach niepodleg\u0142o\u015bci<\/em>, Warszawa 2021, Wydawnictwo IPN, s. 433.<\/li>\n\n\n\n<li>Edycja \u2013 Franciszek Pik Mirandola, <em>Tempore belli. Pisma wojenne z lat 1914-1917<\/em>, Wydawnictwo Pigonianum, Krosno 2025.<\/li>\n<\/ul>\n\n\n\n<p><strong>Redakcja<\/strong><\/p>\n\n\n\n<ul class=\"wp-block-list\">\n<li><em>Gustaw Herling-Grudzi\u0144ski. Mi\u0119dzy Wschodem a Zachodem<\/em>, red. G. Przebinda, B. Go\u0142\u0105bek, W. Grucha\u0142a, Krosno 2020, Bibliotheca Pigoniana, Tom III, Wydawnictwo Pigonianum.<\/li>\n<\/ul>\n\n\n\n<p><strong>Artyku\u0142y<\/strong><\/p>\n\n\n\n<ul class=\"wp-block-list\">\n<li><em>Poeci metafizyczni \u2013 o w\u0119dr\u00f3wce terminu<\/em>, [w:] <em>Spojrzenia. Literatura polska, czeska i niemiecka.. Problemy translacji<\/em>, red. E. Gracz-Chmura, Krak\u00f3w 2005, Towarzystwo Przyjaci\u00f3\u0142 Polonistyki Krakowskiej, s. 63-74.<\/li>\n\n\n\n<li><em>Tragiczna wolno\u015b\u0107 Wyspia\u0144skiego i Wierzy\u0144skiego<\/em>, [w:] <em>\u017bywio\u0142y wyobra\u017ani Stanis\u0142awa Wyspia\u0144skiego. Artyku\u0142y z konferencji naukowej doktorant\u00f3w<\/em>, red. A. Czabanowska Wr\u00f3bel, D. Jarz\u0105bek, D. Saul, Krak\u00f3w 2008, Ksi\u0119garnia Akademicka, s. 305-315.<\/li>\n\n\n\n<li><em>La fine di una bella decade: L\u2019amicizia tra Jan Stanis\u0142awski e Stanis\u0142aw Wyspia\u0144ski nel contesto delle \u201eNozze\u201d, t\u0142um. F. Groggia,<\/em> [w:] <em>Pensare per immagini Stanis\u0142aw Wyspia\u0144ski Drammaturgo e pittore. Convegno internazionale nel centenario della morte dell\u2019artista<\/em>, Rzym 2008, Accademia Polacca delle Scienze Biblioteca e Centro di Studi a Roma, s. 78-95.<\/li>\n\n\n\n<li><em>Proza Amelii Hertz\u00f3wny. Rekonesans<\/em>, [w:] <em>Sztuka s\u0142owa \u2013 sztuka obrazu. Prace dla Ewy Miodo\u0144skiej-Brookes,<\/em> red. J. Zach i J. Zio\u0142owicz, Krak\u00f3w 2009, Wydawnictwo Uniwersytetu Jagiello\u0144skiego, s. 385-398.<\/li>\n\n\n\n<li><em>S\u0105 sol\u0105 ziemi. O \u201eKsi\u0105\u017cce o starej kobiecie\u201d,<\/em> \u201eDekada Literacka\u201d 2008, nr 4, s. 28-31.<\/li>\n\n\n\n<li><em>Kurierek i maszyna<\/em>, \u201eLiteRacje\u201d 2013, nr 4, s. 90-100.<\/li>\n\n\n\n<li><em>\u0179le przet\u0142umaczona metafora. O \u201eFachowcu\u201d Wac\u0142awa Berenta<\/em>, \u201eLiteRacje\u201d 2013, nr 4, s. 20-24.<\/li>\n\n\n\n<li><em>Ma\u0144ka Kalosz wiod\u0105ca lud Warszawy na barykady, <\/em>[w:] <em>\u017bycie prywatne Polak\u00f3w w XIX wieku, \u201ePortret kobiecy\u201d. Polki w realiach epoki, <\/em>red. J. Kita, M. Klempert, M. Korybut Marciniak, T. III, \u0141\u00f3d\u017a-Olsztyn 2014, Wydawnictwo Uniwersytetu \u0141\u00f3dzkiego, s. 221-238.<\/li>\n\n\n\n<li><em>Ojcowie i synowie, czyli dlaczego \u017beromski i Brzozowski nie chcieli posady urz\u0119dniczej, <\/em>[w:] <em>Mi\u0119dzy irredent\u0105 a kolaboracj\u0105. Ugoda, lojalizm i legalizm. \u201eDusza urz\u0119dnika\u201d \u2013 zewn\u0119trzna akceptacja i wewn\u0119trzna niezgoda?, <\/em>pod red. N. Kasparka i M. Klemperta, Olsztyn 2015, Wydawnictwo UWM w Olsztynie, s. 135-157.<\/li>\n\n\n\n<li><em>Kiedy przestali\u015bmy czyta\u0107 \u017beromskiego?,<\/em> \u201eArkana\u201d 2015, nr 5, s. 18-30.<\/li>\n\n\n\n<li><em>\u00a0\u201eOpolaczy\u0142 si\u0119, sfrancuzia\u0142, czemu wam nie zruszcze\u0107?\u201d \u2013 pytanie o sens narodowej to\u017csamo\u015bci w \u201eOziminie\u201d Wac\u0142awa Berenta<\/em>, [w:] <em>Mi\u0119dzy rusofili\u0105 a rusofobi\u0105. Pogl\u0105dy, postawy i realizacje w literaturze polskiej od XIX do XXI wieku<\/em>, pod red. S. Karpowicz-S\u0142owikowskiej, E. Mikiciuk, T. Sucharskiego, Gda\u0144sk 2016, Wydawnictwo Uniwersytetu Gda\u0144skiego, s. 187-202.<\/li>\n\n\n\n<li><em>Stanis\u0142aw Szczepanowski jako bohater literacki, <\/em>[w:] <em>Literackie Krosno, <\/em>red. J. Ku\u0142akowska-Lis, G. Przebinda, Krosno 2016, Wydawnictwo PWSZ w Kro\u015bnie, s. 119-147.<\/li>\n\n\n\n<li><em>Przerwany szkic. O powstaniu \u201eLekcji \u0142aciny\u201d<\/em>, [w:] <em>Pracownia Herberta. Studia nad procesem tekstotw\u00f3rczym<\/em>, red. M. Antoniuk, Krak\u00f3w 2017, Wydawnictwo UJ, s. 185-203.<\/li>\n\n\n\n<li><em>Trzy lekcje Szekspira. Janka Or\u0142owska i modernizacja<\/em>. [w:] <em>\u201eWskrzesi\u0107 cho\u0107by chwil\u0119\u201d W\u0142adys\u0142awa Reymonta zmagania z my\u015bl\u0105 i form\u0105,<\/em> red. M. Bourkane, R. Okulicz-Kozaryn, A. Sell i M. Wedemann, Pozna\u0144 2017, Wydawnictwo UAM, s. 67-88.<\/li>\n\n\n\n<li><em>Polacy, my lubim groteski, <\/em>[w:] <em>Proza Tadeusza Mici\u0144skiego. Studia<\/em>, Red M. Bajko, W. Gutowski, J. \u0141awski, Bia\u0142ystok 2017, Wydawnictwo Prymat, s. 451-465.<\/li>\n\n\n\n<li><em>W sprawie J\u00f3zefki \u2013 blaski i cienie osiemnastowiecznej Warszawy<\/em> [w:] <em>Studia z Mi\u0119dzyepoki. Literatura wobec przemian cywilizacyjnych i spo\u0142ecznych lat 1764-1863<\/em>, red. E. Gracz-Chmura, A. Wa\u015bko, Krak\u00f3w 2017, Ksi\u0119garnia Akademicka, s. 167-184.<\/li>\n\n\n\n<li><em>Po\u017cytki z czytania nekrolog\u00f3w<\/em>. <em>Sprawa Pika-Mirandoli.<\/em> \u201eStudia Pigoniana. Rocznik PWSZ im S. Pigonia w Kro\u015bnie\u201d, Krosno 2018, s. 105-126.<\/li>\n\n\n\n<li><em>\u201eRzecz powinna si\u0119 dzia\u0107 w ciemnym w\u0105wozie\u2026\u201d Ironie w \u201eOziminie\u201d Wac\u0142awa Berenta<\/em>, [w:] <em>Ironia modernist\u00f3w Studia, <\/em>red. M Bajko, U. Pilch, J. \u0141awski, Bia\u0142ystok 2018, Wydawnictwo Prymat, s. 233-249.<\/li>\n\n\n\n<li><em>Inter arma silent Musae. Franciszek Pik-Mirandola w czasie Wielkiej Wojny. Rekonesans Badawczy, <\/em>[w:] <em>Krosno. Miasto i ludzie<\/em>, red. J. Ku\u0142akowska-Lis, F. Tereszkiewicz, Krosno 2019, Wydawnictwo KPU w Kro\u015bnie, s. 103-107.<\/li>\n\n\n\n<li>Dwa rozdzia\u0142y podr\u0119cznika do nauki j\u0119zyka polskiego jako obcego: <em>U lekarza. S\u0142ucham i rozumiem! Materia\u0142y do nauczania j\u0119zyka polskiego medycznego<\/em>, Krak\u00f3w 2019.<\/li>\n\n\n\n<li><em>Dobrzy Rosjanie \u2013 \u017beromski wobec liberalnej inteligencji rosyjskiej, <\/em>[w:] <em>Poza rusofili\u0105 i rusofobi\u0105? Pogl\u0105dy, postawy i realizacje w literaturze polskiej od XIX do XXI wieku, <\/em>red. E. Mikiciuk, K. Pa\u0144czyk-Koz\u0142owska, T. Sucharski, S\u0142upsk 2019, Wydawnictwo Naukowe Akademii Pomorskiej w S\u0142upsku, s. 61-73.<\/li>\n\n\n\n<li><em>Kobieta przes\u0105d. \u201eP\u0142omienie\u201d jako g\u0142os w kwestii kobiecej<\/em>, [w:] <em>Przemiany dyskursu emancypacyjnego kobiet<\/em>, Seria II, <em>Perspektywa polska<\/em>, red. A. Janicka, C. Fourier Kiss, B. Olech, Bia\u0142ystok 2019, Wydawnictwo Prymat, s. 455-467.<\/li>\n\n\n\n<li><em>\u201eIle\u015b wa\u0107pan harmat zdoby\u0142?\u201d \u2013 dziedzictwo romantyczne w <\/em>Oziminie<em> Wac\u0142awa Berenta,<\/em> [w:] <em>Wizje romantyzmu w literaturze i publicystyce polskiej XX wieku<\/em>, red. M. Urbanowski, A. Wa\u015bko, Krak\u00f3w 2020, Ksi\u0119garnia Akademicka, s. 29-62.<\/li>\n\n\n\n<li>Wojciech Grucha\u0142a, Dominik Wr\u00f3bel<em>, Sekrety \u015bwiata natury zdemaskowane, czyli Mistrz, Ma\u0142gorzata i fitonimy, <\/em>\u201eStudia Pigoniana\u201d 2020, nr 3, s. 125-163.<\/li>\n\n\n\n<li><em>Duch wynalazczy, nauka, fikcja \u2013 Jan Szczepanik i Franciszek Pik Mirandola jako prekursorzy science fiction<\/em>, \u201eStudia Pigoniana\u201d 2023, nr 6, s. 101-111.<\/li>\n\n\n\n<li><em>D\u0142onie memfijskiego Ptaha. Hermetyczna \u201eOzimina\u201d Wac\u0142awa Berenta<\/em> [w:] <em>\u201eM\u0142oda Polska ezoteryczna. Studia<\/em>\u201d, red. M. Bajko, J. \u0141awski, U. Pilch, Bia\u0142ystok 2023, s. 363-386.<\/li>\n\n\n\n<li><em>\u00a0Fantastyka i fantazmat literatury. Konceptualizacja literacko\u015bci w publicystyce Andrzeja Sapkowskiego<\/em>, [w:] \u201eFacta Ficta. Journal of Theory, Narrative &amp; Media\u201d 2024, vol. 1(13)<em> Wyobra\u017cone i realne, <\/em>s. 113-131.<\/li>\n\n\n\n<li><em>Wej\u015bcie do doliny niesamowito\u015bci. \u201eSztuczny \u017co\u0142nierz\u201d Franciszka Pika Mirandoli<\/em> [w:] <em>\u0179r\u00f3d\u0142a i sensy. Studia ofiarowane Profesorowi Januszowi S. Gruchale z okazji siedemdziesi\u0105tej rocznicy urodzin<\/em>, red. J. Kilia\u0144czyk-Zi\u0119ba, M. Komorowska, Krak\u00f3w 2024, s. 459-477.<\/li>\n\n\n\n<li><em>\u017beromski i rz\u0105d fachowc\u00f3w<\/em>, [w:] <em>\u017beromski. Powroty<\/em>, pod. Red. M. J. Olszewskiej, Warszawa 2024, s. 247-262.<\/li>\n\n\n\n<li><em>Fachowcy, wynalazcy i post\u0119p spo\u0142eczny<\/em>, \u201eBibliotekarz Podlaski\u201d 2024, nr 3, s. 219-230.<\/li>\n<\/ul>\n","protected":false},"excerpt":{"rendered":"<p>Ksi\u0105\u017cki Redakcja Artyku\u0142y<\/p>\n","protected":false},"author":1,"featured_media":0,"parent":5427,"menu_order":0,"comment_status":"closed","ping_status":"closed","template":"","meta":{"ngg_post_thumbnail":0,"footnotes":""},"class_list":["post-23","page","type-page","status-publish","hentry"],"yoast_head":"<!-- This site is optimized with the Yoast SEO Premium plugin v27.4 (Yoast SEO v27.4) - https:\/\/yoast.com\/product\/yoast-seo-premium-wordpress\/ -->\n<title>dr Wojciech Grucha\u0142a - Najwa\u017cniejsze publikacje - Pracownicy PANS w Kro\u015bnie<\/title>\n<meta name=\"robots\" content=\"index, follow, max-snippet:-1, max-image-preview:large, max-video-preview:-1\" \/>\n<link rel=\"canonical\" href=\"https:\/\/pans.krosno.pl\/pracownicy\/wojciech-gruchala\/wojciech-gruchala-najwazniejsze-publikacje\/\" \/>\n<meta property=\"og:locale\" content=\"pl_PL\" \/>\n<meta property=\"og:type\" content=\"article\" \/>\n<meta property=\"og:title\" content=\"dr Wojciech Grucha\u0142a - Najwa\u017cniejsze publikacje\" \/>\n<meta property=\"og:description\" content=\"Ksi\u0105\u017cki Redakcja Artyku\u0142y\" \/>\n<meta property=\"og:url\" content=\"https:\/\/pans.krosno.pl\/pracownicy\/wojciech-gruchala\/wojciech-gruchala-najwazniejsze-publikacje\/\" \/>\n<meta property=\"og:site_name\" content=\"Pracownicy PANS w Kro\u015bnie\" \/>\n<meta property=\"article:modified_time\" content=\"2025-05-14T12:06:39+00:00\" \/>\n<meta name=\"twitter:card\" content=\"summary_large_image\" \/>\n<meta name=\"twitter:label1\" content=\"Szacowany czas czytania\" \/>\n\t<meta name=\"twitter:data1\" content=\"6 minut\" \/>\n<script type=\"application\/ld+json\" class=\"yoast-schema-graph\">{\"@context\":\"https:\\\/\\\/schema.org\",\"@graph\":[{\"@type\":\"WebPage\",\"@id\":\"https:\\\/\\\/pans.krosno.pl\\\/pracownicy\\\/wojciech-gruchala\\\/wojciech-gruchala-najwazniejsze-publikacje\\\/\",\"url\":\"https:\\\/\\\/pans.krosno.pl\\\/pracownicy\\\/wojciech-gruchala\\\/wojciech-gruchala-najwazniejsze-publikacje\\\/\",\"name\":\"dr Wojciech Grucha\u0142a - Najwa\u017cniejsze publikacje - Pracownicy PANS w Kro\u015bnie\",\"isPartOf\":{\"@id\":\"https:\\\/\\\/pans.krosno.pl\\\/pracownicy\\\/#website\"},\"datePublished\":\"2020-03-24T07:45:47+00:00\",\"dateModified\":\"2025-05-14T12:06:39+00:00\",\"breadcrumb\":{\"@id\":\"https:\\\/\\\/pans.krosno.pl\\\/pracownicy\\\/wojciech-gruchala\\\/wojciech-gruchala-najwazniejsze-publikacje\\\/#breadcrumb\"},\"inLanguage\":\"pl-PL\",\"potentialAction\":[{\"@type\":\"ReadAction\",\"target\":[\"https:\\\/\\\/pans.krosno.pl\\\/pracownicy\\\/wojciech-gruchala\\\/wojciech-gruchala-najwazniejsze-publikacje\\\/\"]}]},{\"@type\":\"BreadcrumbList\",\"@id\":\"https:\\\/\\\/pans.krosno.pl\\\/pracownicy\\\/wojciech-gruchala\\\/wojciech-gruchala-najwazniejsze-publikacje\\\/#breadcrumb\",\"itemListElement\":[{\"@type\":\"ListItem\",\"position\":1,\"name\":\"Strona g\u0142\u00f3wna\",\"item\":\"https:\\\/\\\/pans.krosno.pl\\\/pracownicy\\\/\"},{\"@type\":\"ListItem\",\"position\":2,\"name\":\"dr Wojciech Grucha\u0142a\",\"item\":\"https:\\\/\\\/pans.krosno.pl\\\/pracownicy\\\/wojciech-gruchala\\\/\"},{\"@type\":\"ListItem\",\"position\":3,\"name\":\"dr Wojciech Grucha\u0142a &#8211; Najwa\u017cniejsze publikacje\"}]},{\"@type\":\"WebSite\",\"@id\":\"https:\\\/\\\/pans.krosno.pl\\\/pracownicy\\\/#website\",\"url\":\"https:\\\/\\\/pans.krosno.pl\\\/pracownicy\\\/\",\"name\":\"Pracownicy PANS w Kro\u015bnie\",\"description\":\"Pracownicy - Pa\u0144stwowa Akademia Nauk Stosowanych\",\"publisher\":{\"@id\":\"https:\\\/\\\/pans.krosno.pl\\\/pracownicy\\\/#organization\"},\"potentialAction\":[{\"@type\":\"SearchAction\",\"target\":{\"@type\":\"EntryPoint\",\"urlTemplate\":\"https:\\\/\\\/pans.krosno.pl\\\/pracownicy\\\/?s={search_term_string}\"},\"query-input\":{\"@type\":\"PropertyValueSpecification\",\"valueRequired\":true,\"valueName\":\"search_term_string\"}}],\"inLanguage\":\"pl-PL\"},{\"@type\":\"Organization\",\"@id\":\"https:\\\/\\\/pans.krosno.pl\\\/pracownicy\\\/#organization\",\"name\":\"Pracownicy PANS w Kro\u015bnie\",\"url\":\"https:\\\/\\\/pans.krosno.pl\\\/pracownicy\\\/\",\"logo\":{\"@type\":\"ImageObject\",\"inLanguage\":\"pl-PL\",\"@id\":\"https:\\\/\\\/pans.krosno.pl\\\/pracownicy\\\/#\\\/schema\\\/logo\\\/image\\\/\",\"url\":\"https:\\\/\\\/pans.krosno.pl\\\/pracownicy\\\/wp-content\\\/uploads\\\/sites\\\/41\\\/2023\\\/01\\\/Logo-PANS-2022-pelne.png\",\"contentUrl\":\"https:\\\/\\\/pans.krosno.pl\\\/pracownicy\\\/wp-content\\\/uploads\\\/sites\\\/41\\\/2023\\\/01\\\/Logo-PANS-2022-pelne.png\",\"width\":3096,\"height\":696,\"caption\":\"Pracownicy PANS w Kro\u015bnie\"},\"image\":{\"@id\":\"https:\\\/\\\/pans.krosno.pl\\\/pracownicy\\\/#\\\/schema\\\/logo\\\/image\\\/\"}}]}<\/script>\n<!-- \/ Yoast SEO Premium plugin. -->","yoast_head_json":{"title":"dr Wojciech Grucha\u0142a - Najwa\u017cniejsze publikacje - Pracownicy PANS w Kro\u015bnie","robots":{"index":"index","follow":"follow","max-snippet":"max-snippet:-1","max-image-preview":"max-image-preview:large","max-video-preview":"max-video-preview:-1"},"canonical":"https:\/\/pans.krosno.pl\/pracownicy\/wojciech-gruchala\/wojciech-gruchala-najwazniejsze-publikacje\/","og_locale":"pl_PL","og_type":"article","og_title":"dr Wojciech Grucha\u0142a - Najwa\u017cniejsze publikacje","og_description":"Ksi\u0105\u017cki Redakcja Artyku\u0142y","og_url":"https:\/\/pans.krosno.pl\/pracownicy\/wojciech-gruchala\/wojciech-gruchala-najwazniejsze-publikacje\/","og_site_name":"Pracownicy PANS w Kro\u015bnie","article_modified_time":"2025-05-14T12:06:39+00:00","twitter_card":"summary_large_image","twitter_misc":{"Szacowany czas czytania":"6 minut"},"schema":{"@context":"https:\/\/schema.org","@graph":[{"@type":"WebPage","@id":"https:\/\/pans.krosno.pl\/pracownicy\/wojciech-gruchala\/wojciech-gruchala-najwazniejsze-publikacje\/","url":"https:\/\/pans.krosno.pl\/pracownicy\/wojciech-gruchala\/wojciech-gruchala-najwazniejsze-publikacje\/","name":"dr Wojciech Grucha\u0142a - Najwa\u017cniejsze publikacje - Pracownicy PANS w Kro\u015bnie","isPartOf":{"@id":"https:\/\/pans.krosno.pl\/pracownicy\/#website"},"datePublished":"2020-03-24T07:45:47+00:00","dateModified":"2025-05-14T12:06:39+00:00","breadcrumb":{"@id":"https:\/\/pans.krosno.pl\/pracownicy\/wojciech-gruchala\/wojciech-gruchala-najwazniejsze-publikacje\/#breadcrumb"},"inLanguage":"pl-PL","potentialAction":[{"@type":"ReadAction","target":["https:\/\/pans.krosno.pl\/pracownicy\/wojciech-gruchala\/wojciech-gruchala-najwazniejsze-publikacje\/"]}]},{"@type":"BreadcrumbList","@id":"https:\/\/pans.krosno.pl\/pracownicy\/wojciech-gruchala\/wojciech-gruchala-najwazniejsze-publikacje\/#breadcrumb","itemListElement":[{"@type":"ListItem","position":1,"name":"Strona g\u0142\u00f3wna","item":"https:\/\/pans.krosno.pl\/pracownicy\/"},{"@type":"ListItem","position":2,"name":"dr Wojciech Grucha\u0142a","item":"https:\/\/pans.krosno.pl\/pracownicy\/wojciech-gruchala\/"},{"@type":"ListItem","position":3,"name":"dr Wojciech Grucha\u0142a &#8211; Najwa\u017cniejsze publikacje"}]},{"@type":"WebSite","@id":"https:\/\/pans.krosno.pl\/pracownicy\/#website","url":"https:\/\/pans.krosno.pl\/pracownicy\/","name":"Pracownicy PANS w Kro\u015bnie","description":"Pracownicy - Pa\u0144stwowa Akademia Nauk Stosowanych","publisher":{"@id":"https:\/\/pans.krosno.pl\/pracownicy\/#organization"},"potentialAction":[{"@type":"SearchAction","target":{"@type":"EntryPoint","urlTemplate":"https:\/\/pans.krosno.pl\/pracownicy\/?s={search_term_string}"},"query-input":{"@type":"PropertyValueSpecification","valueRequired":true,"valueName":"search_term_string"}}],"inLanguage":"pl-PL"},{"@type":"Organization","@id":"https:\/\/pans.krosno.pl\/pracownicy\/#organization","name":"Pracownicy PANS w Kro\u015bnie","url":"https:\/\/pans.krosno.pl\/pracownicy\/","logo":{"@type":"ImageObject","inLanguage":"pl-PL","@id":"https:\/\/pans.krosno.pl\/pracownicy\/#\/schema\/logo\/image\/","url":"https:\/\/pans.krosno.pl\/pracownicy\/wp-content\/uploads\/sites\/41\/2023\/01\/Logo-PANS-2022-pelne.png","contentUrl":"https:\/\/pans.krosno.pl\/pracownicy\/wp-content\/uploads\/sites\/41\/2023\/01\/Logo-PANS-2022-pelne.png","width":3096,"height":696,"caption":"Pracownicy PANS w Kro\u015bnie"},"image":{"@id":"https:\/\/pans.krosno.pl\/pracownicy\/#\/schema\/logo\/image\/"}}]}},"_links":{"self":[{"href":"https:\/\/pans.krosno.pl\/pracownicy\/wp-json\/wp\/v2\/pages\/23","targetHints":{"allow":["GET"]}}],"collection":[{"href":"https:\/\/pans.krosno.pl\/pracownicy\/wp-json\/wp\/v2\/pages"}],"about":[{"href":"https:\/\/pans.krosno.pl\/pracownicy\/wp-json\/wp\/v2\/types\/page"}],"author":[{"embeddable":true,"href":"https:\/\/pans.krosno.pl\/pracownicy\/wp-json\/wp\/v2\/users\/1"}],"replies":[{"embeddable":true,"href":"https:\/\/pans.krosno.pl\/pracownicy\/wp-json\/wp\/v2\/comments?post=23"}],"version-history":[{"count":8,"href":"https:\/\/pans.krosno.pl\/pracownicy\/wp-json\/wp\/v2\/pages\/23\/revisions"}],"predecessor-version":[{"id":10327,"href":"https:\/\/pans.krosno.pl\/pracownicy\/wp-json\/wp\/v2\/pages\/23\/revisions\/10327"}],"up":[{"embeddable":true,"href":"https:\/\/pans.krosno.pl\/pracownicy\/wp-json\/wp\/v2\/pages\/5427"}],"wp:attachment":[{"href":"https:\/\/pans.krosno.pl\/pracownicy\/wp-json\/wp\/v2\/media?parent=23"}],"curies":[{"name":"wp","href":"https:\/\/api.w.org\/{rel}","templated":true}]}}