{"id":2167,"date":"2020-04-10T16:37:30","date_gmt":"2020-04-10T14:37:30","guid":{"rendered":"https:\/\/pans.krosno.pl\/pracownicy\/?page_id=2167"},"modified":"2025-05-20T13:49:46","modified_gmt":"2025-05-20T11:49:46","slug":"jolanta-twardosz-zyciorys-naukowy","status":"publish","type":"page","link":"https:\/\/pans.krosno.pl\/pracownicy\/jolanta-twardosz\/jolanta-twardosz-zyciorys-naukowy\/","title":{"rendered":"mgr Jolanta Twardosz &#8211; \u017byciorys naukowy"},"content":{"rendered":"<hr>\n<ul>\n<li>Absolwentka Akademii Medycznej w Lublinie; magister piel\u0119gniarstwa,<\/li>\n<li>W 2007 r. &#8211; Specjalista w dziedzinie piel\u0119gniarstwa zachowawczego,<\/li>\n<li>W 2013 r. &#8211; Specjalista w dziedzinie piel\u0119gniarstwa kardiologicznego,<\/li>\n<li>Instruktor pierwszej pomocy.<\/li>\n<\/ul>\n<hr>\n<p style=\"text-align: center\"><strong>Uko\u0144czone kszta\u0142cenie podyplomowe<\/strong><\/p>\n<p><strong>Kurs specjalistyczny pn.:<\/strong><\/p>\n<ul>\n<li>&#8222;Piel\u0119gniarstwo anestezjologiczne i intensywnej opieki&#8221;,<\/li>\n<li>&#8222;Wykonywanie i interpretacja zapisu EKG&#8221;,<\/li>\n<li>\u201eOrdynowanie lek\u00f3w i wypisywanie recept\u201d,<\/li>\n<li>&#8222;Kompleksowa opieka nad pacjentem w wieku geriatrycznym&#8221;,<\/li>\n<\/ul>\n<p><strong>Szkolenie praktyczne pn.:<\/strong><\/p>\n<ul>\n<li>&#8222;Instruktor symulacji niskiej wierno\u015bci w piel\u0119gniarstwie&#8221;,<\/li>\n<li>Instruktor symulacji przedmiot\u00f3w specjalistycznych \u2013 po\u015brednia wierno\u015b\u0107,<\/li>\n<li>Instruktor symulacji wysokiej wierno\u015bci,<\/li>\n<li>&#8222;Egzaminator OSCE w piel\u0119gniarstwie&#8221;,<\/li>\n<li>Liczne szkolenia z zakresu organizacji pracy i zarz\u0105dzania zespo\u0142em piel\u0119gniarskim, planowania obsady piel\u0119gniarskiej w oddzia\u0142ach zabiegowych, wsp\u00f3\u0142praca w zespole terapeutycznym.<\/li>\n<\/ul>\n<hr>\n<p>&nbsp;<\/p>\n","protected":false},"excerpt":{"rendered":"<p>Absolwentka Akademii Medycznej w Lublinie; magister piel\u0119gniarstwa, W 2007 r. &#8211; Specjalista w dziedzinie piel\u0119gniarstwa zachowawczego, W 2013 r. &#8211; Specjalista w dziedzinie piel\u0119gniarstwa kardiologicznego, Instruktor pierwszej pomocy. Uko\u0144czone kszta\u0142cenie podyplomowe Kurs specjalistyczny pn.: &#8222;Piel\u0119gniarstwo anestezjologiczne i intensywnej opieki&#8221;, &#8222;Wykonywanie i interpretacja zapisu EKG&#8221;, \u201eOrdynowanie lek\u00f3w i wypisywanie recept\u201d, &#8222;Kompleksowa [\u2026] <\/p>\n<div class=\"clear\"><\/div>\n<p><a class=\"more_link clearfix\" href=\"https:\/\/pans.krosno.pl\/pracownicy\/jolanta-twardosz\/jolanta-twardosz-zyciorys-naukowy\/\" rel=\"nofollow\">Read More<\/a><\/p>\n","protected":false},"author":36,"featured_media":0,"parent":2163,"menu_order":0,"comment_status":"closed","ping_status":"closed","template":"","meta":{"ngg_post_thumbnail":0,"footnotes":""},"class_list":["post-2167","page","type-page","status-publish","hentry"],"yoast_head":"<!-- This site is optimized with the Yoast SEO Premium plugin v27.3 (Yoast SEO v27.3) - https:\/\/yoast.com\/product\/yoast-seo-premium-wordpress\/ -->\n<title>mgr Jolanta Twardosz - \u017byciorys naukowy - Pracownicy PANS w Kro\u015bnie<\/title>\n<meta name=\"robots\" content=\"index, follow, max-snippet:-1, max-image-preview:large, max-video-preview:-1\" \/>\n<link rel=\"canonical\" href=\"https:\/\/pans.krosno.pl\/pracownicy\/jolanta-twardosz\/jolanta-twardosz-zyciorys-naukowy\/\" \/>\n<meta property=\"og:locale\" content=\"pl_PL\" \/>\n<meta property=\"og:type\" content=\"article\" \/>\n<meta property=\"og:title\" content=\"mgr Jolanta Twardosz - \u017byciorys naukowy\" \/>\n<meta property=\"og:description\" content=\"Absolwentka Akademii Medycznej w Lublinie; magister piel\u0119gniarstwa, W 2007 r. &#8211; Specjalista w dziedzinie piel\u0119gniarstwa zachowawczego, W 2013 r. &#8211; Specjalista w dziedzinie piel\u0119gniarstwa kardiologicznego, Instruktor pierwszej pomocy. Uko\u0144czone kszta\u0142cenie podyplomowe Kurs specjalistyczny pn.: &#8222;Piel\u0119gniarstwo anestezjologiczne i intensywnej opieki&#8221;, &#8222;Wykonywanie i interpretacja zapisu EKG&#8221;, \u201eOrdynowanie lek\u00f3w i wypisywanie recept\u201d, &#8222;Kompleksowa [\u2026] Read More\" \/>\n<meta property=\"og:url\" content=\"https:\/\/pans.krosno.pl\/pracownicy\/jolanta-twardosz\/jolanta-twardosz-zyciorys-naukowy\/\" \/>\n<meta property=\"og:site_name\" content=\"Pracownicy PANS w Kro\u015bnie\" \/>\n<meta property=\"article:modified_time\" content=\"2025-05-20T11:49:46+00:00\" \/>\n<meta name=\"twitter:card\" content=\"summary_large_image\" \/>\n<meta name=\"twitter:label1\" content=\"Szacowany czas czytania\" \/>\n\t<meta name=\"twitter:data1\" content=\"1 minuta\" \/>\n<script type=\"application\/ld+json\" class=\"yoast-schema-graph\">{\"@context\":\"https:\\\/\\\/schema.org\",\"@graph\":[{\"@type\":\"WebPage\",\"@id\":\"https:\\\/\\\/pans.krosno.pl\\\/pracownicy\\\/jolanta-twardosz\\\/jolanta-twardosz-zyciorys-naukowy\\\/\",\"url\":\"https:\\\/\\\/pans.krosno.pl\\\/pracownicy\\\/jolanta-twardosz\\\/jolanta-twardosz-zyciorys-naukowy\\\/\",\"name\":\"mgr Jolanta Twardosz - \u017byciorys naukowy - Pracownicy PANS w Kro\u015bnie\",\"isPartOf\":{\"@id\":\"https:\\\/\\\/pans.krosno.pl\\\/pracownicy\\\/#website\"},\"datePublished\":\"2020-04-10T14:37:30+00:00\",\"dateModified\":\"2025-05-20T11:49:46+00:00\",\"breadcrumb\":{\"@id\":\"https:\\\/\\\/pans.krosno.pl\\\/pracownicy\\\/jolanta-twardosz\\\/jolanta-twardosz-zyciorys-naukowy\\\/#breadcrumb\"},\"inLanguage\":\"pl-PL\",\"potentialAction\":[{\"@type\":\"ReadAction\",\"target\":[\"https:\\\/\\\/pans.krosno.pl\\\/pracownicy\\\/jolanta-twardosz\\\/jolanta-twardosz-zyciorys-naukowy\\\/\"]}]},{\"@type\":\"BreadcrumbList\",\"@id\":\"https:\\\/\\\/pans.krosno.pl\\\/pracownicy\\\/jolanta-twardosz\\\/jolanta-twardosz-zyciorys-naukowy\\\/#breadcrumb\",\"itemListElement\":[{\"@type\":\"ListItem\",\"position\":1,\"name\":\"Strona g\u0142\u00f3wna\",\"item\":\"https:\\\/\\\/pans.krosno.pl\\\/pracownicy\\\/\"},{\"@type\":\"ListItem\",\"position\":2,\"name\":\"mgr Jolanta Twardosz\",\"item\":\"https:\\\/\\\/pans.krosno.pl\\\/pracownicy\\\/jolanta-twardosz\\\/\"},{\"@type\":\"ListItem\",\"position\":3,\"name\":\"mgr Jolanta Twardosz &#8211; \u017byciorys naukowy\"}]},{\"@type\":\"WebSite\",\"@id\":\"https:\\\/\\\/pans.krosno.pl\\\/pracownicy\\\/#website\",\"url\":\"https:\\\/\\\/pans.krosno.pl\\\/pracownicy\\\/\",\"name\":\"Pracownicy PANS w Kro\u015bnie\",\"description\":\"Pracownicy - Pa\u0144stwowa Akademia Nauk Stosowanych\",\"publisher\":{\"@id\":\"https:\\\/\\\/pans.krosno.pl\\\/pracownicy\\\/#organization\"},\"potentialAction\":[{\"@type\":\"SearchAction\",\"target\":{\"@type\":\"EntryPoint\",\"urlTemplate\":\"https:\\\/\\\/pans.krosno.pl\\\/pracownicy\\\/?s={search_term_string}\"},\"query-input\":{\"@type\":\"PropertyValueSpecification\",\"valueRequired\":true,\"valueName\":\"search_term_string\"}}],\"inLanguage\":\"pl-PL\"},{\"@type\":\"Organization\",\"@id\":\"https:\\\/\\\/pans.krosno.pl\\\/pracownicy\\\/#organization\",\"name\":\"Pracownicy PANS w Kro\u015bnie\",\"url\":\"https:\\\/\\\/pans.krosno.pl\\\/pracownicy\\\/\",\"logo\":{\"@type\":\"ImageObject\",\"inLanguage\":\"pl-PL\",\"@id\":\"https:\\\/\\\/pans.krosno.pl\\\/pracownicy\\\/#\\\/schema\\\/logo\\\/image\\\/\",\"url\":\"https:\\\/\\\/pans.krosno.pl\\\/pracownicy\\\/wp-content\\\/uploads\\\/sites\\\/41\\\/2023\\\/01\\\/Logo-PANS-2022-pelne.png\",\"contentUrl\":\"https:\\\/\\\/pans.krosno.pl\\\/pracownicy\\\/wp-content\\\/uploads\\\/sites\\\/41\\\/2023\\\/01\\\/Logo-PANS-2022-pelne.png\",\"width\":3096,\"height\":696,\"caption\":\"Pracownicy PANS w Kro\u015bnie\"},\"image\":{\"@id\":\"https:\\\/\\\/pans.krosno.pl\\\/pracownicy\\\/#\\\/schema\\\/logo\\\/image\\\/\"}}]}<\/script>\n<!-- \/ Yoast SEO Premium plugin. -->","yoast_head_json":{"title":"mgr Jolanta Twardosz - \u017byciorys naukowy - Pracownicy PANS w Kro\u015bnie","robots":{"index":"index","follow":"follow","max-snippet":"max-snippet:-1","max-image-preview":"max-image-preview:large","max-video-preview":"max-video-preview:-1"},"canonical":"https:\/\/pans.krosno.pl\/pracownicy\/jolanta-twardosz\/jolanta-twardosz-zyciorys-naukowy\/","og_locale":"pl_PL","og_type":"article","og_title":"mgr Jolanta Twardosz - \u017byciorys naukowy","og_description":"Absolwentka Akademii Medycznej w Lublinie; magister piel\u0119gniarstwa, W 2007 r. &#8211; Specjalista w dziedzinie piel\u0119gniarstwa zachowawczego, W 2013 r. &#8211; Specjalista w dziedzinie piel\u0119gniarstwa kardiologicznego, Instruktor pierwszej pomocy. Uko\u0144czone kszta\u0142cenie podyplomowe Kurs specjalistyczny pn.: &#8222;Piel\u0119gniarstwo anestezjologiczne i intensywnej opieki&#8221;, &#8222;Wykonywanie i interpretacja zapisu EKG&#8221;, \u201eOrdynowanie lek\u00f3w i wypisywanie recept\u201d, &#8222;Kompleksowa [\u2026] Read More","og_url":"https:\/\/pans.krosno.pl\/pracownicy\/jolanta-twardosz\/jolanta-twardosz-zyciorys-naukowy\/","og_site_name":"Pracownicy PANS w Kro\u015bnie","article_modified_time":"2025-05-20T11:49:46+00:00","twitter_card":"summary_large_image","twitter_misc":{"Szacowany czas czytania":"1 minuta"},"schema":{"@context":"https:\/\/schema.org","@graph":[{"@type":"WebPage","@id":"https:\/\/pans.krosno.pl\/pracownicy\/jolanta-twardosz\/jolanta-twardosz-zyciorys-naukowy\/","url":"https:\/\/pans.krosno.pl\/pracownicy\/jolanta-twardosz\/jolanta-twardosz-zyciorys-naukowy\/","name":"mgr Jolanta Twardosz - \u017byciorys naukowy - Pracownicy PANS w Kro\u015bnie","isPartOf":{"@id":"https:\/\/pans.krosno.pl\/pracownicy\/#website"},"datePublished":"2020-04-10T14:37:30+00:00","dateModified":"2025-05-20T11:49:46+00:00","breadcrumb":{"@id":"https:\/\/pans.krosno.pl\/pracownicy\/jolanta-twardosz\/jolanta-twardosz-zyciorys-naukowy\/#breadcrumb"},"inLanguage":"pl-PL","potentialAction":[{"@type":"ReadAction","target":["https:\/\/pans.krosno.pl\/pracownicy\/jolanta-twardosz\/jolanta-twardosz-zyciorys-naukowy\/"]}]},{"@type":"BreadcrumbList","@id":"https:\/\/pans.krosno.pl\/pracownicy\/jolanta-twardosz\/jolanta-twardosz-zyciorys-naukowy\/#breadcrumb","itemListElement":[{"@type":"ListItem","position":1,"name":"Strona g\u0142\u00f3wna","item":"https:\/\/pans.krosno.pl\/pracownicy\/"},{"@type":"ListItem","position":2,"name":"mgr Jolanta Twardosz","item":"https:\/\/pans.krosno.pl\/pracownicy\/jolanta-twardosz\/"},{"@type":"ListItem","position":3,"name":"mgr Jolanta Twardosz &#8211; \u017byciorys naukowy"}]},{"@type":"WebSite","@id":"https:\/\/pans.krosno.pl\/pracownicy\/#website","url":"https:\/\/pans.krosno.pl\/pracownicy\/","name":"Pracownicy PANS w Kro\u015bnie","description":"Pracownicy - Pa\u0144stwowa Akademia Nauk Stosowanych","publisher":{"@id":"https:\/\/pans.krosno.pl\/pracownicy\/#organization"},"potentialAction":[{"@type":"SearchAction","target":{"@type":"EntryPoint","urlTemplate":"https:\/\/pans.krosno.pl\/pracownicy\/?s={search_term_string}"},"query-input":{"@type":"PropertyValueSpecification","valueRequired":true,"valueName":"search_term_string"}}],"inLanguage":"pl-PL"},{"@type":"Organization","@id":"https:\/\/pans.krosno.pl\/pracownicy\/#organization","name":"Pracownicy PANS w Kro\u015bnie","url":"https:\/\/pans.krosno.pl\/pracownicy\/","logo":{"@type":"ImageObject","inLanguage":"pl-PL","@id":"https:\/\/pans.krosno.pl\/pracownicy\/#\/schema\/logo\/image\/","url":"https:\/\/pans.krosno.pl\/pracownicy\/wp-content\/uploads\/sites\/41\/2023\/01\/Logo-PANS-2022-pelne.png","contentUrl":"https:\/\/pans.krosno.pl\/pracownicy\/wp-content\/uploads\/sites\/41\/2023\/01\/Logo-PANS-2022-pelne.png","width":3096,"height":696,"caption":"Pracownicy PANS w Kro\u015bnie"},"image":{"@id":"https:\/\/pans.krosno.pl\/pracownicy\/#\/schema\/logo\/image\/"}}]}},"_links":{"self":[{"href":"https:\/\/pans.krosno.pl\/pracownicy\/wp-json\/wp\/v2\/pages\/2167","targetHints":{"allow":["GET"]}}],"collection":[{"href":"https:\/\/pans.krosno.pl\/pracownicy\/wp-json\/wp\/v2\/pages"}],"about":[{"href":"https:\/\/pans.krosno.pl\/pracownicy\/wp-json\/wp\/v2\/types\/page"}],"author":[{"embeddable":true,"href":"https:\/\/pans.krosno.pl\/pracownicy\/wp-json\/wp\/v2\/users\/36"}],"replies":[{"embeddable":true,"href":"https:\/\/pans.krosno.pl\/pracownicy\/wp-json\/wp\/v2\/comments?post=2167"}],"version-history":[{"count":7,"href":"https:\/\/pans.krosno.pl\/pracownicy\/wp-json\/wp\/v2\/pages\/2167\/revisions"}],"predecessor-version":[{"id":11016,"href":"https:\/\/pans.krosno.pl\/pracownicy\/wp-json\/wp\/v2\/pages\/2167\/revisions\/11016"}],"up":[{"embeddable":true,"href":"https:\/\/pans.krosno.pl\/pracownicy\/wp-json\/wp\/v2\/pages\/2163"}],"wp:attachment":[{"href":"https:\/\/pans.krosno.pl\/pracownicy\/wp-json\/wp\/v2\/media?parent=2167"}],"curies":[{"name":"wp","href":"https:\/\/api.w.org\/{rel}","templated":true}]}}