{"id":2040,"date":"2020-04-07T11:29:04","date_gmt":"2020-04-07T09:29:04","guid":{"rendered":"https:\/\/pans.krosno.pl\/pracownicy\/?page_id=2040"},"modified":"2025-05-14T10:27:28","modified_gmt":"2025-05-14T08:27:28","slug":"elzbieta-bragiel-najwazniejsze-publikacje","status":"publish","type":"page","link":"https:\/\/pans.krosno.pl\/pracownicy\/elzbieta-bragiel\/elzbieta-bragiel-najwazniejsze-publikacje\/","title":{"rendered":"mgr in\u017c. El\u017cbieta Br\u0105giel &#8211; Najwa\u017cniejsze publikacje"},"content":{"rendered":"<hr>\n<p><strong>Artyku\u0142y i rozdzia\u0142y w monografiach<\/strong><\/p>\n<ol>\n<li>Bienia B., Dykiel M., Br\u0105giel E. Sustainable development \u2013 concept, definitions.<br \/>\n\u0404\u0432\u0440\u043e\u043f\u0435\u0439\u0441\u044c\u043a\u0438\u0439 \u0412\u0435\u043a\u0442\u043e\u0440 \u0415\u043a\u043e\u043d\u043e\u043c\u0456\u0447\u043d\u043e\u0433\u043e \u0420\u043e\u0437\u0432\u0438\u0442\u043a\u0443, \u041d\u0430\u0443\u043a\u043e\u0432\u0438\u0439 \u0416\u0443\u0440\u043d\u0430\u043b, \u0412\u0438\u0445\u043e\u0434\u0438\u0442\u044c 2 \u0440\u0430\u0437\u0438 \u043d\u0430 \u0440\u0456\u043a \u0417\u0430\u0441\u043d\u043e\u0432\u0430\u043d\u0438\u0439 \u0443 \u0436\u043e\u0432\u0442\u043d\u0456 2005 \u0440. \u2116 2 (27) 2019, \u0414\u043d\u0456\u043f\u0440\u043e 2019, s. 17-27.<\/li>\n<li>Br\u0105giel E., Teresa Mi\u015b, Changes in the organic processing in Poland in the years 2004\u20132017. Proceedings of the 2019 International Scientific Conference \u2018Economic Sciences for Agribusiness and Rural Economy\u2019 Warsaw, 5\u20137 June 2019, No 3, pp. 52\u201359.<\/li>\n<li>Br\u0105giel \u0415., \u015alusarczyk \u0412., Zywar \u041a., Bielawa \u0412. Analysis of the development of organic food processing in Poland. Economy in Conditions of Globalization: Problems, Trends, Perspectives. Materials Digest of the 4th International Scientific and practical Internet-Conference. \u0414\u043d\u0456\u043f\u0440\u043e, 2018, s. 31-37.<\/li>\n<li>\u015alusarczyk B., Br\u0105giel E., Staniszewska A., Szyd\u0142o E. 2019. Analysis of active enterprises established in Poland in the years 2012-2016. Central European Review of Economics &amp; Finance, Radom, Vol 30 No 2 (2019), pp. 21-32.<\/li>\n<li>Dykiel M., Krochmal-Marczak B., Br\u0105giel E., G\u00f3rka M. 2018. Wybrane zagadnienia dotycz\u0105ce jako\u015bci i znakowania produkt\u00f3w \u017cywno\u015bciowych. [w:] Monografia naukowa pod redakcj\u0105 Barbary Krochmal-Marczak. Jako\u015b\u0107 produkt\u00f3w sektora rolno-spo\u017cywczego i jego pozycja na rynku. PWSZ, Krosno, s.115-127.<\/li>\n<li>Br\u0105giel E., G\u00f3rka M., Szyd\u0142o E., Staniszewska A. 2018. Preferencje konsumenckie student\u00f3w na rynku czekolady. [w:] Monografia naukowa pod redakcj\u0105 Barbary Krochmal-Marczak. Jako\u015b\u0107 produkt\u00f3w sektora rolno-spo\u017cywczego i jego pozycja na rynku. PWSZ, Krosno, s.145-162.<\/li>\n<li>G\u00f3rka M., Br\u0105giel E. 2018. Wybrane aspekty innowacyjno\u015bci przedsi\u0119biorstw \u2013 studium przypadku. Roczniki Naukowe SERiA, XX (3), Pozna\u0144, s.53-58.<\/li>\n<li>Br\u0105giel E. Dynamika rozwoju produkcji ekologicznej w Polsce ze szczeg\u00f3lnym uwzgl\u0119dnieniem wojew\u00f3dztwa podkarpackiego. [w] Wybrane aspekty bezpiecze\u0144stwa \u017cywno\u015bci. Monografia naukowa pod red. B. Krochmal-Marczak, PWSZ w Kro\u015bnie, 2017 s.163-180. ISBN 973-83-64457-33-3.<\/li>\n<li>Br\u0105giel E., \u015alusarczyk B. Tendencje na europejskim rynku \u017cywno\u015bci ekologicznej. Zeszyt 3, ZN SGGW Problemy Rolnictwa \u015awiatowego. SGGW, Warszawa 2017, Vol.17.(XXXII), No.3. s.29-38.<\/li>\n<li>Br\u0105giel E., G\u00f3rka M., Dykiel M., Krochmal-Marczak B., Bienia B. Innowacyjne opakowania inteligentne a bezpiecze\u0144stwo produkt\u00f3w \u017cywno\u015bciowych. [w:] Bezpiecze\u0144stwo \u017cywno\u015bci i \u017cywienia. pod red. Witczaka M., Adamczyk G., Jaworskiej G., Witczak T. Seria Monografie. Tom 4, Bezpiecze\u0144stwo \u017cywno\u015bci i \u017cywienia. cz\u0119\u015b\u0107 I. Wybrane zagadnienia. Pa\u0144stwowa Wy\u017csza Szko\u0142a Wschodnioeuropejska w Przemy\u015blu. Przemy\u015bl 2017, s. 153-171.<\/li>\n<li>Br\u0105giel E., Dykiel M. Rola mikroprzedsi\u0119biorstw na regionalnym rynku pracy. Przedsi\u0119biorstwo i Region, Uniwersytet Rzeszowski, Rzesz\u00f3w, nr 8\/2016, 2016, s. 22-32.<\/li>\n<li>Br\u0105giel E., M. Pisarek, M. \u0179r\u00f3d\u0142o-Loda Uwarunkowania zakupu spo\u017cywczych produkt\u00f3w ekologicznych przez mieszka\u0144c\u00f3w Krosna\/ Conditions of organic comestible food purchase by citizens of Krosno \u201eEconomic and Regional Studies\/ Studia Ekonomiczne i Regionalne\u201d volume 8, nr 3\/2015 Bia\u0142a Podlaska 2015, s. 79-88. ISSN 2083-3725,<\/li>\n<li>Br\u0105giel E., M. G\u00f3rka, M. Pisarek, M. \u0179r\u00f3d\u0142o-Loda, Analiza MMSP w aspekcie rozwoju spo\u0142eczno-gospodarczego wojew\u00f3dztwa podkarpackiego na tle Polski w latach 2009-2013 [w:] Biznestrans. Wyzwania polityki regionalnej w aspekcie rozwoju spo\u0142eczno-gospodarczego obszar\u00f3w transgranicznych, Tom 2, red. K. \u015awierczewska -Pietras, M. Pyra. 2015, PSW im. Papie\u017ca Jana Paw\u0142a II w Bia\u0142ej Podlaskiej s.179-190.<\/li>\n<li>G\u00f3rka M., Br\u0105giel E. Zmiany w sektorze sp\u00f3\u0142dzielczym w Polsce i wojew\u00f3dztwie podkarpackim. Monografia pt; \u201ePrzekszta\u0142cenia w\u0142asno\u015bciowe w rolnictwie \u2013 20 lat do\u015bwiadcze\u0144 i perspektywy\u201d, Wyd. SGGW Warszawa, 2013.<\/li>\n<li>Br\u0105giel E. Leasing jako specyficzna forma finansowania inwestycji w przedsi\u0119biorstwach. [w] Nowoczesne koncepcje finansowania dzia\u0142alno\u015bci gospodarczej. Filip P., Grzebyk M. (red.). Nauka dla gospodarki nr1\/2012. Projekt \u201eInternetowa Promocja Nauki\u201d. Priorytet IV: Szkolnictwo wy\u017csze i nauka. Dzia\u0142anie 4.2 Rozw\u00f3j kwalifikacji kadr systemu B+R i wzrost \u015bwiadomo\u015bci roli nauki w rozwoju gospodarczym. URz Rzesz\u00f3w 2012.<\/li>\n<\/ol>\n<hr>\n<p>&nbsp;<\/p>\n","protected":false},"excerpt":{"rendered":"<p>Artyku\u0142y i rozdzia\u0142y w monografiach Bienia B., Dykiel M., Br\u0105giel E. Sustainable development \u2013 concept, definitions. \u0404\u0432\u0440\u043e\u043f\u0435\u0439\u0441\u044c\u043a\u0438\u0439 \u0412\u0435\u043a\u0442\u043e\u0440 \u0415\u043a\u043e\u043d\u043e\u043c\u0456\u0447\u043d\u043e\u0433\u043e \u0420\u043e\u0437\u0432\u0438\u0442\u043a\u0443, \u041d\u0430\u0443\u043a\u043e\u0432\u0438\u0439 \u0416\u0443\u0440\u043d\u0430\u043b, \u0412\u0438\u0445\u043e\u0434\u0438\u0442\u044c 2 \u0440\u0430\u0437\u0438 \u043d\u0430 \u0440\u0456\u043a \u0417\u0430\u0441\u043d\u043e\u0432\u0430\u043d\u0438\u0439 \u0443 \u0436\u043e\u0432\u0442\u043d\u0456 2005 \u0440. \u2116 2 (27) 2019, \u0414\u043d\u0456\u043f\u0440\u043e 2019, s. 17-27. Br\u0105giel E., Teresa Mi\u015b, Changes in the organic processing in [\u2026] <\/p>\n<div class=\"clear\"><\/div>\n<p><a class=\"more_link clearfix\" href=\"https:\/\/pans.krosno.pl\/pracownicy\/elzbieta-bragiel\/elzbieta-bragiel-najwazniejsze-publikacje\/\" rel=\"nofollow\">Read More<\/a><\/p>\n","protected":false},"author":36,"featured_media":0,"parent":2029,"menu_order":0,"comment_status":"closed","ping_status":"closed","template":"","meta":{"ngg_post_thumbnail":0,"footnotes":""},"class_list":["post-2040","page","type-page","status-publish","hentry"],"yoast_head":"<!-- This site is optimized with the Yoast SEO Premium plugin v27.4 (Yoast SEO v27.4) - https:\/\/yoast.com\/product\/yoast-seo-premium-wordpress\/ -->\n<title>mgr in\u017c. El\u017cbieta Br\u0105giel - Najwa\u017cniejsze publikacje - Pracownicy PANS w Kro\u015bnie<\/title>\n<meta name=\"robots\" content=\"index, follow, max-snippet:-1, max-image-preview:large, max-video-preview:-1\" \/>\n<link rel=\"canonical\" href=\"https:\/\/pans.krosno.pl\/pracownicy\/elzbieta-bragiel\/elzbieta-bragiel-najwazniejsze-publikacje\/\" \/>\n<meta property=\"og:locale\" content=\"pl_PL\" \/>\n<meta property=\"og:type\" content=\"article\" \/>\n<meta property=\"og:title\" content=\"mgr in\u017c. El\u017cbieta Br\u0105giel - Najwa\u017cniejsze publikacje\" \/>\n<meta property=\"og:description\" content=\"Artyku\u0142y i rozdzia\u0142y w monografiach Bienia B., Dykiel M., Br\u0105giel E. Sustainable development \u2013 concept, definitions. \u0404\u0432\u0440\u043e\u043f\u0435\u0439\u0441\u044c\u043a\u0438\u0439 \u0412\u0435\u043a\u0442\u043e\u0440 \u0415\u043a\u043e\u043d\u043e\u043c\u0456\u0447\u043d\u043e\u0433\u043e \u0420\u043e\u0437\u0432\u0438\u0442\u043a\u0443, \u041d\u0430\u0443\u043a\u043e\u0432\u0438\u0439 \u0416\u0443\u0440\u043d\u0430\u043b, \u0412\u0438\u0445\u043e\u0434\u0438\u0442\u044c 2 \u0440\u0430\u0437\u0438 \u043d\u0430 \u0440\u0456\u043a \u0417\u0430\u0441\u043d\u043e\u0432\u0430\u043d\u0438\u0439 \u0443 \u0436\u043e\u0432\u0442\u043d\u0456 2005 \u0440. \u2116 2 (27) 2019, \u0414\u043d\u0456\u043f\u0440\u043e 2019, s. 17-27. Br\u0105giel E., Teresa Mi\u015b, Changes in the organic processing in [\u2026] Read More\" \/>\n<meta property=\"og:url\" content=\"https:\/\/pans.krosno.pl\/pracownicy\/elzbieta-bragiel\/elzbieta-bragiel-najwazniejsze-publikacje\/\" \/>\n<meta property=\"og:site_name\" content=\"Pracownicy PANS w Kro\u015bnie\" \/>\n<meta property=\"article:modified_time\" content=\"2025-05-14T08:27:28+00:00\" \/>\n<meta name=\"twitter:card\" content=\"summary_large_image\" \/>\n<meta name=\"twitter:label1\" content=\"Szacowany czas czytania\" \/>\n\t<meta name=\"twitter:data1\" content=\"4 minuty\" \/>\n<script type=\"application\/ld+json\" class=\"yoast-schema-graph\">{\"@context\":\"https:\\\/\\\/schema.org\",\"@graph\":[{\"@type\":\"WebPage\",\"@id\":\"https:\\\/\\\/pans.krosno.pl\\\/pracownicy\\\/elzbieta-bragiel\\\/elzbieta-bragiel-najwazniejsze-publikacje\\\/\",\"url\":\"https:\\\/\\\/pans.krosno.pl\\\/pracownicy\\\/elzbieta-bragiel\\\/elzbieta-bragiel-najwazniejsze-publikacje\\\/\",\"name\":\"mgr in\u017c. El\u017cbieta Br\u0105giel - Najwa\u017cniejsze publikacje - Pracownicy PANS w Kro\u015bnie\",\"isPartOf\":{\"@id\":\"https:\\\/\\\/pans.krosno.pl\\\/pracownicy\\\/#website\"},\"datePublished\":\"2020-04-07T09:29:04+00:00\",\"dateModified\":\"2025-05-14T08:27:28+00:00\",\"breadcrumb\":{\"@id\":\"https:\\\/\\\/pans.krosno.pl\\\/pracownicy\\\/elzbieta-bragiel\\\/elzbieta-bragiel-najwazniejsze-publikacje\\\/#breadcrumb\"},\"inLanguage\":\"pl-PL\",\"potentialAction\":[{\"@type\":\"ReadAction\",\"target\":[\"https:\\\/\\\/pans.krosno.pl\\\/pracownicy\\\/elzbieta-bragiel\\\/elzbieta-bragiel-najwazniejsze-publikacje\\\/\"]}]},{\"@type\":\"BreadcrumbList\",\"@id\":\"https:\\\/\\\/pans.krosno.pl\\\/pracownicy\\\/elzbieta-bragiel\\\/elzbieta-bragiel-najwazniejsze-publikacje\\\/#breadcrumb\",\"itemListElement\":[{\"@type\":\"ListItem\",\"position\":1,\"name\":\"Strona g\u0142\u00f3wna\",\"item\":\"https:\\\/\\\/pans.krosno.pl\\\/pracownicy\\\/\"},{\"@type\":\"ListItem\",\"position\":2,\"name\":\"mgr in\u017c. El\u017cbieta Br\u0105giel\",\"item\":\"https:\\\/\\\/pans.krosno.pl\\\/pracownicy\\\/elzbieta-bragiel\\\/\"},{\"@type\":\"ListItem\",\"position\":3,\"name\":\"mgr in\u017c. El\u017cbieta Br\u0105giel &#8211; Najwa\u017cniejsze publikacje\"}]},{\"@type\":\"WebSite\",\"@id\":\"https:\\\/\\\/pans.krosno.pl\\\/pracownicy\\\/#website\",\"url\":\"https:\\\/\\\/pans.krosno.pl\\\/pracownicy\\\/\",\"name\":\"Pracownicy PANS w Kro\u015bnie\",\"description\":\"Pracownicy - Pa\u0144stwowa Akademia Nauk Stosowanych\",\"publisher\":{\"@id\":\"https:\\\/\\\/pans.krosno.pl\\\/pracownicy\\\/#organization\"},\"potentialAction\":[{\"@type\":\"SearchAction\",\"target\":{\"@type\":\"EntryPoint\",\"urlTemplate\":\"https:\\\/\\\/pans.krosno.pl\\\/pracownicy\\\/?s={search_term_string}\"},\"query-input\":{\"@type\":\"PropertyValueSpecification\",\"valueRequired\":true,\"valueName\":\"search_term_string\"}}],\"inLanguage\":\"pl-PL\"},{\"@type\":\"Organization\",\"@id\":\"https:\\\/\\\/pans.krosno.pl\\\/pracownicy\\\/#organization\",\"name\":\"Pracownicy PANS w Kro\u015bnie\",\"url\":\"https:\\\/\\\/pans.krosno.pl\\\/pracownicy\\\/\",\"logo\":{\"@type\":\"ImageObject\",\"inLanguage\":\"pl-PL\",\"@id\":\"https:\\\/\\\/pans.krosno.pl\\\/pracownicy\\\/#\\\/schema\\\/logo\\\/image\\\/\",\"url\":\"https:\\\/\\\/pans.krosno.pl\\\/pracownicy\\\/wp-content\\\/uploads\\\/sites\\\/41\\\/2023\\\/01\\\/Logo-PANS-2022-pelne.png\",\"contentUrl\":\"https:\\\/\\\/pans.krosno.pl\\\/pracownicy\\\/wp-content\\\/uploads\\\/sites\\\/41\\\/2023\\\/01\\\/Logo-PANS-2022-pelne.png\",\"width\":3096,\"height\":696,\"caption\":\"Pracownicy PANS w Kro\u015bnie\"},\"image\":{\"@id\":\"https:\\\/\\\/pans.krosno.pl\\\/pracownicy\\\/#\\\/schema\\\/logo\\\/image\\\/\"}}]}<\/script>\n<!-- \/ Yoast SEO Premium plugin. -->","yoast_head_json":{"title":"mgr in\u017c. El\u017cbieta Br\u0105giel - Najwa\u017cniejsze publikacje - Pracownicy PANS w Kro\u015bnie","robots":{"index":"index","follow":"follow","max-snippet":"max-snippet:-1","max-image-preview":"max-image-preview:large","max-video-preview":"max-video-preview:-1"},"canonical":"https:\/\/pans.krosno.pl\/pracownicy\/elzbieta-bragiel\/elzbieta-bragiel-najwazniejsze-publikacje\/","og_locale":"pl_PL","og_type":"article","og_title":"mgr in\u017c. El\u017cbieta Br\u0105giel - Najwa\u017cniejsze publikacje","og_description":"Artyku\u0142y i rozdzia\u0142y w monografiach Bienia B., Dykiel M., Br\u0105giel E. Sustainable development \u2013 concept, definitions. \u0404\u0432\u0440\u043e\u043f\u0435\u0439\u0441\u044c\u043a\u0438\u0439 \u0412\u0435\u043a\u0442\u043e\u0440 \u0415\u043a\u043e\u043d\u043e\u043c\u0456\u0447\u043d\u043e\u0433\u043e \u0420\u043e\u0437\u0432\u0438\u0442\u043a\u0443, \u041d\u0430\u0443\u043a\u043e\u0432\u0438\u0439 \u0416\u0443\u0440\u043d\u0430\u043b, \u0412\u0438\u0445\u043e\u0434\u0438\u0442\u044c 2 \u0440\u0430\u0437\u0438 \u043d\u0430 \u0440\u0456\u043a \u0417\u0430\u0441\u043d\u043e\u0432\u0430\u043d\u0438\u0439 \u0443 \u0436\u043e\u0432\u0442\u043d\u0456 2005 \u0440. \u2116 2 (27) 2019, \u0414\u043d\u0456\u043f\u0440\u043e 2019, s. 17-27. Br\u0105giel E., Teresa Mi\u015b, Changes in the organic processing in [\u2026] Read More","og_url":"https:\/\/pans.krosno.pl\/pracownicy\/elzbieta-bragiel\/elzbieta-bragiel-najwazniejsze-publikacje\/","og_site_name":"Pracownicy PANS w Kro\u015bnie","article_modified_time":"2025-05-14T08:27:28+00:00","twitter_card":"summary_large_image","twitter_misc":{"Szacowany czas czytania":"4 minuty"},"schema":{"@context":"https:\/\/schema.org","@graph":[{"@type":"WebPage","@id":"https:\/\/pans.krosno.pl\/pracownicy\/elzbieta-bragiel\/elzbieta-bragiel-najwazniejsze-publikacje\/","url":"https:\/\/pans.krosno.pl\/pracownicy\/elzbieta-bragiel\/elzbieta-bragiel-najwazniejsze-publikacje\/","name":"mgr in\u017c. El\u017cbieta Br\u0105giel - Najwa\u017cniejsze publikacje - Pracownicy PANS w Kro\u015bnie","isPartOf":{"@id":"https:\/\/pans.krosno.pl\/pracownicy\/#website"},"datePublished":"2020-04-07T09:29:04+00:00","dateModified":"2025-05-14T08:27:28+00:00","breadcrumb":{"@id":"https:\/\/pans.krosno.pl\/pracownicy\/elzbieta-bragiel\/elzbieta-bragiel-najwazniejsze-publikacje\/#breadcrumb"},"inLanguage":"pl-PL","potentialAction":[{"@type":"ReadAction","target":["https:\/\/pans.krosno.pl\/pracownicy\/elzbieta-bragiel\/elzbieta-bragiel-najwazniejsze-publikacje\/"]}]},{"@type":"BreadcrumbList","@id":"https:\/\/pans.krosno.pl\/pracownicy\/elzbieta-bragiel\/elzbieta-bragiel-najwazniejsze-publikacje\/#breadcrumb","itemListElement":[{"@type":"ListItem","position":1,"name":"Strona g\u0142\u00f3wna","item":"https:\/\/pans.krosno.pl\/pracownicy\/"},{"@type":"ListItem","position":2,"name":"mgr in\u017c. El\u017cbieta Br\u0105giel","item":"https:\/\/pans.krosno.pl\/pracownicy\/elzbieta-bragiel\/"},{"@type":"ListItem","position":3,"name":"mgr in\u017c. El\u017cbieta Br\u0105giel &#8211; Najwa\u017cniejsze publikacje"}]},{"@type":"WebSite","@id":"https:\/\/pans.krosno.pl\/pracownicy\/#website","url":"https:\/\/pans.krosno.pl\/pracownicy\/","name":"Pracownicy PANS w Kro\u015bnie","description":"Pracownicy - Pa\u0144stwowa Akademia Nauk Stosowanych","publisher":{"@id":"https:\/\/pans.krosno.pl\/pracownicy\/#organization"},"potentialAction":[{"@type":"SearchAction","target":{"@type":"EntryPoint","urlTemplate":"https:\/\/pans.krosno.pl\/pracownicy\/?s={search_term_string}"},"query-input":{"@type":"PropertyValueSpecification","valueRequired":true,"valueName":"search_term_string"}}],"inLanguage":"pl-PL"},{"@type":"Organization","@id":"https:\/\/pans.krosno.pl\/pracownicy\/#organization","name":"Pracownicy PANS w Kro\u015bnie","url":"https:\/\/pans.krosno.pl\/pracownicy\/","logo":{"@type":"ImageObject","inLanguage":"pl-PL","@id":"https:\/\/pans.krosno.pl\/pracownicy\/#\/schema\/logo\/image\/","url":"https:\/\/pans.krosno.pl\/pracownicy\/wp-content\/uploads\/sites\/41\/2023\/01\/Logo-PANS-2022-pelne.png","contentUrl":"https:\/\/pans.krosno.pl\/pracownicy\/wp-content\/uploads\/sites\/41\/2023\/01\/Logo-PANS-2022-pelne.png","width":3096,"height":696,"caption":"Pracownicy PANS w Kro\u015bnie"},"image":{"@id":"https:\/\/pans.krosno.pl\/pracownicy\/#\/schema\/logo\/image\/"}}]}},"_links":{"self":[{"href":"https:\/\/pans.krosno.pl\/pracownicy\/wp-json\/wp\/v2\/pages\/2040","targetHints":{"allow":["GET"]}}],"collection":[{"href":"https:\/\/pans.krosno.pl\/pracownicy\/wp-json\/wp\/v2\/pages"}],"about":[{"href":"https:\/\/pans.krosno.pl\/pracownicy\/wp-json\/wp\/v2\/types\/page"}],"author":[{"embeddable":true,"href":"https:\/\/pans.krosno.pl\/pracownicy\/wp-json\/wp\/v2\/users\/36"}],"replies":[{"embeddable":true,"href":"https:\/\/pans.krosno.pl\/pracownicy\/wp-json\/wp\/v2\/comments?post=2040"}],"version-history":[{"count":3,"href":"https:\/\/pans.krosno.pl\/pracownicy\/wp-json\/wp\/v2\/pages\/2040\/revisions"}],"predecessor-version":[{"id":7942,"href":"https:\/\/pans.krosno.pl\/pracownicy\/wp-json\/wp\/v2\/pages\/2040\/revisions\/7942"}],"up":[{"embeddable":true,"href":"https:\/\/pans.krosno.pl\/pracownicy\/wp-json\/wp\/v2\/pages\/2029"}],"wp:attachment":[{"href":"https:\/\/pans.krosno.pl\/pracownicy\/wp-json\/wp\/v2\/media?parent=2040"}],"curies":[{"name":"wp","href":"https:\/\/api.w.org\/{rel}","templated":true}]}}