{"id":1893,"date":"2020-04-06T15:15:24","date_gmt":"2020-04-06T13:15:24","guid":{"rendered":"https:\/\/pans.krosno.pl\/pracownicy\/?page_id=1893"},"modified":"2025-05-20T13:59:21","modified_gmt":"2025-05-20T11:59:21","slug":"agnieszka-wozniak-najwazniejsze-publikacje","status":"publish","type":"page","link":"https:\/\/pans.krosno.pl\/pracownicy\/agnieszka-wozniak\/agnieszka-wozniak-najwazniejsze-publikacje\/","title":{"rendered":"dr Agnieszka Wo\u017aniak &#8211; Najwa\u017cniejsze publikacje"},"content":{"rendered":"<hr>\n<p>1. Gumu\u0142a S., Wo\u017aniak A., Wp\u0142yw charakterystyki elektrowni wiatrowej na wykorzystanie mocy nominalnej i wska\u017aniki ekonomiczne produkcji energii materia\u0142y konferencyjne Konferencji Naukowej &#8222;Czysta Energia \u2013 Czyste \u015arodowisko 2008&#8221; Warszawa 2008<br \/>\n2. Gumu\u0142a S., Wo\u017aniak A., Jak okre\u015bli\u0107 stopie\u0144 wykorzystania mocy elektrowni wiatrowej?, \u201eCZYSTA ENERGIA\u201d1\/2008<br \/>\n3. Gumu\u0142a S., Wo\u017aniak A., Stanisz K., Exploitation of renewable sources of energy in termal energetics. Comparison of economic indicators. ARCHIWUM ENERGETYKI ISSN 0066-684X. \u2014 2008 t. 38 nr 2<br \/>\n4. Gumu\u0142a S., Wo\u017aniak A., Stanisz K., Wp\u0142yw wybranych czynnik\u00f3w na wykorzystanie mocy nominalnej elektrowni wiatrowej i wska\u017aniki ekonomiczne produkcji energii. SYSTEMS vol.13, 2008<br \/>\n5. Wo\u017aniak A, .Analiza pracy turbiny wiatrowej, uwzgl\u0119dniaj\u0105ca warunki wiatrowe, PNEUMATYKA, ISSN 1426-6644, nr 3 (76) 2010<br \/>\n6. Gumu\u0142a S., Wo\u017aniak A., Energetyka wiatrowa z punktu widzenia efektywno\u015bci ekonomicznej \/\/ Energetyka (Warszawa) \/ Centralny Zarz\u0105d Energetyki, Stowarzyszenie Elektryk\u00f3w Polskich ; ISSN 0013-7294. \u2014 2010 z. tematyczny nr 21<br \/>\n6. Gumu\u0142a S., Wo\u017aniak A., Korzy\u015bci zwi\u0105zane z rozwojem energetyki opartej na odnawialnych surowcach energetycznych : energetyka wiatrowa \/\/ Energetyka (Warszawa) \/ Centralny Zarz\u0105d Energetyki, Stowarzyszenie Elektryk\u00f3w Polskich ; ISSN 0013-7294. \u2014 2010 z. tematyczny nr 21<br \/>\n7. Gumu\u0142a S., Wo\u017aniak A., Kszta\u0142towanie ilo\u015bci produkowanej energii poprzez dob\u00f3r charakterystyk i warunk\u00f3w pracy elektrowni wiatrowych \u2014 Selection of geometric parameters and motion parameters of a wind power plant \/ Stanis\u0142aw GUMU\u0141A, Agnieszka Wo\u017aniak \/\/ Energetyka (Warszawa) \/ Centralny Zarz\u0105d Energetyki, Stowarzyszenie Elektryk\u00f3w Polskich ; ISSN 0013-7294. \u2014 2011 nr 10<br \/>\n8. Gumu\u0142a S.,Wo\u017aniak A., Selection of geometric parameters and motion parameters of a wind turbine, Archiwum Energetyki ; ISSN 0066-684X. \u2014 2012 t.42 nr 3\u20134<br \/>\n9. Wo\u017aniak A., Strzelczyk P., Design Problem for Horizontal Axis Wind Turbine Blade in Non uniform Axisymetric Inflow, POLISH JOURNAL OF ENVIRONMENTAL STUDIES vol.22, ISBN: 12301485, pa\u017adziernik 2013 \u2013 j\u0119zyk publikacji :angielski<br \/>\n10. Wo\u017aniak A., Wp\u0142yw obecno\u015bci gondoli na kszta\u0142t \u0142opat wirnika turbiny wiatrowej o poziomej osi obrotu; MATERIA\u0141Y BUDOWLANE , ISSN:0137-2971 5\/2014, j\u0119zyk publikacji: polski<br \/>\n11. Wo\u017aniak A., Strzelczyk P., Oficyna Wydawnicza Politechniki Wroc\u0142awskiej, AKTUALNE ZAGADNIENIA ENERGETYKI T.3, rozdzia\u0142: Wp\u0142yw geometrii gondoli na kszta\u0142t \u0142opat turbiny wiatrowej z pozioma osi\u0105 obrotu , 2014, pod red. Kazimierza W\u00f3jsa, Tomasza Tietze ( liczba stron w arkuszach wydawniczych -9, s.315-323)<br \/>\n12. Strzelczyk P., Szczerba Z., Wo\u017aniak A., Modelowanie pionowego profilu pr\u0119dko\u015bci wiatru w tunelu aerodynamicznym, Czasopismo In\u017cynierii L\u0105dowej, \u015arodowiska i Architektury, Journal of Civil Engineering, Environment and Architecture, ISSN:2300-5130, z. 62, nr 3\/I, 2015, s.413\u2014427, j\u0119zyk artyku\u0142u: polski<br \/>\n13. A.Wo\u017aniak, S. Gumu\u0142a, The influence of power properties of the wind turbine on energetic and economic indicators of electric energy production TRANSACTIONS OF THE INSTITUTE OF FLUIDFLOW MACHINERY No132 2016 p.57-69, ISSN: 00793205<br \/>\n14. G\u00f3rka M., \u015alusarczyk B., Wo\u017aniak A., Baran J., Br\u0105giel E. 2019. Selected issues concerning quality management in the company. \u041d\u043e\u0431\u0435\u043b\u0456\u0432\u0441\u044c\u043a\u0438\u0439 \u0432\u0456\u0441\u043d\u0438\u043a, Dnipro, \u0423\u043d\u0456\u0432\u0435\u0440\u0441\u0438\u0442\u0435\u0442 \u0456\u043c\u0435\u043d\u0456 \u0410\u043b\u044c\u0444\u0440\u0435\u0434\u0430 \u041d\u043e\u0431\u0435\u043b\u044f, \u043c. \u0414\u043d\u0456\u043f\u0440\u043e, \u2116 1 (12) 2019, s.14-22. ISSN 2616-3853 (print), ISSN 2616-4167 (online). DOI: 10.32342\/2616-3853-2019-2-12<br \/>\n15. A. Wo\u017aniak, B. Rajchel, Analiza zdolno\u015bci procesu produkcyjnego za pomoc\u0105 metod i narz\u0119dzi statystycznych, IN\u017bYNIERIA ZARZ\u0104DZANIA CYFRYZACJA PRODUKCJI, Wydawnictwo PWE 2020.<br \/>\n16. Wo\u017aniak, Agnieszka, et al. &#8222;The impact of local wind and spatial conditions on geometry blade of wind turbine.&#8221;&nbsp;<em>Energy Science &amp; Engineering<\/em>&nbsp;12.7 (2024): 3171-3184.<br \/>\n17. Wo\u017aniak, Agnieszka, Aldona Kluczek, and Pawe\u0142 D. Nycz. &#8222;Approach for Identifying the Impact of Local Wind and Spatial Conditions on Wind Turbine Blade Geometry.&#8221;&nbsp;<em>International Journal of Energy Research<\/em>&nbsp;2024.1 (2024): 7310206.<\/p>\n<hr>\n<p>&nbsp;<\/p>\n","protected":false},"excerpt":{"rendered":"<p>1. Gumu\u0142a S., Wo\u017aniak A., Wp\u0142yw charakterystyki elektrowni wiatrowej na wykorzystanie mocy nominalnej i wska\u017aniki ekonomiczne produkcji energii materia\u0142y konferencyjne Konferencji Naukowej &#8222;Czysta Energia \u2013 Czyste \u015arodowisko 2008&#8221; Warszawa 2008 2. Gumu\u0142a S., Wo\u017aniak A., Jak okre\u015bli\u0107 stopie\u0144 wykorzystania mocy elektrowni wiatrowej?, \u201eCZYSTA ENERGIA\u201d1\/2008 3. Gumu\u0142a S., Wo\u017aniak A., Stanisz [\u2026] <\/p>\n<div class=\"clear\"><\/div>\n<p><a class=\"more_link clearfix\" href=\"https:\/\/pans.krosno.pl\/pracownicy\/agnieszka-wozniak\/agnieszka-wozniak-najwazniejsze-publikacje\/\" rel=\"nofollow\">Read More<\/a><\/p>\n","protected":false},"author":34,"featured_media":0,"parent":1885,"menu_order":0,"comment_status":"closed","ping_status":"closed","template":"","meta":{"ngg_post_thumbnail":0,"footnotes":""},"class_list":["post-1893","page","type-page","status-publish","hentry"],"yoast_head":"<!-- This site is optimized with the Yoast SEO Premium plugin v27.4 (Yoast SEO v27.4) - https:\/\/yoast.com\/product\/yoast-seo-premium-wordpress\/ -->\n<title>dr Agnieszka Wo\u017aniak - Najwa\u017cniejsze publikacje - Pracownicy PANS w Kro\u015bnie<\/title>\n<meta name=\"robots\" content=\"index, follow, max-snippet:-1, max-image-preview:large, max-video-preview:-1\" \/>\n<link rel=\"canonical\" href=\"https:\/\/pans.krosno.pl\/pracownicy\/agnieszka-wozniak\/agnieszka-wozniak-najwazniejsze-publikacje\/\" \/>\n<meta property=\"og:locale\" content=\"pl_PL\" \/>\n<meta property=\"og:type\" content=\"article\" \/>\n<meta property=\"og:title\" content=\"dr Agnieszka Wo\u017aniak - Najwa\u017cniejsze publikacje\" \/>\n<meta property=\"og:description\" content=\"1. Gumu\u0142a S., Wo\u017aniak A., Wp\u0142yw charakterystyki elektrowni wiatrowej na wykorzystanie mocy nominalnej i wska\u017aniki ekonomiczne produkcji energii materia\u0142y konferencyjne Konferencji Naukowej &#8222;Czysta Energia \u2013 Czyste \u015arodowisko 2008&#8221; Warszawa 2008 2. Gumu\u0142a S., Wo\u017aniak A., Jak okre\u015bli\u0107 stopie\u0144 wykorzystania mocy elektrowni wiatrowej?, \u201eCZYSTA ENERGIA\u201d1\/2008 3. Gumu\u0142a S., Wo\u017aniak A., Stanisz [\u2026] Read More\" \/>\n<meta property=\"og:url\" content=\"https:\/\/pans.krosno.pl\/pracownicy\/agnieszka-wozniak\/agnieszka-wozniak-najwazniejsze-publikacje\/\" \/>\n<meta property=\"og:site_name\" content=\"Pracownicy PANS w Kro\u015bnie\" \/>\n<meta property=\"article:modified_time\" content=\"2025-05-20T11:59:21+00:00\" \/>\n<meta name=\"twitter:card\" content=\"summary_large_image\" \/>\n<meta name=\"twitter:label1\" content=\"Szacowany czas czytania\" \/>\n\t<meta name=\"twitter:data1\" content=\"4 minuty\" \/>\n<script type=\"application\/ld+json\" class=\"yoast-schema-graph\">{\"@context\":\"https:\\\/\\\/schema.org\",\"@graph\":[{\"@type\":\"WebPage\",\"@id\":\"https:\\\/\\\/pans.krosno.pl\\\/pracownicy\\\/agnieszka-wozniak\\\/agnieszka-wozniak-najwazniejsze-publikacje\\\/\",\"url\":\"https:\\\/\\\/pans.krosno.pl\\\/pracownicy\\\/agnieszka-wozniak\\\/agnieszka-wozniak-najwazniejsze-publikacje\\\/\",\"name\":\"dr Agnieszka Wo\u017aniak - Najwa\u017cniejsze publikacje - Pracownicy PANS w Kro\u015bnie\",\"isPartOf\":{\"@id\":\"https:\\\/\\\/pans.krosno.pl\\\/pracownicy\\\/#website\"},\"datePublished\":\"2020-04-06T13:15:24+00:00\",\"dateModified\":\"2025-05-20T11:59:21+00:00\",\"breadcrumb\":{\"@id\":\"https:\\\/\\\/pans.krosno.pl\\\/pracownicy\\\/agnieszka-wozniak\\\/agnieszka-wozniak-najwazniejsze-publikacje\\\/#breadcrumb\"},\"inLanguage\":\"pl-PL\",\"potentialAction\":[{\"@type\":\"ReadAction\",\"target\":[\"https:\\\/\\\/pans.krosno.pl\\\/pracownicy\\\/agnieszka-wozniak\\\/agnieszka-wozniak-najwazniejsze-publikacje\\\/\"]}]},{\"@type\":\"BreadcrumbList\",\"@id\":\"https:\\\/\\\/pans.krosno.pl\\\/pracownicy\\\/agnieszka-wozniak\\\/agnieszka-wozniak-najwazniejsze-publikacje\\\/#breadcrumb\",\"itemListElement\":[{\"@type\":\"ListItem\",\"position\":1,\"name\":\"Strona g\u0142\u00f3wna\",\"item\":\"https:\\\/\\\/pans.krosno.pl\\\/pracownicy\\\/\"},{\"@type\":\"ListItem\",\"position\":2,\"name\":\"dr Agnieszka Wo\u017aniak\",\"item\":\"https:\\\/\\\/pans.krosno.pl\\\/pracownicy\\\/agnieszka-wozniak\\\/\"},{\"@type\":\"ListItem\",\"position\":3,\"name\":\"dr Agnieszka Wo\u017aniak &#8211; Najwa\u017cniejsze publikacje\"}]},{\"@type\":\"WebSite\",\"@id\":\"https:\\\/\\\/pans.krosno.pl\\\/pracownicy\\\/#website\",\"url\":\"https:\\\/\\\/pans.krosno.pl\\\/pracownicy\\\/\",\"name\":\"Pracownicy PANS w Kro\u015bnie\",\"description\":\"Pracownicy - Pa\u0144stwowa Akademia Nauk Stosowanych\",\"publisher\":{\"@id\":\"https:\\\/\\\/pans.krosno.pl\\\/pracownicy\\\/#organization\"},\"potentialAction\":[{\"@type\":\"SearchAction\",\"target\":{\"@type\":\"EntryPoint\",\"urlTemplate\":\"https:\\\/\\\/pans.krosno.pl\\\/pracownicy\\\/?s={search_term_string}\"},\"query-input\":{\"@type\":\"PropertyValueSpecification\",\"valueRequired\":true,\"valueName\":\"search_term_string\"}}],\"inLanguage\":\"pl-PL\"},{\"@type\":\"Organization\",\"@id\":\"https:\\\/\\\/pans.krosno.pl\\\/pracownicy\\\/#organization\",\"name\":\"Pracownicy PANS w Kro\u015bnie\",\"url\":\"https:\\\/\\\/pans.krosno.pl\\\/pracownicy\\\/\",\"logo\":{\"@type\":\"ImageObject\",\"inLanguage\":\"pl-PL\",\"@id\":\"https:\\\/\\\/pans.krosno.pl\\\/pracownicy\\\/#\\\/schema\\\/logo\\\/image\\\/\",\"url\":\"https:\\\/\\\/pans.krosno.pl\\\/pracownicy\\\/wp-content\\\/uploads\\\/sites\\\/41\\\/2023\\\/01\\\/Logo-PANS-2022-pelne.png\",\"contentUrl\":\"https:\\\/\\\/pans.krosno.pl\\\/pracownicy\\\/wp-content\\\/uploads\\\/sites\\\/41\\\/2023\\\/01\\\/Logo-PANS-2022-pelne.png\",\"width\":3096,\"height\":696,\"caption\":\"Pracownicy PANS w Kro\u015bnie\"},\"image\":{\"@id\":\"https:\\\/\\\/pans.krosno.pl\\\/pracownicy\\\/#\\\/schema\\\/logo\\\/image\\\/\"}}]}<\/script>\n<!-- \/ Yoast SEO Premium plugin. -->","yoast_head_json":{"title":"dr Agnieszka Wo\u017aniak - Najwa\u017cniejsze publikacje - Pracownicy PANS w Kro\u015bnie","robots":{"index":"index","follow":"follow","max-snippet":"max-snippet:-1","max-image-preview":"max-image-preview:large","max-video-preview":"max-video-preview:-1"},"canonical":"https:\/\/pans.krosno.pl\/pracownicy\/agnieszka-wozniak\/agnieszka-wozniak-najwazniejsze-publikacje\/","og_locale":"pl_PL","og_type":"article","og_title":"dr Agnieszka Wo\u017aniak - Najwa\u017cniejsze publikacje","og_description":"1. Gumu\u0142a S., Wo\u017aniak A., Wp\u0142yw charakterystyki elektrowni wiatrowej na wykorzystanie mocy nominalnej i wska\u017aniki ekonomiczne produkcji energii materia\u0142y konferencyjne Konferencji Naukowej &#8222;Czysta Energia \u2013 Czyste \u015arodowisko 2008&#8221; Warszawa 2008 2. Gumu\u0142a S., Wo\u017aniak A., Jak okre\u015bli\u0107 stopie\u0144 wykorzystania mocy elektrowni wiatrowej?, \u201eCZYSTA ENERGIA\u201d1\/2008 3. Gumu\u0142a S., Wo\u017aniak A., Stanisz [\u2026] Read More","og_url":"https:\/\/pans.krosno.pl\/pracownicy\/agnieszka-wozniak\/agnieszka-wozniak-najwazniejsze-publikacje\/","og_site_name":"Pracownicy PANS w Kro\u015bnie","article_modified_time":"2025-05-20T11:59:21+00:00","twitter_card":"summary_large_image","twitter_misc":{"Szacowany czas czytania":"4 minuty"},"schema":{"@context":"https:\/\/schema.org","@graph":[{"@type":"WebPage","@id":"https:\/\/pans.krosno.pl\/pracownicy\/agnieszka-wozniak\/agnieszka-wozniak-najwazniejsze-publikacje\/","url":"https:\/\/pans.krosno.pl\/pracownicy\/agnieszka-wozniak\/agnieszka-wozniak-najwazniejsze-publikacje\/","name":"dr Agnieszka Wo\u017aniak - Najwa\u017cniejsze publikacje - Pracownicy PANS w Kro\u015bnie","isPartOf":{"@id":"https:\/\/pans.krosno.pl\/pracownicy\/#website"},"datePublished":"2020-04-06T13:15:24+00:00","dateModified":"2025-05-20T11:59:21+00:00","breadcrumb":{"@id":"https:\/\/pans.krosno.pl\/pracownicy\/agnieszka-wozniak\/agnieszka-wozniak-najwazniejsze-publikacje\/#breadcrumb"},"inLanguage":"pl-PL","potentialAction":[{"@type":"ReadAction","target":["https:\/\/pans.krosno.pl\/pracownicy\/agnieszka-wozniak\/agnieszka-wozniak-najwazniejsze-publikacje\/"]}]},{"@type":"BreadcrumbList","@id":"https:\/\/pans.krosno.pl\/pracownicy\/agnieszka-wozniak\/agnieszka-wozniak-najwazniejsze-publikacje\/#breadcrumb","itemListElement":[{"@type":"ListItem","position":1,"name":"Strona g\u0142\u00f3wna","item":"https:\/\/pans.krosno.pl\/pracownicy\/"},{"@type":"ListItem","position":2,"name":"dr Agnieszka Wo\u017aniak","item":"https:\/\/pans.krosno.pl\/pracownicy\/agnieszka-wozniak\/"},{"@type":"ListItem","position":3,"name":"dr Agnieszka Wo\u017aniak &#8211; Najwa\u017cniejsze publikacje"}]},{"@type":"WebSite","@id":"https:\/\/pans.krosno.pl\/pracownicy\/#website","url":"https:\/\/pans.krosno.pl\/pracownicy\/","name":"Pracownicy PANS w Kro\u015bnie","description":"Pracownicy - Pa\u0144stwowa Akademia Nauk Stosowanych","publisher":{"@id":"https:\/\/pans.krosno.pl\/pracownicy\/#organization"},"potentialAction":[{"@type":"SearchAction","target":{"@type":"EntryPoint","urlTemplate":"https:\/\/pans.krosno.pl\/pracownicy\/?s={search_term_string}"},"query-input":{"@type":"PropertyValueSpecification","valueRequired":true,"valueName":"search_term_string"}}],"inLanguage":"pl-PL"},{"@type":"Organization","@id":"https:\/\/pans.krosno.pl\/pracownicy\/#organization","name":"Pracownicy PANS w Kro\u015bnie","url":"https:\/\/pans.krosno.pl\/pracownicy\/","logo":{"@type":"ImageObject","inLanguage":"pl-PL","@id":"https:\/\/pans.krosno.pl\/pracownicy\/#\/schema\/logo\/image\/","url":"https:\/\/pans.krosno.pl\/pracownicy\/wp-content\/uploads\/sites\/41\/2023\/01\/Logo-PANS-2022-pelne.png","contentUrl":"https:\/\/pans.krosno.pl\/pracownicy\/wp-content\/uploads\/sites\/41\/2023\/01\/Logo-PANS-2022-pelne.png","width":3096,"height":696,"caption":"Pracownicy PANS w Kro\u015bnie"},"image":{"@id":"https:\/\/pans.krosno.pl\/pracownicy\/#\/schema\/logo\/image\/"}}]}},"_links":{"self":[{"href":"https:\/\/pans.krosno.pl\/pracownicy\/wp-json\/wp\/v2\/pages\/1893","targetHints":{"allow":["GET"]}}],"collection":[{"href":"https:\/\/pans.krosno.pl\/pracownicy\/wp-json\/wp\/v2\/pages"}],"about":[{"href":"https:\/\/pans.krosno.pl\/pracownicy\/wp-json\/wp\/v2\/types\/page"}],"author":[{"embeddable":true,"href":"https:\/\/pans.krosno.pl\/pracownicy\/wp-json\/wp\/v2\/users\/34"}],"replies":[{"embeddable":true,"href":"https:\/\/pans.krosno.pl\/pracownicy\/wp-json\/wp\/v2\/comments?post=1893"}],"version-history":[{"count":7,"href":"https:\/\/pans.krosno.pl\/pracownicy\/wp-json\/wp\/v2\/pages\/1893\/revisions"}],"predecessor-version":[{"id":11055,"href":"https:\/\/pans.krosno.pl\/pracownicy\/wp-json\/wp\/v2\/pages\/1893\/revisions\/11055"}],"up":[{"embeddable":true,"href":"https:\/\/pans.krosno.pl\/pracownicy\/wp-json\/wp\/v2\/pages\/1885"}],"wp:attachment":[{"href":"https:\/\/pans.krosno.pl\/pracownicy\/wp-json\/wp\/v2\/media?parent=1893"}],"curies":[{"name":"wp","href":"https:\/\/api.w.org\/{rel}","templated":true}]}}