{"id":1878,"date":"2020-04-06T14:42:43","date_gmt":"2020-04-06T12:42:43","guid":{"rendered":"https:\/\/pans.krosno.pl\/pracownicy\/?page_id=1878"},"modified":"2025-05-15T13:29:06","modified_gmt":"2025-05-15T11:29:06","slug":"miroslaw-kwiecinski-najwazniejsze-publikacje","status":"publish","type":"page","link":"https:\/\/pans.krosno.pl\/pracownicy\/miroslaw-kwiecinski\/miroslaw-kwiecinski-najwazniejsze-publikacje\/","title":{"rendered":"dr hab. Miros\u0142aw Kwieci\u0144ski, prof. PANS &#8211; Najwa\u017cniejsze publikacje"},"content":{"rendered":"<hr>\n<p>Autor 1 monografii, wsp\u00f3\u0142autor 1 skryptu, autor i wsp\u00f3\u0142autor ponad 90 artyku\u0142\u00f3w naukowych oraz rozdzia\u0142\u00f3w w monografiach, redaktor naukowy 2 monografii, wsp\u00f3\u0142redaktor naukowy 10 monografii.<\/p>\n<p><strong>Monografia<\/strong><\/p>\n<ul>\n<li>Kwieci\u0144ski M. (1999),Wywiad gospodarczy w zarz\u0105dzaniu przedsi\u0119biorstwem. Wydawnictwo Naukowe PWN, Warszawa \u2013 Krak\u00f3w.<\/li>\n<\/ul>\n<p><strong>Skrypt<\/strong><\/p>\n<p>Fudali\u0144ski J., Kwieci\u0144ski M. (red.), (2006), Podstawy zarz\u0105dzania. Antykwa, Krak\u00f3w-Kluczbork.<\/p>\n<p><strong>Artyku\u0142y naukowe w wydawnictwach krajowych i zagranicznych, w tym m.in.:<\/strong><\/p>\n<ul>\n<li>Kwieci\u0144ski M. (2000), Koncepcja wywiadu gospodarczego w przedsi\u0119biorstwie. \u201eOrganizacja<br \/>\ni Kierowanie\u201d, nr 1, s. 25 \u2013 42,<\/li>\n<li>Borowiecki R., Kwieci\u0144ski M. (2001), Organizational Intelligence in Management of Restructuring Process of Polish Enterprises. [W:] Report on Management. Knowledge Management. Edited by<br \/>\nG. Gierszewska. Leon Ko\u017ami\u0144ski Academy of Entrepreneurship and Management, Committee of Organization and Management, Polish Academy of Science, Warszawa, p. 261 \u2013 278,<\/li>\n<li>Kwieci\u0144ski M. (2008), Bezpiecze\u0144stwo informacji w organizacji chaotycznej. [W:] Technologie<br \/>\ni systemy komunikacji oraz zarz\u0105dzania informacj\u0105 i wiedz\u0105. Pod red. naukow\u0105 L. Kie\u0142tyki. Difin, Warszawa, s. 245 \u2013 251,<\/li>\n<li>Kwieci\u0144ski M., Passella K. (2013), Implementation of the business counterintelligence branch in enterprise structure. [W:] The Economic Security of Business Transactions. Editet by K. Raczkowski and F. Schneider. Chartridge Books Oxford, Oxford, p. 169 \u2013 190,<\/li>\n<li>Kwieci\u0144ski M. (2015), Zarz\u0105dzanie w warunkach konfrontacji. [W:] Riadienie bezpe\u0107nosti zlo\u017citych systemom. Zbornik vedeckych a odbornych prac. Akademia Ozbrojenych Si\u0142 generala Milana Stefanika, Liptovsky Mikulas, s. 221 \u2013 225,<\/li>\n<li>Kwieci\u0144ski M., Passella K. (2016), Bud\u017cetowanie s\u0142u\u017cb wywiadowczych i kontrwywiadowczych RP w latach 2002\u20132014. [W:] S\u0142u\u017cby specjalne we wsp\u00f3\u0142czesnym pa\u0144stwie. Red. naukowa Z. Siemi\u0105tkowski, A. Zi\u0119ba. Dom Wydawniczy Elipsa, Warszawa, s. 78-98,<\/li>\n<li>Kwieci\u0144ski M., Passella K. (2016), Finansowe zmiany w funduszach operacyjnych polskich s\u0142u\u017cb wywiadu i kontrwywiadu od 2006 r. \u2013 analiza bud\u017cetowa i obliczenia szacunkowe. [W:] S\u0142u\u017cby specjalne we wsp\u00f3\u0142czesnym pa\u0144stwie. Red. naukowa Z. Siemi\u0105tkowski, A. Zi\u0119ba. Dom Wydawniczy Elipsa, Warszawa, s. 99-127,<\/li>\n<li>Kwieci\u0144ski M. (2017), Bezpiecze\u0144stwo informacji w telepracy oraz uwarunkowania bezpiecze\u0144stwa telepracy. \u201eBezpiecze\u0144stwo Pracy. Nauka i Praktyka\u201d, nr 1, s. 24 \u2013 26,<\/li>\n<li>Kumorek M., Kwieci\u0144ski M. (2018), Zarz\u0105dzanie bezpiecze\u0144stwem ekspansji przedsi\u0119biorstwa. [W:] Bezpiecze\u0144stwo poza militarne w XX-XXI wieku. Zagro\u017cenia \u2013 wyzwania \u2013 koncepcje. Redakcja naukowa: Henryk Kromo\u0142owski, Katarzyna Kukowska, Agnieszka Kwiatek, Wydawnictwo Wydzia\u0142u Zarz\u0105dzania Politechniki Cz\u0119stochowskiej, Cz\u0119stochowa, s. 175 \u2013 185,<\/li>\n<li>Kwieci\u0144ski M. (2019), Wykorzystanie analizy wywiadowczej i os\u0142ony kontrwywiadowczej w ocenie zagro\u017ce\u0144 zagranicznej ekspansji dzia\u0142alno\u015bci przedsi\u0119biorstwa [W:] Wywiad i kontrwywiad gospodarczy. Materia\u0142y z konferencji naukowych. Pod red. Hieronima Szafrana i Jerzego Wojciecha W\u00f3jcika, Zeszyty Naukowe, nr 1\/2019, Wszechnica Polska Szko\u0142a Wy\u017csza w Warszawie, Warszawa,<br \/>\ns. 87 \u2013 101,<\/li>\n<li>Kwieci\u0144ski M. (2020), Zarz\u0105dzanie granicami ostro\u015bci konfliktu spo\u0142ecznego w obszarze kszta\u0142towania bezpiecze\u0144stwa publicznego (refleksje natury historycznej i bie\u017c\u0105ce). [W:] Zarz\u0105dzanie zmian\u0105. Innowacje \u2013 organizacje &#8211; bezpiecze\u0144stwo. Redakcja naukowa Jadwiga Mazur, Paulina Rojek-Adamek, Justyna Tomczyk, Wydawnictwo Naukowe Uniwersytetu Pedagogicznego, Krak\u00f3w, s. 139 \u2013 148.<\/li>\n<\/ul>\n<hr>\n<p>&nbsp;<\/p>\n","protected":false},"excerpt":{"rendered":"<p>Autor 1 monografii, wsp\u00f3\u0142autor 1 skryptu, autor i wsp\u00f3\u0142autor ponad 90 artyku\u0142\u00f3w naukowych oraz rozdzia\u0142\u00f3w w monografiach, redaktor naukowy 2 monografii, wsp\u00f3\u0142redaktor naukowy 10 monografii. Monografia Kwieci\u0144ski M. (1999),Wywiad gospodarczy w zarz\u0105dzaniu przedsi\u0119biorstwem. Wydawnictwo Naukowe PWN, Warszawa \u2013 Krak\u00f3w. Skrypt Fudali\u0144ski J., Kwieci\u0144ski M. (red.), (2006), Podstawy zarz\u0105dzania. Antykwa, Krak\u00f3w-Kluczbork. [\u2026] <\/p>\n<div class=\"clear\"><\/div>\n<p><a class=\"more_link clearfix\" href=\"https:\/\/pans.krosno.pl\/pracownicy\/miroslaw-kwiecinski\/miroslaw-kwiecinski-najwazniejsze-publikacje\/\" rel=\"nofollow\">Read More<\/a><\/p>\n","protected":false},"author":36,"featured_media":0,"parent":1865,"menu_order":0,"comment_status":"closed","ping_status":"closed","template":"","meta":{"ngg_post_thumbnail":0,"footnotes":""},"class_list":["post-1878","page","type-page","status-publish","hentry"],"yoast_head":"<!-- This site is optimized with the Yoast SEO Premium plugin v27.3 (Yoast SEO v27.3) - https:\/\/yoast.com\/product\/yoast-seo-premium-wordpress\/ -->\n<title>dr hab. Miros\u0142aw Kwieci\u0144ski, prof. PANS - Najwa\u017cniejsze publikacje - Pracownicy PANS w Kro\u015bnie<\/title>\n<meta name=\"robots\" content=\"index, follow, max-snippet:-1, max-image-preview:large, max-video-preview:-1\" \/>\n<link rel=\"canonical\" href=\"https:\/\/pans.krosno.pl\/pracownicy\/miroslaw-kwiecinski\/miroslaw-kwiecinski-najwazniejsze-publikacje\/\" \/>\n<meta property=\"og:locale\" content=\"pl_PL\" \/>\n<meta property=\"og:type\" content=\"article\" \/>\n<meta property=\"og:title\" content=\"dr hab. Miros\u0142aw Kwieci\u0144ski, prof. PANS - Najwa\u017cniejsze publikacje\" \/>\n<meta property=\"og:description\" content=\"Autor 1 monografii, wsp\u00f3\u0142autor 1 skryptu, autor i wsp\u00f3\u0142autor ponad 90 artyku\u0142\u00f3w naukowych oraz rozdzia\u0142\u00f3w w monografiach, redaktor naukowy 2 monografii, wsp\u00f3\u0142redaktor naukowy 10 monografii. Monografia Kwieci\u0144ski M. (1999),Wywiad gospodarczy w zarz\u0105dzaniu przedsi\u0119biorstwem. Wydawnictwo Naukowe PWN, Warszawa \u2013 Krak\u00f3w. Skrypt Fudali\u0144ski J., Kwieci\u0144ski M. (red.), (2006), Podstawy zarz\u0105dzania. Antykwa, Krak\u00f3w-Kluczbork. [\u2026] Read More\" \/>\n<meta property=\"og:url\" content=\"https:\/\/pans.krosno.pl\/pracownicy\/miroslaw-kwiecinski\/miroslaw-kwiecinski-najwazniejsze-publikacje\/\" \/>\n<meta property=\"og:site_name\" content=\"Pracownicy PANS w Kro\u015bnie\" \/>\n<meta property=\"article:modified_time\" content=\"2025-05-15T11:29:06+00:00\" \/>\n<meta name=\"twitter:card\" content=\"summary_large_image\" \/>\n<meta name=\"twitter:label1\" content=\"Szacowany czas czytania\" \/>\n\t<meta name=\"twitter:data1\" content=\"3 minuty\" \/>\n<script type=\"application\/ld+json\" class=\"yoast-schema-graph\">{\"@context\":\"https:\\\/\\\/schema.org\",\"@graph\":[{\"@type\":\"WebPage\",\"@id\":\"https:\\\/\\\/pans.krosno.pl\\\/pracownicy\\\/miroslaw-kwiecinski\\\/miroslaw-kwiecinski-najwazniejsze-publikacje\\\/\",\"url\":\"https:\\\/\\\/pans.krosno.pl\\\/pracownicy\\\/miroslaw-kwiecinski\\\/miroslaw-kwiecinski-najwazniejsze-publikacje\\\/\",\"name\":\"dr hab. Miros\u0142aw Kwieci\u0144ski, prof. PANS - Najwa\u017cniejsze publikacje - Pracownicy PANS w Kro\u015bnie\",\"isPartOf\":{\"@id\":\"https:\\\/\\\/pans.krosno.pl\\\/pracownicy\\\/#website\"},\"datePublished\":\"2020-04-06T12:42:43+00:00\",\"dateModified\":\"2025-05-15T11:29:06+00:00\",\"breadcrumb\":{\"@id\":\"https:\\\/\\\/pans.krosno.pl\\\/pracownicy\\\/miroslaw-kwiecinski\\\/miroslaw-kwiecinski-najwazniejsze-publikacje\\\/#breadcrumb\"},\"inLanguage\":\"pl-PL\",\"potentialAction\":[{\"@type\":\"ReadAction\",\"target\":[\"https:\\\/\\\/pans.krosno.pl\\\/pracownicy\\\/miroslaw-kwiecinski\\\/miroslaw-kwiecinski-najwazniejsze-publikacje\\\/\"]}]},{\"@type\":\"BreadcrumbList\",\"@id\":\"https:\\\/\\\/pans.krosno.pl\\\/pracownicy\\\/miroslaw-kwiecinski\\\/miroslaw-kwiecinski-najwazniejsze-publikacje\\\/#breadcrumb\",\"itemListElement\":[{\"@type\":\"ListItem\",\"position\":1,\"name\":\"Strona g\u0142\u00f3wna\",\"item\":\"https:\\\/\\\/pans.krosno.pl\\\/pracownicy\\\/\"},{\"@type\":\"ListItem\",\"position\":2,\"name\":\"dr hab. Miros\u0142aw Kwieci\u0144ski, prof. PANS\",\"item\":\"https:\\\/\\\/pans.krosno.pl\\\/pracownicy\\\/miroslaw-kwiecinski\\\/\"},{\"@type\":\"ListItem\",\"position\":3,\"name\":\"dr hab. Miros\u0142aw Kwieci\u0144ski, prof. PANS &#8211; Najwa\u017cniejsze publikacje\"}]},{\"@type\":\"WebSite\",\"@id\":\"https:\\\/\\\/pans.krosno.pl\\\/pracownicy\\\/#website\",\"url\":\"https:\\\/\\\/pans.krosno.pl\\\/pracownicy\\\/\",\"name\":\"Pracownicy PANS w Kro\u015bnie\",\"description\":\"Pracownicy - Pa\u0144stwowa Akademia Nauk Stosowanych\",\"publisher\":{\"@id\":\"https:\\\/\\\/pans.krosno.pl\\\/pracownicy\\\/#organization\"},\"potentialAction\":[{\"@type\":\"SearchAction\",\"target\":{\"@type\":\"EntryPoint\",\"urlTemplate\":\"https:\\\/\\\/pans.krosno.pl\\\/pracownicy\\\/?s={search_term_string}\"},\"query-input\":{\"@type\":\"PropertyValueSpecification\",\"valueRequired\":true,\"valueName\":\"search_term_string\"}}],\"inLanguage\":\"pl-PL\"},{\"@type\":\"Organization\",\"@id\":\"https:\\\/\\\/pans.krosno.pl\\\/pracownicy\\\/#organization\",\"name\":\"Pracownicy PANS w Kro\u015bnie\",\"url\":\"https:\\\/\\\/pans.krosno.pl\\\/pracownicy\\\/\",\"logo\":{\"@type\":\"ImageObject\",\"inLanguage\":\"pl-PL\",\"@id\":\"https:\\\/\\\/pans.krosno.pl\\\/pracownicy\\\/#\\\/schema\\\/logo\\\/image\\\/\",\"url\":\"https:\\\/\\\/pans.krosno.pl\\\/pracownicy\\\/wp-content\\\/uploads\\\/sites\\\/41\\\/2023\\\/01\\\/Logo-PANS-2022-pelne.png\",\"contentUrl\":\"https:\\\/\\\/pans.krosno.pl\\\/pracownicy\\\/wp-content\\\/uploads\\\/sites\\\/41\\\/2023\\\/01\\\/Logo-PANS-2022-pelne.png\",\"width\":3096,\"height\":696,\"caption\":\"Pracownicy PANS w Kro\u015bnie\"},\"image\":{\"@id\":\"https:\\\/\\\/pans.krosno.pl\\\/pracownicy\\\/#\\\/schema\\\/logo\\\/image\\\/\"}}]}<\/script>\n<!-- \/ Yoast SEO Premium plugin. -->","yoast_head_json":{"title":"dr hab. Miros\u0142aw Kwieci\u0144ski, prof. PANS - Najwa\u017cniejsze publikacje - Pracownicy PANS w Kro\u015bnie","robots":{"index":"index","follow":"follow","max-snippet":"max-snippet:-1","max-image-preview":"max-image-preview:large","max-video-preview":"max-video-preview:-1"},"canonical":"https:\/\/pans.krosno.pl\/pracownicy\/miroslaw-kwiecinski\/miroslaw-kwiecinski-najwazniejsze-publikacje\/","og_locale":"pl_PL","og_type":"article","og_title":"dr hab. Miros\u0142aw Kwieci\u0144ski, prof. PANS - Najwa\u017cniejsze publikacje","og_description":"Autor 1 monografii, wsp\u00f3\u0142autor 1 skryptu, autor i wsp\u00f3\u0142autor ponad 90 artyku\u0142\u00f3w naukowych oraz rozdzia\u0142\u00f3w w monografiach, redaktor naukowy 2 monografii, wsp\u00f3\u0142redaktor naukowy 10 monografii. Monografia Kwieci\u0144ski M. (1999),Wywiad gospodarczy w zarz\u0105dzaniu przedsi\u0119biorstwem. Wydawnictwo Naukowe PWN, Warszawa \u2013 Krak\u00f3w. Skrypt Fudali\u0144ski J., Kwieci\u0144ski M. (red.), (2006), Podstawy zarz\u0105dzania. Antykwa, Krak\u00f3w-Kluczbork. [\u2026] Read More","og_url":"https:\/\/pans.krosno.pl\/pracownicy\/miroslaw-kwiecinski\/miroslaw-kwiecinski-najwazniejsze-publikacje\/","og_site_name":"Pracownicy PANS w Kro\u015bnie","article_modified_time":"2025-05-15T11:29:06+00:00","twitter_card":"summary_large_image","twitter_misc":{"Szacowany czas czytania":"3 minuty"},"schema":{"@context":"https:\/\/schema.org","@graph":[{"@type":"WebPage","@id":"https:\/\/pans.krosno.pl\/pracownicy\/miroslaw-kwiecinski\/miroslaw-kwiecinski-najwazniejsze-publikacje\/","url":"https:\/\/pans.krosno.pl\/pracownicy\/miroslaw-kwiecinski\/miroslaw-kwiecinski-najwazniejsze-publikacje\/","name":"dr hab. Miros\u0142aw Kwieci\u0144ski, prof. PANS - Najwa\u017cniejsze publikacje - Pracownicy PANS w Kro\u015bnie","isPartOf":{"@id":"https:\/\/pans.krosno.pl\/pracownicy\/#website"},"datePublished":"2020-04-06T12:42:43+00:00","dateModified":"2025-05-15T11:29:06+00:00","breadcrumb":{"@id":"https:\/\/pans.krosno.pl\/pracownicy\/miroslaw-kwiecinski\/miroslaw-kwiecinski-najwazniejsze-publikacje\/#breadcrumb"},"inLanguage":"pl-PL","potentialAction":[{"@type":"ReadAction","target":["https:\/\/pans.krosno.pl\/pracownicy\/miroslaw-kwiecinski\/miroslaw-kwiecinski-najwazniejsze-publikacje\/"]}]},{"@type":"BreadcrumbList","@id":"https:\/\/pans.krosno.pl\/pracownicy\/miroslaw-kwiecinski\/miroslaw-kwiecinski-najwazniejsze-publikacje\/#breadcrumb","itemListElement":[{"@type":"ListItem","position":1,"name":"Strona g\u0142\u00f3wna","item":"https:\/\/pans.krosno.pl\/pracownicy\/"},{"@type":"ListItem","position":2,"name":"dr hab. Miros\u0142aw Kwieci\u0144ski, prof. PANS","item":"https:\/\/pans.krosno.pl\/pracownicy\/miroslaw-kwiecinski\/"},{"@type":"ListItem","position":3,"name":"dr hab. Miros\u0142aw Kwieci\u0144ski, prof. PANS &#8211; Najwa\u017cniejsze publikacje"}]},{"@type":"WebSite","@id":"https:\/\/pans.krosno.pl\/pracownicy\/#website","url":"https:\/\/pans.krosno.pl\/pracownicy\/","name":"Pracownicy PANS w Kro\u015bnie","description":"Pracownicy - Pa\u0144stwowa Akademia Nauk Stosowanych","publisher":{"@id":"https:\/\/pans.krosno.pl\/pracownicy\/#organization"},"potentialAction":[{"@type":"SearchAction","target":{"@type":"EntryPoint","urlTemplate":"https:\/\/pans.krosno.pl\/pracownicy\/?s={search_term_string}"},"query-input":{"@type":"PropertyValueSpecification","valueRequired":true,"valueName":"search_term_string"}}],"inLanguage":"pl-PL"},{"@type":"Organization","@id":"https:\/\/pans.krosno.pl\/pracownicy\/#organization","name":"Pracownicy PANS w Kro\u015bnie","url":"https:\/\/pans.krosno.pl\/pracownicy\/","logo":{"@type":"ImageObject","inLanguage":"pl-PL","@id":"https:\/\/pans.krosno.pl\/pracownicy\/#\/schema\/logo\/image\/","url":"https:\/\/pans.krosno.pl\/pracownicy\/wp-content\/uploads\/sites\/41\/2023\/01\/Logo-PANS-2022-pelne.png","contentUrl":"https:\/\/pans.krosno.pl\/pracownicy\/wp-content\/uploads\/sites\/41\/2023\/01\/Logo-PANS-2022-pelne.png","width":3096,"height":696,"caption":"Pracownicy PANS w Kro\u015bnie"},"image":{"@id":"https:\/\/pans.krosno.pl\/pracownicy\/#\/schema\/logo\/image\/"}}]}},"_links":{"self":[{"href":"https:\/\/pans.krosno.pl\/pracownicy\/wp-json\/wp\/v2\/pages\/1878","targetHints":{"allow":["GET"]}}],"collection":[{"href":"https:\/\/pans.krosno.pl\/pracownicy\/wp-json\/wp\/v2\/pages"}],"about":[{"href":"https:\/\/pans.krosno.pl\/pracownicy\/wp-json\/wp\/v2\/types\/page"}],"author":[{"embeddable":true,"href":"https:\/\/pans.krosno.pl\/pracownicy\/wp-json\/wp\/v2\/users\/36"}],"replies":[{"embeddable":true,"href":"https:\/\/pans.krosno.pl\/pracownicy\/wp-json\/wp\/v2\/comments?post=1878"}],"version-history":[{"count":7,"href":"https:\/\/pans.krosno.pl\/pracownicy\/wp-json\/wp\/v2\/pages\/1878\/revisions"}],"predecessor-version":[{"id":9431,"href":"https:\/\/pans.krosno.pl\/pracownicy\/wp-json\/wp\/v2\/pages\/1878\/revisions\/9431"}],"up":[{"embeddable":true,"href":"https:\/\/pans.krosno.pl\/pracownicy\/wp-json\/wp\/v2\/pages\/1865"}],"wp:attachment":[{"href":"https:\/\/pans.krosno.pl\/pracownicy\/wp-json\/wp\/v2\/media?parent=1878"}],"curies":[{"name":"wp","href":"https:\/\/api.w.org\/{rel}","templated":true}]}}