{"id":1875,"date":"2020-04-06T14:39:06","date_gmt":"2020-04-06T12:39:06","guid":{"rendered":"https:\/\/pans.krosno.pl\/pracownicy\/?page_id=1875"},"modified":"2025-05-15T13:28:45","modified_gmt":"2025-05-15T11:28:45","slug":"miroslaw-kwiecinski-doswiadczenie-pozauczelniane","status":"publish","type":"page","link":"https:\/\/pans.krosno.pl\/pracownicy\/miroslaw-kwiecinski\/miroslaw-kwiecinski-doswiadczenie-pozauczelniane\/","title":{"rendered":"dr hab. Miros\u0142aw Kwieci\u0144ski, prof. PANS &#8211; Do\u015bwiadczenie pozauczelniane"},"content":{"rendered":"<hr>\n<ul>\n<li>od 1977 r. &#8211; Nauczyciel akademicki o bogatym do\u015bwiadczeniu zawodowym; promotor 2 obronionych prac doktorskich z zakresu nauk o zarz\u0105dzaniu, promotor w 5-ciu otwartych przewodach doktorskich z zakresu nauk o zarz\u0105dzaniu i nauk o bezpiecze\u0144stwie, promotor ponad 400 prac magisterskich, blisko 500 prac dyplomowych (studia podyplomowe i licencjackich). Recenzent wydawniczy 3 prac naukowych w post\u0119powaniu habilitacyjnym, recenzent 18 prac doktorskich.<\/li>\n<li>Organizator i wsp\u00f3\u0142organizator 15 konferencji, seminari\u00f3w i warsztat\u00f3w naukowych dotycz\u0105cych problematyki restrukturyzacji przedsi\u0119biorstw, zarz\u0105dzania informacj\u0105, zarz\u0105dzania bezpiecze\u0144stwem pa\u0144stwa i biznesu, wywiadu i kontrwywiadu gospodarczego,<\/li>\n<li>w 2000 r. &#8211; Kierownik tematu badawczego Wywiad gospodarczy w przedsi\u0119biorstwie w ramach grantu Zarz\u0105dzanie informacj\u0105 i komunikacj\u0105,<\/li>\n<li>od 2007 r. &#8211; Cz\u0142onek Rady Nadzorczej Boche\u0144skich Zak\u0142ad\u00f3w Us\u0142ug Komunalnych Sp. z o.o. w Bochni,<\/li>\n<li>od 2014 r. &#8211; Prezes Zarz\u0105du Fundacji Instytut Wywiadu Gospodarczego w Krakowie.<\/li>\n<\/ul>\n<hr>\n<p>&nbsp;<\/p>\n","protected":false},"excerpt":{"rendered":"<p>od 1977 r. &#8211; Nauczyciel akademicki o bogatym do\u015bwiadczeniu zawodowym; promotor 2 obronionych prac doktorskich z zakresu nauk o zarz\u0105dzaniu, promotor w 5-ciu otwartych przewodach doktorskich z zakresu nauk o zarz\u0105dzaniu i nauk o bezpiecze\u0144stwie, promotor ponad 400 prac magisterskich, blisko 500 prac dyplomowych (studia podyplomowe i licencjackich). Recenzent wydawniczy [\u2026] <\/p>\n<div class=\"clear\"><\/div>\n<p><a class=\"more_link clearfix\" href=\"https:\/\/pans.krosno.pl\/pracownicy\/miroslaw-kwiecinski\/miroslaw-kwiecinski-doswiadczenie-pozauczelniane\/\" rel=\"nofollow\">Read More<\/a><\/p>\n","protected":false},"author":36,"featured_media":0,"parent":1865,"menu_order":0,"comment_status":"closed","ping_status":"closed","template":"","meta":{"ngg_post_thumbnail":0,"footnotes":""},"class_list":["post-1875","page","type-page","status-publish","hentry"],"yoast_head":"<!-- This site is optimized with the Yoast SEO Premium plugin v27.3 (Yoast SEO v27.3) - https:\/\/yoast.com\/product\/yoast-seo-premium-wordpress\/ -->\n<title>dr hab. Miros\u0142aw Kwieci\u0144ski, prof. PANS - Do\u015bwiadczenie pozauczelniane - Pracownicy PANS w Kro\u015bnie<\/title>\n<meta name=\"robots\" content=\"index, follow, max-snippet:-1, max-image-preview:large, max-video-preview:-1\" \/>\n<link rel=\"canonical\" href=\"https:\/\/pans.krosno.pl\/pracownicy\/miroslaw-kwiecinski\/miroslaw-kwiecinski-doswiadczenie-pozauczelniane\/\" \/>\n<meta property=\"og:locale\" content=\"pl_PL\" \/>\n<meta property=\"og:type\" content=\"article\" \/>\n<meta property=\"og:title\" content=\"dr hab. Miros\u0142aw Kwieci\u0144ski, prof. PANS - Do\u015bwiadczenie pozauczelniane\" \/>\n<meta property=\"og:description\" content=\"od 1977 r. &#8211; Nauczyciel akademicki o bogatym do\u015bwiadczeniu zawodowym; promotor 2 obronionych prac doktorskich z zakresu nauk o zarz\u0105dzaniu, promotor w 5-ciu otwartych przewodach doktorskich z zakresu nauk o zarz\u0105dzaniu i nauk o bezpiecze\u0144stwie, promotor ponad 400 prac magisterskich, blisko 500 prac dyplomowych (studia podyplomowe i licencjackich). Recenzent wydawniczy [\u2026] Read More\" \/>\n<meta property=\"og:url\" content=\"https:\/\/pans.krosno.pl\/pracownicy\/miroslaw-kwiecinski\/miroslaw-kwiecinski-doswiadczenie-pozauczelniane\/\" \/>\n<meta property=\"og:site_name\" content=\"Pracownicy PANS w Kro\u015bnie\" \/>\n<meta property=\"article:modified_time\" content=\"2025-05-15T11:28:45+00:00\" \/>\n<meta name=\"twitter:card\" content=\"summary_large_image\" \/>\n<meta name=\"twitter:label1\" content=\"Szacowany czas czytania\" \/>\n\t<meta name=\"twitter:data1\" content=\"1 minuta\" \/>\n<script type=\"application\/ld+json\" class=\"yoast-schema-graph\">{\"@context\":\"https:\\\/\\\/schema.org\",\"@graph\":[{\"@type\":\"WebPage\",\"@id\":\"https:\\\/\\\/pans.krosno.pl\\\/pracownicy\\\/miroslaw-kwiecinski\\\/miroslaw-kwiecinski-doswiadczenie-pozauczelniane\\\/\",\"url\":\"https:\\\/\\\/pans.krosno.pl\\\/pracownicy\\\/miroslaw-kwiecinski\\\/miroslaw-kwiecinski-doswiadczenie-pozauczelniane\\\/\",\"name\":\"dr hab. Miros\u0142aw Kwieci\u0144ski, prof. PANS - Do\u015bwiadczenie pozauczelniane - Pracownicy PANS w Kro\u015bnie\",\"isPartOf\":{\"@id\":\"https:\\\/\\\/pans.krosno.pl\\\/pracownicy\\\/#website\"},\"datePublished\":\"2020-04-06T12:39:06+00:00\",\"dateModified\":\"2025-05-15T11:28:45+00:00\",\"breadcrumb\":{\"@id\":\"https:\\\/\\\/pans.krosno.pl\\\/pracownicy\\\/miroslaw-kwiecinski\\\/miroslaw-kwiecinski-doswiadczenie-pozauczelniane\\\/#breadcrumb\"},\"inLanguage\":\"pl-PL\",\"potentialAction\":[{\"@type\":\"ReadAction\",\"target\":[\"https:\\\/\\\/pans.krosno.pl\\\/pracownicy\\\/miroslaw-kwiecinski\\\/miroslaw-kwiecinski-doswiadczenie-pozauczelniane\\\/\"]}]},{\"@type\":\"BreadcrumbList\",\"@id\":\"https:\\\/\\\/pans.krosno.pl\\\/pracownicy\\\/miroslaw-kwiecinski\\\/miroslaw-kwiecinski-doswiadczenie-pozauczelniane\\\/#breadcrumb\",\"itemListElement\":[{\"@type\":\"ListItem\",\"position\":1,\"name\":\"Strona g\u0142\u00f3wna\",\"item\":\"https:\\\/\\\/pans.krosno.pl\\\/pracownicy\\\/\"},{\"@type\":\"ListItem\",\"position\":2,\"name\":\"dr hab. Miros\u0142aw Kwieci\u0144ski, prof. PANS\",\"item\":\"https:\\\/\\\/pans.krosno.pl\\\/pracownicy\\\/miroslaw-kwiecinski\\\/\"},{\"@type\":\"ListItem\",\"position\":3,\"name\":\"dr hab. Miros\u0142aw Kwieci\u0144ski, prof. PANS &#8211; Do\u015bwiadczenie pozauczelniane\"}]},{\"@type\":\"WebSite\",\"@id\":\"https:\\\/\\\/pans.krosno.pl\\\/pracownicy\\\/#website\",\"url\":\"https:\\\/\\\/pans.krosno.pl\\\/pracownicy\\\/\",\"name\":\"Pracownicy PANS w Kro\u015bnie\",\"description\":\"Pracownicy - Pa\u0144stwowa Akademia Nauk Stosowanych\",\"publisher\":{\"@id\":\"https:\\\/\\\/pans.krosno.pl\\\/pracownicy\\\/#organization\"},\"potentialAction\":[{\"@type\":\"SearchAction\",\"target\":{\"@type\":\"EntryPoint\",\"urlTemplate\":\"https:\\\/\\\/pans.krosno.pl\\\/pracownicy\\\/?s={search_term_string}\"},\"query-input\":{\"@type\":\"PropertyValueSpecification\",\"valueRequired\":true,\"valueName\":\"search_term_string\"}}],\"inLanguage\":\"pl-PL\"},{\"@type\":\"Organization\",\"@id\":\"https:\\\/\\\/pans.krosno.pl\\\/pracownicy\\\/#organization\",\"name\":\"Pracownicy PANS w Kro\u015bnie\",\"url\":\"https:\\\/\\\/pans.krosno.pl\\\/pracownicy\\\/\",\"logo\":{\"@type\":\"ImageObject\",\"inLanguage\":\"pl-PL\",\"@id\":\"https:\\\/\\\/pans.krosno.pl\\\/pracownicy\\\/#\\\/schema\\\/logo\\\/image\\\/\",\"url\":\"https:\\\/\\\/pans.krosno.pl\\\/pracownicy\\\/wp-content\\\/uploads\\\/sites\\\/41\\\/2023\\\/01\\\/Logo-PANS-2022-pelne.png\",\"contentUrl\":\"https:\\\/\\\/pans.krosno.pl\\\/pracownicy\\\/wp-content\\\/uploads\\\/sites\\\/41\\\/2023\\\/01\\\/Logo-PANS-2022-pelne.png\",\"width\":3096,\"height\":696,\"caption\":\"Pracownicy PANS w Kro\u015bnie\"},\"image\":{\"@id\":\"https:\\\/\\\/pans.krosno.pl\\\/pracownicy\\\/#\\\/schema\\\/logo\\\/image\\\/\"}}]}<\/script>\n<!-- \/ Yoast SEO Premium plugin. -->","yoast_head_json":{"title":"dr hab. Miros\u0142aw Kwieci\u0144ski, prof. PANS - Do\u015bwiadczenie pozauczelniane - Pracownicy PANS w Kro\u015bnie","robots":{"index":"index","follow":"follow","max-snippet":"max-snippet:-1","max-image-preview":"max-image-preview:large","max-video-preview":"max-video-preview:-1"},"canonical":"https:\/\/pans.krosno.pl\/pracownicy\/miroslaw-kwiecinski\/miroslaw-kwiecinski-doswiadczenie-pozauczelniane\/","og_locale":"pl_PL","og_type":"article","og_title":"dr hab. Miros\u0142aw Kwieci\u0144ski, prof. PANS - Do\u015bwiadczenie pozauczelniane","og_description":"od 1977 r. &#8211; Nauczyciel akademicki o bogatym do\u015bwiadczeniu zawodowym; promotor 2 obronionych prac doktorskich z zakresu nauk o zarz\u0105dzaniu, promotor w 5-ciu otwartych przewodach doktorskich z zakresu nauk o zarz\u0105dzaniu i nauk o bezpiecze\u0144stwie, promotor ponad 400 prac magisterskich, blisko 500 prac dyplomowych (studia podyplomowe i licencjackich). Recenzent wydawniczy [\u2026] Read More","og_url":"https:\/\/pans.krosno.pl\/pracownicy\/miroslaw-kwiecinski\/miroslaw-kwiecinski-doswiadczenie-pozauczelniane\/","og_site_name":"Pracownicy PANS w Kro\u015bnie","article_modified_time":"2025-05-15T11:28:45+00:00","twitter_card":"summary_large_image","twitter_misc":{"Szacowany czas czytania":"1 minuta"},"schema":{"@context":"https:\/\/schema.org","@graph":[{"@type":"WebPage","@id":"https:\/\/pans.krosno.pl\/pracownicy\/miroslaw-kwiecinski\/miroslaw-kwiecinski-doswiadczenie-pozauczelniane\/","url":"https:\/\/pans.krosno.pl\/pracownicy\/miroslaw-kwiecinski\/miroslaw-kwiecinski-doswiadczenie-pozauczelniane\/","name":"dr hab. Miros\u0142aw Kwieci\u0144ski, prof. PANS - Do\u015bwiadczenie pozauczelniane - Pracownicy PANS w Kro\u015bnie","isPartOf":{"@id":"https:\/\/pans.krosno.pl\/pracownicy\/#website"},"datePublished":"2020-04-06T12:39:06+00:00","dateModified":"2025-05-15T11:28:45+00:00","breadcrumb":{"@id":"https:\/\/pans.krosno.pl\/pracownicy\/miroslaw-kwiecinski\/miroslaw-kwiecinski-doswiadczenie-pozauczelniane\/#breadcrumb"},"inLanguage":"pl-PL","potentialAction":[{"@type":"ReadAction","target":["https:\/\/pans.krosno.pl\/pracownicy\/miroslaw-kwiecinski\/miroslaw-kwiecinski-doswiadczenie-pozauczelniane\/"]}]},{"@type":"BreadcrumbList","@id":"https:\/\/pans.krosno.pl\/pracownicy\/miroslaw-kwiecinski\/miroslaw-kwiecinski-doswiadczenie-pozauczelniane\/#breadcrumb","itemListElement":[{"@type":"ListItem","position":1,"name":"Strona g\u0142\u00f3wna","item":"https:\/\/pans.krosno.pl\/pracownicy\/"},{"@type":"ListItem","position":2,"name":"dr hab. Miros\u0142aw Kwieci\u0144ski, prof. PANS","item":"https:\/\/pans.krosno.pl\/pracownicy\/miroslaw-kwiecinski\/"},{"@type":"ListItem","position":3,"name":"dr hab. Miros\u0142aw Kwieci\u0144ski, prof. PANS &#8211; Do\u015bwiadczenie pozauczelniane"}]},{"@type":"WebSite","@id":"https:\/\/pans.krosno.pl\/pracownicy\/#website","url":"https:\/\/pans.krosno.pl\/pracownicy\/","name":"Pracownicy PANS w Kro\u015bnie","description":"Pracownicy - Pa\u0144stwowa Akademia Nauk Stosowanych","publisher":{"@id":"https:\/\/pans.krosno.pl\/pracownicy\/#organization"},"potentialAction":[{"@type":"SearchAction","target":{"@type":"EntryPoint","urlTemplate":"https:\/\/pans.krosno.pl\/pracownicy\/?s={search_term_string}"},"query-input":{"@type":"PropertyValueSpecification","valueRequired":true,"valueName":"search_term_string"}}],"inLanguage":"pl-PL"},{"@type":"Organization","@id":"https:\/\/pans.krosno.pl\/pracownicy\/#organization","name":"Pracownicy PANS w Kro\u015bnie","url":"https:\/\/pans.krosno.pl\/pracownicy\/","logo":{"@type":"ImageObject","inLanguage":"pl-PL","@id":"https:\/\/pans.krosno.pl\/pracownicy\/#\/schema\/logo\/image\/","url":"https:\/\/pans.krosno.pl\/pracownicy\/wp-content\/uploads\/sites\/41\/2023\/01\/Logo-PANS-2022-pelne.png","contentUrl":"https:\/\/pans.krosno.pl\/pracownicy\/wp-content\/uploads\/sites\/41\/2023\/01\/Logo-PANS-2022-pelne.png","width":3096,"height":696,"caption":"Pracownicy PANS w Kro\u015bnie"},"image":{"@id":"https:\/\/pans.krosno.pl\/pracownicy\/#\/schema\/logo\/image\/"}}]}},"_links":{"self":[{"href":"https:\/\/pans.krosno.pl\/pracownicy\/wp-json\/wp\/v2\/pages\/1875","targetHints":{"allow":["GET"]}}],"collection":[{"href":"https:\/\/pans.krosno.pl\/pracownicy\/wp-json\/wp\/v2\/pages"}],"about":[{"href":"https:\/\/pans.krosno.pl\/pracownicy\/wp-json\/wp\/v2\/types\/page"}],"author":[{"embeddable":true,"href":"https:\/\/pans.krosno.pl\/pracownicy\/wp-json\/wp\/v2\/users\/36"}],"replies":[{"embeddable":true,"href":"https:\/\/pans.krosno.pl\/pracownicy\/wp-json\/wp\/v2\/comments?post=1875"}],"version-history":[{"count":9,"href":"https:\/\/pans.krosno.pl\/pracownicy\/wp-json\/wp\/v2\/pages\/1875\/revisions"}],"predecessor-version":[{"id":9430,"href":"https:\/\/pans.krosno.pl\/pracownicy\/wp-json\/wp\/v2\/pages\/1875\/revisions\/9430"}],"up":[{"embeddable":true,"href":"https:\/\/pans.krosno.pl\/pracownicy\/wp-json\/wp\/v2\/pages\/1865"}],"wp:attachment":[{"href":"https:\/\/pans.krosno.pl\/pracownicy\/wp-json\/wp\/v2\/media?parent=1875"}],"curies":[{"name":"wp","href":"https:\/\/api.w.org\/{rel}","templated":true}]}}