{"id":186,"date":"2020-03-25T12:40:20","date_gmt":"2020-03-25T11:40:20","guid":{"rendered":"https:\/\/pans.krosno.pl\/pracownicy\/?page_id=186"},"modified":"2025-05-20T13:46:03","modified_gmt":"2025-05-20T11:46:03","slug":"lukasz-szmyd-najwazniejsze-publikacje","status":"publish","type":"page","link":"https:\/\/pans.krosno.pl\/pracownicy\/lukasz-szmyd\/lukasz-szmyd-najwazniejsze-publikacje\/","title":{"rendered":"dr \u0141ukasz Szmyd &#8211; Najwa\u017cniejsze publikacje"},"content":{"rendered":"<hr>\n<p><strong>Jest autorem kilkudziesi\u0119ciu recenzowanych publikacji z zakresu historii kultury fizycznej i turystyki w j\u0119zyku polskim, angielskim i ukrai\u0144skim, wsp\u00f3\u0142redaktorem&nbsp; opracowa\u0144 monograficznych m. in.:<\/strong><\/p>\n<ul>\n<li>Spo\u0142ecze\u0144stwo i gospodarka subregionu kro\u015bnie\u0144skiego na prze\u0142omie XX i XXI wieku,<\/li>\n<li>Rozw\u00f3j obszar\u00f3w g\u00f3rskich w polsko-ukrai\u0144skiej strefie Karpat (2008 r.),<\/li>\n<li>Historia turystyki w Polsce przed 1939 r., tom I, II, III oraz trzech recenzji.&nbsp;<\/li>\n<\/ul>\n<p><strong>Monografie<\/strong><\/p>\n<ol>\n<li>Czes\u0142aw Guzik, \u0141ukasz Szmyd, Spo\u0142ecze\u0144stwo i gospodarka subregionu kro\u015bnie\u0144skiego na prze\u0142omie XX i XXI wieku. ISBN 978-83-89295-12-5. PWSZ Krosno 2008 r.<\/li>\n<li>Witold P\u00f3\u0142torak, \u0141ukasz Szmyd, Rozw\u00f3j obszar\u00f3w g\u00f3rskich w polsko &#8211; ukrai\u0144skiej strefie Karpat. ISBN 978-83-89295-02-6. PWSZ Krosno 2008 r.<\/li>\n<li>Marta Niewczas, Stanis\u0142aw Zaborniak, \u0141ukasz Szmyd,&nbsp; Historia turystyki w Polsce przed 1939 rokiem. Tradycje, prekursorzy, prawo, szlaki i upowszechnianie. Tom I. ISBN 978-83-65293-31-2. Rzesz\u00f3w 2017 r.<\/li>\n<li>Marta Niewczas, Stanis\u0142aw Zaborniak, \u0141ukasz Szmyd,&nbsp; Historia turystyki w Polsce przed 1939 rokiem. Organizacje i stowarzyszenia turystyczne. Tom II. ISBN978-83-65293-32-9. Rzesz\u00f3w 2017 r.<\/li>\n<li>Marta Niewczas, Stanis\u0142aw Zaborniak, \u0141ukasz Szmyd,&nbsp; Historia turystyki w Polsce przed 1939 rokiem. Formy turystyki. Tom III. ISBN 978-83-65293-33-6. Rzesz\u00f3w 2017 r.<\/li>\n<\/ol>\n<p><strong>Wybrane artyku\u0142y<\/strong><\/p>\n<ol>\n<li>Stanis\u0142aw Zaborniak, \u0141ukasz Szmyd, Tatiana Mytskan, Hostels, bunkers and ski-tourist stations on Huculszczyzna in her territorial part in the Valley of Black Czermosz and in the range of Mountains Czywczy\u0144skich (Valleys of White and Black Czeremosz). (Schroniska, schrony i stacje narciarsko-turystyczne na Huculszczy\u017anie w jej cz\u0119\u015bci terytorialnej w Dolinie Czarnego Czermoszu i w pa\u015bmie G\u00f3r Czywczy\u0144skich (Doliny Bia\u0142ego i Czarnego Czeremoszu) .), 2015 [w:] Scientific Review of Physical Culture, Volume 5, Issue 1, s. 89 \u2013 102. Rzesz\u00f3w (ISSN 2083 \u2013 8581, e-p-ISSN 2083 \u2013 859X).<\/li>\n<li>Stanis\u0142aw Zaborniak, \u0141ukasz Szmyd, Hostels, bunkers and ski-tourist stations on Huculszczy\u017anie in her territorial part in the Prutu Valley and in a Czarnohory mountain range (Schroniska, schrony i stacje narciarsko-turystyczne na Huculszczy\u017anie w jej cz\u0119\u015bci terytorialnej w Dolinie Prutu i w pa\u015bmie g\u00f3rskim Czarnohory), 2015 [W:] Scientific Review of Physical Culture, volume 5, issue 1, s. 103 \u2013 129. Rzesz\u00f3w (ISSN 2083 \u2013 8581, e-p-ISSN 2083 \u2013 859X).<\/li>\n<li>Stanis\u0142aw Zaborniak, \u0141ukasz Szmyd, Hostels, bunkers and ski-tourist stations on Huculszczyzna in her territorial part in a mountain range Gorgan\u00f3w (Schroniska, schrony i stacje narciarsko-turystyczne na Huculszczy\u017anie w jej cz\u0119\u015bci terytorialnej w pa\u015bmie g\u00f3rskim Gorgan\u00f3w), 2015. [w:] Scientific Review of Physical Culture, volume 5, issue 1, s. 130 \u2013 153.&nbsp; Rzesz\u00f3w (ISSN 2083 \u2013 8581, e-p-ISSN 2083 \u2013 859X).<\/li>\n<li>Stanis\u0142aw Zaborniak, \u0141ukasz Szmyd, Tatiana Mytskan, Hostels, bunkers and ski-tourist stations on Huculszczy\u017anie in her territorial part of Hutsul Beskid before 1939 (Schroniska, schrony i stacje narciarsko-turystyczne na Huculszczy\u017anie w jej cz\u0119\u015bci terytorialnej Beskidu Huculskiego przed 1939 r.), 2015 [w:] Scientific Review of Physical Culture, volume 5, issue 1.<\/li>\n<li>Stanis\u0142aw Zaborniak, \u0141ukasz Szmyd, Beginnings of the tourism on south-east lines of the republic on the XIX\/XX touring point C (Pocz\u0105tki turystyki na po\u0142udniowo-wschodnich kra\u0144cach rzeczpospolitej na prze\u0142omie XIX I XX w.), 2015 [w:] Scientific Review of Physical Culture, volume 5, issue 2, s. 80 \u2013 87 (ISSN 2083 \u2013 8581, e-p-ISSN 2083 \u2013 859X).<\/li>\n<li>Stanis\u0142aw Zaborniak, \u0141ukasz Szmyd, Andrea Polanska, Poland &#8211; Czechoslovakian tourist convention 1925-1939, Polsko \u2013 Czechos\u0142owacka&nbsp; konwencja turystyczna 1925-1939, 2015 [w:] Scientific Review of Physical Culture, volume 5, issue. 3, s. 215-224 (ISSN 2083 \u2013 8581, e-p-ISSN 2083 \u2013 859X).<\/li>\n<li>Kazimierz Szmyd, \u0141ukasz Szmyd, Geo cultural and anthropological (generational) challenges of modern education (research and applications). \u041c\u0418\u0421\u0422\u0415\u0426\u042c\u041a\u0410 \u041e\u0421\u0412\u0406\u0422\u0410 \u0422\u0410 \u0420\u041e\u0417\u0412\u0418\u0422\u041e\u041a \u0422\u0412\u041e\u0420\u0427\u041e\u0407 \u041e\u0421\u041e\u0411\u0418\u0421\u0422\u041e\u0421\u0422\u0406: \u0404\u0412\u0420\u041e\u041f\u0415\u0419\u0421\u042c\u041a\u0418\u0419 \u0412\u0418\u041c\u0406\u0420, Geokulturowe i antropologiczne (pokoleniowe) wyzwania wsp\u00f3\u0142czesnej edukacji (badania i wnioski), \u0437\u0431\u0456\u0440\u043d\u0438\u043a \u043d\u0430\u0443\u043a\u043e\u0432\u0438\u0445 \u043f\u0440\u0430\u0446\u044c, \u0420\u0456\u0432\u043d\u0435: \u0412o\u043b\u0438\u043dc\u043a\u0438 o\u0431epe\u0433\u0438. 2016. &#8211; \u0412\u0438\u043f.2 \u2013 336 c. ISBN 978-416-428-0, cc. 225 \u2013 240.<\/li>\n<\/ol>\n<hr>\n<p>&nbsp;<\/p>\n","protected":false},"excerpt":{"rendered":"<p>Jest autorem kilkudziesi\u0119ciu recenzowanych publikacji z zakresu historii kultury fizycznej i turystyki w j\u0119zyku polskim, angielskim i ukrai\u0144skim, wsp\u00f3\u0142redaktorem&nbsp; opracowa\u0144 monograficznych m. in.: Spo\u0142ecze\u0144stwo i gospodarka subregionu kro\u015bnie\u0144skiego na prze\u0142omie XX i XXI wieku, Rozw\u00f3j obszar\u00f3w g\u00f3rskich w polsko-ukrai\u0144skiej strefie Karpat (2008 r.), Historia turystyki w Polsce przed 1939 r., [\u2026] <\/p>\n<div class=\"clear\"><\/div>\n<p><a class=\"more_link clearfix\" href=\"https:\/\/pans.krosno.pl\/pracownicy\/lukasz-szmyd\/lukasz-szmyd-najwazniejsze-publikacje\/\" rel=\"nofollow\">Read More<\/a><\/p>\n","protected":false},"author":36,"featured_media":0,"parent":154,"menu_order":0,"comment_status":"closed","ping_status":"closed","template":"","meta":{"ngg_post_thumbnail":0,"footnotes":""},"class_list":["post-186","page","type-page","status-publish","hentry"],"yoast_head":"<!-- This site is optimized with the Yoast SEO Premium plugin v27.3 (Yoast SEO v27.3) - https:\/\/yoast.com\/product\/yoast-seo-premium-wordpress\/ -->\n<title>dr \u0141ukasz Szmyd - Najwa\u017cniejsze publikacje - Pracownicy PANS w Kro\u015bnie<\/title>\n<meta name=\"robots\" content=\"index, follow, max-snippet:-1, max-image-preview:large, max-video-preview:-1\" \/>\n<link rel=\"canonical\" href=\"https:\/\/pans.krosno.pl\/pracownicy\/lukasz-szmyd\/lukasz-szmyd-najwazniejsze-publikacje\/\" \/>\n<meta property=\"og:locale\" content=\"pl_PL\" \/>\n<meta property=\"og:type\" content=\"article\" \/>\n<meta property=\"og:title\" content=\"dr \u0141ukasz Szmyd - Najwa\u017cniejsze publikacje\" \/>\n<meta property=\"og:description\" content=\"Jest autorem kilkudziesi\u0119ciu recenzowanych publikacji z zakresu historii kultury fizycznej i turystyki w j\u0119zyku polskim, angielskim i ukrai\u0144skim, wsp\u00f3\u0142redaktorem&nbsp; opracowa\u0144 monograficznych m. in.: Spo\u0142ecze\u0144stwo i gospodarka subregionu kro\u015bnie\u0144skiego na prze\u0142omie XX i XXI wieku, Rozw\u00f3j obszar\u00f3w g\u00f3rskich w polsko-ukrai\u0144skiej strefie Karpat (2008 r.), Historia turystyki w Polsce przed 1939 r., [\u2026] Read More\" \/>\n<meta property=\"og:url\" content=\"https:\/\/pans.krosno.pl\/pracownicy\/lukasz-szmyd\/lukasz-szmyd-najwazniejsze-publikacje\/\" \/>\n<meta property=\"og:site_name\" content=\"Pracownicy PANS w Kro\u015bnie\" \/>\n<meta property=\"article:modified_time\" content=\"2025-05-20T11:46:03+00:00\" \/>\n<meta name=\"twitter:card\" content=\"summary_large_image\" \/>\n<meta name=\"twitter:label1\" content=\"Szacowany czas czytania\" \/>\n\t<meta name=\"twitter:data1\" content=\"4 minuty\" \/>\n<script type=\"application\/ld+json\" class=\"yoast-schema-graph\">{\"@context\":\"https:\\\/\\\/schema.org\",\"@graph\":[{\"@type\":\"WebPage\",\"@id\":\"https:\\\/\\\/pans.krosno.pl\\\/pracownicy\\\/lukasz-szmyd\\\/lukasz-szmyd-najwazniejsze-publikacje\\\/\",\"url\":\"https:\\\/\\\/pans.krosno.pl\\\/pracownicy\\\/lukasz-szmyd\\\/lukasz-szmyd-najwazniejsze-publikacje\\\/\",\"name\":\"dr \u0141ukasz Szmyd - Najwa\u017cniejsze publikacje - Pracownicy PANS w Kro\u015bnie\",\"isPartOf\":{\"@id\":\"https:\\\/\\\/pans.krosno.pl\\\/pracownicy\\\/#website\"},\"datePublished\":\"2020-03-25T11:40:20+00:00\",\"dateModified\":\"2025-05-20T11:46:03+00:00\",\"breadcrumb\":{\"@id\":\"https:\\\/\\\/pans.krosno.pl\\\/pracownicy\\\/lukasz-szmyd\\\/lukasz-szmyd-najwazniejsze-publikacje\\\/#breadcrumb\"},\"inLanguage\":\"pl-PL\",\"potentialAction\":[{\"@type\":\"ReadAction\",\"target\":[\"https:\\\/\\\/pans.krosno.pl\\\/pracownicy\\\/lukasz-szmyd\\\/lukasz-szmyd-najwazniejsze-publikacje\\\/\"]}]},{\"@type\":\"BreadcrumbList\",\"@id\":\"https:\\\/\\\/pans.krosno.pl\\\/pracownicy\\\/lukasz-szmyd\\\/lukasz-szmyd-najwazniejsze-publikacje\\\/#breadcrumb\",\"itemListElement\":[{\"@type\":\"ListItem\",\"position\":1,\"name\":\"Strona g\u0142\u00f3wna\",\"item\":\"https:\\\/\\\/pans.krosno.pl\\\/pracownicy\\\/\"},{\"@type\":\"ListItem\",\"position\":2,\"name\":\"dr \u0141ukasz Szmyd\",\"item\":\"https:\\\/\\\/pans.krosno.pl\\\/pracownicy\\\/lukasz-szmyd\\\/\"},{\"@type\":\"ListItem\",\"position\":3,\"name\":\"dr \u0141ukasz Szmyd &#8211; Najwa\u017cniejsze publikacje\"}]},{\"@type\":\"WebSite\",\"@id\":\"https:\\\/\\\/pans.krosno.pl\\\/pracownicy\\\/#website\",\"url\":\"https:\\\/\\\/pans.krosno.pl\\\/pracownicy\\\/\",\"name\":\"Pracownicy PANS w Kro\u015bnie\",\"description\":\"Pracownicy - Pa\u0144stwowa Akademia Nauk Stosowanych\",\"publisher\":{\"@id\":\"https:\\\/\\\/pans.krosno.pl\\\/pracownicy\\\/#organization\"},\"potentialAction\":[{\"@type\":\"SearchAction\",\"target\":{\"@type\":\"EntryPoint\",\"urlTemplate\":\"https:\\\/\\\/pans.krosno.pl\\\/pracownicy\\\/?s={search_term_string}\"},\"query-input\":{\"@type\":\"PropertyValueSpecification\",\"valueRequired\":true,\"valueName\":\"search_term_string\"}}],\"inLanguage\":\"pl-PL\"},{\"@type\":\"Organization\",\"@id\":\"https:\\\/\\\/pans.krosno.pl\\\/pracownicy\\\/#organization\",\"name\":\"Pracownicy PANS w Kro\u015bnie\",\"url\":\"https:\\\/\\\/pans.krosno.pl\\\/pracownicy\\\/\",\"logo\":{\"@type\":\"ImageObject\",\"inLanguage\":\"pl-PL\",\"@id\":\"https:\\\/\\\/pans.krosno.pl\\\/pracownicy\\\/#\\\/schema\\\/logo\\\/image\\\/\",\"url\":\"https:\\\/\\\/pans.krosno.pl\\\/pracownicy\\\/wp-content\\\/uploads\\\/sites\\\/41\\\/2023\\\/01\\\/Logo-PANS-2022-pelne.png\",\"contentUrl\":\"https:\\\/\\\/pans.krosno.pl\\\/pracownicy\\\/wp-content\\\/uploads\\\/sites\\\/41\\\/2023\\\/01\\\/Logo-PANS-2022-pelne.png\",\"width\":3096,\"height\":696,\"caption\":\"Pracownicy PANS w Kro\u015bnie\"},\"image\":{\"@id\":\"https:\\\/\\\/pans.krosno.pl\\\/pracownicy\\\/#\\\/schema\\\/logo\\\/image\\\/\"}}]}<\/script>\n<!-- \/ Yoast SEO Premium plugin. -->","yoast_head_json":{"title":"dr \u0141ukasz Szmyd - Najwa\u017cniejsze publikacje - Pracownicy PANS w Kro\u015bnie","robots":{"index":"index","follow":"follow","max-snippet":"max-snippet:-1","max-image-preview":"max-image-preview:large","max-video-preview":"max-video-preview:-1"},"canonical":"https:\/\/pans.krosno.pl\/pracownicy\/lukasz-szmyd\/lukasz-szmyd-najwazniejsze-publikacje\/","og_locale":"pl_PL","og_type":"article","og_title":"dr \u0141ukasz Szmyd - Najwa\u017cniejsze publikacje","og_description":"Jest autorem kilkudziesi\u0119ciu recenzowanych publikacji z zakresu historii kultury fizycznej i turystyki w j\u0119zyku polskim, angielskim i ukrai\u0144skim, wsp\u00f3\u0142redaktorem&nbsp; opracowa\u0144 monograficznych m. in.: Spo\u0142ecze\u0144stwo i gospodarka subregionu kro\u015bnie\u0144skiego na prze\u0142omie XX i XXI wieku, Rozw\u00f3j obszar\u00f3w g\u00f3rskich w polsko-ukrai\u0144skiej strefie Karpat (2008 r.), Historia turystyki w Polsce przed 1939 r., [\u2026] Read More","og_url":"https:\/\/pans.krosno.pl\/pracownicy\/lukasz-szmyd\/lukasz-szmyd-najwazniejsze-publikacje\/","og_site_name":"Pracownicy PANS w Kro\u015bnie","article_modified_time":"2025-05-20T11:46:03+00:00","twitter_card":"summary_large_image","twitter_misc":{"Szacowany czas czytania":"4 minuty"},"schema":{"@context":"https:\/\/schema.org","@graph":[{"@type":"WebPage","@id":"https:\/\/pans.krosno.pl\/pracownicy\/lukasz-szmyd\/lukasz-szmyd-najwazniejsze-publikacje\/","url":"https:\/\/pans.krosno.pl\/pracownicy\/lukasz-szmyd\/lukasz-szmyd-najwazniejsze-publikacje\/","name":"dr \u0141ukasz Szmyd - Najwa\u017cniejsze publikacje - Pracownicy PANS w Kro\u015bnie","isPartOf":{"@id":"https:\/\/pans.krosno.pl\/pracownicy\/#website"},"datePublished":"2020-03-25T11:40:20+00:00","dateModified":"2025-05-20T11:46:03+00:00","breadcrumb":{"@id":"https:\/\/pans.krosno.pl\/pracownicy\/lukasz-szmyd\/lukasz-szmyd-najwazniejsze-publikacje\/#breadcrumb"},"inLanguage":"pl-PL","potentialAction":[{"@type":"ReadAction","target":["https:\/\/pans.krosno.pl\/pracownicy\/lukasz-szmyd\/lukasz-szmyd-najwazniejsze-publikacje\/"]}]},{"@type":"BreadcrumbList","@id":"https:\/\/pans.krosno.pl\/pracownicy\/lukasz-szmyd\/lukasz-szmyd-najwazniejsze-publikacje\/#breadcrumb","itemListElement":[{"@type":"ListItem","position":1,"name":"Strona g\u0142\u00f3wna","item":"https:\/\/pans.krosno.pl\/pracownicy\/"},{"@type":"ListItem","position":2,"name":"dr \u0141ukasz Szmyd","item":"https:\/\/pans.krosno.pl\/pracownicy\/lukasz-szmyd\/"},{"@type":"ListItem","position":3,"name":"dr \u0141ukasz Szmyd &#8211; Najwa\u017cniejsze publikacje"}]},{"@type":"WebSite","@id":"https:\/\/pans.krosno.pl\/pracownicy\/#website","url":"https:\/\/pans.krosno.pl\/pracownicy\/","name":"Pracownicy PANS w Kro\u015bnie","description":"Pracownicy - Pa\u0144stwowa Akademia Nauk Stosowanych","publisher":{"@id":"https:\/\/pans.krosno.pl\/pracownicy\/#organization"},"potentialAction":[{"@type":"SearchAction","target":{"@type":"EntryPoint","urlTemplate":"https:\/\/pans.krosno.pl\/pracownicy\/?s={search_term_string}"},"query-input":{"@type":"PropertyValueSpecification","valueRequired":true,"valueName":"search_term_string"}}],"inLanguage":"pl-PL"},{"@type":"Organization","@id":"https:\/\/pans.krosno.pl\/pracownicy\/#organization","name":"Pracownicy PANS w Kro\u015bnie","url":"https:\/\/pans.krosno.pl\/pracownicy\/","logo":{"@type":"ImageObject","inLanguage":"pl-PL","@id":"https:\/\/pans.krosno.pl\/pracownicy\/#\/schema\/logo\/image\/","url":"https:\/\/pans.krosno.pl\/pracownicy\/wp-content\/uploads\/sites\/41\/2023\/01\/Logo-PANS-2022-pelne.png","contentUrl":"https:\/\/pans.krosno.pl\/pracownicy\/wp-content\/uploads\/sites\/41\/2023\/01\/Logo-PANS-2022-pelne.png","width":3096,"height":696,"caption":"Pracownicy PANS w Kro\u015bnie"},"image":{"@id":"https:\/\/pans.krosno.pl\/pracownicy\/#\/schema\/logo\/image\/"}}]}},"_links":{"self":[{"href":"https:\/\/pans.krosno.pl\/pracownicy\/wp-json\/wp\/v2\/pages\/186","targetHints":{"allow":["GET"]}}],"collection":[{"href":"https:\/\/pans.krosno.pl\/pracownicy\/wp-json\/wp\/v2\/pages"}],"about":[{"href":"https:\/\/pans.krosno.pl\/pracownicy\/wp-json\/wp\/v2\/types\/page"}],"author":[{"embeddable":true,"href":"https:\/\/pans.krosno.pl\/pracownicy\/wp-json\/wp\/v2\/users\/36"}],"replies":[{"embeddable":true,"href":"https:\/\/pans.krosno.pl\/pracownicy\/wp-json\/wp\/v2\/comments?post=186"}],"version-history":[{"count":10,"href":"https:\/\/pans.krosno.pl\/pracownicy\/wp-json\/wp\/v2\/pages\/186\/revisions"}],"predecessor-version":[{"id":11002,"href":"https:\/\/pans.krosno.pl\/pracownicy\/wp-json\/wp\/v2\/pages\/186\/revisions\/11002"}],"up":[{"embeddable":true,"href":"https:\/\/pans.krosno.pl\/pracownicy\/wp-json\/wp\/v2\/pages\/154"}],"wp:attachment":[{"href":"https:\/\/pans.krosno.pl\/pracownicy\/wp-json\/wp\/v2\/media?parent=186"}],"curies":[{"name":"wp","href":"https:\/\/api.w.org\/{rel}","templated":true}]}}