{"id":1859,"date":"2020-04-06T14:27:13","date_gmt":"2020-04-06T12:27:13","guid":{"rendered":"https:\/\/pans.krosno.pl\/pracownicy\/?page_id=1859"},"modified":"2025-05-15T12:59:37","modified_gmt":"2025-05-15T10:59:37","slug":"marek-krzywonos-najwazniejsze-publikacje","status":"publish","type":"page","link":"https:\/\/pans.krosno.pl\/pracownicy\/marek-krzywonos\/marek-krzywonos-najwazniejsze-publikacje\/","title":{"rendered":"mgr Marek Krzywonos &#8211; Najwa\u017cniejsze publikacje"},"content":{"rendered":"<hr>\n<ul>\n<li>Krzywonos M. (2019) Evaluation of Threats Occurring During Provision of Road Transport Services in the EU Territory by Small and Medium-Sized Companies from Poland, Zeszyty Naukowe Wy\u017cszej Szko\u0142y Finans\u00f3w i Prawa w Bielsku-Bia\u0142ej nr 4, s. 19-23.<\/li>\n<li>Krzywonos M. (2018) Przedsi\u0119biorczo\u015b\u0107 a zarz\u0105dzanie [w:] Zarz\u0105dzanie organizacjami, red. Lenik P., Wydawnictwo Pa\u0144stwowej Wy\u017cszej Szko\u0142y Zawodowej w Kro\u015bnie, Krosno 2018,<br \/>\ns. 517-534.<\/li>\n<li>Krzywonos M. (2018) Analiza wyst\u0119powania zagro\u017ce\u0144 podczas realizacji us\u0142ug transportowych na terenie UE, Przedsi\u0119biorczo\u015b\u0107 i Zarz\u0105dzanie, t. 19, z. 8, cz. 2 Bezpiecze\u0144stwo i zagro\u017cenia kryzysowe. \u0179r\u00f3d\u0142a i rodzaje zagro\u017ce\u0144 bezpiecze\u0144stwa publicznego, s. 233-245.<\/li>\n<li>Krzywonos M. (2017) Nowe zagro\u017cenia w drogowym transporcie towar\u00f3w na terenie UE, Przegl\u0105d Nauk Ekonomicznych (wcze\u015bniej Studia Ekonomiczne Regionu \u0141\u00f3dzkiego), nr 27, s. 271-276.<\/li>\n<li>Koro\u0144ska Z., Krzywonos M. (2017) Zarz\u0105dzanie motywacj\u0105 pracownik\u00f3w: case study Banku X, Zeszyty Naukowe PWSZ w P\u0142ocku. Nauki Ekonomiczne, nr 15, s. 389-400.<\/li>\n<li>Koro\u0144ska Z., Krzywonos M. (2017) Us\u0142ugowa dzia\u0142alno\u015b\u0107 gospodarcza, motywy oraz etapy otworzenia [w:] R\u00f3\u017cnorodno\u015b\u0107 zastosowa\u0144 bada\u0144 naukowych w teorii i praktyce zarz\u0105dzania, red. Lenik P., Wydawnictwo Pa\u0144stwowej Wy\u017cszej Szko\u0142y Zawodowej w Kro\u015bnie, Krosno 2017, s. 51-69.<\/li>\n<li>Koro\u0144ska Z., Krzywonos M. (2016) Bankowe systemy informatyczne \u2013 bezpiecze\u0144stwo danych [w:] Zarz\u0105dzanie w sektorach prywatnym oraz publicznym, red. Lenik P., Wydawnictwo Pa\u0144stwowej Wy\u017cszej Szko\u0142y Zawodowej w Kro\u015bnie, Krosno 2016, s. 137-147.<\/li>\n<li>Koro\u0144ska Z., Krzywonos M. (2016) The influence of human capital on the development of regions. Materia\u0142y pokonferencyjne: Hradec economic days \u2013 2-3 kwiecie\u0144 2016, Hradec Kralove, s. 355-361.<\/li>\n<li>Koro\u0144ska Z., Krzywonos M. (2015) Analiza por\u00f3wnawcza motywu wyboru systemu informatycznego przez przedsi\u0119biorstwa z sektora MSP z wojew\u00f3dztw mazowieckiego i podkarpackiego [w:] Efektywno\u015b\u0107 zarz\u0105dzania zasobami organizacyjnymi, red. Lenik P., Wydawnictwo Pa\u0144stwowej Wy\u017cszej Szko\u0142y Zawodowej w Kro\u015bnie, Krosno 2015, s. 87-102.<\/li>\n<li>Lenik P., Krzywonos M. (2015) Wybrane zagadnienia przedsi\u0119biorczo\u015bci w kontek\u015bcie historii polskiej transformacji gospodarczej [w:] Efektywno\u015b\u0107 zarz\u0105dzania zasobami organizacyjnymi, red. Lenik P., Wydawnictwo Pa\u0144stwowej Wy\u017cszej Szko\u0142y Zawodowej w Kro\u015bnie, Krosno 2015, s. 103-121.<\/li>\n<\/ul>\n<hr>\n<p>&nbsp;<\/p>\n","protected":false},"excerpt":{"rendered":"<p>Krzywonos M. (2019) Evaluation of Threats Occurring During Provision of Road Transport Services in the EU Territory by Small and Medium-Sized Companies from Poland, Zeszyty Naukowe Wy\u017cszej Szko\u0142y Finans\u00f3w i Prawa w Bielsku-Bia\u0142ej nr 4, s. 19-23. Krzywonos M. (2018) Przedsi\u0119biorczo\u015b\u0107 a zarz\u0105dzanie [w:] Zarz\u0105dzanie organizacjami, red. Lenik P., Wydawnictwo [\u2026] <\/p>\n<div class=\"clear\"><\/div>\n<p><a class=\"more_link clearfix\" href=\"https:\/\/pans.krosno.pl\/pracownicy\/marek-krzywonos\/marek-krzywonos-najwazniejsze-publikacje\/\" rel=\"nofollow\">Read More<\/a><\/p>\n","protected":false},"author":36,"featured_media":0,"parent":1847,"menu_order":0,"comment_status":"closed","ping_status":"closed","template":"","meta":{"ngg_post_thumbnail":0,"footnotes":""},"class_list":["post-1859","page","type-page","status-publish","hentry"],"yoast_head":"<!-- This site is optimized with the Yoast SEO Premium plugin v27.4 (Yoast SEO v27.4) - https:\/\/yoast.com\/product\/yoast-seo-premium-wordpress\/ -->\n<title>mgr Marek Krzywonos - Najwa\u017cniejsze publikacje - Pracownicy PANS w Kro\u015bnie<\/title>\n<meta name=\"robots\" content=\"index, follow, max-snippet:-1, max-image-preview:large, max-video-preview:-1\" \/>\n<link rel=\"canonical\" href=\"https:\/\/pans.krosno.pl\/pracownicy\/marek-krzywonos\/marek-krzywonos-najwazniejsze-publikacje\/\" \/>\n<meta property=\"og:locale\" content=\"pl_PL\" \/>\n<meta property=\"og:type\" content=\"article\" \/>\n<meta property=\"og:title\" content=\"mgr Marek Krzywonos - Najwa\u017cniejsze publikacje\" \/>\n<meta property=\"og:description\" content=\"Krzywonos M. (2019) Evaluation of Threats Occurring During Provision of Road Transport Services in the EU Territory by Small and Medium-Sized Companies from Poland, Zeszyty Naukowe Wy\u017cszej Szko\u0142y Finans\u00f3w i Prawa w Bielsku-Bia\u0142ej nr 4, s. 19-23. Krzywonos M. (2018) Przedsi\u0119biorczo\u015b\u0107 a zarz\u0105dzanie [w:] Zarz\u0105dzanie organizacjami, red. Lenik P., Wydawnictwo [\u2026] Read More\" \/>\n<meta property=\"og:url\" content=\"https:\/\/pans.krosno.pl\/pracownicy\/marek-krzywonos\/marek-krzywonos-najwazniejsze-publikacje\/\" \/>\n<meta property=\"og:site_name\" content=\"Pracownicy PANS w Kro\u015bnie\" \/>\n<meta property=\"article:modified_time\" content=\"2025-05-15T10:59:37+00:00\" \/>\n<meta name=\"twitter:card\" content=\"summary_large_image\" \/>\n<meta name=\"twitter:label1\" content=\"Szacowany czas czytania\" \/>\n\t<meta name=\"twitter:data1\" content=\"2 minuty\" \/>\n<script type=\"application\/ld+json\" class=\"yoast-schema-graph\">{\"@context\":\"https:\\\/\\\/schema.org\",\"@graph\":[{\"@type\":\"WebPage\",\"@id\":\"https:\\\/\\\/pans.krosno.pl\\\/pracownicy\\\/marek-krzywonos\\\/marek-krzywonos-najwazniejsze-publikacje\\\/\",\"url\":\"https:\\\/\\\/pans.krosno.pl\\\/pracownicy\\\/marek-krzywonos\\\/marek-krzywonos-najwazniejsze-publikacje\\\/\",\"name\":\"mgr Marek Krzywonos - Najwa\u017cniejsze publikacje - Pracownicy PANS w Kro\u015bnie\",\"isPartOf\":{\"@id\":\"https:\\\/\\\/pans.krosno.pl\\\/pracownicy\\\/#website\"},\"datePublished\":\"2020-04-06T12:27:13+00:00\",\"dateModified\":\"2025-05-15T10:59:37+00:00\",\"breadcrumb\":{\"@id\":\"https:\\\/\\\/pans.krosno.pl\\\/pracownicy\\\/marek-krzywonos\\\/marek-krzywonos-najwazniejsze-publikacje\\\/#breadcrumb\"},\"inLanguage\":\"pl-PL\",\"potentialAction\":[{\"@type\":\"ReadAction\",\"target\":[\"https:\\\/\\\/pans.krosno.pl\\\/pracownicy\\\/marek-krzywonos\\\/marek-krzywonos-najwazniejsze-publikacje\\\/\"]}]},{\"@type\":\"BreadcrumbList\",\"@id\":\"https:\\\/\\\/pans.krosno.pl\\\/pracownicy\\\/marek-krzywonos\\\/marek-krzywonos-najwazniejsze-publikacje\\\/#breadcrumb\",\"itemListElement\":[{\"@type\":\"ListItem\",\"position\":1,\"name\":\"Strona g\u0142\u00f3wna\",\"item\":\"https:\\\/\\\/pans.krosno.pl\\\/pracownicy\\\/\"},{\"@type\":\"ListItem\",\"position\":2,\"name\":\"mgr Marek Krzywonos\",\"item\":\"https:\\\/\\\/pans.krosno.pl\\\/pracownicy\\\/marek-krzywonos\\\/\"},{\"@type\":\"ListItem\",\"position\":3,\"name\":\"mgr Marek Krzywonos &#8211; Najwa\u017cniejsze publikacje\"}]},{\"@type\":\"WebSite\",\"@id\":\"https:\\\/\\\/pans.krosno.pl\\\/pracownicy\\\/#website\",\"url\":\"https:\\\/\\\/pans.krosno.pl\\\/pracownicy\\\/\",\"name\":\"Pracownicy PANS w Kro\u015bnie\",\"description\":\"Pracownicy - Pa\u0144stwowa Akademia Nauk Stosowanych\",\"publisher\":{\"@id\":\"https:\\\/\\\/pans.krosno.pl\\\/pracownicy\\\/#organization\"},\"potentialAction\":[{\"@type\":\"SearchAction\",\"target\":{\"@type\":\"EntryPoint\",\"urlTemplate\":\"https:\\\/\\\/pans.krosno.pl\\\/pracownicy\\\/?s={search_term_string}\"},\"query-input\":{\"@type\":\"PropertyValueSpecification\",\"valueRequired\":true,\"valueName\":\"search_term_string\"}}],\"inLanguage\":\"pl-PL\"},{\"@type\":\"Organization\",\"@id\":\"https:\\\/\\\/pans.krosno.pl\\\/pracownicy\\\/#organization\",\"name\":\"Pracownicy PANS w Kro\u015bnie\",\"url\":\"https:\\\/\\\/pans.krosno.pl\\\/pracownicy\\\/\",\"logo\":{\"@type\":\"ImageObject\",\"inLanguage\":\"pl-PL\",\"@id\":\"https:\\\/\\\/pans.krosno.pl\\\/pracownicy\\\/#\\\/schema\\\/logo\\\/image\\\/\",\"url\":\"https:\\\/\\\/pans.krosno.pl\\\/pracownicy\\\/wp-content\\\/uploads\\\/sites\\\/41\\\/2023\\\/01\\\/Logo-PANS-2022-pelne.png\",\"contentUrl\":\"https:\\\/\\\/pans.krosno.pl\\\/pracownicy\\\/wp-content\\\/uploads\\\/sites\\\/41\\\/2023\\\/01\\\/Logo-PANS-2022-pelne.png\",\"width\":3096,\"height\":696,\"caption\":\"Pracownicy PANS w Kro\u015bnie\"},\"image\":{\"@id\":\"https:\\\/\\\/pans.krosno.pl\\\/pracownicy\\\/#\\\/schema\\\/logo\\\/image\\\/\"}}]}<\/script>\n<!-- \/ Yoast SEO Premium plugin. -->","yoast_head_json":{"title":"mgr Marek Krzywonos - Najwa\u017cniejsze publikacje - Pracownicy PANS w Kro\u015bnie","robots":{"index":"index","follow":"follow","max-snippet":"max-snippet:-1","max-image-preview":"max-image-preview:large","max-video-preview":"max-video-preview:-1"},"canonical":"https:\/\/pans.krosno.pl\/pracownicy\/marek-krzywonos\/marek-krzywonos-najwazniejsze-publikacje\/","og_locale":"pl_PL","og_type":"article","og_title":"mgr Marek Krzywonos - Najwa\u017cniejsze publikacje","og_description":"Krzywonos M. (2019) Evaluation of Threats Occurring During Provision of Road Transport Services in the EU Territory by Small and Medium-Sized Companies from Poland, Zeszyty Naukowe Wy\u017cszej Szko\u0142y Finans\u00f3w i Prawa w Bielsku-Bia\u0142ej nr 4, s. 19-23. Krzywonos M. (2018) Przedsi\u0119biorczo\u015b\u0107 a zarz\u0105dzanie [w:] Zarz\u0105dzanie organizacjami, red. Lenik P., Wydawnictwo [\u2026] Read More","og_url":"https:\/\/pans.krosno.pl\/pracownicy\/marek-krzywonos\/marek-krzywonos-najwazniejsze-publikacje\/","og_site_name":"Pracownicy PANS w Kro\u015bnie","article_modified_time":"2025-05-15T10:59:37+00:00","twitter_card":"summary_large_image","twitter_misc":{"Szacowany czas czytania":"2 minuty"},"schema":{"@context":"https:\/\/schema.org","@graph":[{"@type":"WebPage","@id":"https:\/\/pans.krosno.pl\/pracownicy\/marek-krzywonos\/marek-krzywonos-najwazniejsze-publikacje\/","url":"https:\/\/pans.krosno.pl\/pracownicy\/marek-krzywonos\/marek-krzywonos-najwazniejsze-publikacje\/","name":"mgr Marek Krzywonos - Najwa\u017cniejsze publikacje - Pracownicy PANS w Kro\u015bnie","isPartOf":{"@id":"https:\/\/pans.krosno.pl\/pracownicy\/#website"},"datePublished":"2020-04-06T12:27:13+00:00","dateModified":"2025-05-15T10:59:37+00:00","breadcrumb":{"@id":"https:\/\/pans.krosno.pl\/pracownicy\/marek-krzywonos\/marek-krzywonos-najwazniejsze-publikacje\/#breadcrumb"},"inLanguage":"pl-PL","potentialAction":[{"@type":"ReadAction","target":["https:\/\/pans.krosno.pl\/pracownicy\/marek-krzywonos\/marek-krzywonos-najwazniejsze-publikacje\/"]}]},{"@type":"BreadcrumbList","@id":"https:\/\/pans.krosno.pl\/pracownicy\/marek-krzywonos\/marek-krzywonos-najwazniejsze-publikacje\/#breadcrumb","itemListElement":[{"@type":"ListItem","position":1,"name":"Strona g\u0142\u00f3wna","item":"https:\/\/pans.krosno.pl\/pracownicy\/"},{"@type":"ListItem","position":2,"name":"mgr Marek Krzywonos","item":"https:\/\/pans.krosno.pl\/pracownicy\/marek-krzywonos\/"},{"@type":"ListItem","position":3,"name":"mgr Marek Krzywonos &#8211; Najwa\u017cniejsze publikacje"}]},{"@type":"WebSite","@id":"https:\/\/pans.krosno.pl\/pracownicy\/#website","url":"https:\/\/pans.krosno.pl\/pracownicy\/","name":"Pracownicy PANS w Kro\u015bnie","description":"Pracownicy - Pa\u0144stwowa Akademia Nauk Stosowanych","publisher":{"@id":"https:\/\/pans.krosno.pl\/pracownicy\/#organization"},"potentialAction":[{"@type":"SearchAction","target":{"@type":"EntryPoint","urlTemplate":"https:\/\/pans.krosno.pl\/pracownicy\/?s={search_term_string}"},"query-input":{"@type":"PropertyValueSpecification","valueRequired":true,"valueName":"search_term_string"}}],"inLanguage":"pl-PL"},{"@type":"Organization","@id":"https:\/\/pans.krosno.pl\/pracownicy\/#organization","name":"Pracownicy PANS w Kro\u015bnie","url":"https:\/\/pans.krosno.pl\/pracownicy\/","logo":{"@type":"ImageObject","inLanguage":"pl-PL","@id":"https:\/\/pans.krosno.pl\/pracownicy\/#\/schema\/logo\/image\/","url":"https:\/\/pans.krosno.pl\/pracownicy\/wp-content\/uploads\/sites\/41\/2023\/01\/Logo-PANS-2022-pelne.png","contentUrl":"https:\/\/pans.krosno.pl\/pracownicy\/wp-content\/uploads\/sites\/41\/2023\/01\/Logo-PANS-2022-pelne.png","width":3096,"height":696,"caption":"Pracownicy PANS w Kro\u015bnie"},"image":{"@id":"https:\/\/pans.krosno.pl\/pracownicy\/#\/schema\/logo\/image\/"}}]}},"_links":{"self":[{"href":"https:\/\/pans.krosno.pl\/pracownicy\/wp-json\/wp\/v2\/pages\/1859","targetHints":{"allow":["GET"]}}],"collection":[{"href":"https:\/\/pans.krosno.pl\/pracownicy\/wp-json\/wp\/v2\/pages"}],"about":[{"href":"https:\/\/pans.krosno.pl\/pracownicy\/wp-json\/wp\/v2\/types\/page"}],"author":[{"embeddable":true,"href":"https:\/\/pans.krosno.pl\/pracownicy\/wp-json\/wp\/v2\/users\/36"}],"replies":[{"embeddable":true,"href":"https:\/\/pans.krosno.pl\/pracownicy\/wp-json\/wp\/v2\/comments?post=1859"}],"version-history":[{"count":2,"href":"https:\/\/pans.krosno.pl\/pracownicy\/wp-json\/wp\/v2\/pages\/1859\/revisions"}],"predecessor-version":[{"id":7020,"href":"https:\/\/pans.krosno.pl\/pracownicy\/wp-json\/wp\/v2\/pages\/1859\/revisions\/7020"}],"up":[{"embeddable":true,"href":"https:\/\/pans.krosno.pl\/pracownicy\/wp-json\/wp\/v2\/pages\/1847"}],"wp:attachment":[{"href":"https:\/\/pans.krosno.pl\/pracownicy\/wp-json\/wp\/v2\/media?parent=1859"}],"curies":[{"name":"wp","href":"https:\/\/api.w.org\/{rel}","templated":true}]}}