{"id":1855,"date":"2020-04-06T14:25:06","date_gmt":"2020-04-06T12:25:06","guid":{"rendered":"https:\/\/pans.krosno.pl\/pracownicy\/?page_id=1855"},"modified":"2025-05-15T12:59:23","modified_gmt":"2025-05-15T10:59:23","slug":"marek-krzywonos-doswiadczenie-pozauczelniane","status":"publish","type":"page","link":"https:\/\/pans.krosno.pl\/pracownicy\/marek-krzywonos\/marek-krzywonos-doswiadczenie-pozauczelniane\/","title":{"rendered":"mgr Marek Krzywonos &#8211; Do\u015bwiadczenie pozauczelniane"},"content":{"rendered":"<hr>\n<p><strong>Do\u015bwiadczenie pozauczelniane m.in.:<\/strong><\/p>\n<ul>\n<li>w okresie od stycznia 2013 r. \u2013 do stycznia 2014 r. \u2013 zatrudniony na stanowisku kierownika projektu \u201eSta\u017c Sukcesem Naukowca\u201d; finansowanego w ramach Programu Operacyjnego Kapita\u0142 Ludzki; poddzia\u0142anie 8.2.1 Wsparcie dla wsp\u00f3\u0142pracy sfery nauki i przedsi\u0119biorstw realizowanego przez Pozna\u0144ski Akademicki Inkubator Przedsi\u0119biorczo\u015bci,<\/li>\n<li>w okresie od kwietnia 2013 r. do wrze\u015bnia 2013 r. \u2013 zatrudniony na stanowisku koordynatora projektu \u201eWzmocnienie instytucjonalnego potencja\u0142u wsp\u00f3\u0142pracy s\u0142u\u017cb ratowniczych z Rzeszowa i U\u017cgorodu\u201d finansowanego w ramach Programu Wsp\u00f3\u0142pracy Transgranicznej Polska-Bia\u0142oru\u015b-Ukraina; dzia\u0142anie 3.1 Rozw\u00f3j regionalnych i lokalnych mo\u017cliwo\u015bci wsp\u00f3\u0142pracy transgranicznej,<\/li>\n<li>w okresie od maja 2012 r. do grudnia 2012 r. \u2013 zatrudniony na stanowisku starszego specjalisty w Sekcji Wsp\u00f3\u0142pracy Mi\u0119dzynarodowej Komendy Wojew\u00f3dzkiej Pa\u0144stwowej Stra\u017cy Po\u017carnej w Rzeszowie.<\/li>\n<\/ul>\n<hr>\n<p>&nbsp;<\/p>\n","protected":false},"excerpt":{"rendered":"<p>Do\u015bwiadczenie pozauczelniane m.in.: w okresie od stycznia 2013 r. \u2013 do stycznia 2014 r. \u2013 zatrudniony na stanowisku kierownika projektu \u201eSta\u017c Sukcesem Naukowca\u201d; finansowanego w ramach Programu Operacyjnego Kapita\u0142 Ludzki; poddzia\u0142anie 8.2.1 Wsparcie dla wsp\u00f3\u0142pracy sfery nauki i przedsi\u0119biorstw realizowanego przez Pozna\u0144ski Akademicki Inkubator Przedsi\u0119biorczo\u015bci, w okresie od kwietnia 2013 [\u2026] <\/p>\n<div class=\"clear\"><\/div>\n<p><a class=\"more_link clearfix\" href=\"https:\/\/pans.krosno.pl\/pracownicy\/marek-krzywonos\/marek-krzywonos-doswiadczenie-pozauczelniane\/\" rel=\"nofollow\">Read More<\/a><\/p>\n","protected":false},"author":36,"featured_media":0,"parent":1847,"menu_order":0,"comment_status":"closed","ping_status":"closed","template":"","meta":{"ngg_post_thumbnail":0,"footnotes":""},"class_list":["post-1855","page","type-page","status-publish","hentry"],"yoast_head":"<!-- This site is optimized with the Yoast SEO Premium plugin v27.4 (Yoast SEO v27.4) - https:\/\/yoast.com\/product\/yoast-seo-premium-wordpress\/ -->\n<title>mgr Marek Krzywonos - Do\u015bwiadczenie pozauczelniane - Pracownicy PANS w Kro\u015bnie<\/title>\n<meta name=\"robots\" content=\"index, follow, max-snippet:-1, max-image-preview:large, max-video-preview:-1\" \/>\n<link rel=\"canonical\" href=\"https:\/\/pans.krosno.pl\/pracownicy\/marek-krzywonos\/marek-krzywonos-doswiadczenie-pozauczelniane\/\" \/>\n<meta property=\"og:locale\" content=\"pl_PL\" \/>\n<meta property=\"og:type\" content=\"article\" \/>\n<meta property=\"og:title\" content=\"mgr Marek Krzywonos - Do\u015bwiadczenie pozauczelniane\" \/>\n<meta property=\"og:description\" content=\"Do\u015bwiadczenie pozauczelniane m.in.: w okresie od stycznia 2013 r. \u2013 do stycznia 2014 r. \u2013 zatrudniony na stanowisku kierownika projektu \u201eSta\u017c Sukcesem Naukowca\u201d; finansowanego w ramach Programu Operacyjnego Kapita\u0142 Ludzki; poddzia\u0142anie 8.2.1 Wsparcie dla wsp\u00f3\u0142pracy sfery nauki i przedsi\u0119biorstw realizowanego przez Pozna\u0144ski Akademicki Inkubator Przedsi\u0119biorczo\u015bci, w okresie od kwietnia 2013 [\u2026] Read More\" \/>\n<meta property=\"og:url\" content=\"https:\/\/pans.krosno.pl\/pracownicy\/marek-krzywonos\/marek-krzywonos-doswiadczenie-pozauczelniane\/\" \/>\n<meta property=\"og:site_name\" content=\"Pracownicy PANS w Kro\u015bnie\" \/>\n<meta property=\"article:modified_time\" content=\"2025-05-15T10:59:23+00:00\" \/>\n<meta name=\"twitter:card\" content=\"summary_large_image\" \/>\n<meta name=\"twitter:label1\" content=\"Szacowany czas czytania\" \/>\n\t<meta name=\"twitter:data1\" content=\"1 minuta\" \/>\n<script type=\"application\/ld+json\" class=\"yoast-schema-graph\">{\"@context\":\"https:\\\/\\\/schema.org\",\"@graph\":[{\"@type\":\"WebPage\",\"@id\":\"https:\\\/\\\/pans.krosno.pl\\\/pracownicy\\\/marek-krzywonos\\\/marek-krzywonos-doswiadczenie-pozauczelniane\\\/\",\"url\":\"https:\\\/\\\/pans.krosno.pl\\\/pracownicy\\\/marek-krzywonos\\\/marek-krzywonos-doswiadczenie-pozauczelniane\\\/\",\"name\":\"mgr Marek Krzywonos - Do\u015bwiadczenie pozauczelniane - Pracownicy PANS w Kro\u015bnie\",\"isPartOf\":{\"@id\":\"https:\\\/\\\/pans.krosno.pl\\\/pracownicy\\\/#website\"},\"datePublished\":\"2020-04-06T12:25:06+00:00\",\"dateModified\":\"2025-05-15T10:59:23+00:00\",\"breadcrumb\":{\"@id\":\"https:\\\/\\\/pans.krosno.pl\\\/pracownicy\\\/marek-krzywonos\\\/marek-krzywonos-doswiadczenie-pozauczelniane\\\/#breadcrumb\"},\"inLanguage\":\"pl-PL\",\"potentialAction\":[{\"@type\":\"ReadAction\",\"target\":[\"https:\\\/\\\/pans.krosno.pl\\\/pracownicy\\\/marek-krzywonos\\\/marek-krzywonos-doswiadczenie-pozauczelniane\\\/\"]}]},{\"@type\":\"BreadcrumbList\",\"@id\":\"https:\\\/\\\/pans.krosno.pl\\\/pracownicy\\\/marek-krzywonos\\\/marek-krzywonos-doswiadczenie-pozauczelniane\\\/#breadcrumb\",\"itemListElement\":[{\"@type\":\"ListItem\",\"position\":1,\"name\":\"Strona g\u0142\u00f3wna\",\"item\":\"https:\\\/\\\/pans.krosno.pl\\\/pracownicy\\\/\"},{\"@type\":\"ListItem\",\"position\":2,\"name\":\"mgr Marek Krzywonos\",\"item\":\"https:\\\/\\\/pans.krosno.pl\\\/pracownicy\\\/marek-krzywonos\\\/\"},{\"@type\":\"ListItem\",\"position\":3,\"name\":\"mgr Marek Krzywonos &#8211; Do\u015bwiadczenie pozauczelniane\"}]},{\"@type\":\"WebSite\",\"@id\":\"https:\\\/\\\/pans.krosno.pl\\\/pracownicy\\\/#website\",\"url\":\"https:\\\/\\\/pans.krosno.pl\\\/pracownicy\\\/\",\"name\":\"Pracownicy PANS w Kro\u015bnie\",\"description\":\"Pracownicy - Pa\u0144stwowa Akademia Nauk Stosowanych\",\"publisher\":{\"@id\":\"https:\\\/\\\/pans.krosno.pl\\\/pracownicy\\\/#organization\"},\"potentialAction\":[{\"@type\":\"SearchAction\",\"target\":{\"@type\":\"EntryPoint\",\"urlTemplate\":\"https:\\\/\\\/pans.krosno.pl\\\/pracownicy\\\/?s={search_term_string}\"},\"query-input\":{\"@type\":\"PropertyValueSpecification\",\"valueRequired\":true,\"valueName\":\"search_term_string\"}}],\"inLanguage\":\"pl-PL\"},{\"@type\":\"Organization\",\"@id\":\"https:\\\/\\\/pans.krosno.pl\\\/pracownicy\\\/#organization\",\"name\":\"Pracownicy PANS w Kro\u015bnie\",\"url\":\"https:\\\/\\\/pans.krosno.pl\\\/pracownicy\\\/\",\"logo\":{\"@type\":\"ImageObject\",\"inLanguage\":\"pl-PL\",\"@id\":\"https:\\\/\\\/pans.krosno.pl\\\/pracownicy\\\/#\\\/schema\\\/logo\\\/image\\\/\",\"url\":\"https:\\\/\\\/pans.krosno.pl\\\/pracownicy\\\/wp-content\\\/uploads\\\/sites\\\/41\\\/2023\\\/01\\\/Logo-PANS-2022-pelne.png\",\"contentUrl\":\"https:\\\/\\\/pans.krosno.pl\\\/pracownicy\\\/wp-content\\\/uploads\\\/sites\\\/41\\\/2023\\\/01\\\/Logo-PANS-2022-pelne.png\",\"width\":3096,\"height\":696,\"caption\":\"Pracownicy PANS w Kro\u015bnie\"},\"image\":{\"@id\":\"https:\\\/\\\/pans.krosno.pl\\\/pracownicy\\\/#\\\/schema\\\/logo\\\/image\\\/\"}}]}<\/script>\n<!-- \/ Yoast SEO Premium plugin. -->","yoast_head_json":{"title":"mgr Marek Krzywonos - Do\u015bwiadczenie pozauczelniane - Pracownicy PANS w Kro\u015bnie","robots":{"index":"index","follow":"follow","max-snippet":"max-snippet:-1","max-image-preview":"max-image-preview:large","max-video-preview":"max-video-preview:-1"},"canonical":"https:\/\/pans.krosno.pl\/pracownicy\/marek-krzywonos\/marek-krzywonos-doswiadczenie-pozauczelniane\/","og_locale":"pl_PL","og_type":"article","og_title":"mgr Marek Krzywonos - Do\u015bwiadczenie pozauczelniane","og_description":"Do\u015bwiadczenie pozauczelniane m.in.: w okresie od stycznia 2013 r. \u2013 do stycznia 2014 r. \u2013 zatrudniony na stanowisku kierownika projektu \u201eSta\u017c Sukcesem Naukowca\u201d; finansowanego w ramach Programu Operacyjnego Kapita\u0142 Ludzki; poddzia\u0142anie 8.2.1 Wsparcie dla wsp\u00f3\u0142pracy sfery nauki i przedsi\u0119biorstw realizowanego przez Pozna\u0144ski Akademicki Inkubator Przedsi\u0119biorczo\u015bci, w okresie od kwietnia 2013 [\u2026] Read More","og_url":"https:\/\/pans.krosno.pl\/pracownicy\/marek-krzywonos\/marek-krzywonos-doswiadczenie-pozauczelniane\/","og_site_name":"Pracownicy PANS w Kro\u015bnie","article_modified_time":"2025-05-15T10:59:23+00:00","twitter_card":"summary_large_image","twitter_misc":{"Szacowany czas czytania":"1 minuta"},"schema":{"@context":"https:\/\/schema.org","@graph":[{"@type":"WebPage","@id":"https:\/\/pans.krosno.pl\/pracownicy\/marek-krzywonos\/marek-krzywonos-doswiadczenie-pozauczelniane\/","url":"https:\/\/pans.krosno.pl\/pracownicy\/marek-krzywonos\/marek-krzywonos-doswiadczenie-pozauczelniane\/","name":"mgr Marek Krzywonos - Do\u015bwiadczenie pozauczelniane - Pracownicy PANS w Kro\u015bnie","isPartOf":{"@id":"https:\/\/pans.krosno.pl\/pracownicy\/#website"},"datePublished":"2020-04-06T12:25:06+00:00","dateModified":"2025-05-15T10:59:23+00:00","breadcrumb":{"@id":"https:\/\/pans.krosno.pl\/pracownicy\/marek-krzywonos\/marek-krzywonos-doswiadczenie-pozauczelniane\/#breadcrumb"},"inLanguage":"pl-PL","potentialAction":[{"@type":"ReadAction","target":["https:\/\/pans.krosno.pl\/pracownicy\/marek-krzywonos\/marek-krzywonos-doswiadczenie-pozauczelniane\/"]}]},{"@type":"BreadcrumbList","@id":"https:\/\/pans.krosno.pl\/pracownicy\/marek-krzywonos\/marek-krzywonos-doswiadczenie-pozauczelniane\/#breadcrumb","itemListElement":[{"@type":"ListItem","position":1,"name":"Strona g\u0142\u00f3wna","item":"https:\/\/pans.krosno.pl\/pracownicy\/"},{"@type":"ListItem","position":2,"name":"mgr Marek Krzywonos","item":"https:\/\/pans.krosno.pl\/pracownicy\/marek-krzywonos\/"},{"@type":"ListItem","position":3,"name":"mgr Marek Krzywonos &#8211; Do\u015bwiadczenie pozauczelniane"}]},{"@type":"WebSite","@id":"https:\/\/pans.krosno.pl\/pracownicy\/#website","url":"https:\/\/pans.krosno.pl\/pracownicy\/","name":"Pracownicy PANS w Kro\u015bnie","description":"Pracownicy - Pa\u0144stwowa Akademia Nauk Stosowanych","publisher":{"@id":"https:\/\/pans.krosno.pl\/pracownicy\/#organization"},"potentialAction":[{"@type":"SearchAction","target":{"@type":"EntryPoint","urlTemplate":"https:\/\/pans.krosno.pl\/pracownicy\/?s={search_term_string}"},"query-input":{"@type":"PropertyValueSpecification","valueRequired":true,"valueName":"search_term_string"}}],"inLanguage":"pl-PL"},{"@type":"Organization","@id":"https:\/\/pans.krosno.pl\/pracownicy\/#organization","name":"Pracownicy PANS w Kro\u015bnie","url":"https:\/\/pans.krosno.pl\/pracownicy\/","logo":{"@type":"ImageObject","inLanguage":"pl-PL","@id":"https:\/\/pans.krosno.pl\/pracownicy\/#\/schema\/logo\/image\/","url":"https:\/\/pans.krosno.pl\/pracownicy\/wp-content\/uploads\/sites\/41\/2023\/01\/Logo-PANS-2022-pelne.png","contentUrl":"https:\/\/pans.krosno.pl\/pracownicy\/wp-content\/uploads\/sites\/41\/2023\/01\/Logo-PANS-2022-pelne.png","width":3096,"height":696,"caption":"Pracownicy PANS w Kro\u015bnie"},"image":{"@id":"https:\/\/pans.krosno.pl\/pracownicy\/#\/schema\/logo\/image\/"}}]}},"_links":{"self":[{"href":"https:\/\/pans.krosno.pl\/pracownicy\/wp-json\/wp\/v2\/pages\/1855","targetHints":{"allow":["GET"]}}],"collection":[{"href":"https:\/\/pans.krosno.pl\/pracownicy\/wp-json\/wp\/v2\/pages"}],"about":[{"href":"https:\/\/pans.krosno.pl\/pracownicy\/wp-json\/wp\/v2\/types\/page"}],"author":[{"embeddable":true,"href":"https:\/\/pans.krosno.pl\/pracownicy\/wp-json\/wp\/v2\/users\/36"}],"replies":[{"embeddable":true,"href":"https:\/\/pans.krosno.pl\/pracownicy\/wp-json\/wp\/v2\/comments?post=1855"}],"version-history":[{"count":5,"href":"https:\/\/pans.krosno.pl\/pracownicy\/wp-json\/wp\/v2\/pages\/1855\/revisions"}],"predecessor-version":[{"id":7018,"href":"https:\/\/pans.krosno.pl\/pracownicy\/wp-json\/wp\/v2\/pages\/1855\/revisions\/7018"}],"up":[{"embeddable":true,"href":"https:\/\/pans.krosno.pl\/pracownicy\/wp-json\/wp\/v2\/pages\/1847"}],"wp:attachment":[{"href":"https:\/\/pans.krosno.pl\/pracownicy\/wp-json\/wp\/v2\/media?parent=1855"}],"curies":[{"name":"wp","href":"https:\/\/api.w.org\/{rel}","templated":true}]}}