{"id":185,"date":"2020-03-25T12:40:20","date_gmt":"2020-03-25T11:40:20","guid":{"rendered":"https:\/\/pans.krosno.pl\/pracownicy\/?page_id=185"},"modified":"2025-05-14T14:54:02","modified_gmt":"2025-05-14T12:54:02","slug":"adrian-horzyk-najwazniejsze-publikacje","status":"publish","type":"page","link":"https:\/\/pans.krosno.pl\/pracownicy\/adrian-horzyk\/adrian-horzyk-najwazniejsze-publikacje\/","title":{"rendered":"dr hab. Adrian Horzyk, prof. PANS &#8211; Najwa\u017cniejsze publikacje"},"content":{"rendered":"<hr>\n<p><strong>Monografie<\/strong><\/p>\n<ol>\n<li>A. Horzyk, Sztuczne systemy skojarzeniowe i asocjacyjna sztuczna inteligencja, Akademicka Oficyna Wydawnicza EXIT, Warszawa, 2013, monografia habilitacyjna.<\/li>\n<li>A. Horzyk, Negocjacje. Sprawdzone strategie, poradnik z serii Samo Sedno, ISBN 978-83-7788-168-2, Edgard, Warszawa, 2012<\/li>\n<\/ol>\n<p><strong>Artyku\u0142y<\/strong><\/p>\n<ol>\n<li>Acharya, [et al.], B. Bali\u015b, [et al.], M. Gorgo\u0144, [et al.],&nbsp;<strong>A. Horzyk<\/strong>, [et al.], M. Jab\u0142o\u0144ski, [et al.], J.P. Kitowski, [et al.], P.J. Konopka, [et al.], S.D. Koryciak, [et al.], P.G. Russek, [et al.],&nbsp;<a href=\"https:\/\/www.nature.com\/articles\/s41586-022-04572-w.pdf\">Direct observation of the dead-cone effect in quantum chromodynamics<\/a>,&nbsp;<strong>Nature<\/strong>, Vol. 605, pp. 440\u2013446, May 2022, DOI:&nbsp;<a href=\"https:\/\/doi.org\/10.1038\/s41586-022-04572-w\">10.1038\/s41586-022-04572-w<\/a>.&nbsp;<strong>[IF, MNiSW (PL) rank = 200]<\/strong><\/li>\n<li>A. Starzyk, M. Jaszuk, \u0141. Maciura,&nbsp;<strong>A. Horzyk<\/strong>,&nbsp;<a href=\"https:\/\/ieeexplore.ieee.org\/document\/9290035\"><em>Concurrent Associative Memories with Synaptic Delays<\/em><\/a>,&nbsp;<strong>IEEE Transactions on Neural Networks and Learning Systems<\/strong>,&nbsp;<a href=\"https:\/\/ieeexplore.ieee.org\/document\/9290035\">DOI 10.1109\/TNNLS.2020.3041048<\/a>, Accepted and Preview Dec. 2020, published Aug. 2021, Vol. 32, Issue 8, pp. 3736 &#8211; 3747, Open Access,&nbsp;<strong>[IF, MNiSW = 200]<\/strong>.<\/li>\n<li>W\u00f3jcik,&nbsp;<strong>A. Horzyk<\/strong>, D. Bulanda,&nbsp;<a href=\"https:\/\/link.springer.com\/chapter\/10.1007\/978-3-030-92270-2_21\">Associative Graphs for Fine-Grained TextSentiment Analysis<\/a>, Eds. Media Ayu, Kevin Wong, Achmad Nizar, Teddy Mantoro, Minho Lee, Jonathan H Chan, Lance Fung, In: Proc. of 28th International Conference, ICONIP 2021, Sanur, Bali, Indonesia, December 8\u201312, 2021, Proceedings, Part II, Springer LNCS 13109, pp. 238\u2013249,&nbsp;<strong>[MNiSW = 140]<\/strong><\/li>\n<li><strong> Horzyk<\/strong>, D. Bulanda, J. A. Starzyk,&nbsp;<a href=\"https:\/\/www.amcs.uz.zgora.pl\/?action=paper&amp;paper=1583\"><em>ASA-graphs for Efficient Data Representation and Processing<\/em><\/a>,&nbsp;<strong>International Journal of Applied Mathematics and Computer Science (AMCS)<\/strong>, Vol. 30, No. 4, 2020, pp. 717 &#8211; 731,&nbsp;<a href=\"https:\/\/www.amcs.uz.zgora.pl\/?action=paper&amp;paper=1583\">DOI 10.34768\/amcs-2020-0053<\/a>.&nbsp;<strong>[IF = 1.417, MNiSW = 100]<\/strong><\/li>\n<li><strong> Horzyk<\/strong>and E. Erg\u00fcn,&nbsp;<em>YOLOv3 Precision Improvement by the Weighted Centers of Confidence Selection,<\/em>&nbsp;2020 International Joint Conference on Neural Networks (IJCNN), Glasgow, United Kingdom, 2020, IEEE, Xplore, pp. 1-8, doi:&nbsp;<a href=\"https:\/\/ieeexplore.ieee.org\/document\/9206848\">10.1109\/IJCNN48605.2020.9206848<\/a>&nbsp;&#8211;&nbsp;<a href=\"http:\/\/home.agh.edu.pl\/~horzyk\/presentation\/WCCI2020_yolo_AdrianHorzyk_EfeErgun.mp4\">wideo prezentacja<\/a>.&nbsp;<strong>[MNiSW = 140]<\/strong><\/li>\n<li>A. Starzyk, \u0141. Maciura,&nbsp;<strong>A. Horzyk<\/strong>,&nbsp;<a href=\"https:\/\/ieeexplore.ieee.org\/document\/8759911\"><em>Associative Memories with Synaptic Delays<\/em><\/a>,&nbsp;<strong>IEEE Transactions on Neural Networks and Learning Systems<\/strong>, Vol. 31, Issue 1, Jan. 2020, pp. 331 &#8211; 344,&nbsp;<a href=\"https:\/\/ieeexplore.ieee.org\/document\/8759911\">DOI: 10.1109\/TNNLS.2019.2921143 (TNNLS-2018-P-9188)<\/a>,&nbsp;<strong>[IF = 10.451, MNiSW = 200]<\/strong><\/li>\n<li>Basawaraj, J. A. Starzyk,&nbsp;<strong> Horzyk<\/strong>,&nbsp;<a href=\"https:\/\/ieeexplore.ieee.org\/document\/8788457?source=authoralert\"><em>Episodic Memory in Minicolumn Associative Knowledge Graphs<\/em><\/a>,&nbsp;<strong>IEEE Transactions on Neural Networks and Learning Systems<\/strong>, Vol. 30, Issue 11, Nov. 2019, pp. 3505-3516,&nbsp;<a href=\"http:\/\/ieeexplore.ieee.org\/document\/...\/\">DOI:&nbsp;<\/a><a href=\"https:\/\/ieeexplore.ieee.org\/document\/8788457?source=authoralert\">10.1109\/TNNLS.2019.2927106<\/a>(TNNLS-2018-P-9932),&nbsp;<strong>[IF = 8.793, MNiSW = 200]<\/strong><\/li>\n<li><strong> Horzyk<\/strong>, J. A. Starzyk, J. Graham,&nbsp;<a href=\"http:\/\/ieeexplore.ieee.org\/document\/8008846\/\"><em>Integration of Semantic and Episodic Memories<\/em><\/a>,&nbsp;<strong>IEEE Transactions on Neural Networks and Learning Systems<\/strong>, Vol. 28, Issue 12, Dec. 2017, pp. 3084 &#8211; 3095,&nbsp;<a href=\"http:\/\/ieeexplore.ieee.org\/document\/8008846\/\">DOI: 10.1109\/TNNLS.2017.2728203<\/a>,&nbsp;<strong>IF = 7.982<\/strong>.<\/li>\n<li><strong> Horzyk<\/strong>,&nbsp;<a href=\"https:\/\/link.springer.com\/chapter\/10.1007\/978-3-319-59063-9_6\"><em>Neurons Can Sort Data Efficiently<\/em><\/a>, In: Rutkowski L., Korytkowski M., Scherer R., Tadeusiewicz R., Zadeh L., Zurada J. (eds), Artificial Intelligence and Soft Computing, Proc. of&nbsp;<a href=\"http:\/\/www.icaisc.eu\/\">ICAISC 2017<\/a>, Springer-Verlag, LNCS,&nbsp;<a href=\"https:\/\/link.springer.com\/book\/10.1007%2F978-3-319-59063-9\">Vol. 10245<\/a>, pp. 64-74, 2017, DOI: 10.1007\/978-3-319-59063-9_6 &#8211;&nbsp;<a href=\"https:\/\/home.agh.edu.pl\/~horzyk\/achievements\/ICAISC_2017_BPA_Horzyk.pdf\">ICAISC BEST PAPER AWARD 2017<\/a>sponsorowan\u0105 przez wydawnictwo Springer<\/li>\n<li>A. Starzyk, J. Graham,&nbsp;<strong>A. Horzyk<\/strong>,&nbsp;<a href=\"http:\/\/ieeexplore.ieee.org\/document\/7850027\/\"><em>Trust in Motivated Learning Agents<\/em><\/a>, IEEE Xplore, In: 2016 IEEE Symposium Series on Computational Intelligence, Greece, Athens: Institute of Electrical and Electronics Engineers, Curran Associates, Inc. 57 Morehouse Lane Red Hook, NY 12571 USA, 2016, ISBN 978-1-5090-4239-5, pp. 1-8,&nbsp;<a href=\"http:\/\/ieeexplore.ieee.org\/document\/7850027\/\">DOI: 10.1109\/SSCI.2016.7850027<\/a>.<\/li>\n<li><strong>NAJWA\u017bNIEJSZE PUBLIKACJE:&nbsp;<\/strong><a href=\"https:\/\/home.agh.edu.pl\/~horzyk\/ahpublikacje.php\"><strong>https:\/\/home.agh.edu.pl\/~horzyk\/ahpublikacje.php<\/strong><\/a><\/li>\n<\/ol>\n<hr>\n<p>&nbsp;<\/p>\n","protected":false},"excerpt":{"rendered":"<p>Monografie A. Horzyk, Sztuczne systemy skojarzeniowe i asocjacyjna sztuczna inteligencja, Akademicka Oficyna Wydawnicza EXIT, Warszawa, 2013, monografia habilitacyjna. A. Horzyk, Negocjacje. Sprawdzone strategie, poradnik z serii Samo Sedno, ISBN 978-83-7788-168-2, Edgard, Warszawa, 2012 Artyku\u0142y Acharya, [et al.], B. Bali\u015b, [et al.], M. Gorgo\u0144, [et al.],&nbsp;A. Horzyk, [et al.], M. Jab\u0142o\u0144ski, [\u2026] <\/p>\n<div class=\"clear\"><\/div>\n<p><a class=\"more_link clearfix\" href=\"https:\/\/pans.krosno.pl\/pracownicy\/adrian-horzyk\/adrian-horzyk-najwazniejsze-publikacje\/\" rel=\"nofollow\">Read More<\/a><\/p>\n","protected":false},"author":34,"featured_media":0,"parent":155,"menu_order":0,"comment_status":"closed","ping_status":"closed","template":"","meta":{"ngg_post_thumbnail":0,"footnotes":""},"class_list":["post-185","page","type-page","status-publish","hentry"],"yoast_head":"<!-- This site is optimized with the Yoast SEO Premium plugin v27.4 (Yoast SEO v27.4) - https:\/\/yoast.com\/product\/yoast-seo-premium-wordpress\/ -->\n<title>dr hab. Adrian Horzyk, prof. PANS - Najwa\u017cniejsze publikacje - Pracownicy PANS w Kro\u015bnie<\/title>\n<meta name=\"robots\" content=\"index, follow, max-snippet:-1, max-image-preview:large, max-video-preview:-1\" \/>\n<link rel=\"canonical\" href=\"https:\/\/pans.krosno.pl\/pracownicy\/adrian-horzyk\/adrian-horzyk-najwazniejsze-publikacje\/\" \/>\n<meta property=\"og:locale\" content=\"pl_PL\" \/>\n<meta property=\"og:type\" content=\"article\" \/>\n<meta property=\"og:title\" content=\"dr hab. Adrian Horzyk, prof. PANS - Najwa\u017cniejsze publikacje\" \/>\n<meta property=\"og:description\" content=\"Monografie A. Horzyk, Sztuczne systemy skojarzeniowe i asocjacyjna sztuczna inteligencja, Akademicka Oficyna Wydawnicza EXIT, Warszawa, 2013, monografia habilitacyjna. A. Horzyk, Negocjacje. Sprawdzone strategie, poradnik z serii Samo Sedno, ISBN 978-83-7788-168-2, Edgard, Warszawa, 2012 Artyku\u0142y Acharya, [et al.], B. Bali\u015b, [et al.], M. Gorgo\u0144, [et al.],&nbsp;A. Horzyk, [et al.], M. Jab\u0142o\u0144ski, [\u2026] Read More\" \/>\n<meta property=\"og:url\" content=\"https:\/\/pans.krosno.pl\/pracownicy\/adrian-horzyk\/adrian-horzyk-najwazniejsze-publikacje\/\" \/>\n<meta property=\"og:site_name\" content=\"Pracownicy PANS w Kro\u015bnie\" \/>\n<meta property=\"article:modified_time\" content=\"2025-05-14T12:54:02+00:00\" \/>\n<meta name=\"twitter:card\" content=\"summary_large_image\" \/>\n<meta name=\"twitter:label1\" content=\"Szacowany czas czytania\" \/>\n\t<meta name=\"twitter:data1\" content=\"3 minuty\" \/>\n<script type=\"application\/ld+json\" class=\"yoast-schema-graph\">{\"@context\":\"https:\\\/\\\/schema.org\",\"@graph\":[{\"@type\":\"WebPage\",\"@id\":\"https:\\\/\\\/pans.krosno.pl\\\/pracownicy\\\/adrian-horzyk\\\/adrian-horzyk-najwazniejsze-publikacje\\\/\",\"url\":\"https:\\\/\\\/pans.krosno.pl\\\/pracownicy\\\/adrian-horzyk\\\/adrian-horzyk-najwazniejsze-publikacje\\\/\",\"name\":\"dr hab. Adrian Horzyk, prof. PANS - Najwa\u017cniejsze publikacje - Pracownicy PANS w Kro\u015bnie\",\"isPartOf\":{\"@id\":\"https:\\\/\\\/pans.krosno.pl\\\/pracownicy\\\/#website\"},\"datePublished\":\"2020-03-25T11:40:20+00:00\",\"dateModified\":\"2025-05-14T12:54:02+00:00\",\"breadcrumb\":{\"@id\":\"https:\\\/\\\/pans.krosno.pl\\\/pracownicy\\\/adrian-horzyk\\\/adrian-horzyk-najwazniejsze-publikacje\\\/#breadcrumb\"},\"inLanguage\":\"pl-PL\",\"potentialAction\":[{\"@type\":\"ReadAction\",\"target\":[\"https:\\\/\\\/pans.krosno.pl\\\/pracownicy\\\/adrian-horzyk\\\/adrian-horzyk-najwazniejsze-publikacje\\\/\"]}]},{\"@type\":\"BreadcrumbList\",\"@id\":\"https:\\\/\\\/pans.krosno.pl\\\/pracownicy\\\/adrian-horzyk\\\/adrian-horzyk-najwazniejsze-publikacje\\\/#breadcrumb\",\"itemListElement\":[{\"@type\":\"ListItem\",\"position\":1,\"name\":\"Strona g\u0142\u00f3wna\",\"item\":\"https:\\\/\\\/pans.krosno.pl\\\/pracownicy\\\/\"},{\"@type\":\"ListItem\",\"position\":2,\"name\":\"dr hab. Adrian Horzyk, prof. PANS\",\"item\":\"https:\\\/\\\/pans.krosno.pl\\\/pracownicy\\\/adrian-horzyk\\\/\"},{\"@type\":\"ListItem\",\"position\":3,\"name\":\"dr hab. Adrian Horzyk, prof. PANS &#8211; Najwa\u017cniejsze publikacje\"}]},{\"@type\":\"WebSite\",\"@id\":\"https:\\\/\\\/pans.krosno.pl\\\/pracownicy\\\/#website\",\"url\":\"https:\\\/\\\/pans.krosno.pl\\\/pracownicy\\\/\",\"name\":\"Pracownicy PANS w Kro\u015bnie\",\"description\":\"Pracownicy - Pa\u0144stwowa Akademia Nauk Stosowanych\",\"publisher\":{\"@id\":\"https:\\\/\\\/pans.krosno.pl\\\/pracownicy\\\/#organization\"},\"potentialAction\":[{\"@type\":\"SearchAction\",\"target\":{\"@type\":\"EntryPoint\",\"urlTemplate\":\"https:\\\/\\\/pans.krosno.pl\\\/pracownicy\\\/?s={search_term_string}\"},\"query-input\":{\"@type\":\"PropertyValueSpecification\",\"valueRequired\":true,\"valueName\":\"search_term_string\"}}],\"inLanguage\":\"pl-PL\"},{\"@type\":\"Organization\",\"@id\":\"https:\\\/\\\/pans.krosno.pl\\\/pracownicy\\\/#organization\",\"name\":\"Pracownicy PANS w Kro\u015bnie\",\"url\":\"https:\\\/\\\/pans.krosno.pl\\\/pracownicy\\\/\",\"logo\":{\"@type\":\"ImageObject\",\"inLanguage\":\"pl-PL\",\"@id\":\"https:\\\/\\\/pans.krosno.pl\\\/pracownicy\\\/#\\\/schema\\\/logo\\\/image\\\/\",\"url\":\"https:\\\/\\\/pans.krosno.pl\\\/pracownicy\\\/wp-content\\\/uploads\\\/sites\\\/41\\\/2023\\\/01\\\/Logo-PANS-2022-pelne.png\",\"contentUrl\":\"https:\\\/\\\/pans.krosno.pl\\\/pracownicy\\\/wp-content\\\/uploads\\\/sites\\\/41\\\/2023\\\/01\\\/Logo-PANS-2022-pelne.png\",\"width\":3096,\"height\":696,\"caption\":\"Pracownicy PANS w Kro\u015bnie\"},\"image\":{\"@id\":\"https:\\\/\\\/pans.krosno.pl\\\/pracownicy\\\/#\\\/schema\\\/logo\\\/image\\\/\"}}]}<\/script>\n<!-- \/ Yoast SEO Premium plugin. -->","yoast_head_json":{"title":"dr hab. Adrian Horzyk, prof. PANS - Najwa\u017cniejsze publikacje - Pracownicy PANS w Kro\u015bnie","robots":{"index":"index","follow":"follow","max-snippet":"max-snippet:-1","max-image-preview":"max-image-preview:large","max-video-preview":"max-video-preview:-1"},"canonical":"https:\/\/pans.krosno.pl\/pracownicy\/adrian-horzyk\/adrian-horzyk-najwazniejsze-publikacje\/","og_locale":"pl_PL","og_type":"article","og_title":"dr hab. Adrian Horzyk, prof. PANS - Najwa\u017cniejsze publikacje","og_description":"Monografie A. Horzyk, Sztuczne systemy skojarzeniowe i asocjacyjna sztuczna inteligencja, Akademicka Oficyna Wydawnicza EXIT, Warszawa, 2013, monografia habilitacyjna. A. Horzyk, Negocjacje. Sprawdzone strategie, poradnik z serii Samo Sedno, ISBN 978-83-7788-168-2, Edgard, Warszawa, 2012 Artyku\u0142y Acharya, [et al.], B. Bali\u015b, [et al.], M. Gorgo\u0144, [et al.],&nbsp;A. Horzyk, [et al.], M. Jab\u0142o\u0144ski, [\u2026] Read More","og_url":"https:\/\/pans.krosno.pl\/pracownicy\/adrian-horzyk\/adrian-horzyk-najwazniejsze-publikacje\/","og_site_name":"Pracownicy PANS w Kro\u015bnie","article_modified_time":"2025-05-14T12:54:02+00:00","twitter_card":"summary_large_image","twitter_misc":{"Szacowany czas czytania":"3 minuty"},"schema":{"@context":"https:\/\/schema.org","@graph":[{"@type":"WebPage","@id":"https:\/\/pans.krosno.pl\/pracownicy\/adrian-horzyk\/adrian-horzyk-najwazniejsze-publikacje\/","url":"https:\/\/pans.krosno.pl\/pracownicy\/adrian-horzyk\/adrian-horzyk-najwazniejsze-publikacje\/","name":"dr hab. Adrian Horzyk, prof. PANS - Najwa\u017cniejsze publikacje - Pracownicy PANS w Kro\u015bnie","isPartOf":{"@id":"https:\/\/pans.krosno.pl\/pracownicy\/#website"},"datePublished":"2020-03-25T11:40:20+00:00","dateModified":"2025-05-14T12:54:02+00:00","breadcrumb":{"@id":"https:\/\/pans.krosno.pl\/pracownicy\/adrian-horzyk\/adrian-horzyk-najwazniejsze-publikacje\/#breadcrumb"},"inLanguage":"pl-PL","potentialAction":[{"@type":"ReadAction","target":["https:\/\/pans.krosno.pl\/pracownicy\/adrian-horzyk\/adrian-horzyk-najwazniejsze-publikacje\/"]}]},{"@type":"BreadcrumbList","@id":"https:\/\/pans.krosno.pl\/pracownicy\/adrian-horzyk\/adrian-horzyk-najwazniejsze-publikacje\/#breadcrumb","itemListElement":[{"@type":"ListItem","position":1,"name":"Strona g\u0142\u00f3wna","item":"https:\/\/pans.krosno.pl\/pracownicy\/"},{"@type":"ListItem","position":2,"name":"dr hab. Adrian Horzyk, prof. PANS","item":"https:\/\/pans.krosno.pl\/pracownicy\/adrian-horzyk\/"},{"@type":"ListItem","position":3,"name":"dr hab. Adrian Horzyk, prof. PANS &#8211; Najwa\u017cniejsze publikacje"}]},{"@type":"WebSite","@id":"https:\/\/pans.krosno.pl\/pracownicy\/#website","url":"https:\/\/pans.krosno.pl\/pracownicy\/","name":"Pracownicy PANS w Kro\u015bnie","description":"Pracownicy - Pa\u0144stwowa Akademia Nauk Stosowanych","publisher":{"@id":"https:\/\/pans.krosno.pl\/pracownicy\/#organization"},"potentialAction":[{"@type":"SearchAction","target":{"@type":"EntryPoint","urlTemplate":"https:\/\/pans.krosno.pl\/pracownicy\/?s={search_term_string}"},"query-input":{"@type":"PropertyValueSpecification","valueRequired":true,"valueName":"search_term_string"}}],"inLanguage":"pl-PL"},{"@type":"Organization","@id":"https:\/\/pans.krosno.pl\/pracownicy\/#organization","name":"Pracownicy PANS w Kro\u015bnie","url":"https:\/\/pans.krosno.pl\/pracownicy\/","logo":{"@type":"ImageObject","inLanguage":"pl-PL","@id":"https:\/\/pans.krosno.pl\/pracownicy\/#\/schema\/logo\/image\/","url":"https:\/\/pans.krosno.pl\/pracownicy\/wp-content\/uploads\/sites\/41\/2023\/01\/Logo-PANS-2022-pelne.png","contentUrl":"https:\/\/pans.krosno.pl\/pracownicy\/wp-content\/uploads\/sites\/41\/2023\/01\/Logo-PANS-2022-pelne.png","width":3096,"height":696,"caption":"Pracownicy PANS w Kro\u015bnie"},"image":{"@id":"https:\/\/pans.krosno.pl\/pracownicy\/#\/schema\/logo\/image\/"}}]}},"_links":{"self":[{"href":"https:\/\/pans.krosno.pl\/pracownicy\/wp-json\/wp\/v2\/pages\/185","targetHints":{"allow":["GET"]}}],"collection":[{"href":"https:\/\/pans.krosno.pl\/pracownicy\/wp-json\/wp\/v2\/pages"}],"about":[{"href":"https:\/\/pans.krosno.pl\/pracownicy\/wp-json\/wp\/v2\/types\/page"}],"author":[{"embeddable":true,"href":"https:\/\/pans.krosno.pl\/pracownicy\/wp-json\/wp\/v2\/users\/34"}],"replies":[{"embeddable":true,"href":"https:\/\/pans.krosno.pl\/pracownicy\/wp-json\/wp\/v2\/comments?post=185"}],"version-history":[{"count":10,"href":"https:\/\/pans.krosno.pl\/pracownicy\/wp-json\/wp\/v2\/pages\/185\/revisions"}],"predecessor-version":[{"id":9375,"href":"https:\/\/pans.krosno.pl\/pracownicy\/wp-json\/wp\/v2\/pages\/185\/revisions\/9375"}],"up":[{"embeddable":true,"href":"https:\/\/pans.krosno.pl\/pracownicy\/wp-json\/wp\/v2\/pages\/155"}],"wp:attachment":[{"href":"https:\/\/pans.krosno.pl\/pracownicy\/wp-json\/wp\/v2\/media?parent=185"}],"curies":[{"name":"wp","href":"https:\/\/api.w.org\/{rel}","templated":true}]}}