{"id":1841,"date":"2020-04-06T14:13:24","date_gmt":"2020-04-06T12:13:24","guid":{"rendered":"https:\/\/pans.krosno.pl\/pracownicy\/?page_id=1841"},"modified":"2025-05-14T13:43:34","modified_gmt":"2025-05-14T11:43:34","slug":"lukasz-furman-najwazniejsze-publikacje","status":"publish","type":"page","link":"https:\/\/pans.krosno.pl\/pracownicy\/lukasz-furman\/lukasz-furman-najwazniejsze-publikacje\/","title":{"rendered":"dr hab. \u0141ukasz Furman, prof. PANS &#8211; Najwa\u017cniejsze publikacje"},"content":{"rendered":"<hr>\n<p style=\"text-align: center\"><strong>Wybrane publikacje<\/strong><\/p>\n<p><strong>Artyku\u0142y<\/strong><\/p>\n<ol>\n<li>Furman \u0141., Analiza rozwoju lokalnego w powiatach wojew\u00f3dztwa podkarpackiego w \u015bwietle wp\u0142yw\u00f3w podatkowych w latach 2005 \u2013 2009, Folia Pomeranae Universitatis Technologiae Stetinensis seria Oeconomica nr 70, Wydawnictwo Zachodniopomorskiego Uniwersytetu Technologicznego w Szczecinie, Szczecin 2013, s. 61-69, ISSN 2081-0644.<\/li>\n<li>Furman \u0141., Ryzyko dzia\u0142alno\u015bci przedsi\u0119biorstw w \u015bwietle wybranych rozwi\u0105za\u0144 funkcjonuj\u0105cego modelu fiskalnego w Polsce, Zarz\u0105dzanie i Finanse, Jurnal of Management and Finance, rok 11, nr 4, cz\u0119\u015b\u0107 3, Uniwersytet Gda\u0144ski 2013, s. 127 \u2013 137, ISSN 2084-5189.<\/li>\n<li>Furman \u0141., Koszty funkcjonowania administracji skarbowej na przyk\u0142adzie Polski, Jurnal of Management and Finance, rok 12, nr 3, cz\u0119\u015b\u0107 2, Uniwersytet Gda\u0144ski 2014, ISSN 2084-5189, s.75-94.<\/li>\n<li>Furman \u0141., Ocena funkcjonowania podatk\u00f3w samorz\u0105dowych w Polsce w latach 2011-2014, Folia Pomeranae Universitatis Technologiae Stetinensis seria Oeconomica, nr 321\/80\/3\/2015, Wydawnictwo Zachodniopomorskiego Uniwersytetu Technologicznego w Szczecinie, Szczecin 2015, ISSN 2081-0644, s. 37-46.<\/li>\n<li>Furman \u0141., Ocena funkcjonowania podatkowej grupy kapita\u0142owej, Zarz\u0105dzanie i Finanse, Jurnal of Management and Finance, vol 13, No 3\/1\/2015, Uniwersytet Gda\u0144ski 2015, s. 197-207, ISSN 2084-5189.<\/li>\n<li>Furman \u0141., Finansowe instrumenty pochodne jako narz\u0119dzie optymalizacji podatkowej, Prace Naukowe Uniwersytetu Ekonomicznego we Wroc\u0142awiu \u2013 Aktywa finansowe, nr 445\/2016, ISSN: 2392-0041, s. 37-47.<\/li>\n<li>Furman \u0141., Kierunki modyfikacji istniej\u0105cych rozwi\u0105za\u0144 w systemie poboru podatk\u00f3w, Przegl\u0105d Prawno \u2013 Ekonomiczny, nr 36 (3\/2016), ISSN 1898-2166, s. 250-268.<\/li>\n<li>Furman \u0141., Podatkowe uwarunkowania rozwoju lokalnego na przyk\u0142adzie wojew\u00f3dztwa podkarpackiego, Europa Regionum, Tom XXVI\/2016, ISSN 1428-278X, s. 35-47.<\/li>\n<li>Furman \u0141., Furman W., Analiza rozwoju gospodarczego w \u015bwietle wybranych wp\u0142yw\u00f3w podatkowych w latach 2011 \u2013 2015 na terenie wojew\u00f3dztwa podkarpackiego, Zeszyty Naukowe Ma\u0142opolskiej Wy\u017cszej Szko\u0142y Ekonomicznej w Tarnowie, nr 3\/2016, ISSN 1506-2635, s. 13-35.<\/li>\n<li>Furman \u0141., Podatek od aktyw\u00f3w instytucji finansowych: zagro\u017cenia czy korzy\u015bci, Zeszyty Naukowe Ma\u0142opolskiej Wy\u017cszej Szko\u0142y Ekonomicznej w Tarnowie, nr 1\/2017, ISSN 1506-2635, s. 73-82.<\/li>\n<li>Furman \u0141., Assessment of economic activity in Poland in the light of selected tax revenues, Proceedings of the international Scientific Conference Economic Science for Rural Development, 8-10.05.2019, Latvia University of Life Sciences and Technologies, Faculty of Economics and Social Development, ISSN 2255-9930 on line, s. 264 -271.<\/li>\n<li>Furman \u0141., Preferences in Local Taxes in Poland, Proceedings of the international scientific conference Hradec Economic Days 2020, vol. 10, University of Hradec Kr\u00e1lov\u00e9, Hradec Kr\u00e1lov\u00e9 2020, Czech Republic,&nbsp; s. 169-175.<\/li>\n<\/ol>\n<p><strong>Monografie<\/strong><\/p>\n<ol>\n<li>Furman \u0141., Chmielak A., Karpowicz J., Wsparcie mikro, ma\u0142ych i \u015brednich przedsi\u0119biorstw oraz preferencje podatkowe w Polsce, Wydawnictwo Uczelniane Pa\u0144stwowej Wy\u017cszej Szko\u0142y Zawodowej, Suwa\u0142ki 2017, ss. 149, ISBN 978-83-9492-19-4-1,<\/li>\n<li>Furman \u0141., Efektywny system poboru podatk\u00f3w, Wydawnictwo CeDeWu Warszawa 2019, ISBN 978-83-8102-187-6, ss.301.<\/li>\n<\/ol>\n<hr>\n<p>&nbsp;<\/p>\n","protected":false},"excerpt":{"rendered":"<p>Wybrane publikacje Artyku\u0142y Furman \u0141., Analiza rozwoju lokalnego w powiatach wojew\u00f3dztwa podkarpackiego w \u015bwietle wp\u0142yw\u00f3w podatkowych w latach 2005 \u2013 2009, Folia Pomeranae Universitatis Technologiae Stetinensis seria Oeconomica nr 70, Wydawnictwo Zachodniopomorskiego Uniwersytetu Technologicznego w Szczecinie, Szczecin 2013, s. 61-69, ISSN 2081-0644. Furman \u0141., Ryzyko dzia\u0142alno\u015bci przedsi\u0119biorstw w \u015bwietle wybranych [\u2026] <\/p>\n<div class=\"clear\"><\/div>\n<p><a class=\"more_link clearfix\" href=\"https:\/\/pans.krosno.pl\/pracownicy\/lukasz-furman\/lukasz-furman-najwazniejsze-publikacje\/\" rel=\"nofollow\">Read More<\/a><\/p>\n","protected":false},"author":36,"featured_media":0,"parent":1830,"menu_order":0,"comment_status":"closed","ping_status":"closed","template":"","meta":{"ngg_post_thumbnail":0,"footnotes":""},"class_list":["post-1841","page","type-page","status-publish","hentry"],"yoast_head":"<!-- This site is optimized with the Yoast SEO Premium plugin v27.4 (Yoast SEO v27.4) - https:\/\/yoast.com\/product\/yoast-seo-premium-wordpress\/ -->\n<title>dr hab. \u0141ukasz Furman, prof. PANS - Najwa\u017cniejsze publikacje - Pracownicy PANS w Kro\u015bnie<\/title>\n<meta name=\"robots\" content=\"index, follow, max-snippet:-1, max-image-preview:large, max-video-preview:-1\" \/>\n<link rel=\"canonical\" href=\"https:\/\/pans.krosno.pl\/pracownicy\/lukasz-furman\/lukasz-furman-najwazniejsze-publikacje\/\" \/>\n<meta property=\"og:locale\" content=\"pl_PL\" \/>\n<meta property=\"og:type\" content=\"article\" \/>\n<meta property=\"og:title\" content=\"dr hab. \u0141ukasz Furman, prof. PANS - Najwa\u017cniejsze publikacje\" \/>\n<meta property=\"og:description\" content=\"Wybrane publikacje Artyku\u0142y Furman \u0141., Analiza rozwoju lokalnego w powiatach wojew\u00f3dztwa podkarpackiego w \u015bwietle wp\u0142yw\u00f3w podatkowych w latach 2005 \u2013 2009, Folia Pomeranae Universitatis Technologiae Stetinensis seria Oeconomica nr 70, Wydawnictwo Zachodniopomorskiego Uniwersytetu Technologicznego w Szczecinie, Szczecin 2013, s. 61-69, ISSN 2081-0644. Furman \u0141., Ryzyko dzia\u0142alno\u015bci przedsi\u0119biorstw w \u015bwietle wybranych [\u2026] Read More\" \/>\n<meta property=\"og:url\" content=\"https:\/\/pans.krosno.pl\/pracownicy\/lukasz-furman\/lukasz-furman-najwazniejsze-publikacje\/\" \/>\n<meta property=\"og:site_name\" content=\"Pracownicy PANS w Kro\u015bnie\" \/>\n<meta property=\"article:modified_time\" content=\"2025-05-14T11:43:34+00:00\" \/>\n<meta name=\"twitter:card\" content=\"summary_large_image\" \/>\n<meta name=\"twitter:label1\" content=\"Szacowany czas czytania\" \/>\n\t<meta name=\"twitter:data1\" content=\"3 minuty\" \/>\n<script type=\"application\/ld+json\" class=\"yoast-schema-graph\">{\"@context\":\"https:\\\/\\\/schema.org\",\"@graph\":[{\"@type\":\"WebPage\",\"@id\":\"https:\\\/\\\/pans.krosno.pl\\\/pracownicy\\\/lukasz-furman\\\/lukasz-furman-najwazniejsze-publikacje\\\/\",\"url\":\"https:\\\/\\\/pans.krosno.pl\\\/pracownicy\\\/lukasz-furman\\\/lukasz-furman-najwazniejsze-publikacje\\\/\",\"name\":\"dr hab. \u0141ukasz Furman, prof. PANS - Najwa\u017cniejsze publikacje - Pracownicy PANS w Kro\u015bnie\",\"isPartOf\":{\"@id\":\"https:\\\/\\\/pans.krosno.pl\\\/pracownicy\\\/#website\"},\"datePublished\":\"2020-04-06T12:13:24+00:00\",\"dateModified\":\"2025-05-14T11:43:34+00:00\",\"breadcrumb\":{\"@id\":\"https:\\\/\\\/pans.krosno.pl\\\/pracownicy\\\/lukasz-furman\\\/lukasz-furman-najwazniejsze-publikacje\\\/#breadcrumb\"},\"inLanguage\":\"pl-PL\",\"potentialAction\":[{\"@type\":\"ReadAction\",\"target\":[\"https:\\\/\\\/pans.krosno.pl\\\/pracownicy\\\/lukasz-furman\\\/lukasz-furman-najwazniejsze-publikacje\\\/\"]}]},{\"@type\":\"BreadcrumbList\",\"@id\":\"https:\\\/\\\/pans.krosno.pl\\\/pracownicy\\\/lukasz-furman\\\/lukasz-furman-najwazniejsze-publikacje\\\/#breadcrumb\",\"itemListElement\":[{\"@type\":\"ListItem\",\"position\":1,\"name\":\"Strona g\u0142\u00f3wna\",\"item\":\"https:\\\/\\\/pans.krosno.pl\\\/pracownicy\\\/\"},{\"@type\":\"ListItem\",\"position\":2,\"name\":\"dr hab. \u0141ukasz Furman, prof. PANS\",\"item\":\"https:\\\/\\\/pans.krosno.pl\\\/pracownicy\\\/lukasz-furman\\\/\"},{\"@type\":\"ListItem\",\"position\":3,\"name\":\"dr hab. \u0141ukasz Furman, prof. PANS &#8211; Najwa\u017cniejsze publikacje\"}]},{\"@type\":\"WebSite\",\"@id\":\"https:\\\/\\\/pans.krosno.pl\\\/pracownicy\\\/#website\",\"url\":\"https:\\\/\\\/pans.krosno.pl\\\/pracownicy\\\/\",\"name\":\"Pracownicy PANS w Kro\u015bnie\",\"description\":\"Pracownicy - Pa\u0144stwowa Akademia Nauk Stosowanych\",\"publisher\":{\"@id\":\"https:\\\/\\\/pans.krosno.pl\\\/pracownicy\\\/#organization\"},\"potentialAction\":[{\"@type\":\"SearchAction\",\"target\":{\"@type\":\"EntryPoint\",\"urlTemplate\":\"https:\\\/\\\/pans.krosno.pl\\\/pracownicy\\\/?s={search_term_string}\"},\"query-input\":{\"@type\":\"PropertyValueSpecification\",\"valueRequired\":true,\"valueName\":\"search_term_string\"}}],\"inLanguage\":\"pl-PL\"},{\"@type\":\"Organization\",\"@id\":\"https:\\\/\\\/pans.krosno.pl\\\/pracownicy\\\/#organization\",\"name\":\"Pracownicy PANS w Kro\u015bnie\",\"url\":\"https:\\\/\\\/pans.krosno.pl\\\/pracownicy\\\/\",\"logo\":{\"@type\":\"ImageObject\",\"inLanguage\":\"pl-PL\",\"@id\":\"https:\\\/\\\/pans.krosno.pl\\\/pracownicy\\\/#\\\/schema\\\/logo\\\/image\\\/\",\"url\":\"https:\\\/\\\/pans.krosno.pl\\\/pracownicy\\\/wp-content\\\/uploads\\\/sites\\\/41\\\/2023\\\/01\\\/Logo-PANS-2022-pelne.png\",\"contentUrl\":\"https:\\\/\\\/pans.krosno.pl\\\/pracownicy\\\/wp-content\\\/uploads\\\/sites\\\/41\\\/2023\\\/01\\\/Logo-PANS-2022-pelne.png\",\"width\":3096,\"height\":696,\"caption\":\"Pracownicy PANS w Kro\u015bnie\"},\"image\":{\"@id\":\"https:\\\/\\\/pans.krosno.pl\\\/pracownicy\\\/#\\\/schema\\\/logo\\\/image\\\/\"}}]}<\/script>\n<!-- \/ Yoast SEO Premium plugin. -->","yoast_head_json":{"title":"dr hab. \u0141ukasz Furman, prof. PANS - Najwa\u017cniejsze publikacje - Pracownicy PANS w Kro\u015bnie","robots":{"index":"index","follow":"follow","max-snippet":"max-snippet:-1","max-image-preview":"max-image-preview:large","max-video-preview":"max-video-preview:-1"},"canonical":"https:\/\/pans.krosno.pl\/pracownicy\/lukasz-furman\/lukasz-furman-najwazniejsze-publikacje\/","og_locale":"pl_PL","og_type":"article","og_title":"dr hab. \u0141ukasz Furman, prof. PANS - Najwa\u017cniejsze publikacje","og_description":"Wybrane publikacje Artyku\u0142y Furman \u0141., Analiza rozwoju lokalnego w powiatach wojew\u00f3dztwa podkarpackiego w \u015bwietle wp\u0142yw\u00f3w podatkowych w latach 2005 \u2013 2009, Folia Pomeranae Universitatis Technologiae Stetinensis seria Oeconomica nr 70, Wydawnictwo Zachodniopomorskiego Uniwersytetu Technologicznego w Szczecinie, Szczecin 2013, s. 61-69, ISSN 2081-0644. Furman \u0141., Ryzyko dzia\u0142alno\u015bci przedsi\u0119biorstw w \u015bwietle wybranych [\u2026] Read More","og_url":"https:\/\/pans.krosno.pl\/pracownicy\/lukasz-furman\/lukasz-furman-najwazniejsze-publikacje\/","og_site_name":"Pracownicy PANS w Kro\u015bnie","article_modified_time":"2025-05-14T11:43:34+00:00","twitter_card":"summary_large_image","twitter_misc":{"Szacowany czas czytania":"3 minuty"},"schema":{"@context":"https:\/\/schema.org","@graph":[{"@type":"WebPage","@id":"https:\/\/pans.krosno.pl\/pracownicy\/lukasz-furman\/lukasz-furman-najwazniejsze-publikacje\/","url":"https:\/\/pans.krosno.pl\/pracownicy\/lukasz-furman\/lukasz-furman-najwazniejsze-publikacje\/","name":"dr hab. \u0141ukasz Furman, prof. PANS - Najwa\u017cniejsze publikacje - Pracownicy PANS w Kro\u015bnie","isPartOf":{"@id":"https:\/\/pans.krosno.pl\/pracownicy\/#website"},"datePublished":"2020-04-06T12:13:24+00:00","dateModified":"2025-05-14T11:43:34+00:00","breadcrumb":{"@id":"https:\/\/pans.krosno.pl\/pracownicy\/lukasz-furman\/lukasz-furman-najwazniejsze-publikacje\/#breadcrumb"},"inLanguage":"pl-PL","potentialAction":[{"@type":"ReadAction","target":["https:\/\/pans.krosno.pl\/pracownicy\/lukasz-furman\/lukasz-furman-najwazniejsze-publikacje\/"]}]},{"@type":"BreadcrumbList","@id":"https:\/\/pans.krosno.pl\/pracownicy\/lukasz-furman\/lukasz-furman-najwazniejsze-publikacje\/#breadcrumb","itemListElement":[{"@type":"ListItem","position":1,"name":"Strona g\u0142\u00f3wna","item":"https:\/\/pans.krosno.pl\/pracownicy\/"},{"@type":"ListItem","position":2,"name":"dr hab. \u0141ukasz Furman, prof. PANS","item":"https:\/\/pans.krosno.pl\/pracownicy\/lukasz-furman\/"},{"@type":"ListItem","position":3,"name":"dr hab. \u0141ukasz Furman, prof. PANS &#8211; Najwa\u017cniejsze publikacje"}]},{"@type":"WebSite","@id":"https:\/\/pans.krosno.pl\/pracownicy\/#website","url":"https:\/\/pans.krosno.pl\/pracownicy\/","name":"Pracownicy PANS w Kro\u015bnie","description":"Pracownicy - Pa\u0144stwowa Akademia Nauk Stosowanych","publisher":{"@id":"https:\/\/pans.krosno.pl\/pracownicy\/#organization"},"potentialAction":[{"@type":"SearchAction","target":{"@type":"EntryPoint","urlTemplate":"https:\/\/pans.krosno.pl\/pracownicy\/?s={search_term_string}"},"query-input":{"@type":"PropertyValueSpecification","valueRequired":true,"valueName":"search_term_string"}}],"inLanguage":"pl-PL"},{"@type":"Organization","@id":"https:\/\/pans.krosno.pl\/pracownicy\/#organization","name":"Pracownicy PANS w Kro\u015bnie","url":"https:\/\/pans.krosno.pl\/pracownicy\/","logo":{"@type":"ImageObject","inLanguage":"pl-PL","@id":"https:\/\/pans.krosno.pl\/pracownicy\/#\/schema\/logo\/image\/","url":"https:\/\/pans.krosno.pl\/pracownicy\/wp-content\/uploads\/sites\/41\/2023\/01\/Logo-PANS-2022-pelne.png","contentUrl":"https:\/\/pans.krosno.pl\/pracownicy\/wp-content\/uploads\/sites\/41\/2023\/01\/Logo-PANS-2022-pelne.png","width":3096,"height":696,"caption":"Pracownicy PANS w Kro\u015bnie"},"image":{"@id":"https:\/\/pans.krosno.pl\/pracownicy\/#\/schema\/logo\/image\/"}}]}},"_links":{"self":[{"href":"https:\/\/pans.krosno.pl\/pracownicy\/wp-json\/wp\/v2\/pages\/1841","targetHints":{"allow":["GET"]}}],"collection":[{"href":"https:\/\/pans.krosno.pl\/pracownicy\/wp-json\/wp\/v2\/pages"}],"about":[{"href":"https:\/\/pans.krosno.pl\/pracownicy\/wp-json\/wp\/v2\/types\/page"}],"author":[{"embeddable":true,"href":"https:\/\/pans.krosno.pl\/pracownicy\/wp-json\/wp\/v2\/users\/36"}],"replies":[{"embeddable":true,"href":"https:\/\/pans.krosno.pl\/pracownicy\/wp-json\/wp\/v2\/comments?post=1841"}],"version-history":[{"count":9,"href":"https:\/\/pans.krosno.pl\/pracownicy\/wp-json\/wp\/v2\/pages\/1841\/revisions"}],"predecessor-version":[{"id":9347,"href":"https:\/\/pans.krosno.pl\/pracownicy\/wp-json\/wp\/v2\/pages\/1841\/revisions\/9347"}],"up":[{"embeddable":true,"href":"https:\/\/pans.krosno.pl\/pracownicy\/wp-json\/wp\/v2\/pages\/1830"}],"wp:attachment":[{"href":"https:\/\/pans.krosno.pl\/pracownicy\/wp-json\/wp\/v2\/media?parent=1841"}],"curies":[{"name":"wp","href":"https:\/\/api.w.org\/{rel}","templated":true}]}}