{"id":1823,"date":"2020-04-06T14:00:16","date_gmt":"2020-04-06T12:00:16","guid":{"rendered":"https:\/\/pans.krosno.pl\/pracownicy\/?page_id=1823"},"modified":"2025-05-16T08:30:31","modified_gmt":"2025-05-16T06:30:31","slug":"liliana-mierzwinska-najwazniejsze-publikacje","status":"publish","type":"page","link":"https:\/\/pans.krosno.pl\/pracownicy\/liliana-mierzwinska\/liliana-mierzwinska-najwazniejsze-publikacje\/","title":{"rendered":"dr Liliana Mierzwi\u0144ska &#8211; Najwa\u017cniejsze publikacje"},"content":{"rendered":"<hr>\n<ul>\n<li>Mierzwi\u0144ska L., Identyfikacja system\u00f3w warto\u015bci pracownik\u00f3w ma\u0142ego przedsi\u0119biorstwa- studium przypadku, red. Bojar M., Gliszczy\u0144ski G., Mazur B., R\u00f3\u017cnorodno\u015b\u0107 zarz\u0105dzania. Wybrane aspekty metodologii bada\u0144 w naukach o zarz\u0105dzaniu, Wydawnictwo Politechniki Lubelskiej, Lublin 2018.<\/li>\n<li>Mierzwi\u0144ska L., Zarz\u0105dzanie projektami , red. Lenik P. Zarz\u0105dzanie organizacjami, Pa\u0144stwowa Wy\u017csza Szko\u0142a Zawodowa im. S. Pigonia w Kro\u015bnie, Krosno 2018.<\/li>\n<li>Mierzwi\u0144ska L., Warto\u015bci organizacyjne w zarz\u0105dzaniu kapita\u0142em ludzkim ma\u0142ych przedsi\u0119biorstw\u201d [w:] Przegl\u0105d Nauk Ekonomicznych 26\/2017, Polskie Towarzystwo Ekonomiczne, Oddzia\u0142 \u0141\u00f3d\u017a.<\/li>\n<li>Mierzwi\u0144ska L., Innowacyjno\u015b\u0107 ma\u0142ego przedsi\u0119biorstwa informatycznego \u2013 studium przypadku, Studia Ekonomiczne. Zeszyty Naukowe Uniwersytetu Ekonomicznego w Katowicach Nr 299\/16, 2016.<\/li>\n<li>Mierzwi\u0144ska L., System Wewn\u0119trznej Informacji Bankowej 4.0. Koncepcja systemu i mo\u017cliwo\u015bci jego zastosowania w Towarzystwach Funduszy Inwestycyjnych [w:] Projektowanie i realizacja system\u00f3w informatycznych zarz\u0105dzania. Wybrane aspekty, (red) T.M. Komorowski, J. Swacha, Wyd. Polskie Towarzystwo Informatyczne, Warszawa 2016.<\/li>\n<li>Mierzwi\u0144ska L., Wybrane aspekty realizacji projektu informatycznego wsp\u00f3\u0142finansowanego ze \u015brodk\u00f3w Programu Operacyjnego Innowacyjna Gospodarka- studium przypadku, w: Lenik P. (red.).<\/li>\n<li>Efektywno\u015b\u0107 zarz\u0105dzania zasobami organizacyjnymi, Prace Naukowo-Dydaktyczne Pa\u0144stwowej Wy\u017cszej Szko\u0142y Zawodowej im. S. Pigonia w Kro\u015bnie, Zeszyt 68, Krosno 2015.<\/li>\n<li>Mierzwi\u0144ska L., Ujda-Dy\u0144ka B., Strategie dzia\u0142ania ma\u0142ych i \u015brednich przedsi\u0119biorstw z bran\u017cy rolno-spo\u017cywczej w woj. podkarpackim, w: Jaremczuk K. (red.), Przedsi\u0119biorczo\u015b\u0107- perspektyw\u0105 zmian, Wy\u017csza Szko\u0142a Prawa i Administracji w Przemy\u015blu, Podkarpackie Stowarzyszenie Organizacji i Zarz\u0105dzania, Rzesz\u00f3w 2015.<\/li>\n<li>Mierzwi\u0144ska L. Ujda-Dy\u0144ka B., Filip P., Nowa gospodarka a wyzwania w sferze personalnej organizacji, w \u201eZagro\u017cenia globalne jako \u017ar\u00f3d\u0142o barier rozwoju przedsi\u0119biorstw w regionie\u201d, Przedsi\u0119biorstwo i Region , 6\/2014, wyd. Uniwersytetu Rzeszowskiego, Rzesz\u00f3w 2014.<\/li>\n<li>Mierzwi\u0144ska L., Zarz\u0105dzanie przez warto\u015bci jako koncepcja \u0142\u0105cz\u0105ca paradygmat ekonomiczny i etyczny we wsp\u00f3\u0142czesnej organizacji [w:] Nier\u00f3wno\u015bci spo\u0142eczne a wzrost gospodarczy. Kryzys finans\u00f3w publicznych- przyczyny, implikacje, perspektywy sp\u00f3jno\u015bci spo\u0142eczno-ekonomicznej, Wyd. Uniwersytet Rzeszowski, Katedra Teorii Ekonomii<br \/>\ni Stosunk\u00f3w Mi\u0119dzynarodowych, Zeszyt 34, Rzesz\u00f3w 2013.<\/li>\n<li>Mierzwi\u0144ska L., Personalne aspekty sukcesu projektu informatycznego realizowanego<br \/>\nz zastosowaniem metodyk zwinnych, \u201eZarz\u0105dzanie i Finanse&#8221;, cz.1, nr 4\/2013, Uniwersytet Gda\u0144ski, Sopot.<\/li>\n<li>Mierzwi\u0144ska L. Polityka personalna a przedsi\u0119biorczo\u015b\u0107 wewn\u0119trzna pracownik\u00f3w IT (na przyk\u0142adzie ma\u0142ego przedsi\u0119biorstwa) [w:] Jaremczuk K., Przedsi\u0119biorczo\u015b\u0107- natura i atrybuty, Wyd. Pa\u0144stwowej Wy\u017cszej Szko\u0142y Zawodowej im. prof. S. Tarnowskiego w Tarnobrzegu, 2012.<\/li>\n<li>Mierzwi\u0144ska L., O kategorii struktury w uj\u0119ciu interdyscyplinarnym [w:] Spo\u0142ecze\u0144stwo wobec wyzwa\u0144 wsp\u00f3\u0142czesno\u015bci, Jaremczuk K. (red.), Wyd. Pa\u0144stwowa Wy\u017csza Szko\u0142a Zawodowa im. prof. S. Tarnowskiego, Tarnobrzeg 2012.<\/li>\n<li>Mierzwi\u0144ska L., Kszta\u0142towanie zaanga\u017cowania pracownik\u00f3w IT w strategii personalnej przedsi\u0119biorstwa X [w:] Gableta M., Pietro\u0144- Pyszczek A. (red.), Cz\u0142owiek i praca w zmieniaj\u0105cej si\u0119 organizacji. W kierunku respektowania interes\u00f3w pracobiorcy. Prace Naukowe Uniwersytetu Ekonomicznego we Wroc\u0142awiu nr 223, Wroc\u0142aw 2012.<\/li>\n<li>Mierzwi\u0144ska L., Warto\u015bci jako determinanty sukcesu i podmiotowo\u015bci organizacyjnej (na przyk\u0142adzie ma\u0142ych i \u015brednich przedsi\u0119biorstw powiatu tarnobrzeskiego) [w:] Nogalski B., Wierzbicka B., (red.) Systemowe aspekty zarz\u0105dzania organizacjami, Prace i Materia\u0142y Wydzia\u0142u Zarz\u0105dzania Uniwersytetu Gda\u0144skiego 4\/1\/2011, Wyd. Wydzia\u0142 Zarz\u0105dzania Uniwersytetu Gda\u0144skiego, Fundacja Rozwoju Uniwersytetu Gda\u0144skiego, Sopot 2011.<\/li>\n<li>Mierzwi\u0144ska L., Kompetencje jako g\u0142\u00f3wny element kapita\u0142u ludzkiego w ma\u0142ym przedsi\u0119biorstwie (na przyk\u0142adzie rejonu tarnobrzeskiego), Wyd. C. H. Beck. [w:] Matejun M. (red.), Wyzwania i perspektywy zarz\u0105dzania w ma\u0142ych i \u015brednich przedsi\u0119biorstwach, Wyd. C.H. Beck, Warszawa 2010.<\/li>\n<\/ul>\n<hr>\n<p>&nbsp;<\/p>\n","protected":false},"excerpt":{"rendered":"<p>Mierzwi\u0144ska L., Identyfikacja system\u00f3w warto\u015bci pracownik\u00f3w ma\u0142ego przedsi\u0119biorstwa- studium przypadku, red. Bojar M., Gliszczy\u0144ski G., Mazur B., R\u00f3\u017cnorodno\u015b\u0107 zarz\u0105dzania. Wybrane aspekty metodologii bada\u0144 w naukach o zarz\u0105dzaniu, Wydawnictwo Politechniki Lubelskiej, Lublin 2018. Mierzwi\u0144ska L., Zarz\u0105dzanie projektami , red. Lenik P. Zarz\u0105dzanie organizacjami, Pa\u0144stwowa Wy\u017csza Szko\u0142a Zawodowa im. S. Pigonia w [\u2026] <\/p>\n<div class=\"clear\"><\/div>\n<p><a class=\"more_link clearfix\" href=\"https:\/\/pans.krosno.pl\/pracownicy\/liliana-mierzwinska\/liliana-mierzwinska-najwazniejsze-publikacje\/\" rel=\"nofollow\">Read More<\/a><\/p>\n","protected":false},"author":36,"featured_media":0,"parent":1809,"menu_order":0,"comment_status":"closed","ping_status":"closed","template":"","meta":{"ngg_post_thumbnail":0,"footnotes":""},"class_list":["post-1823","page","type-page","status-publish","hentry"],"yoast_head":"<!-- This site is optimized with the Yoast SEO Premium plugin v27.3 (Yoast SEO v27.3) - https:\/\/yoast.com\/product\/yoast-seo-premium-wordpress\/ -->\n<title>dr Liliana Mierzwi\u0144ska - Najwa\u017cniejsze publikacje - Pracownicy PANS w Kro\u015bnie<\/title>\n<meta name=\"robots\" content=\"index, follow, max-snippet:-1, max-image-preview:large, max-video-preview:-1\" \/>\n<link rel=\"canonical\" href=\"https:\/\/pans.krosno.pl\/pracownicy\/liliana-mierzwinska\/liliana-mierzwinska-najwazniejsze-publikacje\/\" \/>\n<meta property=\"og:locale\" content=\"pl_PL\" \/>\n<meta property=\"og:type\" content=\"article\" \/>\n<meta property=\"og:title\" content=\"dr Liliana Mierzwi\u0144ska - Najwa\u017cniejsze publikacje\" \/>\n<meta property=\"og:description\" content=\"Mierzwi\u0144ska L., Identyfikacja system\u00f3w warto\u015bci pracownik\u00f3w ma\u0142ego przedsi\u0119biorstwa- studium przypadku, red. Bojar M., Gliszczy\u0144ski G., Mazur B., R\u00f3\u017cnorodno\u015b\u0107 zarz\u0105dzania. Wybrane aspekty metodologii bada\u0144 w naukach o zarz\u0105dzaniu, Wydawnictwo Politechniki Lubelskiej, Lublin 2018. Mierzwi\u0144ska L., Zarz\u0105dzanie projektami , red. Lenik P. Zarz\u0105dzanie organizacjami, Pa\u0144stwowa Wy\u017csza Szko\u0142a Zawodowa im. S. Pigonia w [\u2026] Read More\" \/>\n<meta property=\"og:url\" content=\"https:\/\/pans.krosno.pl\/pracownicy\/liliana-mierzwinska\/liliana-mierzwinska-najwazniejsze-publikacje\/\" \/>\n<meta property=\"og:site_name\" content=\"Pracownicy PANS w Kro\u015bnie\" \/>\n<meta property=\"article:modified_time\" content=\"2025-05-16T06:30:31+00:00\" \/>\n<meta name=\"twitter:card\" content=\"summary_large_image\" \/>\n<meta name=\"twitter:label1\" content=\"Szacowany czas czytania\" \/>\n\t<meta name=\"twitter:data1\" content=\"3 minuty\" \/>\n<script type=\"application\/ld+json\" class=\"yoast-schema-graph\">{\"@context\":\"https:\\\/\\\/schema.org\",\"@graph\":[{\"@type\":\"WebPage\",\"@id\":\"https:\\\/\\\/pans.krosno.pl\\\/pracownicy\\\/liliana-mierzwinska\\\/liliana-mierzwinska-najwazniejsze-publikacje\\\/\",\"url\":\"https:\\\/\\\/pans.krosno.pl\\\/pracownicy\\\/liliana-mierzwinska\\\/liliana-mierzwinska-najwazniejsze-publikacje\\\/\",\"name\":\"dr Liliana Mierzwi\u0144ska - Najwa\u017cniejsze publikacje - Pracownicy PANS w Kro\u015bnie\",\"isPartOf\":{\"@id\":\"https:\\\/\\\/pans.krosno.pl\\\/pracownicy\\\/#website\"},\"datePublished\":\"2020-04-06T12:00:16+00:00\",\"dateModified\":\"2025-05-16T06:30:31+00:00\",\"breadcrumb\":{\"@id\":\"https:\\\/\\\/pans.krosno.pl\\\/pracownicy\\\/liliana-mierzwinska\\\/liliana-mierzwinska-najwazniejsze-publikacje\\\/#breadcrumb\"},\"inLanguage\":\"pl-PL\",\"potentialAction\":[{\"@type\":\"ReadAction\",\"target\":[\"https:\\\/\\\/pans.krosno.pl\\\/pracownicy\\\/liliana-mierzwinska\\\/liliana-mierzwinska-najwazniejsze-publikacje\\\/\"]}]},{\"@type\":\"BreadcrumbList\",\"@id\":\"https:\\\/\\\/pans.krosno.pl\\\/pracownicy\\\/liliana-mierzwinska\\\/liliana-mierzwinska-najwazniejsze-publikacje\\\/#breadcrumb\",\"itemListElement\":[{\"@type\":\"ListItem\",\"position\":1,\"name\":\"Strona g\u0142\u00f3wna\",\"item\":\"https:\\\/\\\/pans.krosno.pl\\\/pracownicy\\\/\"},{\"@type\":\"ListItem\",\"position\":2,\"name\":\"dr Liliana Mierzwi\u0144ska\",\"item\":\"https:\\\/\\\/pans.krosno.pl\\\/pracownicy\\\/liliana-mierzwinska\\\/\"},{\"@type\":\"ListItem\",\"position\":3,\"name\":\"dr Liliana Mierzwi\u0144ska &#8211; Najwa\u017cniejsze publikacje\"}]},{\"@type\":\"WebSite\",\"@id\":\"https:\\\/\\\/pans.krosno.pl\\\/pracownicy\\\/#website\",\"url\":\"https:\\\/\\\/pans.krosno.pl\\\/pracownicy\\\/\",\"name\":\"Pracownicy PANS w Kro\u015bnie\",\"description\":\"Pracownicy - Pa\u0144stwowa Akademia Nauk Stosowanych\",\"publisher\":{\"@id\":\"https:\\\/\\\/pans.krosno.pl\\\/pracownicy\\\/#organization\"},\"potentialAction\":[{\"@type\":\"SearchAction\",\"target\":{\"@type\":\"EntryPoint\",\"urlTemplate\":\"https:\\\/\\\/pans.krosno.pl\\\/pracownicy\\\/?s={search_term_string}\"},\"query-input\":{\"@type\":\"PropertyValueSpecification\",\"valueRequired\":true,\"valueName\":\"search_term_string\"}}],\"inLanguage\":\"pl-PL\"},{\"@type\":\"Organization\",\"@id\":\"https:\\\/\\\/pans.krosno.pl\\\/pracownicy\\\/#organization\",\"name\":\"Pracownicy PANS w Kro\u015bnie\",\"url\":\"https:\\\/\\\/pans.krosno.pl\\\/pracownicy\\\/\",\"logo\":{\"@type\":\"ImageObject\",\"inLanguage\":\"pl-PL\",\"@id\":\"https:\\\/\\\/pans.krosno.pl\\\/pracownicy\\\/#\\\/schema\\\/logo\\\/image\\\/\",\"url\":\"https:\\\/\\\/pans.krosno.pl\\\/pracownicy\\\/wp-content\\\/uploads\\\/sites\\\/41\\\/2023\\\/01\\\/Logo-PANS-2022-pelne.png\",\"contentUrl\":\"https:\\\/\\\/pans.krosno.pl\\\/pracownicy\\\/wp-content\\\/uploads\\\/sites\\\/41\\\/2023\\\/01\\\/Logo-PANS-2022-pelne.png\",\"width\":3096,\"height\":696,\"caption\":\"Pracownicy PANS w Kro\u015bnie\"},\"image\":{\"@id\":\"https:\\\/\\\/pans.krosno.pl\\\/pracownicy\\\/#\\\/schema\\\/logo\\\/image\\\/\"}}]}<\/script>\n<!-- \/ Yoast SEO Premium plugin. -->","yoast_head_json":{"title":"dr Liliana Mierzwi\u0144ska - Najwa\u017cniejsze publikacje - Pracownicy PANS w Kro\u015bnie","robots":{"index":"index","follow":"follow","max-snippet":"max-snippet:-1","max-image-preview":"max-image-preview:large","max-video-preview":"max-video-preview:-1"},"canonical":"https:\/\/pans.krosno.pl\/pracownicy\/liliana-mierzwinska\/liliana-mierzwinska-najwazniejsze-publikacje\/","og_locale":"pl_PL","og_type":"article","og_title":"dr Liliana Mierzwi\u0144ska - Najwa\u017cniejsze publikacje","og_description":"Mierzwi\u0144ska L., Identyfikacja system\u00f3w warto\u015bci pracownik\u00f3w ma\u0142ego przedsi\u0119biorstwa- studium przypadku, red. Bojar M., Gliszczy\u0144ski G., Mazur B., R\u00f3\u017cnorodno\u015b\u0107 zarz\u0105dzania. Wybrane aspekty metodologii bada\u0144 w naukach o zarz\u0105dzaniu, Wydawnictwo Politechniki Lubelskiej, Lublin 2018. Mierzwi\u0144ska L., Zarz\u0105dzanie projektami , red. Lenik P. Zarz\u0105dzanie organizacjami, Pa\u0144stwowa Wy\u017csza Szko\u0142a Zawodowa im. S. Pigonia w [\u2026] Read More","og_url":"https:\/\/pans.krosno.pl\/pracownicy\/liliana-mierzwinska\/liliana-mierzwinska-najwazniejsze-publikacje\/","og_site_name":"Pracownicy PANS w Kro\u015bnie","article_modified_time":"2025-05-16T06:30:31+00:00","twitter_card":"summary_large_image","twitter_misc":{"Szacowany czas czytania":"3 minuty"},"schema":{"@context":"https:\/\/schema.org","@graph":[{"@type":"WebPage","@id":"https:\/\/pans.krosno.pl\/pracownicy\/liliana-mierzwinska\/liliana-mierzwinska-najwazniejsze-publikacje\/","url":"https:\/\/pans.krosno.pl\/pracownicy\/liliana-mierzwinska\/liliana-mierzwinska-najwazniejsze-publikacje\/","name":"dr Liliana Mierzwi\u0144ska - Najwa\u017cniejsze publikacje - Pracownicy PANS w Kro\u015bnie","isPartOf":{"@id":"https:\/\/pans.krosno.pl\/pracownicy\/#website"},"datePublished":"2020-04-06T12:00:16+00:00","dateModified":"2025-05-16T06:30:31+00:00","breadcrumb":{"@id":"https:\/\/pans.krosno.pl\/pracownicy\/liliana-mierzwinska\/liliana-mierzwinska-najwazniejsze-publikacje\/#breadcrumb"},"inLanguage":"pl-PL","potentialAction":[{"@type":"ReadAction","target":["https:\/\/pans.krosno.pl\/pracownicy\/liliana-mierzwinska\/liliana-mierzwinska-najwazniejsze-publikacje\/"]}]},{"@type":"BreadcrumbList","@id":"https:\/\/pans.krosno.pl\/pracownicy\/liliana-mierzwinska\/liliana-mierzwinska-najwazniejsze-publikacje\/#breadcrumb","itemListElement":[{"@type":"ListItem","position":1,"name":"Strona g\u0142\u00f3wna","item":"https:\/\/pans.krosno.pl\/pracownicy\/"},{"@type":"ListItem","position":2,"name":"dr Liliana Mierzwi\u0144ska","item":"https:\/\/pans.krosno.pl\/pracownicy\/liliana-mierzwinska\/"},{"@type":"ListItem","position":3,"name":"dr Liliana Mierzwi\u0144ska &#8211; Najwa\u017cniejsze publikacje"}]},{"@type":"WebSite","@id":"https:\/\/pans.krosno.pl\/pracownicy\/#website","url":"https:\/\/pans.krosno.pl\/pracownicy\/","name":"Pracownicy PANS w Kro\u015bnie","description":"Pracownicy - Pa\u0144stwowa Akademia Nauk Stosowanych","publisher":{"@id":"https:\/\/pans.krosno.pl\/pracownicy\/#organization"},"potentialAction":[{"@type":"SearchAction","target":{"@type":"EntryPoint","urlTemplate":"https:\/\/pans.krosno.pl\/pracownicy\/?s={search_term_string}"},"query-input":{"@type":"PropertyValueSpecification","valueRequired":true,"valueName":"search_term_string"}}],"inLanguage":"pl-PL"},{"@type":"Organization","@id":"https:\/\/pans.krosno.pl\/pracownicy\/#organization","name":"Pracownicy PANS w Kro\u015bnie","url":"https:\/\/pans.krosno.pl\/pracownicy\/","logo":{"@type":"ImageObject","inLanguage":"pl-PL","@id":"https:\/\/pans.krosno.pl\/pracownicy\/#\/schema\/logo\/image\/","url":"https:\/\/pans.krosno.pl\/pracownicy\/wp-content\/uploads\/sites\/41\/2023\/01\/Logo-PANS-2022-pelne.png","contentUrl":"https:\/\/pans.krosno.pl\/pracownicy\/wp-content\/uploads\/sites\/41\/2023\/01\/Logo-PANS-2022-pelne.png","width":3096,"height":696,"caption":"Pracownicy PANS w Kro\u015bnie"},"image":{"@id":"https:\/\/pans.krosno.pl\/pracownicy\/#\/schema\/logo\/image\/"}}]}},"_links":{"self":[{"href":"https:\/\/pans.krosno.pl\/pracownicy\/wp-json\/wp\/v2\/pages\/1823","targetHints":{"allow":["GET"]}}],"collection":[{"href":"https:\/\/pans.krosno.pl\/pracownicy\/wp-json\/wp\/v2\/pages"}],"about":[{"href":"https:\/\/pans.krosno.pl\/pracownicy\/wp-json\/wp\/v2\/types\/page"}],"author":[{"embeddable":true,"href":"https:\/\/pans.krosno.pl\/pracownicy\/wp-json\/wp\/v2\/users\/36"}],"replies":[{"embeddable":true,"href":"https:\/\/pans.krosno.pl\/pracownicy\/wp-json\/wp\/v2\/comments?post=1823"}],"version-history":[{"count":2,"href":"https:\/\/pans.krosno.pl\/pracownicy\/wp-json\/wp\/v2\/pages\/1823\/revisions"}],"predecessor-version":[{"id":7032,"href":"https:\/\/pans.krosno.pl\/pracownicy\/wp-json\/wp\/v2\/pages\/1823\/revisions\/7032"}],"up":[{"embeddable":true,"href":"https:\/\/pans.krosno.pl\/pracownicy\/wp-json\/wp\/v2\/pages\/1809"}],"wp:attachment":[{"href":"https:\/\/pans.krosno.pl\/pracownicy\/wp-json\/wp\/v2\/media?parent=1823"}],"curies":[{"name":"wp","href":"https:\/\/api.w.org\/{rel}","templated":true}]}}