{"id":1804,"date":"2020-04-06T13:44:06","date_gmt":"2020-04-06T11:44:06","guid":{"rendered":"https:\/\/pans.krosno.pl\/pracownicy\/?page_id=1804"},"modified":"2025-05-15T12:29:29","modified_gmt":"2025-05-15T10:29:29","slug":"kazimierz-krupa-najwazniejsze-publikacje","status":"publish","type":"page","link":"https:\/\/pans.krosno.pl\/pracownicy\/kazimierz-krupa\/kazimierz-krupa-najwazniejsze-publikacje\/","title":{"rendered":"dr hab. Kazimierz Krupa, prof. PANS &#8211; Najwa\u017cniejsze publikacje"},"content":{"rendered":"<hr>\n<p style=\"text-align: center\"><strong>Monografie<\/strong><\/p>\n<p style=\"text-align: left\"><strong>Najwa\u017cniejsze publikacje z podzia\u0142em na monografie i artyku\u0142y<\/strong><\/p>\n<ol>\n<li>Kapita\u0142 intelektualny jako akcelerator rozwoju spo\u0142ecze\u0144stwa informacyjnego. Autorzy: K.W. KRUPA, A. MAZURKIEWICZ, P. PUD\u0141O. UR Rzesz\u00f3w, 2012, 561 s., ISBN 978-83-7338-830-7.<\/li>\n<li>Wybrane Akceleratory Kapita\u0142u Intelektualnego. UR Rzesz\u00f3w, 2012, 170 s. ISBN 978-83-7338-810-9.<\/li>\n<li>Knowledge Economy and New Economy Ideas of Digital Era. Copyright \u00a9 2011 by European Scientific Institute and University of Luck. BRNO &#8211; LUCK \u2013 WARSAW 2011, ISBN 978-83-931651-0-0, 357 p.<\/li>\n<li>Ekonomiczne narz\u0119dzia gospodarki opartej na technologii cyfrowej. UR Rzesz\u00f3w, 2009, I tom 322 s, II tom 432 s. ISBN 978-83-7338-461-3.<\/li>\n<li>TBESM nowej ekonomii. BUI \u201eMIKRO-SERVE\u201d. WARSZAWA 2009, ISBN 978-83-61798-08-8, 200 s.<\/li>\n<li>Innowacyjno\u015b\u0107 i innowacje MSP (teoria i praktyka). Autorzy: A. SZYSZKA, K. W. KRUPA. RZESZ\u00d3W 2009, 266 s. ISBN 978-83-61798-04-0<\/li>\n<li>Ekon\u00f3mia novej ekonomiky v procese globaliz\u00e1cie. Autori: V. Bob\u00e1kov\u00e1, J. \u010eur\u010dov\u00e1, E. Farka\u0161ov\u00e1, K. W\u0142. Krupa. VYDAVATE\u0139STVO P U. FAKULTA MANA\u017dMENTU, BRATISLAVA 2008, ISBN 83-8078-0637-01-0, 235 p.<\/li>\n<li>Aspekty nowej ekonomii spo\u0142ecze\u0144stwa globalnego (koncepcje, systemy, metody). CEZHRANI\u010cN\u00dd V\u00ddSKUMN\u00dd \u00daSTAV. ECON\u00d3MICK\u00c1 FAKULTA. \u017dILINA, S\u0142owacja, 2008, ISBN 83-899-99782-717, tom I i II, 467 i 475 s.<\/li>\n<li>Dilemmas New Economy. Methodology, Methods, Tools, Case. TIB, EKON\u00d3MICKA FAKULTA, Ko\u015dice, 2007. ISBN 978-83-923797-2-1, 529 s.<\/li>\n<li>Teoria zmian organizacyjnych przedsi\u0119biorstw ery informacji (wybrane aspekty i narz\u0119dzia). UR Rzesz\u00f3w, 2006, ISBN 978-83-7338-189-6, 356 s.<\/li>\n<li>\u041c\u0435\u0442\u043e\u0434\u0438 \u043e\u0440\u0433\u0430\u043d\u0456\u0437\u0430\u0446\u0456\u0439\u043d\u0438\u0445 \u0437\u043c\u0456\u043d \u0443 \u0440\u0435\u0433\u0443\u043b\u044e\u0432\u0430\u043d\u043di \u0435\u043a\u043e\u043d\u043e\u043c\u0456\u0447\u043d\u0438\u0445 \u043f\u0440\u043e\u0446\u0435\u0441\u0456\u0432. University Lviv Lviv, 2005, ISBN 966-613-367-9, 339 s.<\/li>\n<li>Ewolucja procesu zmian organizacyjnych (wybrane pogl\u0105dy i koncepcje). \u0141\u00f3d\u017a, 2002, 101 s.<\/li>\n<\/ol>\n<p style=\"text-align: center\"><strong>Artyku\u0142y<\/strong><\/p>\n<p style=\"text-align: left\"><strong>Publikacja w czasopi\u015bmie wyr\u00f3\u017cnionym w Journal Citation Reports (JCR) \u2013 lista filadelfijska<\/strong><\/p>\n<ol>\n<li>CHOSEN ASPECTS OF ERAS OF NEW ECONOMY AND HUMAN CAPITAL MANAGEMENT SOLUTIONS. Actual Problems of Economics. Kiev 2012. No 6 (133) pp. 374 \u2013 380. ISSN 1993-6788.<\/li>\n<li>\u041f\u0440\u0430\u043a\u0442\u0438\u0447\u043d\u0438\u0439 \u0434\u043e\u0441\u0432\u0456\u0434 \u0432\u0438\u043a\u043e\u0440\u0438\u0441\u0442\u0430\u043d\u043d\u044f \u0432\u0456\u0440\u0442\u0443\u0430\u043b\u044c\u043d\u0438\u0445 \u043e\u0440\u0433\u0430\u043d\u0456\u0437\u0430\u0446\u0456\u0439. Actual Problems of Economics. Kiev 2012. No 1 (127) pp. 389 \u2013 395. ISSN 1993-6788.<\/li>\n<li>\u0420\u0415\u0406\u041d\u0416\u0418\u041d\u0406\u0420\u0418\u041d\u0413 \u2013 \u0413\u0406\u0414\u041d\u0410 \u0412\u0406\u0414\u041f\u041e\u0412\u0406\u0414\u042c \u041d\u0410 \u0412\u0418\u041a\u041b\u0418\u041a\u0418 \u041e\u0422\u041e\u0427\u0415\u041d\u041d\u042f. Actual Problems of Economics. Kiev 2011. No 10 (124), pp. 443-446. ISSN 1993-6788.<\/li>\n<li>MOTIVATION FOR DEVELOPING THE KNOWLEDGE ASSESSMENT METHODOLOGY. Actual Problems of Economics. Kiev 2011. No 5 (119), pp. 331-340, ISSN 1993-6788.<\/li>\n<li>NEW DILEMMA &#8211; NEW ECONOMY (knowledge exchange programs and new definition Economic Value Added). Actual Problems of Economics. Kiev 2011. No 6 (120), pp. 329-334, ISSN 1993-6788.<\/li>\n<li>BUSINESS PROCESS IN DIGITAL ERA (methodisc&amp;means). Actual Problems of Economics. Kiev 2010. No 11 (113), pp. 286-290, ISSN 1993-6788.<\/li>\n<li>CHAOS THEORY AND MODEL FOR BUSINESS INTELLIGENCE ORGANIZATIONS. Actual Problems of Economics. Kiev 2008. No 12 (90), pp. 267-272, ISSN 1993-6788.<\/li>\n<\/ol>\n<p>and send Thompson Routers<\/p>\n<ol>\n<li>K. W. Krupa, BUSINESS INTELLIGENCE FAIREST PRACTICES (CHOSEN SOLUTION AND EXAMPLES. In: D. Vimetal, P. Suchanek (ed.) ICT for Competitiveness. Silesian University in Opava, ISBN 978 80 7248 731 8, pp. 168-175, 2012.<\/li>\n<li>K.W. Krupa, P. Skotnyy, CHOSEN INSTRUMENTS OF NEW ECONOMY. In: D. Vimetal, P. Suchanek (ed.) ICT for Competitiveness. Silesian University in Opava, ISBN 978 80 7248 731 8, pp. 227-236, 2012.<\/li>\n<\/ol>\n<hr>\n<p>&nbsp;<\/p>\n\n\n<p><\/p>\n","protected":false},"excerpt":{"rendered":"<p>Monografie Najwa\u017cniejsze publikacje z podzia\u0142em na monografie i artyku\u0142y Kapita\u0142 intelektualny jako akcelerator rozwoju spo\u0142ecze\u0144stwa informacyjnego. Autorzy: K.W. KRUPA, A. MAZURKIEWICZ, P. PUD\u0141O. UR Rzesz\u00f3w, 2012, 561 s., ISBN 978-83-7338-830-7. Wybrane Akceleratory Kapita\u0142u Intelektualnego. UR Rzesz\u00f3w, 2012, 170 s. ISBN 978-83-7338-810-9. Knowledge Economy and New Economy Ideas of Digital Era. [\u2026] <\/p>\n<div class=\"clear\"><\/div>\n<p><a class=\"more_link clearfix\" href=\"https:\/\/pans.krosno.pl\/pracownicy\/kazimierz-krupa\/kazimierz-krupa-najwazniejsze-publikacje\/\" rel=\"nofollow\">Read More<\/a><\/p>\n","protected":false},"author":36,"featured_media":0,"parent":1794,"menu_order":0,"comment_status":"closed","ping_status":"closed","template":"","meta":{"ngg_post_thumbnail":0,"footnotes":""},"class_list":["post-1804","page","type-page","status-publish","hentry"],"yoast_head":"<!-- This site is optimized with the Yoast SEO Premium plugin v27.3 (Yoast SEO v27.3) - https:\/\/yoast.com\/product\/yoast-seo-premium-wordpress\/ -->\n<title>dr hab. Kazimierz Krupa, prof. PANS - Najwa\u017cniejsze publikacje - Pracownicy PANS w Kro\u015bnie<\/title>\n<meta name=\"robots\" content=\"index, follow, max-snippet:-1, max-image-preview:large, max-video-preview:-1\" \/>\n<link rel=\"canonical\" href=\"https:\/\/pans.krosno.pl\/pracownicy\/kazimierz-krupa\/kazimierz-krupa-najwazniejsze-publikacje\/\" \/>\n<meta property=\"og:locale\" content=\"pl_PL\" \/>\n<meta property=\"og:type\" content=\"article\" \/>\n<meta property=\"og:title\" content=\"dr hab. Kazimierz Krupa, prof. PANS - Najwa\u017cniejsze publikacje\" \/>\n<meta property=\"og:description\" content=\"Monografie Najwa\u017cniejsze publikacje z podzia\u0142em na monografie i artyku\u0142y Kapita\u0142 intelektualny jako akcelerator rozwoju spo\u0142ecze\u0144stwa informacyjnego. Autorzy: K.W. KRUPA, A. MAZURKIEWICZ, P. PUD\u0141O. UR Rzesz\u00f3w, 2012, 561 s., ISBN 978-83-7338-830-7. Wybrane Akceleratory Kapita\u0142u Intelektualnego. UR Rzesz\u00f3w, 2012, 170 s. ISBN 978-83-7338-810-9. Knowledge Economy and New Economy Ideas of Digital Era. [\u2026] Read More\" \/>\n<meta property=\"og:url\" content=\"https:\/\/pans.krosno.pl\/pracownicy\/kazimierz-krupa\/kazimierz-krupa-najwazniejsze-publikacje\/\" \/>\n<meta property=\"og:site_name\" content=\"Pracownicy PANS w Kro\u015bnie\" \/>\n<meta property=\"article:modified_time\" content=\"2025-05-15T10:29:29+00:00\" \/>\n<meta name=\"twitter:card\" content=\"summary_large_image\" \/>\n<meta name=\"twitter:label1\" content=\"Szacowany czas czytania\" \/>\n\t<meta name=\"twitter:data1\" content=\"3 minuty\" \/>\n<script type=\"application\/ld+json\" class=\"yoast-schema-graph\">{\"@context\":\"https:\\\/\\\/schema.org\",\"@graph\":[{\"@type\":\"WebPage\",\"@id\":\"https:\\\/\\\/pans.krosno.pl\\\/pracownicy\\\/kazimierz-krupa\\\/kazimierz-krupa-najwazniejsze-publikacje\\\/\",\"url\":\"https:\\\/\\\/pans.krosno.pl\\\/pracownicy\\\/kazimierz-krupa\\\/kazimierz-krupa-najwazniejsze-publikacje\\\/\",\"name\":\"dr hab. Kazimierz Krupa, prof. PANS - Najwa\u017cniejsze publikacje - Pracownicy PANS w Kro\u015bnie\",\"isPartOf\":{\"@id\":\"https:\\\/\\\/pans.krosno.pl\\\/pracownicy\\\/#website\"},\"datePublished\":\"2020-04-06T11:44:06+00:00\",\"dateModified\":\"2025-05-15T10:29:29+00:00\",\"breadcrumb\":{\"@id\":\"https:\\\/\\\/pans.krosno.pl\\\/pracownicy\\\/kazimierz-krupa\\\/kazimierz-krupa-najwazniejsze-publikacje\\\/#breadcrumb\"},\"inLanguage\":\"pl-PL\",\"potentialAction\":[{\"@type\":\"ReadAction\",\"target\":[\"https:\\\/\\\/pans.krosno.pl\\\/pracownicy\\\/kazimierz-krupa\\\/kazimierz-krupa-najwazniejsze-publikacje\\\/\"]}]},{\"@type\":\"BreadcrumbList\",\"@id\":\"https:\\\/\\\/pans.krosno.pl\\\/pracownicy\\\/kazimierz-krupa\\\/kazimierz-krupa-najwazniejsze-publikacje\\\/#breadcrumb\",\"itemListElement\":[{\"@type\":\"ListItem\",\"position\":1,\"name\":\"Strona g\u0142\u00f3wna\",\"item\":\"https:\\\/\\\/pans.krosno.pl\\\/pracownicy\\\/\"},{\"@type\":\"ListItem\",\"position\":2,\"name\":\"dr hab. Kazimierz Krupa, prof. PANS\",\"item\":\"https:\\\/\\\/pans.krosno.pl\\\/pracownicy\\\/kazimierz-krupa\\\/\"},{\"@type\":\"ListItem\",\"position\":3,\"name\":\"dr hab. Kazimierz Krupa, prof. PANS &#8211; Najwa\u017cniejsze publikacje\"}]},{\"@type\":\"WebSite\",\"@id\":\"https:\\\/\\\/pans.krosno.pl\\\/pracownicy\\\/#website\",\"url\":\"https:\\\/\\\/pans.krosno.pl\\\/pracownicy\\\/\",\"name\":\"Pracownicy PANS w Kro\u015bnie\",\"description\":\"Pracownicy - Pa\u0144stwowa Akademia Nauk Stosowanych\",\"publisher\":{\"@id\":\"https:\\\/\\\/pans.krosno.pl\\\/pracownicy\\\/#organization\"},\"potentialAction\":[{\"@type\":\"SearchAction\",\"target\":{\"@type\":\"EntryPoint\",\"urlTemplate\":\"https:\\\/\\\/pans.krosno.pl\\\/pracownicy\\\/?s={search_term_string}\"},\"query-input\":{\"@type\":\"PropertyValueSpecification\",\"valueRequired\":true,\"valueName\":\"search_term_string\"}}],\"inLanguage\":\"pl-PL\"},{\"@type\":\"Organization\",\"@id\":\"https:\\\/\\\/pans.krosno.pl\\\/pracownicy\\\/#organization\",\"name\":\"Pracownicy PANS w Kro\u015bnie\",\"url\":\"https:\\\/\\\/pans.krosno.pl\\\/pracownicy\\\/\",\"logo\":{\"@type\":\"ImageObject\",\"inLanguage\":\"pl-PL\",\"@id\":\"https:\\\/\\\/pans.krosno.pl\\\/pracownicy\\\/#\\\/schema\\\/logo\\\/image\\\/\",\"url\":\"https:\\\/\\\/pans.krosno.pl\\\/pracownicy\\\/wp-content\\\/uploads\\\/sites\\\/41\\\/2023\\\/01\\\/Logo-PANS-2022-pelne.png\",\"contentUrl\":\"https:\\\/\\\/pans.krosno.pl\\\/pracownicy\\\/wp-content\\\/uploads\\\/sites\\\/41\\\/2023\\\/01\\\/Logo-PANS-2022-pelne.png\",\"width\":3096,\"height\":696,\"caption\":\"Pracownicy PANS w Kro\u015bnie\"},\"image\":{\"@id\":\"https:\\\/\\\/pans.krosno.pl\\\/pracownicy\\\/#\\\/schema\\\/logo\\\/image\\\/\"}}]}<\/script>\n<!-- \/ Yoast SEO Premium plugin. -->","yoast_head_json":{"title":"dr hab. Kazimierz Krupa, prof. PANS - Najwa\u017cniejsze publikacje - Pracownicy PANS w Kro\u015bnie","robots":{"index":"index","follow":"follow","max-snippet":"max-snippet:-1","max-image-preview":"max-image-preview:large","max-video-preview":"max-video-preview:-1"},"canonical":"https:\/\/pans.krosno.pl\/pracownicy\/kazimierz-krupa\/kazimierz-krupa-najwazniejsze-publikacje\/","og_locale":"pl_PL","og_type":"article","og_title":"dr hab. Kazimierz Krupa, prof. PANS - Najwa\u017cniejsze publikacje","og_description":"Monografie Najwa\u017cniejsze publikacje z podzia\u0142em na monografie i artyku\u0142y Kapita\u0142 intelektualny jako akcelerator rozwoju spo\u0142ecze\u0144stwa informacyjnego. Autorzy: K.W. KRUPA, A. MAZURKIEWICZ, P. PUD\u0141O. UR Rzesz\u00f3w, 2012, 561 s., ISBN 978-83-7338-830-7. Wybrane Akceleratory Kapita\u0142u Intelektualnego. UR Rzesz\u00f3w, 2012, 170 s. ISBN 978-83-7338-810-9. Knowledge Economy and New Economy Ideas of Digital Era. [\u2026] Read More","og_url":"https:\/\/pans.krosno.pl\/pracownicy\/kazimierz-krupa\/kazimierz-krupa-najwazniejsze-publikacje\/","og_site_name":"Pracownicy PANS w Kro\u015bnie","article_modified_time":"2025-05-15T10:29:29+00:00","twitter_card":"summary_large_image","twitter_misc":{"Szacowany czas czytania":"3 minuty"},"schema":{"@context":"https:\/\/schema.org","@graph":[{"@type":"WebPage","@id":"https:\/\/pans.krosno.pl\/pracownicy\/kazimierz-krupa\/kazimierz-krupa-najwazniejsze-publikacje\/","url":"https:\/\/pans.krosno.pl\/pracownicy\/kazimierz-krupa\/kazimierz-krupa-najwazniejsze-publikacje\/","name":"dr hab. Kazimierz Krupa, prof. PANS - Najwa\u017cniejsze publikacje - Pracownicy PANS w Kro\u015bnie","isPartOf":{"@id":"https:\/\/pans.krosno.pl\/pracownicy\/#website"},"datePublished":"2020-04-06T11:44:06+00:00","dateModified":"2025-05-15T10:29:29+00:00","breadcrumb":{"@id":"https:\/\/pans.krosno.pl\/pracownicy\/kazimierz-krupa\/kazimierz-krupa-najwazniejsze-publikacje\/#breadcrumb"},"inLanguage":"pl-PL","potentialAction":[{"@type":"ReadAction","target":["https:\/\/pans.krosno.pl\/pracownicy\/kazimierz-krupa\/kazimierz-krupa-najwazniejsze-publikacje\/"]}]},{"@type":"BreadcrumbList","@id":"https:\/\/pans.krosno.pl\/pracownicy\/kazimierz-krupa\/kazimierz-krupa-najwazniejsze-publikacje\/#breadcrumb","itemListElement":[{"@type":"ListItem","position":1,"name":"Strona g\u0142\u00f3wna","item":"https:\/\/pans.krosno.pl\/pracownicy\/"},{"@type":"ListItem","position":2,"name":"dr hab. Kazimierz Krupa, prof. PANS","item":"https:\/\/pans.krosno.pl\/pracownicy\/kazimierz-krupa\/"},{"@type":"ListItem","position":3,"name":"dr hab. Kazimierz Krupa, prof. PANS &#8211; Najwa\u017cniejsze publikacje"}]},{"@type":"WebSite","@id":"https:\/\/pans.krosno.pl\/pracownicy\/#website","url":"https:\/\/pans.krosno.pl\/pracownicy\/","name":"Pracownicy PANS w Kro\u015bnie","description":"Pracownicy - Pa\u0144stwowa Akademia Nauk Stosowanych","publisher":{"@id":"https:\/\/pans.krosno.pl\/pracownicy\/#organization"},"potentialAction":[{"@type":"SearchAction","target":{"@type":"EntryPoint","urlTemplate":"https:\/\/pans.krosno.pl\/pracownicy\/?s={search_term_string}"},"query-input":{"@type":"PropertyValueSpecification","valueRequired":true,"valueName":"search_term_string"}}],"inLanguage":"pl-PL"},{"@type":"Organization","@id":"https:\/\/pans.krosno.pl\/pracownicy\/#organization","name":"Pracownicy PANS w Kro\u015bnie","url":"https:\/\/pans.krosno.pl\/pracownicy\/","logo":{"@type":"ImageObject","inLanguage":"pl-PL","@id":"https:\/\/pans.krosno.pl\/pracownicy\/#\/schema\/logo\/image\/","url":"https:\/\/pans.krosno.pl\/pracownicy\/wp-content\/uploads\/sites\/41\/2023\/01\/Logo-PANS-2022-pelne.png","contentUrl":"https:\/\/pans.krosno.pl\/pracownicy\/wp-content\/uploads\/sites\/41\/2023\/01\/Logo-PANS-2022-pelne.png","width":3096,"height":696,"caption":"Pracownicy PANS w Kro\u015bnie"},"image":{"@id":"https:\/\/pans.krosno.pl\/pracownicy\/#\/schema\/logo\/image\/"}}]}},"_links":{"self":[{"href":"https:\/\/pans.krosno.pl\/pracownicy\/wp-json\/wp\/v2\/pages\/1804","targetHints":{"allow":["GET"]}}],"collection":[{"href":"https:\/\/pans.krosno.pl\/pracownicy\/wp-json\/wp\/v2\/pages"}],"about":[{"href":"https:\/\/pans.krosno.pl\/pracownicy\/wp-json\/wp\/v2\/types\/page"}],"author":[{"embeddable":true,"href":"https:\/\/pans.krosno.pl\/pracownicy\/wp-json\/wp\/v2\/users\/36"}],"replies":[{"embeddable":true,"href":"https:\/\/pans.krosno.pl\/pracownicy\/wp-json\/wp\/v2\/comments?post=1804"}],"version-history":[{"count":12,"href":"https:\/\/pans.krosno.pl\/pracownicy\/wp-json\/wp\/v2\/pages\/1804\/revisions"}],"predecessor-version":[{"id":9412,"href":"https:\/\/pans.krosno.pl\/pracownicy\/wp-json\/wp\/v2\/pages\/1804\/revisions\/9412"}],"up":[{"embeddable":true,"href":"https:\/\/pans.krosno.pl\/pracownicy\/wp-json\/wp\/v2\/pages\/1794"}],"wp:attachment":[{"href":"https:\/\/pans.krosno.pl\/pracownicy\/wp-json\/wp\/v2\/media?parent=1804"}],"curies":[{"name":"wp","href":"https:\/\/api.w.org\/{rel}","templated":true}]}}