{"id":1739,"date":"2020-04-06T09:21:42","date_gmt":"2020-04-06T07:21:42","guid":{"rendered":"https:\/\/pans.krosno.pl\/pracownicy\/?page_id=1739"},"modified":"2025-05-16T12:57:51","modified_gmt":"2025-05-16T10:57:51","slug":"dorota-rygiel-najwazniejsze-publikacje","status":"publish","type":"page","link":"https:\/\/pans.krosno.pl\/pracownicy\/dorota-rygiel\/dorota-rygiel-najwazniejsze-publikacje\/","title":{"rendered":"dr Dorota Rygiel &#8211; Najwa\u017cniejsze publikacje"},"content":{"rendered":"<hr>\n<p><strong>Autorka wielu artyku\u0142\u00f3w publikowanych w krajowych i zagranicznych czasopismach naukowych, m.in.:<\/strong><\/p>\n<ul>\n<li>\u201dShakespeare and the Bible\u201d [w:] Papers on Language, Culture and Literature 2, <em>Prace Naukowo-Dydaktyczne Pa\u0144stwowej Wy\u017cszej Szko\u0142y Zawodowej w Kro\u015bnie<\/em>, Vol. 19 (2005), red. A.Witalisz, Krosno, s.29-36.<\/li>\n<li>\u201dI made my home in Britain\u2019: post-war South Asian migrations to Britain\u201d [w:] <em>Current Issues in English Studies<\/em>, red. M.Misztal, M.Trawi\u0144ski, Wydawnictwo Naukowe Uniwersytetu Pedagogicznego, Krak\u00f3w, 2009, s.289-296.<\/li>\n<li>\u201dThe representation of Pakistanis in Hanif Kureishi\u2019s The Black Album and My Beautiful Laundrette\u201d [w:] <em>Cultural Intersections: Dialogue and Exchange in Language Studies<\/em>, red. Ch.Brighton, J.Lala, PWSZ Tarn\u00f3w, Tarn\u00f3w, 2009, s.124-131.<\/li>\n<li>\u201cAll limitations are prisons\u2019: the myth of liberation from colonial ideology in Hanif Kureishi\u2019s The Black Album\u201d [w:] <em>Studies in English Philology<\/em>, Vol. 1(3), red. A.Wicher, Akademia Humanistyczno \u2013 Ekonomiczna w \u0141odzi, \u0141\u00f3d\u017a, 2010, s.103-112.<\/li>\n<li>\u201dWhen the West becomes the Home: the portrayal of Bangladeshi immigrants in Monica Ali\u2019s Brick Lane\u201d [w:] <em>Migration, Narration, Communication. Cultural Exchanges in a Globalised Word<\/em>, Vol.1, red. A.Witalisz, Peter Lang Verlag, Frankfurt, 2011, s.61-70.<\/li>\n<li>\u201dIf Britain didn\u2019t have London, it would be a dump\u2019 \u2013 Representations of London in Hanif Kureishi\u2019s The Buddha of Suburbia\u201d [w:] <em>Prace Naukowo Dydaktyczne Pa\u0144stwowej Wy\u017cszej Szko\u0142y Zawodowej im. Stanis\u0142awa Pigonia w Kro\u015bnie,<\/em> Vol. 61 (2013), red. A.Witalisz, Krosno, s.93-100.<\/li>\n<li>&#8222;The stranger in the society: Exploring student attitude to migrants\u201d [w:] <em>Styles of Communication<\/em> Vol.9 (2\/2017). http:\/\/stylesofcomm.fjsc.unibuc.ro\/, s.148-162.<\/li>\n<li>\u201cBritish Asian or Asian in Britain? Identity formation of South Asian immigrants in Britain\u201d [w:] <em>Prace Naukowo Dydaktyczne Pa\u0144stwowej Wy\u017cszej Szko\u0142y Zawodowej im. Stanis\u0142awa Pigonia w Kro\u015bnie<\/em>, Vol.71 (2017), red. J.Ziobro-Strz\u0119pek, W.Ch\u0142opicki, s.249-261.<\/li>\n<li>\u201cNeither Eastern nor Western: cultural hybrids in modern British-Asian fiction\u201d [w:] <em>METHIS. Studia Humaniora Estonica<\/em> 21\/22 (2018), red. Tiina Ann Kirss, 2019, s.50-63.<\/li>\n<li>Home in England? Identity shift and cultural dilemmas in&nbsp;<em>Anita and Me<\/em> by Meera Syal\u201d, [w:] <em>Across Borders. Cultural and Linguistic Shifts in the 21st Century<\/em>, red. E. Rusek and W. Witalisz. Peter Lang, 2020, s.&nbsp; 89-99.<\/li>\n<li>&#8222;The role of food and foodways in Monica Ali\u2019s&nbsp;<em>Brick Lane<\/em>\u201d, <em>Tertium Linguistic Journal&nbsp;<\/em>5.1 (2020), s. 116-131.<\/li>\n<li>(we wsp\u00f3\u0142autorstwie) &#8222;Mi\u0142o\u015b\u0107 w uj\u0119ciu Woody\u2019ego Allena\u201d, <em>O mi\u0142o\u015bci s\u0142\u00f3w kilka \u2013 wybrane aspekty mi\u0142o\u015bci w literaturze i sztuce<\/em>, red.&nbsp; M. \u015aliwa &amp; I. Mo\u0142doch-Mendo\u0144,&nbsp; wyd. Tygiel, Lublin, 2020, s. 7-18<\/li>\n<\/ul>\n<p>Wsp\u00f3\u0142redaktor publikacji <em>Culture, Language and Literature in European and World Border Regions, Prace Naukowo-Badawcze PWSZ w Kro\u015bnie<\/em> (Vol. 27), 2007.<\/p>\n<hr>\n<p>&nbsp;<\/p>\n","protected":false},"excerpt":{"rendered":"<p>Autorka wielu artyku\u0142\u00f3w publikowanych w krajowych i zagranicznych czasopismach naukowych, m.in.: \u201dShakespeare and the Bible\u201d [w:] Papers on Language, Culture and Literature 2, Prace Naukowo-Dydaktyczne Pa\u0144stwowej Wy\u017cszej Szko\u0142y Zawodowej w Kro\u015bnie, Vol. 19 (2005), red. A.Witalisz, Krosno, s.29-36. \u201dI made my home in Britain\u2019: post-war South Asian migrations to Britain\u201d [\u2026] <\/p>\n<div class=\"clear\"><\/div>\n<p><a class=\"more_link clearfix\" href=\"https:\/\/pans.krosno.pl\/pracownicy\/dorota-rygiel\/dorota-rygiel-najwazniejsze-publikacje\/\" rel=\"nofollow\">Read More<\/a><\/p>\n","protected":false},"author":34,"featured_media":0,"parent":1728,"menu_order":0,"comment_status":"closed","ping_status":"closed","template":"","meta":{"ngg_post_thumbnail":0,"footnotes":""},"class_list":["post-1739","page","type-page","status-publish","hentry"],"yoast_head":"<!-- This site is optimized with the Yoast SEO Premium plugin v27.3 (Yoast SEO v27.3) - https:\/\/yoast.com\/product\/yoast-seo-premium-wordpress\/ -->\n<title>dr Dorota Rygiel - Najwa\u017cniejsze publikacje - Pracownicy PANS w Kro\u015bnie<\/title>\n<meta name=\"robots\" content=\"index, follow, max-snippet:-1, max-image-preview:large, max-video-preview:-1\" \/>\n<link rel=\"canonical\" href=\"https:\/\/pans.krosno.pl\/pracownicy\/dorota-rygiel\/dorota-rygiel-najwazniejsze-publikacje\/\" \/>\n<meta property=\"og:locale\" content=\"pl_PL\" \/>\n<meta property=\"og:type\" content=\"article\" \/>\n<meta property=\"og:title\" content=\"dr Dorota Rygiel - Najwa\u017cniejsze publikacje\" \/>\n<meta property=\"og:description\" content=\"Autorka wielu artyku\u0142\u00f3w publikowanych w krajowych i zagranicznych czasopismach naukowych, m.in.: \u201dShakespeare and the Bible\u201d [w:] Papers on Language, Culture and Literature 2, Prace Naukowo-Dydaktyczne Pa\u0144stwowej Wy\u017cszej Szko\u0142y Zawodowej w Kro\u015bnie, Vol. 19 (2005), red. A.Witalisz, Krosno, s.29-36. \u201dI made my home in Britain\u2019: post-war South Asian migrations to Britain\u201d [\u2026] Read More\" \/>\n<meta property=\"og:url\" content=\"https:\/\/pans.krosno.pl\/pracownicy\/dorota-rygiel\/dorota-rygiel-najwazniejsze-publikacje\/\" \/>\n<meta property=\"og:site_name\" content=\"Pracownicy PANS w Kro\u015bnie\" \/>\n<meta property=\"article:modified_time\" content=\"2025-05-16T10:57:51+00:00\" \/>\n<meta name=\"twitter:card\" content=\"summary_large_image\" \/>\n<meta name=\"twitter:label1\" content=\"Szacowany czas czytania\" \/>\n\t<meta name=\"twitter:data1\" content=\"3 minuty\" \/>\n<script type=\"application\/ld+json\" class=\"yoast-schema-graph\">{\"@context\":\"https:\\\/\\\/schema.org\",\"@graph\":[{\"@type\":\"WebPage\",\"@id\":\"https:\\\/\\\/pans.krosno.pl\\\/pracownicy\\\/dorota-rygiel\\\/dorota-rygiel-najwazniejsze-publikacje\\\/\",\"url\":\"https:\\\/\\\/pans.krosno.pl\\\/pracownicy\\\/dorota-rygiel\\\/dorota-rygiel-najwazniejsze-publikacje\\\/\",\"name\":\"dr Dorota Rygiel - Najwa\u017cniejsze publikacje - Pracownicy PANS w Kro\u015bnie\",\"isPartOf\":{\"@id\":\"https:\\\/\\\/pans.krosno.pl\\\/pracownicy\\\/#website\"},\"datePublished\":\"2020-04-06T07:21:42+00:00\",\"dateModified\":\"2025-05-16T10:57:51+00:00\",\"breadcrumb\":{\"@id\":\"https:\\\/\\\/pans.krosno.pl\\\/pracownicy\\\/dorota-rygiel\\\/dorota-rygiel-najwazniejsze-publikacje\\\/#breadcrumb\"},\"inLanguage\":\"pl-PL\",\"potentialAction\":[{\"@type\":\"ReadAction\",\"target\":[\"https:\\\/\\\/pans.krosno.pl\\\/pracownicy\\\/dorota-rygiel\\\/dorota-rygiel-najwazniejsze-publikacje\\\/\"]}]},{\"@type\":\"BreadcrumbList\",\"@id\":\"https:\\\/\\\/pans.krosno.pl\\\/pracownicy\\\/dorota-rygiel\\\/dorota-rygiel-najwazniejsze-publikacje\\\/#breadcrumb\",\"itemListElement\":[{\"@type\":\"ListItem\",\"position\":1,\"name\":\"Strona g\u0142\u00f3wna\",\"item\":\"https:\\\/\\\/pans.krosno.pl\\\/pracownicy\\\/\"},{\"@type\":\"ListItem\",\"position\":2,\"name\":\"dr Dorota Rygiel\",\"item\":\"https:\\\/\\\/pans.krosno.pl\\\/pracownicy\\\/dorota-rygiel\\\/\"},{\"@type\":\"ListItem\",\"position\":3,\"name\":\"dr Dorota Rygiel &#8211; Najwa\u017cniejsze publikacje\"}]},{\"@type\":\"WebSite\",\"@id\":\"https:\\\/\\\/pans.krosno.pl\\\/pracownicy\\\/#website\",\"url\":\"https:\\\/\\\/pans.krosno.pl\\\/pracownicy\\\/\",\"name\":\"Pracownicy PANS w Kro\u015bnie\",\"description\":\"Pracownicy - Pa\u0144stwowa Akademia Nauk Stosowanych\",\"publisher\":{\"@id\":\"https:\\\/\\\/pans.krosno.pl\\\/pracownicy\\\/#organization\"},\"potentialAction\":[{\"@type\":\"SearchAction\",\"target\":{\"@type\":\"EntryPoint\",\"urlTemplate\":\"https:\\\/\\\/pans.krosno.pl\\\/pracownicy\\\/?s={search_term_string}\"},\"query-input\":{\"@type\":\"PropertyValueSpecification\",\"valueRequired\":true,\"valueName\":\"search_term_string\"}}],\"inLanguage\":\"pl-PL\"},{\"@type\":\"Organization\",\"@id\":\"https:\\\/\\\/pans.krosno.pl\\\/pracownicy\\\/#organization\",\"name\":\"Pracownicy PANS w Kro\u015bnie\",\"url\":\"https:\\\/\\\/pans.krosno.pl\\\/pracownicy\\\/\",\"logo\":{\"@type\":\"ImageObject\",\"inLanguage\":\"pl-PL\",\"@id\":\"https:\\\/\\\/pans.krosno.pl\\\/pracownicy\\\/#\\\/schema\\\/logo\\\/image\\\/\",\"url\":\"https:\\\/\\\/pans.krosno.pl\\\/pracownicy\\\/wp-content\\\/uploads\\\/sites\\\/41\\\/2023\\\/01\\\/Logo-PANS-2022-pelne.png\",\"contentUrl\":\"https:\\\/\\\/pans.krosno.pl\\\/pracownicy\\\/wp-content\\\/uploads\\\/sites\\\/41\\\/2023\\\/01\\\/Logo-PANS-2022-pelne.png\",\"width\":3096,\"height\":696,\"caption\":\"Pracownicy PANS w Kro\u015bnie\"},\"image\":{\"@id\":\"https:\\\/\\\/pans.krosno.pl\\\/pracownicy\\\/#\\\/schema\\\/logo\\\/image\\\/\"}}]}<\/script>\n<!-- \/ Yoast SEO Premium plugin. -->","yoast_head_json":{"title":"dr Dorota Rygiel - Najwa\u017cniejsze publikacje - Pracownicy PANS w Kro\u015bnie","robots":{"index":"index","follow":"follow","max-snippet":"max-snippet:-1","max-image-preview":"max-image-preview:large","max-video-preview":"max-video-preview:-1"},"canonical":"https:\/\/pans.krosno.pl\/pracownicy\/dorota-rygiel\/dorota-rygiel-najwazniejsze-publikacje\/","og_locale":"pl_PL","og_type":"article","og_title":"dr Dorota Rygiel - Najwa\u017cniejsze publikacje","og_description":"Autorka wielu artyku\u0142\u00f3w publikowanych w krajowych i zagranicznych czasopismach naukowych, m.in.: \u201dShakespeare and the Bible\u201d [w:] Papers on Language, Culture and Literature 2, Prace Naukowo-Dydaktyczne Pa\u0144stwowej Wy\u017cszej Szko\u0142y Zawodowej w Kro\u015bnie, Vol. 19 (2005), red. A.Witalisz, Krosno, s.29-36. \u201dI made my home in Britain\u2019: post-war South Asian migrations to Britain\u201d [\u2026] Read More","og_url":"https:\/\/pans.krosno.pl\/pracownicy\/dorota-rygiel\/dorota-rygiel-najwazniejsze-publikacje\/","og_site_name":"Pracownicy PANS w Kro\u015bnie","article_modified_time":"2025-05-16T10:57:51+00:00","twitter_card":"summary_large_image","twitter_misc":{"Szacowany czas czytania":"3 minuty"},"schema":{"@context":"https:\/\/schema.org","@graph":[{"@type":"WebPage","@id":"https:\/\/pans.krosno.pl\/pracownicy\/dorota-rygiel\/dorota-rygiel-najwazniejsze-publikacje\/","url":"https:\/\/pans.krosno.pl\/pracownicy\/dorota-rygiel\/dorota-rygiel-najwazniejsze-publikacje\/","name":"dr Dorota Rygiel - Najwa\u017cniejsze publikacje - Pracownicy PANS w Kro\u015bnie","isPartOf":{"@id":"https:\/\/pans.krosno.pl\/pracownicy\/#website"},"datePublished":"2020-04-06T07:21:42+00:00","dateModified":"2025-05-16T10:57:51+00:00","breadcrumb":{"@id":"https:\/\/pans.krosno.pl\/pracownicy\/dorota-rygiel\/dorota-rygiel-najwazniejsze-publikacje\/#breadcrumb"},"inLanguage":"pl-PL","potentialAction":[{"@type":"ReadAction","target":["https:\/\/pans.krosno.pl\/pracownicy\/dorota-rygiel\/dorota-rygiel-najwazniejsze-publikacje\/"]}]},{"@type":"BreadcrumbList","@id":"https:\/\/pans.krosno.pl\/pracownicy\/dorota-rygiel\/dorota-rygiel-najwazniejsze-publikacje\/#breadcrumb","itemListElement":[{"@type":"ListItem","position":1,"name":"Strona g\u0142\u00f3wna","item":"https:\/\/pans.krosno.pl\/pracownicy\/"},{"@type":"ListItem","position":2,"name":"dr Dorota Rygiel","item":"https:\/\/pans.krosno.pl\/pracownicy\/dorota-rygiel\/"},{"@type":"ListItem","position":3,"name":"dr Dorota Rygiel &#8211; Najwa\u017cniejsze publikacje"}]},{"@type":"WebSite","@id":"https:\/\/pans.krosno.pl\/pracownicy\/#website","url":"https:\/\/pans.krosno.pl\/pracownicy\/","name":"Pracownicy PANS w Kro\u015bnie","description":"Pracownicy - Pa\u0144stwowa Akademia Nauk Stosowanych","publisher":{"@id":"https:\/\/pans.krosno.pl\/pracownicy\/#organization"},"potentialAction":[{"@type":"SearchAction","target":{"@type":"EntryPoint","urlTemplate":"https:\/\/pans.krosno.pl\/pracownicy\/?s={search_term_string}"},"query-input":{"@type":"PropertyValueSpecification","valueRequired":true,"valueName":"search_term_string"}}],"inLanguage":"pl-PL"},{"@type":"Organization","@id":"https:\/\/pans.krosno.pl\/pracownicy\/#organization","name":"Pracownicy PANS w Kro\u015bnie","url":"https:\/\/pans.krosno.pl\/pracownicy\/","logo":{"@type":"ImageObject","inLanguage":"pl-PL","@id":"https:\/\/pans.krosno.pl\/pracownicy\/#\/schema\/logo\/image\/","url":"https:\/\/pans.krosno.pl\/pracownicy\/wp-content\/uploads\/sites\/41\/2023\/01\/Logo-PANS-2022-pelne.png","contentUrl":"https:\/\/pans.krosno.pl\/pracownicy\/wp-content\/uploads\/sites\/41\/2023\/01\/Logo-PANS-2022-pelne.png","width":3096,"height":696,"caption":"Pracownicy PANS w Kro\u015bnie"},"image":{"@id":"https:\/\/pans.krosno.pl\/pracownicy\/#\/schema\/logo\/image\/"}}]}},"_links":{"self":[{"href":"https:\/\/pans.krosno.pl\/pracownicy\/wp-json\/wp\/v2\/pages\/1739","targetHints":{"allow":["GET"]}}],"collection":[{"href":"https:\/\/pans.krosno.pl\/pracownicy\/wp-json\/wp\/v2\/pages"}],"about":[{"href":"https:\/\/pans.krosno.pl\/pracownicy\/wp-json\/wp\/v2\/types\/page"}],"author":[{"embeddable":true,"href":"https:\/\/pans.krosno.pl\/pracownicy\/wp-json\/wp\/v2\/users\/34"}],"replies":[{"embeddable":true,"href":"https:\/\/pans.krosno.pl\/pracownicy\/wp-json\/wp\/v2\/comments?post=1739"}],"version-history":[{"count":9,"href":"https:\/\/pans.krosno.pl\/pracownicy\/wp-json\/wp\/v2\/pages\/1739\/revisions"}],"predecessor-version":[{"id":10688,"href":"https:\/\/pans.krosno.pl\/pracownicy\/wp-json\/wp\/v2\/pages\/1739\/revisions\/10688"}],"up":[{"embeddable":true,"href":"https:\/\/pans.krosno.pl\/pracownicy\/wp-json\/wp\/v2\/pages\/1728"}],"wp:attachment":[{"href":"https:\/\/pans.krosno.pl\/pracownicy\/wp-json\/wp\/v2\/media?parent=1739"}],"curies":[{"name":"wp","href":"https:\/\/api.w.org\/{rel}","templated":true}]}}