{"id":1684,"date":"2020-04-03T15:50:02","date_gmt":"2020-04-03T13:50:02","guid":{"rendered":"https:\/\/pans.krosno.pl\/pracownicy\/?page_id=1684"},"modified":"2025-05-20T13:50:47","modified_gmt":"2025-05-20T11:50:47","slug":"beata-ujda-dynka-najwazniejsze-publikacje","status":"publish","type":"page","link":"https:\/\/pans.krosno.pl\/pracownicy\/beata-ujda-dynka\/beata-ujda-dynka-najwazniejsze-publikacje\/","title":{"rendered":"dr Beata Ujda-Dy\u0144ka &#8211; Najwa\u017cniejsze publikacje"},"content":{"rendered":"<hr>\n<p><strong>Wybrane publikacje<\/strong><\/p>\n<ol>\n<li>Zarz\u0105dzanie jako\u015bci\u0105 oraz Total Quality Management, [w:] P. Lenik (red.) Zarz\u0105dzanie organizacjami, Wydawnictwo PWSZ w Kro\u015bnie, Krosno 2018.<\/li>\n<li>Stratyfikacja i ocena proces\u00f3w wsp\u00f3\u0142dzia\u0142ania gospodarczego ma\u0142ych i \u015brednich przedsi\u0119biorstw w wojew\u00f3dztwie podkarpackim[w:] Wybrane problemy zarz\u0105dzania w gospodarce opartej na wiedzy \u2013 teoria i praktyka, praca zbiorowa pod red. naukow\u0105 M. Makowca, B. Miku\u0142y, A. Pietruszki-Ortyl, Uniwersytet Ekonomiczny w Krakowie, Krak\u00f3w 2018.<\/li>\n<li>Przes\u0142anki wsp\u00f3\u0142dzia\u0142ania gospodarczego ma\u0142ych i \u015brednich przedsi\u0119biorstw na Podkarpaciu, [w:] Przegl\u0105d Nauk Ekonomicznych Nr 27, Polskie Towarzystwo Ekonomiczne Oddzia\u0142 w \u0141odzi, \u0141\u00f3d\u017a 2017.<\/li>\n<li>Zastosowanie narz\u0119dzi zarz\u0105dzania jako\u015bci\u0105 do analizy wadliwo\u015bci wyrobu, [w:] R\u00f3\u017cnorodno\u015b\u0107 zastosowania bada\u0144 naukowych w teorii i praktyce zarz\u0105dzania, Prace Naukowo-Dydaktyczne PWSZ w Kro\u015bnie, Zeszyt 72, Krosno 2017.<\/li>\n<li>Zam\u00f3wienia publiczne jako instrument optymalizacji wydatk\u00f3w publicznych, [w:] Efektywno\u015b\u0107 zarz\u0105dzania zasobami organizacyjnymi, Prace Naukowo-Dydaktyczne PWSZ w Kro\u015bnie, Zeszyt 68, Krosno 2015.<\/li>\n<li>Badanie mechanizmu kszta\u0142tuj\u0105cego zakres outsourcingu w ma\u0142ych i \u015brednich przedsi\u0119biorstwach wojew\u00f3dztwa podkarpackiego- model ekonometryczny, [w:] Efektywno\u015b\u0107 zarz\u0105dzania zasobami organizacyjnymi, Prace Naukowo-Dydaktyczne PWSZ w Kro\u015bnie, Zeszyt 68, Krosno 2015.<\/li>\n<li>Strategie dzia\u0142ania ma\u0142ych i \u015brednich przedsi\u0119biorstw w wojew\u00f3dztwie podkarpackim, [w:] K. Jaremczuk (red.), Przedsi\u0119biorczo\u015b\u0107-perspektyw\u0105 zmian, Wydawnictwo WSPiAi PSOIZ Rzesz\u00f3w 2015.<\/li>\n<li>Nowa gospodarka a wsp\u00f3\u0142czesne wyzwania w sferze personalnej organizacji, [w:] Przedsi\u0119biorstwo i region. Zagro\u017cenia globalne jako \u017ar\u00f3d\u0142o barier rozwoju organizacji w regionie, Przedsi\u0119biorstwo i Region, Zeszyt nr 6\/2014, Wydawnictwo UR Rzesz\u00f3w 2014.<\/li>\n<li>Wsp\u00f3\u0142dzia\u0142anie gospodarcze jako element strategii rozwoju ma\u0142ych i \u015brednich przedsi\u0119biorstw, [w:] Nier\u00f3wno\u015bci spo\u0142eczne a wzrost gospodarczy. Kryzys finans\u00f3w publicznych- przyczyny implikacje, perspektywy sp\u00f3jno\u015bci spo\u0142eczno-ekonomicznej, Zeszyt 34, Wydawnictwo Uniwesytetu Rzeszowskiego, Rzesz\u00f3w 2013.<\/li>\n<li>Kapita\u0142 relacyjny jako czynnik rozwoju ma\u0142ych i \u015brednich przedsi\u0119biorstw,[w:] Studia Ekonomiczne Regionu \u0141\u00f3dzkiego. Formy i uwarunkowania wsp\u00f3\u0142pracy we wsp\u00f3\u0142czesnej gospodarce, Polskie Towarzystwo Ekonomiczne Oddzia\u0142 w \u0141odzi, \u0141\u00f3d\u017a 2013.<\/li>\n<li>Kszta\u0142towanie wsp\u00f3\u0142pracy sieciowej ma\u0142ych i \u015brednich przedsi\u0119biorstw oparciu o kapita\u0142 spo\u0142eczny [w:] K. Jaremczuk (red.), Przedsi\u0119biorczo\u015b\u0107 \u2013 natura i atrybuty, Wydawnictwo PWSZ, Tarnobrzeg 2012.<\/li>\n<li>Uwarunkowania wsp\u00f3\u0142dzia\u0142ania ma\u0142ych i \u015brednich przedsi\u0119biorstw [w:] K. Jaremczuk (red.), Spo\u0142ecze\u0144stwo wobec wyzwa\u0144 wsp\u00f3\u0142czesno\u015bci, Wydawnictwo PWSZ, Tarnobrzeg 2012.<\/li>\n<li>Wsp\u00f3\u0142dzia\u0142anie gospodarcze ma\u0142ych i \u015brednich przedsi\u0119biorstw -zakres i formy, [w:] J. Skalik i G. Be\u0142z (red.), Strategiczne i operacyjne problemy rozwoju i wzrostu przedsi\u0119biorstwa, Prace Naukowe Uniwersytetu Ekonomicznego we Wroc\u0142awiu nr 218. Wydawnictwo Uniwersytetu Ekonomicznego we Wroc\u0142awiu, Wroc\u0142aw 2011.<\/li>\n<li>Wsp\u00f3\u0142dzia\u0142anie gospodarcze ma\u0142ych i \u015brednich przedsi\u0119biorstw w subregionie tarnobrzeskim, [w:] K. Jaremczuk (red.), Uwarunkowania przedsi\u0119biorczo\u015bci- r\u00f3\u017cnorodno\u015b\u0107 i jedno\u015b\u0107, Wydawnictwo PWSZ, Tarnobrzeg 2010.<\/li>\n<li>Wewn\u0119trzne uwarunkowania potencja\u0142u do zmian w ma\u0142ych i \u015brednich przedsi\u0119biorstwach powiatu tarnobrzeskiego, [w:] M. Majetun (red.) Wyzwania i perspektywy zarz\u0105dzania w ma\u0142ych i \u015brednich przedsi\u0119biorstwach, Wydawnictwo C.H. Beck, Warszawa 2010.<\/li>\n<li>Podmiotowe uwarunkowania podatno\u015bci na zmiany ma\u0142ych i \u015brednich przedsi\u0119biorstw powiatu tarnobrzeskiego, w: J. Skalik (red.), Zmiana warunkiem sukcesu. Rozw\u00f3j i zmiany w ma\u0142ych i \u015brednich przedsi\u0119biorstwach. Prace Naukowe Uniwersytetu Ekonomicznego we Wroc\u0142awiu Nr 49. Wydawnictwo Uniwersytetu Ekonomicznego we Wroc\u0142awiu, Wroc\u0142aw 2009.<\/li>\n<\/ol>\n<hr>\n<p>&nbsp;<\/p>\n","protected":false},"excerpt":{"rendered":"<p>Wybrane publikacje Zarz\u0105dzanie jako\u015bci\u0105 oraz Total Quality Management, [w:] P. Lenik (red.) Zarz\u0105dzanie organizacjami, Wydawnictwo PWSZ w Kro\u015bnie, Krosno 2018. Stratyfikacja i ocena proces\u00f3w wsp\u00f3\u0142dzia\u0142ania gospodarczego ma\u0142ych i \u015brednich przedsi\u0119biorstw w wojew\u00f3dztwie podkarpackim[w:] Wybrane problemy zarz\u0105dzania w gospodarce opartej na wiedzy \u2013 teoria i praktyka, praca zbiorowa pod red. naukow\u0105 [\u2026] <\/p>\n<div class=\"clear\"><\/div>\n<p><a class=\"more_link clearfix\" href=\"https:\/\/pans.krosno.pl\/pracownicy\/beata-ujda-dynka\/beata-ujda-dynka-najwazniejsze-publikacje\/\" rel=\"nofollow\">Read More<\/a><\/p>\n","protected":false},"author":36,"featured_media":0,"parent":1654,"menu_order":0,"comment_status":"closed","ping_status":"closed","template":"","meta":{"ngg_post_thumbnail":0,"footnotes":""},"class_list":["post-1684","page","type-page","status-publish","hentry"],"yoast_head":"<!-- This site is optimized with the Yoast SEO Premium plugin v27.4 (Yoast SEO v27.4) - https:\/\/yoast.com\/product\/yoast-seo-premium-wordpress\/ -->\n<title>dr Beata Ujda-Dy\u0144ka - Najwa\u017cniejsze publikacje - Pracownicy PANS w Kro\u015bnie<\/title>\n<meta name=\"robots\" content=\"index, follow, max-snippet:-1, max-image-preview:large, max-video-preview:-1\" \/>\n<link rel=\"canonical\" href=\"https:\/\/pans.krosno.pl\/pracownicy\/beata-ujda-dynka\/beata-ujda-dynka-najwazniejsze-publikacje\/\" \/>\n<meta property=\"og:locale\" content=\"pl_PL\" \/>\n<meta property=\"og:type\" content=\"article\" \/>\n<meta property=\"og:title\" content=\"dr Beata Ujda-Dy\u0144ka - Najwa\u017cniejsze publikacje\" \/>\n<meta property=\"og:description\" content=\"Wybrane publikacje Zarz\u0105dzanie jako\u015bci\u0105 oraz Total Quality Management, [w:] P. Lenik (red.) Zarz\u0105dzanie organizacjami, Wydawnictwo PWSZ w Kro\u015bnie, Krosno 2018. Stratyfikacja i ocena proces\u00f3w wsp\u00f3\u0142dzia\u0142ania gospodarczego ma\u0142ych i \u015brednich przedsi\u0119biorstw w wojew\u00f3dztwie podkarpackim[w:] Wybrane problemy zarz\u0105dzania w gospodarce opartej na wiedzy \u2013 teoria i praktyka, praca zbiorowa pod red. naukow\u0105 [\u2026] Read More\" \/>\n<meta property=\"og:url\" content=\"https:\/\/pans.krosno.pl\/pracownicy\/beata-ujda-dynka\/beata-ujda-dynka-najwazniejsze-publikacje\/\" \/>\n<meta property=\"og:site_name\" content=\"Pracownicy PANS w Kro\u015bnie\" \/>\n<meta property=\"article:modified_time\" content=\"2025-05-20T11:50:47+00:00\" \/>\n<meta name=\"twitter:card\" content=\"summary_large_image\" \/>\n<meta name=\"twitter:label1\" content=\"Szacowany czas czytania\" \/>\n\t<meta name=\"twitter:data1\" content=\"3 minuty\" \/>\n<script type=\"application\/ld+json\" class=\"yoast-schema-graph\">{\"@context\":\"https:\\\/\\\/schema.org\",\"@graph\":[{\"@type\":\"WebPage\",\"@id\":\"https:\\\/\\\/pans.krosno.pl\\\/pracownicy\\\/beata-ujda-dynka\\\/beata-ujda-dynka-najwazniejsze-publikacje\\\/\",\"url\":\"https:\\\/\\\/pans.krosno.pl\\\/pracownicy\\\/beata-ujda-dynka\\\/beata-ujda-dynka-najwazniejsze-publikacje\\\/\",\"name\":\"dr Beata Ujda-Dy\u0144ka - Najwa\u017cniejsze publikacje - Pracownicy PANS w Kro\u015bnie\",\"isPartOf\":{\"@id\":\"https:\\\/\\\/pans.krosno.pl\\\/pracownicy\\\/#website\"},\"datePublished\":\"2020-04-03T13:50:02+00:00\",\"dateModified\":\"2025-05-20T11:50:47+00:00\",\"breadcrumb\":{\"@id\":\"https:\\\/\\\/pans.krosno.pl\\\/pracownicy\\\/beata-ujda-dynka\\\/beata-ujda-dynka-najwazniejsze-publikacje\\\/#breadcrumb\"},\"inLanguage\":\"pl-PL\",\"potentialAction\":[{\"@type\":\"ReadAction\",\"target\":[\"https:\\\/\\\/pans.krosno.pl\\\/pracownicy\\\/beata-ujda-dynka\\\/beata-ujda-dynka-najwazniejsze-publikacje\\\/\"]}]},{\"@type\":\"BreadcrumbList\",\"@id\":\"https:\\\/\\\/pans.krosno.pl\\\/pracownicy\\\/beata-ujda-dynka\\\/beata-ujda-dynka-najwazniejsze-publikacje\\\/#breadcrumb\",\"itemListElement\":[{\"@type\":\"ListItem\",\"position\":1,\"name\":\"Strona g\u0142\u00f3wna\",\"item\":\"https:\\\/\\\/pans.krosno.pl\\\/pracownicy\\\/\"},{\"@type\":\"ListItem\",\"position\":2,\"name\":\"dr Beata Ujda-Dy\u0144ka\",\"item\":\"https:\\\/\\\/pans.krosno.pl\\\/pracownicy\\\/beata-ujda-dynka\\\/\"},{\"@type\":\"ListItem\",\"position\":3,\"name\":\"dr Beata Ujda-Dy\u0144ka &#8211; Najwa\u017cniejsze publikacje\"}]},{\"@type\":\"WebSite\",\"@id\":\"https:\\\/\\\/pans.krosno.pl\\\/pracownicy\\\/#website\",\"url\":\"https:\\\/\\\/pans.krosno.pl\\\/pracownicy\\\/\",\"name\":\"Pracownicy PANS w Kro\u015bnie\",\"description\":\"Pracownicy - Pa\u0144stwowa Akademia Nauk Stosowanych\",\"publisher\":{\"@id\":\"https:\\\/\\\/pans.krosno.pl\\\/pracownicy\\\/#organization\"},\"potentialAction\":[{\"@type\":\"SearchAction\",\"target\":{\"@type\":\"EntryPoint\",\"urlTemplate\":\"https:\\\/\\\/pans.krosno.pl\\\/pracownicy\\\/?s={search_term_string}\"},\"query-input\":{\"@type\":\"PropertyValueSpecification\",\"valueRequired\":true,\"valueName\":\"search_term_string\"}}],\"inLanguage\":\"pl-PL\"},{\"@type\":\"Organization\",\"@id\":\"https:\\\/\\\/pans.krosno.pl\\\/pracownicy\\\/#organization\",\"name\":\"Pracownicy PANS w Kro\u015bnie\",\"url\":\"https:\\\/\\\/pans.krosno.pl\\\/pracownicy\\\/\",\"logo\":{\"@type\":\"ImageObject\",\"inLanguage\":\"pl-PL\",\"@id\":\"https:\\\/\\\/pans.krosno.pl\\\/pracownicy\\\/#\\\/schema\\\/logo\\\/image\\\/\",\"url\":\"https:\\\/\\\/pans.krosno.pl\\\/pracownicy\\\/wp-content\\\/uploads\\\/sites\\\/41\\\/2023\\\/01\\\/Logo-PANS-2022-pelne.png\",\"contentUrl\":\"https:\\\/\\\/pans.krosno.pl\\\/pracownicy\\\/wp-content\\\/uploads\\\/sites\\\/41\\\/2023\\\/01\\\/Logo-PANS-2022-pelne.png\",\"width\":3096,\"height\":696,\"caption\":\"Pracownicy PANS w Kro\u015bnie\"},\"image\":{\"@id\":\"https:\\\/\\\/pans.krosno.pl\\\/pracownicy\\\/#\\\/schema\\\/logo\\\/image\\\/\"}}]}<\/script>\n<!-- \/ Yoast SEO Premium plugin. -->","yoast_head_json":{"title":"dr Beata Ujda-Dy\u0144ka - Najwa\u017cniejsze publikacje - Pracownicy PANS w Kro\u015bnie","robots":{"index":"index","follow":"follow","max-snippet":"max-snippet:-1","max-image-preview":"max-image-preview:large","max-video-preview":"max-video-preview:-1"},"canonical":"https:\/\/pans.krosno.pl\/pracownicy\/beata-ujda-dynka\/beata-ujda-dynka-najwazniejsze-publikacje\/","og_locale":"pl_PL","og_type":"article","og_title":"dr Beata Ujda-Dy\u0144ka - Najwa\u017cniejsze publikacje","og_description":"Wybrane publikacje Zarz\u0105dzanie jako\u015bci\u0105 oraz Total Quality Management, [w:] P. Lenik (red.) Zarz\u0105dzanie organizacjami, Wydawnictwo PWSZ w Kro\u015bnie, Krosno 2018. Stratyfikacja i ocena proces\u00f3w wsp\u00f3\u0142dzia\u0142ania gospodarczego ma\u0142ych i \u015brednich przedsi\u0119biorstw w wojew\u00f3dztwie podkarpackim[w:] Wybrane problemy zarz\u0105dzania w gospodarce opartej na wiedzy \u2013 teoria i praktyka, praca zbiorowa pod red. naukow\u0105 [\u2026] Read More","og_url":"https:\/\/pans.krosno.pl\/pracownicy\/beata-ujda-dynka\/beata-ujda-dynka-najwazniejsze-publikacje\/","og_site_name":"Pracownicy PANS w Kro\u015bnie","article_modified_time":"2025-05-20T11:50:47+00:00","twitter_card":"summary_large_image","twitter_misc":{"Szacowany czas czytania":"3 minuty"},"schema":{"@context":"https:\/\/schema.org","@graph":[{"@type":"WebPage","@id":"https:\/\/pans.krosno.pl\/pracownicy\/beata-ujda-dynka\/beata-ujda-dynka-najwazniejsze-publikacje\/","url":"https:\/\/pans.krosno.pl\/pracownicy\/beata-ujda-dynka\/beata-ujda-dynka-najwazniejsze-publikacje\/","name":"dr Beata Ujda-Dy\u0144ka - Najwa\u017cniejsze publikacje - Pracownicy PANS w Kro\u015bnie","isPartOf":{"@id":"https:\/\/pans.krosno.pl\/pracownicy\/#website"},"datePublished":"2020-04-03T13:50:02+00:00","dateModified":"2025-05-20T11:50:47+00:00","breadcrumb":{"@id":"https:\/\/pans.krosno.pl\/pracownicy\/beata-ujda-dynka\/beata-ujda-dynka-najwazniejsze-publikacje\/#breadcrumb"},"inLanguage":"pl-PL","potentialAction":[{"@type":"ReadAction","target":["https:\/\/pans.krosno.pl\/pracownicy\/beata-ujda-dynka\/beata-ujda-dynka-najwazniejsze-publikacje\/"]}]},{"@type":"BreadcrumbList","@id":"https:\/\/pans.krosno.pl\/pracownicy\/beata-ujda-dynka\/beata-ujda-dynka-najwazniejsze-publikacje\/#breadcrumb","itemListElement":[{"@type":"ListItem","position":1,"name":"Strona g\u0142\u00f3wna","item":"https:\/\/pans.krosno.pl\/pracownicy\/"},{"@type":"ListItem","position":2,"name":"dr Beata Ujda-Dy\u0144ka","item":"https:\/\/pans.krosno.pl\/pracownicy\/beata-ujda-dynka\/"},{"@type":"ListItem","position":3,"name":"dr Beata Ujda-Dy\u0144ka &#8211; Najwa\u017cniejsze publikacje"}]},{"@type":"WebSite","@id":"https:\/\/pans.krosno.pl\/pracownicy\/#website","url":"https:\/\/pans.krosno.pl\/pracownicy\/","name":"Pracownicy PANS w Kro\u015bnie","description":"Pracownicy - Pa\u0144stwowa Akademia Nauk Stosowanych","publisher":{"@id":"https:\/\/pans.krosno.pl\/pracownicy\/#organization"},"potentialAction":[{"@type":"SearchAction","target":{"@type":"EntryPoint","urlTemplate":"https:\/\/pans.krosno.pl\/pracownicy\/?s={search_term_string}"},"query-input":{"@type":"PropertyValueSpecification","valueRequired":true,"valueName":"search_term_string"}}],"inLanguage":"pl-PL"},{"@type":"Organization","@id":"https:\/\/pans.krosno.pl\/pracownicy\/#organization","name":"Pracownicy PANS w Kro\u015bnie","url":"https:\/\/pans.krosno.pl\/pracownicy\/","logo":{"@type":"ImageObject","inLanguage":"pl-PL","@id":"https:\/\/pans.krosno.pl\/pracownicy\/#\/schema\/logo\/image\/","url":"https:\/\/pans.krosno.pl\/pracownicy\/wp-content\/uploads\/sites\/41\/2023\/01\/Logo-PANS-2022-pelne.png","contentUrl":"https:\/\/pans.krosno.pl\/pracownicy\/wp-content\/uploads\/sites\/41\/2023\/01\/Logo-PANS-2022-pelne.png","width":3096,"height":696,"caption":"Pracownicy PANS w Kro\u015bnie"},"image":{"@id":"https:\/\/pans.krosno.pl\/pracownicy\/#\/schema\/logo\/image\/"}}]}},"_links":{"self":[{"href":"https:\/\/pans.krosno.pl\/pracownicy\/wp-json\/wp\/v2\/pages\/1684","targetHints":{"allow":["GET"]}}],"collection":[{"href":"https:\/\/pans.krosno.pl\/pracownicy\/wp-json\/wp\/v2\/pages"}],"about":[{"href":"https:\/\/pans.krosno.pl\/pracownicy\/wp-json\/wp\/v2\/types\/page"}],"author":[{"embeddable":true,"href":"https:\/\/pans.krosno.pl\/pracownicy\/wp-json\/wp\/v2\/users\/36"}],"replies":[{"embeddable":true,"href":"https:\/\/pans.krosno.pl\/pracownicy\/wp-json\/wp\/v2\/comments?post=1684"}],"version-history":[{"count":5,"href":"https:\/\/pans.krosno.pl\/pracownicy\/wp-json\/wp\/v2\/pages\/1684\/revisions"}],"predecessor-version":[{"id":11020,"href":"https:\/\/pans.krosno.pl\/pracownicy\/wp-json\/wp\/v2\/pages\/1684\/revisions\/11020"}],"up":[{"embeddable":true,"href":"https:\/\/pans.krosno.pl\/pracownicy\/wp-json\/wp\/v2\/pages\/1654"}],"wp:attachment":[{"href":"https:\/\/pans.krosno.pl\/pracownicy\/wp-json\/wp\/v2\/media?parent=1684"}],"curies":[{"name":"wp","href":"https:\/\/api.w.org\/{rel}","templated":true}]}}