{"id":1676,"date":"2020-04-03T15:45:02","date_gmt":"2020-04-03T13:45:02","guid":{"rendered":"https:\/\/pans.krosno.pl\/pracownicy\/?page_id=1676"},"modified":"2025-05-20T13:24:39","modified_gmt":"2025-05-20T11:24:39","slug":"anna-rewis-letkowska-najwazniejsze-publikacje","status":"publish","type":"page","link":"https:\/\/pans.krosno.pl\/pracownicy\/anna-rewis-letkowska\/anna-rewis-letkowska-najwazniejsze-publikacje\/","title":{"rendered":"dr Anna Rewi\u015b-\u0141\u0119tkowska &#8211; Najwa\u017cniejsze publikacje"},"content":{"rendered":"<hr>\n<p><strong>Publikacje<\/strong><\/p>\n<ol>\n<li>Rewi\u015b-\u0141\u0119tkowska, Anna. 2019. \u201cThe anatomy of fear: interplay of metaphor, metonymy and image schema in the conceptualization of fear\/strach in English and Polish\u201d. Krosno: Studia Pigoniana.<\/li>\n<li>Rewi\u015b-\u0141\u0119tkowska, Anna. 2019. \u201cThe linguistic, conceptual and communicative dimension of metaphor \u2013 corpus study of conversational Polish\u201d Journal of Pragmatics 153, 80-91.<\/li>\n<li>Rewi\u015b-\u0141\u0119tkowska, Anna. 2017. \u201cPictorial metaphors in political cartoons representing the Ukraine crisis\u201d, in: Papers on Language, Culture and Literature 4, Prace Naukowo-Dydaktyczne PWSZ w Kro\u015bnie, v.81, ed. J. Ziobro-Strz\u0119pek, Krosno.<\/li>\n<li>Rewi\u015b-\u0141\u0119tkowska, Anna. 2016. \u201cDegrees of metaphoricity: a dynamic view on fear metaphor\u201d, in: Categorization in Discourse and Grammar (Lodz Studies in Language), eds. Malgorzata Fabiszak, Karolina Krawczak, Katarzyna Rokoszewska, Frankfurt am Main: Peter Lang, 161-174.<\/li>\n<li>Rewi\u015b-\u0141\u0119tkowska, Anna. 2015. \u201cMultimodal representations of fear metaphors in television commercials\u201d, in: Communication Styles: Culture&#8217;s Software, eds. Dorota Brzozowska, W\u0142adys\u0142aw Ch\u0142opicki, Cambridge Scholars Publishing, 381-404.<\/li>\n<li>Rewi\u015b-\u0141\u0119tkowska, Anna. 2014. \u201cConceptualizations of Fear in English and Polish\u201d, in: From Conceptual Metaphor Theory to Cognitive Ethnolinguistics: Patterns of Imagery in Language, eds. Marek Ku\u017aniak, Agnieszka Libura, Micha\u0142 Szawerna, Frankfurt am Main: Peter Lang, 79-91.<\/li>\n<li>Rewi\u015b-\u0141\u0119tkowska, Anna. 2013. \u201cThe Concept of Fear in the Linguistic Picture of the World \u2013 Across the Borders of English and Polish Conceptualizations\u201d, in: Papers on Language, Culture and Literature 4, Prace Naukowo-Dydaktyczne PWSZ w Kro\u015bnie, v.61, ed. Alicja Witalisz, Krosno, 381-404.&nbsp;<\/li>\n<\/ol>\n<hr>\n<p>&nbsp;<\/p>\n","protected":false},"excerpt":{"rendered":"<p>Publikacje Rewi\u015b-\u0141\u0119tkowska, Anna. 2019. \u201cThe anatomy of fear: interplay of metaphor, metonymy and image schema in the conceptualization of fear\/strach in English and Polish\u201d. Krosno: Studia Pigoniana. Rewi\u015b-\u0141\u0119tkowska, Anna. 2019. \u201cThe linguistic, conceptual and communicative dimension of metaphor \u2013 corpus study of conversational Polish\u201d Journal of Pragmatics 153, 80-91. Rewi\u015b-\u0141\u0119tkowska, [\u2026] <\/p>\n<div class=\"clear\"><\/div>\n<p><a class=\"more_link clearfix\" href=\"https:\/\/pans.krosno.pl\/pracownicy\/anna-rewis-letkowska\/anna-rewis-letkowska-najwazniejsze-publikacje\/\" rel=\"nofollow\">Read More<\/a><\/p>\n","protected":false},"author":34,"featured_media":0,"parent":1640,"menu_order":0,"comment_status":"closed","ping_status":"closed","template":"","meta":{"ngg_post_thumbnail":0,"footnotes":""},"class_list":["post-1676","page","type-page","status-publish","hentry"],"yoast_head":"<!-- This site is optimized with the Yoast SEO Premium plugin v27.4 (Yoast SEO v27.4) - https:\/\/yoast.com\/product\/yoast-seo-premium-wordpress\/ -->\n<title>dr Anna Rewi\u015b-\u0141\u0119tkowska - Najwa\u017cniejsze publikacje - Pracownicy PANS w Kro\u015bnie<\/title>\n<meta name=\"robots\" content=\"index, follow, max-snippet:-1, max-image-preview:large, max-video-preview:-1\" \/>\n<link rel=\"canonical\" href=\"https:\/\/pans.krosno.pl\/pracownicy\/anna-rewis-letkowska\/anna-rewis-letkowska-najwazniejsze-publikacje\/\" \/>\n<meta property=\"og:locale\" content=\"pl_PL\" \/>\n<meta property=\"og:type\" content=\"article\" \/>\n<meta property=\"og:title\" content=\"dr Anna Rewi\u015b-\u0141\u0119tkowska - Najwa\u017cniejsze publikacje\" \/>\n<meta property=\"og:description\" content=\"Publikacje Rewi\u015b-\u0141\u0119tkowska, Anna. 2019. \u201cThe anatomy of fear: interplay of metaphor, metonymy and image schema in the conceptualization of fear\/strach in English and Polish\u201d. Krosno: Studia Pigoniana. Rewi\u015b-\u0141\u0119tkowska, Anna. 2019. \u201cThe linguistic, conceptual and communicative dimension of metaphor \u2013 corpus study of conversational Polish\u201d Journal of Pragmatics 153, 80-91. Rewi\u015b-\u0141\u0119tkowska, [\u2026] Read More\" \/>\n<meta property=\"og:url\" content=\"https:\/\/pans.krosno.pl\/pracownicy\/anna-rewis-letkowska\/anna-rewis-letkowska-najwazniejsze-publikacje\/\" \/>\n<meta property=\"og:site_name\" content=\"Pracownicy PANS w Kro\u015bnie\" \/>\n<meta property=\"article:modified_time\" content=\"2025-05-20T11:24:39+00:00\" \/>\n<meta name=\"twitter:card\" content=\"summary_large_image\" \/>\n<meta name=\"twitter:label1\" content=\"Szacowany czas czytania\" \/>\n\t<meta name=\"twitter:data1\" content=\"2 minuty\" \/>\n<script type=\"application\/ld+json\" class=\"yoast-schema-graph\">{\"@context\":\"https:\\\/\\\/schema.org\",\"@graph\":[{\"@type\":\"WebPage\",\"@id\":\"https:\\\/\\\/pans.krosno.pl\\\/pracownicy\\\/anna-rewis-letkowska\\\/anna-rewis-letkowska-najwazniejsze-publikacje\\\/\",\"url\":\"https:\\\/\\\/pans.krosno.pl\\\/pracownicy\\\/anna-rewis-letkowska\\\/anna-rewis-letkowska-najwazniejsze-publikacje\\\/\",\"name\":\"dr Anna Rewi\u015b-\u0141\u0119tkowska - Najwa\u017cniejsze publikacje - Pracownicy PANS w Kro\u015bnie\",\"isPartOf\":{\"@id\":\"https:\\\/\\\/pans.krosno.pl\\\/pracownicy\\\/#website\"},\"datePublished\":\"2020-04-03T13:45:02+00:00\",\"dateModified\":\"2025-05-20T11:24:39+00:00\",\"breadcrumb\":{\"@id\":\"https:\\\/\\\/pans.krosno.pl\\\/pracownicy\\\/anna-rewis-letkowska\\\/anna-rewis-letkowska-najwazniejsze-publikacje\\\/#breadcrumb\"},\"inLanguage\":\"pl-PL\",\"potentialAction\":[{\"@type\":\"ReadAction\",\"target\":[\"https:\\\/\\\/pans.krosno.pl\\\/pracownicy\\\/anna-rewis-letkowska\\\/anna-rewis-letkowska-najwazniejsze-publikacje\\\/\"]}]},{\"@type\":\"BreadcrumbList\",\"@id\":\"https:\\\/\\\/pans.krosno.pl\\\/pracownicy\\\/anna-rewis-letkowska\\\/anna-rewis-letkowska-najwazniejsze-publikacje\\\/#breadcrumb\",\"itemListElement\":[{\"@type\":\"ListItem\",\"position\":1,\"name\":\"Strona g\u0142\u00f3wna\",\"item\":\"https:\\\/\\\/pans.krosno.pl\\\/pracownicy\\\/\"},{\"@type\":\"ListItem\",\"position\":2,\"name\":\"dr Anna Rewi\u015b-\u0141\u0119tkowska\",\"item\":\"https:\\\/\\\/pans.krosno.pl\\\/pracownicy\\\/anna-rewis-letkowska\\\/\"},{\"@type\":\"ListItem\",\"position\":3,\"name\":\"dr Anna Rewi\u015b-\u0141\u0119tkowska &#8211; Najwa\u017cniejsze publikacje\"}]},{\"@type\":\"WebSite\",\"@id\":\"https:\\\/\\\/pans.krosno.pl\\\/pracownicy\\\/#website\",\"url\":\"https:\\\/\\\/pans.krosno.pl\\\/pracownicy\\\/\",\"name\":\"Pracownicy PANS w Kro\u015bnie\",\"description\":\"Pracownicy - Pa\u0144stwowa Akademia Nauk Stosowanych\",\"publisher\":{\"@id\":\"https:\\\/\\\/pans.krosno.pl\\\/pracownicy\\\/#organization\"},\"potentialAction\":[{\"@type\":\"SearchAction\",\"target\":{\"@type\":\"EntryPoint\",\"urlTemplate\":\"https:\\\/\\\/pans.krosno.pl\\\/pracownicy\\\/?s={search_term_string}\"},\"query-input\":{\"@type\":\"PropertyValueSpecification\",\"valueRequired\":true,\"valueName\":\"search_term_string\"}}],\"inLanguage\":\"pl-PL\"},{\"@type\":\"Organization\",\"@id\":\"https:\\\/\\\/pans.krosno.pl\\\/pracownicy\\\/#organization\",\"name\":\"Pracownicy PANS w Kro\u015bnie\",\"url\":\"https:\\\/\\\/pans.krosno.pl\\\/pracownicy\\\/\",\"logo\":{\"@type\":\"ImageObject\",\"inLanguage\":\"pl-PL\",\"@id\":\"https:\\\/\\\/pans.krosno.pl\\\/pracownicy\\\/#\\\/schema\\\/logo\\\/image\\\/\",\"url\":\"https:\\\/\\\/pans.krosno.pl\\\/pracownicy\\\/wp-content\\\/uploads\\\/sites\\\/41\\\/2023\\\/01\\\/Logo-PANS-2022-pelne.png\",\"contentUrl\":\"https:\\\/\\\/pans.krosno.pl\\\/pracownicy\\\/wp-content\\\/uploads\\\/sites\\\/41\\\/2023\\\/01\\\/Logo-PANS-2022-pelne.png\",\"width\":3096,\"height\":696,\"caption\":\"Pracownicy PANS w Kro\u015bnie\"},\"image\":{\"@id\":\"https:\\\/\\\/pans.krosno.pl\\\/pracownicy\\\/#\\\/schema\\\/logo\\\/image\\\/\"}}]}<\/script>\n<!-- \/ Yoast SEO Premium plugin. -->","yoast_head_json":{"title":"dr Anna Rewi\u015b-\u0141\u0119tkowska - Najwa\u017cniejsze publikacje - Pracownicy PANS w Kro\u015bnie","robots":{"index":"index","follow":"follow","max-snippet":"max-snippet:-1","max-image-preview":"max-image-preview:large","max-video-preview":"max-video-preview:-1"},"canonical":"https:\/\/pans.krosno.pl\/pracownicy\/anna-rewis-letkowska\/anna-rewis-letkowska-najwazniejsze-publikacje\/","og_locale":"pl_PL","og_type":"article","og_title":"dr Anna Rewi\u015b-\u0141\u0119tkowska - Najwa\u017cniejsze publikacje","og_description":"Publikacje Rewi\u015b-\u0141\u0119tkowska, Anna. 2019. \u201cThe anatomy of fear: interplay of metaphor, metonymy and image schema in the conceptualization of fear\/strach in English and Polish\u201d. Krosno: Studia Pigoniana. Rewi\u015b-\u0141\u0119tkowska, Anna. 2019. \u201cThe linguistic, conceptual and communicative dimension of metaphor \u2013 corpus study of conversational Polish\u201d Journal of Pragmatics 153, 80-91. Rewi\u015b-\u0141\u0119tkowska, [\u2026] Read More","og_url":"https:\/\/pans.krosno.pl\/pracownicy\/anna-rewis-letkowska\/anna-rewis-letkowska-najwazniejsze-publikacje\/","og_site_name":"Pracownicy PANS w Kro\u015bnie","article_modified_time":"2025-05-20T11:24:39+00:00","twitter_card":"summary_large_image","twitter_misc":{"Szacowany czas czytania":"2 minuty"},"schema":{"@context":"https:\/\/schema.org","@graph":[{"@type":"WebPage","@id":"https:\/\/pans.krosno.pl\/pracownicy\/anna-rewis-letkowska\/anna-rewis-letkowska-najwazniejsze-publikacje\/","url":"https:\/\/pans.krosno.pl\/pracownicy\/anna-rewis-letkowska\/anna-rewis-letkowska-najwazniejsze-publikacje\/","name":"dr Anna Rewi\u015b-\u0141\u0119tkowska - Najwa\u017cniejsze publikacje - Pracownicy PANS w Kro\u015bnie","isPartOf":{"@id":"https:\/\/pans.krosno.pl\/pracownicy\/#website"},"datePublished":"2020-04-03T13:45:02+00:00","dateModified":"2025-05-20T11:24:39+00:00","breadcrumb":{"@id":"https:\/\/pans.krosno.pl\/pracownicy\/anna-rewis-letkowska\/anna-rewis-letkowska-najwazniejsze-publikacje\/#breadcrumb"},"inLanguage":"pl-PL","potentialAction":[{"@type":"ReadAction","target":["https:\/\/pans.krosno.pl\/pracownicy\/anna-rewis-letkowska\/anna-rewis-letkowska-najwazniejsze-publikacje\/"]}]},{"@type":"BreadcrumbList","@id":"https:\/\/pans.krosno.pl\/pracownicy\/anna-rewis-letkowska\/anna-rewis-letkowska-najwazniejsze-publikacje\/#breadcrumb","itemListElement":[{"@type":"ListItem","position":1,"name":"Strona g\u0142\u00f3wna","item":"https:\/\/pans.krosno.pl\/pracownicy\/"},{"@type":"ListItem","position":2,"name":"dr Anna Rewi\u015b-\u0141\u0119tkowska","item":"https:\/\/pans.krosno.pl\/pracownicy\/anna-rewis-letkowska\/"},{"@type":"ListItem","position":3,"name":"dr Anna Rewi\u015b-\u0141\u0119tkowska &#8211; Najwa\u017cniejsze publikacje"}]},{"@type":"WebSite","@id":"https:\/\/pans.krosno.pl\/pracownicy\/#website","url":"https:\/\/pans.krosno.pl\/pracownicy\/","name":"Pracownicy PANS w Kro\u015bnie","description":"Pracownicy - Pa\u0144stwowa Akademia Nauk Stosowanych","publisher":{"@id":"https:\/\/pans.krosno.pl\/pracownicy\/#organization"},"potentialAction":[{"@type":"SearchAction","target":{"@type":"EntryPoint","urlTemplate":"https:\/\/pans.krosno.pl\/pracownicy\/?s={search_term_string}"},"query-input":{"@type":"PropertyValueSpecification","valueRequired":true,"valueName":"search_term_string"}}],"inLanguage":"pl-PL"},{"@type":"Organization","@id":"https:\/\/pans.krosno.pl\/pracownicy\/#organization","name":"Pracownicy PANS w Kro\u015bnie","url":"https:\/\/pans.krosno.pl\/pracownicy\/","logo":{"@type":"ImageObject","inLanguage":"pl-PL","@id":"https:\/\/pans.krosno.pl\/pracownicy\/#\/schema\/logo\/image\/","url":"https:\/\/pans.krosno.pl\/pracownicy\/wp-content\/uploads\/sites\/41\/2023\/01\/Logo-PANS-2022-pelne.png","contentUrl":"https:\/\/pans.krosno.pl\/pracownicy\/wp-content\/uploads\/sites\/41\/2023\/01\/Logo-PANS-2022-pelne.png","width":3096,"height":696,"caption":"Pracownicy PANS w Kro\u015bnie"},"image":{"@id":"https:\/\/pans.krosno.pl\/pracownicy\/#\/schema\/logo\/image\/"}}]}},"_links":{"self":[{"href":"https:\/\/pans.krosno.pl\/pracownicy\/wp-json\/wp\/v2\/pages\/1676","targetHints":{"allow":["GET"]}}],"collection":[{"href":"https:\/\/pans.krosno.pl\/pracownicy\/wp-json\/wp\/v2\/pages"}],"about":[{"href":"https:\/\/pans.krosno.pl\/pracownicy\/wp-json\/wp\/v2\/types\/page"}],"author":[{"embeddable":true,"href":"https:\/\/pans.krosno.pl\/pracownicy\/wp-json\/wp\/v2\/users\/34"}],"replies":[{"embeddable":true,"href":"https:\/\/pans.krosno.pl\/pracownicy\/wp-json\/wp\/v2\/comments?post=1676"}],"version-history":[{"count":8,"href":"https:\/\/pans.krosno.pl\/pracownicy\/wp-json\/wp\/v2\/pages\/1676\/revisions"}],"predecessor-version":[{"id":10919,"href":"https:\/\/pans.krosno.pl\/pracownicy\/wp-json\/wp\/v2\/pages\/1676\/revisions\/10919"}],"up":[{"embeddable":true,"href":"https:\/\/pans.krosno.pl\/pracownicy\/wp-json\/wp\/v2\/pages\/1640"}],"wp:attachment":[{"href":"https:\/\/pans.krosno.pl\/pracownicy\/wp-json\/wp\/v2\/media?parent=1676"}],"curies":[{"name":"wp","href":"https:\/\/api.w.org\/{rel}","templated":true}]}}