{"id":1654,"date":"2020-04-03T15:34:42","date_gmt":"2020-04-03T13:34:42","guid":{"rendered":"https:\/\/pans.krosno.pl\/pracownicy\/?page_id=1654"},"modified":"2025-05-19T08:36:09","modified_gmt":"2025-05-19T06:36:09","slug":"beata-ujda-dynka","status":"publish","type":"page","link":"https:\/\/pans.krosno.pl\/pracownicy\/beata-ujda-dynka\/","title":{"rendered":"dr Beata Ujda-Dy\u0144ka"},"content":{"rendered":"\n<h3 class=\"wp-block-heading\" id=\"h-zaklad-zarzadzania\"><strong>Zak\u0142ad <\/strong>Zarz\u0105dzania<\/h3>\n\n\n\n<hr class=\"wp-block-separator has-css-opacity\" \/>\n\n\n<p>Pracownik Zak\u0142adu Zarz\u0105dzania w Pa\u0144stwowej Akademii Nauk Stosowanych w Kro\u015bnie. Doktor nauk ekonomicznych w zakresie zarz\u0105dzania. Jest autork\u0105&nbsp; i wsp\u00f3\u0142autork\u0105&nbsp; ponad 40 publikacji naukowych.<\/p>\n<p>Zainteresowania badawcze koncentruj\u0105 si\u0119 wok\u00f3\u0142 tematyki zarz\u0105dzania jako\u015bci\u0105, szeroko rozumianego zarz\u0105dzania w sektorze ma\u0142ych i \u015brednich przedsi\u0119biorstw oraz implementacj\u0105 modeli biznesowych przez startupy.&nbsp; Jest cz\u0142onkiem Polskiego Towarzystwa Zarz\u0105dzania Produkcj\u0105 oraz International Society for Business Education \u2013 SIEC-ISBE<\/p>\n\n\n<hr class=\"wp-block-separator has-css-opacity\" \/>\n\n\n\n<div class=\"wp-block-columns is-layout-flex wp-container-core-columns-is-layout-28f84493 wp-block-columns-is-layout-flex\">\n<div class=\"wp-block-column is-layout-flow wp-block-column-is-layout-flow\" style=\"flex-basis:22%\">\n<figure class=\"wp-block-image size-large\"><img loading=\"lazy\" decoding=\"async\" width=\"963\" height=\"995\" src=\"https:\/\/pans.krosno.pl\/pracownicy\/wp-content\/uploads\/sites\/41\/2020\/12\/B.-Ujda-Dynka.jpg\" alt=\"\" class=\"wp-image-9007\" srcset=\"https:\/\/pans.krosno.pl\/pracownicy\/wp-content\/uploads\/sites\/41\/2020\/12\/B.-Ujda-Dynka.jpg 963w, https:\/\/pans.krosno.pl\/pracownicy\/wp-content\/uploads\/sites\/41\/2020\/12\/B.-Ujda-Dynka-290x300.jpg 290w, https:\/\/pans.krosno.pl\/pracownicy\/wp-content\/uploads\/sites\/41\/2020\/12\/B.-Ujda-Dynka-768x794.jpg 768w, https:\/\/pans.krosno.pl\/pracownicy\/wp-content\/uploads\/sites\/41\/2020\/12\/B.-Ujda-Dynka-800x827.jpg 800w, https:\/\/pans.krosno.pl\/pracownicy\/wp-content\/uploads\/sites\/41\/2020\/12\/B.-Ujda-Dynka-580x599.jpg 580w\" sizes=\"auto, (max-width: 963px) 100vw, 963px\" \/><\/figure>\n\n\n\n<p><\/p>\n<\/div>\n\n\n\n<div class=\"wp-block-column is-layout-flow wp-block-column-is-layout-flow\" style=\"flex-basis:78%\">\n<ul class=\"wp-block-list\">\n<li><a href=\"https:\/\/pans.krosno.pl\/pracownicy\/beata-ujda-dynka\/beata-ujda-dynka-zyciorys-naukowy\/\">\u017byciorys naukowy<\/a><\/li>\n\n\n\n<li><a href=\"https:\/\/pans.krosno.pl\/pracownicy\/beata-ujda-dynka\/beata-ujda-dynka-doswiadczenie-pozauczelniane\/\">Do\u015bwiadczenie pozauczelniane<\/a><\/li>\n\n\n\n<li><a href=\"https:\/\/pans.krosno.pl\/pracownicy\/beata-ujda-dynka\/beata-ujda-dynka-najwazniejsze-publikacje\/\">Najwa\u017cniejsze publikacje<\/a><\/li>\n\n\n\n<li><a href=\"https:\/\/pans.krosno.pl\/pracownicy\/beata-ujda-dynka\/beata-ujda-dynka-najwazniejsze-nagrody-i-wyroznienia\/\">Najwa\u017cniejsze nagrody i wyr\u00f3\u017cnienia<\/a><\/li>\n<\/ul>\n\n\n\n<hr class=\"wp-block-separator has-css-opacity\" \/>\n\n\n\n<figure class=\"wp-block-table aligncenter is-style-stripes\"><table><tbody><tr><td class=\"has-text-align-left\" data-align=\"left\">Telefon: 13 43 755 60<\/td><\/tr><tr><td class=\"has-text-align-left\" data-align=\"left\">E-mail: <a href=\"mailto:beata.ujda-dynka@pans.krosno.pl\">beata.ujda-dynka@pans.krosno.pl<\/a><\/td><\/tr><tr><td class=\"has-text-align-left\" data-align=\"left\">Konsultacje: <a href=\"https:\/\/pans.krosno.pl\/zarzadzanie\/dyzury-pracownikow\/\" target=\"_blank\" rel=\"noreferrer noopener\">Dy\u017cur pracownika<\/a><\/td><\/tr><\/tbody><\/table><\/figure>\n<\/div>\n<\/div>\n\n\n\n<hr class=\"wp-block-separator has-css-opacity\" \/>\n\n\n\n<p><\/p>\n","protected":false},"excerpt":{"rendered":"<p>Zak\u0142ad Zarz\u0105dzania Pracownik Zak\u0142adu Zarz\u0105dzania w Pa\u0144stwowej Akademii Nauk Stosowanych w Kro\u015bnie. Doktor nauk ekonomicznych w zakresie zarz\u0105dzania. Jest autork\u0105&nbsp; i wsp\u00f3\u0142autork\u0105&nbsp; ponad 40 publikacji naukowych. Zainteresowania badawcze koncentruj\u0105 si\u0119 wok\u00f3\u0142 tematyki zarz\u0105dzania jako\u015bci\u0105, szeroko rozumianego zarz\u0105dzania w sektorze ma\u0142ych i \u015brednich przedsi\u0119biorstw oraz implementacj\u0105 modeli biznesowych przez startupy.&nbsp; Jest [\u2026] <\/p>\n<div class=\"clear\"><\/div>\n<p><a class=\"more_link clearfix\" href=\"https:\/\/pans.krosno.pl\/pracownicy\/beata-ujda-dynka\/\" rel=\"nofollow\">Read More<\/a><\/p>\n","protected":false},"author":36,"featured_media":0,"parent":0,"menu_order":0,"comment_status":"closed","ping_status":"closed","template":"","meta":{"ngg_post_thumbnail":0,"footnotes":""},"class_list":["post-1654","page","type-page","status-publish","hentry"],"yoast_head":"<!-- This site is optimized with the Yoast SEO Premium plugin v27.4 (Yoast SEO v27.4) - https:\/\/yoast.com\/product\/yoast-seo-premium-wordpress\/ -->\n<title>dr Beata Ujda-Dy\u0144ka - Pracownicy PANS w Kro\u015bnie<\/title>\n<meta name=\"robots\" content=\"index, follow, max-snippet:-1, max-image-preview:large, max-video-preview:-1\" \/>\n<link rel=\"canonical\" href=\"https:\/\/pans.krosno.pl\/pracownicy\/beata-ujda-dynka\/\" \/>\n<meta property=\"og:locale\" content=\"pl_PL\" \/>\n<meta property=\"og:type\" content=\"article\" \/>\n<meta property=\"og:title\" content=\"dr Beata Ujda-Dy\u0144ka\" \/>\n<meta property=\"og:description\" content=\"Zak\u0142ad Zarz\u0105dzania Pracownik Zak\u0142adu Zarz\u0105dzania w Pa\u0144stwowej Akademii Nauk Stosowanych w Kro\u015bnie. Doktor nauk ekonomicznych w zakresie zarz\u0105dzania. Jest autork\u0105&nbsp; i wsp\u00f3\u0142autork\u0105&nbsp; ponad 40 publikacji naukowych. Zainteresowania badawcze koncentruj\u0105 si\u0119 wok\u00f3\u0142 tematyki zarz\u0105dzania jako\u015bci\u0105, szeroko rozumianego zarz\u0105dzania w sektorze ma\u0142ych i \u015brednich przedsi\u0119biorstw oraz implementacj\u0105 modeli biznesowych przez startupy.&nbsp; Jest [\u2026] Read More\" \/>\n<meta property=\"og:url\" content=\"https:\/\/pans.krosno.pl\/pracownicy\/beata-ujda-dynka\/\" \/>\n<meta property=\"og:site_name\" content=\"Pracownicy PANS w Kro\u015bnie\" \/>\n<meta property=\"article:modified_time\" content=\"2025-05-19T06:36:09+00:00\" \/>\n<meta property=\"og:image\" content=\"https:\/\/pans.krosno.pl\/pracownicy\/wp-content\/uploads\/sites\/41\/2020\/12\/B.-Ujda-Dynka.jpg\" \/>\n\t<meta property=\"og:image:width\" content=\"963\" \/>\n\t<meta property=\"og:image:height\" content=\"995\" \/>\n\t<meta property=\"og:image:type\" content=\"image\/jpeg\" \/>\n<meta name=\"twitter:card\" content=\"summary_large_image\" \/>\n<meta name=\"twitter:label1\" content=\"Szacowany czas czytania\" \/>\n\t<meta name=\"twitter:data1\" content=\"1 minuta\" \/>\n<script type=\"application\/ld+json\" class=\"yoast-schema-graph\">{\"@context\":\"https:\\\/\\\/schema.org\",\"@graph\":[{\"@type\":\"WebPage\",\"@id\":\"https:\\\/\\\/pans.krosno.pl\\\/pracownicy\\\/beata-ujda-dynka\\\/\",\"url\":\"https:\\\/\\\/pans.krosno.pl\\\/pracownicy\\\/beata-ujda-dynka\\\/\",\"name\":\"dr Beata Ujda-Dy\u0144ka - Pracownicy PANS w Kro\u015bnie\",\"isPartOf\":{\"@id\":\"https:\\\/\\\/pans.krosno.pl\\\/pracownicy\\\/#website\"},\"primaryImageOfPage\":{\"@id\":\"https:\\\/\\\/pans.krosno.pl\\\/pracownicy\\\/beata-ujda-dynka\\\/#primaryimage\"},\"image\":{\"@id\":\"https:\\\/\\\/pans.krosno.pl\\\/pracownicy\\\/beata-ujda-dynka\\\/#primaryimage\"},\"thumbnailUrl\":\"https:\\\/\\\/pans.krosno.pl\\\/pracownicy\\\/wp-content\\\/uploads\\\/sites\\\/41\\\/2020\\\/12\\\/B.-Ujda-Dynka.jpg\",\"datePublished\":\"2020-04-03T13:34:42+00:00\",\"dateModified\":\"2025-05-19T06:36:09+00:00\",\"breadcrumb\":{\"@id\":\"https:\\\/\\\/pans.krosno.pl\\\/pracownicy\\\/beata-ujda-dynka\\\/#breadcrumb\"},\"inLanguage\":\"pl-PL\",\"potentialAction\":[{\"@type\":\"ReadAction\",\"target\":[\"https:\\\/\\\/pans.krosno.pl\\\/pracownicy\\\/beata-ujda-dynka\\\/\"]}]},{\"@type\":\"ImageObject\",\"inLanguage\":\"pl-PL\",\"@id\":\"https:\\\/\\\/pans.krosno.pl\\\/pracownicy\\\/beata-ujda-dynka\\\/#primaryimage\",\"url\":\"https:\\\/\\\/pans.krosno.pl\\\/pracownicy\\\/wp-content\\\/uploads\\\/sites\\\/41\\\/2020\\\/12\\\/B.-Ujda-Dynka.jpg\",\"contentUrl\":\"https:\\\/\\\/pans.krosno.pl\\\/pracownicy\\\/wp-content\\\/uploads\\\/sites\\\/41\\\/2020\\\/12\\\/B.-Ujda-Dynka.jpg\",\"width\":963,\"height\":995},{\"@type\":\"BreadcrumbList\",\"@id\":\"https:\\\/\\\/pans.krosno.pl\\\/pracownicy\\\/beata-ujda-dynka\\\/#breadcrumb\",\"itemListElement\":[{\"@type\":\"ListItem\",\"position\":1,\"name\":\"Strona g\u0142\u00f3wna\",\"item\":\"https:\\\/\\\/pans.krosno.pl\\\/pracownicy\\\/\"},{\"@type\":\"ListItem\",\"position\":2,\"name\":\"dr Beata Ujda-Dy\u0144ka\"}]},{\"@type\":\"WebSite\",\"@id\":\"https:\\\/\\\/pans.krosno.pl\\\/pracownicy\\\/#website\",\"url\":\"https:\\\/\\\/pans.krosno.pl\\\/pracownicy\\\/\",\"name\":\"Pracownicy PANS w Kro\u015bnie\",\"description\":\"Pracownicy - Pa\u0144stwowa Akademia Nauk Stosowanych\",\"publisher\":{\"@id\":\"https:\\\/\\\/pans.krosno.pl\\\/pracownicy\\\/#organization\"},\"potentialAction\":[{\"@type\":\"SearchAction\",\"target\":{\"@type\":\"EntryPoint\",\"urlTemplate\":\"https:\\\/\\\/pans.krosno.pl\\\/pracownicy\\\/?s={search_term_string}\"},\"query-input\":{\"@type\":\"PropertyValueSpecification\",\"valueRequired\":true,\"valueName\":\"search_term_string\"}}],\"inLanguage\":\"pl-PL\"},{\"@type\":\"Organization\",\"@id\":\"https:\\\/\\\/pans.krosno.pl\\\/pracownicy\\\/#organization\",\"name\":\"Pracownicy PANS w Kro\u015bnie\",\"url\":\"https:\\\/\\\/pans.krosno.pl\\\/pracownicy\\\/\",\"logo\":{\"@type\":\"ImageObject\",\"inLanguage\":\"pl-PL\",\"@id\":\"https:\\\/\\\/pans.krosno.pl\\\/pracownicy\\\/#\\\/schema\\\/logo\\\/image\\\/\",\"url\":\"https:\\\/\\\/pans.krosno.pl\\\/pracownicy\\\/wp-content\\\/uploads\\\/sites\\\/41\\\/2023\\\/01\\\/Logo-PANS-2022-pelne.png\",\"contentUrl\":\"https:\\\/\\\/pans.krosno.pl\\\/pracownicy\\\/wp-content\\\/uploads\\\/sites\\\/41\\\/2023\\\/01\\\/Logo-PANS-2022-pelne.png\",\"width\":3096,\"height\":696,\"caption\":\"Pracownicy PANS w Kro\u015bnie\"},\"image\":{\"@id\":\"https:\\\/\\\/pans.krosno.pl\\\/pracownicy\\\/#\\\/schema\\\/logo\\\/image\\\/\"}}]}<\/script>\n<!-- \/ Yoast SEO Premium plugin. -->","yoast_head_json":{"title":"dr Beata Ujda-Dy\u0144ka - Pracownicy PANS w Kro\u015bnie","robots":{"index":"index","follow":"follow","max-snippet":"max-snippet:-1","max-image-preview":"max-image-preview:large","max-video-preview":"max-video-preview:-1"},"canonical":"https:\/\/pans.krosno.pl\/pracownicy\/beata-ujda-dynka\/","og_locale":"pl_PL","og_type":"article","og_title":"dr Beata Ujda-Dy\u0144ka","og_description":"Zak\u0142ad Zarz\u0105dzania Pracownik Zak\u0142adu Zarz\u0105dzania w Pa\u0144stwowej Akademii Nauk Stosowanych w Kro\u015bnie. Doktor nauk ekonomicznych w zakresie zarz\u0105dzania. Jest autork\u0105&nbsp; i wsp\u00f3\u0142autork\u0105&nbsp; ponad 40 publikacji naukowych. Zainteresowania badawcze koncentruj\u0105 si\u0119 wok\u00f3\u0142 tematyki zarz\u0105dzania jako\u015bci\u0105, szeroko rozumianego zarz\u0105dzania w sektorze ma\u0142ych i \u015brednich przedsi\u0119biorstw oraz implementacj\u0105 modeli biznesowych przez startupy.&nbsp; Jest [\u2026] Read More","og_url":"https:\/\/pans.krosno.pl\/pracownicy\/beata-ujda-dynka\/","og_site_name":"Pracownicy PANS w Kro\u015bnie","article_modified_time":"2025-05-19T06:36:09+00:00","og_image":[{"width":963,"height":995,"url":"https:\/\/pans.krosno.pl\/pracownicy\/wp-content\/uploads\/sites\/41\/2020\/12\/B.-Ujda-Dynka.jpg","type":"image\/jpeg"}],"twitter_card":"summary_large_image","twitter_misc":{"Szacowany czas czytania":"1 minuta"},"schema":{"@context":"https:\/\/schema.org","@graph":[{"@type":"WebPage","@id":"https:\/\/pans.krosno.pl\/pracownicy\/beata-ujda-dynka\/","url":"https:\/\/pans.krosno.pl\/pracownicy\/beata-ujda-dynka\/","name":"dr Beata Ujda-Dy\u0144ka - Pracownicy PANS w Kro\u015bnie","isPartOf":{"@id":"https:\/\/pans.krosno.pl\/pracownicy\/#website"},"primaryImageOfPage":{"@id":"https:\/\/pans.krosno.pl\/pracownicy\/beata-ujda-dynka\/#primaryimage"},"image":{"@id":"https:\/\/pans.krosno.pl\/pracownicy\/beata-ujda-dynka\/#primaryimage"},"thumbnailUrl":"https:\/\/pans.krosno.pl\/pracownicy\/wp-content\/uploads\/sites\/41\/2020\/12\/B.-Ujda-Dynka.jpg","datePublished":"2020-04-03T13:34:42+00:00","dateModified":"2025-05-19T06:36:09+00:00","breadcrumb":{"@id":"https:\/\/pans.krosno.pl\/pracownicy\/beata-ujda-dynka\/#breadcrumb"},"inLanguage":"pl-PL","potentialAction":[{"@type":"ReadAction","target":["https:\/\/pans.krosno.pl\/pracownicy\/beata-ujda-dynka\/"]}]},{"@type":"ImageObject","inLanguage":"pl-PL","@id":"https:\/\/pans.krosno.pl\/pracownicy\/beata-ujda-dynka\/#primaryimage","url":"https:\/\/pans.krosno.pl\/pracownicy\/wp-content\/uploads\/sites\/41\/2020\/12\/B.-Ujda-Dynka.jpg","contentUrl":"https:\/\/pans.krosno.pl\/pracownicy\/wp-content\/uploads\/sites\/41\/2020\/12\/B.-Ujda-Dynka.jpg","width":963,"height":995},{"@type":"BreadcrumbList","@id":"https:\/\/pans.krosno.pl\/pracownicy\/beata-ujda-dynka\/#breadcrumb","itemListElement":[{"@type":"ListItem","position":1,"name":"Strona g\u0142\u00f3wna","item":"https:\/\/pans.krosno.pl\/pracownicy\/"},{"@type":"ListItem","position":2,"name":"dr Beata Ujda-Dy\u0144ka"}]},{"@type":"WebSite","@id":"https:\/\/pans.krosno.pl\/pracownicy\/#website","url":"https:\/\/pans.krosno.pl\/pracownicy\/","name":"Pracownicy PANS w Kro\u015bnie","description":"Pracownicy - Pa\u0144stwowa Akademia Nauk Stosowanych","publisher":{"@id":"https:\/\/pans.krosno.pl\/pracownicy\/#organization"},"potentialAction":[{"@type":"SearchAction","target":{"@type":"EntryPoint","urlTemplate":"https:\/\/pans.krosno.pl\/pracownicy\/?s={search_term_string}"},"query-input":{"@type":"PropertyValueSpecification","valueRequired":true,"valueName":"search_term_string"}}],"inLanguage":"pl-PL"},{"@type":"Organization","@id":"https:\/\/pans.krosno.pl\/pracownicy\/#organization","name":"Pracownicy PANS w Kro\u015bnie","url":"https:\/\/pans.krosno.pl\/pracownicy\/","logo":{"@type":"ImageObject","inLanguage":"pl-PL","@id":"https:\/\/pans.krosno.pl\/pracownicy\/#\/schema\/logo\/image\/","url":"https:\/\/pans.krosno.pl\/pracownicy\/wp-content\/uploads\/sites\/41\/2023\/01\/Logo-PANS-2022-pelne.png","contentUrl":"https:\/\/pans.krosno.pl\/pracownicy\/wp-content\/uploads\/sites\/41\/2023\/01\/Logo-PANS-2022-pelne.png","width":3096,"height":696,"caption":"Pracownicy PANS w Kro\u015bnie"},"image":{"@id":"https:\/\/pans.krosno.pl\/pracownicy\/#\/schema\/logo\/image\/"}}]}},"_links":{"self":[{"href":"https:\/\/pans.krosno.pl\/pracownicy\/wp-json\/wp\/v2\/pages\/1654","targetHints":{"allow":["GET"]}}],"collection":[{"href":"https:\/\/pans.krosno.pl\/pracownicy\/wp-json\/wp\/v2\/pages"}],"about":[{"href":"https:\/\/pans.krosno.pl\/pracownicy\/wp-json\/wp\/v2\/types\/page"}],"author":[{"embeddable":true,"href":"https:\/\/pans.krosno.pl\/pracownicy\/wp-json\/wp\/v2\/users\/36"}],"replies":[{"embeddable":true,"href":"https:\/\/pans.krosno.pl\/pracownicy\/wp-json\/wp\/v2\/comments?post=1654"}],"version-history":[{"count":25,"href":"https:\/\/pans.krosno.pl\/pracownicy\/wp-json\/wp\/v2\/pages\/1654\/revisions"}],"predecessor-version":[{"id":10747,"href":"https:\/\/pans.krosno.pl\/pracownicy\/wp-json\/wp\/v2\/pages\/1654\/revisions\/10747"}],"wp:attachment":[{"href":"https:\/\/pans.krosno.pl\/pracownicy\/wp-json\/wp\/v2\/media?parent=1654"}],"curies":[{"name":"wp","href":"https:\/\/api.w.org\/{rel}","templated":true}]}}