{"id":1634,"date":"2020-04-03T15:28:23","date_gmt":"2020-04-03T13:28:23","guid":{"rendered":"https:\/\/pans.krosno.pl\/pracownicy\/?page_id=1634"},"modified":"2025-05-20T13:30:42","modified_gmt":"2025-05-20T11:30:42","slug":"anna-slowik-najwazniejsze-publikacje","status":"publish","type":"page","link":"https:\/\/pans.krosno.pl\/pracownicy\/anna-slowik\/anna-slowik-najwazniejsze-publikacje\/","title":{"rendered":"dr Anna S\u0142owik &#8211; Najwa\u017cniejsze publikacje"},"content":{"rendered":"<hr>\n<ul>\n<li>Jest autork\u0105 i wsp\u00f3\u0142autork\u0105: 2 monografii i ponad 20 artyku\u0142\u00f3w naukowych.<\/li>\n<\/ul>\n<hr>\n<p><strong>Monografie<\/strong><\/p>\n<ul>\n<li>\u201eKonflikt w Darfurze w \u015bwietle prawa mi\u0119dzynarodowego\u201d, wyd. Adam Marsza\u0142ek, Toru\u0144 2014<br \/>\n&#8211; \u201eAspekty prawne zarz\u0105dzania organizacjami w Polsce\u201d [w:] P. Lenik (red.), Zarz\u0105dzanie organizacjami,rozdzia\u0142 20 w monografii Zak\u0142adu Zarz\u0105dzania PWSZ im S. Pigonia w Kro\u015bnie, Krosno 2018.<\/li>\n<\/ul>\n<p><strong>Publikacje pokonferencyjne krajowe i zagraniczne, w tym m.in.:<\/strong><\/p>\n<ul>\n<li>\u201e International Legal Responsibility of Individuals In the Light of the Case of O. Al.- Bashir, A. Harun and A. Kushayb\u201d, WPiA UW \u201eResponsibility in International Law\u201d, Warszawa 2011.<\/li>\n<li>\u201eLegal and international situation of people of Darfur and South Sudan in the decade of armed conflicts in Africa\u201d [w:] M. Sitek, G. Dammacco, M. W\u00f3jcicka, 14th International Conference on Human Rights \u201cHuman rights between war and peace\u201d, Olsztyn 2014.<\/li>\n<li>\u201eKomercjalizacja bada\u0144 naukowych w Polsce jako czynnik zarz\u0105dzania prawami w\u0142asno\u015bci intelektualnej tw\u00f3rc\u00f3w, [w:] VII Mi\u0119dzynarodowa Konferencja \u201eZarz\u0105dzanie w Edukacji\u201d, Lw\u00f3w 2015.<\/li>\n<li>\u201eTransfer of intellectual property rights from science to business in accordance to polish law regulations\u201d, [w:] Pr\u00e1vn\u012d ROZPRAVY 2016 (vol. VI), Theory, Evolution, Practices of Law, Hradec Kr\u00e1lov\u011b, The Czech Republic.<\/li>\n<li>\u201eOchrona danych osobowych w polskich plac\u00f3wkach medycznych\u201d [w:] Hradeck\u011b ekonomick\u011b dny 2017, ro\u010d. 7 (1), Hradec Kralove, 2017<\/li>\n<li>\u201eAspekty prawne i finansowe przetwarzania danych w chmurze (cloud computing)\u201d [w:] D. \u017bak (red.), W\u0142asno\u015b\u0107 intelektualna w sieci, Towarzystwo Naukowe KUL Jana Paw\u0142a II, Lublin 2017.<\/li>\n<li>\u201ePrawo do \u017cywno\u015bci a regulacje mi\u0119dzynarodowe\u201d [w:] \u0141. Pilarz (red.), Prawo publiczne i prawo karne w XXI wieku. Wybrane zagadnienia, wyd. Tygiel, Lublin 2019.<\/li>\n<li>\u201eRola telewizji oraz radia w wietnamskim i rwandyjskim konflikcie zbrojnym\u201d [w:] M. \u015aliwa, A. Surma (red.), Analiza wybranych problem\u00f3w z zakresu nauk spo\u0142ecznych. Tom 2, wyd. Tygiel, Lublin 2019.<\/li>\n<\/ul>\n<p><strong>Artyku\u0142y naukowe w wydawnictwach krajowych i zagranicznych, w tym m.in.:<\/strong><\/p>\n<ul>\n<li>&#8222;Odpowiedzialno\u015b\u0107 prawnomi\u0119dzynarodowa jednostki w \u015bwietle kazusu O. Al-Bashira, A.Haruna i A. Kushayba&#8221; Studia Iuridica Lubliniensa, t. 14, 2010.<\/li>\n<li>\u201eUw\u0142aszczenie naukowc\u00f3w czyli s\u0142\u00f3w kilka o transferze praw w\u0142asno\u015bci intelektualnej z nauki do biznesu [w:] P. Lenik (red.) prace naukowo-dydaktyczne PWSZ im. S. Pigonia w Kro\u015bnie, Krosno 2015.<\/li>\n<li>\u201eZarz\u0105dzanie w\u0142asno\u015bci\u0105 intelektualn\u0105 i innowacyjno\u015b\u0107 projekt\u00f3w badawczo-rozwojowych w polskich przedsi\u0119biorstwach\u201d [w:] P. Lenik (red.) prace naukowo-dydaktyczne PWSZ im. S. Pigonia w Kro\u015bnie, nr 70, Krosno 2016.<\/li>\n<li>\u201eManagement of intellectual property in polish companies\u201d [w:] Zeszyty Naukowe WSH \u201eZarz\u0105dzanie\u201d, nr 2, Sosnowiec, 2017.<\/li>\n<li>\u201eOchrona danych osobowych i prawa do informacji- konsekwencje naruszenia przepis\u00f3w o ochronie danych osobowych\u201d [w:] P. Lenik (red.) prace naukowo-dydaktyczne PWSZ im. S. Pigonia w Kro\u015bnie, nr 72, Krosno 2017.<\/li>\n<li>\u201eThe law to food and international regulations\u201d, [w:] Herbalism, nr 1 (5), Krosno 2019.<\/li>\n<li>\u201eProtection of personal data in public institutions- selected issues\u201d, Zeszyty Naukowe WSH \u201eZarz\u0105dzanie\u201d, nr 1, Sosnowiec, 2019.<\/li>\n<\/ul>\n<hr>\n<p>&nbsp;<\/p>\n","protected":false},"excerpt":{"rendered":"<p>Jest autork\u0105 i wsp\u00f3\u0142autork\u0105: 2 monografii i ponad 20 artyku\u0142\u00f3w naukowych. Monografie \u201eKonflikt w Darfurze w \u015bwietle prawa mi\u0119dzynarodowego\u201d, wyd. Adam Marsza\u0142ek, Toru\u0144 2014 &#8211; \u201eAspekty prawne zarz\u0105dzania organizacjami w Polsce\u201d [w:] P. Lenik (red.), Zarz\u0105dzanie organizacjami,rozdzia\u0142 20 w monografii Zak\u0142adu Zarz\u0105dzania PWSZ im S. Pigonia w Kro\u015bnie, Krosno 2018. [\u2026] <\/p>\n<div class=\"clear\"><\/div>\n<p><a class=\"more_link clearfix\" href=\"https:\/\/pans.krosno.pl\/pracownicy\/anna-slowik\/anna-slowik-najwazniejsze-publikacje\/\" rel=\"nofollow\">Read More<\/a><\/p>\n","protected":false},"author":36,"featured_media":0,"parent":1609,"menu_order":0,"comment_status":"closed","ping_status":"closed","template":"","meta":{"ngg_post_thumbnail":0,"footnotes":""},"class_list":["post-1634","page","type-page","status-publish","hentry"],"yoast_head":"<!-- This site is optimized with the Yoast SEO Premium plugin v27.4 (Yoast SEO v27.4) - https:\/\/yoast.com\/product\/yoast-seo-premium-wordpress\/ -->\n<title>dr Anna S\u0142owik - Najwa\u017cniejsze publikacje - Pracownicy PANS w Kro\u015bnie<\/title>\n<meta name=\"robots\" content=\"index, follow, max-snippet:-1, max-image-preview:large, max-video-preview:-1\" \/>\n<link rel=\"canonical\" href=\"https:\/\/pans.krosno.pl\/pracownicy\/anna-slowik\/anna-slowik-najwazniejsze-publikacje\/\" \/>\n<meta property=\"og:locale\" content=\"pl_PL\" \/>\n<meta property=\"og:type\" content=\"article\" \/>\n<meta property=\"og:title\" content=\"dr Anna S\u0142owik - Najwa\u017cniejsze publikacje\" \/>\n<meta property=\"og:description\" content=\"Jest autork\u0105 i wsp\u00f3\u0142autork\u0105: 2 monografii i ponad 20 artyku\u0142\u00f3w naukowych. Monografie \u201eKonflikt w Darfurze w \u015bwietle prawa mi\u0119dzynarodowego\u201d, wyd. Adam Marsza\u0142ek, Toru\u0144 2014 &#8211; \u201eAspekty prawne zarz\u0105dzania organizacjami w Polsce\u201d [w:] P. Lenik (red.), Zarz\u0105dzanie organizacjami,rozdzia\u0142 20 w monografii Zak\u0142adu Zarz\u0105dzania PWSZ im S. Pigonia w Kro\u015bnie, Krosno 2018. [\u2026] Read More\" \/>\n<meta property=\"og:url\" content=\"https:\/\/pans.krosno.pl\/pracownicy\/anna-slowik\/anna-slowik-najwazniejsze-publikacje\/\" \/>\n<meta property=\"og:site_name\" content=\"Pracownicy PANS w Kro\u015bnie\" \/>\n<meta property=\"article:modified_time\" content=\"2025-05-20T11:30:42+00:00\" \/>\n<meta name=\"twitter:card\" content=\"summary_large_image\" \/>\n<meta name=\"twitter:label1\" content=\"Szacowany czas czytania\" \/>\n\t<meta name=\"twitter:data1\" content=\"3 minuty\" \/>\n<script type=\"application\/ld+json\" class=\"yoast-schema-graph\">{\"@context\":\"https:\\\/\\\/schema.org\",\"@graph\":[{\"@type\":\"WebPage\",\"@id\":\"https:\\\/\\\/pans.krosno.pl\\\/pracownicy\\\/anna-slowik\\\/anna-slowik-najwazniejsze-publikacje\\\/\",\"url\":\"https:\\\/\\\/pans.krosno.pl\\\/pracownicy\\\/anna-slowik\\\/anna-slowik-najwazniejsze-publikacje\\\/\",\"name\":\"dr Anna S\u0142owik - Najwa\u017cniejsze publikacje - Pracownicy PANS w Kro\u015bnie\",\"isPartOf\":{\"@id\":\"https:\\\/\\\/pans.krosno.pl\\\/pracownicy\\\/#website\"},\"datePublished\":\"2020-04-03T13:28:23+00:00\",\"dateModified\":\"2025-05-20T11:30:42+00:00\",\"breadcrumb\":{\"@id\":\"https:\\\/\\\/pans.krosno.pl\\\/pracownicy\\\/anna-slowik\\\/anna-slowik-najwazniejsze-publikacje\\\/#breadcrumb\"},\"inLanguage\":\"pl-PL\",\"potentialAction\":[{\"@type\":\"ReadAction\",\"target\":[\"https:\\\/\\\/pans.krosno.pl\\\/pracownicy\\\/anna-slowik\\\/anna-slowik-najwazniejsze-publikacje\\\/\"]}]},{\"@type\":\"BreadcrumbList\",\"@id\":\"https:\\\/\\\/pans.krosno.pl\\\/pracownicy\\\/anna-slowik\\\/anna-slowik-najwazniejsze-publikacje\\\/#breadcrumb\",\"itemListElement\":[{\"@type\":\"ListItem\",\"position\":1,\"name\":\"Strona g\u0142\u00f3wna\",\"item\":\"https:\\\/\\\/pans.krosno.pl\\\/pracownicy\\\/\"},{\"@type\":\"ListItem\",\"position\":2,\"name\":\"dr Anna S\u0142owik\",\"item\":\"https:\\\/\\\/pans.krosno.pl\\\/pracownicy\\\/anna-slowik\\\/\"},{\"@type\":\"ListItem\",\"position\":3,\"name\":\"dr Anna S\u0142owik &#8211; Najwa\u017cniejsze publikacje\"}]},{\"@type\":\"WebSite\",\"@id\":\"https:\\\/\\\/pans.krosno.pl\\\/pracownicy\\\/#website\",\"url\":\"https:\\\/\\\/pans.krosno.pl\\\/pracownicy\\\/\",\"name\":\"Pracownicy PANS w Kro\u015bnie\",\"description\":\"Pracownicy - Pa\u0144stwowa Akademia Nauk Stosowanych\",\"publisher\":{\"@id\":\"https:\\\/\\\/pans.krosno.pl\\\/pracownicy\\\/#organization\"},\"potentialAction\":[{\"@type\":\"SearchAction\",\"target\":{\"@type\":\"EntryPoint\",\"urlTemplate\":\"https:\\\/\\\/pans.krosno.pl\\\/pracownicy\\\/?s={search_term_string}\"},\"query-input\":{\"@type\":\"PropertyValueSpecification\",\"valueRequired\":true,\"valueName\":\"search_term_string\"}}],\"inLanguage\":\"pl-PL\"},{\"@type\":\"Organization\",\"@id\":\"https:\\\/\\\/pans.krosno.pl\\\/pracownicy\\\/#organization\",\"name\":\"Pracownicy PANS w Kro\u015bnie\",\"url\":\"https:\\\/\\\/pans.krosno.pl\\\/pracownicy\\\/\",\"logo\":{\"@type\":\"ImageObject\",\"inLanguage\":\"pl-PL\",\"@id\":\"https:\\\/\\\/pans.krosno.pl\\\/pracownicy\\\/#\\\/schema\\\/logo\\\/image\\\/\",\"url\":\"https:\\\/\\\/pans.krosno.pl\\\/pracownicy\\\/wp-content\\\/uploads\\\/sites\\\/41\\\/2023\\\/01\\\/Logo-PANS-2022-pelne.png\",\"contentUrl\":\"https:\\\/\\\/pans.krosno.pl\\\/pracownicy\\\/wp-content\\\/uploads\\\/sites\\\/41\\\/2023\\\/01\\\/Logo-PANS-2022-pelne.png\",\"width\":3096,\"height\":696,\"caption\":\"Pracownicy PANS w Kro\u015bnie\"},\"image\":{\"@id\":\"https:\\\/\\\/pans.krosno.pl\\\/pracownicy\\\/#\\\/schema\\\/logo\\\/image\\\/\"}}]}<\/script>\n<!-- \/ Yoast SEO Premium plugin. -->","yoast_head_json":{"title":"dr Anna S\u0142owik - Najwa\u017cniejsze publikacje - Pracownicy PANS w Kro\u015bnie","robots":{"index":"index","follow":"follow","max-snippet":"max-snippet:-1","max-image-preview":"max-image-preview:large","max-video-preview":"max-video-preview:-1"},"canonical":"https:\/\/pans.krosno.pl\/pracownicy\/anna-slowik\/anna-slowik-najwazniejsze-publikacje\/","og_locale":"pl_PL","og_type":"article","og_title":"dr Anna S\u0142owik - Najwa\u017cniejsze publikacje","og_description":"Jest autork\u0105 i wsp\u00f3\u0142autork\u0105: 2 monografii i ponad 20 artyku\u0142\u00f3w naukowych. Monografie \u201eKonflikt w Darfurze w \u015bwietle prawa mi\u0119dzynarodowego\u201d, wyd. Adam Marsza\u0142ek, Toru\u0144 2014 &#8211; \u201eAspekty prawne zarz\u0105dzania organizacjami w Polsce\u201d [w:] P. Lenik (red.), Zarz\u0105dzanie organizacjami,rozdzia\u0142 20 w monografii Zak\u0142adu Zarz\u0105dzania PWSZ im S. Pigonia w Kro\u015bnie, Krosno 2018. [\u2026] Read More","og_url":"https:\/\/pans.krosno.pl\/pracownicy\/anna-slowik\/anna-slowik-najwazniejsze-publikacje\/","og_site_name":"Pracownicy PANS w Kro\u015bnie","article_modified_time":"2025-05-20T11:30:42+00:00","twitter_card":"summary_large_image","twitter_misc":{"Szacowany czas czytania":"3 minuty"},"schema":{"@context":"https:\/\/schema.org","@graph":[{"@type":"WebPage","@id":"https:\/\/pans.krosno.pl\/pracownicy\/anna-slowik\/anna-slowik-najwazniejsze-publikacje\/","url":"https:\/\/pans.krosno.pl\/pracownicy\/anna-slowik\/anna-slowik-najwazniejsze-publikacje\/","name":"dr Anna S\u0142owik - Najwa\u017cniejsze publikacje - Pracownicy PANS w Kro\u015bnie","isPartOf":{"@id":"https:\/\/pans.krosno.pl\/pracownicy\/#website"},"datePublished":"2020-04-03T13:28:23+00:00","dateModified":"2025-05-20T11:30:42+00:00","breadcrumb":{"@id":"https:\/\/pans.krosno.pl\/pracownicy\/anna-slowik\/anna-slowik-najwazniejsze-publikacje\/#breadcrumb"},"inLanguage":"pl-PL","potentialAction":[{"@type":"ReadAction","target":["https:\/\/pans.krosno.pl\/pracownicy\/anna-slowik\/anna-slowik-najwazniejsze-publikacje\/"]}]},{"@type":"BreadcrumbList","@id":"https:\/\/pans.krosno.pl\/pracownicy\/anna-slowik\/anna-slowik-najwazniejsze-publikacje\/#breadcrumb","itemListElement":[{"@type":"ListItem","position":1,"name":"Strona g\u0142\u00f3wna","item":"https:\/\/pans.krosno.pl\/pracownicy\/"},{"@type":"ListItem","position":2,"name":"dr Anna S\u0142owik","item":"https:\/\/pans.krosno.pl\/pracownicy\/anna-slowik\/"},{"@type":"ListItem","position":3,"name":"dr Anna S\u0142owik &#8211; Najwa\u017cniejsze publikacje"}]},{"@type":"WebSite","@id":"https:\/\/pans.krosno.pl\/pracownicy\/#website","url":"https:\/\/pans.krosno.pl\/pracownicy\/","name":"Pracownicy PANS w Kro\u015bnie","description":"Pracownicy - Pa\u0144stwowa Akademia Nauk Stosowanych","publisher":{"@id":"https:\/\/pans.krosno.pl\/pracownicy\/#organization"},"potentialAction":[{"@type":"SearchAction","target":{"@type":"EntryPoint","urlTemplate":"https:\/\/pans.krosno.pl\/pracownicy\/?s={search_term_string}"},"query-input":{"@type":"PropertyValueSpecification","valueRequired":true,"valueName":"search_term_string"}}],"inLanguage":"pl-PL"},{"@type":"Organization","@id":"https:\/\/pans.krosno.pl\/pracownicy\/#organization","name":"Pracownicy PANS w Kro\u015bnie","url":"https:\/\/pans.krosno.pl\/pracownicy\/","logo":{"@type":"ImageObject","inLanguage":"pl-PL","@id":"https:\/\/pans.krosno.pl\/pracownicy\/#\/schema\/logo\/image\/","url":"https:\/\/pans.krosno.pl\/pracownicy\/wp-content\/uploads\/sites\/41\/2023\/01\/Logo-PANS-2022-pelne.png","contentUrl":"https:\/\/pans.krosno.pl\/pracownicy\/wp-content\/uploads\/sites\/41\/2023\/01\/Logo-PANS-2022-pelne.png","width":3096,"height":696,"caption":"Pracownicy PANS w Kro\u015bnie"},"image":{"@id":"https:\/\/pans.krosno.pl\/pracownicy\/#\/schema\/logo\/image\/"}}]}},"_links":{"self":[{"href":"https:\/\/pans.krosno.pl\/pracownicy\/wp-json\/wp\/v2\/pages\/1634","targetHints":{"allow":["GET"]}}],"collection":[{"href":"https:\/\/pans.krosno.pl\/pracownicy\/wp-json\/wp\/v2\/pages"}],"about":[{"href":"https:\/\/pans.krosno.pl\/pracownicy\/wp-json\/wp\/v2\/types\/page"}],"author":[{"embeddable":true,"href":"https:\/\/pans.krosno.pl\/pracownicy\/wp-json\/wp\/v2\/users\/36"}],"replies":[{"embeddable":true,"href":"https:\/\/pans.krosno.pl\/pracownicy\/wp-json\/wp\/v2\/comments?post=1634"}],"version-history":[{"count":7,"href":"https:\/\/pans.krosno.pl\/pracownicy\/wp-json\/wp\/v2\/pages\/1634\/revisions"}],"predecessor-version":[{"id":10949,"href":"https:\/\/pans.krosno.pl\/pracownicy\/wp-json\/wp\/v2\/pages\/1634\/revisions\/10949"}],"up":[{"embeddable":true,"href":"https:\/\/pans.krosno.pl\/pracownicy\/wp-json\/wp\/v2\/pages\/1609"}],"wp:attachment":[{"href":"https:\/\/pans.krosno.pl\/pracownicy\/wp-json\/wp\/v2\/media?parent=1634"}],"curies":[{"name":"wp","href":"https:\/\/api.w.org\/{rel}","templated":true}]}}