{"id":1633,"date":"2020-04-03T15:25:19","date_gmt":"2020-04-03T13:25:19","guid":{"rendered":"https:\/\/pans.krosno.pl\/pracownicy\/?page_id=1633"},"modified":"2025-05-16T12:12:45","modified_gmt":"2025-05-16T10:12:45","slug":"teresa-przyprawa-doswiadczenie-pozauczelniane","status":"publish","type":"page","link":"https:\/\/pans.krosno.pl\/pracownicy\/teresa-przyprawa\/teresa-przyprawa-doswiadczenie-pozauczelniane\/","title":{"rendered":"mgr Teresa Przyprawa &#8211; Do\u015bwiadczenie pozauczelniane"},"content":{"rendered":"<hr>\n<ul>\n<li>Praca na stanowisku nauczyciela j. angielskiego w Nauczycielskim Kolegium J\u0119zyk\u00f3w Obcych w Kro\u015bnie (stopie\u0144 nauczyiela mianowanego),<\/li>\n<li>Zaj\u0119cia na uczelniach zagranicznych (HAN University of Applied Sciences 2019, Hogeschool Utrecht 2018, University of Adelaide 2017, University of Cadiz, 2017, Faculty of Media, Ljubljana 2016, Univerza na Primorskem, Koper, 2015),<\/li>\n<li>Nauczanie j\u0119zyka angielskiego i prowadzenie kurs\u00f3w j\u0119zykowych na poziomach A1-C2,<\/li>\n<li>Praca t\u0142umaczeniowa (t\u0142umaczenia m.in. z dziedziny medycyny, sportu, matematyki).<\/li>\n<\/ul>\n<hr>\n<p>&nbsp;<\/p>\n","protected":false},"excerpt":{"rendered":"<p>Praca na stanowisku nauczyciela j. angielskiego w Nauczycielskim Kolegium J\u0119zyk\u00f3w Obcych w Kro\u015bnie (stopie\u0144 nauczyiela mianowanego), Zaj\u0119cia na uczelniach zagranicznych (HAN University of Applied Sciences 2019, Hogeschool Utrecht 2018, University of Adelaide 2017, University of Cadiz, 2017, Faculty of Media, Ljubljana 2016, Univerza na Primorskem, Koper, 2015), Nauczanie j\u0119zyka angielskiego [\u2026] <\/p>\n<div class=\"clear\"><\/div>\n<p><a class=\"more_link clearfix\" href=\"https:\/\/pans.krosno.pl\/pracownicy\/teresa-przyprawa\/teresa-przyprawa-doswiadczenie-pozauczelniane\/\" rel=\"nofollow\">Read More<\/a><\/p>\n","protected":false},"author":34,"featured_media":0,"parent":1618,"menu_order":0,"comment_status":"closed","ping_status":"closed","template":"","meta":{"ngg_post_thumbnail":0,"footnotes":""},"class_list":["post-1633","page","type-page","status-publish","hentry"],"yoast_head":"<!-- This site is optimized with the Yoast SEO Premium plugin v27.3 (Yoast SEO v27.3) - https:\/\/yoast.com\/product\/yoast-seo-premium-wordpress\/ -->\n<title>mgr Teresa Przyprawa - Do\u015bwiadczenie pozauczelniane - Pracownicy PANS w Kro\u015bnie<\/title>\n<meta name=\"robots\" content=\"index, follow, max-snippet:-1, max-image-preview:large, max-video-preview:-1\" \/>\n<link rel=\"canonical\" href=\"https:\/\/pans.krosno.pl\/pracownicy\/teresa-przyprawa\/teresa-przyprawa-doswiadczenie-pozauczelniane\/\" \/>\n<meta property=\"og:locale\" content=\"pl_PL\" \/>\n<meta property=\"og:type\" content=\"article\" \/>\n<meta property=\"og:title\" content=\"mgr Teresa Przyprawa - Do\u015bwiadczenie pozauczelniane\" \/>\n<meta property=\"og:description\" content=\"Praca na stanowisku nauczyciela j. angielskiego w Nauczycielskim Kolegium J\u0119zyk\u00f3w Obcych w Kro\u015bnie (stopie\u0144 nauczyiela mianowanego), Zaj\u0119cia na uczelniach zagranicznych (HAN University of Applied Sciences 2019, Hogeschool Utrecht 2018, University of Adelaide 2017, University of Cadiz, 2017, Faculty of Media, Ljubljana 2016, Univerza na Primorskem, Koper, 2015), Nauczanie j\u0119zyka angielskiego [\u2026] Read More\" \/>\n<meta property=\"og:url\" content=\"https:\/\/pans.krosno.pl\/pracownicy\/teresa-przyprawa\/teresa-przyprawa-doswiadczenie-pozauczelniane\/\" \/>\n<meta property=\"og:site_name\" content=\"Pracownicy PANS w Kro\u015bnie\" \/>\n<meta property=\"article:modified_time\" content=\"2025-05-16T10:12:45+00:00\" \/>\n<meta name=\"twitter:card\" content=\"summary_large_image\" \/>\n<meta name=\"twitter:label1\" content=\"Szacowany czas czytania\" \/>\n\t<meta name=\"twitter:data1\" content=\"1 minuta\" \/>\n<script type=\"application\/ld+json\" class=\"yoast-schema-graph\">{\"@context\":\"https:\\\/\\\/schema.org\",\"@graph\":[{\"@type\":\"WebPage\",\"@id\":\"https:\\\/\\\/pans.krosno.pl\\\/pracownicy\\\/teresa-przyprawa\\\/teresa-przyprawa-doswiadczenie-pozauczelniane\\\/\",\"url\":\"https:\\\/\\\/pans.krosno.pl\\\/pracownicy\\\/teresa-przyprawa\\\/teresa-przyprawa-doswiadczenie-pozauczelniane\\\/\",\"name\":\"mgr Teresa Przyprawa - Do\u015bwiadczenie pozauczelniane - Pracownicy PANS w Kro\u015bnie\",\"isPartOf\":{\"@id\":\"https:\\\/\\\/pans.krosno.pl\\\/pracownicy\\\/#website\"},\"datePublished\":\"2020-04-03T13:25:19+00:00\",\"dateModified\":\"2025-05-16T10:12:45+00:00\",\"breadcrumb\":{\"@id\":\"https:\\\/\\\/pans.krosno.pl\\\/pracownicy\\\/teresa-przyprawa\\\/teresa-przyprawa-doswiadczenie-pozauczelniane\\\/#breadcrumb\"},\"inLanguage\":\"pl-PL\",\"potentialAction\":[{\"@type\":\"ReadAction\",\"target\":[\"https:\\\/\\\/pans.krosno.pl\\\/pracownicy\\\/teresa-przyprawa\\\/teresa-przyprawa-doswiadczenie-pozauczelniane\\\/\"]}]},{\"@type\":\"BreadcrumbList\",\"@id\":\"https:\\\/\\\/pans.krosno.pl\\\/pracownicy\\\/teresa-przyprawa\\\/teresa-przyprawa-doswiadczenie-pozauczelniane\\\/#breadcrumb\",\"itemListElement\":[{\"@type\":\"ListItem\",\"position\":1,\"name\":\"Strona g\u0142\u00f3wna\",\"item\":\"https:\\\/\\\/pans.krosno.pl\\\/pracownicy\\\/\"},{\"@type\":\"ListItem\",\"position\":2,\"name\":\"mgr Teresa Przyprawa\",\"item\":\"https:\\\/\\\/pans.krosno.pl\\\/pracownicy\\\/teresa-przyprawa\\\/\"},{\"@type\":\"ListItem\",\"position\":3,\"name\":\"mgr Teresa Przyprawa &#8211; Do\u015bwiadczenie pozauczelniane\"}]},{\"@type\":\"WebSite\",\"@id\":\"https:\\\/\\\/pans.krosno.pl\\\/pracownicy\\\/#website\",\"url\":\"https:\\\/\\\/pans.krosno.pl\\\/pracownicy\\\/\",\"name\":\"Pracownicy PANS w Kro\u015bnie\",\"description\":\"Pracownicy - Pa\u0144stwowa Akademia Nauk Stosowanych\",\"publisher\":{\"@id\":\"https:\\\/\\\/pans.krosno.pl\\\/pracownicy\\\/#organization\"},\"potentialAction\":[{\"@type\":\"SearchAction\",\"target\":{\"@type\":\"EntryPoint\",\"urlTemplate\":\"https:\\\/\\\/pans.krosno.pl\\\/pracownicy\\\/?s={search_term_string}\"},\"query-input\":{\"@type\":\"PropertyValueSpecification\",\"valueRequired\":true,\"valueName\":\"search_term_string\"}}],\"inLanguage\":\"pl-PL\"},{\"@type\":\"Organization\",\"@id\":\"https:\\\/\\\/pans.krosno.pl\\\/pracownicy\\\/#organization\",\"name\":\"Pracownicy PANS w Kro\u015bnie\",\"url\":\"https:\\\/\\\/pans.krosno.pl\\\/pracownicy\\\/\",\"logo\":{\"@type\":\"ImageObject\",\"inLanguage\":\"pl-PL\",\"@id\":\"https:\\\/\\\/pans.krosno.pl\\\/pracownicy\\\/#\\\/schema\\\/logo\\\/image\\\/\",\"url\":\"https:\\\/\\\/pans.krosno.pl\\\/pracownicy\\\/wp-content\\\/uploads\\\/sites\\\/41\\\/2023\\\/01\\\/Logo-PANS-2022-pelne.png\",\"contentUrl\":\"https:\\\/\\\/pans.krosno.pl\\\/pracownicy\\\/wp-content\\\/uploads\\\/sites\\\/41\\\/2023\\\/01\\\/Logo-PANS-2022-pelne.png\",\"width\":3096,\"height\":696,\"caption\":\"Pracownicy PANS w Kro\u015bnie\"},\"image\":{\"@id\":\"https:\\\/\\\/pans.krosno.pl\\\/pracownicy\\\/#\\\/schema\\\/logo\\\/image\\\/\"}}]}<\/script>\n<!-- \/ Yoast SEO Premium plugin. -->","yoast_head_json":{"title":"mgr Teresa Przyprawa - Do\u015bwiadczenie pozauczelniane - Pracownicy PANS w Kro\u015bnie","robots":{"index":"index","follow":"follow","max-snippet":"max-snippet:-1","max-image-preview":"max-image-preview:large","max-video-preview":"max-video-preview:-1"},"canonical":"https:\/\/pans.krosno.pl\/pracownicy\/teresa-przyprawa\/teresa-przyprawa-doswiadczenie-pozauczelniane\/","og_locale":"pl_PL","og_type":"article","og_title":"mgr Teresa Przyprawa - Do\u015bwiadczenie pozauczelniane","og_description":"Praca na stanowisku nauczyciela j. angielskiego w Nauczycielskim Kolegium J\u0119zyk\u00f3w Obcych w Kro\u015bnie (stopie\u0144 nauczyiela mianowanego), Zaj\u0119cia na uczelniach zagranicznych (HAN University of Applied Sciences 2019, Hogeschool Utrecht 2018, University of Adelaide 2017, University of Cadiz, 2017, Faculty of Media, Ljubljana 2016, Univerza na Primorskem, Koper, 2015), Nauczanie j\u0119zyka angielskiego [\u2026] Read More","og_url":"https:\/\/pans.krosno.pl\/pracownicy\/teresa-przyprawa\/teresa-przyprawa-doswiadczenie-pozauczelniane\/","og_site_name":"Pracownicy PANS w Kro\u015bnie","article_modified_time":"2025-05-16T10:12:45+00:00","twitter_card":"summary_large_image","twitter_misc":{"Szacowany czas czytania":"1 minuta"},"schema":{"@context":"https:\/\/schema.org","@graph":[{"@type":"WebPage","@id":"https:\/\/pans.krosno.pl\/pracownicy\/teresa-przyprawa\/teresa-przyprawa-doswiadczenie-pozauczelniane\/","url":"https:\/\/pans.krosno.pl\/pracownicy\/teresa-przyprawa\/teresa-przyprawa-doswiadczenie-pozauczelniane\/","name":"mgr Teresa Przyprawa - Do\u015bwiadczenie pozauczelniane - Pracownicy PANS w Kro\u015bnie","isPartOf":{"@id":"https:\/\/pans.krosno.pl\/pracownicy\/#website"},"datePublished":"2020-04-03T13:25:19+00:00","dateModified":"2025-05-16T10:12:45+00:00","breadcrumb":{"@id":"https:\/\/pans.krosno.pl\/pracownicy\/teresa-przyprawa\/teresa-przyprawa-doswiadczenie-pozauczelniane\/#breadcrumb"},"inLanguage":"pl-PL","potentialAction":[{"@type":"ReadAction","target":["https:\/\/pans.krosno.pl\/pracownicy\/teresa-przyprawa\/teresa-przyprawa-doswiadczenie-pozauczelniane\/"]}]},{"@type":"BreadcrumbList","@id":"https:\/\/pans.krosno.pl\/pracownicy\/teresa-przyprawa\/teresa-przyprawa-doswiadczenie-pozauczelniane\/#breadcrumb","itemListElement":[{"@type":"ListItem","position":1,"name":"Strona g\u0142\u00f3wna","item":"https:\/\/pans.krosno.pl\/pracownicy\/"},{"@type":"ListItem","position":2,"name":"mgr Teresa Przyprawa","item":"https:\/\/pans.krosno.pl\/pracownicy\/teresa-przyprawa\/"},{"@type":"ListItem","position":3,"name":"mgr Teresa Przyprawa &#8211; Do\u015bwiadczenie pozauczelniane"}]},{"@type":"WebSite","@id":"https:\/\/pans.krosno.pl\/pracownicy\/#website","url":"https:\/\/pans.krosno.pl\/pracownicy\/","name":"Pracownicy PANS w Kro\u015bnie","description":"Pracownicy - Pa\u0144stwowa Akademia Nauk Stosowanych","publisher":{"@id":"https:\/\/pans.krosno.pl\/pracownicy\/#organization"},"potentialAction":[{"@type":"SearchAction","target":{"@type":"EntryPoint","urlTemplate":"https:\/\/pans.krosno.pl\/pracownicy\/?s={search_term_string}"},"query-input":{"@type":"PropertyValueSpecification","valueRequired":true,"valueName":"search_term_string"}}],"inLanguage":"pl-PL"},{"@type":"Organization","@id":"https:\/\/pans.krosno.pl\/pracownicy\/#organization","name":"Pracownicy PANS w Kro\u015bnie","url":"https:\/\/pans.krosno.pl\/pracownicy\/","logo":{"@type":"ImageObject","inLanguage":"pl-PL","@id":"https:\/\/pans.krosno.pl\/pracownicy\/#\/schema\/logo\/image\/","url":"https:\/\/pans.krosno.pl\/pracownicy\/wp-content\/uploads\/sites\/41\/2023\/01\/Logo-PANS-2022-pelne.png","contentUrl":"https:\/\/pans.krosno.pl\/pracownicy\/wp-content\/uploads\/sites\/41\/2023\/01\/Logo-PANS-2022-pelne.png","width":3096,"height":696,"caption":"Pracownicy PANS w Kro\u015bnie"},"image":{"@id":"https:\/\/pans.krosno.pl\/pracownicy\/#\/schema\/logo\/image\/"}}]}},"_links":{"self":[{"href":"https:\/\/pans.krosno.pl\/pracownicy\/wp-json\/wp\/v2\/pages\/1633","targetHints":{"allow":["GET"]}}],"collection":[{"href":"https:\/\/pans.krosno.pl\/pracownicy\/wp-json\/wp\/v2\/pages"}],"about":[{"href":"https:\/\/pans.krosno.pl\/pracownicy\/wp-json\/wp\/v2\/types\/page"}],"author":[{"embeddable":true,"href":"https:\/\/pans.krosno.pl\/pracownicy\/wp-json\/wp\/v2\/users\/34"}],"replies":[{"embeddable":true,"href":"https:\/\/pans.krosno.pl\/pracownicy\/wp-json\/wp\/v2\/comments?post=1633"}],"version-history":[{"count":6,"href":"https:\/\/pans.krosno.pl\/pracownicy\/wp-json\/wp\/v2\/pages\/1633\/revisions"}],"predecessor-version":[{"id":10646,"href":"https:\/\/pans.krosno.pl\/pracownicy\/wp-json\/wp\/v2\/pages\/1633\/revisions\/10646"}],"up":[{"embeddable":true,"href":"https:\/\/pans.krosno.pl\/pracownicy\/wp-json\/wp\/v2\/pages\/1618"}],"wp:attachment":[{"href":"https:\/\/pans.krosno.pl\/pracownicy\/wp-json\/wp\/v2\/media?parent=1633"}],"curies":[{"name":"wp","href":"https:\/\/api.w.org\/{rel}","templated":true}]}}