{"id":1614,"date":"2020-04-03T15:18:32","date_gmt":"2020-04-03T13:18:32","guid":{"rendered":"https:\/\/pans.krosno.pl\/pracownicy\/?page_id=1614"},"modified":"2025-05-16T08:58:22","modified_gmt":"2025-05-16T06:58:22","slug":"ewa-newerle-wolska-najwazniejsze-publikacje","status":"publish","type":"page","link":"https:\/\/pans.krosno.pl\/pracownicy\/ewa-newerle-wolska\/ewa-newerle-wolska-najwazniejsze-publikacje\/","title":{"rendered":"dr Ewa Newerle-Wolska &#8211; Najwa\u017cniejsze publikacje"},"content":{"rendered":"<hr>\n<p><strong>Autorka i wsp\u00f3\u0142autorka artyku\u0142\u00f3w naukowych, m.in.:<\/strong><\/p>\n<p>\u2018Brexit: The Uncivil War\u2019: A Permanent War or Just a Battle? The Polish Perspective (2020), w: <em>Journal of Literary and Cultural Studies (SKASE),<\/em> Koszyce, S\u0142owacja, (w druku)<\/p>\n<p>One Nation, Two National Identities: The Impact of Politics and the Media on Recent Shift in Identity Construction in Poland (2020), w: <em>Oc\u00e9anide<\/em>, Vol. 12, Spanish Society for the Study of Popular Culture (SELICUP), https:\/\/www.oceanide.es\/index.php\/012020\/issue\/view\/14<\/p>\n<p>Everything Is Not as It Seems: An Inquiry into Selected Reality Shows (2019), w: <em>Language and Culture: Scientific Papers<\/em>, Kutaisi, Gruzja, 136-146.<\/p>\n<p>Poland for Poles only? Attitudes of Poles towards Refugees and Immigrants (2017), w: <em>Svet kult\u00far a trad\u00edci\u00ed slovensko-po\u013esk\u00e9ho pohrani\u010dia. Zvy\u0161ovanie kompetenci\u00ed vysoko\u0161kolsk\u00fdch pedag\u00f3gov v oblasti interkult\u00farneho vzdel\u00e1vania<\/em>, Presov, Slovakia: Presov University. https:\/\/www.unipo.sk\/public\/files\/GTF\/2018\/Intereg\/Svet_kultu__r_a_tradi__cii___slovensko-pol__ske__ho_pohranic__ia_zborni__k.pdf<\/p>\n<p>Women\u2019s Position in Politics and the Labour Market in Contemporary Poland (2015), w: <em>Global Partners in Education Journal<\/em>, Vol. 5 no 2, 92-98. <a href=\"http:\/\/www.gpejournal.org\/index.php\/GPEJ\/issue\/view\/6\">http:\/\/www.gpejournal.org\/index.php\/GPEJ\/issue\/view\/6<\/a><\/p>\n<p>The Question of Objectivity in BBC Documentary: Peter Taylor\u2019s Documentary Trilogy on Northern Ireland (2013), w: <em>Papers on Language, Culture and Literature 4, Prace Naukowo-Dydaktyczne PWSZ w Kro\u015bnie<\/em>, Vol. 61, ed. A. Witalisz, Krosno, 127-136.<\/p>\n<p>Reconciliation Cinema in the Northern Irish Cinema of the 90s (2011), w: <em>Language, Literature and Culture in Present-Day context: Contemporary Research Perspectives in Anglophone PhD Studies<\/em>, The Slovak Association for the Study of English (SKASE), Koszyce, S\u0142owacja.<\/p>\n<p>\u2018In the Name of the Father\u2019 \u2013 Docudrama: Facts vs. Falsities (2011), w:&nbsp;<em>Papers on Language, Culture and Literature 3, Prace Naukowo-Dydaktyczne PWSZ w Kro\u015bnie<\/em>, Vol. 55, ed. A. Witalisz, Krosno, 173-180.<\/p>\n<p>&nbsp;<\/p>\n<hr>\n<p>&nbsp;<\/p>\n","protected":false},"excerpt":{"rendered":"<p>Autorka i wsp\u00f3\u0142autorka artyku\u0142\u00f3w naukowych, m.in.: \u2018Brexit: The Uncivil War\u2019: A Permanent War or Just a Battle? The Polish Perspective (2020), w: Journal of Literary and Cultural Studies (SKASE), Koszyce, S\u0142owacja, (w druku) One Nation, Two National Identities: The Impact of Politics and the Media on Recent Shift in Identity [\u2026] <\/p>\n<div class=\"clear\"><\/div>\n<p><a class=\"more_link clearfix\" href=\"https:\/\/pans.krosno.pl\/pracownicy\/ewa-newerle-wolska\/ewa-newerle-wolska-najwazniejsze-publikacje\/\" rel=\"nofollow\">Read More<\/a><\/p>\n","protected":false},"author":34,"featured_media":0,"parent":1601,"menu_order":0,"comment_status":"closed","ping_status":"closed","template":"","meta":{"ngg_post_thumbnail":0,"footnotes":""},"class_list":["post-1614","page","type-page","status-publish","hentry"],"yoast_head":"<!-- This site is optimized with the Yoast SEO Premium plugin v27.3 (Yoast SEO v27.3) - https:\/\/yoast.com\/product\/yoast-seo-premium-wordpress\/ -->\n<title>dr Ewa Newerle-Wolska - Najwa\u017cniejsze publikacje - Pracownicy PANS w Kro\u015bnie<\/title>\n<meta name=\"robots\" content=\"index, follow, max-snippet:-1, max-image-preview:large, max-video-preview:-1\" \/>\n<link rel=\"canonical\" href=\"https:\/\/pans.krosno.pl\/pracownicy\/ewa-newerle-wolska\/ewa-newerle-wolska-najwazniejsze-publikacje\/\" \/>\n<meta property=\"og:locale\" content=\"pl_PL\" \/>\n<meta property=\"og:type\" content=\"article\" \/>\n<meta property=\"og:title\" content=\"dr Ewa Newerle-Wolska - Najwa\u017cniejsze publikacje\" \/>\n<meta property=\"og:description\" content=\"Autorka i wsp\u00f3\u0142autorka artyku\u0142\u00f3w naukowych, m.in.: \u2018Brexit: The Uncivil War\u2019: A Permanent War or Just a Battle? The Polish Perspective (2020), w: Journal of Literary and Cultural Studies (SKASE), Koszyce, S\u0142owacja, (w druku) One Nation, Two National Identities: The Impact of Politics and the Media on Recent Shift in Identity [\u2026] Read More\" \/>\n<meta property=\"og:url\" content=\"https:\/\/pans.krosno.pl\/pracownicy\/ewa-newerle-wolska\/ewa-newerle-wolska-najwazniejsze-publikacje\/\" \/>\n<meta property=\"og:site_name\" content=\"Pracownicy PANS w Kro\u015bnie\" \/>\n<meta property=\"article:modified_time\" content=\"2025-05-16T06:58:22+00:00\" \/>\n<meta name=\"twitter:card\" content=\"summary_large_image\" \/>\n<meta name=\"twitter:label1\" content=\"Szacowany czas czytania\" \/>\n\t<meta name=\"twitter:data1\" content=\"2 minuty\" \/>\n<script type=\"application\/ld+json\" class=\"yoast-schema-graph\">{\"@context\":\"https:\\\/\\\/schema.org\",\"@graph\":[{\"@type\":\"WebPage\",\"@id\":\"https:\\\/\\\/pans.krosno.pl\\\/pracownicy\\\/ewa-newerle-wolska\\\/ewa-newerle-wolska-najwazniejsze-publikacje\\\/\",\"url\":\"https:\\\/\\\/pans.krosno.pl\\\/pracownicy\\\/ewa-newerle-wolska\\\/ewa-newerle-wolska-najwazniejsze-publikacje\\\/\",\"name\":\"dr Ewa Newerle-Wolska - Najwa\u017cniejsze publikacje - Pracownicy PANS w Kro\u015bnie\",\"isPartOf\":{\"@id\":\"https:\\\/\\\/pans.krosno.pl\\\/pracownicy\\\/#website\"},\"datePublished\":\"2020-04-03T13:18:32+00:00\",\"dateModified\":\"2025-05-16T06:58:22+00:00\",\"breadcrumb\":{\"@id\":\"https:\\\/\\\/pans.krosno.pl\\\/pracownicy\\\/ewa-newerle-wolska\\\/ewa-newerle-wolska-najwazniejsze-publikacje\\\/#breadcrumb\"},\"inLanguage\":\"pl-PL\",\"potentialAction\":[{\"@type\":\"ReadAction\",\"target\":[\"https:\\\/\\\/pans.krosno.pl\\\/pracownicy\\\/ewa-newerle-wolska\\\/ewa-newerle-wolska-najwazniejsze-publikacje\\\/\"]}]},{\"@type\":\"BreadcrumbList\",\"@id\":\"https:\\\/\\\/pans.krosno.pl\\\/pracownicy\\\/ewa-newerle-wolska\\\/ewa-newerle-wolska-najwazniejsze-publikacje\\\/#breadcrumb\",\"itemListElement\":[{\"@type\":\"ListItem\",\"position\":1,\"name\":\"Strona g\u0142\u00f3wna\",\"item\":\"https:\\\/\\\/pans.krosno.pl\\\/pracownicy\\\/\"},{\"@type\":\"ListItem\",\"position\":2,\"name\":\"dr Ewa Newerle-Wolska\",\"item\":\"https:\\\/\\\/pans.krosno.pl\\\/pracownicy\\\/ewa-newerle-wolska\\\/\"},{\"@type\":\"ListItem\",\"position\":3,\"name\":\"dr Ewa Newerle-Wolska &#8211; Najwa\u017cniejsze publikacje\"}]},{\"@type\":\"WebSite\",\"@id\":\"https:\\\/\\\/pans.krosno.pl\\\/pracownicy\\\/#website\",\"url\":\"https:\\\/\\\/pans.krosno.pl\\\/pracownicy\\\/\",\"name\":\"Pracownicy PANS w Kro\u015bnie\",\"description\":\"Pracownicy - Pa\u0144stwowa Akademia Nauk Stosowanych\",\"publisher\":{\"@id\":\"https:\\\/\\\/pans.krosno.pl\\\/pracownicy\\\/#organization\"},\"potentialAction\":[{\"@type\":\"SearchAction\",\"target\":{\"@type\":\"EntryPoint\",\"urlTemplate\":\"https:\\\/\\\/pans.krosno.pl\\\/pracownicy\\\/?s={search_term_string}\"},\"query-input\":{\"@type\":\"PropertyValueSpecification\",\"valueRequired\":true,\"valueName\":\"search_term_string\"}}],\"inLanguage\":\"pl-PL\"},{\"@type\":\"Organization\",\"@id\":\"https:\\\/\\\/pans.krosno.pl\\\/pracownicy\\\/#organization\",\"name\":\"Pracownicy PANS w Kro\u015bnie\",\"url\":\"https:\\\/\\\/pans.krosno.pl\\\/pracownicy\\\/\",\"logo\":{\"@type\":\"ImageObject\",\"inLanguage\":\"pl-PL\",\"@id\":\"https:\\\/\\\/pans.krosno.pl\\\/pracownicy\\\/#\\\/schema\\\/logo\\\/image\\\/\",\"url\":\"https:\\\/\\\/pans.krosno.pl\\\/pracownicy\\\/wp-content\\\/uploads\\\/sites\\\/41\\\/2023\\\/01\\\/Logo-PANS-2022-pelne.png\",\"contentUrl\":\"https:\\\/\\\/pans.krosno.pl\\\/pracownicy\\\/wp-content\\\/uploads\\\/sites\\\/41\\\/2023\\\/01\\\/Logo-PANS-2022-pelne.png\",\"width\":3096,\"height\":696,\"caption\":\"Pracownicy PANS w Kro\u015bnie\"},\"image\":{\"@id\":\"https:\\\/\\\/pans.krosno.pl\\\/pracownicy\\\/#\\\/schema\\\/logo\\\/image\\\/\"}}]}<\/script>\n<!-- \/ Yoast SEO Premium plugin. -->","yoast_head_json":{"title":"dr Ewa Newerle-Wolska - Najwa\u017cniejsze publikacje - Pracownicy PANS w Kro\u015bnie","robots":{"index":"index","follow":"follow","max-snippet":"max-snippet:-1","max-image-preview":"max-image-preview:large","max-video-preview":"max-video-preview:-1"},"canonical":"https:\/\/pans.krosno.pl\/pracownicy\/ewa-newerle-wolska\/ewa-newerle-wolska-najwazniejsze-publikacje\/","og_locale":"pl_PL","og_type":"article","og_title":"dr Ewa Newerle-Wolska - Najwa\u017cniejsze publikacje","og_description":"Autorka i wsp\u00f3\u0142autorka artyku\u0142\u00f3w naukowych, m.in.: \u2018Brexit: The Uncivil War\u2019: A Permanent War or Just a Battle? The Polish Perspective (2020), w: Journal of Literary and Cultural Studies (SKASE), Koszyce, S\u0142owacja, (w druku) One Nation, Two National Identities: The Impact of Politics and the Media on Recent Shift in Identity [\u2026] Read More","og_url":"https:\/\/pans.krosno.pl\/pracownicy\/ewa-newerle-wolska\/ewa-newerle-wolska-najwazniejsze-publikacje\/","og_site_name":"Pracownicy PANS w Kro\u015bnie","article_modified_time":"2025-05-16T06:58:22+00:00","twitter_card":"summary_large_image","twitter_misc":{"Szacowany czas czytania":"2 minuty"},"schema":{"@context":"https:\/\/schema.org","@graph":[{"@type":"WebPage","@id":"https:\/\/pans.krosno.pl\/pracownicy\/ewa-newerle-wolska\/ewa-newerle-wolska-najwazniejsze-publikacje\/","url":"https:\/\/pans.krosno.pl\/pracownicy\/ewa-newerle-wolska\/ewa-newerle-wolska-najwazniejsze-publikacje\/","name":"dr Ewa Newerle-Wolska - Najwa\u017cniejsze publikacje - Pracownicy PANS w Kro\u015bnie","isPartOf":{"@id":"https:\/\/pans.krosno.pl\/pracownicy\/#website"},"datePublished":"2020-04-03T13:18:32+00:00","dateModified":"2025-05-16T06:58:22+00:00","breadcrumb":{"@id":"https:\/\/pans.krosno.pl\/pracownicy\/ewa-newerle-wolska\/ewa-newerle-wolska-najwazniejsze-publikacje\/#breadcrumb"},"inLanguage":"pl-PL","potentialAction":[{"@type":"ReadAction","target":["https:\/\/pans.krosno.pl\/pracownicy\/ewa-newerle-wolska\/ewa-newerle-wolska-najwazniejsze-publikacje\/"]}]},{"@type":"BreadcrumbList","@id":"https:\/\/pans.krosno.pl\/pracownicy\/ewa-newerle-wolska\/ewa-newerle-wolska-najwazniejsze-publikacje\/#breadcrumb","itemListElement":[{"@type":"ListItem","position":1,"name":"Strona g\u0142\u00f3wna","item":"https:\/\/pans.krosno.pl\/pracownicy\/"},{"@type":"ListItem","position":2,"name":"dr Ewa Newerle-Wolska","item":"https:\/\/pans.krosno.pl\/pracownicy\/ewa-newerle-wolska\/"},{"@type":"ListItem","position":3,"name":"dr Ewa Newerle-Wolska &#8211; Najwa\u017cniejsze publikacje"}]},{"@type":"WebSite","@id":"https:\/\/pans.krosno.pl\/pracownicy\/#website","url":"https:\/\/pans.krosno.pl\/pracownicy\/","name":"Pracownicy PANS w Kro\u015bnie","description":"Pracownicy - Pa\u0144stwowa Akademia Nauk Stosowanych","publisher":{"@id":"https:\/\/pans.krosno.pl\/pracownicy\/#organization"},"potentialAction":[{"@type":"SearchAction","target":{"@type":"EntryPoint","urlTemplate":"https:\/\/pans.krosno.pl\/pracownicy\/?s={search_term_string}"},"query-input":{"@type":"PropertyValueSpecification","valueRequired":true,"valueName":"search_term_string"}}],"inLanguage":"pl-PL"},{"@type":"Organization","@id":"https:\/\/pans.krosno.pl\/pracownicy\/#organization","name":"Pracownicy PANS w Kro\u015bnie","url":"https:\/\/pans.krosno.pl\/pracownicy\/","logo":{"@type":"ImageObject","inLanguage":"pl-PL","@id":"https:\/\/pans.krosno.pl\/pracownicy\/#\/schema\/logo\/image\/","url":"https:\/\/pans.krosno.pl\/pracownicy\/wp-content\/uploads\/sites\/41\/2023\/01\/Logo-PANS-2022-pelne.png","contentUrl":"https:\/\/pans.krosno.pl\/pracownicy\/wp-content\/uploads\/sites\/41\/2023\/01\/Logo-PANS-2022-pelne.png","width":3096,"height":696,"caption":"Pracownicy PANS w Kro\u015bnie"},"image":{"@id":"https:\/\/pans.krosno.pl\/pracownicy\/#\/schema\/logo\/image\/"}}]}},"_links":{"self":[{"href":"https:\/\/pans.krosno.pl\/pracownicy\/wp-json\/wp\/v2\/pages\/1614","targetHints":{"allow":["GET"]}}],"collection":[{"href":"https:\/\/pans.krosno.pl\/pracownicy\/wp-json\/wp\/v2\/pages"}],"about":[{"href":"https:\/\/pans.krosno.pl\/pracownicy\/wp-json\/wp\/v2\/types\/page"}],"author":[{"embeddable":true,"href":"https:\/\/pans.krosno.pl\/pracownicy\/wp-json\/wp\/v2\/users\/34"}],"replies":[{"embeddable":true,"href":"https:\/\/pans.krosno.pl\/pracownicy\/wp-json\/wp\/v2\/comments?post=1614"}],"version-history":[{"count":6,"href":"https:\/\/pans.krosno.pl\/pracownicy\/wp-json\/wp\/v2\/pages\/1614\/revisions"}],"predecessor-version":[{"id":8819,"href":"https:\/\/pans.krosno.pl\/pracownicy\/wp-json\/wp\/v2\/pages\/1614\/revisions\/8819"}],"up":[{"embeddable":true,"href":"https:\/\/pans.krosno.pl\/pracownicy\/wp-json\/wp\/v2\/pages\/1601"}],"wp:attachment":[{"href":"https:\/\/pans.krosno.pl\/pracownicy\/wp-json\/wp\/v2\/media?parent=1614"}],"curies":[{"name":"wp","href":"https:\/\/api.w.org\/{rel}","templated":true}]}}