{"id":1597,"date":"2020-04-03T14:58:23","date_gmt":"2020-04-03T12:58:23","guid":{"rendered":"https:\/\/pans.krosno.pl\/pracownicy\/?page_id=1597"},"modified":"2025-05-16T08:35:44","modified_gmt":"2025-05-16T06:35:44","slug":"dorota-mihulka-najwazniejsze-publikacje","status":"publish","type":"page","link":"https:\/\/pans.krosno.pl\/pracownicy\/dorota-mihulka\/dorota-mihulka-najwazniejsze-publikacje\/","title":{"rendered":"dr Dorota Mihu\u0142ka &#8211; Najwa\u017cniejsze publikacje"},"content":{"rendered":"<hr>\n<p>Autorka licznych artyku\u0142\u00f3w w recenzowanych monografiach tematycznych o zasi\u0119gu mi\u0119dzynarodowym i krajowym oraz w punktowanych czasopismach naukowych.<\/p>\n<p><strong>Monografie<\/strong><\/p>\n<p>(2020): <em>In Search of Identity and Spirituality in the Fiction of American Jewish Female Authors at the Turn of the 21st century.<\/em> Berlin: Peter Lang Verlag. (=Text\u2013Meaning\u2013Context: Cracow Studies in English Language, Literature and Culture, tom. 17).<\/p>\n<p><strong>Artyku\u0142y naukowe<\/strong><\/p>\n<p>(2020): \u201cReturn to Jewish roots and religion \u2013 the ba\u2019al teshuvah phenomenon as reflected in contemporary American Jewish female literature.\u201d W: Rusek, Ewa\/ W\u0142adys\u0142aw, Witalisz (red.). Across Borders. Cultural and Linguistic Shifts in the 21st Century. Berlin: Peter Lang Verlag. (=Text\u2013Meaning\u2013Context Cracow Studies in English Language, Literature and Culture, tom 18). S. 75\u201387.<\/p>\n<p>(2017): \u201eTekst literacki pomostem w procesie poznawania siebie i Innych.\u201d J\u0119zyki Obce w Szkole. 1\/2017. S. 102\u2013108.<\/p>\n<p>(2015): \u201eNiepowodzenia komunikacyjne w perspektywie interkulturowej.\u201d Linguodidactica tom 19. S. 141\u2013156. (wsp\u00f3\u0142autor: Krystyna Mihu\u0142ka)<\/p>\n<p>(2015): \u201cTemptations of non-Jewish lifestyle in Pearl Abraham\u2019s and Allegra Goodman\u2019s novels.\u201d W: Aleksandrowicz-P\u0119dich, Lucyna\/ Partyka, Jacek (red.). Jews and Non-Jews: Memories and Interactions from the Perspective of Cultural Studies. Frankfurt am Main: Peter Lang Verlag. (= Warsaw Studies in Jewish History and Memory, tom 6). S. 127\u2013142.<\/p>\n<p>(2011): \u201c\u2018I am a woman cracked by multiple migrations\u2019 \u2013 the search for self through space in the works by South Asian American women writers.\u201d W: Witalisz, Alicja (red.). Migration, Narration, Communication. Cultural Exchanges in a Globalised World. Frankfurt am Main: Peter Lang Verlag. (=Text\u2013Meaning\u2013Context: Cracow Studies in English Language, Literature and Culture, tom 1). S. 31\u201341.<\/p>\n<p>(2009): \u201c\u2018Your mother is in your bones\u2019 \u2013 mother\/daughter relationships in Amy Tan\u2019s The Joy Luck Club.\u201d W: Brighton, Christopher\/ Lala, Jack (red.). Cultural Intersections: Dialogue and Exchange in Language Studies. Tarn\u00f3w: Wyd. PWSZ w Tarnowie. S. 74\u201382.<\/p>\n<p>(2009): \u201cCrossing identity borders in Maxine Hong Kingston\u2019s The Woman Warrior.\u201d W: \u0160tekauer, Pavol\/ Toma\u0161\u010d\u00edkov\u00e1, Slavka\/ Witalisz, W\u0142adys\u0142aw (red.). Culture Language and Literature Across Border Regions. Krosno: Wyd. PWSZ w Kro\u015bnie. (=Prace Naukowo-Dydaktyczne Pa\u0144stwowej Wy\u017cszej Szko\u0142y Zawodowej w Kro\u015bnie, tom 37). S. 279\u2013290.<\/p>\n<p>(2009): \u201cTolerance or acceptance \u2013 ethnic attitudes in contemporary Poland. An analysis of empirical studies.\u201d Journal of Global Awareness tom 9, 1\/2009. S. 44\u201355.<\/p>\n<p>(2008): \u201eDialog interkulturowy jako pi\u0105ta sprawno\u015b\u0107 na lekcji j\u0119zyka obcego.\u201d J\u0119zyki Obce w Szkole. 2\/2008. S. 13\u201319.<\/p>\n<p>(2005): \u201cCommunication strategies and language proficiency levels.\u201d W: Witalisz, Alicja (red.). Papers on Language, Culture and Literature 2. Krosno: Wyd. PWSZ w Kro\u015bnie (=Prace Naukowo-Dydaktyczne Pa\u0144stwowej Wy\u017cszej Szko\u0142y Zawodowej w Kro\u015bnie, tom 19). S. 195\u2013206.<\/p>\n<hr>\n<p>&nbsp;<\/p>\n\n\n<p><\/p>\n","protected":false},"excerpt":{"rendered":"<p>Autorka licznych artyku\u0142\u00f3w w recenzowanych monografiach tematycznych o zasi\u0119gu mi\u0119dzynarodowym i krajowym oraz w punktowanych czasopismach naukowych. Monografie (2020): In Search of Identity and Spirituality in the Fiction of American Jewish Female Authors at the Turn of the 21st century. Berlin: Peter Lang Verlag. (=Text\u2013Meaning\u2013Context: Cracow Studies in English Language, [\u2026] <\/p>\n<div class=\"clear\"><\/div>\n<p><a class=\"more_link clearfix\" href=\"https:\/\/pans.krosno.pl\/pracownicy\/dorota-mihulka\/dorota-mihulka-najwazniejsze-publikacje\/\" rel=\"nofollow\">Read More<\/a><\/p>\n","protected":false},"author":34,"featured_media":0,"parent":1590,"menu_order":0,"comment_status":"closed","ping_status":"closed","template":"","meta":{"ngg_post_thumbnail":0,"footnotes":""},"class_list":["post-1597","page","type-page","status-publish","hentry"],"yoast_head":"<!-- This site is optimized with the Yoast SEO Premium plugin v27.3 (Yoast SEO v27.3) - https:\/\/yoast.com\/product\/yoast-seo-premium-wordpress\/ -->\n<title>dr Dorota Mihu\u0142ka - Najwa\u017cniejsze publikacje - Pracownicy PANS w Kro\u015bnie<\/title>\n<meta name=\"robots\" content=\"index, follow, max-snippet:-1, max-image-preview:large, max-video-preview:-1\" \/>\n<link rel=\"canonical\" href=\"https:\/\/pans.krosno.pl\/pracownicy\/dorota-mihulka\/dorota-mihulka-najwazniejsze-publikacje\/\" \/>\n<meta property=\"og:locale\" content=\"pl_PL\" \/>\n<meta property=\"og:type\" content=\"article\" \/>\n<meta property=\"og:title\" content=\"dr Dorota Mihu\u0142ka - Najwa\u017cniejsze publikacje\" \/>\n<meta property=\"og:description\" content=\"Autorka licznych artyku\u0142\u00f3w w recenzowanych monografiach tematycznych o zasi\u0119gu mi\u0119dzynarodowym i krajowym oraz w punktowanych czasopismach naukowych. Monografie (2020): In Search of Identity and Spirituality in the Fiction of American Jewish Female Authors at the Turn of the 21st century. Berlin: Peter Lang Verlag. (=Text\u2013Meaning\u2013Context: Cracow Studies in English Language, [\u2026] Read More\" \/>\n<meta property=\"og:url\" content=\"https:\/\/pans.krosno.pl\/pracownicy\/dorota-mihulka\/dorota-mihulka-najwazniejsze-publikacje\/\" \/>\n<meta property=\"og:site_name\" content=\"Pracownicy PANS w Kro\u015bnie\" \/>\n<meta property=\"article:modified_time\" content=\"2025-05-16T06:35:44+00:00\" \/>\n<meta name=\"twitter:card\" content=\"summary_large_image\" \/>\n<meta name=\"twitter:label1\" content=\"Szacowany czas czytania\" \/>\n\t<meta name=\"twitter:data1\" content=\"3 minuty\" \/>\n<script type=\"application\/ld+json\" class=\"yoast-schema-graph\">{\"@context\":\"https:\\\/\\\/schema.org\",\"@graph\":[{\"@type\":\"WebPage\",\"@id\":\"https:\\\/\\\/pans.krosno.pl\\\/pracownicy\\\/dorota-mihulka\\\/dorota-mihulka-najwazniejsze-publikacje\\\/\",\"url\":\"https:\\\/\\\/pans.krosno.pl\\\/pracownicy\\\/dorota-mihulka\\\/dorota-mihulka-najwazniejsze-publikacje\\\/\",\"name\":\"dr Dorota Mihu\u0142ka - Najwa\u017cniejsze publikacje - Pracownicy PANS w Kro\u015bnie\",\"isPartOf\":{\"@id\":\"https:\\\/\\\/pans.krosno.pl\\\/pracownicy\\\/#website\"},\"datePublished\":\"2020-04-03T12:58:23+00:00\",\"dateModified\":\"2025-05-16T06:35:44+00:00\",\"breadcrumb\":{\"@id\":\"https:\\\/\\\/pans.krosno.pl\\\/pracownicy\\\/dorota-mihulka\\\/dorota-mihulka-najwazniejsze-publikacje\\\/#breadcrumb\"},\"inLanguage\":\"pl-PL\",\"potentialAction\":[{\"@type\":\"ReadAction\",\"target\":[\"https:\\\/\\\/pans.krosno.pl\\\/pracownicy\\\/dorota-mihulka\\\/dorota-mihulka-najwazniejsze-publikacje\\\/\"]}]},{\"@type\":\"BreadcrumbList\",\"@id\":\"https:\\\/\\\/pans.krosno.pl\\\/pracownicy\\\/dorota-mihulka\\\/dorota-mihulka-najwazniejsze-publikacje\\\/#breadcrumb\",\"itemListElement\":[{\"@type\":\"ListItem\",\"position\":1,\"name\":\"Strona g\u0142\u00f3wna\",\"item\":\"https:\\\/\\\/pans.krosno.pl\\\/pracownicy\\\/\"},{\"@type\":\"ListItem\",\"position\":2,\"name\":\"dr Dorota Mihu\u0142ka\",\"item\":\"https:\\\/\\\/pans.krosno.pl\\\/pracownicy\\\/dorota-mihulka\\\/\"},{\"@type\":\"ListItem\",\"position\":3,\"name\":\"dr Dorota Mihu\u0142ka &#8211; Najwa\u017cniejsze publikacje\"}]},{\"@type\":\"WebSite\",\"@id\":\"https:\\\/\\\/pans.krosno.pl\\\/pracownicy\\\/#website\",\"url\":\"https:\\\/\\\/pans.krosno.pl\\\/pracownicy\\\/\",\"name\":\"Pracownicy PANS w Kro\u015bnie\",\"description\":\"Pracownicy - Pa\u0144stwowa Akademia Nauk Stosowanych\",\"publisher\":{\"@id\":\"https:\\\/\\\/pans.krosno.pl\\\/pracownicy\\\/#organization\"},\"potentialAction\":[{\"@type\":\"SearchAction\",\"target\":{\"@type\":\"EntryPoint\",\"urlTemplate\":\"https:\\\/\\\/pans.krosno.pl\\\/pracownicy\\\/?s={search_term_string}\"},\"query-input\":{\"@type\":\"PropertyValueSpecification\",\"valueRequired\":true,\"valueName\":\"search_term_string\"}}],\"inLanguage\":\"pl-PL\"},{\"@type\":\"Organization\",\"@id\":\"https:\\\/\\\/pans.krosno.pl\\\/pracownicy\\\/#organization\",\"name\":\"Pracownicy PANS w Kro\u015bnie\",\"url\":\"https:\\\/\\\/pans.krosno.pl\\\/pracownicy\\\/\",\"logo\":{\"@type\":\"ImageObject\",\"inLanguage\":\"pl-PL\",\"@id\":\"https:\\\/\\\/pans.krosno.pl\\\/pracownicy\\\/#\\\/schema\\\/logo\\\/image\\\/\",\"url\":\"https:\\\/\\\/pans.krosno.pl\\\/pracownicy\\\/wp-content\\\/uploads\\\/sites\\\/41\\\/2023\\\/01\\\/Logo-PANS-2022-pelne.png\",\"contentUrl\":\"https:\\\/\\\/pans.krosno.pl\\\/pracownicy\\\/wp-content\\\/uploads\\\/sites\\\/41\\\/2023\\\/01\\\/Logo-PANS-2022-pelne.png\",\"width\":3096,\"height\":696,\"caption\":\"Pracownicy PANS w Kro\u015bnie\"},\"image\":{\"@id\":\"https:\\\/\\\/pans.krosno.pl\\\/pracownicy\\\/#\\\/schema\\\/logo\\\/image\\\/\"}}]}<\/script>\n<!-- \/ Yoast SEO Premium plugin. -->","yoast_head_json":{"title":"dr Dorota Mihu\u0142ka - Najwa\u017cniejsze publikacje - Pracownicy PANS w Kro\u015bnie","robots":{"index":"index","follow":"follow","max-snippet":"max-snippet:-1","max-image-preview":"max-image-preview:large","max-video-preview":"max-video-preview:-1"},"canonical":"https:\/\/pans.krosno.pl\/pracownicy\/dorota-mihulka\/dorota-mihulka-najwazniejsze-publikacje\/","og_locale":"pl_PL","og_type":"article","og_title":"dr Dorota Mihu\u0142ka - Najwa\u017cniejsze publikacje","og_description":"Autorka licznych artyku\u0142\u00f3w w recenzowanych monografiach tematycznych o zasi\u0119gu mi\u0119dzynarodowym i krajowym oraz w punktowanych czasopismach naukowych. Monografie (2020): In Search of Identity and Spirituality in the Fiction of American Jewish Female Authors at the Turn of the 21st century. Berlin: Peter Lang Verlag. (=Text\u2013Meaning\u2013Context: Cracow Studies in English Language, [\u2026] Read More","og_url":"https:\/\/pans.krosno.pl\/pracownicy\/dorota-mihulka\/dorota-mihulka-najwazniejsze-publikacje\/","og_site_name":"Pracownicy PANS w Kro\u015bnie","article_modified_time":"2025-05-16T06:35:44+00:00","twitter_card":"summary_large_image","twitter_misc":{"Szacowany czas czytania":"3 minuty"},"schema":{"@context":"https:\/\/schema.org","@graph":[{"@type":"WebPage","@id":"https:\/\/pans.krosno.pl\/pracownicy\/dorota-mihulka\/dorota-mihulka-najwazniejsze-publikacje\/","url":"https:\/\/pans.krosno.pl\/pracownicy\/dorota-mihulka\/dorota-mihulka-najwazniejsze-publikacje\/","name":"dr Dorota Mihu\u0142ka - Najwa\u017cniejsze publikacje - Pracownicy PANS w Kro\u015bnie","isPartOf":{"@id":"https:\/\/pans.krosno.pl\/pracownicy\/#website"},"datePublished":"2020-04-03T12:58:23+00:00","dateModified":"2025-05-16T06:35:44+00:00","breadcrumb":{"@id":"https:\/\/pans.krosno.pl\/pracownicy\/dorota-mihulka\/dorota-mihulka-najwazniejsze-publikacje\/#breadcrumb"},"inLanguage":"pl-PL","potentialAction":[{"@type":"ReadAction","target":["https:\/\/pans.krosno.pl\/pracownicy\/dorota-mihulka\/dorota-mihulka-najwazniejsze-publikacje\/"]}]},{"@type":"BreadcrumbList","@id":"https:\/\/pans.krosno.pl\/pracownicy\/dorota-mihulka\/dorota-mihulka-najwazniejsze-publikacje\/#breadcrumb","itemListElement":[{"@type":"ListItem","position":1,"name":"Strona g\u0142\u00f3wna","item":"https:\/\/pans.krosno.pl\/pracownicy\/"},{"@type":"ListItem","position":2,"name":"dr Dorota Mihu\u0142ka","item":"https:\/\/pans.krosno.pl\/pracownicy\/dorota-mihulka\/"},{"@type":"ListItem","position":3,"name":"dr Dorota Mihu\u0142ka &#8211; Najwa\u017cniejsze publikacje"}]},{"@type":"WebSite","@id":"https:\/\/pans.krosno.pl\/pracownicy\/#website","url":"https:\/\/pans.krosno.pl\/pracownicy\/","name":"Pracownicy PANS w Kro\u015bnie","description":"Pracownicy - Pa\u0144stwowa Akademia Nauk Stosowanych","publisher":{"@id":"https:\/\/pans.krosno.pl\/pracownicy\/#organization"},"potentialAction":[{"@type":"SearchAction","target":{"@type":"EntryPoint","urlTemplate":"https:\/\/pans.krosno.pl\/pracownicy\/?s={search_term_string}"},"query-input":{"@type":"PropertyValueSpecification","valueRequired":true,"valueName":"search_term_string"}}],"inLanguage":"pl-PL"},{"@type":"Organization","@id":"https:\/\/pans.krosno.pl\/pracownicy\/#organization","name":"Pracownicy PANS w Kro\u015bnie","url":"https:\/\/pans.krosno.pl\/pracownicy\/","logo":{"@type":"ImageObject","inLanguage":"pl-PL","@id":"https:\/\/pans.krosno.pl\/pracownicy\/#\/schema\/logo\/image\/","url":"https:\/\/pans.krosno.pl\/pracownicy\/wp-content\/uploads\/sites\/41\/2023\/01\/Logo-PANS-2022-pelne.png","contentUrl":"https:\/\/pans.krosno.pl\/pracownicy\/wp-content\/uploads\/sites\/41\/2023\/01\/Logo-PANS-2022-pelne.png","width":3096,"height":696,"caption":"Pracownicy PANS w Kro\u015bnie"},"image":{"@id":"https:\/\/pans.krosno.pl\/pracownicy\/#\/schema\/logo\/image\/"}}]}},"_links":{"self":[{"href":"https:\/\/pans.krosno.pl\/pracownicy\/wp-json\/wp\/v2\/pages\/1597","targetHints":{"allow":["GET"]}}],"collection":[{"href":"https:\/\/pans.krosno.pl\/pracownicy\/wp-json\/wp\/v2\/pages"}],"about":[{"href":"https:\/\/pans.krosno.pl\/pracownicy\/wp-json\/wp\/v2\/types\/page"}],"author":[{"embeddable":true,"href":"https:\/\/pans.krosno.pl\/pracownicy\/wp-json\/wp\/v2\/users\/34"}],"replies":[{"embeddable":true,"href":"https:\/\/pans.krosno.pl\/pracownicy\/wp-json\/wp\/v2\/comments?post=1597"}],"version-history":[{"count":9,"href":"https:\/\/pans.krosno.pl\/pracownicy\/wp-json\/wp\/v2\/pages\/1597\/revisions"}],"predecessor-version":[{"id":8778,"href":"https:\/\/pans.krosno.pl\/pracownicy\/wp-json\/wp\/v2\/pages\/1597\/revisions\/8778"}],"up":[{"embeddable":true,"href":"https:\/\/pans.krosno.pl\/pracownicy\/wp-json\/wp\/v2\/pages\/1590"}],"wp:attachment":[{"href":"https:\/\/pans.krosno.pl\/pracownicy\/wp-json\/wp\/v2\/media?parent=1597"}],"curies":[{"name":"wp","href":"https:\/\/api.w.org\/{rel}","templated":true}]}}