{"id":1590,"date":"2020-04-03T14:53:19","date_gmt":"2020-04-03T12:53:19","guid":{"rendered":"https:\/\/pans.krosno.pl\/pracownicy\/?page_id=1590"},"modified":"2025-05-16T08:36:06","modified_gmt":"2025-05-16T06:36:06","slug":"dorota-mihulka","status":"publish","type":"page","link":"https:\/\/pans.krosno.pl\/pracownicy\/dorota-mihulka\/","title":{"rendered":"dr Dorota Mihu\u0142ka"},"content":{"rendered":"\n<h3 class=\"wp-block-heading\" id=\"h-zaklad-filologii-angielskiej\"><strong>Zak\u0142ad <\/strong>Filologii Angielskiej<\/h3>\n\n\n\n<hr class=\"wp-block-separator has-css-opacity\" \/>\n\n\n<p>Jej zainteresowania naukowe obejmuj\u0105 ameryka\u0144sk\u0105 etniczn\u0105 literatur\u0119 kobiec\u0105, problematyk\u0119 to\u017csamo\u015bci i duchowo\u015bci w literaturze oraz edukacj\u0119 i komunikacj\u0119 interkulturow\u0105. Prowadzi zaj\u0119cia z historii, kultury i literatury Stan\u00f3w Zjednoczonych oraz praktycznej znajomo\u015bci j\u0119zyka angielskiego..<\/p>\n\n\n<hr class=\"wp-block-separator has-css-opacity\" \/>\n\n\n\n<div class=\"wp-block-columns is-layout-flex wp-container-core-columns-is-layout-28f84493 wp-block-columns-is-layout-flex\">\n<div class=\"wp-block-column is-layout-flow wp-block-column-is-layout-flow\" style=\"flex-basis:22%\">\n\n\n<p><\/p>\n<\/div>\n\n\n\n<div class=\"wp-block-column is-layout-flow wp-block-column-is-layout-flow\" style=\"flex-basis:78%\">\n<ul class=\"wp-block-list\">\n<li><a href=\"https:\/\/pans.krosno.pl\/pracownicy\/dorota-mihulka\/dorota-mihulka-zyciorys-naukowy\/\">\u017byciorys naukowy <\/a><\/li>\n\n\n\n<li><a href=\"https:\/\/pans.krosno.pl\/pracownicy\/dorota-mihulka\/dorota-mihulka-doswiadczenie-pozauczelniane\/\">Do\u015bwiadczenie pozauczelniane<\/a><\/li>\n\n\n\n<li><a href=\"https:\/\/pans.krosno.pl\/pracownicy\/dorota-mihulka\/dorota-mihulka-najwazniejsze-publikacje\/\">Najwa\u017cniejsze publikacje<\/a><\/li>\n\n\n\n<li><a href=\"https:\/\/pans.krosno.pl\/pracownicy\/dorota-mihulka\/dorota-mihulka-najwazniejsze-nagrody-i-wyroznienia\/\">Najwa\u017cniejsze nagrody i wyr\u00f3\u017cnienia<\/a><\/li>\n<\/ul>\n\n\n\n<hr class=\"wp-block-separator has-css-opacity\" \/>\n\n\n\n<figure class=\"wp-block-table aligncenter is-style-stripes\"><table><tbody><tr><td class=\"has-text-align-left\" data-align=\"left\">Telefon: 13 43 755 40<\/td><\/tr><tr><td class=\"has-text-align-left\" data-align=\"left\">E-mail: <a href=\"http:\/\/dorota.mihulka@pans.krosno.pl\">dorota.mihulka@pans.krosno.pl<\/a><\/td><\/tr><tr><td class=\"has-text-align-left\" data-align=\"left\">Konsultacje:  <a rel=\"noreferrer noopener\" href=\"https:\/\/pans.krosno.pl\/fa\/dyzury-pracownikow\/\" target=\"_blank\">Dy\u017cur pracownik<\/a><a href=\"https:\/\/pans.krosno.pl\/fa\/dyzury-pracownikow\/\" target=\"_blank\" rel=\"noreferrer noopener\">a<\/a><\/td><\/tr><\/tbody><\/table><\/figure>\n<\/div>\n<\/div>\n\n\n\n<hr class=\"wp-block-separator has-css-opacity\" \/>\n\n\n\n<p><\/p>\n","protected":false},"excerpt":{"rendered":"<p>Zak\u0142ad Filologii Angielskiej Jej zainteresowania naukowe obejmuj\u0105 ameryka\u0144sk\u0105 etniczn\u0105 literatur\u0119 kobiec\u0105, problematyk\u0119 to\u017csamo\u015bci i duchowo\u015bci w literaturze oraz edukacj\u0119 i komunikacj\u0119 interkulturow\u0105. Prowadzi zaj\u0119cia z historii, kultury i literatury Stan\u00f3w Zjednoczonych oraz praktycznej znajomo\u015bci j\u0119zyka angielskiego.. Telefon: 13 43 755 40 E-mail: dorota.mihulka@pans.krosno.pl Konsultacje: Dy\u017cur pracownika<\/p>\n","protected":false},"author":34,"featured_media":0,"parent":0,"menu_order":0,"comment_status":"closed","ping_status":"closed","template":"","meta":{"ngg_post_thumbnail":0,"footnotes":""},"class_list":["post-1590","page","type-page","status-publish","hentry"],"yoast_head":"<!-- This site is optimized with the Yoast SEO Premium plugin v27.3 (Yoast SEO v27.3) - https:\/\/yoast.com\/product\/yoast-seo-premium-wordpress\/ -->\n<title>dr Dorota Mihu\u0142ka - Pracownicy PANS w Kro\u015bnie<\/title>\n<meta name=\"robots\" content=\"index, follow, max-snippet:-1, max-image-preview:large, max-video-preview:-1\" \/>\n<link rel=\"canonical\" href=\"https:\/\/pans.krosno.pl\/pracownicy\/dorota-mihulka\/\" \/>\n<meta property=\"og:locale\" content=\"pl_PL\" \/>\n<meta property=\"og:type\" content=\"article\" \/>\n<meta property=\"og:title\" content=\"dr Dorota Mihu\u0142ka\" \/>\n<meta property=\"og:description\" content=\"Zak\u0142ad Filologii Angielskiej Jej zainteresowania naukowe obejmuj\u0105 ameryka\u0144sk\u0105 etniczn\u0105 literatur\u0119 kobiec\u0105, problematyk\u0119 to\u017csamo\u015bci i duchowo\u015bci w literaturze oraz edukacj\u0119 i komunikacj\u0119 interkulturow\u0105. Prowadzi zaj\u0119cia z historii, kultury i literatury Stan\u00f3w Zjednoczonych oraz praktycznej znajomo\u015bci j\u0119zyka angielskiego.. Telefon: 13 43 755 40 E-mail: dorota.mihulka@pans.krosno.pl Konsultacje: Dy\u017cur pracownika\" \/>\n<meta property=\"og:url\" content=\"https:\/\/pans.krosno.pl\/pracownicy\/dorota-mihulka\/\" \/>\n<meta property=\"og:site_name\" content=\"Pracownicy PANS w Kro\u015bnie\" \/>\n<meta property=\"article:modified_time\" content=\"2025-05-16T06:36:06+00:00\" \/>\n<meta name=\"twitter:card\" content=\"summary_large_image\" \/>\n<meta name=\"twitter:label1\" content=\"Szacowany czas czytania\" \/>\n\t<meta name=\"twitter:data1\" content=\"1 minuta\" \/>\n<script type=\"application\/ld+json\" class=\"yoast-schema-graph\">{\"@context\":\"https:\\\/\\\/schema.org\",\"@graph\":[{\"@type\":\"WebPage\",\"@id\":\"https:\\\/\\\/pans.krosno.pl\\\/pracownicy\\\/dorota-mihulka\\\/\",\"url\":\"https:\\\/\\\/pans.krosno.pl\\\/pracownicy\\\/dorota-mihulka\\\/\",\"name\":\"dr Dorota Mihu\u0142ka - Pracownicy PANS w Kro\u015bnie\",\"isPartOf\":{\"@id\":\"https:\\\/\\\/pans.krosno.pl\\\/pracownicy\\\/#website\"},\"datePublished\":\"2020-04-03T12:53:19+00:00\",\"dateModified\":\"2025-05-16T06:36:06+00:00\",\"breadcrumb\":{\"@id\":\"https:\\\/\\\/pans.krosno.pl\\\/pracownicy\\\/dorota-mihulka\\\/#breadcrumb\"},\"inLanguage\":\"pl-PL\",\"potentialAction\":[{\"@type\":\"ReadAction\",\"target\":[\"https:\\\/\\\/pans.krosno.pl\\\/pracownicy\\\/dorota-mihulka\\\/\"]}]},{\"@type\":\"BreadcrumbList\",\"@id\":\"https:\\\/\\\/pans.krosno.pl\\\/pracownicy\\\/dorota-mihulka\\\/#breadcrumb\",\"itemListElement\":[{\"@type\":\"ListItem\",\"position\":1,\"name\":\"Strona g\u0142\u00f3wna\",\"item\":\"https:\\\/\\\/pans.krosno.pl\\\/pracownicy\\\/\"},{\"@type\":\"ListItem\",\"position\":2,\"name\":\"dr Dorota Mihu\u0142ka\"}]},{\"@type\":\"WebSite\",\"@id\":\"https:\\\/\\\/pans.krosno.pl\\\/pracownicy\\\/#website\",\"url\":\"https:\\\/\\\/pans.krosno.pl\\\/pracownicy\\\/\",\"name\":\"Pracownicy PANS w Kro\u015bnie\",\"description\":\"Pracownicy - Pa\u0144stwowa Akademia Nauk Stosowanych\",\"publisher\":{\"@id\":\"https:\\\/\\\/pans.krosno.pl\\\/pracownicy\\\/#organization\"},\"potentialAction\":[{\"@type\":\"SearchAction\",\"target\":{\"@type\":\"EntryPoint\",\"urlTemplate\":\"https:\\\/\\\/pans.krosno.pl\\\/pracownicy\\\/?s={search_term_string}\"},\"query-input\":{\"@type\":\"PropertyValueSpecification\",\"valueRequired\":true,\"valueName\":\"search_term_string\"}}],\"inLanguage\":\"pl-PL\"},{\"@type\":\"Organization\",\"@id\":\"https:\\\/\\\/pans.krosno.pl\\\/pracownicy\\\/#organization\",\"name\":\"Pracownicy PANS w Kro\u015bnie\",\"url\":\"https:\\\/\\\/pans.krosno.pl\\\/pracownicy\\\/\",\"logo\":{\"@type\":\"ImageObject\",\"inLanguage\":\"pl-PL\",\"@id\":\"https:\\\/\\\/pans.krosno.pl\\\/pracownicy\\\/#\\\/schema\\\/logo\\\/image\\\/\",\"url\":\"https:\\\/\\\/pans.krosno.pl\\\/pracownicy\\\/wp-content\\\/uploads\\\/sites\\\/41\\\/2023\\\/01\\\/Logo-PANS-2022-pelne.png\",\"contentUrl\":\"https:\\\/\\\/pans.krosno.pl\\\/pracownicy\\\/wp-content\\\/uploads\\\/sites\\\/41\\\/2023\\\/01\\\/Logo-PANS-2022-pelne.png\",\"width\":3096,\"height\":696,\"caption\":\"Pracownicy PANS w Kro\u015bnie\"},\"image\":{\"@id\":\"https:\\\/\\\/pans.krosno.pl\\\/pracownicy\\\/#\\\/schema\\\/logo\\\/image\\\/\"}}]}<\/script>\n<!-- \/ Yoast SEO Premium plugin. -->","yoast_head_json":{"title":"dr Dorota Mihu\u0142ka - Pracownicy PANS w Kro\u015bnie","robots":{"index":"index","follow":"follow","max-snippet":"max-snippet:-1","max-image-preview":"max-image-preview:large","max-video-preview":"max-video-preview:-1"},"canonical":"https:\/\/pans.krosno.pl\/pracownicy\/dorota-mihulka\/","og_locale":"pl_PL","og_type":"article","og_title":"dr Dorota Mihu\u0142ka","og_description":"Zak\u0142ad Filologii Angielskiej Jej zainteresowania naukowe obejmuj\u0105 ameryka\u0144sk\u0105 etniczn\u0105 literatur\u0119 kobiec\u0105, problematyk\u0119 to\u017csamo\u015bci i duchowo\u015bci w literaturze oraz edukacj\u0119 i komunikacj\u0119 interkulturow\u0105. Prowadzi zaj\u0119cia z historii, kultury i literatury Stan\u00f3w Zjednoczonych oraz praktycznej znajomo\u015bci j\u0119zyka angielskiego.. Telefon: 13 43 755 40 E-mail: dorota.mihulka@pans.krosno.pl Konsultacje: Dy\u017cur pracownika","og_url":"https:\/\/pans.krosno.pl\/pracownicy\/dorota-mihulka\/","og_site_name":"Pracownicy PANS w Kro\u015bnie","article_modified_time":"2025-05-16T06:36:06+00:00","twitter_card":"summary_large_image","twitter_misc":{"Szacowany czas czytania":"1 minuta"},"schema":{"@context":"https:\/\/schema.org","@graph":[{"@type":"WebPage","@id":"https:\/\/pans.krosno.pl\/pracownicy\/dorota-mihulka\/","url":"https:\/\/pans.krosno.pl\/pracownicy\/dorota-mihulka\/","name":"dr Dorota Mihu\u0142ka - Pracownicy PANS w Kro\u015bnie","isPartOf":{"@id":"https:\/\/pans.krosno.pl\/pracownicy\/#website"},"datePublished":"2020-04-03T12:53:19+00:00","dateModified":"2025-05-16T06:36:06+00:00","breadcrumb":{"@id":"https:\/\/pans.krosno.pl\/pracownicy\/dorota-mihulka\/#breadcrumb"},"inLanguage":"pl-PL","potentialAction":[{"@type":"ReadAction","target":["https:\/\/pans.krosno.pl\/pracownicy\/dorota-mihulka\/"]}]},{"@type":"BreadcrumbList","@id":"https:\/\/pans.krosno.pl\/pracownicy\/dorota-mihulka\/#breadcrumb","itemListElement":[{"@type":"ListItem","position":1,"name":"Strona g\u0142\u00f3wna","item":"https:\/\/pans.krosno.pl\/pracownicy\/"},{"@type":"ListItem","position":2,"name":"dr Dorota Mihu\u0142ka"}]},{"@type":"WebSite","@id":"https:\/\/pans.krosno.pl\/pracownicy\/#website","url":"https:\/\/pans.krosno.pl\/pracownicy\/","name":"Pracownicy PANS w Kro\u015bnie","description":"Pracownicy - Pa\u0144stwowa Akademia Nauk Stosowanych","publisher":{"@id":"https:\/\/pans.krosno.pl\/pracownicy\/#organization"},"potentialAction":[{"@type":"SearchAction","target":{"@type":"EntryPoint","urlTemplate":"https:\/\/pans.krosno.pl\/pracownicy\/?s={search_term_string}"},"query-input":{"@type":"PropertyValueSpecification","valueRequired":true,"valueName":"search_term_string"}}],"inLanguage":"pl-PL"},{"@type":"Organization","@id":"https:\/\/pans.krosno.pl\/pracownicy\/#organization","name":"Pracownicy PANS w Kro\u015bnie","url":"https:\/\/pans.krosno.pl\/pracownicy\/","logo":{"@type":"ImageObject","inLanguage":"pl-PL","@id":"https:\/\/pans.krosno.pl\/pracownicy\/#\/schema\/logo\/image\/","url":"https:\/\/pans.krosno.pl\/pracownicy\/wp-content\/uploads\/sites\/41\/2023\/01\/Logo-PANS-2022-pelne.png","contentUrl":"https:\/\/pans.krosno.pl\/pracownicy\/wp-content\/uploads\/sites\/41\/2023\/01\/Logo-PANS-2022-pelne.png","width":3096,"height":696,"caption":"Pracownicy PANS w Kro\u015bnie"},"image":{"@id":"https:\/\/pans.krosno.pl\/pracownicy\/#\/schema\/logo\/image\/"}}]}},"_links":{"self":[{"href":"https:\/\/pans.krosno.pl\/pracownicy\/wp-json\/wp\/v2\/pages\/1590","targetHints":{"allow":["GET"]}}],"collection":[{"href":"https:\/\/pans.krosno.pl\/pracownicy\/wp-json\/wp\/v2\/pages"}],"about":[{"href":"https:\/\/pans.krosno.pl\/pracownicy\/wp-json\/wp\/v2\/types\/page"}],"author":[{"embeddable":true,"href":"https:\/\/pans.krosno.pl\/pracownicy\/wp-json\/wp\/v2\/users\/34"}],"replies":[{"embeddable":true,"href":"https:\/\/pans.krosno.pl\/pracownicy\/wp-json\/wp\/v2\/comments?post=1590"}],"version-history":[{"count":11,"href":"https:\/\/pans.krosno.pl\/pracownicy\/wp-json\/wp\/v2\/pages\/1590\/revisions"}],"predecessor-version":[{"id":10595,"href":"https:\/\/pans.krosno.pl\/pracownicy\/wp-json\/wp\/v2\/pages\/1590\/revisions\/10595"}],"wp:attachment":[{"href":"https:\/\/pans.krosno.pl\/pracownicy\/wp-json\/wp\/v2\/media?parent=1590"}],"curies":[{"name":"wp","href":"https:\/\/api.w.org\/{rel}","templated":true}]}}