{"id":1586,"date":"2020-04-03T14:41:09","date_gmt":"2020-04-03T12:41:09","guid":{"rendered":"https:\/\/pans.krosno.pl\/pracownicy\/?page_id=1586"},"modified":"2025-05-15T14:42:44","modified_gmt":"2025-05-15T12:42:44","slug":"anna-lobodzinska-doswiadczenie-pozauczelniane","status":"publish","type":"page","link":"https:\/\/pans.krosno.pl\/pracownicy\/anna-lobodzinska\/anna-lobodzinska-doswiadczenie-pozauczelniane\/","title":{"rendered":"mgr Anna \u0141obodzi\u0144ska &#8211; Do\u015bwiadczenie pozauczelniane"},"content":{"rendered":"<hr>\n<p>W ramach dofinansowania z Unii Europejskiej prowadzi\u0142a kursy dla r\u00f3\u017cnych grup wiekowych (m.in. os\u00f3b po 45 roku \u017cycia) oraz wszystkich poziom\u00f3w zaawansowania A1-C2. Prowadzi\u0142a tak\u017ce kursy przygotowawcze do egzamin\u00f3w FCE, CAE, CPE oraz TELC. Podczas pracy w jednej z krakowskich szk\u00f3\u0142 mia\u0142a cz\u0119sto kontakt z uczniami pochodz\u0105cymi z innych kraj\u00f3w, m.in. Japonii, W\u0142och, Hiszpanii czy Francji. Szlifuje swoj\u0105 znajomo\u015b\u0107 j\u0119zyka podczas wyjazd\u00f3w zagranicznych, zw\u0142aszcza na po\u0142udnie Anglii prowadz\u0105c obozy j\u0119zykowe dla grup z Polski, ale tak\u017ce m.in. z Francji i Hiszpanii. Takie do\u015bwiadczenie wzbogaca kulturowo i jest stymuluj\u0105ce do znajdowania sposob\u00f3w przekazu wiedzy dla innych grup j\u0119zykowych.<\/p>\n<p>Obecnie pracuje jako lektor w Zak\u0142adzie Filologii Angielskiej w Pa\u0144stwowej Akademii Nauk Stosowanych w Kro\u015bnie, ucz\u0105c praktycznej znajomo\u015bci j\u0119zyka angielskiego.<\/p>\n<hr>\n<p>&nbsp;<\/p>\n","protected":false},"excerpt":{"rendered":"<p>W ramach dofinansowania z Unii Europejskiej prowadzi\u0142a kursy dla r\u00f3\u017cnych grup wiekowych (m.in. os\u00f3b po 45 roku \u017cycia) oraz wszystkich poziom\u00f3w zaawansowania A1-C2. Prowadzi\u0142a tak\u017ce kursy przygotowawcze do egzamin\u00f3w FCE, CAE, CPE oraz TELC. Podczas pracy w jednej z krakowskich szk\u00f3\u0142 mia\u0142a cz\u0119sto kontakt z uczniami pochodz\u0105cymi z innych kraj\u00f3w, [\u2026] <\/p>\n<div class=\"clear\"><\/div>\n<p><a class=\"more_link clearfix\" href=\"https:\/\/pans.krosno.pl\/pracownicy\/anna-lobodzinska\/anna-lobodzinska-doswiadczenie-pozauczelniane\/\" rel=\"nofollow\">Read More<\/a><\/p>\n","protected":false},"author":34,"featured_media":0,"parent":1580,"menu_order":0,"comment_status":"closed","ping_status":"closed","template":"","meta":{"ngg_post_thumbnail":0,"footnotes":""},"class_list":["post-1586","page","type-page","status-publish","hentry"],"yoast_head":"<!-- This site is optimized with the Yoast SEO Premium plugin v27.4 (Yoast SEO v27.4) - https:\/\/yoast.com\/product\/yoast-seo-premium-wordpress\/ -->\n<title>mgr Anna \u0141obodzi\u0144ska - Do\u015bwiadczenie pozauczelniane - Pracownicy PANS w Kro\u015bnie<\/title>\n<meta name=\"robots\" content=\"index, follow, max-snippet:-1, max-image-preview:large, max-video-preview:-1\" \/>\n<link rel=\"canonical\" href=\"https:\/\/pans.krosno.pl\/pracownicy\/anna-lobodzinska\/anna-lobodzinska-doswiadczenie-pozauczelniane\/\" \/>\n<meta property=\"og:locale\" content=\"pl_PL\" \/>\n<meta property=\"og:type\" content=\"article\" \/>\n<meta property=\"og:title\" content=\"mgr Anna \u0141obodzi\u0144ska - Do\u015bwiadczenie pozauczelniane\" \/>\n<meta property=\"og:description\" content=\"W ramach dofinansowania z Unii Europejskiej prowadzi\u0142a kursy dla r\u00f3\u017cnych grup wiekowych (m.in. os\u00f3b po 45 roku \u017cycia) oraz wszystkich poziom\u00f3w zaawansowania A1-C2. Prowadzi\u0142a tak\u017ce kursy przygotowawcze do egzamin\u00f3w FCE, CAE, CPE oraz TELC. Podczas pracy w jednej z krakowskich szk\u00f3\u0142 mia\u0142a cz\u0119sto kontakt z uczniami pochodz\u0105cymi z innych kraj\u00f3w, [\u2026] Read More\" \/>\n<meta property=\"og:url\" content=\"https:\/\/pans.krosno.pl\/pracownicy\/anna-lobodzinska\/anna-lobodzinska-doswiadczenie-pozauczelniane\/\" \/>\n<meta property=\"og:site_name\" content=\"Pracownicy PANS w Kro\u015bnie\" \/>\n<meta property=\"article:modified_time\" content=\"2025-05-15T12:42:44+00:00\" \/>\n<meta name=\"twitter:card\" content=\"summary_large_image\" \/>\n<meta name=\"twitter:label1\" content=\"Szacowany czas czytania\" \/>\n\t<meta name=\"twitter:data1\" content=\"1 minuta\" \/>\n<script type=\"application\/ld+json\" class=\"yoast-schema-graph\">{\"@context\":\"https:\\\/\\\/schema.org\",\"@graph\":[{\"@type\":\"WebPage\",\"@id\":\"https:\\\/\\\/pans.krosno.pl\\\/pracownicy\\\/anna-lobodzinska\\\/anna-lobodzinska-doswiadczenie-pozauczelniane\\\/\",\"url\":\"https:\\\/\\\/pans.krosno.pl\\\/pracownicy\\\/anna-lobodzinska\\\/anna-lobodzinska-doswiadczenie-pozauczelniane\\\/\",\"name\":\"mgr Anna \u0141obodzi\u0144ska - Do\u015bwiadczenie pozauczelniane - Pracownicy PANS w Kro\u015bnie\",\"isPartOf\":{\"@id\":\"https:\\\/\\\/pans.krosno.pl\\\/pracownicy\\\/#website\"},\"datePublished\":\"2020-04-03T12:41:09+00:00\",\"dateModified\":\"2025-05-15T12:42:44+00:00\",\"breadcrumb\":{\"@id\":\"https:\\\/\\\/pans.krosno.pl\\\/pracownicy\\\/anna-lobodzinska\\\/anna-lobodzinska-doswiadczenie-pozauczelniane\\\/#breadcrumb\"},\"inLanguage\":\"pl-PL\",\"potentialAction\":[{\"@type\":\"ReadAction\",\"target\":[\"https:\\\/\\\/pans.krosno.pl\\\/pracownicy\\\/anna-lobodzinska\\\/anna-lobodzinska-doswiadczenie-pozauczelniane\\\/\"]}]},{\"@type\":\"BreadcrumbList\",\"@id\":\"https:\\\/\\\/pans.krosno.pl\\\/pracownicy\\\/anna-lobodzinska\\\/anna-lobodzinska-doswiadczenie-pozauczelniane\\\/#breadcrumb\",\"itemListElement\":[{\"@type\":\"ListItem\",\"position\":1,\"name\":\"Strona g\u0142\u00f3wna\",\"item\":\"https:\\\/\\\/pans.krosno.pl\\\/pracownicy\\\/\"},{\"@type\":\"ListItem\",\"position\":2,\"name\":\"mgr Anna \u0141obodzi\u0144ska\",\"item\":\"https:\\\/\\\/pans.krosno.pl\\\/pracownicy\\\/anna-lobodzinska\\\/\"},{\"@type\":\"ListItem\",\"position\":3,\"name\":\"mgr Anna \u0141obodzi\u0144ska &#8211; Do\u015bwiadczenie pozauczelniane\"}]},{\"@type\":\"WebSite\",\"@id\":\"https:\\\/\\\/pans.krosno.pl\\\/pracownicy\\\/#website\",\"url\":\"https:\\\/\\\/pans.krosno.pl\\\/pracownicy\\\/\",\"name\":\"Pracownicy PANS w Kro\u015bnie\",\"description\":\"Pracownicy - Pa\u0144stwowa Akademia Nauk Stosowanych\",\"publisher\":{\"@id\":\"https:\\\/\\\/pans.krosno.pl\\\/pracownicy\\\/#organization\"},\"potentialAction\":[{\"@type\":\"SearchAction\",\"target\":{\"@type\":\"EntryPoint\",\"urlTemplate\":\"https:\\\/\\\/pans.krosno.pl\\\/pracownicy\\\/?s={search_term_string}\"},\"query-input\":{\"@type\":\"PropertyValueSpecification\",\"valueRequired\":true,\"valueName\":\"search_term_string\"}}],\"inLanguage\":\"pl-PL\"},{\"@type\":\"Organization\",\"@id\":\"https:\\\/\\\/pans.krosno.pl\\\/pracownicy\\\/#organization\",\"name\":\"Pracownicy PANS w Kro\u015bnie\",\"url\":\"https:\\\/\\\/pans.krosno.pl\\\/pracownicy\\\/\",\"logo\":{\"@type\":\"ImageObject\",\"inLanguage\":\"pl-PL\",\"@id\":\"https:\\\/\\\/pans.krosno.pl\\\/pracownicy\\\/#\\\/schema\\\/logo\\\/image\\\/\",\"url\":\"https:\\\/\\\/pans.krosno.pl\\\/pracownicy\\\/wp-content\\\/uploads\\\/sites\\\/41\\\/2023\\\/01\\\/Logo-PANS-2022-pelne.png\",\"contentUrl\":\"https:\\\/\\\/pans.krosno.pl\\\/pracownicy\\\/wp-content\\\/uploads\\\/sites\\\/41\\\/2023\\\/01\\\/Logo-PANS-2022-pelne.png\",\"width\":3096,\"height\":696,\"caption\":\"Pracownicy PANS w Kro\u015bnie\"},\"image\":{\"@id\":\"https:\\\/\\\/pans.krosno.pl\\\/pracownicy\\\/#\\\/schema\\\/logo\\\/image\\\/\"}}]}<\/script>\n<!-- \/ Yoast SEO Premium plugin. -->","yoast_head_json":{"title":"mgr Anna \u0141obodzi\u0144ska - Do\u015bwiadczenie pozauczelniane - Pracownicy PANS w Kro\u015bnie","robots":{"index":"index","follow":"follow","max-snippet":"max-snippet:-1","max-image-preview":"max-image-preview:large","max-video-preview":"max-video-preview:-1"},"canonical":"https:\/\/pans.krosno.pl\/pracownicy\/anna-lobodzinska\/anna-lobodzinska-doswiadczenie-pozauczelniane\/","og_locale":"pl_PL","og_type":"article","og_title":"mgr Anna \u0141obodzi\u0144ska - Do\u015bwiadczenie pozauczelniane","og_description":"W ramach dofinansowania z Unii Europejskiej prowadzi\u0142a kursy dla r\u00f3\u017cnych grup wiekowych (m.in. os\u00f3b po 45 roku \u017cycia) oraz wszystkich poziom\u00f3w zaawansowania A1-C2. Prowadzi\u0142a tak\u017ce kursy przygotowawcze do egzamin\u00f3w FCE, CAE, CPE oraz TELC. Podczas pracy w jednej z krakowskich szk\u00f3\u0142 mia\u0142a cz\u0119sto kontakt z uczniami pochodz\u0105cymi z innych kraj\u00f3w, [\u2026] Read More","og_url":"https:\/\/pans.krosno.pl\/pracownicy\/anna-lobodzinska\/anna-lobodzinska-doswiadczenie-pozauczelniane\/","og_site_name":"Pracownicy PANS w Kro\u015bnie","article_modified_time":"2025-05-15T12:42:44+00:00","twitter_card":"summary_large_image","twitter_misc":{"Szacowany czas czytania":"1 minuta"},"schema":{"@context":"https:\/\/schema.org","@graph":[{"@type":"WebPage","@id":"https:\/\/pans.krosno.pl\/pracownicy\/anna-lobodzinska\/anna-lobodzinska-doswiadczenie-pozauczelniane\/","url":"https:\/\/pans.krosno.pl\/pracownicy\/anna-lobodzinska\/anna-lobodzinska-doswiadczenie-pozauczelniane\/","name":"mgr Anna \u0141obodzi\u0144ska - Do\u015bwiadczenie pozauczelniane - Pracownicy PANS w Kro\u015bnie","isPartOf":{"@id":"https:\/\/pans.krosno.pl\/pracownicy\/#website"},"datePublished":"2020-04-03T12:41:09+00:00","dateModified":"2025-05-15T12:42:44+00:00","breadcrumb":{"@id":"https:\/\/pans.krosno.pl\/pracownicy\/anna-lobodzinska\/anna-lobodzinska-doswiadczenie-pozauczelniane\/#breadcrumb"},"inLanguage":"pl-PL","potentialAction":[{"@type":"ReadAction","target":["https:\/\/pans.krosno.pl\/pracownicy\/anna-lobodzinska\/anna-lobodzinska-doswiadczenie-pozauczelniane\/"]}]},{"@type":"BreadcrumbList","@id":"https:\/\/pans.krosno.pl\/pracownicy\/anna-lobodzinska\/anna-lobodzinska-doswiadczenie-pozauczelniane\/#breadcrumb","itemListElement":[{"@type":"ListItem","position":1,"name":"Strona g\u0142\u00f3wna","item":"https:\/\/pans.krosno.pl\/pracownicy\/"},{"@type":"ListItem","position":2,"name":"mgr Anna \u0141obodzi\u0144ska","item":"https:\/\/pans.krosno.pl\/pracownicy\/anna-lobodzinska\/"},{"@type":"ListItem","position":3,"name":"mgr Anna \u0141obodzi\u0144ska &#8211; Do\u015bwiadczenie pozauczelniane"}]},{"@type":"WebSite","@id":"https:\/\/pans.krosno.pl\/pracownicy\/#website","url":"https:\/\/pans.krosno.pl\/pracownicy\/","name":"Pracownicy PANS w Kro\u015bnie","description":"Pracownicy - Pa\u0144stwowa Akademia Nauk Stosowanych","publisher":{"@id":"https:\/\/pans.krosno.pl\/pracownicy\/#organization"},"potentialAction":[{"@type":"SearchAction","target":{"@type":"EntryPoint","urlTemplate":"https:\/\/pans.krosno.pl\/pracownicy\/?s={search_term_string}"},"query-input":{"@type":"PropertyValueSpecification","valueRequired":true,"valueName":"search_term_string"}}],"inLanguage":"pl-PL"},{"@type":"Organization","@id":"https:\/\/pans.krosno.pl\/pracownicy\/#organization","name":"Pracownicy PANS w Kro\u015bnie","url":"https:\/\/pans.krosno.pl\/pracownicy\/","logo":{"@type":"ImageObject","inLanguage":"pl-PL","@id":"https:\/\/pans.krosno.pl\/pracownicy\/#\/schema\/logo\/image\/","url":"https:\/\/pans.krosno.pl\/pracownicy\/wp-content\/uploads\/sites\/41\/2023\/01\/Logo-PANS-2022-pelne.png","contentUrl":"https:\/\/pans.krosno.pl\/pracownicy\/wp-content\/uploads\/sites\/41\/2023\/01\/Logo-PANS-2022-pelne.png","width":3096,"height":696,"caption":"Pracownicy PANS w Kro\u015bnie"},"image":{"@id":"https:\/\/pans.krosno.pl\/pracownicy\/#\/schema\/logo\/image\/"}}]}},"_links":{"self":[{"href":"https:\/\/pans.krosno.pl\/pracownicy\/wp-json\/wp\/v2\/pages\/1586","targetHints":{"allow":["GET"]}}],"collection":[{"href":"https:\/\/pans.krosno.pl\/pracownicy\/wp-json\/wp\/v2\/pages"}],"about":[{"href":"https:\/\/pans.krosno.pl\/pracownicy\/wp-json\/wp\/v2\/types\/page"}],"author":[{"embeddable":true,"href":"https:\/\/pans.krosno.pl\/pracownicy\/wp-json\/wp\/v2\/users\/34"}],"replies":[{"embeddable":true,"href":"https:\/\/pans.krosno.pl\/pracownicy\/wp-json\/wp\/v2\/comments?post=1586"}],"version-history":[{"count":5,"href":"https:\/\/pans.krosno.pl\/pracownicy\/wp-json\/wp\/v2\/pages\/1586\/revisions"}],"predecessor-version":[{"id":9446,"href":"https:\/\/pans.krosno.pl\/pracownicy\/wp-json\/wp\/v2\/pages\/1586\/revisions\/9446"}],"up":[{"embeddable":true,"href":"https:\/\/pans.krosno.pl\/pracownicy\/wp-json\/wp\/v2\/pages\/1580"}],"wp:attachment":[{"href":"https:\/\/pans.krosno.pl\/pracownicy\/wp-json\/wp\/v2\/media?parent=1586"}],"curies":[{"name":"wp","href":"https:\/\/api.w.org\/{rel}","templated":true}]}}