{"id":1569,"date":"2020-04-03T14:24:19","date_gmt":"2020-04-03T12:24:19","guid":{"rendered":"https:\/\/pans.krosno.pl\/pracownicy\/?page_id=1569"},"modified":"2025-05-15T14:00:36","modified_gmt":"2025-05-15T12:00:36","slug":"jack-lala-najwazniejsze-nagrody-i-wyroznienia","status":"publish","type":"page","link":"https:\/\/pans.krosno.pl\/pracownicy\/jack-lala\/jack-lala-najwazniejsze-nagrody-i-wyroznienia\/","title":{"rendered":"mgr Jack Lala &#8211; Najwa\u017cniejsze nagrody i wyr\u00f3\u017cnienia"},"content":{"rendered":"<hr>\n<ul>\n<li>We wrze\u015bniu 2011 r. Jack Lala zosta\u0142 odznaczony przez Prezydenta RP Br\u0105zowym Krzy\u017cem Zas\u0142ugi. Jest to najwy\u017csze odznaczenie nadawane obcokrajowcom za ich wk\u0142ad w relacje mi\u0119dzy Polsk\u0105 a USA,<\/li>\n<li>W 2018 r. ustanowi\u0142 nagrod\u0119 im. Arnolda P. Krammera dla najlepszych student\u00f3w filologii,<\/li>\n<li>W grudniu 2019 r. organizowa\u0142 i by\u0142 sponsorem programu dzia\u0142alno\u015bci dla Domu Dziecka w Kro\u015bnie.<\/li>\n<\/ul>\n<hr>\n<p>&nbsp;<\/p>\n","protected":false},"excerpt":{"rendered":"<p>We wrze\u015bniu 2011 r. Jack Lala zosta\u0142 odznaczony przez Prezydenta RP Br\u0105zowym Krzy\u017cem Zas\u0142ugi. Jest to najwy\u017csze odznaczenie nadawane obcokrajowcom za ich wk\u0142ad w relacje mi\u0119dzy Polsk\u0105 a USA, W 2018 r. ustanowi\u0142 nagrod\u0119 im. Arnolda P. Krammera dla najlepszych student\u00f3w filologii, W grudniu 2019 r. organizowa\u0142 i by\u0142 sponsorem [\u2026] <\/p>\n<div class=\"clear\"><\/div>\n<p><a class=\"more_link clearfix\" href=\"https:\/\/pans.krosno.pl\/pracownicy\/jack-lala\/jack-lala-najwazniejsze-nagrody-i-wyroznienia\/\" rel=\"nofollow\">Read More<\/a><\/p>\n","protected":false},"author":34,"featured_media":0,"parent":1560,"menu_order":0,"comment_status":"closed","ping_status":"closed","template":"","meta":{"ngg_post_thumbnail":0,"footnotes":""},"class_list":["post-1569","page","type-page","status-publish","hentry"],"yoast_head":"<!-- This site is optimized with the Yoast SEO Premium plugin v27.3 (Yoast SEO v27.3) - https:\/\/yoast.com\/product\/yoast-seo-premium-wordpress\/ -->\n<title>mgr Jack Lala - Najwa\u017cniejsze nagrody i wyr\u00f3\u017cnienia - Pracownicy PANS w Kro\u015bnie<\/title>\n<meta name=\"robots\" content=\"index, follow, max-snippet:-1, max-image-preview:large, max-video-preview:-1\" \/>\n<link rel=\"canonical\" href=\"https:\/\/pans.krosno.pl\/pracownicy\/jack-lala\/jack-lala-najwazniejsze-nagrody-i-wyroznienia\/\" \/>\n<meta property=\"og:locale\" content=\"pl_PL\" \/>\n<meta property=\"og:type\" content=\"article\" \/>\n<meta property=\"og:title\" content=\"mgr Jack Lala - Najwa\u017cniejsze nagrody i wyr\u00f3\u017cnienia\" \/>\n<meta property=\"og:description\" content=\"We wrze\u015bniu 2011 r. Jack Lala zosta\u0142 odznaczony przez Prezydenta RP Br\u0105zowym Krzy\u017cem Zas\u0142ugi. Jest to najwy\u017csze odznaczenie nadawane obcokrajowcom za ich wk\u0142ad w relacje mi\u0119dzy Polsk\u0105 a USA, W 2018 r. ustanowi\u0142 nagrod\u0119 im. Arnolda P. Krammera dla najlepszych student\u00f3w filologii, W grudniu 2019 r. organizowa\u0142 i by\u0142 sponsorem [\u2026] Read More\" \/>\n<meta property=\"og:url\" content=\"https:\/\/pans.krosno.pl\/pracownicy\/jack-lala\/jack-lala-najwazniejsze-nagrody-i-wyroznienia\/\" \/>\n<meta property=\"og:site_name\" content=\"Pracownicy PANS w Kro\u015bnie\" \/>\n<meta property=\"article:modified_time\" content=\"2025-05-15T12:00:36+00:00\" \/>\n<meta name=\"twitter:card\" content=\"summary_large_image\" \/>\n<meta name=\"twitter:label1\" content=\"Szacowany czas czytania\" \/>\n\t<meta name=\"twitter:data1\" content=\"1 minuta\" \/>\n<script type=\"application\/ld+json\" class=\"yoast-schema-graph\">{\"@context\":\"https:\\\/\\\/schema.org\",\"@graph\":[{\"@type\":\"WebPage\",\"@id\":\"https:\\\/\\\/pans.krosno.pl\\\/pracownicy\\\/jack-lala\\\/jack-lala-najwazniejsze-nagrody-i-wyroznienia\\\/\",\"url\":\"https:\\\/\\\/pans.krosno.pl\\\/pracownicy\\\/jack-lala\\\/jack-lala-najwazniejsze-nagrody-i-wyroznienia\\\/\",\"name\":\"mgr Jack Lala - Najwa\u017cniejsze nagrody i wyr\u00f3\u017cnienia - Pracownicy PANS w Kro\u015bnie\",\"isPartOf\":{\"@id\":\"https:\\\/\\\/pans.krosno.pl\\\/pracownicy\\\/#website\"},\"datePublished\":\"2020-04-03T12:24:19+00:00\",\"dateModified\":\"2025-05-15T12:00:36+00:00\",\"breadcrumb\":{\"@id\":\"https:\\\/\\\/pans.krosno.pl\\\/pracownicy\\\/jack-lala\\\/jack-lala-najwazniejsze-nagrody-i-wyroznienia\\\/#breadcrumb\"},\"inLanguage\":\"pl-PL\",\"potentialAction\":[{\"@type\":\"ReadAction\",\"target\":[\"https:\\\/\\\/pans.krosno.pl\\\/pracownicy\\\/jack-lala\\\/jack-lala-najwazniejsze-nagrody-i-wyroznienia\\\/\"]}]},{\"@type\":\"BreadcrumbList\",\"@id\":\"https:\\\/\\\/pans.krosno.pl\\\/pracownicy\\\/jack-lala\\\/jack-lala-najwazniejsze-nagrody-i-wyroznienia\\\/#breadcrumb\",\"itemListElement\":[{\"@type\":\"ListItem\",\"position\":1,\"name\":\"Strona g\u0142\u00f3wna\",\"item\":\"https:\\\/\\\/pans.krosno.pl\\\/pracownicy\\\/\"},{\"@type\":\"ListItem\",\"position\":2,\"name\":\"mgr Jack Lala\",\"item\":\"https:\\\/\\\/pans.krosno.pl\\\/pracownicy\\\/jack-lala\\\/\"},{\"@type\":\"ListItem\",\"position\":3,\"name\":\"mgr Jack Lala &#8211; Najwa\u017cniejsze nagrody i wyr\u00f3\u017cnienia\"}]},{\"@type\":\"WebSite\",\"@id\":\"https:\\\/\\\/pans.krosno.pl\\\/pracownicy\\\/#website\",\"url\":\"https:\\\/\\\/pans.krosno.pl\\\/pracownicy\\\/\",\"name\":\"Pracownicy PANS w Kro\u015bnie\",\"description\":\"Pracownicy - Pa\u0144stwowa Akademia Nauk Stosowanych\",\"publisher\":{\"@id\":\"https:\\\/\\\/pans.krosno.pl\\\/pracownicy\\\/#organization\"},\"potentialAction\":[{\"@type\":\"SearchAction\",\"target\":{\"@type\":\"EntryPoint\",\"urlTemplate\":\"https:\\\/\\\/pans.krosno.pl\\\/pracownicy\\\/?s={search_term_string}\"},\"query-input\":{\"@type\":\"PropertyValueSpecification\",\"valueRequired\":true,\"valueName\":\"search_term_string\"}}],\"inLanguage\":\"pl-PL\"},{\"@type\":\"Organization\",\"@id\":\"https:\\\/\\\/pans.krosno.pl\\\/pracownicy\\\/#organization\",\"name\":\"Pracownicy PANS w Kro\u015bnie\",\"url\":\"https:\\\/\\\/pans.krosno.pl\\\/pracownicy\\\/\",\"logo\":{\"@type\":\"ImageObject\",\"inLanguage\":\"pl-PL\",\"@id\":\"https:\\\/\\\/pans.krosno.pl\\\/pracownicy\\\/#\\\/schema\\\/logo\\\/image\\\/\",\"url\":\"https:\\\/\\\/pans.krosno.pl\\\/pracownicy\\\/wp-content\\\/uploads\\\/sites\\\/41\\\/2023\\\/01\\\/Logo-PANS-2022-pelne.png\",\"contentUrl\":\"https:\\\/\\\/pans.krosno.pl\\\/pracownicy\\\/wp-content\\\/uploads\\\/sites\\\/41\\\/2023\\\/01\\\/Logo-PANS-2022-pelne.png\",\"width\":3096,\"height\":696,\"caption\":\"Pracownicy PANS w Kro\u015bnie\"},\"image\":{\"@id\":\"https:\\\/\\\/pans.krosno.pl\\\/pracownicy\\\/#\\\/schema\\\/logo\\\/image\\\/\"}}]}<\/script>\n<!-- \/ Yoast SEO Premium plugin. -->","yoast_head_json":{"title":"mgr Jack Lala - Najwa\u017cniejsze nagrody i wyr\u00f3\u017cnienia - Pracownicy PANS w Kro\u015bnie","robots":{"index":"index","follow":"follow","max-snippet":"max-snippet:-1","max-image-preview":"max-image-preview:large","max-video-preview":"max-video-preview:-1"},"canonical":"https:\/\/pans.krosno.pl\/pracownicy\/jack-lala\/jack-lala-najwazniejsze-nagrody-i-wyroznienia\/","og_locale":"pl_PL","og_type":"article","og_title":"mgr Jack Lala - Najwa\u017cniejsze nagrody i wyr\u00f3\u017cnienia","og_description":"We wrze\u015bniu 2011 r. Jack Lala zosta\u0142 odznaczony przez Prezydenta RP Br\u0105zowym Krzy\u017cem Zas\u0142ugi. Jest to najwy\u017csze odznaczenie nadawane obcokrajowcom za ich wk\u0142ad w relacje mi\u0119dzy Polsk\u0105 a USA, W 2018 r. ustanowi\u0142 nagrod\u0119 im. Arnolda P. Krammera dla najlepszych student\u00f3w filologii, W grudniu 2019 r. organizowa\u0142 i by\u0142 sponsorem [\u2026] Read More","og_url":"https:\/\/pans.krosno.pl\/pracownicy\/jack-lala\/jack-lala-najwazniejsze-nagrody-i-wyroznienia\/","og_site_name":"Pracownicy PANS w Kro\u015bnie","article_modified_time":"2025-05-15T12:00:36+00:00","twitter_card":"summary_large_image","twitter_misc":{"Szacowany czas czytania":"1 minuta"},"schema":{"@context":"https:\/\/schema.org","@graph":[{"@type":"WebPage","@id":"https:\/\/pans.krosno.pl\/pracownicy\/jack-lala\/jack-lala-najwazniejsze-nagrody-i-wyroznienia\/","url":"https:\/\/pans.krosno.pl\/pracownicy\/jack-lala\/jack-lala-najwazniejsze-nagrody-i-wyroznienia\/","name":"mgr Jack Lala - Najwa\u017cniejsze nagrody i wyr\u00f3\u017cnienia - Pracownicy PANS w Kro\u015bnie","isPartOf":{"@id":"https:\/\/pans.krosno.pl\/pracownicy\/#website"},"datePublished":"2020-04-03T12:24:19+00:00","dateModified":"2025-05-15T12:00:36+00:00","breadcrumb":{"@id":"https:\/\/pans.krosno.pl\/pracownicy\/jack-lala\/jack-lala-najwazniejsze-nagrody-i-wyroznienia\/#breadcrumb"},"inLanguage":"pl-PL","potentialAction":[{"@type":"ReadAction","target":["https:\/\/pans.krosno.pl\/pracownicy\/jack-lala\/jack-lala-najwazniejsze-nagrody-i-wyroznienia\/"]}]},{"@type":"BreadcrumbList","@id":"https:\/\/pans.krosno.pl\/pracownicy\/jack-lala\/jack-lala-najwazniejsze-nagrody-i-wyroznienia\/#breadcrumb","itemListElement":[{"@type":"ListItem","position":1,"name":"Strona g\u0142\u00f3wna","item":"https:\/\/pans.krosno.pl\/pracownicy\/"},{"@type":"ListItem","position":2,"name":"mgr Jack Lala","item":"https:\/\/pans.krosno.pl\/pracownicy\/jack-lala\/"},{"@type":"ListItem","position":3,"name":"mgr Jack Lala &#8211; Najwa\u017cniejsze nagrody i wyr\u00f3\u017cnienia"}]},{"@type":"WebSite","@id":"https:\/\/pans.krosno.pl\/pracownicy\/#website","url":"https:\/\/pans.krosno.pl\/pracownicy\/","name":"Pracownicy PANS w Kro\u015bnie","description":"Pracownicy - Pa\u0144stwowa Akademia Nauk Stosowanych","publisher":{"@id":"https:\/\/pans.krosno.pl\/pracownicy\/#organization"},"potentialAction":[{"@type":"SearchAction","target":{"@type":"EntryPoint","urlTemplate":"https:\/\/pans.krosno.pl\/pracownicy\/?s={search_term_string}"},"query-input":{"@type":"PropertyValueSpecification","valueRequired":true,"valueName":"search_term_string"}}],"inLanguage":"pl-PL"},{"@type":"Organization","@id":"https:\/\/pans.krosno.pl\/pracownicy\/#organization","name":"Pracownicy PANS w Kro\u015bnie","url":"https:\/\/pans.krosno.pl\/pracownicy\/","logo":{"@type":"ImageObject","inLanguage":"pl-PL","@id":"https:\/\/pans.krosno.pl\/pracownicy\/#\/schema\/logo\/image\/","url":"https:\/\/pans.krosno.pl\/pracownicy\/wp-content\/uploads\/sites\/41\/2023\/01\/Logo-PANS-2022-pelne.png","contentUrl":"https:\/\/pans.krosno.pl\/pracownicy\/wp-content\/uploads\/sites\/41\/2023\/01\/Logo-PANS-2022-pelne.png","width":3096,"height":696,"caption":"Pracownicy PANS w Kro\u015bnie"},"image":{"@id":"https:\/\/pans.krosno.pl\/pracownicy\/#\/schema\/logo\/image\/"}}]}},"_links":{"self":[{"href":"https:\/\/pans.krosno.pl\/pracownicy\/wp-json\/wp\/v2\/pages\/1569","targetHints":{"allow":["GET"]}}],"collection":[{"href":"https:\/\/pans.krosno.pl\/pracownicy\/wp-json\/wp\/v2\/pages"}],"about":[{"href":"https:\/\/pans.krosno.pl\/pracownicy\/wp-json\/wp\/v2\/types\/page"}],"author":[{"embeddable":true,"href":"https:\/\/pans.krosno.pl\/pracownicy\/wp-json\/wp\/v2\/users\/34"}],"replies":[{"embeddable":true,"href":"https:\/\/pans.krosno.pl\/pracownicy\/wp-json\/wp\/v2\/comments?post=1569"}],"version-history":[{"count":6,"href":"https:\/\/pans.krosno.pl\/pracownicy\/wp-json\/wp\/v2\/pages\/1569\/revisions"}],"predecessor-version":[{"id":6506,"href":"https:\/\/pans.krosno.pl\/pracownicy\/wp-json\/wp\/v2\/pages\/1569\/revisions\/6506"}],"up":[{"embeddable":true,"href":"https:\/\/pans.krosno.pl\/pracownicy\/wp-json\/wp\/v2\/pages\/1560"}],"wp:attachment":[{"href":"https:\/\/pans.krosno.pl\/pracownicy\/wp-json\/wp\/v2\/media?parent=1569"}],"curies":[{"name":"wp","href":"https:\/\/api.w.org\/{rel}","templated":true}]}}