{"id":1506,"date":"2020-04-03T13:13:10","date_gmt":"2020-04-03T11:13:10","guid":{"rendered":"https:\/\/pans.krosno.pl\/pracownicy\/?page_id=1506"},"modified":"2025-09-29T14:42:52","modified_gmt":"2025-09-29T12:42:52","slug":"krzysztof-kasprzyk-najwazniejsze-publikacje","status":"publish","type":"page","link":"https:\/\/pans.krosno.pl\/pracownicy\/krzysztof-kasprzyk\/krzysztof-kasprzyk-najwazniejsze-publikacje\/","title":{"rendered":"dr Krzysztof Kasprzyk &#8211; Najwa\u017cniejsze publikacje"},"content":{"rendered":"<hr>\n<p><strong>Artyku\u0142y<\/strong><\/p>\n<ol>\n<li>J\u0119zyki obce na cenzurowanym &#8211; G\u0142os Nauczycielski Nr. 39, 28 wrzesie\u0144 1975 r. 2. Test egzaminacyjny do NKJO w Kro\u015bnie &#8211; J\u0119zyki Obce w Szkole Nr 1, 1995 r.<\/li>\n<li>Dyskutujemy nad programem j\u0119zyk\u00f3w obcych \u2013 O\u015bwiata i Wychowanie Nr 15, 16, 30 pa\u017adziernik 1976.<\/li>\n<li>Co nowego w j\u0119zyku obcym? \u2013 Podkarpacie Nr 26, 1977 r.<\/li>\n<li>M\u0142odzie\u017c wsp\u00f3\u0142gospodarzem szko\u0142y \u2013 Podkarpacie Nr 13, 1977 r.<\/li>\n<li>Ekscelencja z Wietrzna \u2013 Nowiny Nr 147, 25 \u2013 26 czerwiec 1986 r.<\/li>\n<li>The Lower East Side: Aspects and Perceptions of a Community \u2013 pracazbiorowa,Mi\u0119dzynarodowyInstytutStudi\u00f3wAmeryka\u0144skich, New York University, 1989 r.<\/li>\n<li>Exzellenz Kazimierz Ch\u0142\u0119dowski aus Wietrzno &#8211; \u00d6sterreichische Osthefte, \u00d6sterreichisches Ost- und S\u00fcdeuropa Institut Jahrgang 32, Wien 1990.<\/li>\n<li>Kurs j\u0119zyka angielskiego w Bletchington Park- Oxford &#8211; J\u0119zyki Obce w Szkole Nr 1, 1997 10. J\u0119zyk Angielski na cenzurowanym &#8211; ERGO (pismo nauczycieli Podkarpacia) Nr 2(3) 1997.<\/li>\n<li>Filologiczny komentarz do B\u00f6lla. Recenzja ksi\u0105\u017cki Bernda Balzera: Das literarische Werk Heinrich B\u00f6lls. Einf\u00fchrung und Kommentare, M\u00fcnchen, 1997. w : Zbli\u017cenia Polska Niemcy\/Ann\u00e4herungen Polen Deutschland (20) Wroc\u0142aw 1998.<\/li>\n<li>Heinrich B\u00f6lls Gesellschaftskritik in \u2018 Ansichten eines Clowns\u2019. W: And gladly wolde he lerne and gladly teche. Studies on Language and Literature in Honour of Professor Dr. Karl Heinz G\u00f6ller, Wydawnictwo Uniwersytetu Jagiello\u0144skiego 2001.<\/li>\n<li>Mi\u0119dzy parodi\u0105 a denuncjacj\u0105, Zbli\u017cenia Polska Niemcy\/Ann\u00e4herungen Polen Deutschland, Nr. 3 (33) Wroc\u0142aw 2002.<\/li>\n<li>Studia w USA cz.I \u2013 Nasz G\u0142os, Krosno Nr 1, 17 kwietnia 2003.<\/li>\n<li>Studia w USA cz.II \u2013 Nasz G\u0142os, Krosno Nr 4, 8 maja 2003.<\/li>\n<li>Studia w USA cz.III \u2013 Nasz G\u0142os, Krosno Nr 9, 12 czerwca 2003.<\/li>\n<li>Obcokrajowcy w Kro\u015bnie &#8211; Nasz G\u0142os, Krosno Nr 11, 26 czerwca 2003.<\/li>\n<li>Nauczyciel to nie wszystko \u2013 Nasz G\u0142os, Krosno Nr 26, 9 pa\u017adziernika 2003.<\/li>\n<li>Situational Approach in Teaching Grammar: a Lesson, Papers on Language, Culture and Literature Nr 9, PWSZ Krosno 2004.<\/li>\n<li>Heinrich B\u00f6lls Zeitgenossenschaft&#8217;, Papers on Language, Culture and Literature Nr 19, PWSzZ Krosno 2005.<\/li>\n<li>Exzellenz Kazimierz Ch\u0142\u0119dowski aus Wietrzno&#8217;, Papers on Language, Culture and Literature Nr 13, PWSZ Krosno 2005.<\/li>\n<li>Tragedy of incomprehension and solitude in Joseph Conrad&#8217;s Amy Foster, Papers on Language, Culture and Literature Nr 55, PWSZ Krosno 2011<\/li>\n<\/ol>\n<p><strong>Recenzje<\/strong><\/p>\n<ol>\n<li>Recenzja wydawnicza ksi\u0105\u017cki Stanis\u0142awa D\u0142u\u017cniewskiego \u2018 Viel Erfolg \u2018 na zlecenia IKN w Warszawie z dnia 6 stycznia 1988 r.<\/li>\n<li>Recenzja wydawnicza ksi\u0105\u017cki Stanis\u0142awa D\u0142u\u017cniewskiego \u2018 Alles Gute \u2018 na zlecenie IKN w Warszawie z dnia 30 maja 1988 r.<\/li>\n<li>Geneza, rozw\u00f3j i dzia\u0142alno\u015b\u0107 Nauczycielskiego Kolegium J\u0119zyk\u00f3w Obcych ( 1990 &#8211; 1995 ) Dzieje Zak\u0142ad\u00f3w Kszta\u0142cenia Nauczycieli w Kro\u015bnie w latach 1895 &#8211; 1995 , KN Krosno 1997.<\/li>\n<\/ol>\n<hr>\n<p>&nbsp;<\/p>\n","protected":false},"excerpt":{"rendered":"<p>Artyku\u0142y J\u0119zyki obce na cenzurowanym &#8211; G\u0142os Nauczycielski Nr. 39, 28 wrzesie\u0144 1975 r. 2. Test egzaminacyjny do NKJO w Kro\u015bnie &#8211; J\u0119zyki Obce w Szkole Nr 1, 1995 r. Dyskutujemy nad programem j\u0119zyk\u00f3w obcych \u2013 O\u015bwiata i Wychowanie Nr 15, 16, 30 pa\u017adziernik 1976. Co nowego w j\u0119zyku obcym? [\u2026] <\/p>\n<div class=\"clear\"><\/div>\n<p><a class=\"more_link clearfix\" href=\"https:\/\/pans.krosno.pl\/pracownicy\/krzysztof-kasprzyk\/krzysztof-kasprzyk-najwazniejsze-publikacje\/\" rel=\"nofollow\">Read More<\/a><\/p>\n","protected":false},"author":34,"featured_media":0,"parent":1499,"menu_order":0,"comment_status":"closed","ping_status":"closed","template":"","meta":{"ngg_post_thumbnail":0,"footnotes":""},"class_list":["post-1506","page","type-page","status-publish","hentry"],"yoast_head":"<!-- This site is optimized with the Yoast SEO Premium plugin v27.3 (Yoast SEO v27.3) - https:\/\/yoast.com\/product\/yoast-seo-premium-wordpress\/ -->\n<title>dr Krzysztof Kasprzyk - Najwa\u017cniejsze publikacje - Pracownicy PANS w Kro\u015bnie<\/title>\n<meta name=\"robots\" content=\"index, follow, max-snippet:-1, max-image-preview:large, max-video-preview:-1\" \/>\n<link rel=\"canonical\" href=\"https:\/\/pans.krosno.pl\/pracownicy\/krzysztof-kasprzyk\/krzysztof-kasprzyk-najwazniejsze-publikacje\/\" \/>\n<meta property=\"og:locale\" content=\"pl_PL\" \/>\n<meta property=\"og:type\" content=\"article\" \/>\n<meta property=\"og:title\" content=\"dr Krzysztof Kasprzyk - Najwa\u017cniejsze publikacje\" \/>\n<meta property=\"og:description\" content=\"Artyku\u0142y J\u0119zyki obce na cenzurowanym &#8211; G\u0142os Nauczycielski Nr. 39, 28 wrzesie\u0144 1975 r. 2. Test egzaminacyjny do NKJO w Kro\u015bnie &#8211; J\u0119zyki Obce w Szkole Nr 1, 1995 r. Dyskutujemy nad programem j\u0119zyk\u00f3w obcych \u2013 O\u015bwiata i Wychowanie Nr 15, 16, 30 pa\u017adziernik 1976. Co nowego w j\u0119zyku obcym? [\u2026] Read More\" \/>\n<meta property=\"og:url\" content=\"https:\/\/pans.krosno.pl\/pracownicy\/krzysztof-kasprzyk\/krzysztof-kasprzyk-najwazniejsze-publikacje\/\" \/>\n<meta property=\"og:site_name\" content=\"Pracownicy PANS w Kro\u015bnie\" \/>\n<meta property=\"article:modified_time\" content=\"2025-09-29T12:42:52+00:00\" \/>\n<meta name=\"twitter:card\" content=\"summary_large_image\" \/>\n<meta name=\"twitter:label1\" content=\"Szacowany czas czytania\" \/>\n\t<meta name=\"twitter:data1\" content=\"3 minuty\" \/>\n<script type=\"application\/ld+json\" class=\"yoast-schema-graph\">{\"@context\":\"https:\\\/\\\/schema.org\",\"@graph\":[{\"@type\":\"WebPage\",\"@id\":\"https:\\\/\\\/pans.krosno.pl\\\/pracownicy\\\/krzysztof-kasprzyk\\\/krzysztof-kasprzyk-najwazniejsze-publikacje\\\/\",\"url\":\"https:\\\/\\\/pans.krosno.pl\\\/pracownicy\\\/krzysztof-kasprzyk\\\/krzysztof-kasprzyk-najwazniejsze-publikacje\\\/\",\"name\":\"dr Krzysztof Kasprzyk - Najwa\u017cniejsze publikacje - Pracownicy PANS w Kro\u015bnie\",\"isPartOf\":{\"@id\":\"https:\\\/\\\/pans.krosno.pl\\\/pracownicy\\\/#website\"},\"datePublished\":\"2020-04-03T11:13:10+00:00\",\"dateModified\":\"2025-09-29T12:42:52+00:00\",\"breadcrumb\":{\"@id\":\"https:\\\/\\\/pans.krosno.pl\\\/pracownicy\\\/krzysztof-kasprzyk\\\/krzysztof-kasprzyk-najwazniejsze-publikacje\\\/#breadcrumb\"},\"inLanguage\":\"pl-PL\",\"potentialAction\":[{\"@type\":\"ReadAction\",\"target\":[\"https:\\\/\\\/pans.krosno.pl\\\/pracownicy\\\/krzysztof-kasprzyk\\\/krzysztof-kasprzyk-najwazniejsze-publikacje\\\/\"]}]},{\"@type\":\"BreadcrumbList\",\"@id\":\"https:\\\/\\\/pans.krosno.pl\\\/pracownicy\\\/krzysztof-kasprzyk\\\/krzysztof-kasprzyk-najwazniejsze-publikacje\\\/#breadcrumb\",\"itemListElement\":[{\"@type\":\"ListItem\",\"position\":1,\"name\":\"Strona g\u0142\u00f3wna\",\"item\":\"https:\\\/\\\/pans.krosno.pl\\\/pracownicy\\\/\"},{\"@type\":\"ListItem\",\"position\":2,\"name\":\"dr Krzysztof Kasprzyk\",\"item\":\"https:\\\/\\\/pans.krosno.pl\\\/pracownicy\\\/krzysztof-kasprzyk\\\/\"},{\"@type\":\"ListItem\",\"position\":3,\"name\":\"dr Krzysztof Kasprzyk &#8211; Najwa\u017cniejsze publikacje\"}]},{\"@type\":\"WebSite\",\"@id\":\"https:\\\/\\\/pans.krosno.pl\\\/pracownicy\\\/#website\",\"url\":\"https:\\\/\\\/pans.krosno.pl\\\/pracownicy\\\/\",\"name\":\"Pracownicy PANS w Kro\u015bnie\",\"description\":\"Pracownicy - Pa\u0144stwowa Akademia Nauk Stosowanych\",\"publisher\":{\"@id\":\"https:\\\/\\\/pans.krosno.pl\\\/pracownicy\\\/#organization\"},\"potentialAction\":[{\"@type\":\"SearchAction\",\"target\":{\"@type\":\"EntryPoint\",\"urlTemplate\":\"https:\\\/\\\/pans.krosno.pl\\\/pracownicy\\\/?s={search_term_string}\"},\"query-input\":{\"@type\":\"PropertyValueSpecification\",\"valueRequired\":true,\"valueName\":\"search_term_string\"}}],\"inLanguage\":\"pl-PL\"},{\"@type\":\"Organization\",\"@id\":\"https:\\\/\\\/pans.krosno.pl\\\/pracownicy\\\/#organization\",\"name\":\"Pracownicy PANS w Kro\u015bnie\",\"url\":\"https:\\\/\\\/pans.krosno.pl\\\/pracownicy\\\/\",\"logo\":{\"@type\":\"ImageObject\",\"inLanguage\":\"pl-PL\",\"@id\":\"https:\\\/\\\/pans.krosno.pl\\\/pracownicy\\\/#\\\/schema\\\/logo\\\/image\\\/\",\"url\":\"https:\\\/\\\/pans.krosno.pl\\\/pracownicy\\\/wp-content\\\/uploads\\\/sites\\\/41\\\/2023\\\/01\\\/Logo-PANS-2022-pelne.png\",\"contentUrl\":\"https:\\\/\\\/pans.krosno.pl\\\/pracownicy\\\/wp-content\\\/uploads\\\/sites\\\/41\\\/2023\\\/01\\\/Logo-PANS-2022-pelne.png\",\"width\":3096,\"height\":696,\"caption\":\"Pracownicy PANS w Kro\u015bnie\"},\"image\":{\"@id\":\"https:\\\/\\\/pans.krosno.pl\\\/pracownicy\\\/#\\\/schema\\\/logo\\\/image\\\/\"}}]}<\/script>\n<!-- \/ Yoast SEO Premium plugin. -->","yoast_head_json":{"title":"dr Krzysztof Kasprzyk - Najwa\u017cniejsze publikacje - Pracownicy PANS w Kro\u015bnie","robots":{"index":"index","follow":"follow","max-snippet":"max-snippet:-1","max-image-preview":"max-image-preview:large","max-video-preview":"max-video-preview:-1"},"canonical":"https:\/\/pans.krosno.pl\/pracownicy\/krzysztof-kasprzyk\/krzysztof-kasprzyk-najwazniejsze-publikacje\/","og_locale":"pl_PL","og_type":"article","og_title":"dr Krzysztof Kasprzyk - Najwa\u017cniejsze publikacje","og_description":"Artyku\u0142y J\u0119zyki obce na cenzurowanym &#8211; G\u0142os Nauczycielski Nr. 39, 28 wrzesie\u0144 1975 r. 2. Test egzaminacyjny do NKJO w Kro\u015bnie &#8211; J\u0119zyki Obce w Szkole Nr 1, 1995 r. Dyskutujemy nad programem j\u0119zyk\u00f3w obcych \u2013 O\u015bwiata i Wychowanie Nr 15, 16, 30 pa\u017adziernik 1976. Co nowego w j\u0119zyku obcym? [\u2026] Read More","og_url":"https:\/\/pans.krosno.pl\/pracownicy\/krzysztof-kasprzyk\/krzysztof-kasprzyk-najwazniejsze-publikacje\/","og_site_name":"Pracownicy PANS w Kro\u015bnie","article_modified_time":"2025-09-29T12:42:52+00:00","twitter_card":"summary_large_image","twitter_misc":{"Szacowany czas czytania":"3 minuty"},"schema":{"@context":"https:\/\/schema.org","@graph":[{"@type":"WebPage","@id":"https:\/\/pans.krosno.pl\/pracownicy\/krzysztof-kasprzyk\/krzysztof-kasprzyk-najwazniejsze-publikacje\/","url":"https:\/\/pans.krosno.pl\/pracownicy\/krzysztof-kasprzyk\/krzysztof-kasprzyk-najwazniejsze-publikacje\/","name":"dr Krzysztof Kasprzyk - Najwa\u017cniejsze publikacje - Pracownicy PANS w Kro\u015bnie","isPartOf":{"@id":"https:\/\/pans.krosno.pl\/pracownicy\/#website"},"datePublished":"2020-04-03T11:13:10+00:00","dateModified":"2025-09-29T12:42:52+00:00","breadcrumb":{"@id":"https:\/\/pans.krosno.pl\/pracownicy\/krzysztof-kasprzyk\/krzysztof-kasprzyk-najwazniejsze-publikacje\/#breadcrumb"},"inLanguage":"pl-PL","potentialAction":[{"@type":"ReadAction","target":["https:\/\/pans.krosno.pl\/pracownicy\/krzysztof-kasprzyk\/krzysztof-kasprzyk-najwazniejsze-publikacje\/"]}]},{"@type":"BreadcrumbList","@id":"https:\/\/pans.krosno.pl\/pracownicy\/krzysztof-kasprzyk\/krzysztof-kasprzyk-najwazniejsze-publikacje\/#breadcrumb","itemListElement":[{"@type":"ListItem","position":1,"name":"Strona g\u0142\u00f3wna","item":"https:\/\/pans.krosno.pl\/pracownicy\/"},{"@type":"ListItem","position":2,"name":"dr Krzysztof Kasprzyk","item":"https:\/\/pans.krosno.pl\/pracownicy\/krzysztof-kasprzyk\/"},{"@type":"ListItem","position":3,"name":"dr Krzysztof Kasprzyk &#8211; Najwa\u017cniejsze publikacje"}]},{"@type":"WebSite","@id":"https:\/\/pans.krosno.pl\/pracownicy\/#website","url":"https:\/\/pans.krosno.pl\/pracownicy\/","name":"Pracownicy PANS w Kro\u015bnie","description":"Pracownicy - Pa\u0144stwowa Akademia Nauk Stosowanych","publisher":{"@id":"https:\/\/pans.krosno.pl\/pracownicy\/#organization"},"potentialAction":[{"@type":"SearchAction","target":{"@type":"EntryPoint","urlTemplate":"https:\/\/pans.krosno.pl\/pracownicy\/?s={search_term_string}"},"query-input":{"@type":"PropertyValueSpecification","valueRequired":true,"valueName":"search_term_string"}}],"inLanguage":"pl-PL"},{"@type":"Organization","@id":"https:\/\/pans.krosno.pl\/pracownicy\/#organization","name":"Pracownicy PANS w Kro\u015bnie","url":"https:\/\/pans.krosno.pl\/pracownicy\/","logo":{"@type":"ImageObject","inLanguage":"pl-PL","@id":"https:\/\/pans.krosno.pl\/pracownicy\/#\/schema\/logo\/image\/","url":"https:\/\/pans.krosno.pl\/pracownicy\/wp-content\/uploads\/sites\/41\/2023\/01\/Logo-PANS-2022-pelne.png","contentUrl":"https:\/\/pans.krosno.pl\/pracownicy\/wp-content\/uploads\/sites\/41\/2023\/01\/Logo-PANS-2022-pelne.png","width":3096,"height":696,"caption":"Pracownicy PANS w Kro\u015bnie"},"image":{"@id":"https:\/\/pans.krosno.pl\/pracownicy\/#\/schema\/logo\/image\/"}}]}},"_links":{"self":[{"href":"https:\/\/pans.krosno.pl\/pracownicy\/wp-json\/wp\/v2\/pages\/1506","targetHints":{"allow":["GET"]}}],"collection":[{"href":"https:\/\/pans.krosno.pl\/pracownicy\/wp-json\/wp\/v2\/pages"}],"about":[{"href":"https:\/\/pans.krosno.pl\/pracownicy\/wp-json\/wp\/v2\/types\/page"}],"author":[{"embeddable":true,"href":"https:\/\/pans.krosno.pl\/pracownicy\/wp-json\/wp\/v2\/users\/34"}],"replies":[{"embeddable":true,"href":"https:\/\/pans.krosno.pl\/pracownicy\/wp-json\/wp\/v2\/comments?post=1506"}],"version-history":[{"count":5,"href":"https:\/\/pans.krosno.pl\/pracownicy\/wp-json\/wp\/v2\/pages\/1506\/revisions"}],"predecessor-version":[{"id":8032,"href":"https:\/\/pans.krosno.pl\/pracownicy\/wp-json\/wp\/v2\/pages\/1506\/revisions\/8032"}],"up":[{"embeddable":true,"href":"https:\/\/pans.krosno.pl\/pracownicy\/wp-json\/wp\/v2\/pages\/1499"}],"wp:attachment":[{"href":"https:\/\/pans.krosno.pl\/pracownicy\/wp-json\/wp\/v2\/media?parent=1506"}],"curies":[{"name":"wp","href":"https:\/\/api.w.org\/{rel}","templated":true}]}}