{"id":1503,"date":"2020-04-03T13:11:32","date_gmt":"2020-04-03T11:11:32","guid":{"rendered":"https:\/\/pans.krosno.pl\/pracownicy\/?page_id=1503"},"modified":"2025-09-29T14:43:10","modified_gmt":"2025-09-29T12:43:10","slug":"krzysztof-kasprzyk-zyciorys-naukowy","status":"publish","type":"page","link":"https:\/\/pans.krosno.pl\/pracownicy\/krzysztof-kasprzyk\/krzysztof-kasprzyk-zyciorys-naukowy\/","title":{"rendered":"dr Krzysztof Kasprzyk &#8211; \u017byciorys naukowy"},"content":{"rendered":"<hr>\n<ul>\n<li>Od 1967 r. do 1975 r. nauczyciel j. angielskiego w I LO w Kro\u015bnie,<\/li>\n<li>Od 1975 r. do 1989 r. wizytator j\u0119zyk\u00f3w zachodnioeuropejskich i doradca metodyczny KOiW w Kro\u015bnie i ODN w Rzeszowie,<\/li>\n<li>Od 1989 r. do 1995 r. Dyrektor w Nauczycielskim Kolegium J\u0119zyk\u00f3w Obcych w Kro\u015bnie \u2013 metodyka nauczania j. angielskiego, fonetyka, wst\u0119p do j\u0119zykoznawstwa; Pa\u0144stwowa Wy\u017csza Szko\u0142a Zawodowa w Kro\u015bnie \u2013 metodyka nauczania j. angielskiego, seminarium licencjackie,<\/li>\n<li>W okresie od 2005 r. do 2013 r. Nauczycielskie Kolegium J\u0119zyk\u00f3w Obcych w Sanoku &#8211; praktyczna nauka j\u0119zyka angielskiego,<\/li>\n<li>W okresie od 2005 r. do 2010 r. Akademia Humanistyczno-Ekonomiczna w \u0141odzi (adiunkt) &#8211; metodyka, seminarium magisterskie,<\/li>\n<li>Od 2010 r. starszy wyk\u0142adowca w Pa\u0144stwowej Wy\u017cszej Szkole Zawodowej im. Stanis\u0142awa Pigonia w Kro\u015bnie, Karpackiej Pa\u0144stwowej Uczelni w Kro\u015bnie. A obecnie w Pa\u0144stwowej Akademii Nauk Stosowanych w Kro\u015bnie &#8211; metodyka nauczania j. angielskiego, seminarium licencjackie, praktyczna nauka j\u0119zyka.<\/li>\n<\/ul>\n<hr>\n<p>&nbsp;<\/p>\n","protected":false},"excerpt":{"rendered":"<p>Od 1967 r. do 1975 r. nauczyciel j. angielskiego w I LO w Kro\u015bnie, Od 1975 r. do 1989 r. wizytator j\u0119zyk\u00f3w zachodnioeuropejskich i doradca metodyczny KOiW w Kro\u015bnie i ODN w Rzeszowie, Od 1989 r. do 1995 r. Dyrektor w Nauczycielskim Kolegium J\u0119zyk\u00f3w Obcych w Kro\u015bnie \u2013 metodyka nauczania [\u2026] <\/p>\n<div class=\"clear\"><\/div>\n<p><a class=\"more_link clearfix\" href=\"https:\/\/pans.krosno.pl\/pracownicy\/krzysztof-kasprzyk\/krzysztof-kasprzyk-zyciorys-naukowy\/\" rel=\"nofollow\">Read More<\/a><\/p>\n","protected":false},"author":34,"featured_media":0,"parent":1499,"menu_order":0,"comment_status":"closed","ping_status":"closed","template":"","meta":{"ngg_post_thumbnail":0,"footnotes":""},"class_list":["post-1503","page","type-page","status-publish","hentry"],"yoast_head":"<!-- This site is optimized with the Yoast SEO Premium plugin v27.3 (Yoast SEO v27.3) - https:\/\/yoast.com\/product\/yoast-seo-premium-wordpress\/ -->\n<title>dr Krzysztof Kasprzyk - \u017byciorys naukowy - Pracownicy PANS w Kro\u015bnie<\/title>\n<meta name=\"robots\" content=\"index, follow, max-snippet:-1, max-image-preview:large, max-video-preview:-1\" \/>\n<link rel=\"canonical\" href=\"https:\/\/pans.krosno.pl\/pracownicy\/krzysztof-kasprzyk\/krzysztof-kasprzyk-zyciorys-naukowy\/\" \/>\n<meta property=\"og:locale\" content=\"pl_PL\" \/>\n<meta property=\"og:type\" content=\"article\" \/>\n<meta property=\"og:title\" content=\"dr Krzysztof Kasprzyk - \u017byciorys naukowy\" \/>\n<meta property=\"og:description\" content=\"Od 1967 r. do 1975 r. nauczyciel j. angielskiego w I LO w Kro\u015bnie, Od 1975 r. do 1989 r. wizytator j\u0119zyk\u00f3w zachodnioeuropejskich i doradca metodyczny KOiW w Kro\u015bnie i ODN w Rzeszowie, Od 1989 r. do 1995 r. Dyrektor w Nauczycielskim Kolegium J\u0119zyk\u00f3w Obcych w Kro\u015bnie \u2013 metodyka nauczania [\u2026] Read More\" \/>\n<meta property=\"og:url\" content=\"https:\/\/pans.krosno.pl\/pracownicy\/krzysztof-kasprzyk\/krzysztof-kasprzyk-zyciorys-naukowy\/\" \/>\n<meta property=\"og:site_name\" content=\"Pracownicy PANS w Kro\u015bnie\" \/>\n<meta property=\"article:modified_time\" content=\"2025-09-29T12:43:10+00:00\" \/>\n<meta name=\"twitter:card\" content=\"summary_large_image\" \/>\n<meta name=\"twitter:label1\" content=\"Szacowany czas czytania\" \/>\n\t<meta name=\"twitter:data1\" content=\"1 minuta\" \/>\n<script type=\"application\/ld+json\" class=\"yoast-schema-graph\">{\"@context\":\"https:\\\/\\\/schema.org\",\"@graph\":[{\"@type\":\"WebPage\",\"@id\":\"https:\\\/\\\/pans.krosno.pl\\\/pracownicy\\\/krzysztof-kasprzyk\\\/krzysztof-kasprzyk-zyciorys-naukowy\\\/\",\"url\":\"https:\\\/\\\/pans.krosno.pl\\\/pracownicy\\\/krzysztof-kasprzyk\\\/krzysztof-kasprzyk-zyciorys-naukowy\\\/\",\"name\":\"dr Krzysztof Kasprzyk - \u017byciorys naukowy - Pracownicy PANS w Kro\u015bnie\",\"isPartOf\":{\"@id\":\"https:\\\/\\\/pans.krosno.pl\\\/pracownicy\\\/#website\"},\"datePublished\":\"2020-04-03T11:11:32+00:00\",\"dateModified\":\"2025-09-29T12:43:10+00:00\",\"breadcrumb\":{\"@id\":\"https:\\\/\\\/pans.krosno.pl\\\/pracownicy\\\/krzysztof-kasprzyk\\\/krzysztof-kasprzyk-zyciorys-naukowy\\\/#breadcrumb\"},\"inLanguage\":\"pl-PL\",\"potentialAction\":[{\"@type\":\"ReadAction\",\"target\":[\"https:\\\/\\\/pans.krosno.pl\\\/pracownicy\\\/krzysztof-kasprzyk\\\/krzysztof-kasprzyk-zyciorys-naukowy\\\/\"]}]},{\"@type\":\"BreadcrumbList\",\"@id\":\"https:\\\/\\\/pans.krosno.pl\\\/pracownicy\\\/krzysztof-kasprzyk\\\/krzysztof-kasprzyk-zyciorys-naukowy\\\/#breadcrumb\",\"itemListElement\":[{\"@type\":\"ListItem\",\"position\":1,\"name\":\"Strona g\u0142\u00f3wna\",\"item\":\"https:\\\/\\\/pans.krosno.pl\\\/pracownicy\\\/\"},{\"@type\":\"ListItem\",\"position\":2,\"name\":\"dr Krzysztof Kasprzyk\",\"item\":\"https:\\\/\\\/pans.krosno.pl\\\/pracownicy\\\/krzysztof-kasprzyk\\\/\"},{\"@type\":\"ListItem\",\"position\":3,\"name\":\"dr Krzysztof Kasprzyk &#8211; \u017byciorys naukowy\"}]},{\"@type\":\"WebSite\",\"@id\":\"https:\\\/\\\/pans.krosno.pl\\\/pracownicy\\\/#website\",\"url\":\"https:\\\/\\\/pans.krosno.pl\\\/pracownicy\\\/\",\"name\":\"Pracownicy PANS w Kro\u015bnie\",\"description\":\"Pracownicy - Pa\u0144stwowa Akademia Nauk Stosowanych\",\"publisher\":{\"@id\":\"https:\\\/\\\/pans.krosno.pl\\\/pracownicy\\\/#organization\"},\"potentialAction\":[{\"@type\":\"SearchAction\",\"target\":{\"@type\":\"EntryPoint\",\"urlTemplate\":\"https:\\\/\\\/pans.krosno.pl\\\/pracownicy\\\/?s={search_term_string}\"},\"query-input\":{\"@type\":\"PropertyValueSpecification\",\"valueRequired\":true,\"valueName\":\"search_term_string\"}}],\"inLanguage\":\"pl-PL\"},{\"@type\":\"Organization\",\"@id\":\"https:\\\/\\\/pans.krosno.pl\\\/pracownicy\\\/#organization\",\"name\":\"Pracownicy PANS w Kro\u015bnie\",\"url\":\"https:\\\/\\\/pans.krosno.pl\\\/pracownicy\\\/\",\"logo\":{\"@type\":\"ImageObject\",\"inLanguage\":\"pl-PL\",\"@id\":\"https:\\\/\\\/pans.krosno.pl\\\/pracownicy\\\/#\\\/schema\\\/logo\\\/image\\\/\",\"url\":\"https:\\\/\\\/pans.krosno.pl\\\/pracownicy\\\/wp-content\\\/uploads\\\/sites\\\/41\\\/2023\\\/01\\\/Logo-PANS-2022-pelne.png\",\"contentUrl\":\"https:\\\/\\\/pans.krosno.pl\\\/pracownicy\\\/wp-content\\\/uploads\\\/sites\\\/41\\\/2023\\\/01\\\/Logo-PANS-2022-pelne.png\",\"width\":3096,\"height\":696,\"caption\":\"Pracownicy PANS w Kro\u015bnie\"},\"image\":{\"@id\":\"https:\\\/\\\/pans.krosno.pl\\\/pracownicy\\\/#\\\/schema\\\/logo\\\/image\\\/\"}}]}<\/script>\n<!-- \/ Yoast SEO Premium plugin. -->","yoast_head_json":{"title":"dr Krzysztof Kasprzyk - \u017byciorys naukowy - Pracownicy PANS w Kro\u015bnie","robots":{"index":"index","follow":"follow","max-snippet":"max-snippet:-1","max-image-preview":"max-image-preview:large","max-video-preview":"max-video-preview:-1"},"canonical":"https:\/\/pans.krosno.pl\/pracownicy\/krzysztof-kasprzyk\/krzysztof-kasprzyk-zyciorys-naukowy\/","og_locale":"pl_PL","og_type":"article","og_title":"dr Krzysztof Kasprzyk - \u017byciorys naukowy","og_description":"Od 1967 r. do 1975 r. nauczyciel j. angielskiego w I LO w Kro\u015bnie, Od 1975 r. do 1989 r. wizytator j\u0119zyk\u00f3w zachodnioeuropejskich i doradca metodyczny KOiW w Kro\u015bnie i ODN w Rzeszowie, Od 1989 r. do 1995 r. Dyrektor w Nauczycielskim Kolegium J\u0119zyk\u00f3w Obcych w Kro\u015bnie \u2013 metodyka nauczania [\u2026] Read More","og_url":"https:\/\/pans.krosno.pl\/pracownicy\/krzysztof-kasprzyk\/krzysztof-kasprzyk-zyciorys-naukowy\/","og_site_name":"Pracownicy PANS w Kro\u015bnie","article_modified_time":"2025-09-29T12:43:10+00:00","twitter_card":"summary_large_image","twitter_misc":{"Szacowany czas czytania":"1 minuta"},"schema":{"@context":"https:\/\/schema.org","@graph":[{"@type":"WebPage","@id":"https:\/\/pans.krosno.pl\/pracownicy\/krzysztof-kasprzyk\/krzysztof-kasprzyk-zyciorys-naukowy\/","url":"https:\/\/pans.krosno.pl\/pracownicy\/krzysztof-kasprzyk\/krzysztof-kasprzyk-zyciorys-naukowy\/","name":"dr Krzysztof Kasprzyk - \u017byciorys naukowy - Pracownicy PANS w Kro\u015bnie","isPartOf":{"@id":"https:\/\/pans.krosno.pl\/pracownicy\/#website"},"datePublished":"2020-04-03T11:11:32+00:00","dateModified":"2025-09-29T12:43:10+00:00","breadcrumb":{"@id":"https:\/\/pans.krosno.pl\/pracownicy\/krzysztof-kasprzyk\/krzysztof-kasprzyk-zyciorys-naukowy\/#breadcrumb"},"inLanguage":"pl-PL","potentialAction":[{"@type":"ReadAction","target":["https:\/\/pans.krosno.pl\/pracownicy\/krzysztof-kasprzyk\/krzysztof-kasprzyk-zyciorys-naukowy\/"]}]},{"@type":"BreadcrumbList","@id":"https:\/\/pans.krosno.pl\/pracownicy\/krzysztof-kasprzyk\/krzysztof-kasprzyk-zyciorys-naukowy\/#breadcrumb","itemListElement":[{"@type":"ListItem","position":1,"name":"Strona g\u0142\u00f3wna","item":"https:\/\/pans.krosno.pl\/pracownicy\/"},{"@type":"ListItem","position":2,"name":"dr Krzysztof Kasprzyk","item":"https:\/\/pans.krosno.pl\/pracownicy\/krzysztof-kasprzyk\/"},{"@type":"ListItem","position":3,"name":"dr Krzysztof Kasprzyk &#8211; \u017byciorys naukowy"}]},{"@type":"WebSite","@id":"https:\/\/pans.krosno.pl\/pracownicy\/#website","url":"https:\/\/pans.krosno.pl\/pracownicy\/","name":"Pracownicy PANS w Kro\u015bnie","description":"Pracownicy - Pa\u0144stwowa Akademia Nauk Stosowanych","publisher":{"@id":"https:\/\/pans.krosno.pl\/pracownicy\/#organization"},"potentialAction":[{"@type":"SearchAction","target":{"@type":"EntryPoint","urlTemplate":"https:\/\/pans.krosno.pl\/pracownicy\/?s={search_term_string}"},"query-input":{"@type":"PropertyValueSpecification","valueRequired":true,"valueName":"search_term_string"}}],"inLanguage":"pl-PL"},{"@type":"Organization","@id":"https:\/\/pans.krosno.pl\/pracownicy\/#organization","name":"Pracownicy PANS w Kro\u015bnie","url":"https:\/\/pans.krosno.pl\/pracownicy\/","logo":{"@type":"ImageObject","inLanguage":"pl-PL","@id":"https:\/\/pans.krosno.pl\/pracownicy\/#\/schema\/logo\/image\/","url":"https:\/\/pans.krosno.pl\/pracownicy\/wp-content\/uploads\/sites\/41\/2023\/01\/Logo-PANS-2022-pelne.png","contentUrl":"https:\/\/pans.krosno.pl\/pracownicy\/wp-content\/uploads\/sites\/41\/2023\/01\/Logo-PANS-2022-pelne.png","width":3096,"height":696,"caption":"Pracownicy PANS w Kro\u015bnie"},"image":{"@id":"https:\/\/pans.krosno.pl\/pracownicy\/#\/schema\/logo\/image\/"}}]}},"_links":{"self":[{"href":"https:\/\/pans.krosno.pl\/pracownicy\/wp-json\/wp\/v2\/pages\/1503","targetHints":{"allow":["GET"]}}],"collection":[{"href":"https:\/\/pans.krosno.pl\/pracownicy\/wp-json\/wp\/v2\/pages"}],"about":[{"href":"https:\/\/pans.krosno.pl\/pracownicy\/wp-json\/wp\/v2\/types\/page"}],"author":[{"embeddable":true,"href":"https:\/\/pans.krosno.pl\/pracownicy\/wp-json\/wp\/v2\/users\/34"}],"replies":[{"embeddable":true,"href":"https:\/\/pans.krosno.pl\/pracownicy\/wp-json\/wp\/v2\/comments?post=1503"}],"version-history":[{"count":7,"href":"https:\/\/pans.krosno.pl\/pracownicy\/wp-json\/wp\/v2\/pages\/1503\/revisions"}],"predecessor-version":[{"id":9386,"href":"https:\/\/pans.krosno.pl\/pracownicy\/wp-json\/wp\/v2\/pages\/1503\/revisions\/9386"}],"up":[{"embeddable":true,"href":"https:\/\/pans.krosno.pl\/pracownicy\/wp-json\/wp\/v2\/pages\/1499"}],"wp:attachment":[{"href":"https:\/\/pans.krosno.pl\/pracownicy\/wp-json\/wp\/v2\/media?parent=1503"}],"curies":[{"name":"wp","href":"https:\/\/api.w.org\/{rel}","templated":true}]}}