{"id":149,"date":"2020-03-25T11:52:31","date_gmt":"2020-03-25T10:52:31","guid":{"rendered":"https:\/\/pans.krosno.pl\/pracownicy\/?page_id=149"},"modified":"2025-05-14T13:58:05","modified_gmt":"2025-05-14T11:58:05","slug":"stanislaw-grochmal-najwazniejsze-publikacje","status":"publish","type":"page","link":"https:\/\/pans.krosno.pl\/pracownicy\/stanislaw-grochmal\/stanislaw-grochmal-najwazniejsze-publikacje\/","title":{"rendered":"dr in\u017c. Stanis\u0142aw Grochmal &#8211; Najwa\u017cniejsze publikacje"},"content":{"rendered":"<hr>\n<p>Jest autorem ponad 100 prac naukowych z zakresu automatyki, informatyki oraz zarz\u0105dzania, a tak\u017ce licznych projekt\u00f3w i opracowa\u0144 dla przemys\u0142u. \u0141\u0105czna liczba punkt\u00f3w za publikacje wed\u0142ug punktacji Ministerstwa Nauki i Szkolnictwa Wy\u017cszego za lata 2011-2018 wynosi 170 pkt. (liczba cytowa\u0144 wg Publish &amp; Perish za okres 2010-2016 wynosi 34, a indeks Hirscha \u2013 4). Poni\u017cej wybrane publikacje za okres ostatnich 10 lat.<\/p>\n<hr>\n<p><strong>Monografie<\/strong><\/p>\n<ol>\n<li>Grochmal S. \u2013 Paradygmat jedno\u015bci w kontek\u015bcie zarz\u0105dzania organizacjami, Wyd. Uniwersytetu Rzeszowskiego, Rzesz\u00f3w, 2014;<br \/>\n(8 rozdzia\u0142\u00f3w, 392 strony, 27,5 ark. wyd., 444 pozycje bibliograficzne).<\/li>\n<li>Grochmal S. \u2013 Ekonomia Komunii jako ewolucja Spo\u0142ecznej Odpowiedzialno\u015bci Przedsi\u0119biorstw, Lider Gospodarki. Spo\u0142eczna Odpowiedzialno\u015b\u0107 Biznesu, Wy\u017csza Szko\u0142a Europejska im. ks. J. Tischnera, Krak\u00f3w 2011 (6 rozdzia\u0142\u00f3w, 39 stron, 44 pozycje bibliograficzne).<\/li>\n<\/ol>\n<p><strong>Wybrane rozdzia\u0142y w monografiach (recenzowane)<\/strong><\/p>\n<ol>\n<li>Grochmal S., Ekonomia komunii \u2013 propozycja dla przedsi\u0119biorstw i spo\u0142ecze\u0144stwa,<br \/>\nw: Dom, w kt\u00f3rym rodzi si\u0119 wsp\u00f3lnota, Studia Teologiczne i Humanistyczne, Uniwersytet \u015al\u0105ski w Katowicach, Ksi\u0119garnia \u015bw. Jacka, Katowice, 2012, ss. 168-185.<\/li>\n<li>Grochmal S., Evaluation of conformity of management practice with a paradigm of unity in economy of communion businesses by quantitative methods,<br \/>\nw: Knowledge \u2013 Economy \u2013 Society. Global and Regional Challenges of the 21st Century Economy; (red.) P. Lula, B. Miku\u0142a, A. Jaki, Publishing House Foundation of the Cracow University of Economics, Cracow 2013, Chapter 53, pp. 683-694.<\/li>\n<li>Grochmal S., Paradigm of Unity &#8211; a New Holistic Paradigm in Management Sciences. Ergonomic and Spiritual Aspect in Theory and Practice, Advances in Science, Technology, Higher Education and Society in the Conceptual Age: STHESCA; Marek T. (ed.); AHFE (Applied Human Factors and Ergonomics) Conference, 2014, pp. 241-252. ISBN: 978-1-4951-2110-4.<\/li>\n<li>Grochmal S., Ergonomiczny i duchowy wymiar pracy w przedsi\u0119biorstwach ekonomii Komunii, w: Wychowanie i praca. W trosce o integralny rozw\u00f3j cz\u0142owieka, (red.) Z. Marek, J. M\u00f3\u0142ka, M. M\u00f3\u0142ka, Wyd. Akademia Ignatianum WAM, Krak\u00f3w, 2017, cz.II Pedagogia pracy, ss.217-239.<\/li>\n<li>Grochmal S., Komputerowe wspomaganie zarz\u0105dzania, w: Zarz\u0105dzanie organizacjami, (red.) P. Lenik, Wyd. PWSZ w Kro\u015bnie, Krosno, 2018, Rozdz. 12, ss, 285-312.<\/li>\n<\/ol>\n<p><strong>Wybrane artyku\u0142y w periodykach<\/strong><\/p>\n<ol>\n<li>Grochmal S., Paradygmaty w naukach o zarz\u0105dzaniu, w: Prace Naukowo-Dydaktyczne PWSZ w Kro\u015bnie, Zeszyt 70, Zarz\u0105dzanie w sektorach prywatnym oraz publicznym, P. Lenik (red.), 2016, ss. 83 \u2013 131.<\/li>\n<li>Grochmal S., The paradigm of unity in science and culture, in: S. Grochmal (ed.), Journal for Perspectives of Economic Political and Social Integration, Journal of Mental Changes, Vol. 22, Issue 1, 2016, ss. 22, ref. 56.<\/li>\n<li>Grochmal S., Zr\u00f3wnowa\u017cony rozw\u00f3j w przedsi\u0119biorstwach Ekonomii komunii. Ekologiczny wymiar pracy i zarz\u0105dzania w biznesie, w: Czasopismo Psychologiczne Psychological Journal, Vol. 23, N0. 2, 2018, DOI: 10.14691\/CPPJ.23.2.319; (ss. 7, ref. 22).<\/li>\n<\/ol>\n<hr>\n<p>&nbsp;<\/p>\n","protected":false},"excerpt":{"rendered":"<p>Jest autorem ponad 100 prac naukowych z zakresu automatyki, informatyki oraz zarz\u0105dzania, a tak\u017ce licznych projekt\u00f3w i opracowa\u0144 dla przemys\u0142u. \u0141\u0105czna liczba punkt\u00f3w za publikacje wed\u0142ug punktacji Ministerstwa Nauki i Szkolnictwa Wy\u017cszego za lata 2011-2018 wynosi 170 pkt. (liczba cytowa\u0144 wg Publish &amp; Perish za okres 2010-2016 wynosi 34, a [\u2026] <\/p>\n<div class=\"clear\"><\/div>\n<p><a class=\"more_link clearfix\" href=\"https:\/\/pans.krosno.pl\/pracownicy\/stanislaw-grochmal\/stanislaw-grochmal-najwazniejsze-publikacje\/\" rel=\"nofollow\">Read More<\/a><\/p>\n","protected":false},"author":34,"featured_media":0,"parent":133,"menu_order":0,"comment_status":"closed","ping_status":"closed","template":"","meta":{"ngg_post_thumbnail":0,"footnotes":""},"class_list":["post-149","page","type-page","status-publish","hentry"],"yoast_head":"<!-- This site is optimized with the Yoast SEO Premium plugin v27.4 (Yoast SEO v27.4) - https:\/\/yoast.com\/product\/yoast-seo-premium-wordpress\/ -->\n<title>dr in\u017c. Stanis\u0142aw Grochmal - Najwa\u017cniejsze publikacje - Pracownicy PANS w Kro\u015bnie<\/title>\n<meta name=\"robots\" content=\"index, follow, max-snippet:-1, max-image-preview:large, max-video-preview:-1\" \/>\n<link rel=\"canonical\" href=\"https:\/\/pans.krosno.pl\/pracownicy\/stanislaw-grochmal\/stanislaw-grochmal-najwazniejsze-publikacje\/\" \/>\n<meta property=\"og:locale\" content=\"pl_PL\" \/>\n<meta property=\"og:type\" content=\"article\" \/>\n<meta property=\"og:title\" content=\"dr in\u017c. Stanis\u0142aw Grochmal - Najwa\u017cniejsze publikacje\" \/>\n<meta property=\"og:description\" content=\"Jest autorem ponad 100 prac naukowych z zakresu automatyki, informatyki oraz zarz\u0105dzania, a tak\u017ce licznych projekt\u00f3w i opracowa\u0144 dla przemys\u0142u. \u0141\u0105czna liczba punkt\u00f3w za publikacje wed\u0142ug punktacji Ministerstwa Nauki i Szkolnictwa Wy\u017cszego za lata 2011-2018 wynosi 170 pkt. (liczba cytowa\u0144 wg Publish &amp; Perish za okres 2010-2016 wynosi 34, a [\u2026] Read More\" \/>\n<meta property=\"og:url\" content=\"https:\/\/pans.krosno.pl\/pracownicy\/stanislaw-grochmal\/stanislaw-grochmal-najwazniejsze-publikacje\/\" \/>\n<meta property=\"og:site_name\" content=\"Pracownicy PANS w Kro\u015bnie\" \/>\n<meta property=\"article:modified_time\" content=\"2025-05-14T11:58:05+00:00\" \/>\n<meta name=\"twitter:card\" content=\"summary_large_image\" \/>\n<meta name=\"twitter:label1\" content=\"Szacowany czas czytania\" \/>\n\t<meta name=\"twitter:data1\" content=\"3 minuty\" \/>\n<script type=\"application\/ld+json\" class=\"yoast-schema-graph\">{\"@context\":\"https:\\\/\\\/schema.org\",\"@graph\":[{\"@type\":\"WebPage\",\"@id\":\"https:\\\/\\\/pans.krosno.pl\\\/pracownicy\\\/stanislaw-grochmal\\\/stanislaw-grochmal-najwazniejsze-publikacje\\\/\",\"url\":\"https:\\\/\\\/pans.krosno.pl\\\/pracownicy\\\/stanislaw-grochmal\\\/stanislaw-grochmal-najwazniejsze-publikacje\\\/\",\"name\":\"dr in\u017c. Stanis\u0142aw Grochmal - Najwa\u017cniejsze publikacje - Pracownicy PANS w Kro\u015bnie\",\"isPartOf\":{\"@id\":\"https:\\\/\\\/pans.krosno.pl\\\/pracownicy\\\/#website\"},\"datePublished\":\"2020-03-25T10:52:31+00:00\",\"dateModified\":\"2025-05-14T11:58:05+00:00\",\"breadcrumb\":{\"@id\":\"https:\\\/\\\/pans.krosno.pl\\\/pracownicy\\\/stanislaw-grochmal\\\/stanislaw-grochmal-najwazniejsze-publikacje\\\/#breadcrumb\"},\"inLanguage\":\"pl-PL\",\"potentialAction\":[{\"@type\":\"ReadAction\",\"target\":[\"https:\\\/\\\/pans.krosno.pl\\\/pracownicy\\\/stanislaw-grochmal\\\/stanislaw-grochmal-najwazniejsze-publikacje\\\/\"]}]},{\"@type\":\"BreadcrumbList\",\"@id\":\"https:\\\/\\\/pans.krosno.pl\\\/pracownicy\\\/stanislaw-grochmal\\\/stanislaw-grochmal-najwazniejsze-publikacje\\\/#breadcrumb\",\"itemListElement\":[{\"@type\":\"ListItem\",\"position\":1,\"name\":\"Strona g\u0142\u00f3wna\",\"item\":\"https:\\\/\\\/pans.krosno.pl\\\/pracownicy\\\/\"},{\"@type\":\"ListItem\",\"position\":2,\"name\":\"dr in\u017c. Stanis\u0142aw Grochmal\",\"item\":\"https:\\\/\\\/pans.krosno.pl\\\/pracownicy\\\/stanislaw-grochmal\\\/\"},{\"@type\":\"ListItem\",\"position\":3,\"name\":\"dr in\u017c. Stanis\u0142aw Grochmal &#8211; Najwa\u017cniejsze publikacje\"}]},{\"@type\":\"WebSite\",\"@id\":\"https:\\\/\\\/pans.krosno.pl\\\/pracownicy\\\/#website\",\"url\":\"https:\\\/\\\/pans.krosno.pl\\\/pracownicy\\\/\",\"name\":\"Pracownicy PANS w Kro\u015bnie\",\"description\":\"Pracownicy - Pa\u0144stwowa Akademia Nauk Stosowanych\",\"publisher\":{\"@id\":\"https:\\\/\\\/pans.krosno.pl\\\/pracownicy\\\/#organization\"},\"potentialAction\":[{\"@type\":\"SearchAction\",\"target\":{\"@type\":\"EntryPoint\",\"urlTemplate\":\"https:\\\/\\\/pans.krosno.pl\\\/pracownicy\\\/?s={search_term_string}\"},\"query-input\":{\"@type\":\"PropertyValueSpecification\",\"valueRequired\":true,\"valueName\":\"search_term_string\"}}],\"inLanguage\":\"pl-PL\"},{\"@type\":\"Organization\",\"@id\":\"https:\\\/\\\/pans.krosno.pl\\\/pracownicy\\\/#organization\",\"name\":\"Pracownicy PANS w Kro\u015bnie\",\"url\":\"https:\\\/\\\/pans.krosno.pl\\\/pracownicy\\\/\",\"logo\":{\"@type\":\"ImageObject\",\"inLanguage\":\"pl-PL\",\"@id\":\"https:\\\/\\\/pans.krosno.pl\\\/pracownicy\\\/#\\\/schema\\\/logo\\\/image\\\/\",\"url\":\"https:\\\/\\\/pans.krosno.pl\\\/pracownicy\\\/wp-content\\\/uploads\\\/sites\\\/41\\\/2023\\\/01\\\/Logo-PANS-2022-pelne.png\",\"contentUrl\":\"https:\\\/\\\/pans.krosno.pl\\\/pracownicy\\\/wp-content\\\/uploads\\\/sites\\\/41\\\/2023\\\/01\\\/Logo-PANS-2022-pelne.png\",\"width\":3096,\"height\":696,\"caption\":\"Pracownicy PANS w Kro\u015bnie\"},\"image\":{\"@id\":\"https:\\\/\\\/pans.krosno.pl\\\/pracownicy\\\/#\\\/schema\\\/logo\\\/image\\\/\"}}]}<\/script>\n<!-- \/ Yoast SEO Premium plugin. -->","yoast_head_json":{"title":"dr in\u017c. Stanis\u0142aw Grochmal - Najwa\u017cniejsze publikacje - Pracownicy PANS w Kro\u015bnie","robots":{"index":"index","follow":"follow","max-snippet":"max-snippet:-1","max-image-preview":"max-image-preview:large","max-video-preview":"max-video-preview:-1"},"canonical":"https:\/\/pans.krosno.pl\/pracownicy\/stanislaw-grochmal\/stanislaw-grochmal-najwazniejsze-publikacje\/","og_locale":"pl_PL","og_type":"article","og_title":"dr in\u017c. Stanis\u0142aw Grochmal - Najwa\u017cniejsze publikacje","og_description":"Jest autorem ponad 100 prac naukowych z zakresu automatyki, informatyki oraz zarz\u0105dzania, a tak\u017ce licznych projekt\u00f3w i opracowa\u0144 dla przemys\u0142u. \u0141\u0105czna liczba punkt\u00f3w za publikacje wed\u0142ug punktacji Ministerstwa Nauki i Szkolnictwa Wy\u017cszego za lata 2011-2018 wynosi 170 pkt. (liczba cytowa\u0144 wg Publish &amp; Perish za okres 2010-2016 wynosi 34, a [\u2026] Read More","og_url":"https:\/\/pans.krosno.pl\/pracownicy\/stanislaw-grochmal\/stanislaw-grochmal-najwazniejsze-publikacje\/","og_site_name":"Pracownicy PANS w Kro\u015bnie","article_modified_time":"2025-05-14T11:58:05+00:00","twitter_card":"summary_large_image","twitter_misc":{"Szacowany czas czytania":"3 minuty"},"schema":{"@context":"https:\/\/schema.org","@graph":[{"@type":"WebPage","@id":"https:\/\/pans.krosno.pl\/pracownicy\/stanislaw-grochmal\/stanislaw-grochmal-najwazniejsze-publikacje\/","url":"https:\/\/pans.krosno.pl\/pracownicy\/stanislaw-grochmal\/stanislaw-grochmal-najwazniejsze-publikacje\/","name":"dr in\u017c. Stanis\u0142aw Grochmal - Najwa\u017cniejsze publikacje - Pracownicy PANS w Kro\u015bnie","isPartOf":{"@id":"https:\/\/pans.krosno.pl\/pracownicy\/#website"},"datePublished":"2020-03-25T10:52:31+00:00","dateModified":"2025-05-14T11:58:05+00:00","breadcrumb":{"@id":"https:\/\/pans.krosno.pl\/pracownicy\/stanislaw-grochmal\/stanislaw-grochmal-najwazniejsze-publikacje\/#breadcrumb"},"inLanguage":"pl-PL","potentialAction":[{"@type":"ReadAction","target":["https:\/\/pans.krosno.pl\/pracownicy\/stanislaw-grochmal\/stanislaw-grochmal-najwazniejsze-publikacje\/"]}]},{"@type":"BreadcrumbList","@id":"https:\/\/pans.krosno.pl\/pracownicy\/stanislaw-grochmal\/stanislaw-grochmal-najwazniejsze-publikacje\/#breadcrumb","itemListElement":[{"@type":"ListItem","position":1,"name":"Strona g\u0142\u00f3wna","item":"https:\/\/pans.krosno.pl\/pracownicy\/"},{"@type":"ListItem","position":2,"name":"dr in\u017c. Stanis\u0142aw Grochmal","item":"https:\/\/pans.krosno.pl\/pracownicy\/stanislaw-grochmal\/"},{"@type":"ListItem","position":3,"name":"dr in\u017c. Stanis\u0142aw Grochmal &#8211; Najwa\u017cniejsze publikacje"}]},{"@type":"WebSite","@id":"https:\/\/pans.krosno.pl\/pracownicy\/#website","url":"https:\/\/pans.krosno.pl\/pracownicy\/","name":"Pracownicy PANS w Kro\u015bnie","description":"Pracownicy - Pa\u0144stwowa Akademia Nauk Stosowanych","publisher":{"@id":"https:\/\/pans.krosno.pl\/pracownicy\/#organization"},"potentialAction":[{"@type":"SearchAction","target":{"@type":"EntryPoint","urlTemplate":"https:\/\/pans.krosno.pl\/pracownicy\/?s={search_term_string}"},"query-input":{"@type":"PropertyValueSpecification","valueRequired":true,"valueName":"search_term_string"}}],"inLanguage":"pl-PL"},{"@type":"Organization","@id":"https:\/\/pans.krosno.pl\/pracownicy\/#organization","name":"Pracownicy PANS w Kro\u015bnie","url":"https:\/\/pans.krosno.pl\/pracownicy\/","logo":{"@type":"ImageObject","inLanguage":"pl-PL","@id":"https:\/\/pans.krosno.pl\/pracownicy\/#\/schema\/logo\/image\/","url":"https:\/\/pans.krosno.pl\/pracownicy\/wp-content\/uploads\/sites\/41\/2023\/01\/Logo-PANS-2022-pelne.png","contentUrl":"https:\/\/pans.krosno.pl\/pracownicy\/wp-content\/uploads\/sites\/41\/2023\/01\/Logo-PANS-2022-pelne.png","width":3096,"height":696,"caption":"Pracownicy PANS w Kro\u015bnie"},"image":{"@id":"https:\/\/pans.krosno.pl\/pracownicy\/#\/schema\/logo\/image\/"}}]}},"_links":{"self":[{"href":"https:\/\/pans.krosno.pl\/pracownicy\/wp-json\/wp\/v2\/pages\/149","targetHints":{"allow":["GET"]}}],"collection":[{"href":"https:\/\/pans.krosno.pl\/pracownicy\/wp-json\/wp\/v2\/pages"}],"about":[{"href":"https:\/\/pans.krosno.pl\/pracownicy\/wp-json\/wp\/v2\/types\/page"}],"author":[{"embeddable":true,"href":"https:\/\/pans.krosno.pl\/pracownicy\/wp-json\/wp\/v2\/users\/34"}],"replies":[{"embeddable":true,"href":"https:\/\/pans.krosno.pl\/pracownicy\/wp-json\/wp\/v2\/comments?post=149"}],"version-history":[{"count":5,"href":"https:\/\/pans.krosno.pl\/pracownicy\/wp-json\/wp\/v2\/pages\/149\/revisions"}],"predecessor-version":[{"id":7999,"href":"https:\/\/pans.krosno.pl\/pracownicy\/wp-json\/wp\/v2\/pages\/149\/revisions\/7999"}],"up":[{"embeddable":true,"href":"https:\/\/pans.krosno.pl\/pracownicy\/wp-json\/wp\/v2\/pages\/133"}],"wp:attachment":[{"href":"https:\/\/pans.krosno.pl\/pracownicy\/wp-json\/wp\/v2\/media?parent=149"}],"curies":[{"name":"wp","href":"https:\/\/api.w.org\/{rel}","templated":true}]}}