{"id":1459,"date":"2020-04-03T12:30:09","date_gmt":"2020-04-03T10:30:09","guid":{"rendered":"https:\/\/pans.krosno.pl\/pracownicy\/?page_id=1459"},"modified":"2025-05-14T09:49:34","modified_gmt":"2025-05-14T07:49:34","slug":"zbigniew-barabasz-najwazniejsze-publikacje","status":"publish","type":"page","link":"https:\/\/pans.krosno.pl\/pracownicy\/zbigniew-barabasz\/zbigniew-barabasz-najwazniejsze-publikacje\/","title":{"rendered":"dr hab. Zbigniew Barabasz, prof. PANS &#8211; Najwa\u017cniejsze publikacje"},"content":{"rendered":"<hr>\n<p>Jest autorem i wsp\u00f3\u0142autorem: 3 monografii, 5 skrypt\u00f3w i blisko 60 artyku\u0142\u00f3w naukowych, redaktorem naukowym 6 monografii.<\/p>\n<p><strong>Monografie:<\/strong><\/p>\n<ol>\n<li>Barabasz Z., Transformacja kultury fizycznej w uniwersytetach polskich w latach 1989-2006. Rzeszow: Uniwersytetu Rzeszowskiego, 2010.<\/li>\n<li>Zadarko E.,Junger J., Barabasz Z.: Physical activity and health of thestudents from Carpathian Euroregion. Rzesz\u00f3w: Uniwersytetu Rzeszowskiego, 2010.<\/li>\n<li>Skrypty: Zadarko E., Barabasz Z.; 4 tomy: ABC narciarstwa alpejskiego (narciarstwa biegowego\/\u0142y\u017cwiarstwa\/hokeja) podr\u0119cznik dla nauczycieli i student\u00f3w z p\u0142yt\u0105: Rzesz\u00f3w : Uniwersytetu Rzeszowskiego, 2009.<\/li>\n<li>Zadarko E., Barabasz Z., Shyyan O., Nizio\u0142-Babiarz E., Slyvka Y., Zadarko-Domaradzka M., Turchyk \u0406., Barabasz M., Fr\u0105czek K. Wybrane aspekty szkolnej edukacji zdrowotnej na przyk\u0142adzie stylu \u017cycia m\u0142odzie\u017cy polsko ukrai\u0144skiej, skrypt dla wyk\u0142adowc\u00f3w, nauczycieli i student\u00f3w, Wyd. Lwowski Regionalny Instytut Doskonalenia Nauczycieli we Lwowie, Lw\u00f3w 2014.<\/li>\n<\/ol>\n<p><strong>Artyku\u0142y naukowe w wydawnictwach krajowych i zagranicznych, w tym m.in.:<\/strong><\/p>\n<ol>\n<li>Barabasz Z., Zadarko E.,Shyyan O., Nakonechnyy Y., Pavlova I. (2011); Analiza poziomu wytrzyma\u0142o\u015bci kr\u0105\u017ceniowo-oddechowej student\u00f3w Uniwersytetu Lwowskiego na tle bada\u0144 populacyjnych m\u0142odzie\u017cy akademickiej z Polski i S\u0142owacji. PhysicalActivity, Health and Sport, Lviv State University of Physical Culture, No 4 (6), c.66-73.;<\/li>\n<li>Zadarko E., Barabasz Z.(2014), Nizio\u0142-Babiarz E., Zadarko Domaradzka M., et al. Leisure time physical activity of young women from the Carpathian Euroregion in relation to the Body Mass Index, Ann Agric Environ Med. 4;21(3); s.622-626 (IF 3,0).;<\/li>\n<li>Barabasz Z., Zadarko-Domaradzka M., Penar-Zadarko B, Nizio\u0142-Babiarz E., Zadarko E.: The relation between subjective health-assessment and cardiorespiratory fitness in adolescents, Progress In Health Sciences, 2015, Vol.5, no.1, s. 150-155.;<\/li>\n<li>Barabasz Z., Huzarski M., Zadarko-Domaradzka M., Nizio\u0142-Babiarz E. Huzarska A., Zadarko E. (2017), Selected motor skills of footballers with regard to the playing level and the playing position, Slovak Journal of Sport Science, 2 (2), 2017, p.70-75.;<\/li>\n<li>Ozimek M., Krawczyk M., Zadarko E., Barabasz Z., Ambro\u017cy T., Stanula A., Mucha D. K., Jurczak A., Mucha D. (2017), Somatic Profile of the Elite Boulderers in Poland, Journal of Strength &amp; Conditioning Research, vol. 31, 2017,iss. 4, p. 963-970, p-ISSN: 1064-8011, e-ISSN: 1533-4287 , (IF 2,060).;<\/li>\n<li>Zadarko-Domaradzka M., Barabasz Z., Sobolewski M., Nizio\u0142-Babiarz E., Penar-Zadarko B., Szybisty A., Zadarko E. (2018) Alcohol Consumption and Risky Drinking Patterns among College Students from Selected Countries of the Carpathian Euroregion, \u201cBioMed Research International\u201d, vol. 2018, Article ID 6084541, 9 pages, 2018 (IF=2,583).;<\/li>\n<li>Przednowek K., Barabasz Z., Zadarko-Domaradzka M., Przednowek K.H., Nizio\u0142-Babiarz E., Huzarski M., Sibiga K., Dziadek B., Zadarko E (2018) Predictive Modeling of VO2max Based on 20 m Shuttle Run Test for Young Healthy People, \u201eApplied Sciences-Basel\u201d, 2018, Vol. 8, iss. 11, Art. nr 2213, DOI: 10.3390\/app8112213 (IF=1,689).;<\/li>\n<li>Barabasz Z., Huzarski M., Piz\u0142o T., Zadarko-Domaradzka M., Zadarko E. (2018), Assessment of the correlation between the playing position on the field, acquired technique and the specific endurance of football players at various calendar age, \u201cScientific Review of Physical Culture\u201d, vol. 8, iss. 3, p. 51-56.;<\/li>\n<li>Potocka N., Penar-Zadarko B., Skrzypa M., Braun M., Zadarko-Domaradzka M., Ozimek M., Nizio\u0142-Babiarz E., Barabasz Z., Zawlik I., Zadarko E. (2019) Association of ACTN3 polymorphism with body somatotype and cardiorespiratory fitness in young healthy adults, Int. J. Environ. Res. Public Health, 16(9), 1489; ( IF=2,468).<\/li>\n<\/ol>\n<hr>\n<p>&nbsp;<\/p>\n\n\n<p><\/p>\n","protected":false},"excerpt":{"rendered":"<p>Jest autorem i wsp\u00f3\u0142autorem: 3 monografii, 5 skrypt\u00f3w i blisko 60 artyku\u0142\u00f3w naukowych, redaktorem naukowym 6 monografii. Monografie: Barabasz Z., Transformacja kultury fizycznej w uniwersytetach polskich w latach 1989-2006. Rzeszow: Uniwersytetu Rzeszowskiego, 2010. Zadarko E.,Junger J., Barabasz Z.: Physical activity and health of thestudents from Carpathian Euroregion. Rzesz\u00f3w: Uniwersytetu Rzeszowskiego, [\u2026] <\/p>\n<div class=\"clear\"><\/div>\n<p><a class=\"more_link clearfix\" href=\"https:\/\/pans.krosno.pl\/pracownicy\/zbigniew-barabasz\/zbigniew-barabasz-najwazniejsze-publikacje\/\" rel=\"nofollow\">Read More<\/a><\/p>\n","protected":false},"author":36,"featured_media":0,"parent":1420,"menu_order":0,"comment_status":"closed","ping_status":"closed","template":"","meta":{"ngg_post_thumbnail":0,"footnotes":""},"class_list":["post-1459","page","type-page","status-publish","hentry"],"yoast_head":"<!-- This site is optimized with the Yoast SEO Premium plugin v27.3 (Yoast SEO v27.3) - https:\/\/yoast.com\/product\/yoast-seo-premium-wordpress\/ -->\n<title>dr hab. Zbigniew Barabasz, prof. PANS - Najwa\u017cniejsze publikacje - Pracownicy PANS w Kro\u015bnie<\/title>\n<meta name=\"robots\" content=\"index, follow, max-snippet:-1, max-image-preview:large, max-video-preview:-1\" \/>\n<link rel=\"canonical\" href=\"https:\/\/pans.krosno.pl\/pracownicy\/zbigniew-barabasz\/zbigniew-barabasz-najwazniejsze-publikacje\/\" \/>\n<meta property=\"og:locale\" content=\"pl_PL\" \/>\n<meta property=\"og:type\" content=\"article\" \/>\n<meta property=\"og:title\" content=\"dr hab. Zbigniew Barabasz, prof. PANS - Najwa\u017cniejsze publikacje\" \/>\n<meta property=\"og:description\" content=\"Jest autorem i wsp\u00f3\u0142autorem: 3 monografii, 5 skrypt\u00f3w i blisko 60 artyku\u0142\u00f3w naukowych, redaktorem naukowym 6 monografii. Monografie: Barabasz Z., Transformacja kultury fizycznej w uniwersytetach polskich w latach 1989-2006. Rzeszow: Uniwersytetu Rzeszowskiego, 2010. Zadarko E.,Junger J., Barabasz Z.: Physical activity and health of thestudents from Carpathian Euroregion. Rzesz\u00f3w: Uniwersytetu Rzeszowskiego, [\u2026] Read More\" \/>\n<meta property=\"og:url\" content=\"https:\/\/pans.krosno.pl\/pracownicy\/zbigniew-barabasz\/zbigniew-barabasz-najwazniejsze-publikacje\/\" \/>\n<meta property=\"og:site_name\" content=\"Pracownicy PANS w Kro\u015bnie\" \/>\n<meta property=\"article:modified_time\" content=\"2025-05-14T07:49:34+00:00\" \/>\n<meta name=\"twitter:card\" content=\"summary_large_image\" \/>\n<meta name=\"twitter:label1\" content=\"Szacowany czas czytania\" \/>\n\t<meta name=\"twitter:data1\" content=\"4 minuty\" \/>\n<script type=\"application\/ld+json\" class=\"yoast-schema-graph\">{\"@context\":\"https:\\\/\\\/schema.org\",\"@graph\":[{\"@type\":\"WebPage\",\"@id\":\"https:\\\/\\\/pans.krosno.pl\\\/pracownicy\\\/zbigniew-barabasz\\\/zbigniew-barabasz-najwazniejsze-publikacje\\\/\",\"url\":\"https:\\\/\\\/pans.krosno.pl\\\/pracownicy\\\/zbigniew-barabasz\\\/zbigniew-barabasz-najwazniejsze-publikacje\\\/\",\"name\":\"dr hab. Zbigniew Barabasz, prof. PANS - Najwa\u017cniejsze publikacje - Pracownicy PANS w Kro\u015bnie\",\"isPartOf\":{\"@id\":\"https:\\\/\\\/pans.krosno.pl\\\/pracownicy\\\/#website\"},\"datePublished\":\"2020-04-03T10:30:09+00:00\",\"dateModified\":\"2025-05-14T07:49:34+00:00\",\"breadcrumb\":{\"@id\":\"https:\\\/\\\/pans.krosno.pl\\\/pracownicy\\\/zbigniew-barabasz\\\/zbigniew-barabasz-najwazniejsze-publikacje\\\/#breadcrumb\"},\"inLanguage\":\"pl-PL\",\"potentialAction\":[{\"@type\":\"ReadAction\",\"target\":[\"https:\\\/\\\/pans.krosno.pl\\\/pracownicy\\\/zbigniew-barabasz\\\/zbigniew-barabasz-najwazniejsze-publikacje\\\/\"]}]},{\"@type\":\"BreadcrumbList\",\"@id\":\"https:\\\/\\\/pans.krosno.pl\\\/pracownicy\\\/zbigniew-barabasz\\\/zbigniew-barabasz-najwazniejsze-publikacje\\\/#breadcrumb\",\"itemListElement\":[{\"@type\":\"ListItem\",\"position\":1,\"name\":\"Strona g\u0142\u00f3wna\",\"item\":\"https:\\\/\\\/pans.krosno.pl\\\/pracownicy\\\/\"},{\"@type\":\"ListItem\",\"position\":2,\"name\":\"dr hab. Zbigniew Barabasz, prof. PANS\",\"item\":\"https:\\\/\\\/pans.krosno.pl\\\/pracownicy\\\/zbigniew-barabasz\\\/\"},{\"@type\":\"ListItem\",\"position\":3,\"name\":\"dr hab. Zbigniew Barabasz, prof. PANS &#8211; Najwa\u017cniejsze publikacje\"}]},{\"@type\":\"WebSite\",\"@id\":\"https:\\\/\\\/pans.krosno.pl\\\/pracownicy\\\/#website\",\"url\":\"https:\\\/\\\/pans.krosno.pl\\\/pracownicy\\\/\",\"name\":\"Pracownicy PANS w Kro\u015bnie\",\"description\":\"Pracownicy - Pa\u0144stwowa Akademia Nauk Stosowanych\",\"publisher\":{\"@id\":\"https:\\\/\\\/pans.krosno.pl\\\/pracownicy\\\/#organization\"},\"potentialAction\":[{\"@type\":\"SearchAction\",\"target\":{\"@type\":\"EntryPoint\",\"urlTemplate\":\"https:\\\/\\\/pans.krosno.pl\\\/pracownicy\\\/?s={search_term_string}\"},\"query-input\":{\"@type\":\"PropertyValueSpecification\",\"valueRequired\":true,\"valueName\":\"search_term_string\"}}],\"inLanguage\":\"pl-PL\"},{\"@type\":\"Organization\",\"@id\":\"https:\\\/\\\/pans.krosno.pl\\\/pracownicy\\\/#organization\",\"name\":\"Pracownicy PANS w Kro\u015bnie\",\"url\":\"https:\\\/\\\/pans.krosno.pl\\\/pracownicy\\\/\",\"logo\":{\"@type\":\"ImageObject\",\"inLanguage\":\"pl-PL\",\"@id\":\"https:\\\/\\\/pans.krosno.pl\\\/pracownicy\\\/#\\\/schema\\\/logo\\\/image\\\/\",\"url\":\"https:\\\/\\\/pans.krosno.pl\\\/pracownicy\\\/wp-content\\\/uploads\\\/sites\\\/41\\\/2023\\\/01\\\/Logo-PANS-2022-pelne.png\",\"contentUrl\":\"https:\\\/\\\/pans.krosno.pl\\\/pracownicy\\\/wp-content\\\/uploads\\\/sites\\\/41\\\/2023\\\/01\\\/Logo-PANS-2022-pelne.png\",\"width\":3096,\"height\":696,\"caption\":\"Pracownicy PANS w Kro\u015bnie\"},\"image\":{\"@id\":\"https:\\\/\\\/pans.krosno.pl\\\/pracownicy\\\/#\\\/schema\\\/logo\\\/image\\\/\"}}]}<\/script>\n<!-- \/ Yoast SEO Premium plugin. -->","yoast_head_json":{"title":"dr hab. Zbigniew Barabasz, prof. PANS - Najwa\u017cniejsze publikacje - Pracownicy PANS w Kro\u015bnie","robots":{"index":"index","follow":"follow","max-snippet":"max-snippet:-1","max-image-preview":"max-image-preview:large","max-video-preview":"max-video-preview:-1"},"canonical":"https:\/\/pans.krosno.pl\/pracownicy\/zbigniew-barabasz\/zbigniew-barabasz-najwazniejsze-publikacje\/","og_locale":"pl_PL","og_type":"article","og_title":"dr hab. Zbigniew Barabasz, prof. PANS - Najwa\u017cniejsze publikacje","og_description":"Jest autorem i wsp\u00f3\u0142autorem: 3 monografii, 5 skrypt\u00f3w i blisko 60 artyku\u0142\u00f3w naukowych, redaktorem naukowym 6 monografii. Monografie: Barabasz Z., Transformacja kultury fizycznej w uniwersytetach polskich w latach 1989-2006. Rzeszow: Uniwersytetu Rzeszowskiego, 2010. Zadarko E.,Junger J., Barabasz Z.: Physical activity and health of thestudents from Carpathian Euroregion. Rzesz\u00f3w: Uniwersytetu Rzeszowskiego, [\u2026] Read More","og_url":"https:\/\/pans.krosno.pl\/pracownicy\/zbigniew-barabasz\/zbigniew-barabasz-najwazniejsze-publikacje\/","og_site_name":"Pracownicy PANS w Kro\u015bnie","article_modified_time":"2025-05-14T07:49:34+00:00","twitter_card":"summary_large_image","twitter_misc":{"Szacowany czas czytania":"4 minuty"},"schema":{"@context":"https:\/\/schema.org","@graph":[{"@type":"WebPage","@id":"https:\/\/pans.krosno.pl\/pracownicy\/zbigniew-barabasz\/zbigniew-barabasz-najwazniejsze-publikacje\/","url":"https:\/\/pans.krosno.pl\/pracownicy\/zbigniew-barabasz\/zbigniew-barabasz-najwazniejsze-publikacje\/","name":"dr hab. Zbigniew Barabasz, prof. PANS - Najwa\u017cniejsze publikacje - Pracownicy PANS w Kro\u015bnie","isPartOf":{"@id":"https:\/\/pans.krosno.pl\/pracownicy\/#website"},"datePublished":"2020-04-03T10:30:09+00:00","dateModified":"2025-05-14T07:49:34+00:00","breadcrumb":{"@id":"https:\/\/pans.krosno.pl\/pracownicy\/zbigniew-barabasz\/zbigniew-barabasz-najwazniejsze-publikacje\/#breadcrumb"},"inLanguage":"pl-PL","potentialAction":[{"@type":"ReadAction","target":["https:\/\/pans.krosno.pl\/pracownicy\/zbigniew-barabasz\/zbigniew-barabasz-najwazniejsze-publikacje\/"]}]},{"@type":"BreadcrumbList","@id":"https:\/\/pans.krosno.pl\/pracownicy\/zbigniew-barabasz\/zbigniew-barabasz-najwazniejsze-publikacje\/#breadcrumb","itemListElement":[{"@type":"ListItem","position":1,"name":"Strona g\u0142\u00f3wna","item":"https:\/\/pans.krosno.pl\/pracownicy\/"},{"@type":"ListItem","position":2,"name":"dr hab. Zbigniew Barabasz, prof. PANS","item":"https:\/\/pans.krosno.pl\/pracownicy\/zbigniew-barabasz\/"},{"@type":"ListItem","position":3,"name":"dr hab. Zbigniew Barabasz, prof. PANS &#8211; Najwa\u017cniejsze publikacje"}]},{"@type":"WebSite","@id":"https:\/\/pans.krosno.pl\/pracownicy\/#website","url":"https:\/\/pans.krosno.pl\/pracownicy\/","name":"Pracownicy PANS w Kro\u015bnie","description":"Pracownicy - Pa\u0144stwowa Akademia Nauk Stosowanych","publisher":{"@id":"https:\/\/pans.krosno.pl\/pracownicy\/#organization"},"potentialAction":[{"@type":"SearchAction","target":{"@type":"EntryPoint","urlTemplate":"https:\/\/pans.krosno.pl\/pracownicy\/?s={search_term_string}"},"query-input":{"@type":"PropertyValueSpecification","valueRequired":true,"valueName":"search_term_string"}}],"inLanguage":"pl-PL"},{"@type":"Organization","@id":"https:\/\/pans.krosno.pl\/pracownicy\/#organization","name":"Pracownicy PANS w Kro\u015bnie","url":"https:\/\/pans.krosno.pl\/pracownicy\/","logo":{"@type":"ImageObject","inLanguage":"pl-PL","@id":"https:\/\/pans.krosno.pl\/pracownicy\/#\/schema\/logo\/image\/","url":"https:\/\/pans.krosno.pl\/pracownicy\/wp-content\/uploads\/sites\/41\/2023\/01\/Logo-PANS-2022-pelne.png","contentUrl":"https:\/\/pans.krosno.pl\/pracownicy\/wp-content\/uploads\/sites\/41\/2023\/01\/Logo-PANS-2022-pelne.png","width":3096,"height":696,"caption":"Pracownicy PANS w Kro\u015bnie"},"image":{"@id":"https:\/\/pans.krosno.pl\/pracownicy\/#\/schema\/logo\/image\/"}}]}},"_links":{"self":[{"href":"https:\/\/pans.krosno.pl\/pracownicy\/wp-json\/wp\/v2\/pages\/1459","targetHints":{"allow":["GET"]}}],"collection":[{"href":"https:\/\/pans.krosno.pl\/pracownicy\/wp-json\/wp\/v2\/pages"}],"about":[{"href":"https:\/\/pans.krosno.pl\/pracownicy\/wp-json\/wp\/v2\/types\/page"}],"author":[{"embeddable":true,"href":"https:\/\/pans.krosno.pl\/pracownicy\/wp-json\/wp\/v2\/users\/36"}],"replies":[{"embeddable":true,"href":"https:\/\/pans.krosno.pl\/pracownicy\/wp-json\/wp\/v2\/comments?post=1459"}],"version-history":[{"count":6,"href":"https:\/\/pans.krosno.pl\/pracownicy\/wp-json\/wp\/v2\/pages\/1459\/revisions"}],"predecessor-version":[{"id":9312,"href":"https:\/\/pans.krosno.pl\/pracownicy\/wp-json\/wp\/v2\/pages\/1459\/revisions\/9312"}],"up":[{"embeddable":true,"href":"https:\/\/pans.krosno.pl\/pracownicy\/wp-json\/wp\/v2\/pages\/1420"}],"wp:attachment":[{"href":"https:\/\/pans.krosno.pl\/pracownicy\/wp-json\/wp\/v2\/media?parent=1459"}],"curies":[{"name":"wp","href":"https:\/\/api.w.org\/{rel}","templated":true}]}}