{"id":1391,"date":"2020-04-03T10:48:30","date_gmt":"2020-04-03T08:48:30","guid":{"rendered":"https:\/\/pans.krosno.pl\/pracownicy\/?page_id=1391"},"modified":"2025-05-20T08:47:34","modified_gmt":"2025-05-20T06:47:34","slug":"renata-dziubaszewska-najwazniejsze-publikacje","status":"publish","type":"page","link":"https:\/\/pans.krosno.pl\/pracownicy\/renata-dziubaszewska\/renata-dziubaszewska-najwazniejsze-publikacje\/","title":{"rendered":"dr Renata Dziubaszewska &#8211; Najwa\u017cniejsze publikacje"},"content":{"rendered":"<hr>\n<p><strong>Wybrane monografie<\/strong><\/p>\n<ol>\n<li>Renata Rabiasz, Miros\u0142aw J., Jarosz.: Problem nadmiaru masy cia\u0142a w\u015br\u00f3d dzieci i m\u0142odzie\u017cy wiejskiej wojew\u00f3dztwa podkarpackiego. [w] Gastroenterologia zbli\u017ca, kszta\u0142tuje obyczaje. (red.) E. Piontek, D. Zarzycka, Krosno 2011, s. 69-73.<\/li>\n<li>Renata Rabiasz, Katarzyna Bielawska.: Daria Lawrieniewna Michaj\u0142owa &#8211; kobieta zatroskana o bli\u017aniego. [w:]. Endokrynologia pediatryczna drog\u0105 rozwoju dla nauk o zdrowiu. (red.) R. Rabiasz, Krosno 2016, s. 223 &#8211; 225.<\/li>\n<li>Renata Rabiasz.: Opieka piel\u0119gniarska nad cz\u0142owiekiem starym. w: Zakres i charakter opieki piel\u0119gniarskiej w wybranych stanach pacjenta. w: Podstawy piel\u0119gniarstwa, tom 1, za\u0142o\u017ceni koncepcyjno \u2013 empiryczne opieki piel\u0119gniarskiej. Red. Naukowa Zarzycka Danuta, \u015alusarska Barbara, Wydawnictwo PZWL, Warszawa 2017 s.556- 573. Rozdzia\u0142 w ksi\u0105\u017cce.<\/li>\n<\/ol>\n<p><strong>Wybrane artyku\u0142y<\/strong><\/p>\n<ol>\n<li>Renata Rabiasz (\u017baczek), Miros\u0142aw J. Jarosz: Problem oty\u0142o\u015bci w\u015br\u00f3d dzieci i m\u0142odzie\u017cy wiejskiej wojew\u00f3dztwa podkarpackiego (praca oryginalna). Zdrowie Publiczne 2010(2).<\/li>\n<li>Renata Rabiasz.: Pomagamy chorym na bia\u0142aczk\u0119. Biuletyn Pa\u0144stwowej Wy\u017cszej Szko\u0142y Zawodowej im. Stanis\u0142awa Pigonia w Kro\u015bnie, nr 1[15], kwiecie\u0144 2014.<\/li>\n<li>Renata Rabiasz, Edyta Kwilosz, Ma\u0142gorzata Moskal \u2013 Szybka. Formy sp\u0119dzania czasu wolnego przez m\u0142odzie\u017c na przyk\u0142adzie wojew\u00f3dztwa podkarpackiego. The forms of spending free time by youth the example of Subcarpathian province. Piel\u0119gniarstwo XXI wieku 4 ( 20014).<\/li>\n<li>Renata Rabiasz, Katarzyna Bielawska. Daria Lawrientiewna Michaj\u0142owna wzorem osobowym. \u2013 Magazyn Piel\u0119gniarki i Po\u0142o\u017cnej 2014, Nr 07-08 s.61.<\/li>\n<li>Renata Rabiasz, Hanna Kachaniuk.: Skala piel\u0119gniarskich kompetencji spo\u0142ecznych (scale of social competence nursing). Piel\u0119gniarstwo XXI wieku Nr 1 (50)\/20015.<\/li>\n<li>Renata Rabiasz, Beta Dobrowolska: Zarys problem\u00f3w w kompleksowej opiece nad pacjentem w POZ po planowanych zmianach w ochronie zdrowia. Piel\u0119gniarstwo XXI wieku 2018, Nr 2(63), s. 50; 53.<\/li>\n<li>Renata Rabiasz, Dawid Makowicz, Natalia Makowicz.: Expectations of patients to nursing staff during the hospitalization. Piel\u0119gniarstwo XXI wieku 2018, Nr 3(64), s. 38; 45.<\/li>\n<\/ol>\n<p><strong>Czynny udzia\u0142 w wybranych konferencjach<\/strong><\/p>\n<ol>\n<li>Og\u00f3lnopolska konferencja Naukowo- Szkoleniowa. Interdyscyplinarna opieka nad cz\u0142owiekiem w zdrowiu i chorobie. Rola aktywno\u015bci ruchowej i sposob\u00f3w sp\u0119dzania czasu wolnego w powstawaniu oty\u0142o\u015bci u dzieci w wieku szkolnym w regionie bieszczadzkim,<br \/>\n8 listopad 2016, Che\u0142m. (referat).<\/li>\n<li>VII Ba\u0142tyckie Forum Zdrowia. Og\u00f3lnopolska Konferencja Naukowc\u00f3w i Praktyk\u00f3w Sektora Zdrowia. Koordynowana opieka zdrowotna. Zarz\u0105dzanie przypadkiem. Zarys problem\u00f3w w kompleksowej opiece nad pacjentem w POZ po planowanych zmianach w ochronie zdrowia. 10 listopad 2017, Szczecin. (referat).<\/li>\n<\/ol>\n<p><strong>Opiekun prac prezentowanych na konferencjach studenckich<\/strong><\/p>\n<ol>\n<li>VI International Students Conference of Young Medical Researchers.: Stem Cells Banks in opinion of Krosno district inhabitant&#8217;s in Podkarpacie, Wroclaw 2016.<\/li>\n<li>VI International Students Conference of Young Medical Researchers.: Fear and anxiety in opposite to real feelings accompanying blood donation in opinion of blood donors, Wroclaw 2016.<\/li>\n<li>VI International Students Conference of Young Medical Researchers.: Knowledge of Krosno district 's inhabitants in Podkarpacie at age 18-30 years old, Wroc\u0142aw 2016.<\/li>\n<\/ol>\n<hr>\n<p>&nbsp;<\/p>\n","protected":false},"excerpt":{"rendered":"<p>Wybrane monografie Renata Rabiasz, Miros\u0142aw J., Jarosz.: Problem nadmiaru masy cia\u0142a w\u015br\u00f3d dzieci i m\u0142odzie\u017cy wiejskiej wojew\u00f3dztwa podkarpackiego. [w] Gastroenterologia zbli\u017ca, kszta\u0142tuje obyczaje. (red.) E. Piontek, D. Zarzycka, Krosno 2011, s. 69-73. Renata Rabiasz, Katarzyna Bielawska.: Daria Lawrieniewna Michaj\u0142owa &#8211; kobieta zatroskana o bli\u017aniego. [w:]. Endokrynologia pediatryczna drog\u0105 rozwoju dla [\u2026] <\/p>\n<div class=\"clear\"><\/div>\n<p><a class=\"more_link clearfix\" href=\"https:\/\/pans.krosno.pl\/pracownicy\/renata-dziubaszewska\/renata-dziubaszewska-najwazniejsze-publikacje\/\" rel=\"nofollow\">Read More<\/a><\/p>\n","protected":false},"author":34,"featured_media":0,"parent":1384,"menu_order":0,"comment_status":"closed","ping_status":"closed","template":"","meta":{"ngg_post_thumbnail":0,"footnotes":""},"class_list":["post-1391","page","type-page","status-publish","hentry"],"yoast_head":"<!-- This site is optimized with the Yoast SEO Premium plugin v27.3 (Yoast SEO v27.3) - https:\/\/yoast.com\/product\/yoast-seo-premium-wordpress\/ -->\n<title>dr Renata Dziubaszewska - Najwa\u017cniejsze publikacje - Pracownicy PANS w Kro\u015bnie<\/title>\n<meta name=\"robots\" content=\"index, follow, max-snippet:-1, max-image-preview:large, max-video-preview:-1\" \/>\n<link rel=\"canonical\" href=\"https:\/\/pans.krosno.pl\/pracownicy\/renata-dziubaszewska\/renata-dziubaszewska-najwazniejsze-publikacje\/\" \/>\n<meta property=\"og:locale\" content=\"pl_PL\" \/>\n<meta property=\"og:type\" content=\"article\" \/>\n<meta property=\"og:title\" content=\"dr Renata Dziubaszewska - Najwa\u017cniejsze publikacje\" \/>\n<meta property=\"og:description\" content=\"Wybrane monografie Renata Rabiasz, Miros\u0142aw J., Jarosz.: Problem nadmiaru masy cia\u0142a w\u015br\u00f3d dzieci i m\u0142odzie\u017cy wiejskiej wojew\u00f3dztwa podkarpackiego. [w] Gastroenterologia zbli\u017ca, kszta\u0142tuje obyczaje. (red.) E. Piontek, D. Zarzycka, Krosno 2011, s. 69-73. Renata Rabiasz, Katarzyna Bielawska.: Daria Lawrieniewna Michaj\u0142owa &#8211; kobieta zatroskana o bli\u017aniego. [w:]. Endokrynologia pediatryczna drog\u0105 rozwoju dla [\u2026] Read More\" \/>\n<meta property=\"og:url\" content=\"https:\/\/pans.krosno.pl\/pracownicy\/renata-dziubaszewska\/renata-dziubaszewska-najwazniejsze-publikacje\/\" \/>\n<meta property=\"og:site_name\" content=\"Pracownicy PANS w Kro\u015bnie\" \/>\n<meta property=\"article:modified_time\" content=\"2025-05-20T06:47:34+00:00\" \/>\n<meta name=\"twitter:card\" content=\"summary_large_image\" \/>\n<meta name=\"twitter:label1\" content=\"Szacowany czas czytania\" \/>\n\t<meta name=\"twitter:data1\" content=\"3 minuty\" \/>\n<script type=\"application\/ld+json\" class=\"yoast-schema-graph\">{\"@context\":\"https:\\\/\\\/schema.org\",\"@graph\":[{\"@type\":\"WebPage\",\"@id\":\"https:\\\/\\\/pans.krosno.pl\\\/pracownicy\\\/renata-dziubaszewska\\\/renata-dziubaszewska-najwazniejsze-publikacje\\\/\",\"url\":\"https:\\\/\\\/pans.krosno.pl\\\/pracownicy\\\/renata-dziubaszewska\\\/renata-dziubaszewska-najwazniejsze-publikacje\\\/\",\"name\":\"dr Renata Dziubaszewska - Najwa\u017cniejsze publikacje - Pracownicy PANS w Kro\u015bnie\",\"isPartOf\":{\"@id\":\"https:\\\/\\\/pans.krosno.pl\\\/pracownicy\\\/#website\"},\"datePublished\":\"2020-04-03T08:48:30+00:00\",\"dateModified\":\"2025-05-20T06:47:34+00:00\",\"breadcrumb\":{\"@id\":\"https:\\\/\\\/pans.krosno.pl\\\/pracownicy\\\/renata-dziubaszewska\\\/renata-dziubaszewska-najwazniejsze-publikacje\\\/#breadcrumb\"},\"inLanguage\":\"pl-PL\",\"potentialAction\":[{\"@type\":\"ReadAction\",\"target\":[\"https:\\\/\\\/pans.krosno.pl\\\/pracownicy\\\/renata-dziubaszewska\\\/renata-dziubaszewska-najwazniejsze-publikacje\\\/\"]}]},{\"@type\":\"BreadcrumbList\",\"@id\":\"https:\\\/\\\/pans.krosno.pl\\\/pracownicy\\\/renata-dziubaszewska\\\/renata-dziubaszewska-najwazniejsze-publikacje\\\/#breadcrumb\",\"itemListElement\":[{\"@type\":\"ListItem\",\"position\":1,\"name\":\"Strona g\u0142\u00f3wna\",\"item\":\"https:\\\/\\\/pans.krosno.pl\\\/pracownicy\\\/\"},{\"@type\":\"ListItem\",\"position\":2,\"name\":\"dr Renata Dziubaszewska\",\"item\":\"https:\\\/\\\/pans.krosno.pl\\\/pracownicy\\\/renata-dziubaszewska\\\/\"},{\"@type\":\"ListItem\",\"position\":3,\"name\":\"dr Renata Dziubaszewska &#8211; Najwa\u017cniejsze publikacje\"}]},{\"@type\":\"WebSite\",\"@id\":\"https:\\\/\\\/pans.krosno.pl\\\/pracownicy\\\/#website\",\"url\":\"https:\\\/\\\/pans.krosno.pl\\\/pracownicy\\\/\",\"name\":\"Pracownicy PANS w Kro\u015bnie\",\"description\":\"Pracownicy - Pa\u0144stwowa Akademia Nauk Stosowanych\",\"publisher\":{\"@id\":\"https:\\\/\\\/pans.krosno.pl\\\/pracownicy\\\/#organization\"},\"potentialAction\":[{\"@type\":\"SearchAction\",\"target\":{\"@type\":\"EntryPoint\",\"urlTemplate\":\"https:\\\/\\\/pans.krosno.pl\\\/pracownicy\\\/?s={search_term_string}\"},\"query-input\":{\"@type\":\"PropertyValueSpecification\",\"valueRequired\":true,\"valueName\":\"search_term_string\"}}],\"inLanguage\":\"pl-PL\"},{\"@type\":\"Organization\",\"@id\":\"https:\\\/\\\/pans.krosno.pl\\\/pracownicy\\\/#organization\",\"name\":\"Pracownicy PANS w Kro\u015bnie\",\"url\":\"https:\\\/\\\/pans.krosno.pl\\\/pracownicy\\\/\",\"logo\":{\"@type\":\"ImageObject\",\"inLanguage\":\"pl-PL\",\"@id\":\"https:\\\/\\\/pans.krosno.pl\\\/pracownicy\\\/#\\\/schema\\\/logo\\\/image\\\/\",\"url\":\"https:\\\/\\\/pans.krosno.pl\\\/pracownicy\\\/wp-content\\\/uploads\\\/sites\\\/41\\\/2023\\\/01\\\/Logo-PANS-2022-pelne.png\",\"contentUrl\":\"https:\\\/\\\/pans.krosno.pl\\\/pracownicy\\\/wp-content\\\/uploads\\\/sites\\\/41\\\/2023\\\/01\\\/Logo-PANS-2022-pelne.png\",\"width\":3096,\"height\":696,\"caption\":\"Pracownicy PANS w Kro\u015bnie\"},\"image\":{\"@id\":\"https:\\\/\\\/pans.krosno.pl\\\/pracownicy\\\/#\\\/schema\\\/logo\\\/image\\\/\"}}]}<\/script>\n<!-- \/ Yoast SEO Premium plugin. -->","yoast_head_json":{"title":"dr Renata Dziubaszewska - Najwa\u017cniejsze publikacje - Pracownicy PANS w Kro\u015bnie","robots":{"index":"index","follow":"follow","max-snippet":"max-snippet:-1","max-image-preview":"max-image-preview:large","max-video-preview":"max-video-preview:-1"},"canonical":"https:\/\/pans.krosno.pl\/pracownicy\/renata-dziubaszewska\/renata-dziubaszewska-najwazniejsze-publikacje\/","og_locale":"pl_PL","og_type":"article","og_title":"dr Renata Dziubaszewska - Najwa\u017cniejsze publikacje","og_description":"Wybrane monografie Renata Rabiasz, Miros\u0142aw J., Jarosz.: Problem nadmiaru masy cia\u0142a w\u015br\u00f3d dzieci i m\u0142odzie\u017cy wiejskiej wojew\u00f3dztwa podkarpackiego. [w] Gastroenterologia zbli\u017ca, kszta\u0142tuje obyczaje. (red.) E. Piontek, D. Zarzycka, Krosno 2011, s. 69-73. Renata Rabiasz, Katarzyna Bielawska.: Daria Lawrieniewna Michaj\u0142owa &#8211; kobieta zatroskana o bli\u017aniego. [w:]. Endokrynologia pediatryczna drog\u0105 rozwoju dla [\u2026] Read More","og_url":"https:\/\/pans.krosno.pl\/pracownicy\/renata-dziubaszewska\/renata-dziubaszewska-najwazniejsze-publikacje\/","og_site_name":"Pracownicy PANS w Kro\u015bnie","article_modified_time":"2025-05-20T06:47:34+00:00","twitter_card":"summary_large_image","twitter_misc":{"Szacowany czas czytania":"3 minuty"},"schema":{"@context":"https:\/\/schema.org","@graph":[{"@type":"WebPage","@id":"https:\/\/pans.krosno.pl\/pracownicy\/renata-dziubaszewska\/renata-dziubaszewska-najwazniejsze-publikacje\/","url":"https:\/\/pans.krosno.pl\/pracownicy\/renata-dziubaszewska\/renata-dziubaszewska-najwazniejsze-publikacje\/","name":"dr Renata Dziubaszewska - Najwa\u017cniejsze publikacje - Pracownicy PANS w Kro\u015bnie","isPartOf":{"@id":"https:\/\/pans.krosno.pl\/pracownicy\/#website"},"datePublished":"2020-04-03T08:48:30+00:00","dateModified":"2025-05-20T06:47:34+00:00","breadcrumb":{"@id":"https:\/\/pans.krosno.pl\/pracownicy\/renata-dziubaszewska\/renata-dziubaszewska-najwazniejsze-publikacje\/#breadcrumb"},"inLanguage":"pl-PL","potentialAction":[{"@type":"ReadAction","target":["https:\/\/pans.krosno.pl\/pracownicy\/renata-dziubaszewska\/renata-dziubaszewska-najwazniejsze-publikacje\/"]}]},{"@type":"BreadcrumbList","@id":"https:\/\/pans.krosno.pl\/pracownicy\/renata-dziubaszewska\/renata-dziubaszewska-najwazniejsze-publikacje\/#breadcrumb","itemListElement":[{"@type":"ListItem","position":1,"name":"Strona g\u0142\u00f3wna","item":"https:\/\/pans.krosno.pl\/pracownicy\/"},{"@type":"ListItem","position":2,"name":"dr Renata Dziubaszewska","item":"https:\/\/pans.krosno.pl\/pracownicy\/renata-dziubaszewska\/"},{"@type":"ListItem","position":3,"name":"dr Renata Dziubaszewska &#8211; Najwa\u017cniejsze publikacje"}]},{"@type":"WebSite","@id":"https:\/\/pans.krosno.pl\/pracownicy\/#website","url":"https:\/\/pans.krosno.pl\/pracownicy\/","name":"Pracownicy PANS w Kro\u015bnie","description":"Pracownicy - Pa\u0144stwowa Akademia Nauk Stosowanych","publisher":{"@id":"https:\/\/pans.krosno.pl\/pracownicy\/#organization"},"potentialAction":[{"@type":"SearchAction","target":{"@type":"EntryPoint","urlTemplate":"https:\/\/pans.krosno.pl\/pracownicy\/?s={search_term_string}"},"query-input":{"@type":"PropertyValueSpecification","valueRequired":true,"valueName":"search_term_string"}}],"inLanguage":"pl-PL"},{"@type":"Organization","@id":"https:\/\/pans.krosno.pl\/pracownicy\/#organization","name":"Pracownicy PANS w Kro\u015bnie","url":"https:\/\/pans.krosno.pl\/pracownicy\/","logo":{"@type":"ImageObject","inLanguage":"pl-PL","@id":"https:\/\/pans.krosno.pl\/pracownicy\/#\/schema\/logo\/image\/","url":"https:\/\/pans.krosno.pl\/pracownicy\/wp-content\/uploads\/sites\/41\/2023\/01\/Logo-PANS-2022-pelne.png","contentUrl":"https:\/\/pans.krosno.pl\/pracownicy\/wp-content\/uploads\/sites\/41\/2023\/01\/Logo-PANS-2022-pelne.png","width":3096,"height":696,"caption":"Pracownicy PANS w Kro\u015bnie"},"image":{"@id":"https:\/\/pans.krosno.pl\/pracownicy\/#\/schema\/logo\/image\/"}}]}},"_links":{"self":[{"href":"https:\/\/pans.krosno.pl\/pracownicy\/wp-json\/wp\/v2\/pages\/1391","targetHints":{"allow":["GET"]}}],"collection":[{"href":"https:\/\/pans.krosno.pl\/pracownicy\/wp-json\/wp\/v2\/pages"}],"about":[{"href":"https:\/\/pans.krosno.pl\/pracownicy\/wp-json\/wp\/v2\/types\/page"}],"author":[{"embeddable":true,"href":"https:\/\/pans.krosno.pl\/pracownicy\/wp-json\/wp\/v2\/users\/34"}],"replies":[{"embeddable":true,"href":"https:\/\/pans.krosno.pl\/pracownicy\/wp-json\/wp\/v2\/comments?post=1391"}],"version-history":[{"count":8,"href":"https:\/\/pans.krosno.pl\/pracownicy\/wp-json\/wp\/v2\/pages\/1391\/revisions"}],"predecessor-version":[{"id":10882,"href":"https:\/\/pans.krosno.pl\/pracownicy\/wp-json\/wp\/v2\/pages\/1391\/revisions\/10882"}],"up":[{"embeddable":true,"href":"https:\/\/pans.krosno.pl\/pracownicy\/wp-json\/wp\/v2\/pages\/1384"}],"wp:attachment":[{"href":"https:\/\/pans.krosno.pl\/pracownicy\/wp-json\/wp\/v2\/media?parent=1391"}],"curies":[{"name":"wp","href":"https:\/\/api.w.org\/{rel}","templated":true}]}}