{"id":1320,"date":"2020-04-02T15:32:57","date_gmt":"2020-04-02T13:32:57","guid":{"rendered":"https:\/\/pans.krosno.pl\/pracownicy\/?page_id=1320"},"modified":"2025-05-20T14:00:24","modified_gmt":"2025-05-20T12:00:24","slug":"wlodzimierz-wojcik-najwazniejsze-publikacje","status":"publish","type":"page","link":"https:\/\/pans.krosno.pl\/pracownicy\/wlodzimierz-wojcik\/wlodzimierz-wojcik-najwazniejsze-publikacje\/","title":{"rendered":"dr hab. in\u017c. W\u0142odzimierz W\u00f3jcik, prof. PANS &#8211; Najwa\u017cniejsze publikacje"},"content":{"rendered":"<hr>\n<p>Autor lub wsp\u00f3\u0142autor 6 ksi\u0105\u017cek, w tym 2 wydane w USA (jedna w renomowanym wydawnictwie CRC Press Lewis Publisher) oraz 132 publikacji naukowych, cytowanych ponad 170 razy, w tym w Ameryka\u0144skim Normie dot. oznaczania jako\u015bci wody i \u015bciek\u00f3w (Standard Methods for Water and Wastewater Examination). Wsp\u00f3lautor 3 patent\u00f3w. Lista wa\u017cniejszych publikacji w ostatnim czasie jest poni\u017cej.<\/p>\n<hr>\n<p><strong>Wa\u017cniejsze ksi\u0105\u017cki<\/strong><\/p>\n<ol>\n<li>Wojcik W.: \u201e Interakcja metali ci\u0119\u017ckich ze \u015brodowiskiem mokrad\u0142owym \u2013 teoria i praktyka in\u017cynierii ekologicznej\u201d Wydawnictwo PWSZ im.S.Pigonia, Krosno. 2014. ISBN 978-83-64457-05-0. 251 pages.<\/li>\n<li>Wojcik W., H.T.Odum, and \u0141.Szilder: \u201cO\u0142\u00f3w i cynk w srodowisku i rola mokradel w ich usuwaniu\u201d Wydawnictwo Naukowe AGH. 2004. 138 pages. ISBN: 83-89388-64-2. Ki\u0105\u017cka recenzowana. Odum H.T., 3. W.W\u00f3jcik et al.: &#8222;Heavy Metals in the Environment. Using Wetland for Their Removal&#8221;. CRC Press, Lewis Publishers. 2000, pp 326. ISBN: 1-56670-401-4. (ksi\u0105\u017cka znajduje sie w bibliiotekach wszystkich czo\u0142owych uczelni na \u015bwiecie).<\/li>\n<li>W\u00f3jcik W.: &#8222;Ekologiczne nast\u0119pstwa odprowadzania \u015bciek\u00f3w przemys\u0142owych zawieraj\u0105cych metale ci\u0119\u017ckie do ekosystemu mokrad\u0142owego rzeki Bia\u0142ej&#8221;, Wydawnictwo Naukowe AGH Krak\u00f3w, No 63, 1997. ISSN: 0867-6631. 112 pages. Monografia recenzowana.<\/li>\n<li>W\u00f3jcik W.: &#8222;Kumulacja wybranych metali ci\u0119\u017ckich przez \u015brodowisko mokrad\u0142owe na przyk\u0142adzie rozlewiska rzeki Bia\u0142ej\u201d. Seria Monografii, Wydawnictwo Naukowe AGH. No 22, 1995, 139 pages. ISSN: 0867-6631. Monografia recednzowana.<\/li>\n<li>Bosch G., Still P., Tucker J., W\u00f3jcik W.: &#8222;Integrated Solid Waste Management&#8221;, Skrypt, Uniwersity of Florida, USA. 1994. pp 116. Skrypt wydany w dwu j\u0119zykach.<\/li>\n<li>Plauche B., W\u00f3jcik W.: &#8222;A Ground Water Manual for Small Communities&#8221;. CRWR , The University of Texas at Austin, USA, 1983. pp 245<\/li>\n<\/ol>\n<p><strong>Wa\u017cniejsze artyku\u0142y<\/strong><\/p>\n<ol>\n<li>Gajewska M.,Skrzypiec K.,Mucha Z., W\u00f3jcik W., Kaczmarczyk A., Bugajski P.: &#8222;Kinetics of pollutants removal in vertical and horizontal flow constructed wetlands in temperate climate&#8221;. Science of the Total Environment, 718, 2020.<\/li>\n<li>Mucha Z, W.Wojcik, M. Polus. &#8221; Brief review of operation of anaerobic wastewater treatment with membrane bioreactors&#8221;Ecological Engineering Journal ISSN 2267-1242, 2019, Vol. 86, pp 1-6 MuchaZ.<\/li>\n<li>W.W\u00f3jcik, K.J\u00f3\u017cwiakowski, M. Gaw\u0142owska: \u201cLong-term operation of Kickuth-type constructed wetland applied to municipal wastewater treatment in temeperate climate\u201d. Environmental Technology. Vol. 39, 9\/ 2018.<\/li>\n<li>J\u00f3\u017awiakowski K., M. Gajewska, P.Bugajski, Z.Mucha, W.W\u00f3jcik, A.Jucherski, M.Natawny. &#8222;Reliability of pollutions removal processes during long term operation of one-stage constructed wetland&#8221;. Separation and Purification Technology. Vol. 187, June 2017, pp 60-66.<\/li>\n<li>Trojanowicz K., W.W\u00f3jcik: \u201cCarbonaceous Materials in Petrochemical Wastewater Before and After Treatment in Aerated Submerged Fixed-Bed Biofilm Reactor \u201c. Chemical and Process Engineering. ISSN: 1061-4303. No 3, 2016. vol. 37 , pp 373-382.<\/li>\n<li>Mucha Z., A. Generowicz , W.W\u00f3jcik, K. J\u00f3\u017awiakowski, S. Baran, J. Bieli\u0144ska: \u201cApplication of Multi-Criterial Analysis of Sludge from Small Wastewater Treatment Plants in Rural Areas.\u201d Environmental Protection Engineering. 4\/2016. ISSN 0324-8828.<\/li>\n<li>Jozwiakowski K., M. Gajewska, P.Bugajski, Z.Mucha, W.Wojcik, A.Jucherski, M.Natawny. &#8222;Reliability of pollutions removal processes during long term operation of one-stage constructed wetland&#8221;. Peer reviewed Poster presented at the Intrn.Water Ass. Specialist Conf. on Wetland Systems for Water Pollution Control, 4-9 Sept. 2016. Gdansk, Poland. Published in the Proceedings.<\/li>\n<li>Mucha Z., A. Generowicz , W.W\u00f3jcik, K. J\u00f3\u017awiakowski, S. Baran, J. Bieli\u0144ska: \u201cApplication of Multi-Criterial Analysis of Sludge from Small Wastewater Treatment Plants in Rural Areas.\u201d Environmental Protection Engineering. 4\/2016. ISSN 0324-8828.<\/li>\n<\/ol>\n<hr>\n<p>&nbsp;<\/p>\n","protected":false},"excerpt":{"rendered":"<p>Autor lub wsp\u00f3\u0142autor 6 ksi\u0105\u017cek, w tym 2 wydane w USA (jedna w renomowanym wydawnictwie CRC Press Lewis Publisher) oraz 132 publikacji naukowych, cytowanych ponad 170 razy, w tym w Ameryka\u0144skim Normie dot. oznaczania jako\u015bci wody i \u015bciek\u00f3w (Standard Methods for Water and Wastewater Examination). Wsp\u00f3lautor 3 patent\u00f3w. Lista wa\u017cniejszych [\u2026] <\/p>\n<div class=\"clear\"><\/div>\n<p><a class=\"more_link clearfix\" href=\"https:\/\/pans.krosno.pl\/pracownicy\/wlodzimierz-wojcik\/wlodzimierz-wojcik-najwazniejsze-publikacje\/\" rel=\"nofollow\">Read More<\/a><\/p>\n","protected":false},"author":36,"featured_media":0,"parent":1309,"menu_order":0,"comment_status":"closed","ping_status":"closed","template":"","meta":{"ngg_post_thumbnail":0,"footnotes":""},"class_list":["post-1320","page","type-page","status-publish","hentry"],"yoast_head":"<!-- This site is optimized with the Yoast SEO Premium plugin v27.4 (Yoast SEO v27.4) - https:\/\/yoast.com\/product\/yoast-seo-premium-wordpress\/ -->\n<title>dr hab. in\u017c. W\u0142odzimierz W\u00f3jcik, prof. PANS - Najwa\u017cniejsze publikacje - Pracownicy PANS w Kro\u015bnie<\/title>\n<meta name=\"robots\" content=\"index, follow, max-snippet:-1, max-image-preview:large, max-video-preview:-1\" \/>\n<link rel=\"canonical\" href=\"https:\/\/pans.krosno.pl\/pracownicy\/wlodzimierz-wojcik\/wlodzimierz-wojcik-najwazniejsze-publikacje\/\" \/>\n<meta property=\"og:locale\" content=\"pl_PL\" \/>\n<meta property=\"og:type\" content=\"article\" \/>\n<meta property=\"og:title\" content=\"dr hab. in\u017c. W\u0142odzimierz W\u00f3jcik, prof. PANS - Najwa\u017cniejsze publikacje\" \/>\n<meta property=\"og:description\" content=\"Autor lub wsp\u00f3\u0142autor 6 ksi\u0105\u017cek, w tym 2 wydane w USA (jedna w renomowanym wydawnictwie CRC Press Lewis Publisher) oraz 132 publikacji naukowych, cytowanych ponad 170 razy, w tym w Ameryka\u0144skim Normie dot. oznaczania jako\u015bci wody i \u015bciek\u00f3w (Standard Methods for Water and Wastewater Examination). Wsp\u00f3lautor 3 patent\u00f3w. Lista wa\u017cniejszych [\u2026] Read More\" \/>\n<meta property=\"og:url\" content=\"https:\/\/pans.krosno.pl\/pracownicy\/wlodzimierz-wojcik\/wlodzimierz-wojcik-najwazniejsze-publikacje\/\" \/>\n<meta property=\"og:site_name\" content=\"Pracownicy PANS w Kro\u015bnie\" \/>\n<meta property=\"article:modified_time\" content=\"2025-05-20T12:00:24+00:00\" \/>\n<meta name=\"twitter:card\" content=\"summary_large_image\" \/>\n<script type=\"application\/ld+json\" class=\"yoast-schema-graph\">{\"@context\":\"https:\\\/\\\/schema.org\",\"@graph\":[{\"@type\":\"WebPage\",\"@id\":\"https:\\\/\\\/pans.krosno.pl\\\/pracownicy\\\/wlodzimierz-wojcik\\\/wlodzimierz-wojcik-najwazniejsze-publikacje\\\/\",\"url\":\"https:\\\/\\\/pans.krosno.pl\\\/pracownicy\\\/wlodzimierz-wojcik\\\/wlodzimierz-wojcik-najwazniejsze-publikacje\\\/\",\"name\":\"dr hab. in\u017c. W\u0142odzimierz W\u00f3jcik, prof. PANS - Najwa\u017cniejsze publikacje - Pracownicy PANS w Kro\u015bnie\",\"isPartOf\":{\"@id\":\"https:\\\/\\\/pans.krosno.pl\\\/pracownicy\\\/#website\"},\"datePublished\":\"2020-04-02T13:32:57+00:00\",\"dateModified\":\"2025-05-20T12:00:24+00:00\",\"breadcrumb\":{\"@id\":\"https:\\\/\\\/pans.krosno.pl\\\/pracownicy\\\/wlodzimierz-wojcik\\\/wlodzimierz-wojcik-najwazniejsze-publikacje\\\/#breadcrumb\"},\"inLanguage\":\"pl-PL\",\"potentialAction\":[{\"@type\":\"ReadAction\",\"target\":[\"https:\\\/\\\/pans.krosno.pl\\\/pracownicy\\\/wlodzimierz-wojcik\\\/wlodzimierz-wojcik-najwazniejsze-publikacje\\\/\"]}]},{\"@type\":\"BreadcrumbList\",\"@id\":\"https:\\\/\\\/pans.krosno.pl\\\/pracownicy\\\/wlodzimierz-wojcik\\\/wlodzimierz-wojcik-najwazniejsze-publikacje\\\/#breadcrumb\",\"itemListElement\":[{\"@type\":\"ListItem\",\"position\":1,\"name\":\"Strona g\u0142\u00f3wna\",\"item\":\"https:\\\/\\\/pans.krosno.pl\\\/pracownicy\\\/\"},{\"@type\":\"ListItem\",\"position\":2,\"name\":\"dr hab. in\u017c. W\u0142odzimierz W\u00f3jcik, prof. PANS\",\"item\":\"https:\\\/\\\/pans.krosno.pl\\\/pracownicy\\\/wlodzimierz-wojcik\\\/\"},{\"@type\":\"ListItem\",\"position\":3,\"name\":\"dr hab. in\u017c. W\u0142odzimierz W\u00f3jcik, prof. PANS &#8211; Najwa\u017cniejsze publikacje\"}]},{\"@type\":\"WebSite\",\"@id\":\"https:\\\/\\\/pans.krosno.pl\\\/pracownicy\\\/#website\",\"url\":\"https:\\\/\\\/pans.krosno.pl\\\/pracownicy\\\/\",\"name\":\"Pracownicy PANS w Kro\u015bnie\",\"description\":\"Pracownicy - Pa\u0144stwowa Akademia Nauk Stosowanych\",\"publisher\":{\"@id\":\"https:\\\/\\\/pans.krosno.pl\\\/pracownicy\\\/#organization\"},\"potentialAction\":[{\"@type\":\"SearchAction\",\"target\":{\"@type\":\"EntryPoint\",\"urlTemplate\":\"https:\\\/\\\/pans.krosno.pl\\\/pracownicy\\\/?s={search_term_string}\"},\"query-input\":{\"@type\":\"PropertyValueSpecification\",\"valueRequired\":true,\"valueName\":\"search_term_string\"}}],\"inLanguage\":\"pl-PL\"},{\"@type\":\"Organization\",\"@id\":\"https:\\\/\\\/pans.krosno.pl\\\/pracownicy\\\/#organization\",\"name\":\"Pracownicy PANS w Kro\u015bnie\",\"url\":\"https:\\\/\\\/pans.krosno.pl\\\/pracownicy\\\/\",\"logo\":{\"@type\":\"ImageObject\",\"inLanguage\":\"pl-PL\",\"@id\":\"https:\\\/\\\/pans.krosno.pl\\\/pracownicy\\\/#\\\/schema\\\/logo\\\/image\\\/\",\"url\":\"https:\\\/\\\/pans.krosno.pl\\\/pracownicy\\\/wp-content\\\/uploads\\\/sites\\\/41\\\/2023\\\/01\\\/Logo-PANS-2022-pelne.png\",\"contentUrl\":\"https:\\\/\\\/pans.krosno.pl\\\/pracownicy\\\/wp-content\\\/uploads\\\/sites\\\/41\\\/2023\\\/01\\\/Logo-PANS-2022-pelne.png\",\"width\":3096,\"height\":696,\"caption\":\"Pracownicy PANS w Kro\u015bnie\"},\"image\":{\"@id\":\"https:\\\/\\\/pans.krosno.pl\\\/pracownicy\\\/#\\\/schema\\\/logo\\\/image\\\/\"}}]}<\/script>\n<!-- \/ Yoast SEO Premium plugin. -->","yoast_head_json":{"title":"dr hab. in\u017c. W\u0142odzimierz W\u00f3jcik, prof. PANS - Najwa\u017cniejsze publikacje - Pracownicy PANS w Kro\u015bnie","robots":{"index":"index","follow":"follow","max-snippet":"max-snippet:-1","max-image-preview":"max-image-preview:large","max-video-preview":"max-video-preview:-1"},"canonical":"https:\/\/pans.krosno.pl\/pracownicy\/wlodzimierz-wojcik\/wlodzimierz-wojcik-najwazniejsze-publikacje\/","og_locale":"pl_PL","og_type":"article","og_title":"dr hab. in\u017c. W\u0142odzimierz W\u00f3jcik, prof. PANS - Najwa\u017cniejsze publikacje","og_description":"Autor lub wsp\u00f3\u0142autor 6 ksi\u0105\u017cek, w tym 2 wydane w USA (jedna w renomowanym wydawnictwie CRC Press Lewis Publisher) oraz 132 publikacji naukowych, cytowanych ponad 170 razy, w tym w Ameryka\u0144skim Normie dot. oznaczania jako\u015bci wody i \u015bciek\u00f3w (Standard Methods for Water and Wastewater Examination). Wsp\u00f3lautor 3 patent\u00f3w. Lista wa\u017cniejszych [\u2026] Read More","og_url":"https:\/\/pans.krosno.pl\/pracownicy\/wlodzimierz-wojcik\/wlodzimierz-wojcik-najwazniejsze-publikacje\/","og_site_name":"Pracownicy PANS w Kro\u015bnie","article_modified_time":"2025-05-20T12:00:24+00:00","twitter_card":"summary_large_image","schema":{"@context":"https:\/\/schema.org","@graph":[{"@type":"WebPage","@id":"https:\/\/pans.krosno.pl\/pracownicy\/wlodzimierz-wojcik\/wlodzimierz-wojcik-najwazniejsze-publikacje\/","url":"https:\/\/pans.krosno.pl\/pracownicy\/wlodzimierz-wojcik\/wlodzimierz-wojcik-najwazniejsze-publikacje\/","name":"dr hab. in\u017c. W\u0142odzimierz W\u00f3jcik, prof. PANS - Najwa\u017cniejsze publikacje - Pracownicy PANS w Kro\u015bnie","isPartOf":{"@id":"https:\/\/pans.krosno.pl\/pracownicy\/#website"},"datePublished":"2020-04-02T13:32:57+00:00","dateModified":"2025-05-20T12:00:24+00:00","breadcrumb":{"@id":"https:\/\/pans.krosno.pl\/pracownicy\/wlodzimierz-wojcik\/wlodzimierz-wojcik-najwazniejsze-publikacje\/#breadcrumb"},"inLanguage":"pl-PL","potentialAction":[{"@type":"ReadAction","target":["https:\/\/pans.krosno.pl\/pracownicy\/wlodzimierz-wojcik\/wlodzimierz-wojcik-najwazniejsze-publikacje\/"]}]},{"@type":"BreadcrumbList","@id":"https:\/\/pans.krosno.pl\/pracownicy\/wlodzimierz-wojcik\/wlodzimierz-wojcik-najwazniejsze-publikacje\/#breadcrumb","itemListElement":[{"@type":"ListItem","position":1,"name":"Strona g\u0142\u00f3wna","item":"https:\/\/pans.krosno.pl\/pracownicy\/"},{"@type":"ListItem","position":2,"name":"dr hab. in\u017c. W\u0142odzimierz W\u00f3jcik, prof. PANS","item":"https:\/\/pans.krosno.pl\/pracownicy\/wlodzimierz-wojcik\/"},{"@type":"ListItem","position":3,"name":"dr hab. in\u017c. W\u0142odzimierz W\u00f3jcik, prof. PANS &#8211; Najwa\u017cniejsze publikacje"}]},{"@type":"WebSite","@id":"https:\/\/pans.krosno.pl\/pracownicy\/#website","url":"https:\/\/pans.krosno.pl\/pracownicy\/","name":"Pracownicy PANS w Kro\u015bnie","description":"Pracownicy - Pa\u0144stwowa Akademia Nauk Stosowanych","publisher":{"@id":"https:\/\/pans.krosno.pl\/pracownicy\/#organization"},"potentialAction":[{"@type":"SearchAction","target":{"@type":"EntryPoint","urlTemplate":"https:\/\/pans.krosno.pl\/pracownicy\/?s={search_term_string}"},"query-input":{"@type":"PropertyValueSpecification","valueRequired":true,"valueName":"search_term_string"}}],"inLanguage":"pl-PL"},{"@type":"Organization","@id":"https:\/\/pans.krosno.pl\/pracownicy\/#organization","name":"Pracownicy PANS w Kro\u015bnie","url":"https:\/\/pans.krosno.pl\/pracownicy\/","logo":{"@type":"ImageObject","inLanguage":"pl-PL","@id":"https:\/\/pans.krosno.pl\/pracownicy\/#\/schema\/logo\/image\/","url":"https:\/\/pans.krosno.pl\/pracownicy\/wp-content\/uploads\/sites\/41\/2023\/01\/Logo-PANS-2022-pelne.png","contentUrl":"https:\/\/pans.krosno.pl\/pracownicy\/wp-content\/uploads\/sites\/41\/2023\/01\/Logo-PANS-2022-pelne.png","width":3096,"height":696,"caption":"Pracownicy PANS w Kro\u015bnie"},"image":{"@id":"https:\/\/pans.krosno.pl\/pracownicy\/#\/schema\/logo\/image\/"}}]}},"_links":{"self":[{"href":"https:\/\/pans.krosno.pl\/pracownicy\/wp-json\/wp\/v2\/pages\/1320","targetHints":{"allow":["GET"]}}],"collection":[{"href":"https:\/\/pans.krosno.pl\/pracownicy\/wp-json\/wp\/v2\/pages"}],"about":[{"href":"https:\/\/pans.krosno.pl\/pracownicy\/wp-json\/wp\/v2\/types\/page"}],"author":[{"embeddable":true,"href":"https:\/\/pans.krosno.pl\/pracownicy\/wp-json\/wp\/v2\/users\/36"}],"replies":[{"embeddable":true,"href":"https:\/\/pans.krosno.pl\/pracownicy\/wp-json\/wp\/v2\/comments?post=1320"}],"version-history":[{"count":9,"href":"https:\/\/pans.krosno.pl\/pracownicy\/wp-json\/wp\/v2\/pages\/1320\/revisions"}],"predecessor-version":[{"id":11062,"href":"https:\/\/pans.krosno.pl\/pracownicy\/wp-json\/wp\/v2\/pages\/1320\/revisions\/11062"}],"up":[{"embeddable":true,"href":"https:\/\/pans.krosno.pl\/pracownicy\/wp-json\/wp\/v2\/pages\/1309"}],"wp:attachment":[{"href":"https:\/\/pans.krosno.pl\/pracownicy\/wp-json\/wp\/v2\/media?parent=1320"}],"curies":[{"name":"wp","href":"https:\/\/api.w.org\/{rel}","templated":true}]}}