{"id":1303,"date":"2020-04-02T15:21:04","date_gmt":"2020-04-02T13:21:04","guid":{"rendered":"https:\/\/pans.krosno.pl\/pracownicy\/?page_id=1303"},"modified":"2025-05-20T13:26:44","modified_gmt":"2025-05-20T11:26:44","slug":"stanislaw-rymar-najwazniejsze-publikacje","status":"publish","type":"page","link":"https:\/\/pans.krosno.pl\/pracownicy\/stanislaw-rymar\/stanislaw-rymar-najwazniejsze-publikacje\/","title":{"rendered":"dr in\u017c. Stanis\u0142aw Rymar &#8211; Najwa\u017cniejsze publikacje"},"content":{"rendered":"<hr>\n<ol>\n<li><em>Pocz\u0105tki dzia\u0142alno\u015bci wydobywczej ropy naftowej na terenach dawnej Galicji \u2013 wp\u0142yw na stan ochrony \u015brodowiska i wsp\u00f3\u0142prace w zakresie dziedzictwa kulturowego<\/em> [w]: Stosunki gospodarcze Polski i Ukrainy: szanse i wyzwania, red. A. Podraza. KUL, Lublin 2008.<\/li>\n<li><em>Mo\u017cliwo\u015bci wykorzystania w\u00f3d mineralnych dla cel\u00f3w gospodarczych w obr\u0119bie dawnych kopal\u0144 naftowych \u2013 rejon Pog\u00f3rza Przemysko-Dynowskiego<\/em> [w]: Woda i surowce odnawialne, red. Janusz Rak. Dyn\u00f3w 2011.<\/li>\n<li><em>Mo\u017cliwo\u015bci zastosowa\u0144 wybranych metod geofizycznych w badaniach \u015brodowiskowych \u2013 rejon Dyn\u00f3w \u2013 Dubiecko<\/em> [w]: Turystyka wiejska, ochrona \u015brodowiska i dziedzictwo kulturowe Pog\u00f3rza Dynowskiego, red. J. Krupa, T. Soli\u0144ski. Dyn\u00f3w 2011.<\/li>\n<li><em>G\u00f3rnicza eksploatacja ropy naftowej w obr\u0119bie kopal\u0144 Iwonicz \u2013 Brzoz\u00f3w w XIX i na pocz\u0105tku XX wieku<\/em> [w]: Problemy ochrony przyrody, korzystania ze \u015brodowiska i promocji walor\u00f3w turystycznych po\u0142udniowo-wschodniej Polski i zachodniej Ukrainy, red. J. Rak. Brzoz\u00f3w 2012.<\/li>\n<li><em>Znaczenie warsztatu rysunkowego polskiego in\u017cyniera w rozwoju gospodarczym w Galicji w XIX i na pocz. XX wieku<\/em> [w]: Potencja\u0142 i uwarunkowania ruchu turystycznego w po\u0142udniowo-wschodniej Polsce i zachodniej Ukrainie, red. J. Rak. Brzoz\u00f3w 2013.<\/li>\n<li><em>Geoinformacja przestrzenna w dokumentowaniu rozwoju osadnictwa wiejskiego Doliny Sanu w pocz\u0105tkach XX wieku<\/em> [w]: Zr\u00f3wnowa\u017cona turystyka szans\u0105 ochrony \u015brodowiska naturalnego, dziedzictwa kulturalnego i rozwoju gospodarczego gmin Pog\u00f3rza Dynowskiego, red. J. Krupa. Dyn\u00f3w 2014.<\/li>\n<li><em>Zabiegi i technologie intensyfikacji sczerpania z\u0142\u00f3\u017c w\u0119glowodorowych \u2013 historia i tera\u017aniejszo\u015b\u0107<\/em> [w]: Antropogeniczne czynniki wp\u0142ywu na \u015brodowisko przyrodnicze na przyk\u0142adzie po\u0142udniowo-wschodniej Polski, wschodniej S\u0142owacji i zachodniej Ukrainy, red. J. Rak. Brzoz\u00f3w 2014.<\/li>\n<li><em>Mo\u017cliwo\u015bci badawcze horyzont\u00f3w wodono\u015bnych przy u\u017cyciu geofizycznej aparatury. Studnie \u2013 zarys problematyki<\/em> [w]: Woda, \u017cywno\u015b\u0107, turystyka, red. J. Krupa. Dyn\u00f3w 2016.<\/li>\n<li>Rymar, P. Kuzian, <em>P\u0142yny micelarne a bezpiecze\u0144stwo \u015brodowiska naturalnego<\/em> [w]: Zr\u00f3wnowa\u017cona gospodarka zasobami przyrodniczymi i kulturowymi na Pog\u00f3rzu Dynowskim determinant\u0105 rozwoju turystyki, red. J. Krupa, K. Szpara. Edytorial, Rzesz\u00f3w 2017.<\/li>\n<li>Rymar, D. Rohan, J. Kubit, Wybitne postacie polskiej nauki, polityki i gospodarki oraz ich zwi\u0105zki z kro\u015bnie\u0144skim zag\u0142\u0119biem naftowym \u2013 subiektywny wyb\u00f3r autorski w 100-lecie odzyskania niepodleg\u0142o\u015bci Pa\u0144stwa Polskiego [w]: Problemy ochrony \u015brodowiska przyrodniczego i kulturowego Pog\u00f3rza Dynowskiego, red. J. Krupa, K. Szpara. Oficyna Wydawnicza Politechniki Rzeszowskiej, Rzesz\u00f3w \u2013 Dyn\u00f3w 2019.<\/li>\n<\/ol>\n<hr>\n<p>&nbsp;<\/p>\n","protected":false},"excerpt":{"rendered":"<p>Pocz\u0105tki dzia\u0142alno\u015bci wydobywczej ropy naftowej na terenach dawnej Galicji \u2013 wp\u0142yw na stan ochrony \u015brodowiska i wsp\u00f3\u0142prace w zakresie dziedzictwa kulturowego [w]: Stosunki gospodarcze Polski i Ukrainy: szanse i wyzwania, red. A. Podraza. KUL, Lublin 2008. Mo\u017cliwo\u015bci wykorzystania w\u00f3d mineralnych dla cel\u00f3w gospodarczych w obr\u0119bie dawnych kopal\u0144 naftowych \u2013 rejon [\u2026] <\/p>\n<div class=\"clear\"><\/div>\n<p><a class=\"more_link clearfix\" href=\"https:\/\/pans.krosno.pl\/pracownicy\/stanislaw-rymar\/stanislaw-rymar-najwazniejsze-publikacje\/\" rel=\"nofollow\">Read More<\/a><\/p>\n","protected":false},"author":36,"featured_media":0,"parent":1292,"menu_order":0,"comment_status":"closed","ping_status":"closed","template":"","meta":{"ngg_post_thumbnail":0,"footnotes":""},"class_list":["post-1303","page","type-page","status-publish","hentry"],"yoast_head":"<!-- This site is optimized with the Yoast SEO Premium plugin v27.3 (Yoast SEO v27.3) - https:\/\/yoast.com\/product\/yoast-seo-premium-wordpress\/ -->\n<title>dr in\u017c. Stanis\u0142aw Rymar - Najwa\u017cniejsze publikacje - Pracownicy PANS w Kro\u015bnie<\/title>\n<meta name=\"robots\" content=\"index, follow, max-snippet:-1, max-image-preview:large, max-video-preview:-1\" \/>\n<link rel=\"canonical\" href=\"https:\/\/pans.krosno.pl\/pracownicy\/stanislaw-rymar\/stanislaw-rymar-najwazniejsze-publikacje\/\" \/>\n<meta property=\"og:locale\" content=\"pl_PL\" \/>\n<meta property=\"og:type\" content=\"article\" \/>\n<meta property=\"og:title\" content=\"dr in\u017c. Stanis\u0142aw Rymar - Najwa\u017cniejsze publikacje\" \/>\n<meta property=\"og:description\" content=\"Pocz\u0105tki dzia\u0142alno\u015bci wydobywczej ropy naftowej na terenach dawnej Galicji \u2013 wp\u0142yw na stan ochrony \u015brodowiska i wsp\u00f3\u0142prace w zakresie dziedzictwa kulturowego [w]: Stosunki gospodarcze Polski i Ukrainy: szanse i wyzwania, red. A. Podraza. KUL, Lublin 2008. Mo\u017cliwo\u015bci wykorzystania w\u00f3d mineralnych dla cel\u00f3w gospodarczych w obr\u0119bie dawnych kopal\u0144 naftowych \u2013 rejon [\u2026] Read More\" \/>\n<meta property=\"og:url\" content=\"https:\/\/pans.krosno.pl\/pracownicy\/stanislaw-rymar\/stanislaw-rymar-najwazniejsze-publikacje\/\" \/>\n<meta property=\"og:site_name\" content=\"Pracownicy PANS w Kro\u015bnie\" \/>\n<meta property=\"article:modified_time\" content=\"2025-05-20T11:26:44+00:00\" \/>\n<meta name=\"twitter:card\" content=\"summary_large_image\" \/>\n<meta name=\"twitter:label1\" content=\"Szacowany czas czytania\" \/>\n\t<meta name=\"twitter:data1\" content=\"2 minuty\" \/>\n<script type=\"application\/ld+json\" class=\"yoast-schema-graph\">{\"@context\":\"https:\\\/\\\/schema.org\",\"@graph\":[{\"@type\":\"WebPage\",\"@id\":\"https:\\\/\\\/pans.krosno.pl\\\/pracownicy\\\/stanislaw-rymar\\\/stanislaw-rymar-najwazniejsze-publikacje\\\/\",\"url\":\"https:\\\/\\\/pans.krosno.pl\\\/pracownicy\\\/stanislaw-rymar\\\/stanislaw-rymar-najwazniejsze-publikacje\\\/\",\"name\":\"dr in\u017c. Stanis\u0142aw Rymar - Najwa\u017cniejsze publikacje - Pracownicy PANS w Kro\u015bnie\",\"isPartOf\":{\"@id\":\"https:\\\/\\\/pans.krosno.pl\\\/pracownicy\\\/#website\"},\"datePublished\":\"2020-04-02T13:21:04+00:00\",\"dateModified\":\"2025-05-20T11:26:44+00:00\",\"breadcrumb\":{\"@id\":\"https:\\\/\\\/pans.krosno.pl\\\/pracownicy\\\/stanislaw-rymar\\\/stanislaw-rymar-najwazniejsze-publikacje\\\/#breadcrumb\"},\"inLanguage\":\"pl-PL\",\"potentialAction\":[{\"@type\":\"ReadAction\",\"target\":[\"https:\\\/\\\/pans.krosno.pl\\\/pracownicy\\\/stanislaw-rymar\\\/stanislaw-rymar-najwazniejsze-publikacje\\\/\"]}]},{\"@type\":\"BreadcrumbList\",\"@id\":\"https:\\\/\\\/pans.krosno.pl\\\/pracownicy\\\/stanislaw-rymar\\\/stanislaw-rymar-najwazniejsze-publikacje\\\/#breadcrumb\",\"itemListElement\":[{\"@type\":\"ListItem\",\"position\":1,\"name\":\"Strona g\u0142\u00f3wna\",\"item\":\"https:\\\/\\\/pans.krosno.pl\\\/pracownicy\\\/\"},{\"@type\":\"ListItem\",\"position\":2,\"name\":\"dr in\u017c. Stanis\u0142aw Rymar\",\"item\":\"https:\\\/\\\/pans.krosno.pl\\\/pracownicy\\\/stanislaw-rymar\\\/\"},{\"@type\":\"ListItem\",\"position\":3,\"name\":\"dr in\u017c. Stanis\u0142aw Rymar &#8211; Najwa\u017cniejsze publikacje\"}]},{\"@type\":\"WebSite\",\"@id\":\"https:\\\/\\\/pans.krosno.pl\\\/pracownicy\\\/#website\",\"url\":\"https:\\\/\\\/pans.krosno.pl\\\/pracownicy\\\/\",\"name\":\"Pracownicy PANS w Kro\u015bnie\",\"description\":\"Pracownicy - Pa\u0144stwowa Akademia Nauk Stosowanych\",\"publisher\":{\"@id\":\"https:\\\/\\\/pans.krosno.pl\\\/pracownicy\\\/#organization\"},\"potentialAction\":[{\"@type\":\"SearchAction\",\"target\":{\"@type\":\"EntryPoint\",\"urlTemplate\":\"https:\\\/\\\/pans.krosno.pl\\\/pracownicy\\\/?s={search_term_string}\"},\"query-input\":{\"@type\":\"PropertyValueSpecification\",\"valueRequired\":true,\"valueName\":\"search_term_string\"}}],\"inLanguage\":\"pl-PL\"},{\"@type\":\"Organization\",\"@id\":\"https:\\\/\\\/pans.krosno.pl\\\/pracownicy\\\/#organization\",\"name\":\"Pracownicy PANS w Kro\u015bnie\",\"url\":\"https:\\\/\\\/pans.krosno.pl\\\/pracownicy\\\/\",\"logo\":{\"@type\":\"ImageObject\",\"inLanguage\":\"pl-PL\",\"@id\":\"https:\\\/\\\/pans.krosno.pl\\\/pracownicy\\\/#\\\/schema\\\/logo\\\/image\\\/\",\"url\":\"https:\\\/\\\/pans.krosno.pl\\\/pracownicy\\\/wp-content\\\/uploads\\\/sites\\\/41\\\/2023\\\/01\\\/Logo-PANS-2022-pelne.png\",\"contentUrl\":\"https:\\\/\\\/pans.krosno.pl\\\/pracownicy\\\/wp-content\\\/uploads\\\/sites\\\/41\\\/2023\\\/01\\\/Logo-PANS-2022-pelne.png\",\"width\":3096,\"height\":696,\"caption\":\"Pracownicy PANS w Kro\u015bnie\"},\"image\":{\"@id\":\"https:\\\/\\\/pans.krosno.pl\\\/pracownicy\\\/#\\\/schema\\\/logo\\\/image\\\/\"}}]}<\/script>\n<!-- \/ Yoast SEO Premium plugin. -->","yoast_head_json":{"title":"dr in\u017c. Stanis\u0142aw Rymar - Najwa\u017cniejsze publikacje - Pracownicy PANS w Kro\u015bnie","robots":{"index":"index","follow":"follow","max-snippet":"max-snippet:-1","max-image-preview":"max-image-preview:large","max-video-preview":"max-video-preview:-1"},"canonical":"https:\/\/pans.krosno.pl\/pracownicy\/stanislaw-rymar\/stanislaw-rymar-najwazniejsze-publikacje\/","og_locale":"pl_PL","og_type":"article","og_title":"dr in\u017c. Stanis\u0142aw Rymar - Najwa\u017cniejsze publikacje","og_description":"Pocz\u0105tki dzia\u0142alno\u015bci wydobywczej ropy naftowej na terenach dawnej Galicji \u2013 wp\u0142yw na stan ochrony \u015brodowiska i wsp\u00f3\u0142prace w zakresie dziedzictwa kulturowego [w]: Stosunki gospodarcze Polski i Ukrainy: szanse i wyzwania, red. A. Podraza. KUL, Lublin 2008. Mo\u017cliwo\u015bci wykorzystania w\u00f3d mineralnych dla cel\u00f3w gospodarczych w obr\u0119bie dawnych kopal\u0144 naftowych \u2013 rejon [\u2026] Read More","og_url":"https:\/\/pans.krosno.pl\/pracownicy\/stanislaw-rymar\/stanislaw-rymar-najwazniejsze-publikacje\/","og_site_name":"Pracownicy PANS w Kro\u015bnie","article_modified_time":"2025-05-20T11:26:44+00:00","twitter_card":"summary_large_image","twitter_misc":{"Szacowany czas czytania":"2 minuty"},"schema":{"@context":"https:\/\/schema.org","@graph":[{"@type":"WebPage","@id":"https:\/\/pans.krosno.pl\/pracownicy\/stanislaw-rymar\/stanislaw-rymar-najwazniejsze-publikacje\/","url":"https:\/\/pans.krosno.pl\/pracownicy\/stanislaw-rymar\/stanislaw-rymar-najwazniejsze-publikacje\/","name":"dr in\u017c. Stanis\u0142aw Rymar - Najwa\u017cniejsze publikacje - Pracownicy PANS w Kro\u015bnie","isPartOf":{"@id":"https:\/\/pans.krosno.pl\/pracownicy\/#website"},"datePublished":"2020-04-02T13:21:04+00:00","dateModified":"2025-05-20T11:26:44+00:00","breadcrumb":{"@id":"https:\/\/pans.krosno.pl\/pracownicy\/stanislaw-rymar\/stanislaw-rymar-najwazniejsze-publikacje\/#breadcrumb"},"inLanguage":"pl-PL","potentialAction":[{"@type":"ReadAction","target":["https:\/\/pans.krosno.pl\/pracownicy\/stanislaw-rymar\/stanislaw-rymar-najwazniejsze-publikacje\/"]}]},{"@type":"BreadcrumbList","@id":"https:\/\/pans.krosno.pl\/pracownicy\/stanislaw-rymar\/stanislaw-rymar-najwazniejsze-publikacje\/#breadcrumb","itemListElement":[{"@type":"ListItem","position":1,"name":"Strona g\u0142\u00f3wna","item":"https:\/\/pans.krosno.pl\/pracownicy\/"},{"@type":"ListItem","position":2,"name":"dr in\u017c. Stanis\u0142aw Rymar","item":"https:\/\/pans.krosno.pl\/pracownicy\/stanislaw-rymar\/"},{"@type":"ListItem","position":3,"name":"dr in\u017c. Stanis\u0142aw Rymar &#8211; Najwa\u017cniejsze publikacje"}]},{"@type":"WebSite","@id":"https:\/\/pans.krosno.pl\/pracownicy\/#website","url":"https:\/\/pans.krosno.pl\/pracownicy\/","name":"Pracownicy PANS w Kro\u015bnie","description":"Pracownicy - Pa\u0144stwowa Akademia Nauk Stosowanych","publisher":{"@id":"https:\/\/pans.krosno.pl\/pracownicy\/#organization"},"potentialAction":[{"@type":"SearchAction","target":{"@type":"EntryPoint","urlTemplate":"https:\/\/pans.krosno.pl\/pracownicy\/?s={search_term_string}"},"query-input":{"@type":"PropertyValueSpecification","valueRequired":true,"valueName":"search_term_string"}}],"inLanguage":"pl-PL"},{"@type":"Organization","@id":"https:\/\/pans.krosno.pl\/pracownicy\/#organization","name":"Pracownicy PANS w Kro\u015bnie","url":"https:\/\/pans.krosno.pl\/pracownicy\/","logo":{"@type":"ImageObject","inLanguage":"pl-PL","@id":"https:\/\/pans.krosno.pl\/pracownicy\/#\/schema\/logo\/image\/","url":"https:\/\/pans.krosno.pl\/pracownicy\/wp-content\/uploads\/sites\/41\/2023\/01\/Logo-PANS-2022-pelne.png","contentUrl":"https:\/\/pans.krosno.pl\/pracownicy\/wp-content\/uploads\/sites\/41\/2023\/01\/Logo-PANS-2022-pelne.png","width":3096,"height":696,"caption":"Pracownicy PANS w Kro\u015bnie"},"image":{"@id":"https:\/\/pans.krosno.pl\/pracownicy\/#\/schema\/logo\/image\/"}}]}},"_links":{"self":[{"href":"https:\/\/pans.krosno.pl\/pracownicy\/wp-json\/wp\/v2\/pages\/1303","targetHints":{"allow":["GET"]}}],"collection":[{"href":"https:\/\/pans.krosno.pl\/pracownicy\/wp-json\/wp\/v2\/pages"}],"about":[{"href":"https:\/\/pans.krosno.pl\/pracownicy\/wp-json\/wp\/v2\/types\/page"}],"author":[{"embeddable":true,"href":"https:\/\/pans.krosno.pl\/pracownicy\/wp-json\/wp\/v2\/users\/36"}],"replies":[{"embeddable":true,"href":"https:\/\/pans.krosno.pl\/pracownicy\/wp-json\/wp\/v2\/comments?post=1303"}],"version-history":[{"count":5,"href":"https:\/\/pans.krosno.pl\/pracownicy\/wp-json\/wp\/v2\/pages\/1303\/revisions"}],"predecessor-version":[{"id":10927,"href":"https:\/\/pans.krosno.pl\/pracownicy\/wp-json\/wp\/v2\/pages\/1303\/revisions\/10927"}],"up":[{"embeddable":true,"href":"https:\/\/pans.krosno.pl\/pracownicy\/wp-json\/wp\/v2\/pages\/1292"}],"wp:attachment":[{"href":"https:\/\/pans.krosno.pl\/pracownicy\/wp-json\/wp\/v2\/media?parent=1303"}],"curies":[{"name":"wp","href":"https:\/\/api.w.org\/{rel}","templated":true}]}}