{"id":1298,"date":"2020-04-02T15:18:03","date_gmt":"2020-04-02T13:18:03","guid":{"rendered":"https:\/\/pans.krosno.pl\/pracownicy\/?page_id=1298"},"modified":"2025-05-20T13:26:36","modified_gmt":"2025-05-20T11:26:36","slug":"stanislaw-rymar-zyciorys-naukowy","status":"publish","type":"page","link":"https:\/\/pans.krosno.pl\/pracownicy\/stanislaw-rymar\/stanislaw-rymar-zyciorys-naukowy\/","title":{"rendered":"dr in\u017c. Stanis\u0142aw Rymar &#8211; \u017byciorys naukowy"},"content":{"rendered":"<hr>\n<p><strong>Wykszta\u0142canie:<\/strong><\/p>\n<p>Akademia G\u00f3rniczo-Hutnicza im. Stanis\u0142awa Staszica w Krakowie \u2013 doktorat na Wydziale Wiertnictwa Nafty i Gazu w dyscyplinie Geofizyka Otworowa&nbsp; (1996)<\/p>\n<p>Akademia G\u00f3rniczo-Hutnicza im. Stanis\u0142awa Staszica w Krakowie \u2013studia magisterskie na Wydziale Wiertnictwa Nafty i Gazu (1980)<\/p>\n<p><strong>Szkolenia studyjne i certyfikaty:<\/strong><\/p>\n<ul>\n<li>certyfikat z nauki j\u0119zyka angielskiego w Chicago City Wide College (USA) \u2013 1982<\/li>\n<li>certyfikat szkolenia studyjnego w zakresie szkole\u0144 modu\u0142owych (system MES) \u2013 Granfield University (Anglia) \u2013 1995<\/li>\n<li>certyfikat szkole\u0144 rozwoju S\u0142u\u017cb Spo\u0142ecznych Mi\u0119dzynarodowej Organizacji Pracy ILO&nbsp; Turyn (W\u0142ochy) \u2013 1995<\/li>\n<\/ul>\n<p><strong>Specjalizacje zawodowe \u2013 uprawnienia pa\u0144stwowe:<\/strong><\/p>\n<ul>\n<li>Wy\u017cszy Doz\u00f3r G\u00f3rniczy \u2013 kierownictwo ruchu zak\u0142ad\u00f3w g\u00f3rniczych (OUG Krosno, 1978)<\/li>\n<li>\u015aredni Doz\u00f3r G\u00f3rniczy \u2013 kierownik budowy kopal\u0144 nafty i gazu (OUG Krosno, 1978)<\/li>\n<li>pa\u0144stwowe uprawnienia budowlane w zakresie projektowania i wykonawstwa sieci i urz\u0105dze\u0144 gazowniczych (UW Krosno, 1979)<\/li>\n<li>in\u017cynier g\u00f3rniczy III stopnia (Wsp\u00f3lnota W\u0119gla Kamiennego, Katowice 1978)<\/li>\n<li>in\u017cynier g\u00f3rniczy I stopnia (Minister Gospodarki, Warszawa 1997)<\/li>\n<li>I stopie\u0144 specjalizacji zawodowej in\u017cyniera w kierunku g\u00f3rnictwa nafty, gazu i surowc\u00f3w p\u0142ynnych (Minister Edukacji Narodowej, Warszawa 1991)<\/li>\n<li>II stopie\u0144 specjalizacji zawodowej in\u017cyniera w zakresie zastosowania in\u017cynierii wiertniczej, techniki gazowniczej oraz metod geofizycznych da cel\u00f3w ochrony \u015brodowiska \u2013 dziedzina og\u00f3lnotechniczna (FSNT \u2013 NOT, Warszawa 1998)<\/li>\n<li>certyfikat obs\u0142ugi zestaw\u00f3w georadarowych IDS-RIS ONE oraz analizy oprogramowania w konfiguracji do bada\u0144 geologicznych (SEJS-COM, Krak\u00f3w 2012)<\/li>\n<li>I stopie\u0144 specjalizacji zawodowej nauczycielskiej w zakresie nauczania przedmiot\u00f3w g\u00f3rniczych (Wojew\u00f3dzki O\u015brodek Metodyczny Katowice 1994)<\/li>\n<li>II stopie\u0144 specjalizacji zawodowej nauczycielskiej w zakresie nauczania przedmiot\u00f3w g\u00f3rniczych (Wojew\u00f3dzki O\u015brodek Metodyczny Katowice 1994)<\/li>\n<\/ul>\n<hr>\n<p>&nbsp;<\/p>\n","protected":false},"excerpt":{"rendered":"<p>Wykszta\u0142canie: Akademia G\u00f3rniczo-Hutnicza im. Stanis\u0142awa Staszica w Krakowie \u2013 doktorat na Wydziale Wiertnictwa Nafty i Gazu w dyscyplinie Geofizyka Otworowa&nbsp; (1996) Akademia G\u00f3rniczo-Hutnicza im. Stanis\u0142awa Staszica w Krakowie \u2013studia magisterskie na Wydziale Wiertnictwa Nafty i Gazu (1980) Szkolenia studyjne i certyfikaty: certyfikat z nauki j\u0119zyka angielskiego w Chicago City Wide [\u2026] <\/p>\n<div class=\"clear\"><\/div>\n<p><a class=\"more_link clearfix\" href=\"https:\/\/pans.krosno.pl\/pracownicy\/stanislaw-rymar\/stanislaw-rymar-zyciorys-naukowy\/\" rel=\"nofollow\">Read More<\/a><\/p>\n","protected":false},"author":36,"featured_media":0,"parent":1292,"menu_order":0,"comment_status":"closed","ping_status":"closed","template":"","meta":{"ngg_post_thumbnail":0,"footnotes":""},"class_list":["post-1298","page","type-page","status-publish","hentry"],"yoast_head":"<!-- This site is optimized with the Yoast SEO Premium plugin v27.3 (Yoast SEO v27.3) - https:\/\/yoast.com\/product\/yoast-seo-premium-wordpress\/ -->\n<title>dr in\u017c. Stanis\u0142aw Rymar - \u017byciorys naukowy - Pracownicy PANS w Kro\u015bnie<\/title>\n<meta name=\"robots\" content=\"index, follow, max-snippet:-1, max-image-preview:large, max-video-preview:-1\" \/>\n<link rel=\"canonical\" href=\"https:\/\/pans.krosno.pl\/pracownicy\/stanislaw-rymar\/stanislaw-rymar-zyciorys-naukowy\/\" \/>\n<meta property=\"og:locale\" content=\"pl_PL\" \/>\n<meta property=\"og:type\" content=\"article\" \/>\n<meta property=\"og:title\" content=\"dr in\u017c. Stanis\u0142aw Rymar - \u017byciorys naukowy\" \/>\n<meta property=\"og:description\" content=\"Wykszta\u0142canie: Akademia G\u00f3rniczo-Hutnicza im. Stanis\u0142awa Staszica w Krakowie \u2013 doktorat na Wydziale Wiertnictwa Nafty i Gazu w dyscyplinie Geofizyka Otworowa&nbsp; (1996) Akademia G\u00f3rniczo-Hutnicza im. Stanis\u0142awa Staszica w Krakowie \u2013studia magisterskie na Wydziale Wiertnictwa Nafty i Gazu (1980) Szkolenia studyjne i certyfikaty: certyfikat z nauki j\u0119zyka angielskiego w Chicago City Wide [\u2026] Read More\" \/>\n<meta property=\"og:url\" content=\"https:\/\/pans.krosno.pl\/pracownicy\/stanislaw-rymar\/stanislaw-rymar-zyciorys-naukowy\/\" \/>\n<meta property=\"og:site_name\" content=\"Pracownicy PANS w Kro\u015bnie\" \/>\n<meta property=\"article:modified_time\" content=\"2025-05-20T11:26:36+00:00\" \/>\n<meta name=\"twitter:card\" content=\"summary_large_image\" \/>\n<meta name=\"twitter:label1\" content=\"Szacowany czas czytania\" \/>\n\t<meta name=\"twitter:data1\" content=\"2 minuty\" \/>\n<script type=\"application\/ld+json\" class=\"yoast-schema-graph\">{\"@context\":\"https:\\\/\\\/schema.org\",\"@graph\":[{\"@type\":\"WebPage\",\"@id\":\"https:\\\/\\\/pans.krosno.pl\\\/pracownicy\\\/stanislaw-rymar\\\/stanislaw-rymar-zyciorys-naukowy\\\/\",\"url\":\"https:\\\/\\\/pans.krosno.pl\\\/pracownicy\\\/stanislaw-rymar\\\/stanislaw-rymar-zyciorys-naukowy\\\/\",\"name\":\"dr in\u017c. Stanis\u0142aw Rymar - \u017byciorys naukowy - Pracownicy PANS w Kro\u015bnie\",\"isPartOf\":{\"@id\":\"https:\\\/\\\/pans.krosno.pl\\\/pracownicy\\\/#website\"},\"datePublished\":\"2020-04-02T13:18:03+00:00\",\"dateModified\":\"2025-05-20T11:26:36+00:00\",\"breadcrumb\":{\"@id\":\"https:\\\/\\\/pans.krosno.pl\\\/pracownicy\\\/stanislaw-rymar\\\/stanislaw-rymar-zyciorys-naukowy\\\/#breadcrumb\"},\"inLanguage\":\"pl-PL\",\"potentialAction\":[{\"@type\":\"ReadAction\",\"target\":[\"https:\\\/\\\/pans.krosno.pl\\\/pracownicy\\\/stanislaw-rymar\\\/stanislaw-rymar-zyciorys-naukowy\\\/\"]}]},{\"@type\":\"BreadcrumbList\",\"@id\":\"https:\\\/\\\/pans.krosno.pl\\\/pracownicy\\\/stanislaw-rymar\\\/stanislaw-rymar-zyciorys-naukowy\\\/#breadcrumb\",\"itemListElement\":[{\"@type\":\"ListItem\",\"position\":1,\"name\":\"Strona g\u0142\u00f3wna\",\"item\":\"https:\\\/\\\/pans.krosno.pl\\\/pracownicy\\\/\"},{\"@type\":\"ListItem\",\"position\":2,\"name\":\"dr in\u017c. Stanis\u0142aw Rymar\",\"item\":\"https:\\\/\\\/pans.krosno.pl\\\/pracownicy\\\/stanislaw-rymar\\\/\"},{\"@type\":\"ListItem\",\"position\":3,\"name\":\"dr in\u017c. Stanis\u0142aw Rymar &#8211; \u017byciorys naukowy\"}]},{\"@type\":\"WebSite\",\"@id\":\"https:\\\/\\\/pans.krosno.pl\\\/pracownicy\\\/#website\",\"url\":\"https:\\\/\\\/pans.krosno.pl\\\/pracownicy\\\/\",\"name\":\"Pracownicy PANS w Kro\u015bnie\",\"description\":\"Pracownicy - Pa\u0144stwowa Akademia Nauk Stosowanych\",\"publisher\":{\"@id\":\"https:\\\/\\\/pans.krosno.pl\\\/pracownicy\\\/#organization\"},\"potentialAction\":[{\"@type\":\"SearchAction\",\"target\":{\"@type\":\"EntryPoint\",\"urlTemplate\":\"https:\\\/\\\/pans.krosno.pl\\\/pracownicy\\\/?s={search_term_string}\"},\"query-input\":{\"@type\":\"PropertyValueSpecification\",\"valueRequired\":true,\"valueName\":\"search_term_string\"}}],\"inLanguage\":\"pl-PL\"},{\"@type\":\"Organization\",\"@id\":\"https:\\\/\\\/pans.krosno.pl\\\/pracownicy\\\/#organization\",\"name\":\"Pracownicy PANS w Kro\u015bnie\",\"url\":\"https:\\\/\\\/pans.krosno.pl\\\/pracownicy\\\/\",\"logo\":{\"@type\":\"ImageObject\",\"inLanguage\":\"pl-PL\",\"@id\":\"https:\\\/\\\/pans.krosno.pl\\\/pracownicy\\\/#\\\/schema\\\/logo\\\/image\\\/\",\"url\":\"https:\\\/\\\/pans.krosno.pl\\\/pracownicy\\\/wp-content\\\/uploads\\\/sites\\\/41\\\/2023\\\/01\\\/Logo-PANS-2022-pelne.png\",\"contentUrl\":\"https:\\\/\\\/pans.krosno.pl\\\/pracownicy\\\/wp-content\\\/uploads\\\/sites\\\/41\\\/2023\\\/01\\\/Logo-PANS-2022-pelne.png\",\"width\":3096,\"height\":696,\"caption\":\"Pracownicy PANS w Kro\u015bnie\"},\"image\":{\"@id\":\"https:\\\/\\\/pans.krosno.pl\\\/pracownicy\\\/#\\\/schema\\\/logo\\\/image\\\/\"}}]}<\/script>\n<!-- \/ Yoast SEO Premium plugin. -->","yoast_head_json":{"title":"dr in\u017c. Stanis\u0142aw Rymar - \u017byciorys naukowy - Pracownicy PANS w Kro\u015bnie","robots":{"index":"index","follow":"follow","max-snippet":"max-snippet:-1","max-image-preview":"max-image-preview:large","max-video-preview":"max-video-preview:-1"},"canonical":"https:\/\/pans.krosno.pl\/pracownicy\/stanislaw-rymar\/stanislaw-rymar-zyciorys-naukowy\/","og_locale":"pl_PL","og_type":"article","og_title":"dr in\u017c. Stanis\u0142aw Rymar - \u017byciorys naukowy","og_description":"Wykszta\u0142canie: Akademia G\u00f3rniczo-Hutnicza im. Stanis\u0142awa Staszica w Krakowie \u2013 doktorat na Wydziale Wiertnictwa Nafty i Gazu w dyscyplinie Geofizyka Otworowa&nbsp; (1996) Akademia G\u00f3rniczo-Hutnicza im. Stanis\u0142awa Staszica w Krakowie \u2013studia magisterskie na Wydziale Wiertnictwa Nafty i Gazu (1980) Szkolenia studyjne i certyfikaty: certyfikat z nauki j\u0119zyka angielskiego w Chicago City Wide [\u2026] Read More","og_url":"https:\/\/pans.krosno.pl\/pracownicy\/stanislaw-rymar\/stanislaw-rymar-zyciorys-naukowy\/","og_site_name":"Pracownicy PANS w Kro\u015bnie","article_modified_time":"2025-05-20T11:26:36+00:00","twitter_card":"summary_large_image","twitter_misc":{"Szacowany czas czytania":"2 minuty"},"schema":{"@context":"https:\/\/schema.org","@graph":[{"@type":"WebPage","@id":"https:\/\/pans.krosno.pl\/pracownicy\/stanislaw-rymar\/stanislaw-rymar-zyciorys-naukowy\/","url":"https:\/\/pans.krosno.pl\/pracownicy\/stanislaw-rymar\/stanislaw-rymar-zyciorys-naukowy\/","name":"dr in\u017c. Stanis\u0142aw Rymar - \u017byciorys naukowy - Pracownicy PANS w Kro\u015bnie","isPartOf":{"@id":"https:\/\/pans.krosno.pl\/pracownicy\/#website"},"datePublished":"2020-04-02T13:18:03+00:00","dateModified":"2025-05-20T11:26:36+00:00","breadcrumb":{"@id":"https:\/\/pans.krosno.pl\/pracownicy\/stanislaw-rymar\/stanislaw-rymar-zyciorys-naukowy\/#breadcrumb"},"inLanguage":"pl-PL","potentialAction":[{"@type":"ReadAction","target":["https:\/\/pans.krosno.pl\/pracownicy\/stanislaw-rymar\/stanislaw-rymar-zyciorys-naukowy\/"]}]},{"@type":"BreadcrumbList","@id":"https:\/\/pans.krosno.pl\/pracownicy\/stanislaw-rymar\/stanislaw-rymar-zyciorys-naukowy\/#breadcrumb","itemListElement":[{"@type":"ListItem","position":1,"name":"Strona g\u0142\u00f3wna","item":"https:\/\/pans.krosno.pl\/pracownicy\/"},{"@type":"ListItem","position":2,"name":"dr in\u017c. Stanis\u0142aw Rymar","item":"https:\/\/pans.krosno.pl\/pracownicy\/stanislaw-rymar\/"},{"@type":"ListItem","position":3,"name":"dr in\u017c. Stanis\u0142aw Rymar &#8211; \u017byciorys naukowy"}]},{"@type":"WebSite","@id":"https:\/\/pans.krosno.pl\/pracownicy\/#website","url":"https:\/\/pans.krosno.pl\/pracownicy\/","name":"Pracownicy PANS w Kro\u015bnie","description":"Pracownicy - Pa\u0144stwowa Akademia Nauk Stosowanych","publisher":{"@id":"https:\/\/pans.krosno.pl\/pracownicy\/#organization"},"potentialAction":[{"@type":"SearchAction","target":{"@type":"EntryPoint","urlTemplate":"https:\/\/pans.krosno.pl\/pracownicy\/?s={search_term_string}"},"query-input":{"@type":"PropertyValueSpecification","valueRequired":true,"valueName":"search_term_string"}}],"inLanguage":"pl-PL"},{"@type":"Organization","@id":"https:\/\/pans.krosno.pl\/pracownicy\/#organization","name":"Pracownicy PANS w Kro\u015bnie","url":"https:\/\/pans.krosno.pl\/pracownicy\/","logo":{"@type":"ImageObject","inLanguage":"pl-PL","@id":"https:\/\/pans.krosno.pl\/pracownicy\/#\/schema\/logo\/image\/","url":"https:\/\/pans.krosno.pl\/pracownicy\/wp-content\/uploads\/sites\/41\/2023\/01\/Logo-PANS-2022-pelne.png","contentUrl":"https:\/\/pans.krosno.pl\/pracownicy\/wp-content\/uploads\/sites\/41\/2023\/01\/Logo-PANS-2022-pelne.png","width":3096,"height":696,"caption":"Pracownicy PANS w Kro\u015bnie"},"image":{"@id":"https:\/\/pans.krosno.pl\/pracownicy\/#\/schema\/logo\/image\/"}}]}},"_links":{"self":[{"href":"https:\/\/pans.krosno.pl\/pracownicy\/wp-json\/wp\/v2\/pages\/1298","targetHints":{"allow":["GET"]}}],"collection":[{"href":"https:\/\/pans.krosno.pl\/pracownicy\/wp-json\/wp\/v2\/pages"}],"about":[{"href":"https:\/\/pans.krosno.pl\/pracownicy\/wp-json\/wp\/v2\/types\/page"}],"author":[{"embeddable":true,"href":"https:\/\/pans.krosno.pl\/pracownicy\/wp-json\/wp\/v2\/users\/36"}],"replies":[{"embeddable":true,"href":"https:\/\/pans.krosno.pl\/pracownicy\/wp-json\/wp\/v2\/comments?post=1298"}],"version-history":[{"count":10,"href":"https:\/\/pans.krosno.pl\/pracownicy\/wp-json\/wp\/v2\/pages\/1298\/revisions"}],"predecessor-version":[{"id":10925,"href":"https:\/\/pans.krosno.pl\/pracownicy\/wp-json\/wp\/v2\/pages\/1298\/revisions\/10925"}],"up":[{"embeddable":true,"href":"https:\/\/pans.krosno.pl\/pracownicy\/wp-json\/wp\/v2\/pages\/1292"}],"wp:attachment":[{"href":"https:\/\/pans.krosno.pl\/pracownicy\/wp-json\/wp\/v2\/media?parent=1298"}],"curies":[{"name":"wp","href":"https:\/\/api.w.org\/{rel}","templated":true}]}}